{"id":4573,"date":"2021-03-09T01:34:38","date_gmt":"2021-03-08T23:34:38","guid":{"rendered":"https:\/\/sachviet.eu\/shop\/may-moc-that-don-gian-nao-cung-truot-mat-phang-nghieng\/"},"modified":"2021-03-23T01:12:33","modified_gmt":"2021-03-22T23:12:33","slug":"may-moc-that-don-gian-nao-cung-truot-mat-phang-nghieng","status":"publish","type":"product","link":"https:\/\/sachviet.eu\/en\/shop\/may-moc-that-don-gian-nao-cung-truot-mat-phang-nghieng\/","title":{"rendered":"M\u00e1y M\u00f3c Th\u1eadt \u0110\u01a1n Gi\u1ea3n &#8211; N\u00e0o C\u00f9ng Tr\u01b0\u1ee3t M\u1eb7t Ph\u1eb3ng Nghi\u00eang"},"content":{"rendered":"<p>C\u00f9ng v\u1edbi hai b\u1ea1n r\u00f4 b\u1ed1t th\u00f4ng minh v\u00e0 s\u00e1ng t\u1ea1o &#8211; R\u00f4 B\u00f4 v\u00e0 R\u00f4 Bi &#8211; c\u00e1c b\u1ea1n nh\u1ecf s\u1ebd \u0111\u01b0\u1ee3c d\u1eabn d\u1eaft v\u00e0o th\u1ebf gi\u1edbi c\u1ee7a 6 lo\u1ea1i m\u00e1y \u0111\u01a1n gi\u1ea3n nh\u1ea5t: r\u00f2ng r\u1ecdc, \u0111\u00f2n b\u1ea9y, n\u00eam, b\u00e1nh xe v\u00e0 tr\u1ee5c, m\u1eb7t ph\u1eb3ng nghi\u00eang, \u0111inh v\u00edt.<\/p>\n<p>K\u1ebft c\u1ea5u v\u00e0 nguy\u00ean l\u00fd ho\u1ea1t \u0111\u1ed9ng c\u1ee7a t\u1eebng lo\u1ea1i m\u00e1y \u0111\u01b0\u1ee3c tr\u00ecnh b\u00e0y m\u1ed9t c\u00e1ch gi\u1ea3n d\u1ecb nh\u1ea5t, \u0111\u01a1n gi\u1ea3n v\u00e0 d\u1ec5 hi\u1ec3u nh\u1ea5t, c\u00f9ng v\u1edbi nh\u1eefng v\u00ed d\u1ee5 \u1ee9ng d\u1ee5ng c\u1ee7a c\u00e1c lo\u1ea1i m\u00e1y n\u00e0y s\u1ebd cho c\u00e1c b\u1ea1n nh\u1ecf th\u1ea5y r\u1eb1ng: M\u00e1y m\u00f3c th\u1eadt \u0111\u01a1n gi\u1ea3n.<\/p>\n<p>M\u1ed9t th\u1ebf gi\u1edbi th\u00fa v\u1ecb, ch\u1ee9a \u0111\u1ef1ng nh\u1eefng c\u00e2u chuy\u1ec7n k\u1ec3 h\u1ea5p d\u1eabn \u0111\u01b0\u1ee3c tr\u00ecnh b\u00e0y b\u1eb1ng gi\u1ecdng v\u0103n d\u00ed d\u1ecfm, h\u00ecnh \u1ea3nh minh h\u1ecda \u1ea5n t\u01b0\u1ee3ng ch\u1eafc ch\u1eafn s\u1ebd k\u00edch th\u00edch s\u1ef1 say m\u00ea t\u00ecm t\u00f2i, s\u00e1ng t\u1ea1o c\u1ee7a nh\u1eefng nh\u00e0 khoa h\u1ecdc t\u01b0\u01a1ng lai.<\/p>\n","protected":false},"excerpt":{"rendered":"<p>C\u00f9ng v\u1edbi hai b\u1ea1n r\u00f4 b\u1ed1t th\u00f4ng minh v\u00e0 s\u00e1ng t\u1ea1o &#8211; R\u00f4 B\u00f4 v\u00e0 R\u00f4 Bi &#8211; c\u00e1c b\u1ea1n nh\u1ecf s\u1ebd \u0111\u01b0\u1ee3c d\u1eabn d\u1eaft v\u00e0o th\u1ebf gi\u1edbi c\u1ee7a 6 lo\u1ea1i m\u00e1y \u0111\u01a1n gi\u1ea3n nh\u1ea5t: r\u00f2ng r\u1ecdc, \u0111\u00f2n b\u1ea9y, n\u00eam, b\u00e1nh xe v\u00e0 tr\u1ee5c, m\u1eb7t ph\u1eb3ng nghi\u00eang, \u0111inh v\u00edt.<\/p>\n<p>K\u1ebft c\u1ea5u v\u00e0 nguy\u00ean l\u00fd ho\u1ea1t \u0111\u1ed9ng c\u1ee7a t\u1eebng lo\u1ea1i m\u00e1y \u0111\u01b0\u1ee3c tr\u00ecnh b\u00e0y m\u1ed9t c\u00e1ch gi\u1ea3n d\u1ecb nh\u1ea5t, \u0111\u01a1n gi\u1ea3n v\u00e0 d\u1ec5 hi\u1ec3u nh\u1ea5t, c\u00f9ng v\u1edbi nh\u1eefng v\u00ed d\u1ee5 \u1ee9ng d\u1ee5ng c\u1ee7a c\u00e1c lo\u1ea1i m\u00e1y n\u00e0y s\u1ebd cho c\u00e1c b\u1ea1n nh\u1ecf th\u1ea5y r\u1eb1ng: M\u00e1y m\u00f3c th\u1eadt \u0111\u01a1n gi\u1ea3n.<\/p>\n<p>M\u1ed9t th\u1ebf gi\u1edbi th\u00fa v\u1ecb, ch\u1ee9a \u0111\u1ef1ng nh\u1eefng c\u00e2u chuy\u1ec7n k\u1ec3 h\u1ea5p d\u1eabn \u0111\u01b0\u1ee3c tr\u00ecnh b\u00e0y b\u1eb1ng gi\u1ecdng v\u0103n d\u00ed d\u1ecfm, h\u00ecnh \u1ea3nh minh h\u1ecda \u1ea5n t\u01b0\u1ee3ng ch\u1eafc ch\u1eafn s\u1ebd k\u00edch th\u00edch s\u1ef1 say m\u00ea t\u00ecm t\u00f2i, s\u00e1ng t\u1ea1o c\u1ee7a nh\u1eefng nh\u00e0 khoa h\u1ecdc t\u01b0\u01a1ng lai.<\/p>\n","protected":false},"featured_media":4572,"template":"","meta":{"_acf_changed":false},"product_brand":[],"product_cat":[24,25,17,26],"product_tag":[],"class_list":{"0":"post-4573","1":"product","2":"type-product","3":"status-publish","4":"has-post-thumbnail","6":"product_cat-nha-tre-mau-giao-0-tuoi-6-tuoi","7":"product_cat-nhi-dong-6-tuoi-12-tuoi","8":"product_cat-sach-danh-cho-cac-be","9":"product_cat-thieu-nien-11-tuoi-18-tuoi","11":"first","12":"outofstock","13":"taxable","14":"shipping-taxable","15":"purchasable","16":"product-type-simple"},"supplier_id":null,"supplier_sku":"","barcode":null,"atum_controlled":true,"out_stock_date":"2021-03-08 23:34:38","out_stock_threshold":null,"inheritable":false,"inbound_stock":0,"stock_on_hold":0,"sold_today":0,"sales_last_days":0,"reserved_stock":0,"customer_returns":0,"warehouse_damage":0,"lost_in_post":0,"other_logs":0,"out_stock_days":1786,"lost_sales":0,"has_location":false,"update_date":"2026-01-28T23:10:34","atum_locations":[],"atum_stock_status":"outofstock","restock_status":false,"low_stock_amount":"","sales_update_date":"2026-01-28T23:10:34","calc_backorders":null,"acf":{"publisher":{"ID":1517,"post_author":"1","post_date":"2021-02-17 01:14:41","post_date_gmt":"2021-02-16 23:14:41","post_content":"","post_title":"NXB Tr\u1ebb","post_excerpt":"","post_status":"publish","comment_status":"closed","ping_status":"closed","post_password":"","post_name":"nxb-tre","to_ping":"","pinged":"","post_modified":"2021-02-17 01:14:41","post_modified_gmt":"2021-02-16 23:14:41","post_content_filtered":"","post_parent":0,"guid":"https:\/\/sachviet.eu\/nha-phat-hanh\/nxb-tre\/","menu_order":0,"post_type":"publisher","post_mime_type":"","comment_count":"0","filter":"raw"}},"_links":{"self":[{"href":"https:\/\/sachviet.eu\/en\/wp-json\/wp\/v2\/product\/4573","targetHints":{"allow":["GET"]}}],"collection":[{"href":"https:\/\/sachviet.eu\/en\/wp-json\/wp\/v2\/product"}],"about":[{"href":"https:\/\/sachviet.eu\/en\/wp-json\/wp\/v2\/types\/product"}],"wp:featuredmedia":[{"embeddable":true,"href":"https:\/\/sachviet.eu\/en\/wp-json\/wp\/v2\/media\/4572"}],"wp:attachment":[{"href":"https:\/\/sachviet.eu\/en\/wp-json\/wp\/v2\/media?parent=4573"}],"wp:term":[{"taxonomy":"product_brand","embeddable":true,"href":"https:\/\/sachviet.eu\/en\/wp-json\/wp\/v2\/product_brand?post=4573"},{"taxonomy":"product_cat","embeddable":true,"href":"https:\/\/sachviet.eu\/en\/wp-json\/wp\/v2\/product_cat?post=4573"},{"taxonomy":"product_tag","embeddable":true,"href":"https:\/\/sachviet.eu\/en\/wp-json\/wp\/v2\/product_tag?post=4573"}],"curies":[{"name":"wp","href":"https:\/\/api.w.org\/{rel}","templated":true}]}}