{"id":4565,"date":"2021-03-09T01:34:19","date_gmt":"2021-03-08T23:34:19","guid":{"rendered":"https:\/\/sachviet.eu\/shop\/mat-biec\/"},"modified":"2021-07-17T12:03:44","modified_gmt":"2021-07-17T09:03:44","slug":"mat-biec","status":"publish","type":"product","link":"https:\/\/sachviet.eu\/en\/shop\/mat-biec\/","title":{"rendered":"M\u1eaft Bi\u1ebfc"},"content":{"rendered":"<p>M\u1eaft bi\u1ebfc l\u00e0 m\u1ed9t t\u00e1c ph\u1ea9m \u0111\u01b0\u1ee3c nhi\u1ec1u ng\u01b0\u1eddi b\u00ecnh ch\u1ecdn l\u00e0 hay nh\u1ea5t c\u1ee7a nh\u00e0 v\u0103n Nguy\u1ec5n Nh\u1eadt \u00c1nh. T\u00e1c ph\u1ea9m n\u00e0y c\u0169ng \u0111\u00e3 \u0111\u01b0\u1ee3c d\u1ecbch gi\u1ea3 Kato Sakae d\u1ecbch sang ti\u1ebfng Nh\u1eadt \u0111\u1ec3 gi\u1edbi thi\u1ec7u v\u1edbi \u0111\u1ed9c gi\u1ea3 Nh\u1eadt B\u1ea3n.<\/p>\n<p>\u201cT\u00f4i g\u1eedi t\u00ecnh y\u00eau cho m\u00f9a h\u00e8, nh\u01b0ng m\u00f9a h\u00e8 kh\u00f4ng gi\u1eef n\u1ed5i. M\u00f9a h\u00e8 ch\u1ec9 bi\u1ebft ra hoa, ph\u01b0\u1ee3ng \u0111\u1ecf s\u00e2n tr\u01b0\u1eddng v\u00e0 ti\u1ebfng ve n\u1ec9 non trong l\u00e1. M\u00f9a h\u00e8 ng\u00e2y ng\u00f4, gi\u1ed1ng nh\u01b0 t\u00f4i v\u1eady. N\u00f3 ch\u1eb3ng l\u00e0m \u0111\u01b0\u1ee3c nh\u1eefng \u0111i\u1ec1u t\u00f4i k\u00fd th\u00e1c. N\u00f3 \u0111\u1ec3 H\u00e0 Lan \u0111\u1ed1t t\u00f4i, \u0111\u1ed1t r\u1ee5i. Tr\u00e1i tim t\u00f4i ch\u00e1y th\u00e0nh tro, r\u01a1i v\u00e3i tr\u00ean \u0111\u01b0\u1eddng v\u1ec1.\u201d<\/p>\n<p>\u2026 B\u1edfi s\u1ef1 trong s\u00e1ng c\u1ee7a m\u1ed9t t\u00ecnh c\u1ea3m, b\u1edfi c\u00e1i k\u1ebft th\u00fac bu\u1ed3n, r\u1ea5t bu\u1ed3n khi xuy\u00ean su\u1ed1t c\u00e2u chuy\u1ec7n v\u1eabn l\u00e0 nh\u1eefng \u0111i\u1ec1u vui, bu\u1ed3n l\u1eabn l\u1ed9n\u2026 <\/p>\n","protected":false},"excerpt":{"rendered":"<p>M\u1eaft bi\u1ebfc l\u00e0 m\u1ed9t t\u00e1c ph\u1ea9m \u0111\u01b0\u1ee3c nhi\u1ec1u ng\u01b0\u1eddi b\u00ecnh ch\u1ecdn l\u00e0 hay nh\u1ea5t c\u1ee7a nh\u00e0 v\u0103n Nguy\u1ec5n Nh\u1eadt \u00c1nh. T\u00e1c ph\u1ea9m n\u00e0y c\u0169ng \u0111\u00e3 \u0111\u01b0\u1ee3c d\u1ecbch gi\u1ea3 Kato Sakae d\u1ecbch sang ti\u1ebfng Nh\u1eadt \u0111\u1ec3 gi\u1edbi thi\u1ec7u v\u1edbi \u0111\u1ed9c gi\u1ea3 Nh\u1eadt B\u1ea3n.<\/p>\n<p>\u201cT\u00f4i g\u1eedi t\u00ecnh y\u00eau cho m\u00f9a h\u00e8, nh\u01b0ng m\u00f9a h\u00e8 kh\u00f4ng gi\u1eef n\u1ed5i. M\u00f9a h\u00e8 ch\u1ec9 bi\u1ebft ra hoa, ph\u01b0\u1ee3ng \u0111\u1ecf s\u00e2n tr\u01b0\u1eddng v\u00e0 ti\u1ebfng ve n\u1ec9 non trong l\u00e1. M\u00f9a h\u00e8 ng\u00e2y ng\u00f4, gi\u1ed1ng nh\u01b0 t\u00f4i v\u1eady. N\u00f3 ch\u1eb3ng l\u00e0m \u0111\u01b0\u1ee3c nh\u1eefng \u0111i\u1ec1u t\u00f4i k\u00fd th\u00e1c. N\u00f3 \u0111\u1ec3 H\u00e0 Lan \u0111\u1ed1t t\u00f4i, \u0111\u1ed1t r\u1ee5i. Tr\u00e1i tim t\u00f4i ch\u00e1y th\u00e0nh tro, r\u01a1i v\u00e3i tr\u00ean \u0111\u01b0\u1eddng v\u1ec1.\u201d<\/p>\n<p>\u2026 B\u1edfi s\u1ef1 trong s\u00e1ng c\u1ee7a m\u1ed9t t\u00ecnh c\u1ea3m, b\u1edfi c\u00e1i k\u1ebft th\u00fac bu\u1ed3n, r\u1ea5t bu\u1ed3n khi xuy\u00ean su\u1ed1t c\u00e2u chuy\u1ec7n v\u1eabn l\u00e0 nh\u1eefng \u0111i\u1ec1u vui, bu\u1ed3n l\u1eabn l\u1ed9n\u2026<\/p>\n","protected":false},"featured_media":4554,"template":"","meta":{"_acf_changed":false},"product_brand":[],"product_cat":[15,45],"product_tag":[],"class_list":{"0":"post-4565","1":"product","2":"type-product","3":"status-publish","4":"has-post-thumbnail","6":"product_cat-sach-danh-cho-nguoi-lon","7":"product_cat-tieu-thuyet","9":"first","10":"outofstock","11":"taxable","12":"shipping-taxable","13":"purchasable","14":"product-type-simple"},"supplier_id":null,"supplier_sku":"","barcode":null,"atum_controlled":true,"out_stock_date":"2021-07-17 09:03:44","out_stock_threshold":null,"inheritable":false,"inbound_stock":0,"stock_on_hold":0,"sold_today":0,"sales_last_days":0,"reserved_stock":0,"customer_returns":0,"warehouse_damage":0,"lost_in_post":0,"other_logs":0,"out_stock_days":1656,"lost_sales":0,"has_location":false,"update_date":"2026-01-28T23:10:34","atum_locations":[],"atum_stock_status":"outofstock","restock_status":false,"low_stock_amount":"","sales_update_date":"2026-01-28T23:10:34","calc_backorders":null,"acf":{"publisher":{"ID":1517,"post_author":"1","post_date":"2021-02-17 01:14:41","post_date_gmt":"2021-02-16 23:14:41","post_content":"","post_title":"NXB Tr\u1ebb","post_excerpt":"","post_status":"publish","comment_status":"closed","ping_status":"closed","post_password":"","post_name":"nxb-tre","to_ping":"","pinged":"","post_modified":"2021-02-17 01:14:41","post_modified_gmt":"2021-02-16 23:14:41","post_content_filtered":"","post_parent":0,"guid":"https:\/\/sachviet.eu\/nha-phat-hanh\/nxb-tre\/","menu_order":0,"post_type":"publisher","post_mime_type":"","comment_count":"0","filter":"raw"}},"_links":{"self":[{"href":"https:\/\/sachviet.eu\/en\/wp-json\/wp\/v2\/product\/4565","targetHints":{"allow":["GET"]}}],"collection":[{"href":"https:\/\/sachviet.eu\/en\/wp-json\/wp\/v2\/product"}],"about":[{"href":"https:\/\/sachviet.eu\/en\/wp-json\/wp\/v2\/types\/product"}],"wp:featuredmedia":[{"embeddable":true,"href":"https:\/\/sachviet.eu\/en\/wp-json\/wp\/v2\/media\/4554"}],"wp:attachment":[{"href":"https:\/\/sachviet.eu\/en\/wp-json\/wp\/v2\/media?parent=4565"}],"wp:term":[{"taxonomy":"product_brand","embeddable":true,"href":"https:\/\/sachviet.eu\/en\/wp-json\/wp\/v2\/product_brand?post=4565"},{"taxonomy":"product_cat","embeddable":true,"href":"https:\/\/sachviet.eu\/en\/wp-json\/wp\/v2\/product_cat?post=4565"},{"taxonomy":"product_tag","embeddable":true,"href":"https:\/\/sachviet.eu\/en\/wp-json\/wp\/v2\/product_tag?post=4565"}],"curies":[{"name":"wp","href":"https:\/\/api.w.org\/{rel}","templated":true}]}}