{"id":4553,"date":"2021-03-09T01:33:36","date_gmt":"2021-03-08T23:33:36","guid":{"rendered":"https:\/\/sachviet.eu\/shop\/mai-mai-mot-thoi-thieu-sinh-quan\/"},"modified":"2021-05-18T00:27:57","modified_gmt":"2021-05-17T21:27:57","slug":"mai-mai-mot-thoi-thieu-sinh-quan","status":"publish","type":"product","link":"https:\/\/sachviet.eu\/en\/shop\/mai-mai-mot-thoi-thieu-sinh-quan\/","title":{"rendered":"M\u00e3i M\u00e3i M\u1ed9t Th\u1eddi Thi\u1ebfu Sinh Qu\u00e2n"},"content":{"rendered":"<p>T\u00e1i hi\u1ec7n l\u1ea1i c\u1ea3nh quan, kh\u00f4ng kh\u00ed, t\u00e2m th\u1ebf, tinh th\u1ea7n v\u00e0 c\u1ea3m x\u00fac v\u1ec1 m\u1ed9t th\u1eddi h\u00e0o h\u00f9ng, ch\u00e2n dung th\u1ebf h\u1ec7 \u201cm\u0103ng non c\u00e1ch m\u1ea1ng\u201d c\u1ee7a giai \u0111o\u1ea1n l\u1ecbch s\u1eed \u0111\u1eb7c bi\u1ec7t &#8211; kh\u00e1ng chi\u1ebfn ch\u1ed1ng th\u1ef1c d\u00e2n Ph\u00e1p &#8211; \u0111\u01b0\u1ee3c kh\u1eafc h\u1ecda sinh \u0111\u1ed9ng v\u00e0 r\u00f5 n\u00e9t. Nh\u1eefng thi\u1ebfu ni\u00ean d\u0169ng c\u1ea3m, trong s\u00e1ng, h\u1ed3n h\u1eadu c\u00f9ng t\u00ecnh y\u00eau th\u01b0\u01a1ng ch\u00e2n th\u00e0nh \u0111\u00e3 g\u1eafn k\u1ebft h\u1ecd l\u1ea1i b\u00ean nhau trong cu\u1ed9c s\u1ed1ng, lao \u0111\u1ed9ng v\u00e0 h\u1ecdc t\u1eadp d\u01b0\u1edbi m\u00e1i tr\u01b0\u1eddng c\u1ee7a nh\u1eefng \u201cchi\u1ebfn s\u0129 nh\u1ecf\u201d &#8211; Thi\u1ebfu sinh qu\u00e2n Vi\u1ec7t Nam. S\u1ed1 ph\u1eadn v\u00e0 t\u00ednh c\u00e1ch kh\u00e1c nhau, nh\u01b0ng nh\u1eefng b\u1ed9 ba t\u01b0\u1edbng &#8211; s\u0129 &#8211; t\u01b0\u1ee3ng: Thi\u1ebft \u0111en, Kim Di\u1ec3u, L\u1ee5c h\u1ea1t m\u00edt ngh\u1ecbch ng\u1ee3m; nh\u1eefng S\u00e1ng &#8211; c\u1eadu b\u00e9 T\u00e2y lai &#8211; c\u00f9ng ch\u00fa ch\u00f3 Jack ng\u1ed9 ngh\u0129nh; v\u00e0 nh\u1eefng \u0110oan, To\u00e0n, Kh\u00e1nh, Huy Anh, H\u00e0o, Ph\u00ecn\u2026 v\u00e0 \u01b0\u1edbc nguy\u1ec7n th\u01a1 tr\u1ebb mong \u0111\u01b0\u1ee3c c\u1ed1ng hi\u1ebfn cho \u0111\u1ea5t n\u01b0\u1edbc c\u1ee7a h\u1ecd v\u1eabn m\u00e3i xanh t\u01b0\u01a1i\u2026<\/p>\n<p>M\u1ed8T TH\u1edcI TRAI TR\u1eba THI\u1ebeU SINH QU\u00c2N &#8211; CU\u1ed0N K\u00cd S\u1ef0 TI\u1ec2U THUY\u1ebeT M\u1edaI NH\u1ea4T &#8211; NH\u1eeeNG TRANG VI\u1ebeT X\u00daC C\u1ea2M S\u00c2U N\u1eb6NG G\u1eecI T\u1eb6NG B\u1ea0N B\u00c8 V\u00c0 TU\u1ed4I TH\u01a0 C\u1ee6A NH\u00c0 V\u0102N MA V\u0102N KH\u00c1NG.<\/p>\n","protected":false},"excerpt":{"rendered":"<p>T\u00e1i hi\u1ec7n l\u1ea1i c\u1ea3nh quan, kh\u00f4ng kh\u00ed, t\u00e2m th\u1ebf, tinh th\u1ea7n v\u00e0 c\u1ea3m x\u00fac v\u1ec1 m\u1ed9t th\u1eddi h\u00e0o h\u00f9ng, ch\u00e2n dung th\u1ebf h\u1ec7 \u201cm\u0103ng non c\u00e1ch m\u1ea1ng\u201d c\u1ee7a giai \u0111o\u1ea1n l\u1ecbch s\u1eed \u0111\u1eb7c bi\u1ec7t &#8211; kh\u00e1ng chi\u1ebfn ch\u1ed1ng th\u1ef1c d\u00e2n Ph\u00e1p &#8211; \u0111\u01b0\u1ee3c kh\u1eafc h\u1ecda sinh \u0111\u1ed9ng v\u00e0 r\u00f5 n\u00e9t. Nh\u1eefng thi\u1ebfu ni\u00ean d\u0169ng c\u1ea3m, trong s\u00e1ng, h\u1ed3n h\u1eadu c\u00f9ng t\u00ecnh y\u00eau th\u01b0\u01a1ng ch\u00e2n th\u00e0nh \u0111\u00e3 g\u1eafn k\u1ebft h\u1ecd l\u1ea1i b\u00ean nhau trong cu\u1ed9c s\u1ed1ng, lao \u0111\u1ed9ng v\u00e0 h\u1ecdc t\u1eadp d\u01b0\u1edbi m\u00e1i tr\u01b0\u1eddng c\u1ee7a nh\u1eefng \u201cchi\u1ebfn s\u0129 nh\u1ecf\u201d &#8211; Thi\u1ebfu sinh qu\u00e2n Vi\u1ec7t Nam. S\u1ed1 ph\u1eadn v\u00e0 t\u00ednh c\u00e1ch kh\u00e1c nhau, nh\u01b0ng nh\u1eefng b\u1ed9 ba t\u01b0\u1edbng &#8211; s\u0129 &#8211; t\u01b0\u1ee3ng: Thi\u1ebft \u0111en, Kim Di\u1ec3u, L\u1ee5c h\u1ea1t m\u00edt ngh\u1ecbch ng\u1ee3m; nh\u1eefng S\u00e1ng &#8211; c\u1eadu b\u00e9 T\u00e2y lai &#8211; c\u00f9ng ch\u00fa ch\u00f3 Jack ng\u1ed9 ngh\u0129nh; v\u00e0 nh\u1eefng \u0110oan, To\u00e0n, Kh\u00e1nh, Huy Anh, H\u00e0o, Ph\u00ecn\u2026 v\u00e0 \u01b0\u1edbc nguy\u1ec7n th\u01a1 tr\u1ebb mong \u0111\u01b0\u1ee3c c\u1ed1ng hi\u1ebfn cho \u0111\u1ea5t n\u01b0\u1edbc c\u1ee7a h\u1ecd v\u1eabn m\u00e3i xanh t\u01b0\u01a1i\u2026<\/p>\n","protected":false},"featured_media":4552,"template":"","meta":{"_acf_changed":false},"product_brand":[],"product_cat":[15,45],"product_tag":[],"class_list":{"0":"post-4553","1":"product","2":"type-product","3":"status-publish","4":"has-post-thumbnail","6":"product_cat-sach-danh-cho-nguoi-lon","7":"product_cat-tieu-thuyet","9":"first","10":"outofstock","11":"taxable","12":"shipping-taxable","13":"purchasable","14":"product-type-simple"},"supplier_id":null,"supplier_sku":"","barcode":null,"atum_controlled":true,"out_stock_date":"2021-03-08 23:33:36","out_stock_threshold":null,"inheritable":false,"inbound_stock":0,"stock_on_hold":0,"sold_today":0,"sales_last_days":0,"reserved_stock":0,"customer_returns":0,"warehouse_damage":0,"lost_in_post":0,"other_logs":0,"out_stock_days":1786,"lost_sales":0,"has_location":false,"update_date":"2026-01-28T23:10:34","atum_locations":[],"atum_stock_status":"outofstock","restock_status":false,"low_stock_amount":"","sales_update_date":"2026-01-28T23:10:34","calc_backorders":null,"acf":{"publisher":{"ID":1454,"post_author":"1","post_date":"2021-02-17 01:11:34","post_date_gmt":"2021-02-16 23:11:34","post_content":"<!-- wp:flatsome\/uxbuilder -->\n<h1 style=\"text-align: center;\"><strong>Kim \u0110\u1ed3ng<\/strong><\/h1>\n[row]\n\n[col span=\"3\" span__sm=\"12\"]\n\n[ux_image id=\"1534\" image_size=\"medium\"]\n\n\n[\/col]\n[col span=\"9\" span__sm=\"12\"]\n\n<p>Nh\u00e0 xu\u1ea5t b\u1ea3n Kim \u0110\u1ed3ng tr\u1ef1c thu\u1ed9c Trung \u01b0\u01a1ng \u0110o\u00e0n TNCS H\u1ed3 Ch\u00ed Minh l\u00e0 Nh\u00e0 xu\u1ea5t b\u1ea3n t\u1ed5ng h\u1ee3p c\u00f3 ch\u1ee9c n\u0103ng xu\u1ea5t b\u1ea3n s\u00e1ch v\u00e0 v\u0103n h\u00f3a ph\u1ea9m ph\u1ee5c v\u1ee5 thi\u1ebfu nhi v\u00e0 c\u00e1c b\u1eadc ph\u1ee5 huynh trong c\u1ea3 n\u01b0\u1edbc, qu\u1ea3ng b\u00e1 v\u00e0 gi\u1edbi thi\u1ec7u v\u0103n h\u00f3a Vi\u1ec7t Nam ra th\u1ebf gi\u1edbi.<br \/>Nh\u00e0 xu\u1ea5t b\u1ea3n c\u00f3 nhi\u1ec7m v\u1ee5 t\u1ed5 ch\u1ee9c b\u1ea3n th\u1ea3o, bi\u00ean so\u1ea1n, bi\u00ean d\u1ecbch, xu\u1ea5t b\u1ea3n v\u00e0 ph\u00e1t h\u00e0nh c\u00e1c xu\u1ea5t b\u1ea3n ph\u1ea9m c\u00f3 n\u1ed9i dung: gi\u00e1o d\u1ee5c truy\u1ec1n th\u1ed1ng d\u00e2n t\u1ed9c, gi\u00e1o d\u1ee5c v\u1ec1 tri th\u1ee9c, ki\u1ebfn th\u1ee9c\u2026 tr\u00ean c\u00e1c l\u0129nh v\u1ef1c v\u0103n h\u1ecdc, ngh\u1ec7 thu\u1eadt, khoa h\u1ecdc k\u1ef9 thu\u1eadt nh\u1eb1m cung c\u1ea5p cho c\u00e1c em thi\u1ebfu nhi c\u0169ng nh\u01b0 c\u00e1c b\u1eadc ph\u1ee5 huynh c\u00e1c ki\u1ebfn th\u1ee9c c\u1ea7n thi\u1ebft trong cu\u1ed9c s\u1ed1ng, nh\u1eefng tinh hoa c\u1ee7a tri th\u1ee9c nh\u00e2n lo\u1ea1i nh\u1eb1m g\u00f3p ph\u1ea7n gi\u00e1o d\u1ee5c v\u00e0 h\u00ecnh th\u00e0nh nh\u00e2n c\u00e1ch th\u1ebf h\u1ec7 tr\u1ebb.<br \/>\u0110\u1ed1i t\u01b0\u1ee3ng ph\u1ee5c v\u1ee5 c\u1ee7a Nh\u00e0 xu\u1ea5t b\u1ea3n l\u00e0 c\u00e1c em t\u1eeb tu\u1ed5i nh\u00e0 tr\u1ebb m\u1eabu gi\u00e1o (1 \u0111\u1ebfn 5 tu\u1ed5i), nhi \u0111\u1ed3ng (6 \u0111\u1ebfn 9 tu\u1ed5i), thi\u1ebfu ni\u00ean (10 \u0111\u1ebfn 15 tu\u1ed5i) \u0111\u1ebfn c\u00e1c em tu\u1ed5i m\u1edbi l\u1edbn (16 \u0111\u1ebfn 18 tu\u1ed5i) v\u00e0 c\u00e1c b\u1eadc ph\u1ee5 huynh.<\/p>\n\n[\/col]\n\n[\/row]\n\n<!-- \/wp:flatsome\/uxbuilder -->","post_title":"Kim \u0110\u1ed3ng","post_excerpt":"","post_status":"publish","comment_status":"closed","ping_status":"closed","post_password":"","post_name":"kim-dong","to_ping":"","pinged":"","post_modified":"2021-02-17 01:31:56","post_modified_gmt":"2021-02-16 23:31:56","post_content_filtered":"","post_parent":0,"guid":"https:\/\/sachviet.eu\/nha-phat-hanh\/kim-dong\/","menu_order":0,"post_type":"publisher","post_mime_type":"","comment_count":"0","filter":"raw"}},"_links":{"self":[{"href":"https:\/\/sachviet.eu\/en\/wp-json\/wp\/v2\/product\/4553","targetHints":{"allow":["GET"]}}],"collection":[{"href":"https:\/\/sachviet.eu\/en\/wp-json\/wp\/v2\/product"}],"about":[{"href":"https:\/\/sachviet.eu\/en\/wp-json\/wp\/v2\/types\/product"}],"wp:featuredmedia":[{"embeddable":true,"href":"https:\/\/sachviet.eu\/en\/wp-json\/wp\/v2\/media\/4552"}],"wp:attachment":[{"href":"https:\/\/sachviet.eu\/en\/wp-json\/wp\/v2\/media?parent=4553"}],"wp:term":[{"taxonomy":"product_brand","embeddable":true,"href":"https:\/\/sachviet.eu\/en\/wp-json\/wp\/v2\/product_brand?post=4553"},{"taxonomy":"product_cat","embeddable":true,"href":"https:\/\/sachviet.eu\/en\/wp-json\/wp\/v2\/product_cat?post=4553"},{"taxonomy":"product_tag","embeddable":true,"href":"https:\/\/sachviet.eu\/en\/wp-json\/wp\/v2\/product_tag?post=4553"}],"curies":[{"name":"wp","href":"https:\/\/api.w.org\/{rel}","templated":true}]}}