{"id":4551,"date":"2021-03-09T01:33:33","date_gmt":"2021-03-08T23:33:33","guid":{"rendered":"https:\/\/sachviet.eu\/shop\/heidi\/"},"modified":"2021-10-17T14:24:48","modified_gmt":"2021-10-17T11:24:48","slug":"heidi","status":"publish","type":"product","link":"https:\/\/sachviet.eu\/en\/shop\/heidi\/","title":{"rendered":"Heidi"},"content":{"rendered":"<p>V\u00ec v\u1ed9i v\u00e3 \u0111i ki\u1ebfm vi\u1ec7c l\u00e0m m\u1edbi, ng\u01b0\u1eddi d\u00ec \u00edch k\u1ec9 \u0111\u00e3 g\u1eedi Heidi \u0111\u1ebfn cho \u00f4ng n\u1ed9i c\u1ee7a c\u00f4 b\u00e9, \u0111ang s\u1ed1ng c\u00f4 \u0111\u1ed9c tr\u00ean v\u00f9ng n\u00fai Alm. Ai c\u0169ng \u00e1i ng\u1ea1i cho Heidi khi ph\u1ea3i s\u1ed1ng v\u1edbi \u00f4ng gi\u00e0 l\u1eadp d\u1ecb v\u00e0 c\u1ee5c c\u1eb1n \u1ea5y. Nh\u01b0ng ai ng\u1edd \u0111\u01b0\u1ee3c r\u1eb1ng, Heidi b\u00e9 b\u1ecfng v\u1edbi t\u1ea5m l\u00f2ng nh\u00e2n h\u1eadu t\u1ef1 nhi\u00ean, ch\u1eb3ng nh\u1eefng gi\u00fap \u00f4ng n\u1ed9i t\u00ecm l\u1ea1i l\u00f2ng y\u00eau cu\u1ed9c s\u1ed1ng, m\u00e0 c\u00f2n mang \u0111\u1ebfn bao \u0111\u1ed5i thay k\u00ec di\u1ec7u. Nh\u1eefng ai t\u1eebng g\u1eb7p Heidi, d\u00f9 \u1edf D\u00f6rfli hay Frankfurt, \u0111\u1ec1u mu\u1ed1n c\u00f4 b\u00e9 m\u00e3i m\u00e3i \u1edf b\u00ean m\u00ecnh. Nh\u01b0ng t\u1ea5t c\u1ea3 \u0111\u1ec1u hi\u1ec3u, ch\u1ec9 \u1edf gi\u1eefa c\u00e1nh \u0111\u1ed3ng hoa r\u1ef1c r\u1ee1, thung l\u0169ng m\u00eanh m\u00f4ng v\u00e0 r\u00e1ng chi\u1ec1u r\u1ef1c \u0111\u1ecf tr\u00ean nh\u1eefng ng\u1ecdn n\u00fai thanh t\u0129nh ng\u00e0n \u0111\u1eddi c\u1ee7a d\u00e3y Alm, Heidi m\u1edbi th\u1ef1c s\u1ef1 h\u1ea1nh ph\u00fac \u0111\u1ec3 t\u1eb7ng ni\u1ec1m vui cho m\u1ecdi ng\u01b0\u1eddi.<\/p>\n<p>Ra \u0111\u1eddi c\u00e1ch \u0111\u00e2y 140 n\u0103m, Heidi c\u1ee7a n\u1eef nh\u00e0 v\u0103n Johanna Spyri \u0111\u01b0\u1ee3c coi l\u00e0 m\u1ed9t t\u00e1c ph\u1ea9m kinh \u0111i\u1ec3n d\u00e0nh cho thi\u1ebfu nhi. V\u1edbi v\u0103n phong gi\u1ea3n d\u1ecb, trong s\u00e1ng, t\u00e1c ph\u1ea9m n\u00e0y \u0111em \u0111\u1ebfn cho ng\u01b0\u1eddi \u0111\u1ecdc nh\u1eefng b\u1ee9c tranh thi\u00ean nhi\u00ean th\u01a1 m\u1ed9ng, h\u00f9ng v\u0129 c\u1ee7a \u0111\u1ea5t n\u01b0\u1edbc Th\u1ee5y S\u0129, c\u00f9ng nh\u1eefng \u0111i\u1ec1u b\u00ed \u1ea9n c\u1ee7a t\u1ea1o v\u1eadt v\u00e0 t\u00e2m h\u1ed3n con tr\u1ebb. Heidi \u0111\u00e3 nhi\u1ec1u l\u1ea7n \u0111\u01b0\u1ee3c chuy\u1ec3n th\u1ec3 th\u00e0nh phim \u0111i\u1ec7n \u1ea3nh, phim truy\u1ec1n h\u00ecnh, k\u1ecbch b\u1ea3n s\u00e2n kh\u1ea5u v\u00e0 anime.<\/p>\n<p>Cu\u1ed1n s\u00e1ch kinh \u0111i\u1ec3n c\u1ee7a Johanna Spyri \u0111\u00e3 \u0111\u01b0\u1ee3c \u0110\u00f4ng A xu\u1ea5t b\u1ea3n v\u1edbi b\u1ea3n d\u1ecbch \u0111\u01b0\u1ee3c y\u00eau th\u00edch c\u1ee7a d\u1ecbch gi\u1ea3 Thanh V\u00e2n, minh h\u1ecda c\u1ee7a Elena Selivanova. S\u00e1ch in m\u00e0u, b\u00eca c\u1ee9ng, c\u00f3 b\u00eca \u00e1o.<\/p>\n<p>Th\u00f4ng tin t\u00e1c gi\u1ea3: Johanna Spyri (1927 &#8211; 1901)<\/p>\n<p>Johanna Spyri sinh ng\u00e0y 12 th\u00e1ng 6 n\u0103m 1827 t\u1ea1i Hirzel, m\u1ed9t v\u00f9ng qu\u00ea h\u1ebbo l\u00e1nh c\u1ee7a Th\u1ee5y S\u0129. Sau khi k\u1ebft h\u00f4n v\u00e0 chuy\u1ec3n \u0111\u1ebfn s\u1ed1ng v\u1edbi ch\u1ed3ng \u1edf Z\u00fcrich, b\u00e0 b\u1eaft \u0111\u1ea7u vi\u1ebft v\u0103n. T\u00ecnh y\u00eau v\u1edbi tr\u1ebb th\u01a1 v\u00e0 v\u00f9ng th\u00f4n d\u00e3 \u0111\u00e3 mang \u0111\u1ebfn nhi\u1ec1u ch\u1ea5t li\u1ec7u cho c\u00e1c s\u00e1ng t\u00e1c c\u1ee7a b\u00e0, trong \u0111\u00f3 Heidi l\u00e0 t\u00e1c ph\u1ea9m th\u00e0nh c\u00f4ng nh\u1ea5t, ra \u0111\u1eddi n\u0103m 1890.<\/p>\n<p>Su\u1ed1t t\u1eeb \u0111\u00f3 \u0111\u1ebfn nay, c\u00e2u chuy\u1ec7n v\u1ec1 c\u00f4 b\u00e9 m\u1ed3 c\u00f4i \u0111\u00e1ng y\u00eau Heidi v\u1eabn \u0111\u01b0\u1ee3c \u0111\u1ed9c gi\u1ea3 kh\u1eafp th\u1ebf gi\u1edbi y\u00eau th\u00edch b\u1edfi nh\u1eefng m\u00f4 t\u1ea3 tinh t\u1ebf tuy\u1ec7t v\u1eddi v\u1ec1 c\u1ea3m x\u00fac c\u1ee7a tr\u1ebb em v\u00e0 nh\u1eefng b\u1ee9c tranh thi\u00ean nhi\u00ean t\u01b0\u01a1i \u0111\u1eb9p c\u1ee7a \u0111\u1ea5t n\u01b0\u1edbc Th\u1ee5y S\u0129. N\u0103m 1884, ng\u01b0\u1eddi ch\u1ed3ng v\u00e0 con trai c\u1ee7a Johanna Spyri \u0111\u1ec1u qua \u0111\u1eddi. T\u1eeb \u0111\u00f3 b\u00e0 t\u1eadp trung v\u00e0o c\u00e1c ho\u1ea1t \u0111\u1ed9ng t\u1eeb thi\u1ec7n v\u00e0 vi\u1ebft th\u00eam nhi\u1ec1u t\u00e1c ph\u1ea9m n\u1eefa.<\/p>\n<p>Johanna Spyri m\u1ea5t n\u0103m 1901. Ch\u00e2n dung c\u1ee7a c\u1ee7a b\u00e0 \u0111\u00e3 \u0111\u01b0\u1ee3c in tr\u00ean tem v\u00e0 \u0111\u1ed3ng xu t\u01b0\u1edfng ni\u1ec7m t\u1ea1i Th\u1ee5y S\u0129.<\/p>\n","protected":false},"excerpt":{"rendered":"<div class=\"o9v6fnle cxmmr5t8 oygrvhab hcukyx3x c1et5uql ii04i59q\">\n<div dir=\"auto\">Heidi l\u00e0 m\u1ed9t \u0111\u1ee9a tr\u1ebb m\u1ed3 c\u00f4i cha m\u1eb9. Em chuy\u1ec3n \u0111\u1ebfn s\u1ed1ng c\u00f9ng \u00f4ng n\u1ed9i tr\u00ean \u0111\u1ec9nh n\u00fai cao c\u00f4 qu\u1ea1nh. \u1ede \u0111\u00f3, em l\u00e0m b\u1ea1n v\u1edbi \u00f4ng n\u1ed9i, l\u00e0m b\u1ea1n v\u1edbi c\u1eadu b\u00e9 ch\u0103n d\u00ea, v\u1edbi b\u00e0 c\u1ee7a c\u1eadu, l\u00e0m b\u1ea1n v\u1edbi \u0111\u00e0n d\u00ea, v\u1edbi v\u1ea1t hoa d\u1ea1i, v\u1edbi \u0111\u00e0n b\u01b0\u1edbm ven \u0111\u01b0\u1eddng.<\/div>\n<\/div>\n<div class=\"o9v6fnle cxmmr5t8 oygrvhab hcukyx3x c1et5uql ii04i59q\">\n<div dir=\"auto\">N\u00fai \u0111\u1ed3i tr\u1eadp tr\u00f9ng bao la b\u00e1t ng\u00e1t trong l\u00e0nh \u0111\u00e3 nu\u00f4i d\u01b0\u1ee1ng t\u00e2m h\u1ed3n Heidi, gi\u00fap em tr\u1edf th\u00e0nh m\u1ed9t c\u00f4 b\u00e9 v\u00f4 c\u00f9ng \u0111\u00e1ng y\u00eau, h\u1ed3n nhi\u00ean t\u01b0\u01a1i vui v\u00e0 tr\u00e0n \u0111\u1ea7y n\u0103ng l\u01b0\u1ee3ng t\u00edch c\u1ef1c v\u00e0 ni\u1ec1m h\u1ea1nh ph\u00fac. Em \u0111\u00e3 mang \u0111\u1ebfn ni\u1ec1m vui s\u1ed1ng cho \u00f4ng n\u1ed9i, ng\u01b0\u1eddi c\u1ee9 ng\u1ee1 r\u1eb1ng s\u1ebd s\u1ed1ng c\u00f4 \u0111\u1ed9c su\u1ed1t \u0111\u1eddi v\u1edbi bao v\u1ebft th\u01b0\u01a1ng l\u00f2ng t\u01b0\u1edfng nh\u01b0 kh\u00f4ng bao gi\u1edd \u0111\u01b0\u1ee3c ch\u1eefa l\u00e0nh. Em \u0111\u00e3 mang ni\u1ec1m vui \u0111\u1ebfn cho c\u1eadu b\u00e9 ch\u0103n d\u00ea ngh\u00e8o kh\u00f3, mang \u00e1nh s\u00e1ng cho ng\u01b0\u1eddi b\u00e0 m\u00f9 l\u00f2a.<\/div>\n<div dir=\"auto\">Heidi, b\u00e1c Alm v\u00e0 \u0111\u1ec9nh n\u00fai tuy\u1ebft ph\u1ee7 xa x\u00f4i, c\u00f9ng kh\u00f4ng kh\u00ed trong l\u00e0nh, thi\u00ean nhi\u00ean t\u01b0\u01a1i \u0111\u1eb9p, t\u00e2m h\u1ed3n thu\u1ea7n h\u1eadu \u0111\u00e3 mang l\u1ea1i b\u01b0\u1edbc ch\u00e2n t\u01b0\u01a1i vui, mang l\u1ea1i s\u1ef1 s\u1ed1ng cho b\u00e9 Klara.<\/div>\n<\/div>\n<div class=\"o9v6fnle cxmmr5t8 oygrvhab hcukyx3x c1et5uql ii04i59q\">\n<div dir=\"auto\">Heidi mang m\u1ed9t v\u1ebb \u0111\u1eb9p trong l\u00e0nh, t\u01b0\u01a1i m\u1edbi, ph\u00f3ng kho\u00e1ng c\u1ee7a d\u00e3y Alps. B\u1ea1n nh\u1edb nh\u00e9, Th\u1ee5y S\u0129 kh\u00f4ng ch\u1ec9 c\u00f3 hoa nhung tuy\u1ebft \u0111\u00e2u, Th\u1ee5y S\u0129 c\u00f2n c\u00f3 Heidi n\u1eefa.<\/div>\n<\/div>\n<div class=\"o9v6fnle cxmmr5t8 oygrvhab hcukyx3x c1et5uql ii04i59q\">\n<div dir=\"auto\">Heidi l\u00e0 m\u1ed9t t\u00e1c ph\u1ea9m v\u0103n h\u1ecdc kinh \u0111i\u1ec3n, \u0111\u01b0\u1ee3c d\u1ecbch ra nhi\u1ec1u th\u1ee9 ti\u1ebfng. \u1ede Vi\u1ec7t Nam c\u0169ng c\u00f3 nhi\u1ec1u c\u00f4ng ty ph\u00e1t h\u00e0nh b\u1ea3n d\u1ecbch n\u00e0y. Nh\u01b0ng phi\u00ean b\u1ea3n m\u00e0 m\u00ecnh \u0111ang c\u00f3 \u0111\u00e2y, l\u00e0 b\u1ea3n \u0111\u1eb9p nh\u1ea5t, xu\u1ea5t s\u1eafc nh\u1ea5t, tuy\u1ec7t v\u1eddi nh\u1ea5t, v\u00e0 mang \u0111\u1eadm kh\u00f4ng kh\u00ed Alps nh\u1ea5t. D\u00f9 b\u1ea1n c\u00f3 \u0111\u1ecdc cu\u1ed1n Heidi bao nhi\u00eau l\u1ea7n, qua bao nhi\u00eau b\u1ea3n d\u1ecbch kh\u00e1c nhau, th\u00ec b\u1ea1n c\u0169ng s\u1ebd v\u1eabn ao \u01b0\u1edbc c\u00f3 \u0111\u01b0\u1ee3c phi\u00ean b\u1ea3n Heidi m\u1edbi nh\u1ea5t n\u00e0y. Ch\u00ednh Heidi v\u00e0 cu\u1ed1n s\u00e1ch n\u00e0y, \u0111\u00e3 ch\u1ea5m d\u1ee9t nh\u1eefng gi\u1edd b\u00e1n than \u1ec9 \u00f4i r\u0169 r\u01b0\u1ee3i c\u1ee7a m\u00ecnh, \u0111\u1ec3 m\u00ecnh l\u1ea1i ti\u1ebfp t\u1ee5c h\u0103m h\u1edf \u0111\u1ecdc s\u00e1ch, nh\u01b0 nh\u1eefng ng\u00e0y \u0111\u1ea7u ti\u00ean<\/div>\n<\/div>\n","protected":false},"featured_media":4550,"template":"","meta":{"_acf_changed":false},"product_brand":[],"product_cat":[15,45],"product_tag":[],"class_list":{"0":"post-4551","1":"product","2":"type-product","3":"status-publish","4":"has-post-thumbnail","6":"product_cat-sach-danh-cho-nguoi-lon","7":"product_cat-tieu-thuyet","9":"first","10":"outofstock","11":"taxable","12":"shipping-taxable","13":"purchasable","14":"product-type-simple"},"supplier_id":null,"supplier_sku":"","barcode":null,"atum_controlled":true,"out_stock_date":"2021-10-17 11:24:48","out_stock_threshold":null,"inheritable":false,"inbound_stock":1,"stock_on_hold":0,"sold_today":0,"sales_last_days":0,"reserved_stock":0,"customer_returns":0,"warehouse_damage":0,"lost_in_post":0,"other_logs":0,"out_stock_days":1564,"lost_sales":0,"has_location":false,"update_date":"2026-01-28T23:10:34","atum_locations":[],"atum_stock_status":"outofstock","restock_status":false,"low_stock_amount":"","sales_update_date":"2026-01-28T23:10:34","calc_backorders":null,"acf":{"publisher":{"ID":1544,"post_author":"1","post_date":"2021-02-17 01:24:05","post_date_gmt":"2021-02-16 23:24:05","post_content":"","post_title":"\u0110\u00f4ng A","post_excerpt":"","post_status":"publish","comment_status":"closed","ping_status":"closed","post_password":"","post_name":"dong-a","to_ping":"","pinged":"","post_modified":"2021-02-17 01:24:05","post_modified_gmt":"2021-02-16 23:24:05","post_content_filtered":"","post_parent":0,"guid":"https:\/\/sachviet.eu\/nha-phat-hanh\/dong-a\/","menu_order":0,"post_type":"publisher","post_mime_type":"","comment_count":"0","filter":"raw"}},"_links":{"self":[{"href":"https:\/\/sachviet.eu\/en\/wp-json\/wp\/v2\/product\/4551","targetHints":{"allow":["GET"]}}],"collection":[{"href":"https:\/\/sachviet.eu\/en\/wp-json\/wp\/v2\/product"}],"about":[{"href":"https:\/\/sachviet.eu\/en\/wp-json\/wp\/v2\/types\/product"}],"wp:featuredmedia":[{"embeddable":true,"href":"https:\/\/sachviet.eu\/en\/wp-json\/wp\/v2\/media\/4550"}],"wp:attachment":[{"href":"https:\/\/sachviet.eu\/en\/wp-json\/wp\/v2\/media?parent=4551"}],"wp:term":[{"taxonomy":"product_brand","embeddable":true,"href":"https:\/\/sachviet.eu\/en\/wp-json\/wp\/v2\/product_brand?post=4551"},{"taxonomy":"product_cat","embeddable":true,"href":"https:\/\/sachviet.eu\/en\/wp-json\/wp\/v2\/product_cat?post=4551"},{"taxonomy":"product_tag","embeddable":true,"href":"https:\/\/sachviet.eu\/en\/wp-json\/wp\/v2\/product_tag?post=4551"}],"curies":[{"name":"wp","href":"https:\/\/api.w.org\/{rel}","templated":true}]}}