{"id":4515,"date":"2021-03-09T01:32:08","date_gmt":"2021-03-08T23:32:08","guid":{"rendered":"https:\/\/sachviet.eu\/shop\/cho-toi-xin-mot-ve-di-tuoi-tho\/"},"modified":"2024-08-14T21:40:00","modified_gmt":"2024-08-14T18:40:00","slug":"cho-toi-xin-mot-ve-di-tuoi-tho","status":"publish","type":"product","link":"https:\/\/sachviet.eu\/en\/shop\/cho-toi-xin-mot-ve-di-tuoi-tho\/","title":{"rendered":"Cho T\u00f4i Xin M\u1ed9t V\u00e9 \u0110i Tu\u1ed5i Th\u01a1"},"content":{"rendered":"<p>Trong Cho t\u00f4i xin m\u1ed9t v\u00e9 \u0111i tu\u1ed5i th\u01a1, nh\u00e0 v\u0103n Nguy\u1ec5n Nh\u1eadt \u00c1nh m\u1eddi ng\u01b0\u1eddi \u0111\u1ecdc l\u00ean chuy\u1ebfn t\u00e0u quay ng\u01b0\u1ee3c tr\u1edf l\u1ea1i th\u0103m tu\u1ed5i th\u01a1 v\u00e0 t\u00ecnh b\u1ea1n d\u1ec5 th\u01b0\u01a1ng c\u1ee7a 4 b\u1ea1n nh\u1ecf. Nh\u1eefng tr\u00f2 ch\u01a1i d\u1ec5 th\u01b0\u01a1ng th\u1eddi b\u00e9, t\u00ednh c\u00e1ch th\u1eadt th\u00e0, th\u1eb3ng th\u1eafn m\u1ed9t c\u00e1ch th\u00f4ng minh v\u00e0 d\u1ea1i d\u1ed9t, nh\u1eefng \u01b0\u1edbc m\u01a1 t\u1ef1 do trong l\u00f2ng\u2026 khi\u1ebfn cu\u1ed1n s\u00e1ch c\u00f3 th\u1ec3 l\u00e0m c\u00e1c b\u1eadc ph\u1ee5 huynh lo l\u1eafng r\u1ed3i th\u1edf ph\u00e0o. Kh\u00f4ng ch\u1ec9 th\u00edch h\u1ee3p v\u1edbi ng\u01b0\u1eddi \u0111\u1ecdc tr\u1ebb, cu\u1ed1n s\u00e1ch c\u00f2n c\u00f3 th\u1ec3 h\u1ea5p d\u1eabn v\u00e0 th\u1ef1c s\u1ef1 c\u00f3 \u00edch cho ng\u01b0\u1eddi l\u1edbn trong quan h\u1ec7 v\u1edbi con m\u00ecnh.<\/p>\n","protected":false},"excerpt":{"rendered":"<p>Trong Cho t\u00f4i xin m\u1ed9t v\u00e9 \u0111i tu\u1ed5i th\u01a1, nh\u00e0 v\u0103n Nguy\u1ec5n Nh\u1eadt \u00c1nh m\u1eddi ng\u01b0\u1eddi \u0111\u1ecdc l\u00ean chuy\u1ebfn t\u00e0u quay ng\u01b0\u1ee3c tr\u1edf l\u1ea1i th\u0103m tu\u1ed5i th\u01a1 v\u00e0 t\u00ecnh b\u1ea1n d\u1ec5 th\u01b0\u01a1ng c\u1ee7a 4 b\u1ea1n nh\u1ecf. Nh\u1eefng tr\u00f2 ch\u01a1i d\u1ec5 th\u01b0\u01a1ng th\u1eddi b\u00e9, t\u00ednh c\u00e1ch th\u1eadt th\u00e0, th\u1eb3ng th\u1eafn m\u1ed9t c\u00e1ch th\u00f4ng minh v\u00e0 d\u1ea1i d\u1ed9t, nh\u1eefng \u01b0\u1edbc m\u01a1 t\u1ef1 do trong l\u00f2ng\u2026 khi\u1ebfn cu\u1ed1n s\u00e1ch c\u00f3 th\u1ec3 l\u00e0m c\u00e1c b\u1eadc ph\u1ee5 huynh lo l\u1eafng r\u1ed3i th\u1edf ph\u00e0o. Kh\u00f4ng ch\u1ec9 th\u00edch h\u1ee3p v\u1edbi ng\u01b0\u1eddi \u0111\u1ecdc tr\u1ebb, cu\u1ed1n s\u00e1ch c\u00f2n c\u00f3 th\u1ec3 h\u1ea5p d\u1eabn v\u00e0 th\u1ef1c s\u1ef1 c\u00f3 \u00edch cho ng\u01b0\u1eddi l\u1edbn trong quan h\u1ec7 v\u1edbi con m\u00ecnh.<\/p>\n","protected":false},"featured_media":4514,"template":"","meta":{"_acf_changed":false},"product_brand":[],"product_cat":[15,45],"product_tag":[],"class_list":{"0":"post-4515","1":"product","2":"type-product","3":"status-publish","4":"has-post-thumbnail","6":"product_cat-sach-danh-cho-nguoi-lon","7":"product_cat-tieu-thuyet","9":"first","10":"outofstock","11":"taxable","12":"shipping-taxable","13":"purchasable","14":"product-type-simple"},"supplier_id":null,"supplier_sku":"","barcode":null,"atum_controlled":true,"out_stock_date":"2024-08-14 18:40:00","out_stock_threshold":null,"inheritable":false,"inbound_stock":0,"stock_on_hold":0,"sold_today":0,"sales_last_days":0,"reserved_stock":0,"customer_returns":0,"warehouse_damage":0,"lost_in_post":0,"other_logs":0,"out_stock_days":532,"lost_sales":607,"has_location":false,"update_date":"2026-01-28T23:11:21","atum_locations":[],"atum_stock_status":"outofstock","restock_status":false,"low_stock_amount":"","sales_update_date":"2026-01-28T23:11:21","calc_backorders":null,"acf":{"publisher":{"ID":1517,"post_author":"1","post_date":"2021-02-17 01:14:41","post_date_gmt":"2021-02-16 23:14:41","post_content":"","post_title":"NXB Tr\u1ebb","post_excerpt":"","post_status":"publish","comment_status":"closed","ping_status":"closed","post_password":"","post_name":"nxb-tre","to_ping":"","pinged":"","post_modified":"2021-02-17 01:14:41","post_modified_gmt":"2021-02-16 23:14:41","post_content_filtered":"","post_parent":0,"guid":"https:\/\/sachviet.eu\/nha-phat-hanh\/nxb-tre\/","menu_order":0,"post_type":"publisher","post_mime_type":"","comment_count":"0","filter":"raw"}},"_links":{"self":[{"href":"https:\/\/sachviet.eu\/en\/wp-json\/wp\/v2\/product\/4515","targetHints":{"allow":["GET"]}}],"collection":[{"href":"https:\/\/sachviet.eu\/en\/wp-json\/wp\/v2\/product"}],"about":[{"href":"https:\/\/sachviet.eu\/en\/wp-json\/wp\/v2\/types\/product"}],"wp:featuredmedia":[{"embeddable":true,"href":"https:\/\/sachviet.eu\/en\/wp-json\/wp\/v2\/media\/4514"}],"wp:attachment":[{"href":"https:\/\/sachviet.eu\/en\/wp-json\/wp\/v2\/media?parent=4515"}],"wp:term":[{"taxonomy":"product_brand","embeddable":true,"href":"https:\/\/sachviet.eu\/en\/wp-json\/wp\/v2\/product_brand?post=4515"},{"taxonomy":"product_cat","embeddable":true,"href":"https:\/\/sachviet.eu\/en\/wp-json\/wp\/v2\/product_cat?post=4515"},{"taxonomy":"product_tag","embeddable":true,"href":"https:\/\/sachviet.eu\/en\/wp-json\/wp\/v2\/product_tag?post=4515"}],"curies":[{"name":"wp","href":"https:\/\/api.w.org\/{rel}","templated":true}]}}