{"id":4463,"date":"2021-03-09T01:29:43","date_gmt":"2021-03-08T23:29:43","guid":{"rendered":"https:\/\/sachviet.eu\/shop\/bach-khoa-khung-long-toan-tap\/"},"modified":"2021-05-18T00:28:55","modified_gmt":"2021-05-17T21:28:55","slug":"bach-khoa-khung-long-toan-tap","status":"publish","type":"product","link":"https:\/\/sachviet.eu\/en\/shop\/bach-khoa-khung-long-toan-tap\/","title":{"rendered":"B\u00e1ch Khoa Kh\u1ee7ng Long To\u00e0n T\u1eadp"},"content":{"rendered":"<p>\u0110\u00e2y l\u00e0 cu\u1ed1n s\u00e1ch kh\u00f4ng th\u1ec3 thi\u1ebfu d\u00e0nh cho nh\u1eefng ng\u01b0\u1eddi y\u00eau kh\u1ee7ng long \u2013 m\u1ed9t t\u00e0i li\u1ec7u h\u01b0\u1edbng d\u1eabn nh\u1eadn di\u1ec7n 355 lo\u00e0i kh\u1ee7ng long v\u00e0 \u0111\u1ed9ng v\u1eadt c\u00f9ng th\u1eddi, do chuy\u00ean gia ch\u1ea5p b\u00fat, v\u00e0 \u0111\u01b0\u1ee3c minh h\u1ecda theo ki\u1ebfn th\u1ee9c khoa h\u1ecdc m\u1edbi nh\u1ea5t.<\/p>\n<p>Ph\u1ea7n gi\u1edbi thi\u1ec7u t\u1ed5ng quan gi\u1ea3i th\u00edch qu\u00e1 tr\u00ecnh bi\u1ebfn \u0111\u1ed5i v\u1ec1 \u0111\u1ecba l\u00ed c\u1ee7a Tr\u00e1i \u0110\u1ea5t v\u00e0 s\u1ef1 ph\u00e1t tri\u1ec3n c\u1ee7a \u0111\u1ed9ng, th\u1ef1c v\u1eadt tr\u00ean th\u1ebf gi\u1edbi, \u0111\u1eb7c bi\u1ec7t t\u1eadp trung v\u00e0o Th\u1eddi \u0111\u1ea1i Kh\u1ee7ng long, c\u00e1ch \u0111\u00e2y 245 tri\u1ec7u n\u0103m. Ph\u1ea7n n\u00e0y c\u00f2n gi\u1ea3i th\u00edch c\u00e1ch ph\u00e2n lo\u1ea1i kh\u1ee7ng long v\u00e0 tr\u00ecnh b\u00e0y qu\u00e1 tr\u00ecnh ph\u00e1t tri\u1ec3n c\u1ee7a ch\u00fang t\u1eeb nh\u1eefng \u0111\u1ed9ng v\u1eadt \u0103n th\u1ecbt nh\u1ecf nh\u1ea5t c\u00f3 k\u00edch th\u01b0\u1edbc b\u1eb1ng con c\u00e1o \u0111\u1ebfn nh\u1eefng con kh\u1ee7ng long to l\u1edbn nh\u1ea5t v\u1edbi kh\u1ed1i l\u01b0\u1ee3ng kh\u1ed5ng l\u1ed3 v\u00e0 nhi\u1ec1u lo\u1ea1i v\u0169 kh\u00ed ph\u1ee9c t\u1ea1p tr\u00ean c\u01a1 th\u1ec3.<\/p>\n<p>C\u00e1c tranh gi\u1ea3i ph\u1eabu minh h\u1ecda b\u1ed9 x\u01b0\u01a1ng v\u00e0 c\u1ea5u t\u1ea1o trong c\u1ee7a nh\u1eefng nh\u00f3m kh\u1ee7ng long kh\u00e1c nhau v\u00e0 gi\u1ea3i th\u00edch c\u01a1 c\u1ea5u ho\u1ea1t \u0111\u1ed9ng c\u1ee7a ch\u00fang trong m\u00f4i tr\u01b0\u1eddng. M\u1ed9t b\u00e0i ph\u00e2n t\u00edch h\u00f3a th\u1ea1ch \u0111\u01b0a ra c\u00e1c gi\u1ea3 thuy\u1ebft v\u1ec1 th\u1ee9c \u0103n c\u1ee7a kh\u1ee7ng long, c\u00e1c d\u1ea5u ch\u00e2n h\u00f3a th\u1ea1ch gi\u1ea3i th\u00edch v\u1ec1 \u0111\u1eddi s\u1ed1ng x\u00e3 h\u1ed9i c\u1ee7a ch\u00fang, v\u00e0 vi\u1ec7c ph\u00e1t hi\u1ec7n tr\u1ee9ng kh\u1ee7ng long cung c\u1ea5p th\u00eam hi\u1ec3u bi\u1ebft v\u1ec1 vi\u1ec7c kh\u1ee7ng long h\u00ecnh th\u00e0nh b\u1ea7y \u0111\u00e0n nh\u01b0 th\u1ebf n\u00e0o. S\u00e1ch c\u00f2n m\u00f4 t\u1ea3 c\u00e1c sinh c\u1ea3nh kh\u00e1c nhau n\u01a1i kh\u1ee7ng long t\u1eebng sinh s\u1ed1ng, t\u1eeb hoang m\u1ea1c \u0111\u1ec1n \u0111\u1ea7m ph\u00e1, s\u00f4ng h\u1ed3, \u0111\u1ea7m l\u1ea7y, n\u00fai cao v\u00e0 \u0111\u1ed3ng b\u1eb1ng.<\/p>\n<p>Ph\u1ea7n ch\u00ednh c\u1ee7a cu\u1ed1n s\u00e1ch l\u00e0 m\u1ed9t b\u00e1ch khoa th\u01b0 v\u1ec1 355 lo\u00e0i kh\u1ee7ng long v\u00e0 \u0111\u1ed9ng v\u1eadt th\u1eddi ti\u1ec1n s\u1eed, \u0111\u01b0\u1ee3c s\u1eafp x\u1ebfp theo t\u1eebng k\u1ef7 \u0111\u1ecba ch\u1ea5t v\u00e0 c\u00e1c nh\u00f3m ph\u00e2n lo\u1ea1i ch\u00ednh, v\u1edbi 900 minh h\u1ecda, b\u1ea3n \u0111\u1ed3, bi\u1ec3u \u0111\u1ed3 v\u00e0 \u1ea3nh ch\u1ee5p. M\u1ed7i m\u1ee5c bao g\u1ed3m ph\u1ea7n m\u00f4 t\u1ea3 \u0111\u1eb7c \u0111i\u1ec3m nh\u1eadn d\u1ea1ng ch\u00ednh c\u1ee7a con v\u1eadt, c\u00e1c y\u1ebfu t\u1ed1 th\u00edch nghi h\u00ecnh th\u00e0nh nh\u1edd ti\u1ebfn h\u00f3a v\u00e0 th\u00f4ng tin v\u1ec1 b\u1eb1ng ch\u1ee9ng h\u00f3a th\u1ea1ch c\u1ee7a n\u00f3. B\u00ean c\u1ea1nh \u0111\u00f3 l\u00e0 m\u1ed9t b\u1ea3n \u0111\u1ed3 th\u1ec3 hi\u1ec7n n\u01a1i t\u00ecm th\u1ea5y h\u00f3a th\u1ea1ch tr\u00ean th\u1ebf gi\u1edbi ng\u00e0y nay, v\u00e0 b\u1ea3ng th\u00f4ng tin t\u00f3m l\u01b0\u1ee3c g\u1ed3m v\u1ecb tr\u00ed ph\u00e2n lo\u1ea1i, k\u00edch th\u01b0\u1edbc, th\u1eddi k\u00ec v\u00e0 ph\u01b0\u01a1ng th\u1ee9c s\u1ed1ng c\u1ee7a con v\u1eadt \u0111\u00f3.<\/p>\n<p>Cu\u1ed1n s\u00e1ch n\u00e0y, v\u1edbi s\u1ef1 k\u1ebft h\u1ee3p \u0111\u1ed9c \u0111\u00e1o gi\u1eefa nghi\u00ean c\u1ee9u chuy\u00ean m\u00f4n v\u1edbi h\u00ecnh \u1ea3nh ph\u1ee5c d\u1ef1ng \u0111\u1eb9p m\u1eaft, h\u1eb3n s\u1ebd l\u00e0 ngu\u1ed3n h\u1ee9ng th\u00fa v\u00f4 t\u1eadn cho nh\u1eefng ng\u01b0\u1eddi y\u00eau th\u00edch kh\u1ee7ng long.<\/p>\n<p>Th\u00f4ng tin t\u00e1c gi\u1ea3:<\/p>\n<p>Dougal Dixon sinh t\u1ea1i Scotland, l\u00e0 c\u00e2y b\u00fat chuy\u00ean vi\u1ebft s\u00e1ch trong c\u00e1c l\u0129nh v\u1ef1c khoa h\u1ecdc v\u1ec1 Tr\u00e1i \u0110\u1ea5t, \u0111\u00e3 cho ra \u0111\u1eddi nhi\u1ec1u cu\u1ed1n s\u00e1ch v\u00e0 b\u00e1ch khoa th\u01b0 cho tr\u1ebb em, v\u00e0 c\u00f3 ni\u1ec1m h\u1ee9ng th\u00fa \u0111\u1eb7c bi\u1ec7t v\u1edbi kh\u1ee7ng long. \u00d4ng c\u0169ng xu\u1ea5t hi\u1ec7n trong m\u1ed9t s\u1ed1 ch\u01b0\u01a1ng tr\u00ecnh truy\u1ec1n h\u00ecnh v\u00e0 \u0111\u1ea3m nhi\u1ec7m vai tr\u00f2 c\u1ed1 v\u1ea5n v\u00e0 t\u1ea1o h\u00ecnh \u1ea3nh \u0111\u1ed9ng cho m\u1ed9t video v\u1ec1 kh\u1ee7ng long. N\u0103m 1987, Dougal Dixon c\u00f3 \u0111\u00f3ng g\u00f3p cho vi\u1ec7c khai qu\u1eadt m\u1ed9t khu v\u1ef1c gi\u00e0u h\u00f3a th\u1ea1ch kh\u1ee7ng long trong \u0111\u00e1 tu\u1ed5i Jura \u1edf Durlston thu\u1ed9c v\u00f9ng b\u1edd bi\u1ec3n Dorset, Anh. N\u0103m 2004, \u00f4ng tham gia khai qu\u1eadt m\u1ed9t con Stegosaurus t\u1ea1i Montana, M\u1ef9.<\/p>\n<p>Dougal \u0111\u01b0\u1ee3c trao t\u1eb7ng Gi\u1ea3i th\u01b0\u1edfng Th\u00e0nh t\u1ef1u n\u1ed5i b\u1eadt cho s\u1ef1 xu\u1ea5t s\u1eafc trong l\u0129nh v\u1ef1c B\u00e1o ch\u00ed gi\u00e1o d\u1ee5c c\u1ee7a Hi\u1ec7p h\u1ed9i B\u00e1o ch\u00ed Gi\u00e1o d\u1ee5c M\u1ef9 n\u0103m 1993, Gi\u1ea3i th\u01b0\u1edfng Helen Roney Sattler n\u0103m 1993, Gi\u1ea3i th\u01b0\u1edfng S\u00e1ch khoa h\u1ecdc ph\u1ed5 th\u00f4ng xu\u1ea5t s\u1eafc c\u1ee7a H\u1ed9i \u0111\u1ed3ng S\u00e1ch thi\u1ebfu nhi 1994, v\u00e0 Gi\u1ea3i th\u01b0\u1edfng S\u00e1ch gi\u00e1o khoa b\u1eadc Ti\u1ec3u h\u1ecdc c\u1ee7a t\u1ea1p ch\u00ed Times Educational Supplement n\u0103m 1996. C\u00f9ng n\u0103m \u0111\u00f3, \u00f4ng \u0111\u01b0\u1ee3c b\u1ed5 nhi\u1ec7m l\u00e0m \u1ee7y vi\u00ean H\u1ed9i Kh\u1ee7ng long, V\u01b0\u01a1ng qu\u1ed1c Li\u00ean hi\u1ec7p Anh v\u00e0 B\u1eafc Ireland.<\/p>\n","protected":false},"excerpt":{"rendered":"<p>Ph\u1ea7n ch\u00ednh c\u1ee7a cu\u1ed1n s\u00e1ch l\u00e0 m\u1ed9t b\u00e1ch khoa th\u01b0 v\u1ec1 355 lo\u00e0i kh\u1ee7ng long v\u00e0 \u0111\u1ed9ng v\u1eadt th\u1eddi ti\u1ec1n s\u1eed, \u0111\u01b0\u1ee3c s\u1eafp x\u1ebfp theo t\u1eebng k\u1ef7 \u0111\u1ecba ch\u1ea5t v\u00e0 c\u00e1c nh\u00f3m ph\u00e2n lo\u1ea1i ch\u00ednh, v\u1edbi 900 minh h\u1ecda, b\u1ea3n \u0111\u1ed3, bi\u1ec3u \u0111\u1ed3 v\u00e0 \u1ea3nh ch\u1ee5p. M\u1ed7i m\u1ee5c bao g\u1ed3m ph\u1ea7n m\u00f4 t\u1ea3 \u0111\u1eb7c \u0111i\u1ec3m nh\u1eadn d\u1ea1ng ch\u00ednh c\u1ee7a con v\u1eadt, c\u00e1c y\u1ebfu t\u1ed1 th\u00edch nghi h\u00ecnh th\u00e0nh nh\u1edd ti\u1ebfn h\u00f3a v\u00e0 th\u00f4ng tin v\u1ec1 b\u1eb1ng ch\u1ee9ng h\u00f3a th\u1ea1ch c\u1ee7a n\u00f3. B\u00ean c\u1ea1nh \u0111\u00f3 l\u00e0 m\u1ed9t b\u1ea3n \u0111\u1ed3 th\u1ec3 hi\u1ec7n n\u01a1i t\u00ecm th\u1ea5y h\u00f3a th\u1ea1ch tr\u00ean th\u1ebf gi\u1edbi ng\u00e0y nay, v\u00e0 b\u1ea3ng th\u00f4ng tin t\u00f3m l\u01b0\u1ee3c g\u1ed3m v\u1ecb tr\u00ed ph\u00e2n lo\u1ea1i, k\u00edch th\u01b0\u1edbc, th\u1eddi k\u00ec v\u00e0 ph\u01b0\u01a1ng th\u1ee9c s\u1ed1ng c\u1ee7a con v\u1eadt \u0111\u00f3.<\/p>\n","protected":false},"featured_media":4459,"template":"","meta":{"_acf_changed":false},"product_brand":[],"product_cat":[17,26],"product_tag":[],"class_list":{"0":"post-4463","1":"product","2":"type-product","3":"status-publish","4":"has-post-thumbnail","6":"product_cat-sach-danh-cho-cac-be","7":"product_cat-thieu-nien-11-tuoi-18-tuoi","9":"first","10":"outofstock","11":"taxable","12":"shipping-taxable","13":"purchasable","14":"product-type-simple"},"supplier_id":null,"supplier_sku":"","barcode":null,"atum_controlled":true,"out_stock_date":"2021-03-08 23:29:43","out_stock_threshold":null,"inheritable":false,"inbound_stock":0,"stock_on_hold":0,"sold_today":0,"sales_last_days":0,"reserved_stock":0,"customer_returns":0,"warehouse_damage":0,"lost_in_post":0,"other_logs":0,"out_stock_days":1786,"lost_sales":0,"has_location":false,"update_date":"2026-01-28T23:10:34","atum_locations":[],"atum_stock_status":"outofstock","restock_status":false,"low_stock_amount":"","sales_update_date":"2026-01-28T23:10:34","calc_backorders":null,"acf":{"publisher":{"ID":1544,"post_author":"1","post_date":"2021-02-17 01:24:05","post_date_gmt":"2021-02-16 23:24:05","post_content":"","post_title":"\u0110\u00f4ng A","post_excerpt":"","post_status":"publish","comment_status":"closed","ping_status":"closed","post_password":"","post_name":"dong-a","to_ping":"","pinged":"","post_modified":"2021-02-17 01:24:05","post_modified_gmt":"2021-02-16 23:24:05","post_content_filtered":"","post_parent":0,"guid":"https:\/\/sachviet.eu\/nha-phat-hanh\/dong-a\/","menu_order":0,"post_type":"publisher","post_mime_type":"","comment_count":"0","filter":"raw"}},"_links":{"self":[{"href":"https:\/\/sachviet.eu\/en\/wp-json\/wp\/v2\/product\/4463","targetHints":{"allow":["GET"]}}],"collection":[{"href":"https:\/\/sachviet.eu\/en\/wp-json\/wp\/v2\/product"}],"about":[{"href":"https:\/\/sachviet.eu\/en\/wp-json\/wp\/v2\/types\/product"}],"wp:featuredmedia":[{"embeddable":true,"href":"https:\/\/sachviet.eu\/en\/wp-json\/wp\/v2\/media\/4459"}],"wp:attachment":[{"href":"https:\/\/sachviet.eu\/en\/wp-json\/wp\/v2\/media?parent=4463"}],"wp:term":[{"taxonomy":"product_brand","embeddable":true,"href":"https:\/\/sachviet.eu\/en\/wp-json\/wp\/v2\/product_brand?post=4463"},{"taxonomy":"product_cat","embeddable":true,"href":"https:\/\/sachviet.eu\/en\/wp-json\/wp\/v2\/product_cat?post=4463"},{"taxonomy":"product_tag","embeddable":true,"href":"https:\/\/sachviet.eu\/en\/wp-json\/wp\/v2\/product_tag?post=4463"}],"curies":[{"name":"wp","href":"https:\/\/api.w.org\/{rel}","templated":true}]}}