{"id":4456,"date":"2021-03-09T01:29:28","date_gmt":"2021-03-08T23:29:28","guid":{"rendered":"https:\/\/sachviet.eu\/shop\/7-ki-quan-the-gioi\/"},"modified":"2021-05-18T00:29:15","modified_gmt":"2021-05-17T21:29:15","slug":"7-ki-quan-the-gioi","status":"publish","type":"product","link":"https:\/\/sachviet.eu\/en\/shop\/7-ki-quan-the-gioi\/","title":{"rendered":"7 K\u00ec Quan Th\u1ebf Gi\u1edbi"},"content":{"rendered":"<p>\u0110\u1ea1i kim t\u1ef1 th\u00e1p \u0111\u01b0\u1ee3c x\u00e2y d\u1ef1ng ra sao?T\u01b0\u1ee3ng th\u1ea7n Zeus kh\u1ed5ng l\u1ed3 nh\u01b0 th\u1ebf n\u00e0o?V\u00ec sao V\u01b0\u1eddn treo Babylon \u0111\u01b0\u1ee3c coi l\u00e0 thi\u00ean \u0111\u01b0\u1eddng h\u1ea1 gi\u1edbi?B\u1eb1ng nh\u1eefng mi\u00eau t\u1ea3 c\u1eb7n k\u1ebd c\u00f9ng h\u00ecnh \u1ea3nh minh h\u1ecda chi ti\u1ebft, cu\u1ed1n s\u00e1ch n\u00e0y s\u1ebd gi\u00fap b\u1ea1n tr\u1ea3 l\u1eddi nh\u1eefng c\u00e2u h\u1ecfi \u1ea5y th\u00f4ng qua vi\u1ec7c gi\u1edbi thi\u1ec7u to\u00e0n c\u1ea3nh 7 k\u00ec quan th\u1ebf gi\u1edbi c\u1ed5 \u0111\u1ea1i, t\u1eeb ho\u00e0n c\u1ea3nh ra \u0111\u1eddi cho \u0111\u1ebfn k\u0129 thu\u1eadt x\u00e2y d\u1ef1ng c\u1ee7a ng\u01b0\u1eddi x\u01b0a. Ngo\u00e0i ra, b\u1ea1n c\u00f2n \u0111\u01b0\u1ee3c kh\u00e1m ph\u00e1 h\u00e0ng lo\u1ea1t c\u00e1c c\u00f4ng tr\u00ecnh n\u1ed5i ti\u1ebfng kh\u00e1c c\u00f9ng nh\u1eefng k\u00ec quan thi\u00ean nhi\u00ean k\u00ec v\u0129 v\u00e0 nh\u1eefng th\u00e0nh t\u1ef1u v\u01b0\u1ee3t b\u1eadc c\u1ee7a nh\u00e2n lo\u1ea1i.Cu\u1ed1n s\u00e1ch \u0111\u01b0\u1ee3c tr\u00ecnh b\u00e0y khoa h\u1ecdc v\u1edbi nh\u1eefng ch\u00fa gi\u1ea3i t\u1ec9 m\u1ec9, ch\u00ednh x\u00e1c c\u00f9ng v\u1edbi h\u00e0ng tr\u0103m minh h\u1ecda sinh \u0111\u1ed9ng, chi ti\u1ebft. \u0110\u00e2y l\u00e0 \u0111i\u1ec3m h\u1ea5p d\u1eabn khi\u1ebfn b\u1ea1n kh\u00f4ng th\u1ec3 b\u1ecf qua cu\u1ed1n s\u00e1ch n\u00e0y.H\u00e3y c\u00f9ng kh\u00e1m ph\u00e1 th\u1ebf gi\u1edbi k\u00ec v\u0129 v\u1edbi 7 k\u00ec quan th\u1ebf gi\u1edbi!<\/p>\n","protected":false},"excerpt":{"rendered":"<p>\u0110\u1ea1i kim t\u1ef1 th\u00e1p \u0111\u01b0\u1ee3c x\u00e2y d\u1ef1ng ra sao?T\u01b0\u1ee3ng th\u1ea7n Zeus kh\u1ed5ng l\u1ed3 nh\u01b0 th\u1ebf n\u00e0o?V\u00ec sao V\u01b0\u1eddn treo Babylon \u0111\u01b0\u1ee3c coi l\u00e0 thi\u00ean \u0111\u01b0\u1eddng h\u1ea1 gi\u1edbi?B\u1eb1ng nh\u1eefng mi\u00eau t\u1ea3 c\u1eb7n k\u1ebd c\u00f9ng h\u00ecnh \u1ea3nh minh h\u1ecda chi ti\u1ebft, cu\u1ed1n s\u00e1ch n\u00e0y s\u1ebd gi\u00fap b\u1ea1n tr\u1ea3 l\u1eddi nh\u1eefng c\u00e2u h\u1ecfi \u1ea5y th\u00f4ng qua vi\u1ec7c gi\u1edbi thi\u1ec7u to\u00e0n c\u1ea3nh 7 k\u00ec quan th\u1ebf gi\u1edbi c\u1ed5 \u0111\u1ea1i, t\u1eeb ho\u00e0n c\u1ea3nh ra \u0111\u1eddi cho \u0111\u1ebfn k\u0129 thu\u1eadt x\u00e2y d\u1ef1ng c\u1ee7a ng\u01b0\u1eddi x\u01b0a. Ngo\u00e0i ra, b\u1ea1n c\u00f2n \u0111\u01b0\u1ee3c kh\u00e1m ph\u00e1 h\u00e0ng lo\u1ea1t c\u00e1c c\u00f4ng tr\u00ecnh n\u1ed5i ti\u1ebfng kh\u00e1c c\u00f9ng nh\u1eefng k\u00ec quan thi\u00ean nhi\u00ean k\u00ec v\u0129 v\u00e0 nh\u1eefng th\u00e0nh t\u1ef1u v\u01b0\u1ee3t b\u1eadc c\u1ee7a nh\u00e2n lo\u1ea1i.Cu\u1ed1n s\u00e1ch \u0111\u01b0\u1ee3c tr\u00ecnh b\u00e0y khoa h\u1ecdc v\u1edbi nh\u1eefng ch\u00fa gi\u1ea3i t\u1ec9 m\u1ec9, ch\u00ednh x\u00e1c c\u00f9ng v\u1edbi h\u00e0ng tr\u0103m minh h\u1ecda sinh \u0111\u1ed9ng, chi ti\u1ebft. \u0110\u00e2y l\u00e0 \u0111i\u1ec3m h\u1ea5p d\u1eabn khi\u1ebfn b\u1ea1n kh\u00f4ng th\u1ec3 b\u1ecf qua cu\u1ed1n s\u00e1ch n\u00e0y.H\u00e3y c\u00f9ng kh\u00e1m ph\u00e1 th\u1ebf gi\u1edbi k\u00ec v\u0129 v\u1edbi 7 k\u00ec quan th\u1ebf gi\u1edbi!<\/p>\n","protected":false},"featured_media":4452,"template":"","meta":{"_acf_changed":false},"product_brand":[],"product_cat":[17,26],"product_tag":[],"class_list":{"0":"post-4456","1":"product","2":"type-product","3":"status-publish","4":"has-post-thumbnail","6":"product_cat-sach-danh-cho-cac-be","7":"product_cat-thieu-nien-11-tuoi-18-tuoi","9":"first","10":"outofstock","11":"taxable","12":"shipping-taxable","13":"purchasable","14":"product-type-simple"},"supplier_id":null,"supplier_sku":"","barcode":null,"atum_controlled":true,"out_stock_date":"2021-03-08 23:29:28","out_stock_threshold":null,"inheritable":false,"inbound_stock":0,"stock_on_hold":0,"sold_today":0,"sales_last_days":0,"reserved_stock":0,"customer_returns":0,"warehouse_damage":0,"lost_in_post":0,"other_logs":0,"out_stock_days":1786,"lost_sales":0,"has_location":false,"update_date":"2026-01-28T23:10:34","atum_locations":[],"atum_stock_status":"outofstock","restock_status":false,"low_stock_amount":"","sales_update_date":"2026-01-28T23:10:34","calc_backorders":null,"acf":{"publisher":{"ID":1544,"post_author":"1","post_date":"2021-02-17 01:24:05","post_date_gmt":"2021-02-16 23:24:05","post_content":"","post_title":"\u0110\u00f4ng A","post_excerpt":"","post_status":"publish","comment_status":"closed","ping_status":"closed","post_password":"","post_name":"dong-a","to_ping":"","pinged":"","post_modified":"2021-02-17 01:24:05","post_modified_gmt":"2021-02-16 23:24:05","post_content_filtered":"","post_parent":0,"guid":"https:\/\/sachviet.eu\/nha-phat-hanh\/dong-a\/","menu_order":0,"post_type":"publisher","post_mime_type":"","comment_count":"0","filter":"raw"}},"_links":{"self":[{"href":"https:\/\/sachviet.eu\/en\/wp-json\/wp\/v2\/product\/4456","targetHints":{"allow":["GET"]}}],"collection":[{"href":"https:\/\/sachviet.eu\/en\/wp-json\/wp\/v2\/product"}],"about":[{"href":"https:\/\/sachviet.eu\/en\/wp-json\/wp\/v2\/types\/product"}],"wp:featuredmedia":[{"embeddable":true,"href":"https:\/\/sachviet.eu\/en\/wp-json\/wp\/v2\/media\/4452"}],"wp:attachment":[{"href":"https:\/\/sachviet.eu\/en\/wp-json\/wp\/v2\/media?parent=4456"}],"wp:term":[{"taxonomy":"product_brand","embeddable":true,"href":"https:\/\/sachviet.eu\/en\/wp-json\/wp\/v2\/product_brand?post=4456"},{"taxonomy":"product_cat","embeddable":true,"href":"https:\/\/sachviet.eu\/en\/wp-json\/wp\/v2\/product_cat?post=4456"},{"taxonomy":"product_tag","embeddable":true,"href":"https:\/\/sachviet.eu\/en\/wp-json\/wp\/v2\/product_tag?post=4456"}],"curies":[{"name":"wp","href":"https:\/\/api.w.org\/{rel}","templated":true}]}}