{"id":4439,"date":"2021-03-09T01:24:06","date_gmt":"2021-03-08T23:24:06","guid":{"rendered":"https:\/\/sachviet.eu\/shop\/100-truyen-ngan-ma-van-khang-tap-2\/"},"modified":"2021-05-18T00:29:24","modified_gmt":"2021-05-17T21:29:24","slug":"100-truyen-ngan-ma-van-khang-tap-2","status":"publish","type":"product","link":"https:\/\/sachviet.eu\/en\/shop\/100-truyen-ngan-ma-van-khang-tap-2\/","title":{"rendered":"100 Truy\u1ec7n Ng\u1eafn Ma V\u0103n Kh\u00e1ng &#8211; T\u1eadp 2"},"content":{"rendered":"<p>100 Truy\u1ec7n Ng\u1eafn Ma V\u0103n Kh\u00e1ng &#8211; T\u1eadp 2<\/p>\n<p>\u201cT\u00e1c ph\u1ea9m c\u1ee7a \u00f4ng v\u1edbi nh\u1eefng \u0111i\u1ec3n h\u00ecnh t\u1ed9t \u0111\u1ed9, ngh\u1ec7 thu\u1eadt di\u1ec5n \u0111\u1ea1t tinh vi, k\u1ef3 di\u1ec7u c\u1ee7a m\u1ed9t ngh\u1ec7 s\u0129 t\u00e0i ba, \u0111\u1eb7c bi\u1ec7t l\u00e0 v\u1ec1 s\u1ef1 tinh x\u1ea3o c\u1ee7a ng\u00f4n ng\u1eef&#8230; \u0111\u00e3 \u0111em l\u1ea1i cho ng\u01b0\u1eddi \u0111\u1ecdc bi\u1ebft bao rung c\u1ea3m, x\u00fac \u0111\u1ed9ng, gieo v\u00e0o l\u00f2ng ng\u01b0\u1eddi ni\u1ec1m tin, kh\u00e1t v\u1ecdng v\u00e0 th\u1ed5i b\u00f9ng c\u1ea3 nh\u1eefng ng\u1ecdn l\u1eeda c\u0103m h\u1eddn \u0111\u1ed1i v\u1edbi c\u00e1i \u00e1c, g\u00f3p ph\u1ea7n \u0111\u1ea5u tranh th\u00fac \u0111\u1ea9y x\u00e3 h\u1ed9i \u0111i t\u1edbi, ng\u00e0y c\u00e0ng ti\u1ec7m c\u1eadn ch\u00e2n l\u00fd v\u00e0 c\u00e1i \u0111\u1eb9p.\u201d Nh\u00e0 gi\u00e1o Kh\u00e1nh T\u00ecnh<\/p>\n","protected":false},"excerpt":{"rendered":"<p>100 Truy\u1ec7n Ng\u1eafn Ma V\u0103n Kh\u00e1ng &#8211; T\u1eadp 2<\/p>\n<p>\u201cT\u00e1c ph\u1ea9m c\u1ee7a \u00f4ng v\u1edbi nh\u1eefng \u0111i\u1ec3n h\u00ecnh t\u1ed9t \u0111\u1ed9, ngh\u1ec7 thu\u1eadt di\u1ec5n \u0111\u1ea1t tinh vi, k\u1ef3 di\u1ec7u c\u1ee7a m\u1ed9t ngh\u1ec7 s\u0129 t\u00e0i ba, \u0111\u1eb7c bi\u1ec7t l\u00e0 v\u1ec1 s\u1ef1 tinh x\u1ea3o c\u1ee7a ng\u00f4n ng\u1eef&#8230; \u0111\u00e3 \u0111em l\u1ea1i cho ng\u01b0\u1eddi \u0111\u1ecdc bi\u1ebft bao rung c\u1ea3m, x\u00fac \u0111\u1ed9ng, gieo v\u00e0o l\u00f2ng ng\u01b0\u1eddi ni\u1ec1m tin, kh\u00e1t v\u1ecdng v\u00e0 th\u1ed5i b\u00f9ng c\u1ea3 nh\u1eefng ng\u1ecdn l\u1eeda c\u0103m h\u1eddn \u0111\u1ed1i v\u1edbi c\u00e1i \u00e1c, g\u00f3p ph\u1ea7n \u0111\u1ea5u tranh th\u00fac \u0111\u1ea9y x\u00e3 h\u1ed9i \u0111i t\u1edbi, ng\u00e0y c\u00e0ng ti\u1ec7m c\u1eadn ch\u00e2n l\u00fd v\u00e0 c\u00e1i \u0111\u1eb9p.\u201d Nh\u00e0 gi\u00e1o Kh\u00e1nh T\u00ecnh<\/p>\n","protected":false},"featured_media":4438,"template":"","meta":{"_acf_changed":false},"product_brand":[],"product_cat":[15,47],"product_tag":[],"class_list":{"0":"post-4439","1":"product","2":"type-product","3":"status-publish","4":"has-post-thumbnail","6":"product_cat-sach-danh-cho-nguoi-lon","7":"product_cat-truyen-ngan-tan-van","9":"first","10":"outofstock","11":"taxable","12":"shipping-taxable","13":"purchasable","14":"product-type-simple"},"supplier_id":null,"supplier_sku":"","barcode":null,"atum_controlled":true,"out_stock_date":"2021-03-08 23:24:06","out_stock_threshold":null,"inheritable":false,"inbound_stock":0,"stock_on_hold":0,"sold_today":0,"sales_last_days":0,"reserved_stock":0,"customer_returns":0,"warehouse_damage":0,"lost_in_post":0,"other_logs":0,"out_stock_days":1786,"lost_sales":0,"has_location":false,"update_date":"2026-01-28T23:10:34","atum_locations":[],"atum_stock_status":"outofstock","restock_status":false,"low_stock_amount":"","sales_update_date":"2026-01-28T23:10:34","calc_backorders":null,"acf":{"publisher":false},"_links":{"self":[{"href":"https:\/\/sachviet.eu\/en\/wp-json\/wp\/v2\/product\/4439","targetHints":{"allow":["GET"]}}],"collection":[{"href":"https:\/\/sachviet.eu\/en\/wp-json\/wp\/v2\/product"}],"about":[{"href":"https:\/\/sachviet.eu\/en\/wp-json\/wp\/v2\/types\/product"}],"wp:featuredmedia":[{"embeddable":true,"href":"https:\/\/sachviet.eu\/en\/wp-json\/wp\/v2\/media\/4438"}],"wp:attachment":[{"href":"https:\/\/sachviet.eu\/en\/wp-json\/wp\/v2\/media?parent=4439"}],"wp:term":[{"taxonomy":"product_brand","embeddable":true,"href":"https:\/\/sachviet.eu\/en\/wp-json\/wp\/v2\/product_brand?post=4439"},{"taxonomy":"product_cat","embeddable":true,"href":"https:\/\/sachviet.eu\/en\/wp-json\/wp\/v2\/product_cat?post=4439"},{"taxonomy":"product_tag","embeddable":true,"href":"https:\/\/sachviet.eu\/en\/wp-json\/wp\/v2\/product_tag?post=4439"}],"curies":[{"name":"wp","href":"https:\/\/api.w.org\/{rel}","templated":true}]}}