{"id":4437,"date":"2021-03-09T01:24:03","date_gmt":"2021-03-08T23:24:03","guid":{"rendered":"https:\/\/sachviet.eu\/shop\/100-truyen-ngan-ma-van-khang-tap-1\/"},"modified":"2021-05-18T00:29:35","modified_gmt":"2021-05-17T21:29:35","slug":"100-truyen-ngan-ma-van-khang-tap-1","status":"publish","type":"product","link":"https:\/\/sachviet.eu\/en\/shop\/100-truyen-ngan-ma-van-khang-tap-1\/","title":{"rendered":"100 Truy\u1ec7n Ng\u1eafn Ma V\u0103n Kh\u00e1ng &#8211; T\u1eadp 1"},"content":{"rendered":"<p>100 Truy\u1ec7n Ng\u1eafn Ma V\u0103n Kh\u00e1ng &#8211; T\u1eadp 1<\/p>\n<p>\u201cMa V\u0103n Kh\u00e1ng l\u00e0 nh\u00e0 v\u0103n c\u1ee7a c\u00e1i \u0111\u1eb9p trong d\u00f2ng \u0111\u1eddi sinh h\u00f3a b\u00ecnh d\u1ecb, h\u1ed3n nhi\u00ean, c\u00e1i \u0111\u1eb9p trong ni\u1ec1m h\u1ea1nh ph\u00fac \u0111\u01b0\u1ee3c l\u00e0m ng\u01b0\u1eddi v\u1edbi \u00fd ngh\u0129a \u0111\u00edch th\u1ef1c c\u1ee7a n\u00f3 ch\u1ee9 kh\u00f4ng ph\u1ea3i l\u00e0 c\u00e1i g\u00ec kh\u00e1c.\u201d-PGS. TS. L\u00e3 Nguy\u00ean<\/p>\n<p>\u201cNh\u00e0 gi\u00e1o &#8211; nh\u00e0 v\u0103n \u0110inh Tr\u1ecdng \u0110o\u00e0n \u0111\u00e3 \u0111em \u0111\u1ebfn cho ng\u01b0\u1eddi \u0111\u1ecdc bao n\u1ed7i b\u0103n kho\u0103n, day d\u1ee9t, tr\u0103n tr\u1edf v\u1ec1 th\u1ebf s\u1ef1 nh\u00e2n sinh qua nh\u1eefng t\u00e1c ph\u1ea9m in \u0111\u1eadm phong c\u00e1ch c\u1ee7a m\u1ed9t c\u00e2y b\u00fat v\u0103n xu\u00f4i n\u00e0y, xem n\u00f3 l\u00e0 m\u1ed9t trong nh\u1eefng y\u1ebfu t\u1ed1 c\u1ea7n thi\u1ebft, quan tr\u1ecdng t\u1ea1o n\u00ean s\u1ef1 h\u1ea5p d\u1eabn ri\u00eang trong truy\u1ec7n ng\u1eafn c\u1ee7a \u00f4ng.\u201d<br \/>\nTS. \u0110\u1ed7 Ph\u01b0\u01a1ng Th\u1ea3o<\/p>\n","protected":false},"excerpt":{"rendered":"<p>100 Truy\u1ec7n Ng\u1eafn Ma V\u0103n Kh\u00e1ng &#8211; T\u1eadp 1<\/p>\n<p>\u201cMa V\u0103n Kh\u00e1ng l\u00e0 nh\u00e0 v\u0103n c\u1ee7a c\u00e1i \u0111\u1eb9p trong d\u00f2ng \u0111\u1eddi sinh h\u00f3a b\u00ecnh d\u1ecb, h\u1ed3n nhi\u00ean, c\u00e1i \u0111\u1eb9p trong ni\u1ec1m h\u1ea1nh ph\u00fac \u0111\u01b0\u1ee3c l\u00e0m ng\u01b0\u1eddi v\u1edbi \u00fd ngh\u0129a \u0111\u00edch th\u1ef1c c\u1ee7a n\u00f3 ch\u1ee9 kh\u00f4ng ph\u1ea3i l\u00e0 c\u00e1i g\u00ec kh\u00e1c.\u201d-PGS. TS. L\u00e3 Nguy\u00ean<\/p>\n<p>\u201cNh\u00e0 gi\u00e1o &#8211; nh\u00e0 v\u0103n \u0110inh Tr\u1ecdng \u0110o\u00e0n \u0111\u00e3 \u0111em \u0111\u1ebfn cho ng\u01b0\u1eddi \u0111\u1ecdc bao n\u1ed7i b\u0103n kho\u0103n, day d\u1ee9t, tr\u0103n tr\u1edf v\u1ec1 th\u1ebf s\u1ef1 nh\u00e2n sinh qua nh\u1eefng t\u00e1c ph\u1ea9m in \u0111\u1eadm phong c\u00e1ch c\u1ee7a m\u1ed9t c\u00e2y b\u00fat v\u0103n xu\u00f4i n\u00e0y, xem n\u00f3 l\u00e0 m\u1ed9t trong nh\u1eefng y\u1ebfu t\u1ed1 c\u1ea7n thi\u1ebft, quan tr\u1ecdng t\u1ea1o n\u00ean s\u1ef1 h\u1ea5p d\u1eabn ri\u00eang trong truy\u1ec7n ng\u1eafn c\u1ee7a \u00f4ng.\u201d<br \/>\nTS. \u0110\u1ed7 Ph\u01b0\u01a1ng Th\u1ea3o<\/p>\n","protected":false},"featured_media":4422,"template":"","meta":{"_acf_changed":false},"product_brand":[],"product_cat":[15,47],"product_tag":[],"class_list":{"0":"post-4437","1":"product","2":"type-product","3":"status-publish","4":"has-post-thumbnail","6":"product_cat-sach-danh-cho-nguoi-lon","7":"product_cat-truyen-ngan-tan-van","9":"first","10":"outofstock","11":"taxable","12":"shipping-taxable","13":"purchasable","14":"product-type-simple"},"supplier_id":null,"supplier_sku":"","barcode":null,"atum_controlled":true,"out_stock_date":"2021-03-08 23:24:03","out_stock_threshold":null,"inheritable":false,"inbound_stock":0,"stock_on_hold":0,"sold_today":0,"sales_last_days":0,"reserved_stock":0,"customer_returns":0,"warehouse_damage":0,"lost_in_post":0,"other_logs":0,"out_stock_days":1786,"lost_sales":0,"has_location":false,"update_date":"2026-01-28T23:10:34","atum_locations":[],"atum_stock_status":"outofstock","restock_status":false,"low_stock_amount":"","sales_update_date":"2026-01-28T23:10:34","calc_backorders":null,"acf":{"publisher":false},"_links":{"self":[{"href":"https:\/\/sachviet.eu\/en\/wp-json\/wp\/v2\/product\/4437","targetHints":{"allow":["GET"]}}],"collection":[{"href":"https:\/\/sachviet.eu\/en\/wp-json\/wp\/v2\/product"}],"about":[{"href":"https:\/\/sachviet.eu\/en\/wp-json\/wp\/v2\/types\/product"}],"wp:featuredmedia":[{"embeddable":true,"href":"https:\/\/sachviet.eu\/en\/wp-json\/wp\/v2\/media\/4422"}],"wp:attachment":[{"href":"https:\/\/sachviet.eu\/en\/wp-json\/wp\/v2\/media?parent=4437"}],"wp:term":[{"taxonomy":"product_brand","embeddable":true,"href":"https:\/\/sachviet.eu\/en\/wp-json\/wp\/v2\/product_brand?post=4437"},{"taxonomy":"product_cat","embeddable":true,"href":"https:\/\/sachviet.eu\/en\/wp-json\/wp\/v2\/product_cat?post=4437"},{"taxonomy":"product_tag","embeddable":true,"href":"https:\/\/sachviet.eu\/en\/wp-json\/wp\/v2\/product_tag?post=4437"}],"curies":[{"name":"wp","href":"https:\/\/api.w.org\/{rel}","templated":true}]}}