{"id":4366,"date":"2021-03-06T02:12:47","date_gmt":"2021-03-06T00:12:47","guid":{"rendered":"https:\/\/sachviet.eu\/shop\/ung-thu-su-that-hu-cau-va-gian-lan-nhung-phuong-phap-chua-benh-khong-doc-hai\/"},"modified":"2023-06-28T14:03:59","modified_gmt":"2023-06-28T11:03:59","slug":"ung-thu-su-that-hu-cau-va-gian-lan-nhung-phuong-phap-chua-benh-khong-doc-hai","status":"publish","type":"product","link":"https:\/\/sachviet.eu\/en\/shop\/ung-thu-su-that-hu-cau-va-gian-lan-nhung-phuong-phap-chua-benh-khong-doc-hai\/","title":{"rendered":"Ung Th\u01b0 &#8211; S\u1ef1 Th\u1eadt, H\u01b0 C\u1ea5u V\u00e0 Gian L\u1eadn &#8211; Nh\u1eefng Ph\u01b0\u01a1ng Ph\u00e1p Ch\u1eefa B\u1ec7nh Kh\u00f4ng \u0110\u1ed9c H\u1ea1i"},"content":{"rendered":"<p>Nh\u1eefng g\u00ec b\u1ea1n bi\u1ebft v\u1ec1 ung th\u01b0 \u0111\u00e3 \u0111\u01b0\u1ee3c t\u1ea1o d\u1ef1ng c\u1ea9n th\u1eadn v\u00e0 ch\u1ebf t\u00e1c d\u01b0\u1edbi tay c\u00e1c ngh\u1ec7 s\u0129 tuy\u00ean truy\u1ec1n trong ng\u00e0nh c\u00f4ng nghi\u1ec7p d\u01b0\u1ee3c ph\u1ea9m, t\u1ea5t c\u1ea3 nh\u1eb1m m\u1ee5c \u0111\u00edch kh\u00f4ng cho b\u1ea1n bi\u1ebft v\u1ec1 t\u00ednh \u01b0u vi\u1ec7t to l\u1edbn c\u1ee7a M\u1eb9 T\u1ef1 nhi\u00ean trong \u0111i\u1ec1u tr\u1ecb ung th\u01b0.<\/p>\n<p>Tin t\u1ed1t l\u00e0nh l\u00e0 cu\u1ed1n s\u00e1ch n\u00e0y, \u201cUng th\u01b0 \u2013 S\u1ef1 th\u1eadt, h\u01b0 c\u1ea5u, gian l\u1eadn v\u00e0 nh\u1eefng ph\u01b0\u01a1ng ph\u00e1p ch\u1eefa l\u00e0nh kh\u00f4ng \u0111\u1ed9c h\u1ea1i\u201d, s\u1ebd \u0111em l\u1ea1i s\u1ef1 th\u1eadt. N\u00f3 s\u1ebd cho b\u1ea1n bi\u1ebft v\u1ec1 c\u00e1c li\u1ec7u ph\u00e1p \u0111i\u1ec1u tr\u1ecb ung th\u01b0 thay th\u1ebf th\u1ef1c s\u1ef1 hi\u1ec7u qu\u1ea3. H\u00e3y xem c\u00e1c s\u1ed1 li\u1ec7u th\u1ed1ng k\u00ea th\u1ef1c t\u1ebf:<\/p>\n<p>&#8211; T\u1ef7 l\u1ec7 ch\u1eefa kh\u1ecfi b\u1ec7nh 90% ho\u1eb7c cao h\u01a1n c\u00f3 th\u1ec3 d\u1ec5 d\u00e0ng \u0111\u1ea1t \u0111\u01b0\u1ee3c v\u1edbi c\u00e1c b\u1ec7nh nh\u00e2n ung th\u01b0 kh\u00f4ng theo y h\u1ecdc ch\u00ednh th\u1ed1ng m\u00e0 theo y h\u1ecdc thay th\u1ebf ngay t\u1eeb \u0111\u1ea7u v\u00e0 tu\u00e2n th\u1ee7 nghi\u00eam ng\u1eb7t.<\/p>\n<p>&#8211; T\u1ef7 l\u1ec7 ch\u1eefa kh\u1ecfi b\u1ec7nh c\u1ee7a y h\u1ecdc ch\u00ednh th\u1ed1ng l\u00e0 3% ho\u1eb7c \u00edt h\u01a1n.<\/p>\n<p>&#8211; Tr\u01b0\u1edbc khi t\u00ecm \u0111\u1ebfn li\u1ec7u ph\u00e1p \u0111i\u1ec1u tr\u1ecb ung th\u01b0 thay th\u1ebf, 95% b\u1ec7nh nh\u00e2n \u0111\u00e3 \u0111i\u1ec1u tr\u1ecb \u0111\u1ea7y \u0111\u1ee7 theo ph\u01b0\u01a1ng ph\u00e1p ch\u00ednh th\u1ed1ng v\u00e0 \u0111\u01b0\u1ee3c tr\u1ea3 v\u1ec1 nh\u00e0 ch\u1edd ch\u1ebft. C\u00f3 ngh\u0129a l\u00e0 y h\u1ecdc thay th\u1ebf ph\u1ea3i ti\u1ebfp nh\u1eadn m\u1ed9t s\u1ed1 l\u01b0\u1ee3ng l\u1edbn c\u00e1c b\u1ec7nh nh\u00e2n ung th\u01b0 \u0111\u00e3 \u1edf trong t\u00ecnh tr\u1ea1ng nguy k\u1ecbch.<\/p>\n<p>&#8211; \u0110\u1ed1i v\u1edbi nh\u1eefng ng\u01b0\u1eddi cho \u0111\u1ebfn khi \u0111\u01b0\u1ee3c tr\u1ea3 v\u1ec1 nh\u00e0 ch\u1edd ch\u1ebft m\u1edbi l\u00e0m theo li\u1ec7u ph\u00e1p \u0111i\u1ec1u tr\u1ecb ung th\u01b0 thay th\u1ebf, ch\u1ec9 c\u00f3 m\u1ed9t s\u1ed1 \u00edt trong h\u01a1n 300 li\u1ec7u ph\u00e1p \u0111i\u1ec1u tr\u1ecb ung th\u01b0 thay th\u1ebf l\u00e0 \u0111\u1ee7 m\u1ea1nh \u0111\u1ec3 cho h\u1ecd c\u01a1 h\u1ed9i s\u1ed1ng s\u00f3t.<\/p>\n<p>&#8211; Nh\u01b0ng ngay c\u1ea3 \u0111\u1ed1i v\u1edbi s\u1ed1 \u00edt nh\u1eefng ng\u01b0\u1eddi t\u00ecm th\u1ea5y m\u1ed9t li\u1ec7u ph\u00e1p \u0111i\u1ec1u tr\u1ecb hi\u1ec7u nghi\u1ec7m, cao nh\u1ea5t h\u1ecd c\u0169ng ch\u1ec9 c\u00f3 t\u1ef7 l\u1ec7 s\u1ed1ng s\u00f3t kho\u1ea3ng 50%.<\/p>\n<p>N\u00f3i c\u00e1ch kh\u00e1c, n\u1ebfu b\u1ea1n t\u00ecm \u0111\u1ebfn y h\u1ecdc thay th\u1ebf tr\u01b0\u1edbc v\u00e0 tu\u00e2n th\u1ee7 nghi\u00eam ng\u1eb7t th\u00ec t\u1ef7 l\u1ec7 s\u1ed1ng s\u00f3t l\u00e0 90% ho\u1eb7c cao h\u01a1n. N\u1ebfu theo y h\u1ecdc ch\u00ednh th\u1ed1ng tr\u01b0\u1edbc sau \u0111\u00f3 m\u1edbi theo y h\u1ecdc thay th\u1ebf, b\u1ea1n s\u1ebd m\u1ea5t h\u00e0ng n\u0103m tr\u1eddi ch\u1ecbu \u0111\u1ef1ng v\u00e0 n\u1ebfu may m\u1eafn b\u1ea1n s\u1ebd c\u00f3 50% t\u1ef7 l\u1ec7 s\u1ed1ng s\u00f3t.<\/p>\n<p>B\u1ea1n th\u1ea5y \u0111\u00f3, nh\u1eefng cu\u1ed1n s\u00e1ch nh\u01b0 \u201cUng th\u01b0 \u2013 S\u1ef1 th\u1eadt, h\u01b0 c\u1ea5u, gian l\u1eadn v\u00e0 nh\u1eefng ph\u01b0\u01a1ng ph\u00e1p ch\u1eefa l\u00e0nh kh\u00f4ng \u0111\u1ed9c h\u1ea1i\u201d l\u00e0 r\u1ea5t quan tr\u1ecdng. Cu\u1ed1n s\u00e1ch n\u00e0y ti\u1ebft ki\u1ec7m cho b\u1ea1n h\u00e0ng th\u00e1ng tr\u1eddi nghi\u00ean c\u1ee9u t\u00ecm hi\u1ec3u v\u00e0 ch\u1ec9 cho b\u1ea1n h\u01b0\u1edbng ch\u00ednh x\u00e1c c\u1ea7n ph\u1ea3i \u0111i.<\/p>\n<p>D\u1ecbch gi\u1ea3 c\u1ee7a cu\u1ed1n s\u00e1ch chia s\u1ebb: \u201cCu\u1ed1n Tho\u00e1t kh\u1ecfi ung th\u01b0 (Cancer-Free) \u0111\u00e3 nh\u1eadn \u0111\u01b0\u1ee3c s\u1ef1 quan t\u00e2m c\u1ee7a nhi\u1ec1u b\u1ec7nh nh\u00e2n ung th\u01b0 v\u00e0 c\u1ea3 nh\u1eefng ng\u01b0\u1eddi kh\u00f4ng m\u1eafc b\u1ec7nh ung th\u01b0. Cu\u1ed1n s\u00e1ch \u0111\u01b0\u1ee3c t\u00e1i b\u1ea3n b\u1ed1n l\u1ea7n trong v\u00f2ng hai n\u0103m. Nhi\u1ec1u b\u1ea1n \u0111\u1ecdc cho r\u1eb1ng \u0111\u1ea5y l\u00e0 cu\u1ed1n s\u00e1ch b\u1ed5 \u00edch, cho h\u1ecd hy v\u1ecdng, kh\u00edch l\u1ec7 h\u1ecd r\u1eb1ng ung th\u01b0 kh\u00f4ng ph\u1ea3i l\u00e0 m\u1ed9t b\u1ea3n \u00e1n t\u1eed h\u00ecnh. Ch\u00ednh \u0111i\u1ec1u n\u00e0y \u0111\u00e3 t\u1ea1o \u0111\u1ed9ng l\u1ef1c \u0111\u1ec3 t\u00f4i ti\u1ebfp t\u1ee5c chuy\u1ec3n ng\u1eef cu\u1ed1n s\u00e1ch b\u1ea1n \u0111ang c\u1ea7m tr\u00ean tay: Ung th\u01b0 \u2013 S\u1ef1 th\u1eadt, h\u01b0 c\u1ea5u, gian l\u1eadn v\u00e0 nh\u1eefng ph\u01b0\u01a1ng ph\u00e1p ch\u1eefa l\u00e0nh kh\u00f4ng \u0111\u1ed9c h\u1ea1i (Cancer \u2013 Step Outside The Box).<\/p>\n<p>Cu\u1ed1n s\u00e1ch c\u00f3 nhi\u1ec1u th\u00f4ng tin quan tr\u1ecdng \u0111\u01b0\u1ee3c s\u1eafp x\u1ebfp theo c\u00e1ch r\u1ea5t d\u1ec5 \u0111\u1ecdc, b\u1ea1n kh\u00f4ng th\u1ec3 t\u00ecm th\u1ea5y l\u01b0\u1ee3ng th\u00f4ng tin phong ph\u00fa nh\u01b0 th\u1ebf \u1edf b\u1ea5t c\u1ee9 n\u01a1i n\u00e0o kh\u00e1c. Theo t\u00f4i, cho \u0111\u1ebfn th\u1eddi \u0111i\u1ec3m n\u00e0y, \u0111\u00e2y l\u00e0 cu\u1ed1n s\u00e1ch \u0111\u00e1nh gi\u00e1 \u0111\u1ea7y \u0111\u1ee7 v\u00e0 th\u00edch \u0111\u00e1ng nh\u1ea5t c\u00e1c li\u1ec7u ph\u00e1p \u0111i\u1ec1u tr\u1ecb ung th\u01b0 thay th\u1ebf. Cu\u1ed1n s\u00e1ch \u0111\u00e3 \u0111\u01b0\u1ee3c t\u00e1i b\u1ea3n s\u00e1u l\u1ea7n \u1edf M\u1ef9, nh\u1eadn \u0111\u01b0\u1ee3c s\u1ef1 h\u01b0\u1edfng \u1ee9ng c\u1ee7a \u0111\u00f4ng \u0111\u1ea3o \u0111\u1ed9c gi\u1ea3 t\u1ea1i M\u1ef9 v\u00e0 c\u00e1c n\u01b0\u1edbc kh\u00e1c tr\u00ean th\u1ebf gi\u1edbi. V\u00ec kh\u1ed1i ki\u1ebfn th\u1ee9c to l\u1edbn trong n\u1ed9i dung cu\u1ed1n s\u00e1ch c\u00f3 th\u1ec3 mang nh\u1eefng \u0111i\u1ec1u b\u1ed5 \u00edch \u0111\u1ebfn cho b\u1ec7nh nh\u00e2n trong \u0111i\u1ec1u tr\u1ecb ung th\u01b0 v\u00e0 cho t\u1ea5t c\u1ea3 nh\u1eefng ng\u01b0\u1eddi kh\u1ecfe m\u1ea1nh trong ph\u00f2ng ng\u1eeba b\u1ec7nh ung th\u01b0, b\u1ea1n n\u00ean \u0111\u1ecdc cu\u1ed1n s\u00e1ch n\u00e0y.<\/p>\n<p>D\u0129 nhi\u00ean, nh\u1eefng quan \u0111i\u1ec3m hay nh\u1eadn x\u00e9t c\u1ee7a t\u00e1c gi\u1ea3 ho\u00e0n to\u00e0n mang t\u00ednh c\u00e1 nh\u00e2n, d\u1ef1a tr\u00ean hi\u1ec3u bi\u1ebft c\u1ee7a m\u00ecnh v\u1ec1 th\u1ef1c t\u1ebf \u0111i\u1ec1u tr\u1ecb ung th\u01b0 t\u1ea1i M\u1ef9 hay m\u1ed9t v\u00e0i n\u01a1i kh\u00e1c, n\u00ean ch\u00fang ta kh\u00f4ng th\u1ec3 coi \u0111\u00e2y l\u00e0 m\u1ed9t c\u1ea9m nang b\u00e1ch khoa duy nh\u1ea5t v\u00e0 th\u1ea9m quy\u1ec1n nh\u1ea5t v\u1ec1 \u0111i\u1ec1u tr\u1ecb ung th\u01b0, m\u00e0 ch\u1ec9 n\u00ean coi l\u00e0 t\u00e0i li\u1ec7u tham kh\u1ea3o, b\u1ed5 sung ki\u1ebfn th\u1ee9c cho ch\u00fang ta.<\/p>\n","protected":false},"excerpt":{"rendered":"<p>Nh\u1eefng g\u00ec b\u1ea1n bi\u1ebft v\u1ec1 ung th\u01b0 \u0111\u00e3 \u0111\u01b0\u1ee3c t\u1ea1o d\u1ef1ng c\u1ea9n th\u1eadn v\u00e0 ch\u1ebf t\u00e1c d\u01b0\u1edbi tay c\u00e1c ngh\u1ec7 s\u0129 tuy\u00ean truy\u1ec1n trong ng\u00e0nh c\u00f4ng nghi\u1ec7p d\u01b0\u1ee3c ph\u1ea9m, t\u1ea5t c\u1ea3 nh\u1eb1m m\u1ee5c \u0111\u00edch kh\u00f4ng cho b\u1ea1n bi\u1ebft v\u1ec1 t\u00ednh \u01b0u vi\u1ec7t to l\u1edbn c\u1ee7a M\u1eb9 T\u1ef1 nhi\u00ean trong \u0111i\u1ec1u tr\u1ecb ung th\u01b0.<\/p>\n<p>Tin t\u1ed1t l\u00e0nh l\u00e0 cu\u1ed1n s\u00e1ch n\u00e0y, \u201cUng th\u01b0 \u2013 S\u1ef1 th\u1eadt, h\u01b0 c\u1ea5u, gian l\u1eadn v\u00e0 nh\u1eefng ph\u01b0\u01a1ng ph\u00e1p ch\u1eefa l\u00e0nh kh\u00f4ng \u0111\u1ed9c h\u1ea1i\u201d, s\u1ebd \u0111em l\u1ea1i s\u1ef1 th\u1eadt. N\u00f3 s\u1ebd cho b\u1ea1n bi\u1ebft v\u1ec1 c\u00e1c li\u1ec7u ph\u00e1p \u0111i\u1ec1u tr\u1ecb ung th\u01b0 thay th\u1ebf th\u1ef1c s\u1ef1 hi\u1ec7u qu\u1ea3. H\u00e3y xem c\u00e1c s\u1ed1 li\u1ec7u th\u1ed1ng k\u00ea th\u1ef1c t\u1ebf:<\/p>\n<p>&#8211; T\u1ef7 l\u1ec7 ch\u1eefa kh\u1ecfi b\u1ec7nh 90% ho\u1eb7c cao h\u01a1n c\u00f3 th\u1ec3 d\u1ec5 d\u00e0ng \u0111\u1ea1t \u0111\u01b0\u1ee3c v\u1edbi c\u00e1c b\u1ec7nh nh\u00e2n ung th\u01b0 kh\u00f4ng theo y h\u1ecdc ch\u00ednh th\u1ed1ng m\u00e0 theo y h\u1ecdc thay th\u1ebf ngay t\u1eeb \u0111\u1ea7u v\u00e0 tu\u00e2n th\u1ee7 nghi\u00eam ng\u1eb7t.<\/p>\n<p>&#8211; T\u1ef7 l\u1ec7 ch\u1eefa kh\u1ecfi b\u1ec7nh c\u1ee7a y h\u1ecdc ch\u00ednh th\u1ed1ng l\u00e0 3% ho\u1eb7c \u00edt h\u01a1n.<\/p>\n<p>&#8211; Tr\u01b0\u1edbc khi t\u00ecm \u0111\u1ebfn li\u1ec7u ph\u00e1p \u0111i\u1ec1u tr\u1ecb ung th\u01b0 thay th\u1ebf, 95% b\u1ec7nh nh\u00e2n \u0111\u00e3 \u0111i\u1ec1u tr\u1ecb \u0111\u1ea7y \u0111\u1ee7 theo ph\u01b0\u01a1ng ph\u00e1p ch\u00ednh th\u1ed1ng v\u00e0 \u0111\u01b0\u1ee3c tr\u1ea3 v\u1ec1 nh\u00e0 ch\u1edd ch\u1ebft. C\u00f3 ngh\u0129a l\u00e0 y h\u1ecdc thay th\u1ebf ph\u1ea3i ti\u1ebfp nh\u1eadn m\u1ed9t s\u1ed1 l\u01b0\u1ee3ng l\u1edbn c\u00e1c b\u1ec7nh nh\u00e2n ung th\u01b0 \u0111\u00e3 \u1edf trong t\u00ecnh tr\u1ea1ng nguy k\u1ecbch.<\/p>\n<p>&#8211; \u0110\u1ed1i v\u1edbi nh\u1eefng ng\u01b0\u1eddi cho \u0111\u1ebfn khi \u0111\u01b0\u1ee3c tr\u1ea3 v\u1ec1 nh\u00e0 ch\u1edd ch\u1ebft m\u1edbi l\u00e0m theo li\u1ec7u ph\u00e1p \u0111i\u1ec1u tr\u1ecb ung th\u01b0 thay th\u1ebf, ch\u1ec9 c\u00f3 m\u1ed9t s\u1ed1 \u00edt trong h\u01a1n 300 li\u1ec7u ph\u00e1p \u0111i\u1ec1u tr\u1ecb ung th\u01b0 thay th\u1ebf l\u00e0 \u0111\u1ee7 m\u1ea1nh \u0111\u1ec3 cho h\u1ecd c\u01a1 h\u1ed9i s\u1ed1ng s\u00f3t.<\/p>\n<p>&#8211; Nh\u01b0ng ngay c\u1ea3 \u0111\u1ed1i v\u1edbi s\u1ed1 \u00edt nh\u1eefng ng\u01b0\u1eddi t\u00ecm th\u1ea5y m\u1ed9t li\u1ec7u ph\u00e1p \u0111i\u1ec1u tr\u1ecb hi\u1ec7u nghi\u1ec7m, cao nh\u1ea5t h\u1ecd c\u0169ng ch\u1ec9 c\u00f3 t\u1ef7 l\u1ec7 s\u1ed1ng s\u00f3t kho\u1ea3ng 50%.<\/p>\n","protected":false},"featured_media":4351,"template":"","meta":{"_acf_changed":false},"product_brand":[],"product_cat":[15,46],"product_tag":[],"class_list":{"0":"post-4366","1":"product","2":"type-product","3":"status-publish","4":"has-post-thumbnail","6":"product_cat-sach-danh-cho-nguoi-lon","7":"product_cat-ky-nang-song","9":"first","10":"instock","11":"taxable","12":"shipping-taxable","13":"purchasable","14":"product-type-simple"},"supplier_id":null,"supplier_sku":"","barcode":null,"atum_controlled":true,"out_stock_date":null,"out_stock_threshold":null,"inheritable":false,"inbound_stock":0,"stock_on_hold":0,"sold_today":0,"sales_last_days":0,"reserved_stock":0,"customer_returns":0,"warehouse_damage":0,"lost_in_post":0,"other_logs":0,"out_stock_days":0,"lost_sales":0,"has_location":false,"update_date":"2026-01-28T23:10:34","atum_locations":[],"atum_stock_status":"instock","restock_status":false,"low_stock_amount":"","sales_update_date":"2026-01-28T23:10:34","calc_backorders":null,"acf":{"publisher":{"ID":1474,"post_author":"1","post_date":"2021-02-17 01:12:51","post_date_gmt":"2021-02-16 23:12:51","post_content":"","post_title":"Th\u00e1i H\u00e0","post_excerpt":"","post_status":"publish","comment_status":"closed","ping_status":"closed","post_password":"","post_name":"thai-ha","to_ping":"","pinged":"","post_modified":"2021-02-17 01:12:51","post_modified_gmt":"2021-02-16 23:12:51","post_content_filtered":"","post_parent":0,"guid":"https:\/\/sachviet.eu\/nha-phat-hanh\/thai-ha\/","menu_order":0,"post_type":"publisher","post_mime_type":"","comment_count":"0","filter":"raw"}},"_links":{"self":[{"href":"https:\/\/sachviet.eu\/en\/wp-json\/wp\/v2\/product\/4366","targetHints":{"allow":["GET"]}}],"collection":[{"href":"https:\/\/sachviet.eu\/en\/wp-json\/wp\/v2\/product"}],"about":[{"href":"https:\/\/sachviet.eu\/en\/wp-json\/wp\/v2\/types\/product"}],"wp:featuredmedia":[{"embeddable":true,"href":"https:\/\/sachviet.eu\/en\/wp-json\/wp\/v2\/media\/4351"}],"wp:attachment":[{"href":"https:\/\/sachviet.eu\/en\/wp-json\/wp\/v2\/media?parent=4366"}],"wp:term":[{"taxonomy":"product_brand","embeddable":true,"href":"https:\/\/sachviet.eu\/en\/wp-json\/wp\/v2\/product_brand?post=4366"},{"taxonomy":"product_cat","embeddable":true,"href":"https:\/\/sachviet.eu\/en\/wp-json\/wp\/v2\/product_cat?post=4366"},{"taxonomy":"product_tag","embeddable":true,"href":"https:\/\/sachviet.eu\/en\/wp-json\/wp\/v2\/product_tag?post=4366"}],"curies":[{"name":"wp","href":"https:\/\/api.w.org\/{rel}","templated":true}]}}