{"id":4350,"date":"2021-03-06T02:12:01","date_gmt":"2021-03-06T00:12:01","guid":{"rendered":"https:\/\/sachviet.eu\/shop\/cam-on-nguoi-lon\/"},"modified":"2024-12-09T12:41:41","modified_gmt":"2024-12-09T10:41:41","slug":"cam-on-nguoi-lon","status":"publish","type":"product","link":"https:\/\/sachviet.eu\/en\/shop\/cam-on-nguoi-lon\/","title":{"rendered":"C\u1ea3m \u01a0n Ng\u01b0\u1eddi L\u1edbn"},"content":{"rendered":"C\u1ea3m \u01a0n Ng\u01b0\u1eddi L\u1edbn<br \/>\nC\u1ea3m \u01a1n ng\u01b0\u1eddi l\u1edbn &#8211; m\u1ed9t \u00e1ng v\u0103n l\u00e3ng m\u1ea1n trong gi\u1ecdng h\u00e0i h\u01b0\u1edbc \u0111\u1eb7c bi\u1ec7t \u201cd\u00e0nh cho tr\u1ebb em, v\u00e0 nh\u1eefng ai t\u1eebng l\u00e0 tr\u1ebb em\u201d..<\/p>\n<p>B\u1ea1n s\u1ebd g\u1eb7p l\u1ea1i M\u00f9i, T\u1ee7n, T\u00ed s\u00fan, H\u1ea3i c\u00f2\u2026 c\u1ee7a Cho t\u00f4i xin m\u1ed9t v\u00e9 \u0111i tu\u1ed5i th\u01a1, c\u00f9ng ch\u01a1i nh\u1eefng tr\u00f2 ch\u01a1i quen thu\u1ed9c, v\u00e0 \u0111\u01b0\u1ee3c \u0111\u1eafm m\u00ecnh v\u00e0o nh\u1eefng \u01b0\u1edbc m\u01a1 \u0111i\u00ean r\u1ed3, ng\u1ed1c ngh\u1ebfch nh\u01b0ng trong veo c\u1ee7a tu\u1ed5i m\u1edbi l\u1edbn h\u1ed3n nhi\u00ean v\u00e0 \u0111\u1ea7y \u1eafp d\u1ef1 \u0111\u1ecbnh.<\/p>\n<p>V\u00e0 c\u1ea3 khi h\u1ecd \u0111\u00e3 tr\u01b0\u1edfng th\u00e0nh, b\u1ea1o ch\u00faa th\u1eddi gian \u0111\u00e3 v\u00f9ng v\u1eaby th\u1ebf n\u00e0o trong cu\u1ed9c \u0111\u1eddi c\u1ee7a nh\u1eefng nh\u00e2n v\u1eadt m\u00e0 b\u1ea1n y\u00eau qu\u00fd\u2026H\u00e3y b\u1eaft \u0111\u1ea7u \u0111\u1ecdc t\u1eeb b\u1ea5t c\u1ee9 trang n\u00e0o, c\u00f3 th\u1ec3 \u0111\u1ecdc b\u1ea5t c\u1ee9 l\u00fac n\u00e0o, v\u00e0 c\u00f9ng v\u1edbi b\u1ea5t c\u1ee9 ai. B\u1ea1n s\u1ebd nh\u1eadn \u0111\u01b0\u1ee3c m\u00f3n qu\u00e0 \u201cn trong 1\u201d c\u1ee7a nh\u00e0 v\u0103n Nguy\u1ec5n Nh\u1eadt \u00c1nh: s\u1ebd n l\u1ea7n th\u1ed5n th\u1ee9c qua 1 cu\u1ed1n s\u00e1ch 19 ch\u01b0\u01a1ng \u0111\u1ea7y \u1eafp t\u00ecnh b\u1ea1n ng\u00e2y th\u01a1, t\u00ecnh x\u00f3m gi\u1ec1ng t\u1ed1t l\u00e0nh nh\u00e2n \u00e1i, t\u00ecnh y\u00eau \u0111\u1eafm \u0111u\u1ed1i ng\u1ecdt ng\u00e0o\u2026<br \/>\nC\u1ea3m \u01a1n ng\u01b0\u1eddi l\u1edbn \u0111\u01b0\u1ee3c Nguy\u1ec5n Nh\u1eadt \u00c1nh \u0111\u1eb7t b\u00fat vi\u1ebft \u0111\u00fang sau 10 n\u0103m ra \u0111\u1eddi Cho t\u00f4i xin m\u1ed9t v\u00e9 \u0111i tu\u1ed5i th\u01a1 \u2013 cu\u1ed1n s\u00e1ch b\u00e1n ch\u1ea1y t\u1edbi nay \u0111\u00e3 400.000 b\u1ea3n.<\/p>\n<p>TR\u00cdCH \u0110O\u1ea0N HAY TRONG S\u00c1CH<\/p>\n<p>\u201cT\u00f4i vi\u1ebft cu\u1ed1n s\u00e1ch n\u00e0y kh\u00f4ng d\u00e0nh cho tr\u1ebb em. T\u00f4i vi\u1ebft cho nh\u1eefng ai t\u1eebng l\u00e0 tr\u1ebb em.\u201d (CHO T\u00d4I XIN M\u1ed8T V\u00c9 \u0110I TU\u1ed4I TH\u1eda)<\/p>\n<p>So v\u1edbi tr\u1ebb con, ng\u01b0\u1eddi l\u1edbn lu\u00f4n c\u1ea3m th\u1ea5y thi\u1ebfu th\u1ed1n v\u00e0 lu\u00f4n c\u1ea3m th\u1ea5y \u0111au kh\u1ed5. \u201c\u00d4i, \u0111\u1eddi t\u00f4i sao kh\u1ed5 th\u1ebf n\u00e0y!\u201d &#8211; \u0111\u00f3 l\u00e0 c\u00e2u ng\u01b0\u1eddi l\u1edbn hay than, t\u1eeb ng\u01b0\u1eddi kh\u00f4ng \u0111\u1ee7 ti\u1ec1n mua m\u1ed9t t\u1ea5m \u00e1o \u0111\u1ebfn ng\u01b0\u1eddi thi\u1ebfu m\u1ed9t kho\u1ea3n ti\u1ec1n nh\u1ecf \u0111\u1ec3 c\u00f3 th\u1ec3 mua m\u1ed9t ng\u00f4i nh\u00e0 l\u1edbn.<br \/>\nTr\u1ebb con kh\u00f4ng bao gi\u1edd than nh\u01b0 th\u1ebf, v\u00ec b\u1ecdn t\u00f4i c\u1ea3 \u0111\u1eddi ch\u1ec9 c\u1ea7n \u0111\u1ee7 ti\u1ec1n mua b\u00e1nh k\u1eb9o, c\u00e0 rem, xi-r\u00f4, \u1ed5i xo\u00e0i (t\u1ea5t nhi\u00ean cu\u1ed9c \u0111\u1eddi tr\u1ebb con ch\u1ec9 k\u00e9o d\u00e0i \u0111\u1ebfn ch\u1eebng n\u00e0o tr\u1edf th\u00e0nh ng\u01b0\u1eddi l\u1edbn). \u0110ang \u0111\u00f3i b\u1ee5ng m\u00e0 c\u00f3 ti\u1ec1n mua m\u1ed9t \u1ed5 b\u00e1nh m\u00ec l\u00e0 cu\u1ed9c s\u1ed1ng b\u1ecdn t\u00f4i l\u1eadp t\u1ee9c bi\u1ebfn th\u00e0nh m\u00e0u h\u1ed3ng d\u00f9 tr\u01b0\u1edbc \u0111\u00f3 n\u00f3 \u0111\u01b0\u1ee3c v\u1ebd b\u1eb1ng gam m\u00e0u nhem nhu\u1ed1c g\u00ec \u0111i n\u1eefa.<\/p>\n<p>T\u00f3m l\u1ea1i, tr\u1ebb con ch\u1eb3ng c\u00f3 m\u01a1 \u01b0\u1edbc g\u00ec cao xa. Nh\u1edd v\u1eady b\u1ecdn tr\u1ebb kh\u00f4ng c\u00f3 nhi\u1ec1u kh\u1ed5 n\u00e3o, th\u1ea5t v\u1ecdng hay b\u1ea5t \u0111\u1eafc ch\u00ed nh\u01b0 ng\u01b0\u1eddi l\u1edbn. Ng\u01b0\u1eddi l\u1edbn c\u0169ng bi\u1ebft th\u1ebf n\u00ean h\u1ecd t\u1ef1 \u0111\u1eb7t ra c\u00e1c c\u00e2u danh ng\u00f4n \u0111\u1ec3 t\u1ef1 r\u0103n m\u00ecnh. L\u1edbn l\u00ean t\u00f4i \u0111\u1ecdc \u0111\u01b0\u1ee3c c\u00e2u \u201ctri t\u00fac ti\u1ec7n t\u00fac \u0111\u00e3i t\u00fac h\u00e0 th\u1eddi t\u00fac\u201d \u2013 \u201cbi\u1ebft \u0111\u1ee7 th\u00ec \u1eaft th\u1ea5y \u0111\u1ee7, c\u00f2n \u0111\u1ee3i cho \u0111\u1ee7 s\u1ebd ch\u1eb3ng bao gi\u1edd th\u1ea5y \u0111\u1ee7\u201d. C\u00e2u n\u00f3i r\u1ea5t hay (ng\u01b0\u1eddi l\u1edbn bao gi\u1edd c\u0169ng n\u00f3i hay) nh\u01b0ng sau khi g\u1eadt g\u00f9 khen hay, ng\u01b0\u1eddi l\u1edbn th\u01b0\u1eddng l\u00e0m ng\u01b0\u1ee3c l\u1ea1i.<\/p>\n<p>(C\u1ea2M \u1edaN NG\u01af\u1edcI L\u1edaN)","protected":false},"excerpt":{"rendered":"<p>C\u1ea3m \u01a1n ng\u01b0\u1eddi l\u1edbn &#8211; m\u1ed9t \u00e1ng v\u0103n l\u00e3ng m\u1ea1n trong gi\u1ecdng h\u00e0i h\u01b0\u1edbc \u0111\u1eb7c bi\u1ec7t \u201cd\u00e0nh cho tr\u1ebb em, v\u00e0 nh\u1eefng ai t\u1eebng l\u00e0 tr\u1ebb em\u201d..<\/p>\n<p>B\u1ea1n s\u1ebd g\u1eb7p l\u1ea1i M\u00f9i, T\u1ee7n, T\u00ed s\u00fan, H\u1ea3i c\u00f2\u2026 c\u1ee7a Cho t\u00f4i xin m\u1ed9t v\u00e9 \u0111i tu\u1ed5i th\u01a1, c\u00f9ng ch\u01a1i nh\u1eefng tr\u00f2 ch\u01a1i quen thu\u1ed9c, v\u00e0 \u0111\u01b0\u1ee3c \u0111\u1eafm m\u00ecnh v\u00e0o nh\u1eefng \u01b0\u1edbc m\u01a1 \u0111i\u00ean r\u1ed3, ng\u1ed1c ngh\u1ebfch nh\u01b0ng trong veo c\u1ee7a tu\u1ed5i m\u1edbi l\u1edbn h\u1ed3n nhi\u00ean v\u00e0 \u0111\u1ea7y \u1eafp d\u1ef1 \u0111\u1ecbnh.<\/p>\n<p>V\u00e0 c\u1ea3 khi h\u1ecd \u0111\u00e3 tr\u01b0\u1edfng th\u00e0nh, b\u1ea1o ch\u00faa th\u1eddi gian \u0111\u00e3 v\u00f9ng v\u1eaby th\u1ebf n\u00e0o trong cu\u1ed9c \u0111\u1eddi c\u1ee7a nh\u1eefng nh\u00e2n v\u1eadt m\u00e0 b\u1ea1n y\u00eau qu\u00fd\u2026H\u00e3y b\u1eaft \u0111\u1ea7u \u0111\u1ecdc t\u1eeb b\u1ea5t c\u1ee9 trang n\u00e0o, c\u00f3 th\u1ec3 \u0111\u1ecdc b\u1ea5t c\u1ee9 l\u00fac n\u00e0o, v\u00e0 c\u00f9ng v\u1edbi b\u1ea5t c\u1ee9 ai. B\u1ea1n s\u1ebd nh\u1eadn \u0111\u01b0\u1ee3c m\u00f3n qu\u00e0 \u201cn trong 1\u201d c\u1ee7a nh\u00e0 v\u0103n Nguy\u1ec5n Nh\u1eadt \u00c1nh: s\u1ebd n l\u1ea7n th\u1ed5n th\u1ee9c qua 1 cu\u1ed1n s\u00e1ch 19 ch\u01b0\u01a1ng \u0111\u1ea7y \u1eafp t\u00ecnh b\u1ea1n ng\u00e2y th\u01a1, t\u00ecnh x\u00f3m gi\u1ec1ng t\u1ed1t l\u00e0nh nh\u00e2n \u00e1i, t\u00ecnh y\u00eau \u0111\u1eafm \u0111u\u1ed1i ng\u1ecdt ng\u00e0o\u2026<br \/>\nC\u1ea3m \u01a1n ng\u01b0\u1eddi l\u1edbn \u0111\u01b0\u1ee3c Nguy\u1ec5n Nh\u1eadt \u00c1nh \u0111\u1eb7t b\u00fat vi\u1ebft \u0111\u00fang sau 10 n\u0103m ra \u0111\u1eddi Cho t\u00f4i xin m\u1ed9t v\u00e9 \u0111i tu\u1ed5i th\u01a1 \u2013 cu\u1ed1n s\u00e1ch b\u00e1n ch\u1ea1y t\u1edbi nay \u0111\u00e3 400.000 b\u1ea3n.<\/p>\n","protected":false},"featured_media":4334,"template":"","meta":{"_acf_changed":false},"product_brand":[],"product_cat":[15,45],"product_tag":[],"class_list":{"0":"post-4350","1":"product","2":"type-product","3":"status-publish","4":"has-post-thumbnail","6":"product_cat-sach-danh-cho-nguoi-lon","7":"product_cat-tieu-thuyet","9":"first","10":"outofstock","11":"taxable","12":"shipping-taxable","13":"purchasable","14":"product-type-simple"},"supplier_id":null,"supplier_sku":"","barcode":null,"atum_controlled":true,"out_stock_date":"2024-12-09 10:41:41","out_stock_threshold":null,"inheritable":false,"inbound_stock":0,"stock_on_hold":0,"sold_today":0,"sales_last_days":0,"reserved_stock":0,"customer_returns":0,"warehouse_damage":0,"lost_in_post":0,"other_logs":0,"out_stock_days":415,"lost_sales":0,"has_location":false,"update_date":"2026-01-28T23:11:27","atum_locations":[],"atum_stock_status":"outofstock","restock_status":false,"low_stock_amount":"","sales_update_date":"2026-01-28T23:11:27","calc_backorders":null,"acf":{"publisher":{"ID":1517,"post_author":"1","post_date":"2021-02-17 01:14:41","post_date_gmt":"2021-02-16 23:14:41","post_content":"","post_title":"NXB Tr\u1ebb","post_excerpt":"","post_status":"publish","comment_status":"closed","ping_status":"closed","post_password":"","post_name":"nxb-tre","to_ping":"","pinged":"","post_modified":"2021-02-17 01:14:41","post_modified_gmt":"2021-02-16 23:14:41","post_content_filtered":"","post_parent":0,"guid":"https:\/\/sachviet.eu\/nha-phat-hanh\/nxb-tre\/","menu_order":0,"post_type":"publisher","post_mime_type":"","comment_count":"0","filter":"raw"}},"_links":{"self":[{"href":"https:\/\/sachviet.eu\/en\/wp-json\/wp\/v2\/product\/4350","targetHints":{"allow":["GET"]}}],"collection":[{"href":"https:\/\/sachviet.eu\/en\/wp-json\/wp\/v2\/product"}],"about":[{"href":"https:\/\/sachviet.eu\/en\/wp-json\/wp\/v2\/types\/product"}],"wp:featuredmedia":[{"embeddable":true,"href":"https:\/\/sachviet.eu\/en\/wp-json\/wp\/v2\/media\/4334"}],"wp:attachment":[{"href":"https:\/\/sachviet.eu\/en\/wp-json\/wp\/v2\/media?parent=4350"}],"wp:term":[{"taxonomy":"product_brand","embeddable":true,"href":"https:\/\/sachviet.eu\/en\/wp-json\/wp\/v2\/product_brand?post=4350"},{"taxonomy":"product_cat","embeddable":true,"href":"https:\/\/sachviet.eu\/en\/wp-json\/wp\/v2\/product_cat?post=4350"},{"taxonomy":"product_tag","embeddable":true,"href":"https:\/\/sachviet.eu\/en\/wp-json\/wp\/v2\/product_tag?post=4350"}],"curies":[{"name":"wp","href":"https:\/\/api.w.org\/{rel}","templated":true}]}}