{"id":4333,"date":"2021-03-06T02:11:11","date_gmt":"2021-03-06T00:11:11","guid":{"rendered":"https:\/\/sachviet.eu\/shop\/toi-la-malala\/"},"modified":"2021-06-09T15:36:47","modified_gmt":"2021-06-09T12:36:47","slug":"toi-la-malala","status":"publish","type":"product","link":"https:\/\/sachviet.eu\/en\/shop\/toi-la-malala\/","title":{"rendered":"T\u00f4i l\u00e0 Malala"},"content":{"rendered":"<p>Cu\u1ed1n t\u1ef1 truy\u1ec7n \u1ea5n t\u01b0\u1ee3ng v\u00e0 x\u00fac \u0111\u1ed9ng, v\u1ec1 tinh th\u1ea7n n\u1eef quy\u1ec1n m\u1ea1nh m\u1ebd, v\u1ec1 cu\u1ed9c \u0111\u1ea5u tranh cho quy\u1ec1n \u0111\u01b0\u1ee3c gi\u00e1o d\u1ee5c kh\u00f4ng ng\u1eebng ngh\u1ec9 c\u1ee7a m\u1ed9t c\u00f4 g\u00e1i tr\u1ebb. <\/p>\n<p>Malala &#8211; Bi\u1ec3u t\u01b0\u1ee3ng h\u00f2a b\u00ecnh lay \u0111\u1ed9ng tr\u00e1i tim c\u1ee7a t\u1ea5t c\u1ea3 ch\u00fang ta.<\/p>\n<p>Malala Yousafzai m\u1edbi m\u01b0\u1eddi tu\u1ed5i khi Taliban chi\u1ebfm quy\u1ec1n ki\u1ec3m so\u00e1t v\u00f9ng qu\u00ea c\u00f4. Ch\u00fang n\u00f3i \u00e2m nh\u1ea1c l\u00e0 m\u1ed9t t\u1ed9i l\u1ed7i. Ch\u00fang n\u00f3i ph\u1ee5 n\u1eef kh\u00f4ng \u0111\u01b0\u1ee3c ph\u00e9p ra ch\u1ee3. Ch\u00fang n\u00f3i con g\u00e1i kh\u00f4ng \u0111\u01b0\u1ee3c \u0111\u1ebfn tr\u01b0\u1eddng.<\/p>\n<p>L\u1edbn l\u00ean \u1edf m\u1ed9t v\u00f9ng \u0111\u1ea5t t\u1eebng c\u00f3 th\u1eddi y\u00ean b\u00ecnh c\u1ee7a Pakistan nay b\u1ecb ch\u1ee7 ngh\u0129a kh\u1ee7ng b\u1ed1 l\u00e0m thay \u0111\u1ed5i, Malala \u0111\u01b0\u1ee3c d\u1ea1y \u0111\u1ee9ng l\u00ean \u0111\u1ea5u tranh v\u00ec nh\u1eefng \u0111i\u1ec1u m\u00ecnh tin t\u01b0\u1edfng. V\u1eady n\u00ean c\u00f4  \u0111\u1ea5u  tranh  cho  quy\u1ec1n  \u0111\u01b0\u1ee3c  h\u1ecdc  h\u00e0nh  c\u1ee7a m\u00ecnh.  V\u00e0  ng\u00e0y  9  th\u00e1ng  10  n\u0103m  2012,  c\u00f4  \u0111\u00e3 su\u00fdt m\u1ea5t m\u1ea1ng v\u00ec l\u00ed t\u01b0\u1edfng: C\u00f4 b\u1ecb b\u1eafn \u1edf c\u1ef1 li c\u1ef1c g\u1ea7n tr\u00ean chuy\u1ebfn xe bu\u00fdt t\u1eeb tr\u01b0\u1eddng v\u1ec1 nh\u00e0.<\/p>\n<p>Kh\u00f4ng ai ngh\u0129 r\u1eb1ng c\u00f4 s\u1ebd s\u1ed1ng s\u00f3t.<\/p>\n<p>Ng\u00e0y nay c\u00f4 l\u00e0 m\u1ed9t bi\u1ec3u t\u01b0\u1ee3ng qu\u1ed1c t\u1ebf cho s\u1ef1 ph\u1ea3n kh\u00e1ng m\u1ed9t c\u00e1ch h\u00f2a b\u00ecnh v\u00e0 l\u00e0 ng\u01b0\u1eddi tr\u1ebb  tu\u1ed5i  nh\u1ea5t  t\u1eebng  \u0111\u1ea1t  gi\u1ea3i  Nobel  H\u00f2a  b\u00ecnh.<\/p>\n<p>Trong  \u1ea5n  b\u1ea3n  d\u00e0nh  cho  thi\u1ebfu  ni\u00ean  n\u00e0y  c\u1ee7a cu\u1ed1n  h\u1ed3i  k\u00ed  b\u00e1n  ch\u1ea1y  nh\u1ea5t  c\u1ee7a  c\u00f4,  c\u00f9ng  v\u1edbi nh\u1eefng b\u1ee9c \u1ea3nh v\u00e0 t\u01b0 li\u1ec7u \u0111\u1ed9c quy\u1ec1n, ch\u00fang ta \u0111\u01b0\u1ee3c nghe tr\u1ef1c ti\u1ebfp c\u00e2u chuy\u1ec7n phi th\u01b0\u1eddng v\u1ec1 m\u1ed9t c\u00f4 g\u00e1i \u0111\u00e3 bi\u1ebft r\u1eb1ng m\u00ecnh mu\u1ed1n thay \u0111\u1ed5i th\u1ebf gi\u1edbi t\u1eeb khi c\u00f2n nh\u1ecf; v\u00e0 c\u00f4 \u0111\u00e3 l\u00e0m \u0111\u01b0\u1ee3c.<\/p>\n<p>C\u00e2u chuy\u1ec7n c\u00f3 t\u00e1c \u0111\u1ed9ng m\u1ea1nh c\u1ee7a Malala s\u1ebd m\u1edf ra tr\u01b0\u1edbc m\u1eaft b\u1ea1n m\u1ed9t th\u1ebf gi\u1edbi kh\u00e1c v\u00e0 s\u1ebd l\u00e0m b\u1ea1n tin v\u00e0o hi v\u1ecdng, s\u1ef1 th\u1eadt, ph\u00e9p m\u00e0u c\u0169ng  nh\u01b0  kh\u1ea3  n\u0103ng  r\u1eb1ng  m\u1ed9t  ng\u01b0\u1eddi  \u2013  m\u1ed9t con ng\u01b0\u1eddi tr\u1ebb tu\u1ed5i \u2013 c\u00f3 th\u1ec3 truy\u1ec1n c\u1ea3m h\u1ee9ng t\u1ea1o ra thay \u0111\u1ed5i trong c\u1ed9ng \u0111\u1ed3ng m\u00ecnh s\u1ed1ng v\u00e0 xa h\u01a1n th\u1ebf n\u1eefa.<\/p>\n<p>MALALA YOUSAFZAI b\u1eaft \u0111\u1ea7u chi\u1ebfn d\u1ecbch v\u1eadn \u0111\u1ed9ng v\u00ec gi\u00e1o d\u1ee5c cho tr\u1ebb em g\u00e1i t\u1eeb l\u00fac m\u01b0\u1eddi tu\u1ed5i, khi Thung l\u0169ng Swat b\u1ecb nh\u1eefng ph\u1ea7n t\u1eed  kh\u1ee7ng  b\u1ed1  t\u1ea5n  c\u00f4ng  v\u00e0  gi\u00e1o  d\u1ee5c  b\u1ecb  \u0111e  d\u1ecda. N\u0103m  2009,  d\u01b0\u1edbi  b\u00fat  danh  Gul  Makai,  c\u00f4  vi\u1ebft v\u1ec1 cu\u1ed9c s\u1ed1ng d\u01b0\u1edbi quy\u1ec1n Taliban cho BBC ti\u1ebfng Urdu v\u00e0 xu\u1ea5t hi\u1ec7n trong m\u1ed9t ph\u00f3ng s\u1ef1 t\u00e0i li\u1ec7u c\u1ee7a Th\u1eddi b\u00e1o New York v\u1ec1 gi\u00e1o d\u1ee5c \u1edf Pakistan.<\/p>\n<p>Th\u00e1ng 10 n\u0103m 2012, Malala tr\u1edf th\u00e0nh m\u1ee5c ti\u00eau c\u1ee7a Taliban v\u00e0 b\u1ecb b\u1eafn tr\u00ean \u0111\u01b0\u1eddng t\u1eeb tr\u01b0\u1eddng v\u1ec1 nh\u00e0. C\u00f4 s\u1ed1ng s\u00f3t v\u00e0 ti\u1ebfp t\u1ee5c cu\u1ed9c v\u1eadn \u0111\u1ed9ng v\u00ec gi\u00e1o d\u1ee5c c\u1ee7a m\u00ecnh.<\/p>\n<p>N\u0103m  2011,  \u0111\u1ec3  ghi  nh\u1eadn  l\u00f2ng  d\u0169ng  c\u1ea3m  v\u00e0 s\u1ef1 v\u1eadn \u0111\u1ed9ng t\u00edch c\u1ef1c c\u1ee7a c\u00f4, Malala \u0111\u01b0\u1ee3c \u0111\u1ec1 c\u1eed cho  Gi\u1ea3i  th\u01b0\u1edfng  H\u00f2a  b\u00ecnh  Thi\u1ebfu  nhi  Qu\u1ed1c  t\u1ebf v\u00e0 l\u00e0 ng\u01b0\u1eddi \u0111\u1ea7u ti\u00ean \u0111\u1ea1t Gi\u1ea3i H\u00f2a b\u00ecnh Qu\u1ed1c gia cho Thanh thi\u1ebfu ni\u00ean c\u1ee7a Pakistan. Ngo\u00e0i vi\u1ec7c l\u00e0 ng\u01b0\u1eddi tr\u1ebb tu\u1ed5i nh\u1ea5t t\u1eebng \u0111\u01b0\u1ee3c trao gi\u1ea3i Nobel H\u00f2a b\u00ecnh, c\u00f4 \u0111\u00e3 nh\u1eadn nhi\u1ec1u gi\u1ea3i th\u01b0\u1edfng kh\u00e1c, trong \u0111\u00f3 c\u00f3 Gi\u1ea3i H\u00f2a b\u00ecnh Thi\u1ebfu nhi Qu\u1ed1c t\u1ebf (2013), Gi\u1ea3i th\u01b0\u1edfng cho T\u1ef1 do T\u01b0 t\u01b0\u1edfng mang t\u00ean Sakharov v\u00e0 Gi\u1ea3i \u0110\u1ea1i s\u1ee9 L\u01b0\u01a1ng t\u00e2m c\u1ee7a T\u1ed5 ch\u1ee9c \u00c2n x\u00e1 Qu\u1ed1c t\u1ebf.<\/p>\n<p>Malala  hi\u1ec7n  s\u1ed1ng  t\u1ea1i  Birmingham  (Anh) v\u00e0  ti\u1ebfp  t\u1ee5c  v\u1eadn  \u0111\u1ed9ng  ti\u1ebfp  c\u1eadn  gi\u00e1o  d\u1ee5c  ph\u1ed5 th\u00f4ng  cho  m\u1ecdi  ng\u01b0\u1eddi  th\u00f4ng  qua  Qu\u1ef9  Malala (malalafund.org),  m\u1ed9t  t\u1ed5  ch\u1ee9c  phi  l\u1ee3i  nhu\u1eadn \u0111\u1ea7u  t\u01b0  v\u00e0o  c\u00e1c  ch\u01b0\u01a1ng  tr\u00ecnh  do  c\u1ed9ng  \u0111\u1ed3ng  t\u1ef1 th\u1ef1c hi\u1ec7n v\u00e0 \u1ee7ng h\u1ed9 nh\u1eefng ng\u01b0\u1eddi \u0111\u1ea5u tranh v\u00ec gi\u00e1o d\u1ee5c tr\u00ean to\u00e0n th\u1ebf gi\u1edbi.<\/p>\n<p>PATRICIA McCORMICK \u0111\u00e3  hai  l\u1ea7n v\u00e0o  v\u00f2ng  chung  k\u1ebft  trong  Gi\u1ea3i  th\u01b0\u1edfng  S\u00e1ch Qu\u1ed1c gia (Hoa K\u1ef3) v\u00e0 l\u00e0 t\u00e1c gi\u1ea3 c\u1ee7a m\u1ed9t s\u1ed1 ti\u1ec3u thuy\u1ebft cho thi\u1ebfu ni\u00ean \u0111\u01b0\u1ee3c gi\u1edbi ph\u00ea b\u00ecnh \u0111\u00e1nh gi\u00e1  cao,  trong  \u0111\u00f3  c\u00f3 Cut,  Sold v\u00e0 Never  Fall Down. B\u00e0 hi\u1ec7n s\u1ed1ng t\u1ea1i New York c\u00f9ng ch\u1ed3ng.<\/p>\n<p>\u0110\u1ec3  t\u00ecm  hi\u1ec3u  th\u00eam  th\u00f4ng  tin,  h\u00e3y  gh\u00e9  th\u0103m patriciamccormick.com.<\/p>\n","protected":false},"excerpt":{"rendered":"<p>T\u00f4i L\u00e0 Malala<\/p>\n<p>T\u00f4i l\u00e0 Malala. \u0110\u00e2y l\u00e0 c\u00e2u chuy\u1ec7n c\u1ee7a t\u00f4i.<\/p>\n<p>H\u00e0nh tr\u00ecnh \u0111\u1ea5u tranh cho quy\u1ec1n \u0111\u01b0\u1ee3c gi\u00e1o d\u1ee5c c\u1ee7a m\u1ed9t c\u00f4 g\u00e1i \u0111\u00e3 thay \u0111\u1ed5i th\u1ebf gi\u1edbi.<\/p>\n<p>C\u00e2u chuy\u1ec7n c\u00f3 t\u00e1c \u0111\u1ed9ng m\u1ea1nh c\u1ee7a Malala s\u1ebd m\u1edf ra tr\u01b0\u1edbc m\u1eaft b\u1ea1n m\u1ed9t th\u1ebf gi\u1edbi kh\u00e1c, s\u1ebd l\u00e0m b\u1ea1n tin v\u00e0o hi v\u1ecdng, s\u1ef1 th\u1eadt, ph\u00e9p m\u00e0u c\u0169ng nh\u01b0 kh\u1ea3 n\u0103ng r\u1eb1ng m\u1ed9t ng\u01b0\u1eddi \u2013 m\u1ed9t con ng\u01b0\u1eddi tr\u1ebb tu\u1ed5i, c\u00f3 th\u1ec3 truy\u1ec1n c\u1ea3m h\u1ee9ng, t\u1ea1o ra thay \u0111\u1ed5i trong c\u1ed9ng \u0111\u1ed3ng m\u00ecnh s\u1ed1ng v\u00e0 xa h\u01a1n n\u1eefa.<\/p>\n","protected":false},"featured_media":4331,"template":"","meta":{"_acf_changed":false},"product_brand":[],"product_cat":[15,47],"product_tag":[],"class_list":{"0":"post-4333","1":"product","2":"type-product","3":"status-publish","4":"has-post-thumbnail","6":"product_cat-sach-danh-cho-nguoi-lon","7":"product_cat-truyen-ngan-tan-van","9":"first","10":"outofstock","11":"taxable","12":"shipping-taxable","13":"purchasable","14":"product-type-simple"},"supplier_id":null,"supplier_sku":"","barcode":null,"atum_controlled":true,"out_stock_date":"2021-06-09 12:36:47","out_stock_threshold":null,"inheritable":false,"inbound_stock":0,"stock_on_hold":0,"sold_today":0,"sales_last_days":0,"reserved_stock":0,"customer_returns":0,"warehouse_damage":0,"lost_in_post":0,"other_logs":0,"out_stock_days":1694,"lost_sales":0,"has_location":false,"update_date":"2026-01-28T23:10:34","atum_locations":[],"atum_stock_status":"outofstock","restock_status":false,"low_stock_amount":"","sales_update_date":"2026-01-28T23:10:34","calc_backorders":null,"acf":{"publisher":{"ID":1454,"post_author":"1","post_date":"2021-02-17 01:11:34","post_date_gmt":"2021-02-16 23:11:34","post_content":"<!-- wp:flatsome\/uxbuilder -->\n<h1 style=\"text-align: center;\"><strong>Kim \u0110\u1ed3ng<\/strong><\/h1>\n[row]\n\n[col span=\"3\" span__sm=\"12\"]\n\n[ux_image id=\"1534\" image_size=\"medium\"]\n\n\n[\/col]\n[col span=\"9\" span__sm=\"12\"]\n\n<p>Nh\u00e0 xu\u1ea5t b\u1ea3n Kim \u0110\u1ed3ng tr\u1ef1c thu\u1ed9c Trung \u01b0\u01a1ng \u0110o\u00e0n TNCS H\u1ed3 Ch\u00ed Minh l\u00e0 Nh\u00e0 xu\u1ea5t b\u1ea3n t\u1ed5ng h\u1ee3p c\u00f3 ch\u1ee9c n\u0103ng xu\u1ea5t b\u1ea3n s\u00e1ch v\u00e0 v\u0103n h\u00f3a ph\u1ea9m ph\u1ee5c v\u1ee5 thi\u1ebfu nhi v\u00e0 c\u00e1c b\u1eadc ph\u1ee5 huynh trong c\u1ea3 n\u01b0\u1edbc, qu\u1ea3ng b\u00e1 v\u00e0 gi\u1edbi thi\u1ec7u v\u0103n h\u00f3a Vi\u1ec7t Nam ra th\u1ebf gi\u1edbi.<br \/>Nh\u00e0 xu\u1ea5t b\u1ea3n c\u00f3 nhi\u1ec7m v\u1ee5 t\u1ed5 ch\u1ee9c b\u1ea3n th\u1ea3o, bi\u00ean so\u1ea1n, bi\u00ean d\u1ecbch, xu\u1ea5t b\u1ea3n v\u00e0 ph\u00e1t h\u00e0nh c\u00e1c xu\u1ea5t b\u1ea3n ph\u1ea9m c\u00f3 n\u1ed9i dung: gi\u00e1o d\u1ee5c truy\u1ec1n th\u1ed1ng d\u00e2n t\u1ed9c, gi\u00e1o d\u1ee5c v\u1ec1 tri th\u1ee9c, ki\u1ebfn th\u1ee9c\u2026 tr\u00ean c\u00e1c l\u0129nh v\u1ef1c v\u0103n h\u1ecdc, ngh\u1ec7 thu\u1eadt, khoa h\u1ecdc k\u1ef9 thu\u1eadt nh\u1eb1m cung c\u1ea5p cho c\u00e1c em thi\u1ebfu nhi c\u0169ng nh\u01b0 c\u00e1c b\u1eadc ph\u1ee5 huynh c\u00e1c ki\u1ebfn th\u1ee9c c\u1ea7n thi\u1ebft trong cu\u1ed9c s\u1ed1ng, nh\u1eefng tinh hoa c\u1ee7a tri th\u1ee9c nh\u00e2n lo\u1ea1i nh\u1eb1m g\u00f3p ph\u1ea7n gi\u00e1o d\u1ee5c v\u00e0 h\u00ecnh th\u00e0nh nh\u00e2n c\u00e1ch th\u1ebf h\u1ec7 tr\u1ebb.<br \/>\u0110\u1ed1i t\u01b0\u1ee3ng ph\u1ee5c v\u1ee5 c\u1ee7a Nh\u00e0 xu\u1ea5t b\u1ea3n l\u00e0 c\u00e1c em t\u1eeb tu\u1ed5i nh\u00e0 tr\u1ebb m\u1eabu gi\u00e1o (1 \u0111\u1ebfn 5 tu\u1ed5i), nhi \u0111\u1ed3ng (6 \u0111\u1ebfn 9 tu\u1ed5i), thi\u1ebfu ni\u00ean (10 \u0111\u1ebfn 15 tu\u1ed5i) \u0111\u1ebfn c\u00e1c em tu\u1ed5i m\u1edbi l\u1edbn (16 \u0111\u1ebfn 18 tu\u1ed5i) v\u00e0 c\u00e1c b\u1eadc ph\u1ee5 huynh.<\/p>\n\n[\/col]\n\n[\/row]\n\n<!-- \/wp:flatsome\/uxbuilder -->","post_title":"Kim \u0110\u1ed3ng","post_excerpt":"","post_status":"publish","comment_status":"closed","ping_status":"closed","post_password":"","post_name":"kim-dong","to_ping":"","pinged":"","post_modified":"2021-02-17 01:31:56","post_modified_gmt":"2021-02-16 23:31:56","post_content_filtered":"","post_parent":0,"guid":"https:\/\/sachviet.eu\/nha-phat-hanh\/kim-dong\/","menu_order":0,"post_type":"publisher","post_mime_type":"","comment_count":"0","filter":"raw"}},"_links":{"self":[{"href":"https:\/\/sachviet.eu\/en\/wp-json\/wp\/v2\/product\/4333","targetHints":{"allow":["GET"]}}],"collection":[{"href":"https:\/\/sachviet.eu\/en\/wp-json\/wp\/v2\/product"}],"about":[{"href":"https:\/\/sachviet.eu\/en\/wp-json\/wp\/v2\/types\/product"}],"wp:featuredmedia":[{"embeddable":true,"href":"https:\/\/sachviet.eu\/en\/wp-json\/wp\/v2\/media\/4331"}],"wp:attachment":[{"href":"https:\/\/sachviet.eu\/en\/wp-json\/wp\/v2\/media?parent=4333"}],"wp:term":[{"taxonomy":"product_brand","embeddable":true,"href":"https:\/\/sachviet.eu\/en\/wp-json\/wp\/v2\/product_brand?post=4333"},{"taxonomy":"product_cat","embeddable":true,"href":"https:\/\/sachviet.eu\/en\/wp-json\/wp\/v2\/product_cat?post=4333"},{"taxonomy":"product_tag","embeddable":true,"href":"https:\/\/sachviet.eu\/en\/wp-json\/wp\/v2\/product_tag?post=4333"}],"curies":[{"name":"wp","href":"https:\/\/api.w.org\/{rel}","templated":true}]}}