{"id":4330,"date":"2021-03-06T02:10:32","date_gmt":"2021-03-06T00:10:32","guid":{"rendered":"https:\/\/sachviet.eu\/shop\/cay-but-mau-nhiem-cua-malala\/"},"modified":"2021-03-23T01:12:05","modified_gmt":"2021-03-22T23:12:05","slug":"cay-but-mau-nhiem-cua-malala","status":"publish","type":"product","link":"https:\/\/sachviet.eu\/en\/shop\/cay-but-mau-nhiem-cua-malala\/","title":{"rendered":"C\u00e2y B\u00fat M\u00e0u Nhi\u1ec7m C\u1ee7a Malala"},"content":{"rendered":"<p>C\u00e2u chuy\u1ec7n c\u00f3 th\u1eadt v\u1ec1 m\u1ed9t c\u00f4 b\u00e9 mong \u01b0\u1edbc c\u00f3 m\u1ed9t th\u1ebf gi\u1edbi t\u1ed1t \u0111\u1eb9p h\u01a1n.<\/p>\n<p>KHI MALALA C\u00d2N NH\u1ece v\u00e0 \u0111ang s\u1ed1ng \u1edf Pakistan, em t\u1eebng \u01b0\u1edbc ao c\u00f3 \u0111\u01b0\u1ee3c m\u1ed9t c\u00e2y b\u00fat ch\u00ec m\u00e0u nhi\u1ec7m. Em s\u1ebd d\u00f9ng n\u00f3 \u0111\u1ec3\u2026<br \/>\n\u2026v\u1ebd m\u1ed9t \u1ed5 kh\u00f3a tr\u00ean c\u1eeda \u0111\u1ec3 hai c\u1eadu em trai kh\u00f4ng l\u00e0m phi\u1ec1n m\u00ecnh n\u1eefa.<br \/>\n\u2026khi\u1ebfn th\u1eddi gian ng\u1eebng l\u1ea1i \u0111\u1ec3 ng\u1ee7 n\u01b0\u1edbng th\u00eam m\u1ed9t ti\u1ebfng m\u1ed7i s\u00e1ng.<br \/>\n\u2026x\u00f3a \u0111i m\u00f9i h\u00f4i kh\u00f3 ch\u1ecbu b\u1ed1c l\u00ean t\u1eeb b\u00e3i r\u00e1c g\u1ea7n nh\u00e0.<br \/>\nNh\u01b0ng khi Malala l\u1edbn l\u00ean, th\u1ebf gi\u1edbi quanh em thay \u0111\u1ed5i v\u00e0 c\u1ea3 nh\u1eefng \u0111i\u1ec1u \u01b0\u1edbc c\u1ee7a em c\u0169ng v\u1eady. Quy\u1ec1n \u0111\u01b0\u1ee3c \u0111\u1ebfn tr\u01b0\u1eddng c\u1ee7a em b\u1ecb \u0111e d\u1ecda, ch\u1ec9 v\u00ec em l\u00e0 con g\u00e1i. Thay v\u00ec m\u1ed9t c\u00e2y b\u00fat ch\u00ec m\u00e0u nhi\u1ec7m, gi\u1edd \u0111\u00e2y Malala nh\u1ea5c ng\u00f2i b\u00fat th\u1ef1c l\u00ean. Em ng\u1ed3i m\u1ed9t m\u00ecnh trong ph\u00f2ng vi\u1ebft v\u1ec1 nh\u1eefng th\u00e1ch th\u1ee9c m\u00ecnh ph\u1ea3i \u0111\u1ed1i m\u1eb7t, nh\u01b0ng m\u1ecdi ng\u01b0\u1eddi \u1edf kh\u1eafp n\u01a1i tr\u00ean th\u1ebf gi\u1edbi \u0111\u1ec1u \u0111\u1ecdc \u0111\u01b0\u1ee3c nh\u1eefng \u0111i\u1ec1u em vi\u1ebft.<br \/>\nV\u00e0 nh\u1eefng \u0111i\u1ec1u \u01b0\u1edbc c\u1ee7a Malala b\u1eaft \u0111\u1ea7u tr\u1edf th\u00e0nh hi\u1ec7n th\u1ef1c.<br \/>\nMALALA YOUSAFZAI m\u1ed9t bi\u1ec3u t\u01b0\u1ee3ng to\u00e0n c\u1ea7u, nh\u00e0 ho\u1ea1t \u0111\u1ed9ng gi\u00e1o d\u1ee5c v\u00e0 l\u00e0 ng\u01b0\u1eddi tr\u1ebb nh\u1ea5t t\u1eebng \u0111\u1ea1t gi\u1ea3i Nobel H\u00f2a b\u00ecnh, k\u1ec3 c\u00e2u chuy\u1ec7n truy\u1ec1n c\u1ea3m h\u1ee9ng v\u1ec1 qu\u00e1 tr\u00ecnh tr\u01b0\u1edfng th\u00e0nh c\u1ee7a em \u1edf v\u00f9ng \u0111\u1ea5t b\u1ecb chi\u1ebfn tranh t\u00e0n ph\u00e1 nh\u01b0ng v\u1eabn t\u00ecm \u0111\u01b0\u1ee3c ph\u00e9p m\u00e0u c\u1ee7a hi v\u1ecdng \u1edf b\u1ea5t c\u1ee9 n\u01a1i n\u00e0o.<\/p>\n<p>MALALA YOUSAFZAI, nh\u00e0 ho\u1ea1t \u0111\u1ed9ng gi\u00e1o d\u1ee5c \u0111\u1ebfn t\u1eeb Thung l\u0169ng Swat, Pakistan, \u0111\u01b0\u1ee3c c\u1ea3 th\u1ebf gi\u1edbi bi\u1ebft \u0111\u1ebfn khi em m\u1edbi 11 tu\u1ed5i nh\u1edd vi\u1ebft b\u00e0i cho BBC ti\u1ebfng Urdu \u0111\u1ec3 k\u1ec3 v\u1ec1 cu\u1ed9c s\u1ed1ng d\u01b0\u1edbi ch\u1ebf \u0111\u1ed9 Taliban.<br \/>\nD\u00f9ng b\u00fat danh Gul Makai, Malala thu\u1eadt l\u1ea1i cu\u1ed9c \u0111\u1ea5u tranh c\u1ee7a gia \u0111\u00ecnh em \u0111\u1ec3 \u0111\u00f2i quy\u1ec1n \u0111i h\u1ecdc cho n\u1eef gi\u1edbi \u1edf c\u1ed9ng \u0111\u1ed3ng n\u01a1i em sinh s\u1ed1ng. Th\u00e1ng 10 n\u0103m 2012, tr\u00ean \u0111\u01b0\u1eddng \u0111i h\u1ecdc v\u1ec1, Malala b\u1ecb qu\u00e2n Taliban t\u1ea5n c\u00f4ng. Em s\u1ed1ng s\u00f3t m\u1ed9t c\u00e1ch k\u00ec di\u1ec7u sau v\u1ee5 \u00e1m s\u00e1t v\u00e0 ti\u1ebfp t\u1ee5c chi\u1ebfn d\u1ecbch x\u00fac ti\u1ebfn gi\u00e1o d\u1ee5c cho n\u1eef gi\u1edbi. Malala \u0111\u01b0\u1ee3c trao gi\u1ea3i H\u00f2a b\u00ecnh Qu\u1ed1c gia cho Thanh thi\u1ebfu ni\u00ean (National Youth Peace Prize) c\u1ee7a Pakistan, gi\u1ea3i H\u00f2a b\u00ecnh Thi\u1ebfu nhi Qu\u1ed1c t\u1ebf (International Children\u2019s Peace Prize) v\u00e0 gi\u1ea3i \u0110\u1ea1i s\u1ee9 L\u01b0\u01a1ng t\u00e2m c\u1ee7a T\u1ed5 ch\u1ee9c \u00c2n x\u00e1 Qu\u1ed1c t\u1ebf. N\u0103m 2014, \u1edf tu\u1ed5i 17, Malala tr\u1edf th\u00e0nh ng\u01b0\u1eddi tr\u1ebb nh\u1ea5t t\u1eebng \u0111\u1ea1t gi\u1ea3i Nobel H\u00f2a b\u00ecnh. Malala v\u1eabn ti\u1ebfp t\u1ee5c \u0111\u1ea5u tranh cho quy\u1ec1n \u0111\u01b0\u1ee3c ti\u1ebfp c\u1eadn n\u1ec1n gi\u00e1o d\u1ee5c ch\u1ea5t l\u01b0\u1ee3ng tr\u00ean to\u00e0n c\u1ea7u th\u00f4ng qua Qu\u1ef9 Malala (malala.org).<br \/>\nKERASCO\u00cbT l\u00e0 b\u00fat danh c\u1ee7a c\u1eb7p v\u1ee3 ch\u1ed3ng h\u1ecda s\u0129 minh h\u1ecda n\u1ed5i ti\u1ebfng S\u00e9bastien Cosset v\u00e0 Marie Pommepuy c\u1ee7a Th\u1eddi b\u00e1o New York. C\u1eb7p h\u1ecda s\u0129 \u0111\u01b0\u1ee3c bi\u1ebft \u0111\u1ebfn nhi\u1ec1u nh\u1ea5t nh\u1edd minh h\u1ecda cho cu\u1ed1n s\u00e1ch Miss Don\u2019t Touch Me c\u1ee7a t\u00e1c gi\u1ea3 Hubert. T\u00e1c ph\u1ea9m m\u1edbi nh\u1ea5t c\u1ee7a h\u1ecd, Beautiful Darkness (2014), nh\u1eadn \u0111\u01b0\u1ee3c nhi\u1ec1u l\u1eddi khen ng\u1ee3i v\u00e0 gi\u00fap danh ti\u1ebfng c\u1ee7a h\u1ecd ng\u00e0y c\u00e0ng lan r\u1ed9ng. H\u1ecd hi\u1ec7n s\u1ed1ng v\u00e0 l\u00e0m vi\u1ec7c t\u1ea1i Paris, trong th\u1ebf gi\u1edbi c\u1ee7a truy\u1ec7n tranh v\u00e0 minh h\u1ecda.<\/p>\n","protected":false},"excerpt":{"rendered":"<p>C\u00e2u chuy\u1ec7n c\u00f3 th\u1eadt v\u1ec1 m\u1ed9t c\u00f4 b\u00e9 mong \u01b0\u1edbc c\u00f3 m\u1ed9t th\u1ebf gi\u1edbi t\u1ed1t \u0111\u1eb9p h\u01a1n.<\/p>\n<p>KHI MALALA C\u00d2N NH\u1ece v\u00e0 \u0111ang s\u1ed1ng \u1edf Pakistan, em t\u1eebng \u01b0\u1edbc ao c\u00f3 \u0111\u01b0\u1ee3c m\u1ed9t c\u00e2y b\u00fat ch\u00ec m\u00e0u nhi\u1ec7m. Em s\u1ebd d\u00f9ng n\u00f3 \u0111\u1ec3\u2026<br \/>\n\u2026v\u1ebd m\u1ed9t \u1ed5 kh\u00f3a tr\u00ean c\u1eeda \u0111\u1ec3 hai c\u1eadu em trai kh\u00f4ng l\u00e0m phi\u1ec1n m\u00ecnh n\u1eefa.<br \/>\n\u2026khi\u1ebfn th\u1eddi gian ng\u1eebng l\u1ea1i \u0111\u1ec3 ng\u1ee7 n\u01b0\u1edbng th\u00eam m\u1ed9t ti\u1ebfng m\u1ed7i s\u00e1ng.<br \/>\n\u2026x\u00f3a \u0111i m\u00f9i h\u00f4i kh\u00f3 ch\u1ecbu b\u1ed1c l\u00ean t\u1eeb b\u00e3i r\u00e1c g\u1ea7n nh\u00e0.<br \/>\nNh\u01b0ng khi Malala l\u1edbn l\u00ean, th\u1ebf gi\u1edbi quanh em thay \u0111\u1ed5i v\u00e0 c\u1ea3 nh\u1eefng \u0111i\u1ec1u \u01b0\u1edbc c\u1ee7a em c\u0169ng v\u1eady. Quy\u1ec1n \u0111\u01b0\u1ee3c \u0111\u1ebfn tr\u01b0\u1eddng c\u1ee7a em b\u1ecb \u0111e d\u1ecda, ch\u1ec9 v\u00ec em l\u00e0 con g\u00e1i. Thay v\u00ec m\u1ed9t c\u00e2y b\u00fat ch\u00ec m\u00e0u nhi\u1ec7m, gi\u1edd \u0111\u00e2y Malala nh\u1ea5c ng\u00f2i b\u00fat th\u1ef1c l\u00ean. Em ng\u1ed3i m\u1ed9t m\u00ecnh trong ph\u00f2ng vi\u1ebft v\u1ec1 nh\u1eefng th\u00e1ch th\u1ee9c m\u00ecnh ph\u1ea3i \u0111\u1ed1i m\u1eb7t, nh\u01b0ng m\u1ecdi ng\u01b0\u1eddi \u1edf kh\u1eafp n\u01a1i tr\u00ean th\u1ebf gi\u1edbi \u0111\u1ec1u \u0111\u1ecdc \u0111\u01b0\u1ee3c nh\u1eefng \u0111i\u1ec1u em vi\u1ebft.<br \/>\nV\u00e0 nh\u1eefng \u0111i\u1ec1u \u01b0\u1edbc c\u1ee7a Malala b\u1eaft \u0111\u1ea7u tr\u1edf th\u00e0nh hi\u1ec7n th\u1ef1c.<\/p>\n","protected":false},"featured_media":4329,"template":"","meta":{"_acf_changed":false},"product_brand":[],"product_cat":[17,15,26],"product_tag":[],"class_list":{"0":"post-4330","1":"product","2":"type-product","3":"status-publish","4":"has-post-thumbnail","6":"product_cat-sach-danh-cho-cac-be","7":"product_cat-sach-danh-cho-nguoi-lon","8":"product_cat-thieu-nien-11-tuoi-18-tuoi","10":"first","11":"outofstock","12":"taxable","13":"shipping-taxable","14":"purchasable","15":"product-type-simple"},"supplier_id":null,"supplier_sku":"","barcode":null,"atum_controlled":true,"out_stock_date":"2021-03-06 00:10:33","out_stock_threshold":null,"inheritable":false,"inbound_stock":0,"stock_on_hold":0,"sold_today":0,"sales_last_days":0,"reserved_stock":0,"customer_returns":0,"warehouse_damage":0,"lost_in_post":0,"other_logs":0,"out_stock_days":1789,"lost_sales":0,"has_location":false,"update_date":"2026-01-28T23:10:34","atum_locations":[],"atum_stock_status":"outofstock","restock_status":false,"low_stock_amount":"","sales_update_date":"2026-01-28T23:10:34","calc_backorders":null,"acf":{"publisher":{"ID":1454,"post_author":"1","post_date":"2021-02-17 01:11:34","post_date_gmt":"2021-02-16 23:11:34","post_content":"<!-- wp:flatsome\/uxbuilder -->\n<h1 style=\"text-align: center;\"><strong>Kim \u0110\u1ed3ng<\/strong><\/h1>\n[row]\n\n[col span=\"3\" span__sm=\"12\"]\n\n[ux_image id=\"1534\" image_size=\"medium\"]\n\n\n[\/col]\n[col span=\"9\" span__sm=\"12\"]\n\n<p>Nh\u00e0 xu\u1ea5t b\u1ea3n Kim \u0110\u1ed3ng tr\u1ef1c thu\u1ed9c Trung \u01b0\u01a1ng \u0110o\u00e0n TNCS H\u1ed3 Ch\u00ed Minh l\u00e0 Nh\u00e0 xu\u1ea5t b\u1ea3n t\u1ed5ng h\u1ee3p c\u00f3 ch\u1ee9c n\u0103ng xu\u1ea5t b\u1ea3n s\u00e1ch v\u00e0 v\u0103n h\u00f3a ph\u1ea9m ph\u1ee5c v\u1ee5 thi\u1ebfu nhi v\u00e0 c\u00e1c b\u1eadc ph\u1ee5 huynh trong c\u1ea3 n\u01b0\u1edbc, qu\u1ea3ng b\u00e1 v\u00e0 gi\u1edbi thi\u1ec7u v\u0103n h\u00f3a Vi\u1ec7t Nam ra th\u1ebf gi\u1edbi.<br \/>Nh\u00e0 xu\u1ea5t b\u1ea3n c\u00f3 nhi\u1ec7m v\u1ee5 t\u1ed5 ch\u1ee9c b\u1ea3n th\u1ea3o, bi\u00ean so\u1ea1n, bi\u00ean d\u1ecbch, xu\u1ea5t b\u1ea3n v\u00e0 ph\u00e1t h\u00e0nh c\u00e1c xu\u1ea5t b\u1ea3n ph\u1ea9m c\u00f3 n\u1ed9i dung: gi\u00e1o d\u1ee5c truy\u1ec1n th\u1ed1ng d\u00e2n t\u1ed9c, gi\u00e1o d\u1ee5c v\u1ec1 tri th\u1ee9c, ki\u1ebfn th\u1ee9c\u2026 tr\u00ean c\u00e1c l\u0129nh v\u1ef1c v\u0103n h\u1ecdc, ngh\u1ec7 thu\u1eadt, khoa h\u1ecdc k\u1ef9 thu\u1eadt nh\u1eb1m cung c\u1ea5p cho c\u00e1c em thi\u1ebfu nhi c\u0169ng nh\u01b0 c\u00e1c b\u1eadc ph\u1ee5 huynh c\u00e1c ki\u1ebfn th\u1ee9c c\u1ea7n thi\u1ebft trong cu\u1ed9c s\u1ed1ng, nh\u1eefng tinh hoa c\u1ee7a tri th\u1ee9c nh\u00e2n lo\u1ea1i nh\u1eb1m g\u00f3p ph\u1ea7n gi\u00e1o d\u1ee5c v\u00e0 h\u00ecnh th\u00e0nh nh\u00e2n c\u00e1ch th\u1ebf h\u1ec7 tr\u1ebb.<br \/>\u0110\u1ed1i t\u01b0\u1ee3ng ph\u1ee5c v\u1ee5 c\u1ee7a Nh\u00e0 xu\u1ea5t b\u1ea3n l\u00e0 c\u00e1c em t\u1eeb tu\u1ed5i nh\u00e0 tr\u1ebb m\u1eabu gi\u00e1o (1 \u0111\u1ebfn 5 tu\u1ed5i), nhi \u0111\u1ed3ng (6 \u0111\u1ebfn 9 tu\u1ed5i), thi\u1ebfu ni\u00ean (10 \u0111\u1ebfn 15 tu\u1ed5i) \u0111\u1ebfn c\u00e1c em tu\u1ed5i m\u1edbi l\u1edbn (16 \u0111\u1ebfn 18 tu\u1ed5i) v\u00e0 c\u00e1c b\u1eadc ph\u1ee5 huynh.<\/p>\n\n[\/col]\n\n[\/row]\n\n<!-- \/wp:flatsome\/uxbuilder -->","post_title":"Kim \u0110\u1ed3ng","post_excerpt":"","post_status":"publish","comment_status":"closed","ping_status":"closed","post_password":"","post_name":"kim-dong","to_ping":"","pinged":"","post_modified":"2021-02-17 01:31:56","post_modified_gmt":"2021-02-16 23:31:56","post_content_filtered":"","post_parent":0,"guid":"https:\/\/sachviet.eu\/nha-phat-hanh\/kim-dong\/","menu_order":0,"post_type":"publisher","post_mime_type":"","comment_count":"0","filter":"raw"}},"_links":{"self":[{"href":"https:\/\/sachviet.eu\/en\/wp-json\/wp\/v2\/product\/4330","targetHints":{"allow":["GET"]}}],"collection":[{"href":"https:\/\/sachviet.eu\/en\/wp-json\/wp\/v2\/product"}],"about":[{"href":"https:\/\/sachviet.eu\/en\/wp-json\/wp\/v2\/types\/product"}],"wp:featuredmedia":[{"embeddable":true,"href":"https:\/\/sachviet.eu\/en\/wp-json\/wp\/v2\/media\/4329"}],"wp:attachment":[{"href":"https:\/\/sachviet.eu\/en\/wp-json\/wp\/v2\/media?parent=4330"}],"wp:term":[{"taxonomy":"product_brand","embeddable":true,"href":"https:\/\/sachviet.eu\/en\/wp-json\/wp\/v2\/product_brand?post=4330"},{"taxonomy":"product_cat","embeddable":true,"href":"https:\/\/sachviet.eu\/en\/wp-json\/wp\/v2\/product_cat?post=4330"},{"taxonomy":"product_tag","embeddable":true,"href":"https:\/\/sachviet.eu\/en\/wp-json\/wp\/v2\/product_tag?post=4330"}],"curies":[{"name":"wp","href":"https:\/\/api.w.org\/{rel}","templated":true}]}}