{"id":4138,"date":"2021-03-02T03:57:53","date_gmt":"2021-03-02T01:57:53","guid":{"rendered":"https:\/\/sachviet.eu\/shop\/ky-nghi%cc%89-cu%cc%89a-chuo%cc%a3t-buu-ta\/"},"modified":"2022-05-17T23:23:16","modified_gmt":"2022-05-17T20:23:16","slug":"ky-nghi%cc%89-cu%cc%89a-chuo%cc%a3t-buu-ta","status":"publish","type":"product","link":"https:\/\/sachviet.eu\/en\/shop\/ky-nghi%cc%89-cu%cc%89a-chuo%cc%a3t-buu-ta\/","title":{"rendered":"Ky\u0300 nghi\u0309 cu\u0309a chu\u00f4\u0323t b\u01b0u ta\u0301"},"content":{"rendered":"<p>K\u00ec Ngh\u1ec9 C\u1ee7a Chu\u1ed9t B\u01b0u T\u00e1<\/p>\n<p>Chu\u1ed9t B\u01b0u T\u00e1 l\u00ean \u0111\u01b0\u1eddng \u0111i ngh\u1ec9 c\u00f9ng gia \u0111\u00ecnh. Nh\u01b0ng ch\u1eb3ng nh\u1ebd ph\u1ea3i g\u00e1c vi\u1ec7c \u0111\u01b0a th\u01b0 l\u1ea1i? Trong r\u1eebng gi\u00e0 hay \u1edf \u0111\u1ecba c\u1ef1c b\u0103ng gi\u00e1, tr\u00ean b\u00e3i bi\u1ec3n hay tr\u00ean l\u01b0ng l\u1ea1c \u0111\u00e0, ch\u00fa ti\u1ebfp t\u1ee5c chuy\u1ec3n c\u00e1c b\u01b0u ph\u1ea9m, v\u1edbi s\u1ef1 tr\u1ee3 gi\u00fap c\u1ee7a v\u1ee3 m\u00ecnh l\u00e0 th\u00edm Chu\u1ed9t v\u00e0 ba \u0111\u1ee9a con th\u01a1.<\/p>\n<p>B\u00e9 h\u00e3y c\u00f9ng \u0111i du l\u1ecbch v\u1edbi c\u00e1c con v\u1eadt v\u00f4 c\u00f9ng d\u1ec5 th\u01b0\u01a1ng.<\/p>\n<p>C\u00f3 c\u1ea3 ngh\u00ecn l\u1ebb m\u1ed9t chuy\u1ec7n \u0111ang ch\u1edd b\u00e9 theo t\u1eebng trang s\u00e1ch \u0111\u1ea5y!<\/p>\n<p>Cu\u1ed1n s\u00e1ch gi\u00fap b\u00e9 ph\u00e1t tri\u1ec3n kh\u1ea3 n\u0103ng ng\u00f4n ng\u1eef, tr\u00ed t\u01b0\u1edfng t\u01b0\u1ee3ng v\u00e0 \u00f3c quan s\u00e1t.<\/p>\n<p>Khi c\u00f9ng con \u0111\u1ecdc cu\u1ed1n s\u00e1ch n\u00e0y, b\u1ed1 m\u1eb9 h\u00e3y:<\/p>\n<p>&#8211; Ch\u1ec9 cho b\u00e9 nh\u1eefng chi ti\u1ebft nh\u1ecf xinh, th\u00fa v\u1ecb trong truy\u1ec7n;<\/p>\n<p>&#8211; D\u1ea1y b\u00e9 v\u1ec1 m\u00e0u s\u1eafc, s\u1ed1 \u0111\u1ebfm, t\u00ean c\u00e1c lo\u00e0i v\u1eadt;<\/p>\n<p>&#8211;  Khuy\u1ebfn kh\u00edch b\u00e9 quan s\u00e1t v\u00e0 mi\u00eau t\u1ea3 c\u00e1c ho\u1ea1t \u0111\u1ed9ng di\u1ec5n ra trong c\u00e1c trang s\u00e1ch;<\/p>\n<p>&#8211; \u0110\u1eb7t nh\u1eefng c\u00e2u h\u1ecfi t\u1eeb \u0111\u01a1n gi\u1ea3n \u0111\u1ebfn ph\u1ee9c t\u1ea1p \u0111\u1ec3 g\u1ee3i m\u1edf t\u01b0 duy cho b\u00e9, ch\u1eb3ng h\u1ea1n: <\/p>\n<p>\u201cNh\u00e0 b\u1ea1n Chim \u1edf \u0111\u00e2u?\u201d \u201cV\u00ec sao b\u1ea1n Ki\u1ebfn n\u00e0y l\u1ea1i \u0111\u1ed9i v\u01b0\u01a1ng mi\u1ec7n?\u201d V\u00ec sao gi\u01b0\u1eddng c\u1ee7a c\u00e1c b\u1ea1n D\u01a1i l\u1ea1i l\u1ed9n ng\u01b0\u1ee3c nh\u01b0 v\u1eady?\u201d<\/p>\n<p>C\u00f2n r\u1ea5t nhi\u1ec1u ho\u1ea1t \u0111\u1ed9ng b\u1ed5 \u00edch v\u00e0 l\u00ed th\u00fa kh\u00e1c m\u00e0 b\u1ed1 m\u1eb9 c\u00f3 th\u1ec3 tr\u1ea3i nghi\u1ec7m c\u00f9ng con khi kh\u00e1m ph\u00e1 cu\u1ed1n s\u00e1ch n\u00e0y.  <div class=\"banner-grid-wrapper\">\n  <div id=\"banner-grid-1639162581\" class=\"banner-grid row row-grid row-small\" data-packery-options=\"\">\n                      <div class=\"col grid-col large-12 grid-col-1\" ><div class=\"col-inner\">\t<div class=\"img has-hover x md-x lg-x y md-y lg-y\" id=\"image_1019307149\">\n\t\t\t\t\t\t\t\t<div class=\"img-inner dark\" >\n\t\t\t<img loading=\"lazy\" decoding=\"async\" width=\"1020\" height=\"1020\" src=\"https:\/\/sachviet.eu\/wp-content\/uploads\/2021\/03\/882467daf48375e59da7737e16aa9206-1024x1024.jpg\" class=\"attachment-large size-large\" alt=\"\" srcset=\"https:\/\/sachviet.eu\/wp-content\/uploads\/2021\/03\/882467daf48375e59da7737e16aa9206-1024x1024.jpg 1024w, https:\/\/sachviet.eu\/wp-content\/uploads\/2021\/03\/882467daf48375e59da7737e16aa9206-300x300.jpg 300w, https:\/\/sachviet.eu\/wp-content\/uploads\/2021\/03\/882467daf48375e59da7737e16aa9206-150x150.jpg 150w, https:\/\/sachviet.eu\/wp-content\/uploads\/2021\/03\/882467daf48375e59da7737e16aa9206-768x768.jpg 768w, https:\/\/sachviet.eu\/wp-content\/uploads\/2021\/03\/882467daf48375e59da7737e16aa9206-600x600.jpg 600w, https:\/\/sachviet.eu\/wp-content\/uploads\/2021\/03\/882467daf48375e59da7737e16aa9206-100x100.jpg 100w, https:\/\/sachviet.eu\/wp-content\/uploads\/2021\/03\/882467daf48375e59da7737e16aa9206.jpg 1200w\" sizes=\"auto, (max-width: 1020px) 100vw, 1020px\" \/>\t\t\t\t\t\t\n\t\t\t\t\t<\/div>\n\t\t\t\t\t\t\t\t\n<style>\n#image_1019307149 {\n  width: 100%;\n}\n<\/style>\n\t<\/div>\n\t<\/div><\/div>            <\/div>\n    <style>\n    #banner-grid-1639162581 .grid-col-1{height: 600px}\n    #banner-grid-1639162581 .grid-col-1-2{height: 300px}\n    #banner-grid-1639162581 .grid-col-1-3{height:200px}\n    #banner-grid-1639162581 .grid-col-2-3{height: 400px}\n    #banner-grid-1639162581 .grid-col-1-4{height: 150px}\n    #banner-grid-1639162581 .grid-col-3-4{height: 450px}\n\n\n    \n    \n\n  <\/style>\n    <\/div>\n  \n","protected":false},"excerpt":{"rendered":"<p>K\u00ec Ngh\u1ec9 C\u1ee7a Chu\u1ed9t B\u01b0u T\u00e1<\/p>\n<p>Chu\u1ed9t B\u01b0u T\u00e1 l\u00ean \u0111\u01b0\u1eddng \u0111i ngh\u1ec9 c\u00f9ng gia \u0111\u00ecnh. Nh\u01b0ng ch\u1eb3ng nh\u1ebd ph\u1ea3i g\u00e1c vi\u1ec7c \u0111\u01b0a th\u01b0 l\u1ea1i? Trong r\u1eebng gi\u00e0 hay \u1edf \u0111\u1ecba c\u1ef1c b\u0103ng gi\u00e1, tr\u00ean b\u00e3i bi\u1ec3n hay tr\u00ean l\u01b0ng l\u1ea1c \u0111\u00e0, ch\u00fa ti\u1ebfp t\u1ee5c chuy\u1ec3n c\u00e1c b\u01b0u ph\u1ea9m, v\u1edbi s\u1ef1 tr\u1ee3 gi\u00fap c\u1ee7a v\u1ee3 m\u00ecnh l\u00e0 th\u00edm Chu\u1ed9t v\u00e0 ba \u0111\u1ee9a con th\u01a1.<\/p>\n<p>B\u00e9 h\u00e3y c\u00f9ng \u0111i du l\u1ecbch v\u1edbi c\u00e1c con v\u1eadt v\u00f4 c\u00f9ng d\u1ec5 th\u01b0\u01a1ng.<\/p>\n<p>C\u00f3 c\u1ea3 ngh\u00ecn l\u1ebb m\u1ed9t chuy\u1ec7n \u0111ang ch\u1edd b\u00e9 theo t\u1eebng trang s\u00e1ch \u0111\u1ea5y!<\/p>\n<p>Cu\u1ed1n s\u00e1ch gi\u00fap b\u00e9 ph\u00e1t tri\u1ec3n kh\u1ea3 n\u0103ng ng\u00f4n ng\u1eef, tr\u00ed t\u01b0\u1edfng t\u01b0\u1ee3ng v\u00e0 \u00f3c quan s\u00e1t.<\/p>\n","protected":false},"featured_media":4137,"template":"","meta":{"_acf_changed":false},"product_brand":[],"product_cat":[25,17],"product_tag":[],"class_list":{"0":"post-4138","1":"product","2":"type-product","3":"status-publish","4":"has-post-thumbnail","6":"product_cat-nhi-dong-6-tuoi-12-tuoi","7":"product_cat-sach-danh-cho-cac-be","9":"first","10":"outofstock","11":"taxable","12":"shipping-taxable","13":"purchasable","14":"product-type-simple"},"supplier_id":null,"supplier_sku":"","barcode":null,"atum_controlled":true,"out_stock_date":"2022-05-17 17:23:16","out_stock_threshold":null,"inheritable":false,"inbound_stock":0,"stock_on_hold":0,"sold_today":0,"sales_last_days":0,"reserved_stock":0,"customer_returns":0,"warehouse_damage":0,"lost_in_post":0,"other_logs":0,"out_stock_days":1352,"lost_sales":0,"has_location":false,"update_date":"2026-01-28T23:10:34","atum_locations":[],"atum_stock_status":"outofstock","restock_status":false,"low_stock_amount":"","sales_update_date":"2026-01-28T23:10:34","calc_backorders":null,"acf":{"publisher":{"ID":1454,"post_author":"1","post_date":"2021-02-17 01:11:34","post_date_gmt":"2021-02-16 23:11:34","post_content":"<!-- wp:flatsome\/uxbuilder -->\n<h1 style=\"text-align: center;\"><strong>Kim \u0110\u1ed3ng<\/strong><\/h1>\n[row]\n\n[col span=\"3\" span__sm=\"12\"]\n\n[ux_image id=\"1534\" image_size=\"medium\"]\n\n\n[\/col]\n[col span=\"9\" span__sm=\"12\"]\n\n<p>Nh\u00e0 xu\u1ea5t b\u1ea3n Kim \u0110\u1ed3ng tr\u1ef1c thu\u1ed9c Trung \u01b0\u01a1ng \u0110o\u00e0n TNCS H\u1ed3 Ch\u00ed Minh l\u00e0 Nh\u00e0 xu\u1ea5t b\u1ea3n t\u1ed5ng h\u1ee3p c\u00f3 ch\u1ee9c n\u0103ng xu\u1ea5t b\u1ea3n s\u00e1ch v\u00e0 v\u0103n h\u00f3a ph\u1ea9m ph\u1ee5c v\u1ee5 thi\u1ebfu nhi v\u00e0 c\u00e1c b\u1eadc ph\u1ee5 huynh trong c\u1ea3 n\u01b0\u1edbc, qu\u1ea3ng b\u00e1 v\u00e0 gi\u1edbi thi\u1ec7u v\u0103n h\u00f3a Vi\u1ec7t Nam ra th\u1ebf gi\u1edbi.<br \/>Nh\u00e0 xu\u1ea5t b\u1ea3n c\u00f3 nhi\u1ec7m v\u1ee5 t\u1ed5 ch\u1ee9c b\u1ea3n th\u1ea3o, bi\u00ean so\u1ea1n, bi\u00ean d\u1ecbch, xu\u1ea5t b\u1ea3n v\u00e0 ph\u00e1t h\u00e0nh c\u00e1c xu\u1ea5t b\u1ea3n ph\u1ea9m c\u00f3 n\u1ed9i dung: gi\u00e1o d\u1ee5c truy\u1ec1n th\u1ed1ng d\u00e2n t\u1ed9c, gi\u00e1o d\u1ee5c v\u1ec1 tri th\u1ee9c, ki\u1ebfn th\u1ee9c\u2026 tr\u00ean c\u00e1c l\u0129nh v\u1ef1c v\u0103n h\u1ecdc, ngh\u1ec7 thu\u1eadt, khoa h\u1ecdc k\u1ef9 thu\u1eadt nh\u1eb1m cung c\u1ea5p cho c\u00e1c em thi\u1ebfu nhi c\u0169ng nh\u01b0 c\u00e1c b\u1eadc ph\u1ee5 huynh c\u00e1c ki\u1ebfn th\u1ee9c c\u1ea7n thi\u1ebft trong cu\u1ed9c s\u1ed1ng, nh\u1eefng tinh hoa c\u1ee7a tri th\u1ee9c nh\u00e2n lo\u1ea1i nh\u1eb1m g\u00f3p ph\u1ea7n gi\u00e1o d\u1ee5c v\u00e0 h\u00ecnh th\u00e0nh nh\u00e2n c\u00e1ch th\u1ebf h\u1ec7 tr\u1ebb.<br \/>\u0110\u1ed1i t\u01b0\u1ee3ng ph\u1ee5c v\u1ee5 c\u1ee7a Nh\u00e0 xu\u1ea5t b\u1ea3n l\u00e0 c\u00e1c em t\u1eeb tu\u1ed5i nh\u00e0 tr\u1ebb m\u1eabu gi\u00e1o (1 \u0111\u1ebfn 5 tu\u1ed5i), nhi \u0111\u1ed3ng (6 \u0111\u1ebfn 9 tu\u1ed5i), thi\u1ebfu ni\u00ean (10 \u0111\u1ebfn 15 tu\u1ed5i) \u0111\u1ebfn c\u00e1c em tu\u1ed5i m\u1edbi l\u1edbn (16 \u0111\u1ebfn 18 tu\u1ed5i) v\u00e0 c\u00e1c b\u1eadc ph\u1ee5 huynh.<\/p>\n\n[\/col]\n\n[\/row]\n\n<!-- \/wp:flatsome\/uxbuilder -->","post_title":"Kim \u0110\u1ed3ng","post_excerpt":"","post_status":"publish","comment_status":"closed","ping_status":"closed","post_password":"","post_name":"kim-dong","to_ping":"","pinged":"","post_modified":"2021-02-17 01:31:56","post_modified_gmt":"2021-02-16 23:31:56","post_content_filtered":"","post_parent":0,"guid":"https:\/\/sachviet.eu\/nha-phat-hanh\/kim-dong\/","menu_order":0,"post_type":"publisher","post_mime_type":"","comment_count":"0","filter":"raw"}},"_links":{"self":[{"href":"https:\/\/sachviet.eu\/en\/wp-json\/wp\/v2\/product\/4138","targetHints":{"allow":["GET"]}}],"collection":[{"href":"https:\/\/sachviet.eu\/en\/wp-json\/wp\/v2\/product"}],"about":[{"href":"https:\/\/sachviet.eu\/en\/wp-json\/wp\/v2\/types\/product"}],"wp:featuredmedia":[{"embeddable":true,"href":"https:\/\/sachviet.eu\/en\/wp-json\/wp\/v2\/media\/4137"}],"wp:attachment":[{"href":"https:\/\/sachviet.eu\/en\/wp-json\/wp\/v2\/media?parent=4138"}],"wp:term":[{"taxonomy":"product_brand","embeddable":true,"href":"https:\/\/sachviet.eu\/en\/wp-json\/wp\/v2\/product_brand?post=4138"},{"taxonomy":"product_cat","embeddable":true,"href":"https:\/\/sachviet.eu\/en\/wp-json\/wp\/v2\/product_cat?post=4138"},{"taxonomy":"product_tag","embeddable":true,"href":"https:\/\/sachviet.eu\/en\/wp-json\/wp\/v2\/product_tag?post=4138"}],"curies":[{"name":"wp","href":"https:\/\/api.w.org\/{rel}","templated":true}]}}