{"id":4125,"date":"2021-03-02T03:55:52","date_gmt":"2021-03-02T01:55:52","guid":{"rendered":"https:\/\/sachviet.eu\/shop\/ong-tram-tuo%cc%89i-treo-qua-cua-so-va-bien-mat\/"},"modified":"2021-06-04T09:40:48","modified_gmt":"2021-06-04T06:40:48","slug":"ong-tram-tuo%cc%89i-treo-qua-cua-so-va-bien-mat","status":"publish","type":"product","link":"https:\/\/sachviet.eu\/en\/shop\/ong-tram-tuo%cc%89i-treo-qua-cua-so-va-bien-mat\/","title":{"rendered":"\u00f4ng tr\u0103m tu\u00f4\u0309i tr\u00e8o qua c\u1eeda s\u1ed5 v\u00e0 bi\u1ebfn m\u1ea5t"},"content":{"rendered":"<p>V\u00e0o ng\u00e0y sinh nh\u1eadt l\u1ea7n th\u1ee9 100 c\u1ee7a m\u00ecnh, c\u1ee5 \u00f4ng Allan Karlsson \u0111\u1ed9t nhi\u00ean tr\u00e8o qua c\u1ee7a s\u1ed5 ng\u00f4i nh\u00e0 d\u01b0\u1ee1ng l\u00e3o \u2013 Nh\u00e0 Gi\u00e0 \u2013 v\u00e0 bi\u1ebfn m\u1ea5t. \u1ede c\u00e1i tu\u1ed5i 100 hi\u1ebfm ai \u0111\u1ea1t t\u1edbi th\u00ec c\u1ee5 c\u00f3 th\u1ec3 \u0111i \u0111\u00e2u \u0111\u01b0\u1ee3c? M\u1ed9t cu\u1ed9c truy t\u00ecm tr\u00ean kh\u1eafp n\u01b0\u1edbc Th\u1ee5y \u0110i\u1ec3n di\u1ec5n ra t\u1eeb ph\u00eda nh\u1eefng ng\u01b0\u1eddi c\u00f3 tr\u00e1ch nhi\u1ec7m ch\u0103m nom c\u1ee5 c\u0169ng nh\u01b0 ch\u00ednh quy\u1ec1n s\u1edf t\u1ea1i. Song song v\u1edbi cu\u1ed9c truy t\u00ecm nh\u00e2n \u0111\u1ea1o \u1ea5y, m\u1ed9t cu\u1ed9c truy t\u00ecm \u0111u\u1ed5i b\u1eaft kh\u00e1c gay c\u1ea5n h\u01a1n, x\u1ea3y \u0111\u1ebfn t\u1eeb m\u1ed9t t\u00ean t\u1ed9i ph\u1ea1m, k\u1ebb \u0111\u00e3 ng\u1edb ng\u1ea9n ho\u1eb7c \u0111\u00fang h\u01a1n, b\u1ea5t c\u1ea9n trao vali 50 tri\u1ec7u crown v\u00e0o tay c\u1ee5 gi\u00e0 n\u00e0y.<\/p>\n<p>Nh\u01b0ng m\u1ed9t ng\u01b0\u1eddi \u0111\u00e3 s\u1ed1ng qua m\u1ed9t th\u1ebf k\u1ef7 th\u00ec kh\u00f4ng d\u1ec5 g\u00ec t\u00f3m c\u1ee5 ta \u0111\u01b0\u1ee3c. Cu\u1ed1n ti\u1ec3u thuy\u1ebft h\u1ed3i t\u01b0\u1edfng l\u1ea1i cu\u1ed9c \u0111\u1eddi phi\u00eau l\u01b0u c\u1ee7a Allan Karlsson, ng\u01b0\u1eddi \u0111\u00e3 \u0111i kh\u1eafp th\u1ebf gi\u1edbi t\u1eeb nh\u1eefng n\u0103m tr\u01b0\u1edbc \u0110\u1ea1i chi\u1ebfn th\u1ebf gi\u1edbi th\u1ee9 nh\u1ea5t \u0111\u1ebfn cu\u1ed9c Th\u1ebf chi\u1ebfn th\u1ee9 hai, t\u1eeb n\u01b0\u1edbc Nga X\u00f4 Vi\u1ebft t\u1edbi n\u01b0\u1edbc M\u1ef9 si\u00eau c\u01b0\u1eddng v\u00e0 n\u01b0\u1edbc Trung Qu\u1ed1c con r\u1ed3ng \u0111ang l\u00ean \u1edf Vi\u1ec5n \u0110\u00f4ng. Cu\u1ed1n ti\u1ec3u thuy\u1ebft v\u1edbi gi\u1ecdng \u0111i\u1ec7u h\u00f3m h\u1ec9nh tr\u00e0o l\u1ed9ng, d\u1eabn d\u1eaft ng\u01b0\u1eddi \u0111\u1ecdc chu du c\u00f9ng Allan qua nh\u1eefng t\u00ecnh hu\u1ed1ng gi\u1ea3 t\u01b0\u1edfng l\u00e0m b\u1eadt l\u00ean c\u00e1i nh\u00ecn t\u01b0ng t\u1eedng v\u1ec1 th\u1ebf gi\u1edbi n\u00e0y. Nh\u1eefng xung \u0111\u1ed9t v\u0103n h\u00f3a, \u00fd th\u1ee9c h\u1ec7 v\u00e0 nh\u1eefng n\u00e9t kh\u00e1c th\u01b0\u1eddng c\u1ee7a c\u00e1c v\u00f9ng \u0111\u1ea5t xa x\u00f4i, c\u00e0ng ch\u1ee9ng t\u1ecf s\u1ef1 \u0111a d\u1ea1ng c\u1ee7a nh\u00e2n lo\u1ea1i trong th\u1ebf gi\u1edbi c\u00f3 v\u1ebb ph\u1eb3ng n\u00e0y.<\/p>\n<p>Cu\u1ed1n ti\u1ec3u thuy\u1ebft \u0111\u00e3 tr\u1edf th\u00e0nh hi\u1ec7n t\u01b0\u1ee3ng qu\u1ed1c gia \u1edf Th\u1ee5y \u0110i\u1ec3n, \u0111em l\u1ea1i cho ng\u01b0\u1eddi \u0111\u1ecdc m\u1ed9t c\u00e1i nh\u00ecn h\u00e0i h\u01b0\u1edbc k\u00edn \u0111\u00e1o c\u1ee7a v\u0103n h\u00f3a B\u1eafc \u00c2u, n\u01a1i c\u00f3 truy\u1ec1n th\u1ed1ng t\u00f4n qu\u00fd v\u0103n h\u1ecdc l\u00e2u \u0111\u1eddi.   <div class=\"banner-grid-wrapper\">\n  <div id=\"banner-grid-919983699\" class=\"banner-grid row row-grid row-small\" data-packery-options=\"\">\n            <style>\n    #banner-grid-919983699 .grid-col-1{height: 600px}\n    #banner-grid-919983699 .grid-col-1-2{height: 300px}\n    #banner-grid-919983699 .grid-col-1-3{height:200px}\n    #banner-grid-919983699 .grid-col-2-3{height: 400px}\n    #banner-grid-919983699 .grid-col-1-4{height: 150px}\n    #banner-grid-919983699 .grid-col-3-4{height: 450px}\n\n\n        \/* Tablet *\/\n    @media (max-width: 850px){\n      #banner-grid-919983699 .grid-col-1{height: 400px}\n      #banner-grid-919983699 .grid-col-1-2{height: 200px}\n      #banner-grid-919983699 .grid-col-1-3{height:133.33333333333px}\n      #banner-grid-919983699 .grid-col-2-3{height: 266.66666666667px}\n      #banner-grid-919983699 .grid-col-1-4{height: 100px}\n      #banner-grid-919983699 .grid-col-3-4{height: 300px}\n    }\n    \n        \/* Mobile *\/\n    @media (max-width: 550px){\n      #banner-grid-919983699 .grid-col-1{height: 400px}\n      #banner-grid-919983699 .grid-col-1-2{height: 200px}\n      #banner-grid-919983699 .grid-col-1-3{height:133.33333333333px}\n      #banner-grid-919983699 .grid-col-2-3{height: 266.66666666667px}\n      #banner-grid-919983699 .grid-col-1-4{height: 100px}\n      #banner-grid-919983699 .grid-col-3-4{height: 300px}\n    }\n    \n\n  <\/style>\n    <\/div>\n    <style>\n    #banner-grid-919983699 .grid-col-1{height: 600px}\n    #banner-grid-919983699 .grid-col-1-2{height: 300px}\n    #banner-grid-919983699 .grid-col-1-3{height:200px}\n    #banner-grid-919983699 .grid-col-2-3{height: 400px}\n    #banner-grid-919983699 .grid-col-1-4{height: 150px}\n    #banner-grid-919983699 .grid-col-3-4{height: 450px}\n\n\n    \n    \n\n  <\/style>\n    <\/div>\n  \n","protected":false},"excerpt":{"rendered":"<p>V\u00e0o ng\u00e0y sinh nh\u1eadt l\u1ea7n th\u1ee9 100 c\u1ee7a m\u00ecnh, c\u1ee5 \u00f4ng Allan Karlsson \u0111\u1ed9t nhi\u00ean tr\u00e8o qua c\u1ee7a s\u1ed5 ng\u00f4i nh\u00e0 d\u01b0\u1ee1ng l\u00e3o \u2013 Nh\u00e0 Gi\u00e0 \u2013 v\u00e0 bi\u1ebfn m\u1ea5t. \u1ede c\u00e1i tu\u1ed5i 100 hi\u1ebfm ai \u0111\u1ea1t t\u1edbi th\u00ec c\u1ee5 c\u00f3 th\u1ec3 \u0111i \u0111\u00e2u \u0111\u01b0\u1ee3c? M\u1ed9t cu\u1ed9c truy t\u00ecm tr\u00ean kh\u1eafp n\u01b0\u1edbc Th\u1ee5y \u0110i\u1ec3n di\u1ec5n ra t\u1eeb ph\u00eda nh\u1eefng ng\u01b0\u1eddi c\u00f3 tr\u00e1ch nhi\u1ec7m ch\u0103m nom c\u1ee5 c\u0169ng nh\u01b0 ch\u00ednh quy\u1ec1n s\u1edf t\u1ea1i. Song song v\u1edbi cu\u1ed9c truy t\u00ecm nh\u00e2n \u0111\u1ea1o \u1ea5y, m\u1ed9t cu\u1ed9c truy t\u00ecm \u0111u\u1ed5i b\u1eaft kh\u00e1c gay c\u1ea5n h\u01a1n, x\u1ea3y \u0111\u1ebfn t\u1eeb m\u1ed9t t\u00ean t\u1ed9i ph\u1ea1m, k\u1ebb \u0111\u00e3 ng\u1edb ng\u1ea9n ho\u1eb7c \u0111\u00fang h\u01a1n, b\u1ea5t c\u1ea9n trao vali 50 tri\u1ec7u crown v\u00e0o tay c\u1ee5 gi\u00e0 n\u00e0y.<\/p>\n","protected":false},"featured_media":4118,"template":"","meta":{"_acf_changed":false},"product_brand":[],"product_cat":[15,45],"product_tag":[],"class_list":{"0":"post-4125","1":"product","2":"type-product","3":"status-publish","4":"has-post-thumbnail","6":"product_cat-sach-danh-cho-nguoi-lon","7":"product_cat-tieu-thuyet","9":"first","10":"outofstock","11":"taxable","12":"shipping-taxable","13":"purchasable","14":"product-type-simple"},"supplier_id":null,"supplier_sku":"","barcode":null,"atum_controlled":true,"out_stock_date":"2021-06-04 06:40:49","out_stock_threshold":null,"inheritable":false,"inbound_stock":0,"stock_on_hold":0,"sold_today":0,"sales_last_days":0,"reserved_stock":0,"customer_returns":0,"warehouse_damage":0,"lost_in_post":0,"other_logs":0,"out_stock_days":1699,"lost_sales":0,"has_location":false,"update_date":"2026-01-28T23:10:34","atum_locations":[],"atum_stock_status":"outofstock","restock_status":false,"low_stock_amount":"","sales_update_date":"2026-01-28T23:10:34","calc_backorders":null,"acf":{"publisher":{"ID":1517,"post_author":"1","post_date":"2021-02-17 01:14:41","post_date_gmt":"2021-02-16 23:14:41","post_content":"","post_title":"NXB Tr\u1ebb","post_excerpt":"","post_status":"publish","comment_status":"closed","ping_status":"closed","post_password":"","post_name":"nxb-tre","to_ping":"","pinged":"","post_modified":"2021-02-17 01:14:41","post_modified_gmt":"2021-02-16 23:14:41","post_content_filtered":"","post_parent":0,"guid":"https:\/\/sachviet.eu\/nha-phat-hanh\/nxb-tre\/","menu_order":0,"post_type":"publisher","post_mime_type":"","comment_count":"0","filter":"raw"}},"_links":{"self":[{"href":"https:\/\/sachviet.eu\/en\/wp-json\/wp\/v2\/product\/4125","targetHints":{"allow":["GET"]}}],"collection":[{"href":"https:\/\/sachviet.eu\/en\/wp-json\/wp\/v2\/product"}],"about":[{"href":"https:\/\/sachviet.eu\/en\/wp-json\/wp\/v2\/types\/product"}],"wp:featuredmedia":[{"embeddable":true,"href":"https:\/\/sachviet.eu\/en\/wp-json\/wp\/v2\/media\/4118"}],"wp:attachment":[{"href":"https:\/\/sachviet.eu\/en\/wp-json\/wp\/v2\/media?parent=4125"}],"wp:term":[{"taxonomy":"product_brand","embeddable":true,"href":"https:\/\/sachviet.eu\/en\/wp-json\/wp\/v2\/product_brand?post=4125"},{"taxonomy":"product_cat","embeddable":true,"href":"https:\/\/sachviet.eu\/en\/wp-json\/wp\/v2\/product_cat?post=4125"},{"taxonomy":"product_tag","embeddable":true,"href":"https:\/\/sachviet.eu\/en\/wp-json\/wp\/v2\/product_tag?post=4125"}],"curies":[{"name":"wp","href":"https:\/\/api.w.org\/{rel}","templated":true}]}}