{"id":412,"date":"2021-02-13T01:33:34","date_gmt":"2021-02-12T23:33:34","guid":{"rendered":"https:\/\/sachviet.eu\/shop\/ehon-choi-cung-cao-ken-set-3-quyen\/"},"modified":"2025-03-01T16:34:04","modified_gmt":"2025-03-01T14:34:04","slug":"ehon-choi-cung-cao-ken-set-3-quyen","status":"publish","type":"product","link":"https:\/\/sachviet.eu\/en\/shop\/ehon-choi-cung-cao-ken-set-3-quyen\/","title":{"rendered":"Ehon ch\u01a1i c\u00f9ng C\u00e1o ken &#8211; set 3 quy\u1ec3n"},"content":{"rendered":"<p>C\u00e1c chuy\u00ean gia ph\u00e2n t\u00edch gi\u00e1o d\u1ee5c cho r\u1eb1ng, \u0111\u1ed9 tu\u1ed5i t\u1eeb 0 \u2013 6 l\u00e0 kho\u1ea3ng th\u1eddi gian m\u00e0 tr\u1ebb em c\u00f3 kh\u1ea3 n\u0103ng ghi nh\u1eadn t\u1ed1t nh\u1ea5t c\u00e1c y\u1ebfu t\u1ed1 t\u1eeb m\u00f4i tr\u01b0\u1eddng xung quanh, nh\u1ea5t l\u00e0 c\u00e1c y\u1ebfu t\u1ed1 t\u00e1c \u0111\u1ed9ng tr\u1ef1c ti\u1ebfp l\u00ean c\u00e1c gi\u00e1c quan c\u1ee7a tr\u1ebb, \u0111\u1eb7c bi\u1ec7t l\u00e0 \u00e2m thanh, m\u00e0u s\u1eafc, h\u00ecnh kh\u1ed1i.<br \/>\nB\u1ed9 s\u00e1ch ehon \u201cC\u00e1o Ken\u201d &#8211; \u201c\u0110i\u1ec1u k\u1ef3 di\u1ec7u c\u1ee7a \u00e2m thanh\u201d mang \u0111\u1ebfn cho tr\u1ebb em Vi\u1ec7t Nam c\u01a1 h\u1ed9i \u0111\u01b0\u1ee3c ti\u1ebfp x\u00fac v\u1edbi m\u1ed9t kho t\u1eeb ng\u1eef phong ph\u00fa, \u0111\u1ea7y nh\u1ecbp \u0111i\u1ec7u nh\u1edd v\u00e0o nh\u1eefng c\u1ee5m t\u1eeb l\u00e1y, l\u00e0 ch\u00eca kh\u00f3a \u0111\u1ec3 m\u1edf ra trong con nh\u1eefng \u00fd ni\u1ec7m \u0111\u1ea7u ti\u00ean cho s\u1ef1 ph\u00e1t tri\u1ec3n \u00e2m thanh c\u0169ng nh\u01b0 ng\u00f4n ng\u1eef trong tr\u1ebb.<\/p>\n<p>B\u1ed9 s\u00e1ch ehon \u201cC\u00e1o Ken\u201d g\u1ed3m ba cu\u1ed1n s\u00e1ch l\u00e0 \u201cC\u00e1o Ken v\u00e0 \u0110\u1ed3 V\u1eadt&#8221;, &#8220;C\u00e1o Ken v\u00e0 C\u1ea3nh V\u1eadt&#8221;, &#8220;C\u00e1o Ken v\u00e0 \u0110\u1ed9ng V\u1eadt&#8221;.<\/p>\n<p>\u201cC\u00e1o Ken v\u00e0 \u0110\u1ed3 V\u1eadt&#8221; mang t\u00ean \u201cL\u1ed9p b\u1ed9p l\u1ed9p b\u1ed9p\u201d, g\u1ee3i ra nh\u1eefng \u00e2m thanh v\u00f4 c\u00f9ng \u201cb\u1eaft tai\u201d khi b\u1ea1n c\u00e1o Ken s\u1eed d\u1ee5ng c\u00e1c \u0111\u1ed3 v\u1eadt th\u01b0\u1eddng ng\u00e0y: G\u00f5 c\u00e1nh c\u1eeda s\u1ebd ph\u00e1t ra ti\u1ebfng \u201cc\u1ed1c c\u1ed1c c\u1ed1c\u201d, chi\u1ebfc \u00f4 h\u1ee9ng m\u01b0a s\u1ebd k\u00eau \u201cl\u1ed9p b\u1ed9p l\u1ed9p b\u1ed9p\u201d, m\u00e1y \u1ea3nh k\u00eau \u201ct\u00e1ch t\u00e1ch\u201d, c\u00f2n \u00f4 t\u00f4 kh\u1edfi \u0111\u1ed9ng k\u00eau \u201cb\u1edd-r\u1eebn, b\u1edd-r\u1eebn\u201d,\u2026 M\u1ed7i \u0111\u1ed3 v\u1eadt \u0111\u1ec1u c\u00f3 nh\u1eefng ti\u1ebfng k\u00eau \u0111\u1eb7c tr\u01b0ng gi\u00fap tr\u1ebb ph\u00e2n bi\u1ec7t \u0111\u01b0\u1ee3c m\u00e0 kh\u00f4ng c\u1ea7n ph\u1ea3i ng\u01b0\u1edbc m\u1eaft l\u00ean nh\u00ecn.<\/p>\n<p>&#8220;C\u00e1o Ken v\u00e0 \u0110\u1ed9ng V\u1eadt&#8221; l\u1ea1i l\u00e0 cu\u1ed9c h\u00e0nh tr\u00ecnh c\u1ee7a b\u1ea1n c\u00e1o Ken \u0111\u1ebfn v\u1edbi th\u1ebf gi\u1edbi \u201cR\u00f3n r\u00e9n r\u00f3n r\u00e9n\u201d c\u1ee7a c\u00e1c b\u1ea1n \u0111\u1ed9ng v\u1eadt quanh m\u00ecnh. Trong cu\u1ed9c h\u00e0nh tr\u00ecnh n\u00e0y, tr\u1ebb s\u1ebd th\u1eed nghi\u1ec7m c\u00e1ch mi\u00eau t\u1ea3, nh\u1eadn bi\u1ebft c\u00e1c b\u1ea1n \u1ea5y th\u00f4ng qua \u00e2m thanh, ti\u1ebfng \u0111\u1ed9ng m\u00e0 ph\u00e1t ra ch\u1ee9 kh\u00f4ng ph\u1ea3i b\u1eb1ng c\u00e1ch quan s\u00e1t hay ti\u1ebfp x\u00fac n\u1eefa. \u1ed0c s\u00ean th\u00ec \u201cch\u1ea7m ch\u1eadm ch\u1ea7m ch\u1eadm\u201d, c\u00e1c ch\u00fa c\u00e1 \u201ctung t\u0103ng tung t\u0103ng\u201d, l\u1ee3n k\u00eau \u201c\u1ee7n \u1ec9n \u1ee7n \u1ec9n\u201d, \u1ebfch k\u00eau vang \u201c\u1ebfch \u1ed9p \u1ebfch \u1ed9p\u201d, m\u1eb9 con v\u1ecbt \u0111i \u201cl\u1ea1ch b\u1ea1ch l\u1ea1ch b\u1ea1ch\u201d,\u2026 C\u00e1c con v\u1eadt \u0111\u00e1ng y\u00eau s\u1ebd gi\u00fap th\u1ebf gi\u1edbi quanh tr\u1ebb tr\u1edf n\u00ean sinh \u0111\u1ed9ng h\u01a1n r\u1ea5t nhi\u1ec1u. Kh\u00f4ng ch\u1ec9 gi\u00fap b\u00e9 nh\u1eadn bi\u1ebft th\u00f4ng qua h\u00ecnh \u1ea3nh, cu\u1ed1n s\u00e1ch c\u00f2n ch\u00fa tr\u1ecdng s\u00e2u h\u01a1n v\u00e0o \u00e2m thanh, k\u00edch th\u00edch tr\u00ed n\u00e3o c\u1ee7a b\u00e9 tr\u1edf n\u00ean t\u00f2 m\u00f2 v\u00e0 th\u00edch th\u00fa v\u1edbi nh\u1eefng con v\u1eadt.<\/p>\n<p>\u201cC\u00e1o Ken v\u00e0 c\u1ea3nh v\u1eadt\u201d cho con ch\u1ee9ng ki\u1ebfn m\u1ed9t b\u1ea7u tr\u1eddi \u201cl\u1ea5p l\u00e1nh l\u1ea5p l\u00e1nh\u201d v\u1ec1 \u0111\u00eam, cho con nghe th\u1ea5y ti\u1ebfng gi\u00f3 th\u1ed5i vi vu vi vu, l\u00e1 c\u00e2y r\u01a1i x\u00e0o x\u1ea1c x\u1ea1c, d\u00f2ng n\u01b0\u1edbc ch\u1ea3y r\u00f3c r\u00e1ch r\u00f3c r\u00e1ch\u2026 Con \u0111a\u0303 bi\u00ea\u0301t ngo\u0323n gio\u0301 co\u0301 hi\u0300nh da\u0301ng nh\u01b0 th\u00ea\u0301 na\u0300o ch\u01b0a? N\u00ea\u0301u con ho\u0309i, ch\u0103\u0301c h\u0103\u0309n b\u00f4\u0301 me\u0323 cu\u0303ng kho\u0301 co\u0301 th\u00ea\u0309 gia\u0309i thi\u0301ch cho con hi\u00ea\u0309u ro\u0303 \u0111u\u0301ng kh\u00f4ng. Nh\u01b0ng v\u01a1\u0301i cu\u00f4\u0301n ehon \u201cCa\u0301o Ken va\u0300 ca\u0309nh v\u00e2\u0323t\u201d na\u0300y, con se\u0303 hi\u00ea\u0309u ra r\u0103\u0300ng chi\u0309 c\u00e2\u0300n m\u1ed7i l\u00e2\u0300n con nghe th\u00e2\u0301y ti\u00ea\u0301ng \u201cvi vi vi vu\u201d th\u00f4\u0309i qua, nghi\u0303a la\u0300 ba\u0323n gio\u0301 \u0111ang ghe\u0301 th\u0103m con \u0111\u00e2\u0301y. Mo\u0323i s\u01b0\u0323 v\u00e2\u0323t quanh be\u0301 \u0111\u00ea\u0300u co\u0301 nh\u01b0\u0303ng \u0111\u0103\u0323c \u0111i\u00ea\u0309m ri\u00eang r\u00e2\u0301t \u0111a\u0301ng y\u00eau, n\u00ea\u0301u be\u0301 chi\u0323u kho\u0301 \u0111\u00ea\u0309 y\u0301 m\u00f4\u0323t chu\u0301t thi\u0300 con se\u0303 ghi nh\u01a1\u0301 \u0111\u01b0\u01a1\u0323c t\u00e2\u0301t ca\u0309 \u0111i\u00ea\u0300u \u0111o\u0301 va\u0300o tri\u0301 nh\u01a1\u0301 cu\u0309a mi\u0300nh. Chu\u0301ng se\u0303 \u0111em la\u0323i cho con r\u00e2\u0301t nhi\u00ea\u0300u ki\u00ea\u0301n th\u01b0\u0301c b\u00f4\u0309 i\u0301ch \u0111\u00e2\u0301y.<\/p>\n<p>Tham gia va\u0300o ha\u0300nh tri\u0300nh kha\u0301m pha\u0301 th\u00ea\u0301 gi\u01a1\u0301i xung quanh cu\u0309a ba\u0323n ca\u0301o Ken, tre\u0309 se\u0303 \u0111\u01b0\u01a1\u0323c trang bi\u0323 th\u01b0\u0301 ng\u00f4n ng\u01b0\u0303 gia\u0300u ca\u0309m xu\u0301c, gia\u0300u s\u01b0\u0301c g\u01a1\u0323i nh\u0103\u0301c \u0111\u00ea\u0309 cho con co\u0301 th\u00ea\u0309 ghi nh\u01a1\u0301 s\u01b0\u0323 xu\u00e2\u0301t hi\u00ea\u0323n, t\u00f4\u0300n ta\u0323i cu\u0309a s\u01b0\u0323 v\u00e2\u0323t, ca\u0309nh v\u00e2\u0323t d\u00ea\u0303 da\u0300ng h\u01a1n, kh\u0103\u0301c ghi l\u00e2u h\u01a1n trong t\u00e2m tri\u0301 con.<\/p>\n<p>Nh\u1eefng c\u1ee5m t\u1eeb l\u00e1y g\u1ee3i t\u1ea3 \u00e2m thanh, m\u00e0u s\u1eafc, h\u00e0nh \u0111\u1ed9ng nh\u01b0 \u201cl\u1ed9p b\u1ed9p l\u1ed9p b\u1ed9p\u201d, \u201cl\u1ea5p l\u00e1nh l\u1ea5p l\u00e1nh\u201d, \u201cr\u00f3n r\u00e9n r\u00f3n r\u00e9n\u201d \u0111\u01b0\u1ee3c l\u1ea5y l\u00e0m t\u00ean cho c\u00e1c m\u1ea9u chuy\u1ec7n \u0111\u00e3 g\u1ee3i n\u00ean trong t\u00e2m tr\u00ed s\u1ef1 \u0111\u00e1ng y\u00eau, v\u00e0 thu h\u00fat. V\u1eady n\u00ean, ch\u1ec9 c\u1ea7n \u0111\u1ecdc l\u00ean nh\u1eefng \u00e2m \u0111i\u1ec7u \u0111\u00f3, tr\u1ebb l\u1eadp t\u1ee9c s\u1ebd b\u1ecb ch\u00fa \u00fd b\u1edfi nh\u1eefng cu\u1ed1n s\u00e1ch n\u00e0y. V\u1edbi nh\u1eefng c\u00e2u t\u1eeb \u0111\u00f3, tr\u1ebb s\u1ebd gi\u1eef \u0111\u01b0\u1ee3c s\u1ef1 t\u1eadp trung l\u00e2u h\u01a1n, vui v\u1ebb h\u01a1n khi \u0111\u1ecdc s\u00e1ch, nh\u1ea5t khi l\u00e0 b\u1ed1 m\u1eb9 d\u00f9ng gi\u1ecdng \u0111\u1ecdc \u1ea5m \u00e1p c\u1ee7a m\u00ecnh \u0111\u1ec3 truy\u1ec1n t\u1ea3i ch\u00fang. \u0110\u00f4i m\u1eaft to tr\u00f2n c\u1ee7a con nh\u00ecn theo tay m\u1eb9 ch\u1ec9 v\u00e0o t\u1eebng trang s\u00e1ch, \u0111i\u1ec7u c\u01b0\u1eddi kh\u00fac kh\u00edch l\u00e0 d\u1ea5u hi\u1ec7u cho m\u1eb9 bi\u1ebft con th\u00edch th\u00fa \u0111\u1ebfn c\u1ee1 n\u00e0o \u0111\u1ea5y!<\/p>\n<p>Qua chuy\u1ebfn h\u00e0nh tr\u00ecnh c\u1ee7a c\u00e1o Ken trong b\u1ed9 truy\u1ec7n ehon \u201cC\u00e1o Ken\u201d, tr\u1ebb c\u00f3 th\u1ec3 ti\u1ebfp thu th\u00eam th\u1eadt nhi\u1ec1u nh\u1eefng ng\u00f4n ng\u1eef \u0111\u1ec3 di\u1ec5n \u0111\u1ea1t nh\u1eefng \u0111i\u1ec1u m\u00e0 con suy ngh\u0129, gi\u00fap b\u1ed1 m\u1eb9 hi\u1ec3u th\u00eam \u0111\u01b0\u1ee3c suy ngh\u0129 v\u00e0 c\u00e1ch di\u1ec5n \u0111\u1ea1t ng\u1ed9 ngh\u0129nh, \u0111\u1ea7y s\u1ef1 \u0111\u00e1ng y\u00eau c\u1ee7a con tr\u1ebb.  <div class=\"banner-grid-wrapper\">\n  <div id=\"banner-grid-939218488\" class=\"banner-grid row row-grid row-small\" data-packery-options=\"\">\n                      <div class=\"col grid-col large-12 grid-col-1\" ><div class=\"col-inner\">\t<div class=\"img has-hover x md-x lg-x y md-y lg-y\" id=\"image_451419555\">\n\t\t\t\t\t\t\t\t<div class=\"img-inner dark\" >\n\t\t\t<img loading=\"lazy\" decoding=\"async\" width=\"1020\" height=\"1020\" src=\"https:\/\/sachviet.eu\/wp-content\/uploads\/2021\/02\/a4f944cb916cec0df35fd1f759485f54-1024x1024.jpeg\" class=\"attachment-large size-large\" alt=\"\" srcset=\"https:\/\/sachviet.eu\/wp-content\/uploads\/2021\/02\/a4f944cb916cec0df35fd1f759485f54-1024x1024.jpeg 1024w, https:\/\/sachviet.eu\/wp-content\/uploads\/2021\/02\/a4f944cb916cec0df35fd1f759485f54-300x300.jpeg 300w, https:\/\/sachviet.eu\/wp-content\/uploads\/2021\/02\/a4f944cb916cec0df35fd1f759485f54-150x150.jpeg 150w, https:\/\/sachviet.eu\/wp-content\/uploads\/2021\/02\/a4f944cb916cec0df35fd1f759485f54-768x768.jpeg 768w, https:\/\/sachviet.eu\/wp-content\/uploads\/2021\/02\/a4f944cb916cec0df35fd1f759485f54-1536x1536.jpeg 1536w, https:\/\/sachviet.eu\/wp-content\/uploads\/2021\/02\/a4f944cb916cec0df35fd1f759485f54-2048x2048.jpeg 2048w, https:\/\/sachviet.eu\/wp-content\/uploads\/2021\/02\/a4f944cb916cec0df35fd1f759485f54-600x600.jpeg 600w, https:\/\/sachviet.eu\/wp-content\/uploads\/2021\/02\/a4f944cb916cec0df35fd1f759485f54-100x100.jpeg 100w\" sizes=\"auto, (max-width: 1020px) 100vw, 1020px\" \/>\t\t\t\t\t\t\n\t\t\t\t\t<\/div>\n\t\t\t\t\t\t\t\t\n<style>\n#image_451419555 {\n  width: 100%;\n}\n<\/style>\n\t<\/div>\n\t<\/div><\/div>            <\/div>\n    <style>\n    #banner-grid-939218488 .grid-col-1{height: 600px}\n    #banner-grid-939218488 .grid-col-1-2{height: 300px}\n    #banner-grid-939218488 .grid-col-1-3{height:200px}\n    #banner-grid-939218488 .grid-col-2-3{height: 400px}\n    #banner-grid-939218488 .grid-col-1-4{height: 150px}\n    #banner-grid-939218488 .grid-col-3-4{height: 450px}\n\n\n    \n    \n\n  <\/style>\n    <\/div>\n  \n","protected":false},"excerpt":{"rendered":"<p>B\u1ed9 s\u00e1ch ehon \u201cC\u00e1o Ken\u201d cho con tr\u1ebb tham gia v\u00e0o m\u1ed9t cu\u1ed9c h\u00e0nh tr\u00ecnh, hay c\u0169ng c\u00f3 th\u1ec3 g\u1ecdi l\u00e0 m\u1ed9t tr\u00f2 ch\u01a1i th\u00fa v\u1ecb \u0111\u1ec3 kh\u00e1m ph\u00e1 th\u1eadt nhi\u1ec1u nh\u1eefng \u0111i\u1ec1u m\u1edbi l\u1ea1, nh\u1eefng \u00e2m thanh c\u1ef1c k\u1ef3 \u0111\u1eb7c bi\u1ec7t, gi\u00fap t\u0103ng c\u01b0\u1eddng kh\u1ea3 n\u0103ng ng\u00f4n ng\u1eef c\u0169ng nh\u01b0 cho con th\u1ecfa s\u1ee9c h\u00f2a m\u00ecnh v\u00e0o th\u1ebf gi\u1edbi xung quanh ng\u1eadp tr\u00e0n nh\u1eefng \u0111i\u1ec1u l\u00fd th\u00fa \u0111\u1ea5y nh\u00e9.<\/p>\n","protected":false},"featured_media":405,"template":"","meta":{"_acf_changed":false},"product_brand":[],"product_cat":[24,17],"product_tag":[],"class_list":{"0":"post-412","1":"product","2":"type-product","3":"status-publish","4":"has-post-thumbnail","6":"product_cat-nha-tre-mau-giao-0-tuoi-6-tuoi","7":"product_cat-sach-danh-cho-cac-be","9":"first","10":"instock","11":"taxable","12":"shipping-taxable","13":"purchasable","14":"product-type-simple"},"supplier_id":null,"supplier_sku":"","barcode":null,"atum_controlled":true,"out_stock_date":null,"out_stock_threshold":null,"inheritable":false,"inbound_stock":0,"stock_on_hold":0,"sold_today":0,"sales_last_days":0,"reserved_stock":0,"customer_returns":0,"warehouse_damage":0,"lost_in_post":0,"other_logs":0,"out_stock_days":0,"lost_sales":0,"has_location":false,"update_date":"2026-01-28T23:11:29","atum_locations":[],"atum_stock_status":"instock","restock_status":false,"low_stock_amount":"","sales_update_date":"2026-01-28T23:11:29","calc_backorders":null,"acf":{"publisher":{"ID":1420,"post_author":"1","post_date":"2021-02-16 23:03:17","post_date_gmt":"2021-02-16 21:03:17","post_content":"<!-- wp:flatsome\/uxbuilder -->\n<h1 style=\"text-align: center\"><strong>WABOOKS<\/strong><\/h1>\n[ux_image id=\"1430\"]\n\n[gap]\n\n<p style=\"text-align: left\">Wabooks l\u00e0 c\u00f4ng ty s\u00e1ch ho\u1ea1t \u0111\u1ed9ng chuy\u00ean nghi\u1ec7p trong l\u0129nh v\u1ef1c xu\u1ea5t b\u1ea3n s\u00e1ch. Ph\u1ea7n l\u1edbn ngu\u1ed3n l\u1ef1c c\u1ee7a c\u00f4ng ty \u0111\u1ea7u t\u01b0 v\u00e0o nghi\u00ean c\u1ee9u, mua b\u1ea3n quy\u1ec1n, d\u1ecbch v\u00e0 xu\u1ea5t b\u1ea3n c\u00e1c \u1ea5n ph\u1ea9m v\u0103n h\u00f3a, tri th\u1ee9c c\u1ee7a Nh\u1eadt B\u1ea3n t\u1ea1i Vi\u1ec7t Nam. Wabooks lu\u00f4n kh\u00f4ng ng\u1eebng n\u1ed7 l\u1ef1c mang \u0111\u1ebfn nh\u1eefng s\u1ea3n ph\u1ea9m c\u00f3 ch\u1ea5t l\u01b0\u1ee3ng v\u00e0 d\u1ecbch v\u1ee5 ho\u00e0n h\u1ea3o, mang \u0111\u1ebfn s\u1ef1 h\u00e0i l\u00f2ng cho kh\u00e1ch h\u00e0ng c\u0169ng nh\u01b0 \u0111\u00f3ng g\u00f3p cho \u0111\u1ea5t n\u01b0\u1edbc t\u1ed1t \u0111\u1eb9p h\u01a1n th\u00f4ng qua nh\u1eefng gi\u00e1 tr\u1ecb m\u00e0 c\u00f4ng ty \u0111ang kh\u00f4ng ng\u1eebng theo \u0111u\u1ed5i.<\/p>\n[row]\n\n[col span=\"6\" span__sm=\"12\"]\n\n[ux_image id=\"2068\"]\n\n\n[\/col]\n[col span=\"6\" span__sm=\"12\"]\n\n<p>Anh Goto Daishi th\u00ec tin r\u1eb1ng ch\u1ec9 c\u00f3 s\u00e1ch m\u1edbi khi\u1ebfn con ng\u01b0\u1eddi ta tr\u1edf n\u00ean v\u0103n minh v\u00e0 ti\u1ebfn b\u1ed9, c\u00f2n anh Nguy\u1ec5n Tu\u1ea5n Anh th\u00ec cho r\u1eb1ng ch\u00fang ta ph\u1ea3i mang s\u00e1ch \u0111\u1ebfn n\u01a1i m\u00e0 ng\u01b0\u1eddi ta th\u1ef1c s\u1ef1 c\u1ea7n, chia s\u1ebb nh\u1eefng gi\u00e1 tr\u1ecb m\u00e0 ng\u01b0\u1eddi kh\u00e1c \u0111ang thi\u1ebfu, \u0111\u00f3 l\u00e0 c\u00e1ch \u0111\u1ec3 ch\u00fang ta ho\u00e0n thi\u1ec7n con ng\u01b0\u1eddi v\u00e0 g\u00f3p ph\u1ea7n l\u00e0m cho x\u00e3 h\u1ed9i ho\u00e0n thi\u1ec7n h\u01a1n.\u00a0<\/p>\n<p>May m\u1eafn r\u1eb1ng<strong> SACHVIET.EU\u00a0<\/strong>\u0111\u00e3 c\u00f3 c\u01a1 h\u1ed9i \u0111\u01b0\u1ee3c anh Nguy\u1ec5n Tu\u1ea5n Anh h\u1ee3p t\u00e1c gi\u00fap \u0111\u1ee1 h\u1ebft m\u00ecnh \u0111\u1ec3 The Stations c\u00f3 th\u1ec3 d\u1ec5 d\u00e0ng \u0111\u01b0a nh\u1eefng cu\u1ed1n s\u00e1ch ehon sang ph\u1ee5c v\u1ee5 nhu c\u1ea7u c\u1ee7a ng\u01b0\u1eddi Vi\u1ec7t t\u1ea1i Ch\u00e2u \u00c2u. V\u00e0 kh\u00f4ng g\u00ec vui m\u1eebng h\u01a1n l\u00e0 nh\u1eefng b\u1ea1n \u0111\u1ed9c gi\u1ea3 nh\u00ed c\u00f3 th\u1ec3 ti\u1ebfp c\u1eadn v\u00e0 c\u1ea7m tr\u00ean tay nh\u1eefng cu\u1ed1n s\u00e1ch ch\u1ea5t l\u01b0\u1ee3ng \u0111\u01b0\u1ee3c \u0111\u1ea7u t\u01b0 t\u1ec9 m\u1ec9, k\u1ef9 c\u00e0ng ch\u1ec9n chu v\u1ec1 c\u1ea3 n\u1ed9i dung l\u1eabn h\u00ecnh th\u1ee9c b\u1eb1ng ti\u1ebfng Vi\u1ec7t.<\/p>\n<p><strong>SACHVIET.EU<\/strong> lu\u00f4n tin t\u01b0\u1edfng r\u1eb1ng ng\u00f4n ng\u1eef m\u1eb9 \u0111\u1ebb lu\u00f4n l\u00e0 th\u1ee9 ng\u00f4n ng\u1eef thi\u00eang li\u00eang nh\u1ea5t v\u00e0 lu\u00f4n mong mu\u1ed1n c\u00e1c \u0111\u1ed9c gi\u1ea3 Vi\u1ec7t c\u00f3 c\u01a1 h\u1ed9i \u0111\u01b0\u1ee3c s\u1edf h\u1eefu nh\u1eefng cu\u1ed1n s\u00e1ch b\u1ea3n quy\u1ec1n \u0111\u1ea7y ch\u1ea5t l\u01b0\u1ee3ng b\u00e1n s\u1eb5n t\u1ea1i Ch\u00e2u \u00c2u<\/p>\n<p>\u00a0<\/p>\n\n[\/col]\n\n[\/row]\n\n<!-- \/wp:flatsome\/uxbuilder -->","post_title":"Wabooks","post_excerpt":"","post_status":"publish","comment_status":"closed","ping_status":"closed","post_password":"","post_name":"wabooks","to_ping":"","pinged":"","post_modified":"2022-12-19 22:37:02","post_modified_gmt":"2022-12-19 20:37:02","post_content_filtered":"","post_parent":0,"guid":"https:\/\/sachviet.eu\/?post_type=publisher&#038;p=1420","menu_order":0,"post_type":"publisher","post_mime_type":"","comment_count":"0","filter":"raw"}},"_links":{"self":[{"href":"https:\/\/sachviet.eu\/en\/wp-json\/wp\/v2\/product\/412","targetHints":{"allow":["GET"]}}],"collection":[{"href":"https:\/\/sachviet.eu\/en\/wp-json\/wp\/v2\/product"}],"about":[{"href":"https:\/\/sachviet.eu\/en\/wp-json\/wp\/v2\/types\/product"}],"wp:featuredmedia":[{"embeddable":true,"href":"https:\/\/sachviet.eu\/en\/wp-json\/wp\/v2\/media\/405"}],"wp:attachment":[{"href":"https:\/\/sachviet.eu\/en\/wp-json\/wp\/v2\/media?parent=412"}],"wp:term":[{"taxonomy":"product_brand","embeddable":true,"href":"https:\/\/sachviet.eu\/en\/wp-json\/wp\/v2\/product_brand?post=412"},{"taxonomy":"product_cat","embeddable":true,"href":"https:\/\/sachviet.eu\/en\/wp-json\/wp\/v2\/product_cat?post=412"},{"taxonomy":"product_tag","embeddable":true,"href":"https:\/\/sachviet.eu\/en\/wp-json\/wp\/v2\/product_tag?post=412"}],"curies":[{"name":"wp","href":"https:\/\/api.w.org\/{rel}","templated":true}]}}