{"id":4104,"date":"2021-03-02T03:54:39","date_gmt":"2021-03-02T01:54:39","guid":{"rendered":"https:\/\/sachviet.eu\/shop\/the-gioi-rong-lon-long-nguoi-chat-hep\/"},"modified":"2021-09-16T16:20:11","modified_gmt":"2021-09-16T13:20:11","slug":"the-gioi-rong-lon-long-nguoi-chat-hep","status":"publish","type":"product","link":"https:\/\/sachviet.eu\/en\/shop\/the-gioi-rong-lon-long-nguoi-chat-hep\/","title":{"rendered":"Th\u1ebf gi\u1edbi r\u1ed9ng l\u1edbn\u00a0l\u00f2ng ng\u01b0\u1eddi ch\u1eadt h\u1eb9p"},"content":{"rendered":"<p>B\u1ea1n c\u00f3 bi\u1ebft m\u1ed7i m\u1ed9t ng\u01b0\u1eddi trong ch\u00fang ta \u0111\u1ec1u mang b\u00ean m\u00ecnh m\u1ed9t th\u1ebf gi\u1edbi ri\u00eang? Th\u1ebf gi\u1edbi \u1ea5y l\u00e0 do b\u1ea1n t\u1ea1o d\u1ef1ng n\u00ean t\u1eeb khi v\u1eeba \u0111\u01b0\u1ee3c sinh ra.<\/p>\n<p>Gi\u1eefa th\u1ebf gi\u1edbi th\u1ef1c v\u00e0 th\u1ebf gi\u1edbi ri\u00eang c\u1ee7a b\u1ea1n lu\u00f4n t\u1ed3n t\u1ea1i nh\u1eefng \u0111i\u1ec3m kh\u00e1c nhau. \u0110\u00f3 l\u00e0 n\u01a1i b\u1ea1n tr\u00fa ng\u1ee5 chi\u1ebfc b\u00f3ng ch\u00e2n th\u1eadt c\u1ee7a m\u00ecnh, n\u01a1i m\u00e0 \u00edt ai c\u00f3 quy\u1ec1n \u0111\u01b0\u1ee3c bi\u1ebft \u0111\u1ebfn.<\/p>\n<p>\u201cM\u1ed7i m\u1ed9t ng\u01b0\u1eddi tr\u00ean Tr\u00e1i \u0110\u1ea5t n\u00e0y \u0111\u1ec1u mang b\u00ean m\u00ecnh m\u1ed9t th\u1ebf gi\u1edbi ri\u00eang. \u0110\u00f3 l\u00e0 m\u1ed9t kho\u1ea3ng tr\u1eddi ri\u00eang bi\u1ec7t, m\u1ed9t cu\u1ed9c \u0111\u1eddi c\u1ee7a ri\u00eang b\u1ea1n. C\u00f3 th\u1ec3, trong th\u1ebf gi\u1edbi \u1ea5y s\u1ebd c\u00f3 v\u00f4 s\u1ed1 ng\u01b0\u1eddi b\u01b0\u1edbc v\u00e0o v\u00e0 \u0111i ra, v\u00e0 nh\u1eefng kho\u1ea3ng tr\u1ed1ng trong th\u1ebf gi\u1edbi c\u1ee7a b\u1ea1n ng\u00e0y m\u1ed9t r\u1ed9ng l\u1edbn, \u0111\u1ec3 ch\u1ee9a \u0111\u1ef1ng v\u00f4 v\u00e0n ng\u01b0\u1eddi v\u00e0 \u0111\u1ec3 ch\u1eeba ch\u1ed7 cho v\u00f4 v\u00e0n ng\u01b0\u1eddi\u2026\u201d<\/p>\n<p>M\u1ed7i ng\u00e0y ch\u00fang ta \u0111\u1ec1u \u0111i ngang qua r\u1ea5t nhi\u1ec1u ng\u01b0\u1eddi v\u00e0 t\u1ea1m bi\u1ec7t c\u0169ng r\u1ea5t nhi\u1ec1u ng\u01b0\u1eddi. C\u00f3 ng\u01b0\u1eddi s\u1ea3y ch\u00e2n b\u01b0\u1edbc v\u00e0o th\u1ebf gi\u1edbi c\u1ee7a ng\u01b0\u1eddi kh\u00e1c, c\u00f3 ng\u01b0\u1eddi l\u1ea1i v\u1ed9i v\u00e3 r\u1eddi \u0111i. Th\u1ebf gi\u1edbi c\u1ee9 th\u1ebf quay cu\u1ed3ng trong v\u00f4 h\u00ecnh.<\/p>\n<p>\u201cM\u1ed7i l\u1ea7n ngh\u0129 \u0111\u1ebfn c\u1eadu, t\u1edb l\u1ea1i th\u1ea5y gi\u1ed1ng nh\u01b0 m\u1ed9t chi\u1ebfc thuy\u1ec1n \u1edf gi\u1eefa \u0111\u1ea1i d\u01b0\u01a1ng m\u00eanh m\u00f4ng.<\/p>\n<p>&#8211; T\u1ea1i sao l\u1ea1i th\u1ebf?<\/p>\n<p>&#8211; V\u00ec c\u1eadu l\u00fac n\u00e0o tr\u00f4ng c\u0169ng th\u1eadt c\u00f4 \u0111\u01a1n.\u201d<\/p>\n<p>&#8220;Tr\u01b0\u1edbc kia t\u00f4i lu\u00f4n cho r\u1eb1ng, \u0111i\u1ec1u t\u1ed1t \u0111\u1eb9p nh\u1ea5t trong \u0111\u1eddi ng\u01b0\u1eddi ch\u00ednh l\u00e0 g\u1eb7p \u0111\u01b0\u1ee3c nhau. Sau n\u00e0y m\u1edbi hi\u1ec3u \u0111\u01b0\u1ee3c, th\u1ef1c ra kh\u00f3 nh\u1ea5t ch\u00ednh l\u00e0 g\u1eb7p l\u1ea1i. N\u1ebfu ch\u00fang ta \u0111\u00e3 l\u00e2u kh\u00f4ng g\u1eb7p, l\u1ea1i c\u00f3 th\u1ec3 tr\u00f9ng ph\u00f9ng, t\u00f4i hy v\u1ecdng r\u1eb1ng b\u1ea1n s\u1ebd lu\u00f4n kh\u1ecfe m\u1ea1nh.&#8221;<\/p>\n<p>&#8220;Lu\u00f4n c\u00f3 nh\u1eefng l\u1ea7n chia ly m\u00e0 ch\u00fang ta kh\u00f4ng th\u1ec3 n\u00e0o l\u01b0\u1eddng tr\u01b0\u1edbc \u0111\u01b0\u1ee3c&#8230;&#8221;<\/p>\n<p>Hi v\u1ecdng b\u1ea1n s\u1ebd t\u00ecm \u0111\u01b0\u1ee3c b\u1ea3n th\u00e2n m\u00ecnh trong &#8220;Th\u1ebf gi\u1edbi r\u1ed9ng l\u1edbn, l\u00f2ng ng\u01b0\u1eddi ch\u1eadt h\u1eb9p&#8221;!<\/p>\n","protected":false},"excerpt":{"rendered":"<p>B\u1ea1n c\u00f3 bi\u1ebft m\u1ed7i m\u1ed9t ng\u01b0\u1eddi trong ch\u00fang ta \u0111\u1ec1u mang b\u00ean m\u00ecnh m\u1ed9t th\u1ebf gi\u1edbi ri\u00eang? Th\u1ebf gi\u1edbi \u1ea5y l\u00e0 do b\u1ea1n t\u1ea1o d\u1ef1ng n\u00ean t\u1eeb khi v\u1eeba \u0111\u01b0\u1ee3c sinh ra.<\/p>\n<p>Gi\u1eefa th\u1ebf gi\u1edbi th\u1ef1c v\u00e0 th\u1ebf gi\u1edbi ri\u00eang c\u1ee7a b\u1ea1n lu\u00f4n t\u1ed3n t\u1ea1i nh\u1eefng \u0111i\u1ec3m kh\u00e1c nhau. \u0110\u00f3 l\u00e0 n\u01a1i b\u1ea1n tr\u00fa ng\u1ee5 chi\u1ebfc b\u00f3ng ch\u00e2n th\u1eadt c\u1ee7a m\u00ecnh, n\u01a1i m\u00e0 \u00edt ai c\u00f3 quy\u1ec1n \u0111\u01b0\u1ee3c bi\u1ebft \u0111\u1ebfn.<\/p>\n<p>\u201cM\u1ed7i m\u1ed9t ng\u01b0\u1eddi tr\u00ean Tr\u00e1i \u0110\u1ea5t n\u00e0y \u0111\u1ec1u mang b\u00ean m\u00ecnh m\u1ed9t th\u1ebf gi\u1edbi ri\u00eang. \u0110\u00f3 l\u00e0 m\u1ed9t kho\u1ea3ng tr\u1eddi ri\u00eang bi\u1ec7t, m\u1ed9t cu\u1ed9c \u0111\u1eddi c\u1ee7a ri\u00eang b\u1ea1n. C\u00f3 th\u1ec3, trong th\u1ebf gi\u1edbi \u1ea5y s\u1ebd c\u00f3 v\u00f4 s\u1ed1 ng\u01b0\u1eddi b\u01b0\u1edbc v\u00e0o v\u00e0 \u0111i ra, v\u00e0 nh\u1eefng kho\u1ea3ng tr\u1ed1ng trong th\u1ebf gi\u1edbi c\u1ee7a b\u1ea1n ng\u00e0y m\u1ed9t r\u1ed9ng l\u1edbn, \u0111\u1ec3 ch\u1ee9a \u0111\u1ef1ng v\u00f4 v\u00e0n ng\u01b0\u1eddi v\u00e0 \u0111\u1ec3 ch\u1eeba ch\u1ed7 cho v\u00f4 v\u00e0n ng\u01b0\u1eddi\u2026\u201d<\/p>\n<p>M\u1ed7i ng\u00e0y ch\u00fang ta \u0111\u1ec1u \u0111i ngang qua r\u1ea5t nhi\u1ec1u ng\u01b0\u1eddi v\u00e0 t\u1ea1m bi\u1ec7t c\u0169ng r\u1ea5t nhi\u1ec1u ng\u01b0\u1eddi. C\u00f3 ng\u01b0\u1eddi s\u1ea3y ch\u00e2n b\u01b0\u1edbc v\u00e0o th\u1ebf gi\u1edbi c\u1ee7a ng\u01b0\u1eddi kh\u00e1c, c\u00f3 ng\u01b0\u1eddi l\u1ea1i v\u1ed9i v\u00e3 r\u1eddi \u0111i. Th\u1ebf gi\u1edbi c\u1ee9 th\u1ebf quay cu\u1ed3ng trong v\u00f4 h\u00ecnh.<\/p>\n","protected":false},"featured_media":4103,"template":"","meta":{"_acf_changed":false},"product_brand":[],"product_cat":[15,47],"product_tag":[],"class_list":{"0":"post-4104","1":"product","2":"type-product","3":"status-publish","4":"has-post-thumbnail","6":"product_cat-sach-danh-cho-nguoi-lon","7":"product_cat-truyen-ngan-tan-van","9":"first","10":"outofstock","11":"taxable","12":"shipping-taxable","13":"purchasable","14":"product-type-simple"},"supplier_id":null,"supplier_sku":"","barcode":null,"atum_controlled":true,"out_stock_date":"2021-09-16 13:20:11","out_stock_threshold":null,"inheritable":false,"inbound_stock":0,"stock_on_hold":0,"sold_today":0,"sales_last_days":0,"reserved_stock":0,"customer_returns":0,"warehouse_damage":0,"lost_in_post":0,"other_logs":0,"out_stock_days":1595,"lost_sales":0,"has_location":false,"update_date":"2026-01-28T23:10:34","atum_locations":[],"atum_stock_status":"outofstock","restock_status":false,"low_stock_amount":"","sales_update_date":"2026-01-28T23:10:34","calc_backorders":null,"acf":{"publisher":{"ID":1785,"post_author":"1","post_date":"2021-02-17 01:54:46","post_date_gmt":"2021-02-16 23:54:46","post_content":"<!-- wp:flatsome\/uxbuilder -->\n<h1 style=\"text-align: center;\"><strong>AZ VIETNAM<\/strong><\/h1>\n[row]\n\n[col span=\"8\" span__sm=\"12\"]\n\n<p>Th\u00e0nh l\u1eadp n\u0103m: 2015<br \/>V\u1ed1n \u0111\u1ea7u t\u01b0: 4,000,000,000 \u0111\u1ed3ng<br \/><strong>L\u0129nh v\u1ef1c:<\/strong><br \/>- Xu\u1ea5t b\u1ea3n v\u00e0 ph\u00e1t h\u00e0nh v\u0103n h\u00f3a ph\u1ea9m<br \/>- Cung c\u1ea5p v\u0103n h\u00f3a ph\u1ea9m, c\u00e1c s\u1ea3n ph\u1ea9m cho in \u1ea5n, trang thi\u1ebft b\u1ecb cho c\u00e1c th\u01b0 vi\u1ec7n v\u00e0 trung t\u00e2m s\u00e1ch tr\u00ean c\u1ea3 n\u01b0\u1edbc.<br \/>- Th\u1eddi trang v\u00e0 c\u00e1c s\u1ea3n ph\u1ea9m li\u00ean quan \u0111\u1ebfn l\u0129nh v\u1ef1c th\u1eddi trang<br \/>- Xu\u1ea5t nh\u1eadp kh\u1ea9u c\u00e1c s\u1ea3n ph\u1ea9m v\u0103n h\u00f3a<\/p>\n<p><strong>Quy m\u00f4:<\/strong> 60 nh\u00e2n vi\u00ean<br \/>Kh\u1edfi ngu\u1ed3n c\u1ee7a AZ Vi\u1ec7t Nam ng\u00e0y nay l\u00e0 C\u00f4ng ty TNHH Trung t\u00e2m S\u00e1ch v\u00e0 Thi\u1ebft b\u1ecb Th\u01b0 vi\u1ec7n, v\u1edbi ho\u1ea1t \u0111\u1ed9ng \u0111\u1ea7u ti\u00ean l\u00e0 cung c\u1ea5p s\u00e1ch, trang thi\u1ebft b\u1ecb, v\u0103n h\u00f3a ph\u1ea9m cho c\u00e1c th\u01b0 vi\u1ec7n v\u00e0 trung t\u00e2m s\u00e1ch tr\u00ean c\u1ea3 n\u01b0\u1edbc. T\u1eeb cu\u1ed1i n\u0103m 2010 \u0111\u1ebfn nay, ch\u00fang t\u00f4i \u0111\u00e3 kh\u00f4ng ng\u1eebng n\u1ed7 l\u1ef1c khai ph\u00e1 v\u00e0 ph\u00e1t tri\u1ec3n c\u00e1c d\u00f2ng s\u1ea3n ph\u1ea9m m\u1edbi v\u1edbi 8 th\u01b0\u01a1ng hi\u1ec7u uy t\u00edn. \u0110\u1ec3 \u0111\u00e1p \u1ee9ng nhu c\u1ea7u ph\u00e1t tri\u1ec3n ng\u00e0y m\u1ed9t l\u1edbn m\u1ea1nh v\u00e0 t\u1eadp h\u1ee3p c\u00e1c th\u01b0\u01a1ng hi\u1ec7u \u0111\u00e3 \u0111\u01b0\u1ee3c ch\u00fang t\u00f4i x\u00e2y d\u1ef1ng, 2015 C\u00f4ng ty TNHH AZ Vi\u1ec7t Nam \u0111\u00e3 ra \u0111\u1eddi v\u1edbi s\u1ee9 m\u1ec7nh mang \u0111\u1ebfn nhi\u1ec1u h\u01a1n n\u1eefa nh\u1eefng gi\u00e1 tr\u1ecb tinh th\u1ea7n, tri th\u1ee9c ti\u00ean ti\u1ebfn cho ng\u01b0\u1eddi ti\u00eau d\u00f9ng b\u1eb1ng vi\u1ec7c cung c\u1ea5p nh\u1eefng s\u1ea3n ph\u1ea9m c\u00f3 ch\u1ea5t l\u01b0\u1ee3ng.<\/p>\n\n[\/col]\n[col span=\"4\" span__sm=\"12\"]\n\n[ux_image id=\"1836\" image_size=\"medium\"]\n\n\n[\/col]\n\n[\/row]\n\n<!-- \/wp:flatsome\/uxbuilder -->","post_title":"AZ Vi\u1ec7t Nam","post_excerpt":"","post_status":"publish","comment_status":"closed","ping_status":"closed","post_password":"","post_name":"az-viet-nam","to_ping":"","pinged":"","post_modified":"2021-02-17 22:07:10","post_modified_gmt":"2021-02-17 20:07:10","post_content_filtered":"","post_parent":0,"guid":"https:\/\/sachviet.eu\/nha-phat-hanh\/az-viet-nam\/","menu_order":0,"post_type":"publisher","post_mime_type":"","comment_count":"0","filter":"raw"}},"_links":{"self":[{"href":"https:\/\/sachviet.eu\/en\/wp-json\/wp\/v2\/product\/4104","targetHints":{"allow":["GET"]}}],"collection":[{"href":"https:\/\/sachviet.eu\/en\/wp-json\/wp\/v2\/product"}],"about":[{"href":"https:\/\/sachviet.eu\/en\/wp-json\/wp\/v2\/types\/product"}],"wp:featuredmedia":[{"embeddable":true,"href":"https:\/\/sachviet.eu\/en\/wp-json\/wp\/v2\/media\/4103"}],"wp:attachment":[{"href":"https:\/\/sachviet.eu\/en\/wp-json\/wp\/v2\/media?parent=4104"}],"wp:term":[{"taxonomy":"product_brand","embeddable":true,"href":"https:\/\/sachviet.eu\/en\/wp-json\/wp\/v2\/product_brand?post=4104"},{"taxonomy":"product_cat","embeddable":true,"href":"https:\/\/sachviet.eu\/en\/wp-json\/wp\/v2\/product_cat?post=4104"},{"taxonomy":"product_tag","embeddable":true,"href":"https:\/\/sachviet.eu\/en\/wp-json\/wp\/v2\/product_tag?post=4104"}],"curies":[{"name":"wp","href":"https:\/\/api.w.org\/{rel}","templated":true}]}}