{"id":4102,"date":"2021-03-02T03:54:35","date_gmt":"2021-03-02T01:54:35","guid":{"rendered":"https:\/\/sachviet.eu\/shop\/nhu%cc%83ng-gi-da%cc%83-qua-dung-nghi-lai-qua-nhieu\/"},"modified":"2023-12-06T12:27:38","modified_gmt":"2023-12-06T10:27:38","slug":"nhu%cc%83ng-gi-da%cc%83-qua-dung-nghi-lai-qua-nhieu","status":"publish","type":"product","link":"https:\/\/sachviet.eu\/en\/shop\/nhu%cc%83ng-gi-da%cc%83-qua-dung-nghi-lai-qua-nhieu\/","title":{"rendered":"Nh\u01b0\u0303ng gi\u0300 \u0111a\u0303 qua \u0111\u1eebng ngh\u0129 l\u1ea1i qu\u00e1 nhi\u1ec1u"},"content":{"rendered":"<p>C\u00e1ch \u0111\u00e2y 3 n\u0103m, \u201cNh\u1eefng g\u00ec \u0111\u00e3 qua \u0111\u1eebng ngh\u0129 l\u1ea1i qu\u00e1 nhi\u1ec1u\u201d tr\u1edf th\u00e0nh cu\u1ed1n s\u00e1ch bestseller tr\u00ean kh\u1eafp c\u00e1c b\u1ea3ng x\u1ebfp h\u1ea1ng. Li\u00ean t\u1ee5c t\u00e1i b\u1ea3n ngay sau \u0111\u00f3, nh\u1eadn \u0111\u01b0\u1ee3c v\u00f4 s\u1ed1 nh\u1eefng ph\u1ea3n h\u1ed3i t\u00edch c\u1ef1c t\u1eeb \u0111\u1ed9c gi\u1ea3, nh\u1eefng ai ch\u01b0a t\u1eebng \u0111\u1ecdc th\u00ec v\u00f4 c\u00f9ng ti\u1ebfc nu\u1ed1i. L\u1ea7n tr\u1edf l\u1ea1i n\u00e0y, \u201cem nh\u1ecf\u201d \u0111\u01b0\u1ee3c thay \u00e1o m\u1edbi v\u00f4 c\u00f9ng xinh x\u1eafn!<\/p>\n<p>Cu\u1ed1n s\u00e1ch l\u00e0 s\u1ef1 k\u1ebft h\u1ee3p tuy\u1ec7t v\u1eddi gi\u1eefa hai nh\u00e0 v\u0103n tr\u1ebb n\u1ed5i ti\u1ebfng: Minh M\u1eabn v\u00e0 Du Phong h\u1ee9a h\u1eb9n s\u1ebd \u0111em \u0111\u1ebfn cho nh\u1eefng t\u00e2m h\u1ed3n \u0111ang t\u1ed5n th\u01b0\u01a1ng s\u1ef1 vui v\u1ebb v\u00e0 nh\u1eb9 nh\u00f5m tr\u01b0\u1edbc nh\u1eefng n\u1ed7i \u0111au qu\u00e1 kh\u1ee9.<\/p>\n<p>Nh\u1eefng ai t\u1eebng m\u1ea5t r\u1ea5t nhi\u1ec1u th\u1eddi gian \u0111\u1ec3 qu\u00ean \u0111i m\u1ed9t m\u1ed1i t\u00ecnh kh\u1eafc c\u1ed1t ghi t\u00e2m. Ai c\u00f2n mang n\u1eb7ng n\u1ed7i \u0111au qu\u00e1 kh\u1ee9, nh\u1eefng ng\u01b0\u1eddi c\u00f2n ch\u01b0a \u0111\u00e0nh l\u00f2ng qu\u00ean \u0111i m\u1ed9t t\u00ecnh c\u1ea3m \u0111au kh\u1ed5 hay nh\u1eefng ng\u01b0\u1eddi c\u1ee9 m\u00e3i day d\u1ee9t, b\u0103n kho\u0103n v\u1ec1 m\u1ed9t vi\u1ec7c \u0111\u00e3 qua,\u2026<\/p>\n<p>Sau t\u1ea5t c\u1ea3, \u0111i\u1ec1u ta nh\u1eadn ra l\u00e0: Th\u1eddi gian r\u1ed3i s\u1ebd ch\u1eefa l\u00e0nh m\u1ecdi th\u1ee9, d\u00f9 b\u1ea1n c\u00f3 mu\u1ed1n hay kh\u00f4ng. Nh\u1eefng c\u1ea3m x\u00fac t\u01b0\u1edfng ch\u1eebng kh\u00f4ng th\u1ec3 n\u00e0o phai nh\u00f2a, cu\u1ed1i c\u00f9ng c\u0169ng ch\u1ecbu thua tr\u01b0\u1edbc th\u1eddi gian. Th\u1eddi gian t\u00e0n nh\u1eabn, nh\u01b0ng c\u0169ng khi\u1ebfn con ng\u01b0\u1eddi nh\u1eb9 l\u00f2ng h\u01a1n. \u0110\u00f3 l\u00e0 nh\u1eefng g\u00ec b\u1ea1n c\u1ea3m nh\u1eadn \u0111\u01b0\u1ee3c sau khi \u0111\u1ecdc cu\u1ed1n s\u00e1ch n\u00e0y.<\/p>\n<p>Xin tr\u00edch l\u1ea1i review c\u1ee7a m\u1ed9t b\u1ea1n \u0111\u1ed9c gi\u1ea3 nh\u1eadn x\u00e9t v\u1ec1 cu\u1ed1n s\u00e1ch tuy\u1ec7t v\u1eddi n\u00e0y:<\/p>\n<p>\u201cH\u1ea1nh ph\u00fac th\u1ef1c th\u1ee5 l\u00e0 khi ch\u00fang ta bi\u1ebft d\u1eebng l\u1ea1i \u0111\u00fang l\u00fac, kh\u00f4ng l\u00fan s\u00e2u v\u00e0o nh\u1eefng chuy\u1ec7n c\u0169 m\u00e0 h\u00e3y an y\u00ean t\u1eadn h\u01b0\u1edfng hi\u1ec7n t\u1ea1i. Ai bu\u00f4ng b\u1ecf \u0111\u01b0\u1ee3c tr\u01b0\u1edbc, ng\u01b0\u1eddi \u0111\u00f3 s\u1ebd s\u1edbm b\u00ecnh y\u00ean v\u00e0 h\u1ea1nh ph\u00fac. Ai \u00f4m n\u1eb7ng n\u1ed7i l\u00f2ng, l\u00e0 t\u1ef1 l\u1ea5y dao c\u1ee9a v\u00e0o t\u00e2m h\u1ed3n m\u00ecnh. V\u1ebft th\u01b0\u01a1ng \u0111\u1ec3 c\u00e0ng l\u00e2u c\u00e0ng r\u1ec9 m\u00e1u nhi\u1ec1u, \u0111\u1ebfn l\u00fac n\u00e0o \u0111\u00f3 kh\u00f4ng th\u1ec3 l\u00e0nh l\u1ea1i \u0111\u01b0\u1ee3c n\u1eefa, th\u00ec qu\u1ea3 l\u00e0 nguy to.<\/p>\n<p>N\u1ebfu Minh M\u1eabn chia s\u1ebb nh\u1eefng c\u00e2u chuy\u1ec7n nh\u1ecf m\u00e0 s\u00e2u s\u1eafc, th\u1ea5m th\u00eda th\u00ec Du Phong l\u1ea1i t\u00f4 \u0111i\u1ec3m th\u00eam cho \u201cNh\u1eefng g\u00ec \u0111\u00e3 qua \u0111\u1eebng ngh\u0129 l\u1ea1i nhi\u1ec1u\u201d nh\u1eefng l\u00e0n th\u01a1 trong tr\u1ebbo, tr\u1ea7m b\u1ed5ng v\u00e0 du d\u01b0\u01a1ng. Hai c\u00e2y b\u00fat nh\u01b0 h\u00f2a quy\u1ec7n v\u00e0o nhau r\u1ed3i tan ra, l\u1eafng \u0111\u1ecdng l\u1ea1i trong h\u1ed3n m\u1ed7i \u0111\u1ed9c gi\u1ea3. B\u1ea3n th\u00e2n m\u00ecnh c\u1ea3m th\u1ea5y c\u00f3 \u00fd ch\u00ed v\u00e0 vui v\u1ebb h\u01a1n sau khi kh\u00e9p l\u1ea1i cu\u1ed1n s\u00e1ch n\u00e0y.<\/p>\n<p>Cu\u1ed1n s\u00e1ch c\u00f3 t\u1ef1a \u0111\u1ec1 \u0111\u01a1n gi\u1ea3n v\u00e0 nh\u1eefng c\u00e2u chuy\u1ec7n trong \u0111\u00e2y c\u0169ng th\u1eadt gi\u1ea3n \u0111\u01a1n. Tuy nhi\u00ean, b\u1ea1n s\u1ebd ph\u1ea3i b\u1ea5t ng\u1edd v\u00ec nh\u1eefng chuy\u1ebfn phi\u00eau l\u01b0u c\u00f9ng c\u1ea3m x\u00fac qua cu\u1ed1n s\u00e1ch n\u00e0y \u0111\u1ea5y nh\u00e9! M\u00ecnh say m\u00ea cu\u1ed1n s\u00e1ch n\u00e0y ngay t\u1eeb nh\u1eefng trang \u0111\u1ea7u ti\u00ean. V\u0103n phong qu\u00e1 g\u1ea7n g\u0169i, qu\u00e1 th\u1eadt th\u00e0, m\u1ed9t \u0111\u00f2n \u0111\u00e1nh tr\u00fang c\u1ea3m x\u00fac trong l\u00f2ng m\u00ecnh v\u00e0 n\u00f3 gi\u00fap kh\u01a1i d\u1eady nh\u1eefng k\u00ed \u1ee9c \u1edf m\u1ed9t mi\u1ec1n xa x\u0103m n\u00e0o \u0111\u00f3\u2026\u201d<\/p>\n<p>NH\u1eeeNG G\u00cc \u0110\u00c3 QUA \u0110\u1eeaNG NGH\u0128 L\u1ea0I QU\u00c1 NHI\u1ec0U &#8211; S\u1edbm mai t\u1ec9nh d\u1eady, m\u00ecnh v\u1eabn l\u00e0 ch\u00ednh m\u00ecnh nh\u01b0ng kh\u00f4ng c\u00f2n \u0111au bu\u1ed3n v\u00e0 \u1ee7 r\u1ed9t n\u1eefa r\u1ed3i. Chuy\u1ec7n g\u00ec c\u0169ng s\u1ebd qua, ch\u1ec9 c\u1ea7n ta bi\u1ebft bu\u00f4ng tay th\u00ec t\u1ef1 kh\u1eafc s\u1ebd h\u1ea1nh ph\u00fac. Ch\u00fac c\u00e1c b\u1ea1n s\u1ebd t\u00ecm l\u1ea1i \u0111\u01b0\u1ee3c h\u1ea1nh ph\u00fac sau khi \u0111\u1ecdc cu\u1ed1n s\u00e1ch n\u00e0y.<\/p>\n","protected":false},"excerpt":{"rendered":"<p>C\u00e1ch \u0111\u00e2y 3 n\u0103m, \u201cNh\u1eefng g\u00ec \u0111\u00e3 qua \u0111\u1eebng ngh\u0129 l\u1ea1i qu\u00e1 nhi\u1ec1u\u201d tr\u1edf th\u00e0nh cu\u1ed1n s\u00e1ch bestseller tr\u00ean kh\u1eafp c\u00e1c b\u1ea3ng x\u1ebfp h\u1ea1ng. Li\u00ean t\u1ee5c t\u00e1i b\u1ea3n ngay sau \u0111\u00f3, nh\u1eadn \u0111\u01b0\u1ee3c v\u00f4 s\u1ed1 nh\u1eefng ph\u1ea3n h\u1ed3i t\u00edch c\u1ef1c t\u1eeb \u0111\u1ed9c gi\u1ea3, nh\u1eefng ai ch\u01b0a t\u1eebng \u0111\u1ecdc th\u00ec v\u00f4 c\u00f9ng ti\u1ebfc nu\u1ed1i. L\u1ea7n tr\u1edf l\u1ea1i n\u00e0y, \u201cem nh\u1ecf\u201d \u0111\u01b0\u1ee3c thay \u00e1o m\u1edbi v\u00f4 c\u00f9ng xinh x\u1eafn!<\/p>\n<p>Cu\u1ed1n s\u00e1ch l\u00e0 s\u1ef1 k\u1ebft h\u1ee3p tuy\u1ec7t v\u1eddi gi\u1eefa hai nh\u00e0 v\u0103n tr\u1ebb n\u1ed5i ti\u1ebfng: Minh M\u1eabn v\u00e0 Du Phong h\u1ee9a h\u1eb9n s\u1ebd \u0111em \u0111\u1ebfn cho nh\u1eefng t\u00e2m h\u1ed3n \u0111ang t\u1ed5n th\u01b0\u01a1ng s\u1ef1 vui v\u1ebb v\u00e0 nh\u1eb9 nh\u00f5m tr\u01b0\u1edbc nh\u1eefng n\u1ed7i \u0111au qu\u00e1 kh\u1ee9.<\/p>\n<p>Nh\u1eefng ai t\u1eebng m\u1ea5t r\u1ea5t nhi\u1ec1u th\u1eddi gian \u0111\u1ec3 qu\u00ean \u0111i m\u1ed9t m\u1ed1i t\u00ecnh kh\u1eafc c\u1ed1t ghi t\u00e2m. Ai c\u00f2n mang n\u1eb7ng n\u1ed7i \u0111au qu\u00e1 kh\u1ee9, nh\u1eefng ng\u01b0\u1eddi c\u00f2n ch\u01b0a \u0111\u00e0nh l\u00f2ng qu\u00ean \u0111i m\u1ed9t t\u00ecnh c\u1ea3m \u0111au kh\u1ed5 hay nh\u1eefng ng\u01b0\u1eddi c\u1ee9 m\u00e3i day d\u1ee9t, b\u0103n kho\u0103n v\u1ec1 m\u1ed9t vi\u1ec7c \u0111\u00e3 qua,\u2026<\/p>\n<p>Sau t\u1ea5t c\u1ea3, \u0111i\u1ec1u ta nh\u1eadn ra l\u00e0: Th\u1eddi gian r\u1ed3i s\u1ebd ch\u1eefa l\u00e0nh m\u1ecdi th\u1ee9, d\u00f9 b\u1ea1n c\u00f3 mu\u1ed1n hay kh\u00f4ng. Nh\u1eefng c\u1ea3m x\u00fac t\u01b0\u1edfng ch\u1eebng kh\u00f4ng th\u1ec3 n\u00e0o phai nh\u00f2a, cu\u1ed1i c\u00f9ng c\u0169ng ch\u1ecbu thua tr\u01b0\u1edbc th\u1eddi gian. Th\u1eddi gian t\u00e0n nh\u1eabn, nh\u01b0ng c\u0169ng khi\u1ebfn con ng\u01b0\u1eddi nh\u1eb9 l\u00f2ng h\u01a1n. \u0110\u00f3 l\u00e0 nh\u1eefng g\u00ec b\u1ea1n c\u1ea3m nh\u1eadn \u0111\u01b0\u1ee3c sau khi \u0111\u1ecdc cu\u1ed1n s\u00e1ch n\u00e0y.<\/p>\n","protected":false},"featured_media":4101,"template":"","meta":{"_acf_changed":false},"product_brand":[],"product_cat":[15,46],"product_tag":[],"class_list":{"0":"post-4102","1":"product","2":"type-product","3":"status-publish","4":"has-post-thumbnail","6":"product_cat-sach-danh-cho-nguoi-lon","7":"product_cat-ky-nang-song","9":"first","10":"outofstock","11":"taxable","12":"shipping-taxable","13":"purchasable","14":"product-type-simple"},"supplier_id":null,"supplier_sku":"","barcode":null,"atum_controlled":true,"out_stock_date":"2023-12-06 10:27:38","out_stock_threshold":null,"inheritable":false,"inbound_stock":0,"stock_on_hold":0,"sold_today":0,"sales_last_days":0,"reserved_stock":0,"customer_returns":0,"warehouse_damage":0,"lost_in_post":0,"other_logs":0,"out_stock_days":784,"lost_sales":0,"has_location":false,"update_date":"2026-01-28T23:10:34","atum_locations":[],"atum_stock_status":"outofstock","restock_status":false,"low_stock_amount":"","sales_update_date":"2026-01-28T23:10:34","calc_backorders":null,"acf":{"publisher":{"ID":1785,"post_author":"1","post_date":"2021-02-17 01:54:46","post_date_gmt":"2021-02-16 23:54:46","post_content":"<!-- wp:flatsome\/uxbuilder -->\n<h1 style=\"text-align: center;\"><strong>AZ VIETNAM<\/strong><\/h1>\n[row]\n\n[col span=\"8\" span__sm=\"12\"]\n\n<p>Th\u00e0nh l\u1eadp n\u0103m: 2015<br \/>V\u1ed1n \u0111\u1ea7u t\u01b0: 4,000,000,000 \u0111\u1ed3ng<br \/><strong>L\u0129nh v\u1ef1c:<\/strong><br \/>- Xu\u1ea5t b\u1ea3n v\u00e0 ph\u00e1t h\u00e0nh v\u0103n h\u00f3a ph\u1ea9m<br \/>- Cung c\u1ea5p v\u0103n h\u00f3a ph\u1ea9m, c\u00e1c s\u1ea3n ph\u1ea9m cho in \u1ea5n, trang thi\u1ebft b\u1ecb cho c\u00e1c th\u01b0 vi\u1ec7n v\u00e0 trung t\u00e2m s\u00e1ch tr\u00ean c\u1ea3 n\u01b0\u1edbc.<br \/>- Th\u1eddi trang v\u00e0 c\u00e1c s\u1ea3n ph\u1ea9m li\u00ean quan \u0111\u1ebfn l\u0129nh v\u1ef1c th\u1eddi trang<br \/>- Xu\u1ea5t nh\u1eadp kh\u1ea9u c\u00e1c s\u1ea3n ph\u1ea9m v\u0103n h\u00f3a<\/p>\n<p><strong>Quy m\u00f4:<\/strong> 60 nh\u00e2n vi\u00ean<br \/>Kh\u1edfi ngu\u1ed3n c\u1ee7a AZ Vi\u1ec7t Nam ng\u00e0y nay l\u00e0 C\u00f4ng ty TNHH Trung t\u00e2m S\u00e1ch v\u00e0 Thi\u1ebft b\u1ecb Th\u01b0 vi\u1ec7n, v\u1edbi ho\u1ea1t \u0111\u1ed9ng \u0111\u1ea7u ti\u00ean l\u00e0 cung c\u1ea5p s\u00e1ch, trang thi\u1ebft b\u1ecb, v\u0103n h\u00f3a ph\u1ea9m cho c\u00e1c th\u01b0 vi\u1ec7n v\u00e0 trung t\u00e2m s\u00e1ch tr\u00ean c\u1ea3 n\u01b0\u1edbc. T\u1eeb cu\u1ed1i n\u0103m 2010 \u0111\u1ebfn nay, ch\u00fang t\u00f4i \u0111\u00e3 kh\u00f4ng ng\u1eebng n\u1ed7 l\u1ef1c khai ph\u00e1 v\u00e0 ph\u00e1t tri\u1ec3n c\u00e1c d\u00f2ng s\u1ea3n ph\u1ea9m m\u1edbi v\u1edbi 8 th\u01b0\u01a1ng hi\u1ec7u uy t\u00edn. \u0110\u1ec3 \u0111\u00e1p \u1ee9ng nhu c\u1ea7u ph\u00e1t tri\u1ec3n ng\u00e0y m\u1ed9t l\u1edbn m\u1ea1nh v\u00e0 t\u1eadp h\u1ee3p c\u00e1c th\u01b0\u01a1ng hi\u1ec7u \u0111\u00e3 \u0111\u01b0\u1ee3c ch\u00fang t\u00f4i x\u00e2y d\u1ef1ng, 2015 C\u00f4ng ty TNHH AZ Vi\u1ec7t Nam \u0111\u00e3 ra \u0111\u1eddi v\u1edbi s\u1ee9 m\u1ec7nh mang \u0111\u1ebfn nhi\u1ec1u h\u01a1n n\u1eefa nh\u1eefng gi\u00e1 tr\u1ecb tinh th\u1ea7n, tri th\u1ee9c ti\u00ean ti\u1ebfn cho ng\u01b0\u1eddi ti\u00eau d\u00f9ng b\u1eb1ng vi\u1ec7c cung c\u1ea5p nh\u1eefng s\u1ea3n ph\u1ea9m c\u00f3 ch\u1ea5t l\u01b0\u1ee3ng.<\/p>\n\n[\/col]\n[col span=\"4\" span__sm=\"12\"]\n\n[ux_image id=\"1836\" image_size=\"medium\"]\n\n\n[\/col]\n\n[\/row]\n\n<!-- \/wp:flatsome\/uxbuilder -->","post_title":"AZ Vi\u1ec7t Nam","post_excerpt":"","post_status":"publish","comment_status":"closed","ping_status":"closed","post_password":"","post_name":"az-viet-nam","to_ping":"","pinged":"","post_modified":"2021-02-17 22:07:10","post_modified_gmt":"2021-02-17 20:07:10","post_content_filtered":"","post_parent":0,"guid":"https:\/\/sachviet.eu\/nha-phat-hanh\/az-viet-nam\/","menu_order":0,"post_type":"publisher","post_mime_type":"","comment_count":"0","filter":"raw"}},"_links":{"self":[{"href":"https:\/\/sachviet.eu\/en\/wp-json\/wp\/v2\/product\/4102","targetHints":{"allow":["GET"]}}],"collection":[{"href":"https:\/\/sachviet.eu\/en\/wp-json\/wp\/v2\/product"}],"about":[{"href":"https:\/\/sachviet.eu\/en\/wp-json\/wp\/v2\/types\/product"}],"wp:featuredmedia":[{"embeddable":true,"href":"https:\/\/sachviet.eu\/en\/wp-json\/wp\/v2\/media\/4101"}],"wp:attachment":[{"href":"https:\/\/sachviet.eu\/en\/wp-json\/wp\/v2\/media?parent=4102"}],"wp:term":[{"taxonomy":"product_brand","embeddable":true,"href":"https:\/\/sachviet.eu\/en\/wp-json\/wp\/v2\/product_brand?post=4102"},{"taxonomy":"product_cat","embeddable":true,"href":"https:\/\/sachviet.eu\/en\/wp-json\/wp\/v2\/product_cat?post=4102"},{"taxonomy":"product_tag","embeddable":true,"href":"https:\/\/sachviet.eu\/en\/wp-json\/wp\/v2\/product_tag?post=4102"}],"curies":[{"name":"wp","href":"https:\/\/api.w.org\/{rel}","templated":true}]}}