{"id":4100,"date":"2021-03-02T03:54:31","date_gmt":"2021-03-02T01:54:31","guid":{"rendered":"https:\/\/sachviet.eu\/shop\/song-thu%cc%a3c-te-giua-doi-thuc-dung\/"},"modified":"2022-12-19T18:49:12","modified_gmt":"2022-12-19T16:49:12","slug":"song-thu%cc%a3c-te-giua-doi-thuc-dung","status":"publish","type":"product","link":"https:\/\/sachviet.eu\/en\/shop\/song-thu%cc%a3c-te-giua-doi-thuc-dung\/","title":{"rendered":"S\u00f4\u0301ng th\u01b0\u0323c t\u00ea\u0301 gi\u1eefa \u0111\u1eddi th\u1ef1c d\u1ee5ng"},"content":{"rendered":"<p>S\u1ed1ng Th\u1ef1c T\u1ebf Gi\u1eefa \u0110\u1eddi Th\u1ef1c D\u1ee5ng<\/p>\n<p>TH\u1ef0C D\u1ee4NG \u01af? KH\u00d4NG H\u1ec0, T\u00d4I CH\u1ec8 R\u1ea4T TH\u1ef0C T\u1ebe TH\u00d4I!<\/p>\n<p>Con ng\u01b0\u1eddi mu\u1ed1n tr\u01b0\u1edfng th\u00e0nh \u0111\u1ec1u ph\u1ea3i tr\u1ea3i qua ba l\u1ea7n l\u1ed9t x\u00e1c \u201cph\u00e1 k\u00e9n h\u00f3a b\u01b0\u1edbm\u201d. L\u1ea7n \u0111\u1ea7u ti\u00ean l\u00e0 khi nh\u1eadn ra m\u00ecnh kh\u00f4ng ph\u1ea3i trung t\u00e2m th\u1ebf gi\u1edbi. L\u1ea7n th\u1ee9 hai l\u00e0 khi ph\u00e1t hi\u1ec7n ra d\u00f9 c\u1ed1 g\u1eafng \u0111\u1ebfn \u0111\u00e2u v\u1eabn c\u00f3 nh\u1eefng vi\u1ec7c c\u1ea3m th\u1ea5y th\u1eadt b\u1ea5t l\u1ef1c. L\u1ea7n th\u1ee9 ba l\u00e0 khi bi\u1ebft r\u00f5 c\u00f3 nh\u1eefng vi\u1ec7c b\u1ea3n th\u00e2n kh\u00f4ng th\u1ec3 l\u00e0m \u0111\u01b0\u1ee3c nh\u01b0ng v\u1eabn c\u1ed1 tranh \u0111\u1ea5u \u0111\u1ebfn c\u00f9ng.<\/p>\n<p>Tr\u01b0\u1edfng th\u00e0nh l\u00e0 khi ch\u00fang ta hi\u1ec3u ra r\u1eb1ng, kh\u00f4ng th\u1ec3 s\u1ed1ng qu\u00e1 th\u1eadt th\u00e0, qu\u00e1 trong s\u00e1ng gi\u1eefa cu\u1ed9c \u0111\u1eddi \u0111\u1ea7y bi\u1ebfn c\u1ed1 n\u00e0y. Thay v\u00ec k\u00eau than \u201cTh\u1ebf gi\u1edbi n\u00e0y th\u1ef1c t\u1ebf \u0111\u1ebfn th\u1ef1c d\u1ee5ng!\u201d, sao b\u1ea1n kh\u00f4ng t\u1ef1 h\u1ecfi \u201cTh\u1ef1c t\u1ebf c\u00f3 g\u00ec kh\u00f4ng t\u1ed1t?\u201d \u00cdt nh\u1ea5t, th\u1ef1c t\u1ebf s\u1ebd gi\u00fap b\u1ea1n m\u1ea1nh m\u1ebd h\u01a1n, b\u1ea3n l\u0129nh h\u01a1n, d\u1ea1y b\u1ea1n c\u00e1ch v\u01b0\u1ee3t qua ngh\u1ecbch c\u1ea3nh, trung th\u1ef1c v\u1edbi ch\u00ednh m\u00ecnh.<br \/>\nKhi b\u1ea1n ch\u01b0a \u0111\u1ee7 m\u1ea1nh m\u1ebd, c\u01a1 h\u1ed9i d\u00f9 l\u00e0 nh\u1ecf nh\u1ea5t c\u0169ng kh\u00f4ng \u0111\u1ebfn v\u1edbi b\u1ea1n.<br \/>\nKhi b\u1ea1n \u0111\u1ee7 t\u00e0i gi\u1ecfi, b\u1ea1n ch\u1eb3ng th\u1ec3 ng\u0103n n\u1ed5i h\u00e0ng v\u1ea1n c\u01a1 h\u1ed9i \u0111\u1ebfn v\u1edbi m\u00ecnh, m\u1ecdi th\u1ee9 b\u1ea1n mu\u1ed1n \u0111\u1ec1u ch\u1ee7 \u0111\u1ed9ng ch\u1ea1y v\u1ec1 ph\u00eda b\u1ea1n.<\/p>\n<p>Th\u1ebf gi\u1edbi n\u00e0y l\u00e0m g\u00ec c\u00f3 \u0111\u01b0a than ng\u00e0y tuy\u1ebft r\u01a1i, ch\u1ec9 c\u00f3 d\u1ec7t hoa l\u00ean g\u1ea5m th\u00f4i. B\u1ea1n mu\u1ed1n \u0111\u01b0\u1ee3c ng\u01b0\u1eddi kh\u00e1c d\u1ec7t hoa l\u00ean g\u1ea5m, tr\u01b0\u1edbc ti\u00ean b\u1ea1n ph\u1ea3i tr\u1edf th\u00e0nh g\u1ea5m \u0111\u00e3.<\/p>\n  <div class=\"banner-grid-wrapper\">\n  <div id=\"banner-grid-1110985765\" class=\"banner-grid row row-grid row-small\" data-packery-options=\"\">\n            <style>\n    #banner-grid-1110985765 .grid-col-1{height: 600px}\n    #banner-grid-1110985765 .grid-col-1-2{height: 300px}\n    #banner-grid-1110985765 .grid-col-1-3{height:200px}\n    #banner-grid-1110985765 .grid-col-2-3{height: 400px}\n    #banner-grid-1110985765 .grid-col-1-4{height: 150px}\n    #banner-grid-1110985765 .grid-col-3-4{height: 450px}\n\n\n        \/* Tablet *\/\n    @media (max-width: 850px){\n      #banner-grid-1110985765 .grid-col-1{height: 400px}\n      #banner-grid-1110985765 .grid-col-1-2{height: 200px}\n      #banner-grid-1110985765 .grid-col-1-3{height:133.33333333333px}\n      #banner-grid-1110985765 .grid-col-2-3{height: 266.66666666667px}\n      #banner-grid-1110985765 .grid-col-1-4{height: 100px}\n      #banner-grid-1110985765 .grid-col-3-4{height: 300px}\n    }\n    \n        \/* Mobile *\/\n    @media (max-width: 550px){\n      #banner-grid-1110985765 .grid-col-1{height: 400px}\n      #banner-grid-1110985765 .grid-col-1-2{height: 200px}\n      #banner-grid-1110985765 .grid-col-1-3{height:133.33333333333px}\n      #banner-grid-1110985765 .grid-col-2-3{height: 266.66666666667px}\n      #banner-grid-1110985765 .grid-col-1-4{height: 100px}\n      #banner-grid-1110985765 .grid-col-3-4{height: 300px}\n    }\n    \n\n  <\/style>\n    <\/div>\n    <style>\n    #banner-grid-1110985765 .grid-col-1{height: 600px}\n    #banner-grid-1110985765 .grid-col-1-2{height: 300px}\n    #banner-grid-1110985765 .grid-col-1-3{height:200px}\n    #banner-grid-1110985765 .grid-col-2-3{height: 400px}\n    #banner-grid-1110985765 .grid-col-1-4{height: 150px}\n    #banner-grid-1110985765 .grid-col-3-4{height: 450px}\n\n\n    \n    \n\n  <\/style>\n    <\/div>\n  \n","protected":false},"excerpt":{"rendered":"<p>Con ng\u01b0\u1eddi mu\u1ed1n tr\u01b0\u1edfng th\u00e0nh \u0111\u1ec1u ph\u1ea3i tr\u1ea3i qua ba l\u1ea7n l\u1ed9t x\u00e1c \u201cph\u00e1 k\u00e9n h\u00f3a b\u01b0\u1edbm\u201d. L\u1ea7n \u0111\u1ea7u ti\u00ean l\u00e0 khi nh\u1eadn ra m\u00ecnh kh\u00f4ng ph\u1ea3i trung t\u00e2m th\u1ebf gi\u1edbi. L\u1ea7n th\u1ee9 hai l\u00e0 khi ph\u00e1t hi\u1ec7n ra d\u00f9 c\u1ed1 g\u1eafng \u0111\u1ebfn \u0111\u00e2u v\u1eabn c\u00f3 nh\u1eefng vi\u1ec7c c\u1ea3m th\u1ea5y th\u1eadt b\u1ea5t l\u1ef1c. L\u1ea7n th\u1ee9 ba l\u00e0 khi bi\u1ebft r\u00f5 c\u00f3 nh\u1eefng vi\u1ec7c b\u1ea3n th\u00e2n kh\u00f4ng th\u1ec3 l\u00e0m \u0111\u01b0\u1ee3c nh\u01b0ng v\u1eabn c\u1ed1 tranh \u0111\u1ea5u \u0111\u1ebfn c\u00f9ng.<\/p>\n<p>Tr\u01b0\u1edfng th\u00e0nh l\u00e0 khi ch\u00fang ta hi\u1ec3u ra r\u1eb1ng, kh\u00f4ng th\u1ec3 s\u1ed1ng qu\u00e1 th\u1eadt th\u00e0, qu\u00e1 trong s\u00e1ng gi\u1eefa cu\u1ed9c \u0111\u1eddi \u0111\u1ea7y bi\u1ebfn c\u1ed1 n\u00e0y. Thay v\u00ec k\u00eau than \u201cTh\u1ebf gi\u1edbi n\u00e0y th\u1ef1c t\u1ebf \u0111\u1ebfn th\u1ef1c d\u1ee5ng!\u201d, sao b\u1ea1n kh\u00f4ng t\u1ef1 h\u1ecfi \u201cTh\u1ef1c t\u1ebf c\u00f3 g\u00ec kh\u00f4ng t\u1ed1t?\u201d \u00cdt nh\u1ea5t, th\u1ef1c t\u1ebf s\u1ebd gi\u00fap b\u1ea1n m\u1ea1nh m\u1ebd h\u01a1n, b\u1ea3n l\u0129nh h\u01a1n, d\u1ea1y b\u1ea1n c\u00e1ch v\u01b0\u1ee3t qua ngh\u1ecbch c\u1ea3nh, trung th\u1ef1c v\u1edbi ch\u00ednh m\u00ecnh.<br \/>\nKhi b\u1ea1n ch\u01b0a \u0111\u1ee7 m\u1ea1nh m\u1ebd, c\u01a1 h\u1ed9i d\u00f9 l\u00e0 nh\u1ecf nh\u1ea5t c\u0169ng kh\u00f4ng \u0111\u1ebfn v\u1edbi b\u1ea1n.<br \/>\nKhi b\u1ea1n \u0111\u1ee7 t\u00e0i gi\u1ecfi, b\u1ea1n ch\u1eb3ng th\u1ec3 ng\u0103n n\u1ed5i h\u00e0ng v\u1ea1n c\u01a1 h\u1ed9i \u0111\u1ebfn v\u1edbi m\u00ecnh, m\u1ecdi th\u1ee9 b\u1ea1n mu\u1ed1n \u0111\u1ec1u ch\u1ee7 \u0111\u1ed9ng ch\u1ea1y v\u1ec1 ph\u00eda b\u1ea1n.<\/p>\n<p>Th\u1ebf gi\u1edbi n\u00e0y l\u00e0m g\u00ec c\u00f3 \u0111\u01b0a than ng\u00e0y tuy\u1ebft r\u01a1i, ch\u1ec9 c\u00f3 d\u1ec7t hoa l\u00ean g\u1ea5m th\u00f4i. B\u1ea1n mu\u1ed1n \u0111\u01b0\u1ee3c ng\u01b0\u1eddi kh\u00e1c d\u1ec7t hoa l\u00ean g\u1ea5m, tr\u01b0\u1edbc ti\u00ean b\u1ea1n ph\u1ea3i tr\u1edf th\u00e0nh g\u1ea5m \u0111\u00e3.<\/p>\n","protected":false},"featured_media":4087,"template":"","meta":{"_acf_changed":false},"product_brand":[],"product_cat":[15,46],"product_tag":[81],"class_list":{"0":"post-4100","1":"product","2":"type-product","3":"status-publish","4":"has-post-thumbnail","6":"product_cat-sach-danh-cho-nguoi-lon","7":"product_cat-ky-nang-song","8":"product_tag-sach-gia-uu-dai","10":"first","11":"outofstock","12":"sale","13":"taxable","14":"shipping-taxable","15":"purchasable","16":"product-type-simple"},"supplier_id":null,"supplier_sku":"","barcode":null,"atum_controlled":true,"out_stock_date":"2022-12-07 15:42:07","out_stock_threshold":null,"inheritable":false,"inbound_stock":0,"stock_on_hold":0,"sold_today":0,"sales_last_days":0,"reserved_stock":0,"customer_returns":0,"warehouse_damage":0,"lost_in_post":0,"other_logs":0,"out_stock_days":1148,"lost_sales":0,"has_location":false,"update_date":"2026-01-28T23:10:34","atum_locations":[],"atum_stock_status":"outofstock","restock_status":false,"low_stock_amount":"","sales_update_date":"2026-01-28T23:10:34","calc_backorders":null,"acf":{"publisher":{"ID":1785,"post_author":"1","post_date":"2021-02-17 01:54:46","post_date_gmt":"2021-02-16 23:54:46","post_content":"<!-- wp:flatsome\/uxbuilder -->\n<h1 style=\"text-align: center;\"><strong>AZ VIETNAM<\/strong><\/h1>\n[row]\n\n[col span=\"8\" span__sm=\"12\"]\n\n<p>Th\u00e0nh l\u1eadp n\u0103m: 2015<br \/>V\u1ed1n \u0111\u1ea7u t\u01b0: 4,000,000,000 \u0111\u1ed3ng<br \/><strong>L\u0129nh v\u1ef1c:<\/strong><br \/>- Xu\u1ea5t b\u1ea3n v\u00e0 ph\u00e1t h\u00e0nh v\u0103n h\u00f3a ph\u1ea9m<br \/>- Cung c\u1ea5p v\u0103n h\u00f3a ph\u1ea9m, c\u00e1c s\u1ea3n ph\u1ea9m cho in \u1ea5n, trang thi\u1ebft b\u1ecb cho c\u00e1c th\u01b0 vi\u1ec7n v\u00e0 trung t\u00e2m s\u00e1ch tr\u00ean c\u1ea3 n\u01b0\u1edbc.<br \/>- Th\u1eddi trang v\u00e0 c\u00e1c s\u1ea3n ph\u1ea9m li\u00ean quan \u0111\u1ebfn l\u0129nh v\u1ef1c th\u1eddi trang<br \/>- Xu\u1ea5t nh\u1eadp kh\u1ea9u c\u00e1c s\u1ea3n ph\u1ea9m v\u0103n h\u00f3a<\/p>\n<p><strong>Quy m\u00f4:<\/strong> 60 nh\u00e2n vi\u00ean<br \/>Kh\u1edfi ngu\u1ed3n c\u1ee7a AZ Vi\u1ec7t Nam ng\u00e0y nay l\u00e0 C\u00f4ng ty TNHH Trung t\u00e2m S\u00e1ch v\u00e0 Thi\u1ebft b\u1ecb Th\u01b0 vi\u1ec7n, v\u1edbi ho\u1ea1t \u0111\u1ed9ng \u0111\u1ea7u ti\u00ean l\u00e0 cung c\u1ea5p s\u00e1ch, trang thi\u1ebft b\u1ecb, v\u0103n h\u00f3a ph\u1ea9m cho c\u00e1c th\u01b0 vi\u1ec7n v\u00e0 trung t\u00e2m s\u00e1ch tr\u00ean c\u1ea3 n\u01b0\u1edbc. T\u1eeb cu\u1ed1i n\u0103m 2010 \u0111\u1ebfn nay, ch\u00fang t\u00f4i \u0111\u00e3 kh\u00f4ng ng\u1eebng n\u1ed7 l\u1ef1c khai ph\u00e1 v\u00e0 ph\u00e1t tri\u1ec3n c\u00e1c d\u00f2ng s\u1ea3n ph\u1ea9m m\u1edbi v\u1edbi 8 th\u01b0\u01a1ng hi\u1ec7u uy t\u00edn. \u0110\u1ec3 \u0111\u00e1p \u1ee9ng nhu c\u1ea7u ph\u00e1t tri\u1ec3n ng\u00e0y m\u1ed9t l\u1edbn m\u1ea1nh v\u00e0 t\u1eadp h\u1ee3p c\u00e1c th\u01b0\u01a1ng hi\u1ec7u \u0111\u00e3 \u0111\u01b0\u1ee3c ch\u00fang t\u00f4i x\u00e2y d\u1ef1ng, 2015 C\u00f4ng ty TNHH AZ Vi\u1ec7t Nam \u0111\u00e3 ra \u0111\u1eddi v\u1edbi s\u1ee9 m\u1ec7nh mang \u0111\u1ebfn nhi\u1ec1u h\u01a1n n\u1eefa nh\u1eefng gi\u00e1 tr\u1ecb tinh th\u1ea7n, tri th\u1ee9c ti\u00ean ti\u1ebfn cho ng\u01b0\u1eddi ti\u00eau d\u00f9ng b\u1eb1ng vi\u1ec7c cung c\u1ea5p nh\u1eefng s\u1ea3n ph\u1ea9m c\u00f3 ch\u1ea5t l\u01b0\u1ee3ng.<\/p>\n\n[\/col]\n[col span=\"4\" span__sm=\"12\"]\n\n[ux_image id=\"1836\" image_size=\"medium\"]\n\n\n[\/col]\n\n[\/row]\n\n<!-- \/wp:flatsome\/uxbuilder -->","post_title":"AZ Vi\u1ec7t Nam","post_excerpt":"","post_status":"publish","comment_status":"closed","ping_status":"closed","post_password":"","post_name":"az-viet-nam","to_ping":"","pinged":"","post_modified":"2021-02-17 22:07:10","post_modified_gmt":"2021-02-17 20:07:10","post_content_filtered":"","post_parent":0,"guid":"https:\/\/sachviet.eu\/nha-phat-hanh\/az-viet-nam\/","menu_order":0,"post_type":"publisher","post_mime_type":"","comment_count":"0","filter":"raw"}},"_links":{"self":[{"href":"https:\/\/sachviet.eu\/en\/wp-json\/wp\/v2\/product\/4100","targetHints":{"allow":["GET"]}}],"collection":[{"href":"https:\/\/sachviet.eu\/en\/wp-json\/wp\/v2\/product"}],"about":[{"href":"https:\/\/sachviet.eu\/en\/wp-json\/wp\/v2\/types\/product"}],"wp:featuredmedia":[{"embeddable":true,"href":"https:\/\/sachviet.eu\/en\/wp-json\/wp\/v2\/media\/4087"}],"wp:attachment":[{"href":"https:\/\/sachviet.eu\/en\/wp-json\/wp\/v2\/media?parent=4100"}],"wp:term":[{"taxonomy":"product_brand","embeddable":true,"href":"https:\/\/sachviet.eu\/en\/wp-json\/wp\/v2\/product_brand?post=4100"},{"taxonomy":"product_cat","embeddable":true,"href":"https:\/\/sachviet.eu\/en\/wp-json\/wp\/v2\/product_cat?post=4100"},{"taxonomy":"product_tag","embeddable":true,"href":"https:\/\/sachviet.eu\/en\/wp-json\/wp\/v2\/product_tag?post=4100"}],"curies":[{"name":"wp","href":"https:\/\/api.w.org\/{rel}","templated":true}]}}