{"id":4086,"date":"2021-03-02T03:53:55","date_gmt":"2021-03-02T01:53:55","guid":{"rendered":"https:\/\/sachviet.eu\/shop\/dan-ong-sao-hoa%cc%89-dan-ba-sao-kim\/"},"modified":"2022-04-06T19:34:47","modified_gmt":"2022-04-06T16:34:47","slug":"dan-ong-sao-hoa%cc%89-dan-ba-sao-kim","status":"publish","type":"product","link":"https:\/\/sachviet.eu\/en\/shop\/dan-ong-sao-hoa%cc%89-dan-ba-sao-kim\/","title":{"rendered":"\u0110a\u0300n \u00f4ng sao hoa\u0309, \u0110a\u0300n ba\u0300 sao kim"},"content":{"rendered":"<p>Cu\u1ed1n s\u00e1ch n\u00e0y th\u1ef1c s\u1ef1 \u0111\u00e3 gi\u00fap \u0111\u1ee1 cho h\u00e0ng tri\u1ec7u \u0111\u1ed9c gi\u1ea3, trong \u0111\u00f3 c\u00f3 t\u00f4i v\u00e0 ch\u1eafc ch\u1eafn c\u0169ng s\u1ebd c\u00f3 b\u1ea1n. N\u1ebfu kh\u00f4ng c\u00f3 nh\u1eefng \u00fd ni\u1ec7m m\u1edbi m\u1ebb n\u00e0y th\u00ec ch\u01b0a ch\u1eafc t\u00f4i \u0111\u00e3 c\u00f3 \u0111\u01b0\u1ee3c cu\u1ed9c h\u00f4n nh\u00e2n h\u1ea1nh ph\u00fac nh\u01b0 hi\u1ec7n nay hay c\u00f3 th\u1ec3 tr\u1edf th\u00e0nh m\u1ed9t ng\u01b0\u1eddi cha gi\u00e0u \u0111\u1ee9c hy sinh \u0111\u1ed1i v\u1edbi c\u00e1c con c\u1ee7a m\u00ecnh nh\u01b0 v\u1eady. Nh\u1eefng v\u01b0\u1edbng m\u1eafc trong m\u1ed1i quan h\u1ec7 v\u1edbi v\u1ee3 c\u00e1ch \u0111\u00e2y hai m\u01b0\u01a1i n\u0103m \u0111\u00e3 t\u1eebng l\u00e0m t\u00f4i t\u1ee9c \u0111i\u00ean l\u00ean, hi\u1ec7n gi\u1edd thi tho\u1ea3ng n\u00f3 v\u1eabn th\u01b0\u1eddng x\u1ea3y ra. Nh\u01b0ng \u0111i\u1ec1u kh\u00e1c bi\u1ec7t l\u00e0 t\u00f4i \u0111\u00e3 bi\u1ebft khoan dung h\u01a1n, ch\u1ea5p nh\u1eadn v\u00e0 th\u1ea5u hi\u1ec3u h\u01a1n. T\u00f4i c\u00f3 th\u1ec3 hi\u1ec3u nh\u1eefng l\u1eddi l\u1ebd v\u00e0 ph\u1ea3n \u1ee9ng c\u1ee7a v\u1ee3 t\u00f4i theo c\u00e1ch kh\u00e1ch quan h\u01a1n, \u0111\u1ed3ng th\u1eddi t\u00f4i bi\u1ebft c\u00e1ch n\u00ean \u0111\u00e1p l\u1ea1i nh\u01b0 th\u1ebf n\u00e0o. C\u00f3 th\u1ec3 t\u00f4i l\u00e0 m\u1ed9t chuy\u00ean gia trong l\u0129nh v\u1ef1c giao ti\u1ebfp v\u00e0 s\u1ef1 kh\u00e1c bi\u1ec7t v\u1ec1 gi\u1edbi t\u00ednh, tuy nhi\u00ean, \u0111\u1ed1i v\u1edbi Bonnie v\u00e0 c\u00e1c c\u00f4 con g\u00e1i c\u1ee7a t\u00f4i th\u00ec vi\u1ec7c \u0111\u1ec3 hi\u1ec1u \u0111\u01b0\u1ee3c h\u1ecd v\u1eabn c\u00f2n l\u00e0 nh\u1eefng b\u00ed \u1ea9n. D\u00f9 v\u1eady, cu\u1ed1n s\u00e1ch n\u00e0y c\u00f3 th\u1ec3 gi\u00fap ch\u00fang ta tr\u1edf n\u00ean khoan dung v\u00e0 bi\u1ebft tha th\u1ee9 khi ai \u0111\u00f3 kh\u00f4ng \u0111\u00e1p l\u1ea1i theo c\u00e1ch m\u00e0 ta mong \u0111\u1ee3i. May m\u1eafn thay, \u0111\u1ec3 x\u00e2y d\u1ef1ng nh\u1eefng m\u1ed1i quan h\u1ec7 b\u1ec1n \u0111\u1eb9p, t\u00ednh ho\u00e0n h\u1ea3o kh\u00f4ng ph\u1ea3i l\u00e0 \u0111i\u1ec1u ki\u1ec7n b\u1eaft bu\u1ed9c.<\/p>\n<p>V\u1edbi nh\u1eefng \u00e1p l\u1ef1c c\u00f4ng vi\u1ec7c ng\u00e0y c\u00e0ng gia t\u0103ng, c\u00f9ng v\u1edbi nh\u1eefng \u0111\u00f2i h\u1ecfi nhi\u1ec1u h\u01a1n v\u1ec1 s\u1ef1 l\u00e3ng m\u1ea1n trong gia \u0111\u00ecnh, ng\u00e0y nay nh\u1eefng m\u1ed1i quan h\u1ec7 d\u01b0\u1eddng nh\u01b0 \u0111ang th\u00e1ch th\u1ee9c h\u1ea7u h\u1ebft m\u1ecdi ng\u01b0\u1eddi. Hi\u1ec3u \u0111\u01b0\u1ee3c ng\u01b0\u1eddi b\u1ea1n \u0111\u1eddi c\u1ee7a m\u00ecnh t\u1edbi t\u1eeb \u0111\u00e2u s\u1ebd gi\u00fap m\u1ed1i quan h\u1ec7 c\u1ee7a b\u1ea1n tr\u1edf n\u00ean nh\u1eb9 nh\u00e0ng h\u01a1n. Bao dung v\u1edbi nh\u1eefng \u0111i\u1ec1u kh\u00e1c bi\u1ec7t gi\u1eefa hai ng\u01b0\u1eddi kh\u00f4ng c\u00f3 ngh\u0129a l\u00e0 ch\u1ea5p nh\u1eadn m\u1ed9t c\u00e1ch th\u1ee5 \u0111\u1ed9ng m\u1ed1i quan h\u1ec7 \u0111\u1ea7y v\u1ea5n \u0111\u1ec1 ho\u1eb7c thi\u1ebfu c\u1ea3m x\u00fac \u0111am m\u00ea. Thay v\u00e0o \u0111\u00f3, s\u1ef1 th\u00edch nghi l\u00e0nh m\u1ea1nh n\u00e0y d\u1ef1a tr\u00ean n\u1ec1n t\u1ea3ng th\u1ea5u hi\u1ec3u th\u1ef1c s\u1ef1, \u0111i\u1ec1u \u0111\u00f3 s\u1ebd gi\u00fap ch\u00fang ta c\u1ea3m th\u00f4ng v\u1edbi ng\u01b0\u1eddi b\u1ea1n \u0111\u1eddi h\u01a1n, \u0111\u1ed1i \u0111\u00e1p v\u1edbi h\u1ecd b\u1eb1ng nhi\u1ec1u t\u00ecnh y\u00eau h\u01a1n v\u00e0 truy\u1ec1n c\u1ea3m h\u1ee9ng t\u1ed1t nh\u1ea5t \u0111\u1ebfn v\u1edbi h\u1ecd. B\u1ea1n kh\u00f4ng th\u1ec3 v\u00e0 c\u0169ng kh\u00f4ng n\u00ean c\u1ed1 thay \u0111\u1ed5i ng\u01b0\u1eddi b\u1ea1n \u0111\u1eddi c\u1ee7a m\u00ecnh. Thay \u0111\u1ed5i l\u00e0 vi\u1ec7c c\u1ee7a h\u1ecd, c\u00f2n vi\u1ec7c c\u1ee7a b\u1ea1n l\u00e0 thay \u0111\u1ed5i c\u00e1ch giao ti\u1ebfp, ph\u1ea3n \u1ee9ng v\u00e0 \u0111\u1ed1i \u0111\u00e1p v\u1edbi ng\u01b0\u1eddi b\u1ea1n \u0111\u1eddi c\u1ee7a m\u00ecnh. B\u1eb1ng s\u1ef1 th\u1ea5u hi\u1ec3u m\u1edbi m\u1ebb n\u00e0y, b\u1ea1n s\u1ebd c\u00f3 th\u00eam s\u1ee9c m\u1ea1nh v\u00e0 s\u1ef1 th\u00f4ng th\u00e1i \u0111\u1ec3 \u0111i\u1ec1u ch\u1ec9nh c\u00e1ch ti\u1ebfp c\u1eadn c\u1ee7a m\u00ecnh. T\u1eeb vi\u1ec7c giao ti\u1ebfp t\u1ed1t h\u01a1n, b\u1ea1n s\u1ebd bi\u1ebft c\u00e1ch tr\u1ee3 gi\u00fap hi\u1ec7u qu\u1ea3 h\u01a1n, \u0111\u1ed3ng th\u1eddi b\u1ea1n s\u1ebd th\u00e0nh c\u00f4ng h\u01a1n khi nh\u1eadn \u0111\u01b0\u1ee3c s\u1ef1 tr\u1ee3 gi\u00fap m\u00e0 b\u1ea1n mu\u1ed1n.<\/p>\n<p>C\u00f3 nhi\u1ec1u ng\u01b0\u1eddi \u00e1p d\u1ee5ng sai nh\u1eefng kh\u00e1i ni\u1ec7m trong cu\u1ed1n s\u00e1ch n\u00e0y. H\u1ecd d\u00f9ng v\u00ed d\u1ee5 v\u00e0 gi\u1ea3i th\u00edch n\u00e0y c\u1ee7a t\u00f4i \u0111\u1ec3 b\u00e0o ch\u1eefa cho vi\u1ec7c kh\u00f4ng ch\u1ecbu thay \u0111\u1ed5i nh\u1eefng kh\u00eda c\u1ea1nh quan tr\u1ecdng gi\u00fap m\u1ed1i quan h\u1ec7 tr\u1edf n\u00ean t\u1ed1t \u0111\u1eb9p h\u01a1n. Ch\u1eb3ng h\u1ea1n, t\u00f4i ch\u1ec9 ra r\u1eb1ng \u0111\u00e0n \u00f4ng c\u1ea7n chui v\u00e0o chi\u1ebfc k\u00e9n c\u1ee7a m\u00ecnh th\u01b0\u1eddng<\/p>\n<p>xuy\u00ean \u0111\u1ec3 th\u01b0 gi\u00e3n m\u1ed7i ng\u00e0y. Tuy nhi\u00ean \u0111i\u1ec1u n\u00e0y kh\u00f4ng th\u1ec3 tr\u1edf th\u00e0nh l\u00fd do bi\u1ec7n minh cho vi\u1ec7c \u1edf l\u00ec trong \u0111\u00f3 c\u1ea3 ng\u00e0y. M\u1eb7t kh\u00e1c, t\u00f4i c\u0169ng ch\u1ec9 ra r\u1eb1ng ph\u1ee5 n\u1eef n\u00f3i chung th\u01b0\u1eddng c\u00f3 nhu c\u1ea7u chia s\u1ebb c\u1ea3m x\u00fac nhi\u1ec1u h\u01a1n \u0111\u00e0n \u00f4ng, nh\u01b0 l\u00e0 m\u1ed9t c\u00e1ch \u0111\u1ec3 \u0111\u01b0\u01a1ng \u0111\u1ea7u v\u1edbi s\u1ef1 c\u0103ng th\u1eb3ng c\u1ee7a m\u00ecnh. \u0110i\u1ec1u n\u00e0y kh\u00f4ng c\u00f3 ngh\u0129a l\u00e0 h\u1ecd c\u00f3 th\u1ec3 n\u00f3i kh\u00f4ng ng\u1eebng ho\u1eb7c mong ch\u1edd \u0111\u00e0n \u00f4ng ph\u1ea3i d\u1eebng vi\u1ec7c c\u1ee7a h\u1ecd l\u1ea1i \u0111\u1ec3 l\u1eafng nghe b\u1ea5t k\u1ef3 \u0111i\u1ec1u g\u00ec c\u00f4 \u1ea5y n\u00f3i hay b\u1ea5t c\u1ee9 khi n\u00e0o c\u00f4 \u1ea5y mu\u1ed1n. Th\u1eadt kh\u00f4ng may l\u00e0 nhi\u1ec1u khi nh\u1eefng \u00fd ni\u1ec7m t\u1ed1t c\u0169ng c\u00f3 th\u1ec3 b\u1ecb \u00e1p d\u1ee5ng sai. Nh\u01b0ng n\u1ebfu b\u1ea1n \u0111ang t\u00ecm c\u00e1ch d\u00f9ng nh\u1eefng \u00fd ni\u1ec7m n\u00e0y \u0111\u1ec3 hi\u1ec3u th\u00eam v\u1ec1 ng\u01b0\u1eddi b\u1ea1n \u0111\u1eddi c\u1ee7a m\u00ecnh, \u0111\u1ec3 t\u00f4n tr\u1ecdng ng\u01b0\u1eddi kh\u00e1c theo c\u00e1ch m\u00e0 h\u1ecd cho l\u00e0 quan tr\u1ecdng, c\u0169ng nh\u01b0 \u0111\u1ec3 ng\u01b0\u1eddi kh\u00e1c hi\u1ec3u \u0111\u01b0\u1ee3c nh\u1eefng nhu c\u1ea7u c\u1ee7a m\u00ecnh th\u00ec cu\u1ed1n s\u00e1ch n\u00e0y c\u00f3 th\u1ec3 gi\u00fap \u00edch cho b\u1ea1n.<\/p>\n<p>Tr\u00ean nh\u1eefng h\u00e0nh tr\u00ecnh c\u1ee7a m\u00ecnh, trong l\u00fac \u0111\u1ee3i m\u00e1y bay ho\u1eb7c khi k\u00fd t\u00ean l\u00ean nh\u1eefng cu\u1ed1n s\u00e1ch trong m\u1ed9t s\u1ef1 ki\u1ec7n n\u00e0o \u0111\u00f3, t\u00f4i lu\u00f4n g\u1eb7p nh\u1eefng \u0111\u00f4i v\u1ee3 ch\u1ed3ng t\u1edbi t\u00ecm t\u00f4i v\u1edbi c\u00f9ng m\u1ed9t c\u00e2u chuy\u1ec7n. H\u1ecd \u0111\u00e3 t\u1eebng li d\u1ecb nh\u01b0ng sau khi \u0111\u1ecdc \u201ccu\u1ed1n s\u00e1ch n\u00e0y\u201d h\u1ecd l\u1ea1i t\u00e1i h\u00f4n v\u00e0 s\u1ed1ng h\u1ea1nh ph\u00fac b\u00ean nhau. Khi t\u00f4i vi\u1ebft cu\u1ed1n \u0110\u00e0n \u00f4ng \u0111\u1ebfn t\u1eeb Sao H\u1ecfa, \u0111\u00e0n b\u00e0 \u0111\u1ebfn t\u1eeb Sao Kim t\u1eeb m\u01b0\u1eddi hai n\u0103m tr\u01b0\u1edbc, t\u00f4i bi\u1ebft cu\u1ed1n s\u00e1ch n\u00e0y s\u1ebd th\u1eb7t ch\u1eb7t c\u00e1c m\u1ed1i quan h\u1ec7 h\u01a1n v\u00e0 th\u1eadm ch\u00ed c\u00f2n c\u00f3 th\u1ec3 c\u1ee9u v\u00e3n nhi\u1ec1u cu\u1ed9c h\u00f4n nh\u00e2n \u0111ang tr\u00ean b\u1edd v\u1ef1c li h\u00f4n. \u0110i\u1ec1u t\u00f4i kh\u00f4ng th\u1ec3 ng\u1edd l\u00e0 l\u1ea1i c\u00f3 nhi\u1ec1u ng\u01b0\u1eddi t\u00e1i h\u1ee3p v\u1edbi b\u1ea1n \u0111\u1eddi c\u1ee7a m\u00ecnh sau m\u1ed9t cu\u1ed9c li h\u00f4n ho\u1eb7c li th\u00e2n \u0111\u1ec3 c\u00f9ng b\u1eaft \u0111\u1ea7u v\u00e0 d\u1ef1ng x\u00e2y l\u1ea1i m\u1ed1i quan h\u1ec7 \u0111\u00f3. Ch\u1eafc ch\u1eafn s\u1ebd c\u00f3 nhi\u1ec1u ng\u01b0\u1eddi n\u00f3i r\u1eb1ng cu\u1ed1n s\u00e1ch n\u00e0y kh\u00f4ng th\u1ec3 c\u1ee9u v\u00e3n m\u1ed9t m\u1ed1i quan h\u1ec7 v\u01b0\u1edbng ph\u1ea3i nh\u1eefng v\u1ea5n \u0111\u1ec1 nghi\u00eam tr\u1ecdng v\u00e0 cho r\u1eb1ng h\u1ecd s\u1ed1ng t\u1ed1t h\u01a1n khi kh\u00f4ng c\u00f3 b\u1ea1n \u0111\u1eddi. Nhi\u1ec1u ng\u01b0\u1eddi n\u00f3i r\u1eb1ng vi\u1ec7c \u0111\u1ecdc cu\u1ed1n s\u00e1ch n\u00e0y khi m\u1ed1i quan h\u1ec7 c\u1ee7a h\u1ecd \u0111\u00e3 th\u1ea5t b\u1ea1i c\u0169ng gi\u00fap h\u1ecd hi\u1ec3u \u0111\u01b0\u1ee3c nguy\u00ean do v\u00ec sao m\u1ed1i quan h\u1ec7 \u0111\u00f3 kh\u00f4ng th\u1ec3 l\u00e2u b\u1ec1n. Hi\u1ec3u \u0111\u01b0\u1ee3c \u0111i\u1ec1u \u0111\u00f3 gi\u00fap h\u1ecd c\u00f3 th\u00eam can \u0111\u1ea3m \u0111\u1ec3 ti\u1ebfp t\u1ee5c y\u00eau v\u00e0 n\u1eafm gi\u1eef b\u00ed quy\u1ebft \u0111\u1ec3 t\u00ecm \u0111\u01b0\u1ee3c t\u00ecnh y\u00eau.<\/p>\n<p>H\u1ea7u h\u1ebft nh\u1eefng ai \u0111\u1ecdc cu\u1ed1n s\u00e1ch n\u00e0y \u0111\u1ec1u c\u00f3 th\u1ec3 c\u1ea3i thi\u1ec7n ch\u1ea5t l\u01b0\u1ee3ng m\u1ed1i quan h\u1ec7 m\u00e0 h\u1ecd \u0111ang c\u00f3. Ch\u1eafc ch\u1eafn b\u1ea1n s\u1ebd kh\u00e1m ph\u00e1 ra nh\u1eefng \u00fd ni\u1ec7m m\u1edbi m\u1ebb \u0111\u1ec3 c\u1ea3i thi\u1ec7n vi\u1ec7c giao ti\u1ebfp v\u00e0 \u0111\u1ea1t \u0111\u01b0\u1ee3c nh\u1eefng m\u1ee5c \u0111\u00edch c\u1ee7a ri\u00eang m\u00ecnh. Th\u1eadm ch\u00ed n\u1ebfu m\u1ed9t \u00fd t\u01b0\u1edfng n\u00e0o \u0111\u00f3 c\u00f3 th\u1ec3 gi\u00fap b\u1ea1n th\u1ea5u hi\u1ec3u c\u0169ng nh\u01b0 h\u1ed7 tr\u1ee3 cho b\u1ea1n \u0111\u1eddi, b\u1ea1n b\u00e8, \u0111\u1ed3ng nghi\u1ec7p, cha m\u1eb9 ho\u1eb7c con c\u00e1i, th\u00ec \u0111i\u1ec1u \u0111\u00f3 c\u0169ng x\u1ee9ng \u0111\u00e1ng v\u1edbi s\u1ef1 quan t\u00e2m v\u00e0 th\u1eddi gian m\u00e0 b\u1ea1n \u0111\u00e3 \u0111\u1ea7u t\u01b0 cho n\u00f3 r\u1ed3i. M\u1ed9t thay \u0111\u1ed5i d\u00f9 nh\u1ecf nh\u01b0ng c\u00f3 t\u1ea7m quan tr\u1ecdng c\u00f3 th\u1ec3 mang l\u1ea1i nh\u1eefng \u1ea3nh h\u01b0\u1edfng s\u00e2u s\u1eafc v\u00e0 l\u00e2u d\u00e0i. Th\u1eadt b\u1ea5t ng\u1edd, m\u1ed9t \u00fd t\u01b0\u1edfng gi\u00fap m\u1ed1i quan h\u1ec7 tr\u1edf n\u00ean b\u1ec1n v\u1eefng h\u01a1n c\u0169ng c\u00f3 th\u1ec3 h\u1ed7 tr\u1ee3 c\u00e1c c\u1eb7p \u0111\u00f4i v\u01b0\u1ee3t qua nh\u1eefng tr\u1edf ng\u1ea1i \u0111\u1ea7y th\u00e1ch th\u1ee9c c\u1ee7a h\u1ecd. Cu\u1ed1n s\u00e1ch n\u00e0y kh\u00f4ng \u0111\u1ec1 c\u1eadp tr\u1ef1c ti\u1ebfp t\u1edbi nh\u1eefng th\u00e1ch th\u1ee9c c\u1ee7a \u201cm\u1ed9t m\u1ed1i quan h\u1ec7 r\u1ed1i lo\u1ea1n\u201d nh\u01b0ng n\u00f3 mang l\u1ea1i h\u01b0\u1edbng ti\u1ebfp c\u1eadn m\u1edbi v\u1edbi ng\u01b0\u1eddi kh\u00e1c gi\u1edbi. Khi th\u1ea5u hi\u1ec3u, vi\u1ec7c giao ti\u1ebfp s\u1ebd t\u1ef1 \u0111\u1ed9ng \u0111\u01b0\u1ee3c c\u1ea3i thi\u1ec7n. Khi s\u1ef1 h\u1ee3p t\u00e1c gi\u1eefa hai ng\u01b0\u1eddi t\u1ed1t h\u01a1n, hy v\u1ecdng s\u1ebd nhi\u1ec1u h\u01a1n v\u00e0 t\u00ecnh y\u00eau s\u1ebd ng\u1ef1 tr\u1ecb. Ch\u1ec9 c\u1ea7n c\u00f3 t\u00ecnh y\u00eau v\u00e0 c\u00e1ch th\u1ee9c giao ti\u1ebfp t\u1ed1t, h\u1ea7u h\u1ebft m\u1ecdi v\u1ea5n \u0111\u1ec1, th\u1eadm ch\u00ed c\u1ea3 \u201cnh\u1eefng v\u1ea5n \u0111\u1ec1 l\u1edbn\u201d \u0111\u1ec1u c\u00f3 th\u1ec3 gi\u1ea3i quy\u1ebft. \u0110\u1ea7u ti\u00ean h\u00e3y \u0111\u1ec1 c\u1eadp \u0111\u1ebfn nh\u1eefng v\u1ea5n \u0111\u1ec1 nh\u1ecf, t\u1eeb \u0111\u00f3 nh\u1eefng v\u1ea5n \u0111\u1ec1 l\u1edbn s\u1ebd d\u1ea7n bi\u1ebfn m\u1ea5t ho\u1eb7c \u0111\u01b0\u1ee3c gi\u1ea3i quy\u1ebft m\u1ed9t c\u00e1ch d\u1ec5 d\u00e0ng.  <div class=\"banner-grid-wrapper\">\n  <div id=\"banner-grid-600063104\" class=\"banner-grid row row-grid row-small\" data-packery-options=\"\">\n            <style>\n    #banner-grid-600063104 .grid-col-1{height: 600px}\n    #banner-grid-600063104 .grid-col-1-2{height: 300px}\n    #banner-grid-600063104 .grid-col-1-3{height:200px}\n    #banner-grid-600063104 .grid-col-2-3{height: 400px}\n    #banner-grid-600063104 .grid-col-1-4{height: 150px}\n    #banner-grid-600063104 .grid-col-3-4{height: 450px}\n\n\n        \/* Tablet *\/\n    @media (max-width: 850px){\n      #banner-grid-600063104 .grid-col-1{height: 400px}\n      #banner-grid-600063104 .grid-col-1-2{height: 200px}\n      #banner-grid-600063104 .grid-col-1-3{height:133.33333333333px}\n      #banner-grid-600063104 .grid-col-2-3{height: 266.66666666667px}\n      #banner-grid-600063104 .grid-col-1-4{height: 100px}\n      #banner-grid-600063104 .grid-col-3-4{height: 300px}\n    }\n    \n        \/* Mobile *\/\n    @media (max-width: 550px){\n      #banner-grid-600063104 .grid-col-1{height: 400px}\n      #banner-grid-600063104 .grid-col-1-2{height: 200px}\n      #banner-grid-600063104 .grid-col-1-3{height:133.33333333333px}\n      #banner-grid-600063104 .grid-col-2-3{height: 266.66666666667px}\n      #banner-grid-600063104 .grid-col-1-4{height: 100px}\n      #banner-grid-600063104 .grid-col-3-4{height: 300px}\n    }\n    \n\n  <\/style>\n    <\/div>\n    <style>\n    #banner-grid-600063104 .grid-col-1{height: 600px}\n    #banner-grid-600063104 .grid-col-1-2{height: 300px}\n    #banner-grid-600063104 .grid-col-1-3{height:200px}\n    #banner-grid-600063104 .grid-col-2-3{height: 400px}\n    #banner-grid-600063104 .grid-col-1-4{height: 150px}\n    #banner-grid-600063104 .grid-col-3-4{height: 450px}\n\n\n    \n    \n\n  <\/style>\n    <\/div>\n  \n","protected":false},"excerpt":{"rendered":"<p>Cu\u1ed1n s\u00e1ch n\u00e0y th\u1ef1c s\u1ef1 \u0111\u00e3 gi\u00fap \u0111\u1ee1 cho h\u00e0ng tri\u1ec7u \u0111\u1ed9c gi\u1ea3, trong \u0111\u00f3 c\u00f3 t\u00f4i v\u00e0 ch\u1eafc ch\u1eafn c\u0169ng s\u1ebd c\u00f3 b\u1ea1n. N\u1ebfu kh\u00f4ng c\u00f3 nh\u1eefng \u00fd ni\u1ec7m m\u1edbi m\u1ebb n\u00e0y th\u00ec ch\u01b0a ch\u1eafc t\u00f4i \u0111\u00e3 c\u00f3 \u0111\u01b0\u1ee3c cu\u1ed9c h\u00f4n nh\u00e2n h\u1ea1nh ph\u00fac nh\u01b0 hi\u1ec7n nay hay c\u00f3 th\u1ec3 tr\u1edf th\u00e0nh m\u1ed9t ng\u01b0\u1eddi cha gi\u00e0u \u0111\u1ee9c hy sinh \u0111\u1ed1i v\u1edbi c\u00e1c con c\u1ee7a m\u00ecnh nh\u01b0 v\u1eady. Nh\u1eefng v\u01b0\u1edbng m\u1eafc trong m\u1ed1i quan h\u1ec7 v\u1edbi v\u1ee3 c\u00e1ch \u0111\u00e2y hai m\u01b0\u01a1i n\u0103m \u0111\u00e3 t\u1eebng l\u00e0m t\u00f4i t\u1ee9c \u0111i\u00ean l\u00ean, hi\u1ec7n gi\u1edd thi tho\u1ea3ng n\u00f3 v\u1eabn th\u01b0\u1eddng x\u1ea3y ra. Nh\u01b0ng \u0111i\u1ec1u kh\u00e1c bi\u1ec7t l\u00e0 t\u00f4i \u0111\u00e3 bi\u1ebft khoan dung h\u01a1n, ch\u1ea5p nh\u1eadn v\u00e0 th\u1ea5u hi\u1ec3u h\u01a1n. T\u00f4i c\u00f3 th\u1ec3 hi\u1ec3u nh\u1eefng l\u1eddi l\u1ebd v\u00e0 ph\u1ea3n \u1ee9ng c\u1ee7a v\u1ee3 t\u00f4i theo c\u00e1ch kh\u00e1ch quan h\u01a1n, \u0111\u1ed3ng th\u1eddi t\u00f4i bi\u1ebft c\u00e1ch n\u00ean \u0111\u00e1p l\u1ea1i nh\u01b0 th\u1ebf n\u00e0o. C\u00f3 th\u1ec3 t\u00f4i l\u00e0 m\u1ed9t chuy\u00ean gia trong l\u0129nh v\u1ef1c giao ti\u1ebfp v\u00e0 s\u1ef1 kh\u00e1c bi\u1ec7t v\u1ec1 gi\u1edbi t\u00ednh, tuy nhi\u00ean, \u0111\u1ed1i v\u1edbi Bonnie v\u00e0 c\u00e1c c\u00f4 con g\u00e1i c\u1ee7a t\u00f4i th\u00ec vi\u1ec7c \u0111\u1ec3 hi\u1ec1u \u0111\u01b0\u1ee3c h\u1ecd v\u1eabn c\u00f2n l\u00e0 nh\u1eefng b\u00ed \u1ea9n. D\u00f9 v\u1eady, cu\u1ed1n s\u00e1ch n\u00e0y c\u00f3 th\u1ec3 gi\u00fap ch\u00fang ta tr\u1edf n\u00ean khoan dung v\u00e0 bi\u1ebft tha th\u1ee9 khi ai \u0111\u00f3 kh\u00f4ng \u0111\u00e1p l\u1ea1i theo c\u00e1ch m\u00e0 ta mong \u0111\u1ee3i. May m\u1eafn thay, \u0111\u1ec3 x\u00e2y d\u1ef1ng nh\u1eefng m\u1ed1i quan h\u1ec7 b\u1ec1n \u0111\u1eb9p, t\u00ednh ho\u00e0n h\u1ea3o kh\u00f4ng ph\u1ea3i l\u00e0 \u0111i\u1ec1u ki\u1ec7n b\u1eaft bu\u1ed9c.<\/p>\n","protected":false},"featured_media":4074,"template":"","meta":{"_acf_changed":false},"product_brand":[],"product_cat":[15,46],"product_tag":[],"class_list":{"0":"post-4086","1":"product","2":"type-product","3":"status-publish","4":"has-post-thumbnail","6":"product_cat-sach-danh-cho-nguoi-lon","7":"product_cat-ky-nang-song","9":"first","10":"outofstock","11":"taxable","12":"shipping-taxable","13":"purchasable","14":"product-type-simple"},"supplier_id":null,"supplier_sku":"","barcode":null,"atum_controlled":true,"out_stock_date":"2022-04-06 13:34:47","out_stock_threshold":null,"inheritable":false,"inbound_stock":0,"stock_on_hold":0,"sold_today":0,"sales_last_days":0,"reserved_stock":0,"customer_returns":0,"warehouse_damage":0,"lost_in_post":0,"other_logs":0,"out_stock_days":1393,"lost_sales":0,"has_location":false,"update_date":"2026-01-28T23:10:34","atum_locations":[],"atum_stock_status":"outofstock","restock_status":false,"low_stock_amount":"","sales_update_date":"2026-01-28T23:10:34","calc_backorders":null,"acf":{"publisher":{"ID":4073,"post_author":"1","post_date":"2021-03-02 03:53:16","post_date_gmt":"2021-03-02 01:53:16","post_content":"","post_title":"MCBooks","post_excerpt":"","post_status":"publish","comment_status":"closed","ping_status":"closed","post_password":"","post_name":"mcbooks","to_ping":"","pinged":"","post_modified":"2021-03-02 03:53:16","post_modified_gmt":"2021-03-02 01:53:16","post_content_filtered":"","post_parent":0,"guid":"https:\/\/sachviet.eu\/nha-phat-hanh\/mcbooks\/","menu_order":0,"post_type":"publisher","post_mime_type":"","comment_count":"0","filter":"raw"}},"_links":{"self":[{"href":"https:\/\/sachviet.eu\/en\/wp-json\/wp\/v2\/product\/4086","targetHints":{"allow":["GET"]}}],"collection":[{"href":"https:\/\/sachviet.eu\/en\/wp-json\/wp\/v2\/product"}],"about":[{"href":"https:\/\/sachviet.eu\/en\/wp-json\/wp\/v2\/types\/product"}],"wp:featuredmedia":[{"embeddable":true,"href":"https:\/\/sachviet.eu\/en\/wp-json\/wp\/v2\/media\/4074"}],"wp:attachment":[{"href":"https:\/\/sachviet.eu\/en\/wp-json\/wp\/v2\/media?parent=4086"}],"wp:term":[{"taxonomy":"product_brand","embeddable":true,"href":"https:\/\/sachviet.eu\/en\/wp-json\/wp\/v2\/product_brand?post=4086"},{"taxonomy":"product_cat","embeddable":true,"href":"https:\/\/sachviet.eu\/en\/wp-json\/wp\/v2\/product_cat?post=4086"},{"taxonomy":"product_tag","embeddable":true,"href":"https:\/\/sachviet.eu\/en\/wp-json\/wp\/v2\/product_tag?post=4086"}],"curies":[{"name":"wp","href":"https:\/\/api.w.org\/{rel}","templated":true}]}}