{"id":4072,"date":"2021-03-02T03:53:14","date_gmt":"2021-03-02T01:53:14","guid":{"rendered":"https:\/\/sachviet.eu\/shop\/classic-style-dinh-hinh-phong-cach-ca-nhan-qua-nhung-mon-do-kinh-dien\/"},"modified":"2021-09-23T14:58:27","modified_gmt":"2021-09-23T11:58:27","slug":"classic-style-dinh-hinh-phong-cach-ca-nhan-qua-nhung-mon-do-kinh-dien","status":"publish","type":"product","link":"https:\/\/sachviet.eu\/en\/shop\/classic-style-dinh-hinh-phong-cach-ca-nhan-qua-nhung-mon-do-kinh-dien\/","title":{"rendered":"Classic Style &#8211; \u0110\u1ecbnh H\u00ecnh Phong C\u00e1ch C\u00e1 Nh\u00e2n Qua Nh\u1eefng M\u00f3n \u0110\u1ed3 Kinh \u0110i\u1ec3n"},"content":{"rendered":"<p>Kinh \u0111i\u1ec3n l\u00e0 g\u00ec ?<br \/>\nKinh \u0111i\u1ec3n &#8211; t\u1ef1 n\u00f3 l\u00e0 m\u1ed9t th\u1ec3 lo\u1ea1i ri\u00eang bi\u1ec7t, nh\u01b0 l\u00e0 c\u00e1i \u00e1o kho\u00e1c d\u00e1ng d\u00e0i, v\u00e1y ch\u1eef A, chi\u1ebfc \u00e1o len r\u1ed9ng. Ch\u00fang \u0111\u01b0\u1ee3c c\u00f4ng nh\u00e2n l\u00e0 \u0111\u1eb9p tr\u00ean to\u00e0n c\u1ea7u v\u00ec ch\u00fang h\u1eefu d\u1ee5ng qua m\u1ecdi th\u1eddi \u0111\u1ea1i. Ch\u00fang xu\u1ea5t hi\u1ec7n b\u1ea5t k\u1ec3 xu h\u01b0\u1edbng n\u00e0o \u0111ang hi\u1ec7n h\u00e0nh v\u00e0 ch\u1eb3ng bao gi\u1edd c\u00f3 ng\u00e0y &#8220;h\u1ebft h\u1ea1n&#8221; \u1edf th\u00ec t\u01b0\u01a1ng lai. Lu\u00f4n lu\u00f4n c\u00f3 th\u1ec3 tin c\u1eady \u1edf nh\u1eefng m\u00f3n \u0111\u1ed3 nh\u01b0 th\u1ebf, ch\u00fang l\u00e0m b\u1ea1n c\u1ea3m th\u1ea5y th\u1eadt y\u00ean t\u00e2m. M\u1ed9t m\u00f3n \u0111\u1ed3 kinh \u0111i\u1ec3n l\u00e0 th\u1ee9 \u0111\u00e3 \u0111\u01b0\u1ee3c b\u1ecf c\u00f4ng thi\u1ebft k\u1ebf v\u00e0 c\u1eaft g\u1ecdn t\u1ec9 m\u1ec9. M\u1ed9t th\u1ee9 nh\u01b0 \u1ea9n ch\u1ee9a t\u00e2m h\u1ed3n ng\u01b0\u1eddi l\u00e0m ra n\u00f3 v\u00e0 ng\u01b0\u1eddi d\u00f9ng n\u00f3. V\u00e0 khi c\u00f3 nh\u1eefng m\u00f3n \u0111\u1ed3 \u1ea5y trong cu\u1ed9c \u0111\u1eddi, tuy\u1ec7t nhi\u00ean b\u1ea1n kh\u00f4ng c\u00f2n c\u1ea7n qu\u00e1 nhi\u1ec1u th\u1ee9 th\u1eeba th\u00e3i kh\u00e1c n\u1eefa.<\/p>\n<p>V\u1eady th\u00ec, ai s\u1ebd l\u00e0 ng\u01b0\u1eddi c\u1ea7n t\u1edbi cu\u1ed1n s\u00e1ch n\u00e0y?<br \/>\nT\u00e1c gi\u1ea3 c\u1ee7a CLASSIC STYLE l\u00e0 Kate Schelter &#8211; m\u1ed9t ngh\u1ec7 s\u0129, h\u1ecda s\u0129 v\u1ebd tranh minh h\u1ecda, gi\u00e1m \u0111\u1ed1c s\u00e1ng t\u1ea1o, stylist v\u00e0 ch\u1ee7 s\u1edf h\u1eefu m\u1ed9t c\u00f4ng ty t\u01b0 v\u1ea5n th\u01b0\u01a1ng hi\u1ec7u cao c\u1ea5p mang t\u00ean c\u00f4.<br \/>\nKate s\u1ebd \u0111\u1ecbnh ngh\u0129a cho b\u1ea1n th\u1ebf n\u00e0o l\u00e0 PHONG C\u00c1CH KINH \u0110I\u1ec2N th\u00f4ng qua r\u1ea5t nhi\u1ec1u c\u00e2u chuy\u1ec7n truy\u1ec1n c\u1ea3m h\u1ee9ng, c\u00f9ng r\u1ea5t nhi\u1ec1u l\u1eddi chia s\u1ebb v\u1ec1 nh\u1eefng m\u00f3n \u0111\u1ed3 kinh \u0111i\u1ec3n c\u1ee7a c\u00e1c nh\u00e2n v\u1eadt c\u1ed9m c\u00e1n trong ng\u00e0nh s\u00e1ng t\u1ea1o.<br \/>\nCho d\u00f9 b\u1ea1n kh\u00f4ng th\u1ef1c s\u1ef1 y\u00eau th\u00edch th\u1eddi trang, nh\u01b0ng n\u1ebfu b\u1ea1n l\u00e0 m\u1ed9t nh\u00e2n l\u1ef1c trong c\u00e1c ng\u00e0nh ngh\u1ec1 s\u00e1ng t\u1ea1o, ch\u1eafc ch\u1eafn b\u1ea1n kh\u00f4ng th\u1ec3 b\u1ecf l\u1ee1 m\u1ed9t cu\u1ed1n s\u00e1ch \u0111\u1ed9c \u0111\u00e1o th\u1ebf n\u00e0y. B\u1edfi tr\u00ean c\u1ea3 th\u1eddi trang, CLASSIC STYLE b\u00e0n t\u1edbi nh\u1eefng kh\u00eda c\u1ea1nh s\u00e2u s\u1eafc h\u01a1n nh\u01b0 phong c\u00e1ch, l\u1ed1i s\u1ed1ng &#8211; nh\u1eefng ch\u1ee7 \u0111\u1ec1 r\u1ea5t kh\u00f3 \u0111\u1ec3 b\u00e0n lu\u1eadn v\u00e0 \u0111\u1ecbnh ngh\u0129a &#8211; v\u00e0 ch\u01b0a t\u1eebng xu\u1ea5t hi\u1ec7n trong cu\u1ed1n s\u00e1ch n\u00e0o tr\u01b0\u1edbc \u0111\u00e2y.  <div class=\"banner-grid-wrapper\">\n  <div id=\"banner-grid-1795211789\" class=\"banner-grid row row-grid row-small\" data-packery-options=\"\">\n            <style>\n    #banner-grid-1795211789 .grid-col-1{height: 600px}\n    #banner-grid-1795211789 .grid-col-1-2{height: 300px}\n    #banner-grid-1795211789 .grid-col-1-3{height:200px}\n    #banner-grid-1795211789 .grid-col-2-3{height: 400px}\n    #banner-grid-1795211789 .grid-col-1-4{height: 150px}\n    #banner-grid-1795211789 .grid-col-3-4{height: 450px}\n\n\n        \/* Tablet *\/\n    @media (max-width: 850px){\n      #banner-grid-1795211789 .grid-col-1{height: 400px}\n      #banner-grid-1795211789 .grid-col-1-2{height: 200px}\n      #banner-grid-1795211789 .grid-col-1-3{height:133.33333333333px}\n      #banner-grid-1795211789 .grid-col-2-3{height: 266.66666666667px}\n      #banner-grid-1795211789 .grid-col-1-4{height: 100px}\n      #banner-grid-1795211789 .grid-col-3-4{height: 300px}\n    }\n    \n        \/* Mobile *\/\n    @media (max-width: 550px){\n      #banner-grid-1795211789 .grid-col-1{height: 400px}\n      #banner-grid-1795211789 .grid-col-1-2{height: 200px}\n      #banner-grid-1795211789 .grid-col-1-3{height:133.33333333333px}\n      #banner-grid-1795211789 .grid-col-2-3{height: 266.66666666667px}\n      #banner-grid-1795211789 .grid-col-1-4{height: 100px}\n      #banner-grid-1795211789 .grid-col-3-4{height: 300px}\n    }\n    \n\n  <\/style>\n    <\/div>\n    <style>\n    #banner-grid-1795211789 .grid-col-1{height: 600px}\n    #banner-grid-1795211789 .grid-col-1-2{height: 300px}\n    #banner-grid-1795211789 .grid-col-1-3{height:200px}\n    #banner-grid-1795211789 .grid-col-2-3{height: 400px}\n    #banner-grid-1795211789 .grid-col-1-4{height: 150px}\n    #banner-grid-1795211789 .grid-col-3-4{height: 450px}\n\n\n    \n    \n\n  <\/style>\n    <\/div>\n  \n","protected":false},"excerpt":{"rendered":"<p>Kinh \u0111i\u1ec3n l\u00e0 g\u00ec ?<br \/>\nKinh \u0111i\u1ec3n &#8211; t\u1ef1 n\u00f3 l\u00e0 m\u1ed9t th\u1ec3 lo\u1ea1i ri\u00eang bi\u1ec7t, nh\u01b0 l\u00e0 c\u00e1i \u00e1o kho\u00e1c d\u00e1ng d\u00e0i, v\u00e1y ch\u1eef A, chi\u1ebfc \u00e1o len r\u1ed9ng. Ch\u00fang \u0111\u01b0\u1ee3c c\u00f4ng nh\u00e2n l\u00e0 \u0111\u1eb9p tr\u00ean to\u00e0n c\u1ea7u v\u00ec ch\u00fang h\u1eefu d\u1ee5ng qua m\u1ecdi th\u1eddi \u0111\u1ea1i. Ch\u00fang xu\u1ea5t hi\u1ec7n b\u1ea5t k\u1ec3 xu h\u01b0\u1edbng n\u00e0o \u0111ang hi\u1ec7n h\u00e0nh v\u00e0 ch\u1eb3ng bao gi\u1edd c\u00f3 ng\u00e0y &#8220;h\u1ebft h\u1ea1n&#8221; \u1edf th\u00ec t\u01b0\u01a1ng lai. Lu\u00f4n lu\u00f4n c\u00f3 th\u1ec3 tin c\u1eady \u1edf nh\u1eefng m\u00f3n \u0111\u1ed3 nh\u01b0 th\u1ebf, ch\u00fang l\u00e0m b\u1ea1n c\u1ea3m th\u1ea5y th\u1eadt y\u00ean t\u00e2m. M\u1ed9t m\u00f3n \u0111\u1ed3 kinh \u0111i\u1ec3n l\u00e0 th\u1ee9 \u0111\u00e3 \u0111\u01b0\u1ee3c b\u1ecf c\u00f4ng thi\u1ebft k\u1ebf v\u00e0 c\u1eaft g\u1ecdn t\u1ec9 m\u1ec9. M\u1ed9t th\u1ee9 nh\u01b0 \u1ea9n ch\u1ee9a t\u00e2m h\u1ed3n ng\u01b0\u1eddi l\u00e0m ra n\u00f3 v\u00e0 ng\u01b0\u1eddi d\u00f9ng n\u00f3. V\u00e0 khi c\u00f3 nh\u1eefng m\u00f3n \u0111\u1ed3 \u1ea5y trong cu\u1ed9c \u0111\u1eddi, tuy\u1ec7t nhi\u00ean b\u1ea1n kh\u00f4ng c\u00f2n c\u1ea7n qu\u00e1 nhi\u1ec1u th\u1ee9 th\u1eeba th\u00e3i kh\u00e1c n\u1eefa.<\/p>\n","protected":false},"featured_media":4068,"template":"","meta":{"_acf_changed":false},"product_brand":[],"product_cat":[15,46],"product_tag":[],"class_list":{"0":"post-4072","1":"product","2":"type-product","3":"status-publish","4":"has-post-thumbnail","6":"product_cat-sach-danh-cho-nguoi-lon","7":"product_cat-ky-nang-song","9":"first","10":"outofstock","11":"taxable","12":"shipping-taxable","13":"purchasable","14":"product-type-simple"},"supplier_id":null,"supplier_sku":"","barcode":null,"atum_controlled":true,"out_stock_date":"2021-09-23 11:58:27","out_stock_threshold":null,"inheritable":false,"inbound_stock":0,"stock_on_hold":0,"sold_today":0,"sales_last_days":0,"reserved_stock":0,"customer_returns":0,"warehouse_damage":0,"lost_in_post":0,"other_logs":0,"out_stock_days":1588,"lost_sales":0,"has_location":false,"update_date":"2026-01-28T23:10:34","atum_locations":[],"atum_stock_status":"outofstock","restock_status":false,"low_stock_amount":"","sales_update_date":"2026-01-28T23:10:34","calc_backorders":null,"acf":{"publisher":{"ID":1785,"post_author":"1","post_date":"2021-02-17 01:54:46","post_date_gmt":"2021-02-16 23:54:46","post_content":"<!-- wp:flatsome\/uxbuilder -->\n<h1 style=\"text-align: center;\"><strong>AZ VIETNAM<\/strong><\/h1>\n[row]\n\n[col span=\"8\" span__sm=\"12\"]\n\n<p>Th\u00e0nh l\u1eadp n\u0103m: 2015<br \/>V\u1ed1n \u0111\u1ea7u t\u01b0: 4,000,000,000 \u0111\u1ed3ng<br \/><strong>L\u0129nh v\u1ef1c:<\/strong><br \/>- Xu\u1ea5t b\u1ea3n v\u00e0 ph\u00e1t h\u00e0nh v\u0103n h\u00f3a ph\u1ea9m<br \/>- Cung c\u1ea5p v\u0103n h\u00f3a ph\u1ea9m, c\u00e1c s\u1ea3n ph\u1ea9m cho in \u1ea5n, trang thi\u1ebft b\u1ecb cho c\u00e1c th\u01b0 vi\u1ec7n v\u00e0 trung t\u00e2m s\u00e1ch tr\u00ean c\u1ea3 n\u01b0\u1edbc.<br \/>- Th\u1eddi trang v\u00e0 c\u00e1c s\u1ea3n ph\u1ea9m li\u00ean quan \u0111\u1ebfn l\u0129nh v\u1ef1c th\u1eddi trang<br \/>- Xu\u1ea5t nh\u1eadp kh\u1ea9u c\u00e1c s\u1ea3n ph\u1ea9m v\u0103n h\u00f3a<\/p>\n<p><strong>Quy m\u00f4:<\/strong> 60 nh\u00e2n vi\u00ean<br \/>Kh\u1edfi ngu\u1ed3n c\u1ee7a AZ Vi\u1ec7t Nam ng\u00e0y nay l\u00e0 C\u00f4ng ty TNHH Trung t\u00e2m S\u00e1ch v\u00e0 Thi\u1ebft b\u1ecb Th\u01b0 vi\u1ec7n, v\u1edbi ho\u1ea1t \u0111\u1ed9ng \u0111\u1ea7u ti\u00ean l\u00e0 cung c\u1ea5p s\u00e1ch, trang thi\u1ebft b\u1ecb, v\u0103n h\u00f3a ph\u1ea9m cho c\u00e1c th\u01b0 vi\u1ec7n v\u00e0 trung t\u00e2m s\u00e1ch tr\u00ean c\u1ea3 n\u01b0\u1edbc. T\u1eeb cu\u1ed1i n\u0103m 2010 \u0111\u1ebfn nay, ch\u00fang t\u00f4i \u0111\u00e3 kh\u00f4ng ng\u1eebng n\u1ed7 l\u1ef1c khai ph\u00e1 v\u00e0 ph\u00e1t tri\u1ec3n c\u00e1c d\u00f2ng s\u1ea3n ph\u1ea9m m\u1edbi v\u1edbi 8 th\u01b0\u01a1ng hi\u1ec7u uy t\u00edn. \u0110\u1ec3 \u0111\u00e1p \u1ee9ng nhu c\u1ea7u ph\u00e1t tri\u1ec3n ng\u00e0y m\u1ed9t l\u1edbn m\u1ea1nh v\u00e0 t\u1eadp h\u1ee3p c\u00e1c th\u01b0\u01a1ng hi\u1ec7u \u0111\u00e3 \u0111\u01b0\u1ee3c ch\u00fang t\u00f4i x\u00e2y d\u1ef1ng, 2015 C\u00f4ng ty TNHH AZ Vi\u1ec7t Nam \u0111\u00e3 ra \u0111\u1eddi v\u1edbi s\u1ee9 m\u1ec7nh mang \u0111\u1ebfn nhi\u1ec1u h\u01a1n n\u1eefa nh\u1eefng gi\u00e1 tr\u1ecb tinh th\u1ea7n, tri th\u1ee9c ti\u00ean ti\u1ebfn cho ng\u01b0\u1eddi ti\u00eau d\u00f9ng b\u1eb1ng vi\u1ec7c cung c\u1ea5p nh\u1eefng s\u1ea3n ph\u1ea9m c\u00f3 ch\u1ea5t l\u01b0\u1ee3ng.<\/p>\n\n[\/col]\n[col span=\"4\" span__sm=\"12\"]\n\n[ux_image id=\"1836\" image_size=\"medium\"]\n\n\n[\/col]\n\n[\/row]\n\n<!-- \/wp:flatsome\/uxbuilder -->","post_title":"AZ Vi\u1ec7t Nam","post_excerpt":"","post_status":"publish","comment_status":"closed","ping_status":"closed","post_password":"","post_name":"az-viet-nam","to_ping":"","pinged":"","post_modified":"2021-02-17 22:07:10","post_modified_gmt":"2021-02-17 20:07:10","post_content_filtered":"","post_parent":0,"guid":"https:\/\/sachviet.eu\/nha-phat-hanh\/az-viet-nam\/","menu_order":0,"post_type":"publisher","post_mime_type":"","comment_count":"0","filter":"raw"}},"_links":{"self":[{"href":"https:\/\/sachviet.eu\/en\/wp-json\/wp\/v2\/product\/4072","targetHints":{"allow":["GET"]}}],"collection":[{"href":"https:\/\/sachviet.eu\/en\/wp-json\/wp\/v2\/product"}],"about":[{"href":"https:\/\/sachviet.eu\/en\/wp-json\/wp\/v2\/types\/product"}],"wp:featuredmedia":[{"embeddable":true,"href":"https:\/\/sachviet.eu\/en\/wp-json\/wp\/v2\/media\/4068"}],"wp:attachment":[{"href":"https:\/\/sachviet.eu\/en\/wp-json\/wp\/v2\/media?parent=4072"}],"wp:term":[{"taxonomy":"product_brand","embeddable":true,"href":"https:\/\/sachviet.eu\/en\/wp-json\/wp\/v2\/product_brand?post=4072"},{"taxonomy":"product_cat","embeddable":true,"href":"https:\/\/sachviet.eu\/en\/wp-json\/wp\/v2\/product_cat?post=4072"},{"taxonomy":"product_tag","embeddable":true,"href":"https:\/\/sachviet.eu\/en\/wp-json\/wp\/v2\/product_tag?post=4072"}],"curies":[{"name":"wp","href":"https:\/\/api.w.org\/{rel}","templated":true}]}}