{"id":4067,"date":"2021-03-02T03:52:51","date_gmt":"2021-03-02T01:52:51","guid":{"rendered":"https:\/\/sachviet.eu\/shop\/chu-sau-hau-an-song-ngu\/"},"modified":"2023-09-22T18:09:45","modified_gmt":"2023-09-22T15:09:45","slug":"chu-sau-hau-an-song-ngu","status":"publish","type":"product","link":"https:\/\/sachviet.eu\/en\/shop\/chu-sau-hau-an-song-ngu\/","title":{"rendered":"Ch\u00fa s\u00e2u h\u00e1u \u0103n (song ng\u1eef)"},"content":{"rendered":"<p>Ch\u00fa S\u00e2u H\u00e1u \u0102n (The very hungry caterpillar) l\u00e0 cu\u1ed1n truy\u1ec7n thi\u1ebfu nhi n\u1ed5i ti\u1ebfng th\u1ebf gi\u1edbi k\u1ec3 v\u1ec1 c\u00e2u chuy\u1ec7n trong b\u1ea3y ng\u00e0y c\u1ee7a m\u1ed9t ch\u00fa s\u00e2u xanh. L\u00fac n\u00e0o ch\u00fa ta c\u0169ng c\u1ea3m th\u1ea5y \u0111\u00f3i b\u1ee5ng v\u00e0 ch\u00fa ta b\u1eaft \u0111\u1ea7u b\u00f2 \u0111i t\u00ecm ki\u1ebfm th\u1ee9c \u0103n. M\u1ed7i ng\u00e0y tr\u00f4i qua s\u1ed1 l\u01b0\u1ee3ng \u0111\u1ed3 \u0103n ch\u00fa s\u00e2u \u1ea5y \u0103n v\u00e0o b\u1ee5ng c\u00e0ng nhi\u1ec1u, cho t\u1edbi khi ch\u00fa kh\u00f4ng c\u00f2n l\u00e0 m\u1ed9t ch\u00fa s\u00e2u b\u00e9 nh\u1ecf n\u1eefa, m\u00e0 \u0111\u00e3 tr\u1edf th\u00e0nh ch\u00fa s\u00e2u to b\u00e9o c\u00f3 th\u1ec3 t\u1ef1 x\u00e2y nh\u00e0 trong c\u00e1i K\u00e9n bao quanh m\u00ecnh. V\u00e0 r\u1ed3i m\u1ed9t s\u00e1ng \u0111\u1eb9p tr\u1eddi, ch\u00fa \u0111\u00e3 h\u00f3a th\u00e0nh m\u1ed9t ch\u00fa b\u01b0\u1edbm xinh \u0111\u1eb9p chui ra kh\u1ecfi c\u00e1i K\u00e9n c\u1ee7a m\u00ecnh.<\/p>\n<p>Ch\u00fa s\u00e2u h\u00e1u \u0103n l\u00e0 cu\u1ed1n s\u00e1ch tuy\u1ec7t v\u1eddi gi\u00fap tr\u1ebb h\u1ecdc \u0111\u1ebfm v\u00e0 nh\u1edb c\u00e1c ng\u00e0y trong tu\u1ea7n.<\/p>\n<p>Ng\u00e0y th\u1ee9 hai, ch\u00fa \u0103n xuy\u00ean qua 1 qu\u1ea3 t\u00e1o nh\u01b0ng ch\u00fa v\u1eabn c\u00f2n \u0111\u00f3i.<\/p>\n<p>Ng\u00e0y th\u1ee9 ba, ch\u00fa \u0103n xuy\u00ean qua 2 qu\u1ea3 l\u00ea, nh\u01b0ng ch\u00fa v\u1eabn \u0111\u00f3i v\u00f4 c\u00f9ng.<\/p>\n<p>Ng\u00e0y th\u1ee9 t\u01b0, ch\u00fa \u0103n xuy\u00ean qua 3 qu\u1ea3 m\u1eadn, nh\u01b0ng ch\u00fa v\u1eabn th\u1ea5y \u00f4i sao m\u00e0 \u0111\u00f3i&#8230;<\/p>\n<p>T\u1ea1i c\u00e1c tr\u01b0\u1eddng m\u1ea7m non tr\u00ean to\u00e0n th\u1ebf gi\u1edbi, c\u00e1c gi\u00e1o vi\u00ean kh\u00f4ng ch\u1ec9 s\u1eed d\u1ee5ng cu\u1ed1n truy\u1ec7n n\u00e0y \u0111\u1ec3 \u0111\u1ecdc cho tr\u1ebb nghe, c\u00f9ng tr\u1ebb \u0111\u00f3ng k\u1ecbch; m\u00e0 c\u00f2n l\u00e0 c\u00f4ng c\u1ee5 \u0111\u1ec3 gi\u1ea3ng d\u1ea1y m\u00f4n To\u00e1n, ti\u1ebfng Anh, khoa h\u1ecdc v\u00e0 v\u00f4 v\u00e0n s\u1ea3n ph\u1ea9m \u0111\u1ed3 ch\u01a1i c\u00e1c c\u00f4 gi\u00e1o c\u00f3 th\u1ec3 t\u1ef1 l\u00e0m cho tr\u1ebb \u0111\u01b0\u1ee3c sinh ra t\u1eeb \u201cch\u00fa s\u00e2u h\u00e1u \u0103n\u201d. T\u00ednh t\u1edbi hi\u1ec7n t\u1ea1i, cu\u1ed1n s\u00e1ch \u0111\u00e3 b\u00e1n \u0111\u01b0\u1ee3c g\u1ea7n 40 tri\u1ec7u b\u1ea3n tr\u00ean to\u00e0n th\u1ebf gi\u1edbi v\u00e0 \u0111\u01b0\u1ee3c d\u1ecbch ra 62 ng\u00f4n ng\u1eef tr\u00ean to\u00e0n c\u1ea7u nh\u01b0: H\u00e0 Lan, Ph\u00e1p, T\u00e2y Ban Nha, \u0110\u1ee9c, Trung Qu\u1ed1c, \u00dd, B\u1ed3 \u0110\u00e0o Nha, Th\u1ee5y \u0110i\u1ec3n, Nga, Do Th\u00e1i. C\u00f3 th\u1ec3 n\u00f3i \u0111\u00e2y l\u00e0 m\u1ed9t trong nh\u1eefng cu\u1ed1n truy\u1ec7n \u0111\u01b0\u1ee3c d\u1ecbch ra nhi\u1ec1u th\u1ee9 ti\u1ebfng nh\u1ea5t hi\u1ec7n nay. Ng\u01b0\u1eddi ta \u01b0\u1edbc t\u00ednh c\u1ee9 30 gi\u00e2y l\u1ea1i c\u00f3 m\u1ed9t cu\u1ed1n truy\u1ec7n \u0111\u01b0\u1ee3c b\u00e1n ra ngo\u00e0i th\u1ecb tr\u01b0\u1eddng v\u00e0 cu\u1ed1n s\u00e1ch \u0111\u00e3 d\u00e0nh \u0111\u01b0\u1ee3c v\u00f4 v\u00e0n gi\u1ea3i th\u01b0\u1edfng danh gi\u00e1.  <div class=\"banner-grid-wrapper\">\n  <div id=\"banner-grid-111428713\" class=\"banner-grid row row-grid row-small\" data-packery-options=\"\">\n            <style>\n    #banner-grid-111428713 .grid-col-1{height: 600px}\n    #banner-grid-111428713 .grid-col-1-2{height: 300px}\n    #banner-grid-111428713 .grid-col-1-3{height:200px}\n    #banner-grid-111428713 .grid-col-2-3{height: 400px}\n    #banner-grid-111428713 .grid-col-1-4{height: 150px}\n    #banner-grid-111428713 .grid-col-3-4{height: 450px}\n\n\n        \/* Tablet *\/\n    @media (max-width: 850px){\n      #banner-grid-111428713 .grid-col-1{height: 400px}\n      #banner-grid-111428713 .grid-col-1-2{height: 200px}\n      #banner-grid-111428713 .grid-col-1-3{height:133.33333333333px}\n      #banner-grid-111428713 .grid-col-2-3{height: 266.66666666667px}\n      #banner-grid-111428713 .grid-col-1-4{height: 100px}\n      #banner-grid-111428713 .grid-col-3-4{height: 300px}\n    }\n    \n        \/* Mobile *\/\n    @media (max-width: 550px){\n      #banner-grid-111428713 .grid-col-1{height: 400px}\n      #banner-grid-111428713 .grid-col-1-2{height: 200px}\n      #banner-grid-111428713 .grid-col-1-3{height:133.33333333333px}\n      #banner-grid-111428713 .grid-col-2-3{height: 266.66666666667px}\n      #banner-grid-111428713 .grid-col-1-4{height: 100px}\n      #banner-grid-111428713 .grid-col-3-4{height: 300px}\n    }\n    \n\n  <\/style>\n    <\/div>\n    <style>\n    #banner-grid-111428713 .grid-col-1{height: 600px}\n    #banner-grid-111428713 .grid-col-1-2{height: 300px}\n    #banner-grid-111428713 .grid-col-1-3{height:200px}\n    #banner-grid-111428713 .grid-col-2-3{height: 400px}\n    #banner-grid-111428713 .grid-col-1-4{height: 150px}\n    #banner-grid-111428713 .grid-col-3-4{height: 450px}\n\n\n    \n    \n\n  <\/style>\n    <\/div>\n  \n","protected":false},"excerpt":{"rendered":"<p>Ch\u00fa S\u00e2u H\u00e1u \u0102n (The very hungry caterpillar) l\u00e0 cu\u1ed1n truy\u1ec7n thi\u1ebfu nhi n\u1ed5i ti\u1ebfng th\u1ebf gi\u1edbi k\u1ec3 v\u1ec1 c\u00e2u chuy\u1ec7n trong b\u1ea3y ng\u00e0y c\u1ee7a m\u1ed9t ch\u00fa s\u00e2u xanh. L\u00fac n\u00e0o ch\u00fa ta c\u0169ng c\u1ea3m th\u1ea5y \u0111\u00f3i b\u1ee5ng v\u00e0 ch\u00fa ta b\u1eaft \u0111\u1ea7u b\u00f2 \u0111i t\u00ecm ki\u1ebfm th\u1ee9c \u0103n. M\u1ed7i ng\u00e0y tr\u00f4i qua s\u1ed1 l\u01b0\u1ee3ng \u0111\u1ed3 \u0103n ch\u00fa s\u00e2u \u1ea5y \u0103n v\u00e0o b\u1ee5ng c\u00e0ng nhi\u1ec1u, cho t\u1edbi khi ch\u00fa kh\u00f4ng c\u00f2n l\u00e0 m\u1ed9t ch\u00fa s\u00e2u b\u00e9 nh\u1ecf n\u1eefa, m\u00e0 \u0111\u00e3 tr\u1edf th\u00e0nh ch\u00fa s\u00e2u to b\u00e9o c\u00f3 th\u1ec3 t\u1ef1 x\u00e2y nh\u00e0 trong c\u00e1i K\u00e9n bao quanh m\u00ecnh. V\u00e0 r\u1ed3i m\u1ed9t s\u00e1ng \u0111\u1eb9p tr\u1eddi, ch\u00fa \u0111\u00e3 h\u00f3a th\u00e0nh m\u1ed9t ch\u00fa b\u01b0\u1edbm xinh \u0111\u1eb9p chui ra kh\u1ecfi c\u00e1i K\u00e9n c\u1ee7a m\u00ecnh.<\/p>\n","protected":false},"featured_media":4056,"template":"","meta":{"_acf_changed":false},"product_brand":[],"product_cat":[24,25,17,39],"product_tag":[],"class_list":{"0":"post-4067","1":"product","2":"type-product","3":"status-publish","4":"has-post-thumbnail","6":"product_cat-nha-tre-mau-giao-0-tuoi-6-tuoi","7":"product_cat-nhi-dong-6-tuoi-12-tuoi","8":"product_cat-sach-danh-cho-cac-be","9":"product_cat-sach-song-ngu-anh-viet","11":"first","12":"outofstock","13":"taxable","14":"shipping-taxable","15":"purchasable","16":"product-type-simple"},"supplier_id":null,"supplier_sku":"","barcode":null,"atum_controlled":true,"out_stock_date":"2023-09-22 15:09:45","out_stock_threshold":null,"inheritable":false,"inbound_stock":0,"stock_on_hold":0,"sold_today":0,"sales_last_days":0,"reserved_stock":0,"customer_returns":0,"warehouse_damage":0,"lost_in_post":0,"other_logs":0,"out_stock_days":859,"lost_sales":0,"has_location":false,"update_date":"2026-01-28T23:10:34","atum_locations":[],"atum_stock_status":"outofstock","restock_status":false,"low_stock_amount":"","sales_update_date":"2026-01-28T23:10:34","calc_backorders":null,"acf":{"publisher":{"ID":1453,"post_author":"1","post_date":"2021-02-17 01:11:32","post_date_gmt":"2021-02-16 23:11:32","post_content":"<!-- wp:flatsome\/uxbuilder -->\n<h1 style=\"text-align: center;\"><strong>Qu\u1ea3ng V\u0103n<\/strong><\/h1>\n[row]\n\n[col span=\"6\" span__sm=\"12\"]\n\n[ux_image id=\"1552\" image_size=\"medium\"]\n\n\n[\/col]\n[col span=\"6\" span__sm=\"12\"]\n\n<p><strong>Quangvanbooks<\/strong><br \/>Qu\u1ea3ng V\u0103n l\u00e0 t\u1ed5 h\u1ee3p xu\u1ea5t b\u1ea3n, gi\u00e1o d\u1ee5c v\u00e0 nh\u01b0\u1ee3ng quy\u1ec1n h\u00e0ng \u0111\u1ea7u trong ng\u00e0nh c\u00f4ng nghi\u1ec7p s\u00e1ng t\u1ea1o v\u1edbi c\u00e1c th\u01b0\u01a1ng hi\u1ec7u nh\u00e1nh:<\/p>\n<p>Quangvanbooks - Th\u01b0\u01a1ng hi\u1ec7u s\u00e1ch v\u0103n h\u00f3a gi\u00e1o d\u1ee5c v\u00e0 v\u0103n h\u00f3a gi\u1ea3i tr\u00ed<br \/>Ehomebooks - Th\u01b0\u01a1ng hi\u1ec7u s\u00e1ch gi\u00e1o d\u1ee5c gia \u0111\u00ecnh<br \/>Sakurabooks - Th\u01b0\u01a1ng hi\u1ec7u s\u00e1ch Nh\u1eadt B\u1ea3n<br \/>IPERbooks - Th\u01b0\u01a1ng hi\u1ec7u s\u00e1ch gi\u00e1o d\u1ee5c nh\u00e0 tr\u01b0\u1eddng<br \/>IPER - Vi\u1ec7n nghi\u00ean c\u1ee9u xu\u1ea5t b\u1ea3n v\u00e0 gi\u00e1o d\u1ee5c IPER<\/p>\n<p><strong>T\u1ea7m nh\u00ecn<\/strong><br \/>Tr\u1edf th\u00e0nh th\u01b0\u01a1ng hi\u1ec7u s\u00e1ch v\u0103n h\u00f3a gi\u00e1o d\u1ee5c v\u00e0 v\u0103n h\u00f3a gi\u1ea3i tr\u00ed t\u1ed1t nh\u1ea5t v\u00e0 \u0111a d\u1ea1ng nh\u1ea5t Vi\u1ec7t Nam.<\/p>\n<p><br \/><strong>S\u1ee9 m\u1ec7nh<\/strong><br \/>Mang \u0111\u1ebfn nh\u1eefng cu\u1ed1n s\u00e1ch v\u0103n h\u00f3a gi\u00e1o d\u1ee5c v\u00e0 v\u0103n h\u00f3a gi\u1ea3i tr\u00ed \u0111\u1ebfn v\u1edbi \u0111\u1ed9c gi\u1ea3 Vi\u1ec7t Nam v\u00e0 th\u1ebf gi\u1edbi nh\u1eb1m gi\u00fap \u0111\u1ed9c gi\u1ea3 ph\u00e1t tri\u1ec3n b\u1ea3n th\u00e2n, gi\u00e1o d\u1ee5c, gi\u1ea3i tr\u00ed v\u00e0 khai s\u00e1ng nh\u1eb1m x\u00e2y d\u1ef1ng x\u00e3 h\u1ed9i th\u1ecbnh v\u01b0\u1ee3ng, h\u1ea1nh ph\u00fac.<\/p>\n<p><strong>Gi\u00e1 tr\u1ecb c\u1ed1t l\u00f5i<\/strong><\/p>\n<p>S\u00e1ng t\u1ea1o - Linh ho\u1ea1t - H\u1ee3p t\u00e1c - Ch\u00ednh tr\u1ef1c - Nhi\u1ec7t huy\u1ebft - C\u00e2n b\u1eb1ng - H\u1ea1nh ph\u00fac<\/p>\n\n[\/col]\n\n[\/row]\n\n<!-- \/wp:flatsome\/uxbuilder -->","post_title":"Qu\u1ea3ng V\u0103n","post_excerpt":"","post_status":"publish","comment_status":"closed","ping_status":"closed","post_password":"","post_name":"quang-van","to_ping":"","pinged":"","post_modified":"2021-02-17 01:26:44","post_modified_gmt":"2021-02-16 23:26:44","post_content_filtered":"","post_parent":0,"guid":"https:\/\/sachviet.eu\/nha-phat-hanh\/quang-van\/","menu_order":0,"post_type":"publisher","post_mime_type":"","comment_count":"0","filter":"raw"}},"_links":{"self":[{"href":"https:\/\/sachviet.eu\/en\/wp-json\/wp\/v2\/product\/4067","targetHints":{"allow":["GET"]}}],"collection":[{"href":"https:\/\/sachviet.eu\/en\/wp-json\/wp\/v2\/product"}],"about":[{"href":"https:\/\/sachviet.eu\/en\/wp-json\/wp\/v2\/types\/product"}],"wp:featuredmedia":[{"embeddable":true,"href":"https:\/\/sachviet.eu\/en\/wp-json\/wp\/v2\/media\/4056"}],"wp:attachment":[{"href":"https:\/\/sachviet.eu\/en\/wp-json\/wp\/v2\/media?parent=4067"}],"wp:term":[{"taxonomy":"product_brand","embeddable":true,"href":"https:\/\/sachviet.eu\/en\/wp-json\/wp\/v2\/product_brand?post=4067"},{"taxonomy":"product_cat","embeddable":true,"href":"https:\/\/sachviet.eu\/en\/wp-json\/wp\/v2\/product_cat?post=4067"},{"taxonomy":"product_tag","embeddable":true,"href":"https:\/\/sachviet.eu\/en\/wp-json\/wp\/v2\/product_tag?post=4067"}],"curies":[{"name":"wp","href":"https:\/\/api.w.org\/{rel}","templated":true}]}}