{"id":4051,"date":"2021-03-02T03:52:19","date_gmt":"2021-03-02T01:52:19","guid":{"rendered":"https:\/\/sachviet.eu\/shop\/sieu-nhi-hoi-nha-khoa-hoc-tra-loi-100-bi-an-moi-dua-tre-deu-muon-hoi-mot-nha-khoa-hoc\/"},"modified":"2023-08-19T15:50:35","modified_gmt":"2023-08-19T12:50:35","slug":"sieu-nhi-hoi-nha-khoa-hoc-tra-loi-100-bi-an-moi-dua-tre-deu-muon-hoi-mot-nha-khoa-hoc","status":"publish","type":"product","link":"https:\/\/sachviet.eu\/en\/shop\/sieu-nhi-hoi-nha-khoa-hoc-tra-loi-100-bi-an-moi-dua-tre-deu-muon-hoi-mot-nha-khoa-hoc\/","title":{"rendered":"Si\u00eau Nh\u00ed H\u1ecfi Nh\u00e0 Khoa H\u1ecdc Tr\u1ea3 L\u1eddi &#8211; 100 B\u00ed \u1ea8n M\u1ecdi \u0110\u1ee9a Tr\u1ebb \u0110\u1ec1u Mu\u1ed1n H\u1ecfi M\u1ed9t Nh\u00e0 Khoa H\u1ecdc"},"content":{"rendered":"<p>Si\u00eau Nh\u00ed H\u1ecfi Nh\u00e0 Khoa H\u1ecdc Tr\u1ea3 L\u1eddi<\/p>\n<p>Cu\u1ed1n s\u00e1ch khoa h\u1ecdc \u0111\u00e1ng y\u00eau cho c\u00e1c b\u1ea1n nh\u1ecf n\u00e0y t\u1eadp h\u1ee3p 100 c\u00e2u h\u1ecfi v\u1ec1 cu\u1ed9c s\u1ed1ng h\u00e0ng ng\u00e0y t\u1eeb c\u00e1c b\u1ea1n h\u1ecdc sinh tr\u00ean kh\u1eafp th\u1ebf gi\u1edbi g\u1eedi \u0111\u1ebfn nh\u00e0 khoa h\u1ecdc Robert Winston. Cu\u1ed1n s\u00e1ch cho ch\u00fang ta th\u1ea5y s\u1ef1 t\u00f2 m\u00f2 chung c\u1ee7a tr\u1ebb em \u0111\u1ed1i v\u1edbi th\u1ebf gi\u1edbi xung quanh qua nh\u1eefng c\u00e2u h\u1ecfi nh\u1eefng thu th\u1eadp t\u1eeb tr\u1ebb em \u1edf V\u01b0\u01a1ng qu\u1ed1c Anh, c\u00e1c n\u01b0\u1edbc Ch\u00e2u \u00c2u kh\u00e1c, Canada, M\u1ef9, \u1ea4n \u0110\u1ed9, Trung Qu\u1ed1c v\u00e0 Nh\u1eadt B\u1ea3n. C\u00e1c c\u00e2u h\u1ecfi xoay quanh nh\u1eefng kh\u00eda c\u1ea1nh kh\u00e1c nhau c\u1ee7a khoa h\u1ecdc, bao tr\u00f9m \u1edf c\u00e1c ch\u1ee7 \u0111\u1ec1 ch\u00ednh g\u1ed3m c\u01a1 th\u1ec3 con ng\u01b0\u1eddi, v\u1eadt l\u00fd, h\u00f3a h\u1ecdc, kh\u00f4ng gian, khoa h\u1ecdc t\u1ef1 nhi\u00ean v\u00e0 Tr\u00e1i \u0110\u1ea5t.<\/p>\n<p>\u201cT\u1ea1i sao b\u1ea7u tr\u1eddi c\u00f3 m\u00e0u xanh?\u201d,\u201cT\u1ea1i sao c\u00e1c ng\u00f4i sao l\u1ea5p l\u00e1nh?\u2019\u2019,\u201cT\u1ea1i sao n\u01b0\u1edbc s\u1ee7i b\u1ecdt khi s\u00f4i?\u201d hay \u201cT\u1ea1i sao ch\u00fang ta \u0111\u1ed5 m\u1ed3 h\u00f4i khi v\u1eadn \u0111\u1ed9ng?\u201d Tr\u1ebb con quan s\u00e1t th\u1ebf gi\u1edbi xung quanh v\u00e0 lu\u00f4n lu\u00f4n \u0111\u1eb7t c\u00e2u h\u1ecfi v\u1ec1 nh\u1eefng b\u0103n kho\u0103n c\u1ee7a m\u00ecnh. \u0110\u00e2y l\u00e0 \u0111i\u1ec1u m\u00e0 ng\u01b0\u1eddi tr\u01b0\u1edfng th\u00e0nh kh\u00f4ng d\u1ec5 d\u00e0ng l\u00e0m \u0111\u01b0\u1ee3c.<\/p>\n<p>100 c\u00e2u h\u1ecfi l\u00e0 nh\u1eefng quan s\u00e1t th\u00f4ng minh v\u00e0 th\u00fa v\u1ecb c\u1ee7a c\u00e1c b\u1ea1n nh\u1ecf v\u1edbi s\u1ef1 t\u00f2 m\u00f2 v\u00e0 \u00f3c t\u01b0\u1edfng t\u01b0\u1ee3ng phong ph\u00fa c\u1ee7a m\u00ecnh. T\u1ea5t c\u1ea3 c\u00e1c c\u00e2u h\u1ecfi \u0111\u1ec1u \u0111\u01b0\u1ee3c tr\u1ea3 l\u1eddi r\u00f5 r\u00e0ng v\u00e0 s\u1ed1ng \u0111\u1ed9ng.<\/p>\n<p>Cu\u1ed1n s\u00e1ch \u201cSi\u00eau nh\u00ed h\u1ecfi \u2013 nh\u00e0 khoa h\u1ecdc tr\u1ea3 l\u1eddi\u201d ch\u1eafc ch\u1eafn s\u1ebd \u0111em \u0111\u1ebfn m\u1ed9t th\u1ebf gi\u1edbi khoa h\u1ecdc \u0111\u1ea7y ni\u1ec1m vui, h\u00e0i h\u01b0\u1edbc, th\u00fa v\u1ecb, l\u00e0m th\u1ecfa m\u00e3n tr\u00ed t\u00f2 m\u00f2 c\u1ee7a c\u00e1c nh\u00e0 khoa h\u1ecdc nh\u00ed. H\u01a1n th\u1ebf n\u1eefa cu\u1ed1n s\u00e1ch c\u0169ng s\u1ebd gi\u00fap c\u1ea3 gia \u0111\u00ecnh c\u00f3 nh\u1eefng ph\u00fat gi\u00e2y tho\u1ea3i m\u00e1i v\u00e0 g\u1eafn k\u1ebft khi c\u00f9ng nhau kh\u00e1m ph\u00e1 th\u1ebf gi\u1edbi khoa h\u1ecdc di\u1ec7u k\u1ef3.  <div class=\"banner-grid-wrapper\">\n  <div id=\"banner-grid-1906257325\" class=\"banner-grid row row-grid row-small\" data-packery-options=\"\">\n            <style>\n    #banner-grid-1906257325 .grid-col-1{height: 600px}\n    #banner-grid-1906257325 .grid-col-1-2{height: 300px}\n    #banner-grid-1906257325 .grid-col-1-3{height:200px}\n    #banner-grid-1906257325 .grid-col-2-3{height: 400px}\n    #banner-grid-1906257325 .grid-col-1-4{height: 150px}\n    #banner-grid-1906257325 .grid-col-3-4{height: 450px}\n\n\n        \/* Tablet *\/\n    @media (max-width: 850px){\n      #banner-grid-1906257325 .grid-col-1{height: 400px}\n      #banner-grid-1906257325 .grid-col-1-2{height: 200px}\n      #banner-grid-1906257325 .grid-col-1-3{height:133.33333333333px}\n      #banner-grid-1906257325 .grid-col-2-3{height: 266.66666666667px}\n      #banner-grid-1906257325 .grid-col-1-4{height: 100px}\n      #banner-grid-1906257325 .grid-col-3-4{height: 300px}\n    }\n    \n        \/* Mobile *\/\n    @media (max-width: 550px){\n      #banner-grid-1906257325 .grid-col-1{height: 400px}\n      #banner-grid-1906257325 .grid-col-1-2{height: 200px}\n      #banner-grid-1906257325 .grid-col-1-3{height:133.33333333333px}\n      #banner-grid-1906257325 .grid-col-2-3{height: 266.66666666667px}\n      #banner-grid-1906257325 .grid-col-1-4{height: 100px}\n      #banner-grid-1906257325 .grid-col-3-4{height: 300px}\n    }\n    \n\n  <\/style>\n    <\/div>\n    <style>\n    #banner-grid-1906257325 .grid-col-1{height: 600px}\n    #banner-grid-1906257325 .grid-col-1-2{height: 300px}\n    #banner-grid-1906257325 .grid-col-1-3{height:200px}\n    #banner-grid-1906257325 .grid-col-2-3{height: 400px}\n    #banner-grid-1906257325 .grid-col-1-4{height: 150px}\n    #banner-grid-1906257325 .grid-col-3-4{height: 450px}\n\n\n    \n    \n\n  <\/style>\n    <\/div>\n  \n","protected":false},"excerpt":{"rendered":"<p>Cu\u1ed1n s\u00e1ch khoa h\u1ecdc \u0111\u00e1ng y\u00eau cho c\u00e1c b\u1ea1n nh\u1ecf n\u00e0y t\u1eadp h\u1ee3p 100 c\u00e2u h\u1ecfi v\u1ec1 cu\u1ed9c s\u1ed1ng h\u00e0ng ng\u00e0y t\u1eeb c\u00e1c b\u1ea1n h\u1ecdc sinh tr\u00ean kh\u1eafp th\u1ebf gi\u1edbi g\u1eedi \u0111\u1ebfn nh\u00e0 khoa h\u1ecdc Robert Winston. Cu\u1ed1n s\u00e1ch cho ch\u00fang ta th\u1ea5y s\u1ef1 t\u00f2 m\u00f2 chung c\u1ee7a tr\u1ebb em \u0111\u1ed1i v\u1edbi th\u1ebf gi\u1edbi xung quanh qua nh\u1eefng c\u00e2u h\u1ecfi nh\u1eefng thu th\u1eadp t\u1eeb tr\u1ebb em \u1edf V\u01b0\u01a1ng qu\u1ed1c Anh, c\u00e1c n\u01b0\u1edbc Ch\u00e2u \u00c2u kh\u00e1c, Canada, M\u1ef9, \u1ea4n \u0110\u1ed9, Trung Qu\u1ed1c v\u00e0 Nh\u1eadt B\u1ea3n. C\u00e1c c\u00e2u h\u1ecfi xoay quanh nh\u1eefng kh\u00eda c\u1ea1nh kh\u00e1c nhau c\u1ee7a khoa h\u1ecdc, bao tr\u00f9m \u1edf c\u00e1c ch\u1ee7 \u0111\u1ec1 ch\u00ednh g\u1ed3m c\u01a1 th\u1ec3 con ng\u01b0\u1eddi, v\u1eadt l\u00fd, h\u00f3a h\u1ecdc, kh\u00f4ng gian, khoa h\u1ecdc t\u1ef1 nhi\u00ean v\u00e0 Tr\u00e1i \u0110\u1ea5t.<\/p>\n<p>\u201cT\u1ea1i sao b\u1ea7u tr\u1eddi c\u00f3 m\u00e0u xanh?\u201d,\u201cT\u1ea1i sao c\u00e1c ng\u00f4i sao l\u1ea5p l\u00e1nh?\u2019\u2019,\u201cT\u1ea1i sao n\u01b0\u1edbc s\u1ee7i b\u1ecdt khi s\u00f4i?\u201d hay \u201cT\u1ea1i sao ch\u00fang ta \u0111\u1ed5 m\u1ed3 h\u00f4i khi v\u1eadn \u0111\u1ed9ng?\u201d Tr\u1ebb con quan s\u00e1t th\u1ebf gi\u1edbi xung quanh v\u00e0 lu\u00f4n lu\u00f4n \u0111\u1eb7t c\u00e2u h\u1ecfi v\u1ec1 nh\u1eefng b\u0103n kho\u0103n c\u1ee7a m\u00ecnh. \u0110\u00e2y l\u00e0 \u0111i\u1ec1u m\u00e0 ng\u01b0\u1eddi tr\u01b0\u1edfng th\u00e0nh kh\u00f4ng d\u1ec5 d\u00e0ng l\u00e0m \u0111\u01b0\u1ee3c.<\/p>\n","protected":false},"featured_media":4046,"template":"","meta":{"_acf_changed":false},"product_brand":[],"product_cat":[17,26],"product_tag":[],"class_list":{"0":"post-4051","1":"product","2":"type-product","3":"status-publish","4":"has-post-thumbnail","6":"product_cat-sach-danh-cho-cac-be","7":"product_cat-thieu-nien-11-tuoi-18-tuoi","9":"first","10":"instock","11":"taxable","12":"shipping-taxable","13":"purchasable","14":"product-type-simple"},"supplier_id":null,"supplier_sku":"","barcode":null,"atum_controlled":true,"out_stock_date":null,"out_stock_threshold":null,"inheritable":false,"inbound_stock":0,"stock_on_hold":0,"sold_today":0,"sales_last_days":0,"reserved_stock":0,"customer_returns":0,"warehouse_damage":0,"lost_in_post":0,"other_logs":0,"out_stock_days":0,"lost_sales":0,"has_location":false,"update_date":"2026-01-28T23:10:34","atum_locations":[],"atum_stock_status":"instock","restock_status":false,"low_stock_amount":"","sales_update_date":"2026-01-28T23:10:34","calc_backorders":null,"acf":{"publisher":{"ID":4030,"post_author":"1","post_date":"2021-03-02 03:51:27","post_date_gmt":"2021-03-02 01:51:27","post_content":"","post_title":"1980 Books","post_excerpt":"","post_status":"publish","comment_status":"closed","ping_status":"closed","post_password":"","post_name":"1980-books","to_ping":"","pinged":"","post_modified":"2021-03-02 03:51:27","post_modified_gmt":"2021-03-02 01:51:27","post_content_filtered":"","post_parent":0,"guid":"https:\/\/sachviet.eu\/nha-phat-hanh\/1980-books\/","menu_order":0,"post_type":"publisher","post_mime_type":"","comment_count":"0","filter":"raw"}},"_links":{"self":[{"href":"https:\/\/sachviet.eu\/en\/wp-json\/wp\/v2\/product\/4051","targetHints":{"allow":["GET"]}}],"collection":[{"href":"https:\/\/sachviet.eu\/en\/wp-json\/wp\/v2\/product"}],"about":[{"href":"https:\/\/sachviet.eu\/en\/wp-json\/wp\/v2\/types\/product"}],"wp:featuredmedia":[{"embeddable":true,"href":"https:\/\/sachviet.eu\/en\/wp-json\/wp\/v2\/media\/4046"}],"wp:attachment":[{"href":"https:\/\/sachviet.eu\/en\/wp-json\/wp\/v2\/media?parent=4051"}],"wp:term":[{"taxonomy":"product_brand","embeddable":true,"href":"https:\/\/sachviet.eu\/en\/wp-json\/wp\/v2\/product_brand?post=4051"},{"taxonomy":"product_cat","embeddable":true,"href":"https:\/\/sachviet.eu\/en\/wp-json\/wp\/v2\/product_cat?post=4051"},{"taxonomy":"product_tag","embeddable":true,"href":"https:\/\/sachviet.eu\/en\/wp-json\/wp\/v2\/product_tag?post=4051"}],"curies":[{"name":"wp","href":"https:\/\/api.w.org\/{rel}","templated":true}]}}