{"id":4045,"date":"2021-03-02T03:51:59","date_gmt":"2021-03-02T01:51:59","guid":{"rendered":"https:\/\/sachviet.eu\/shop\/chu-gau-bac-cuc\/"},"modified":"2022-02-10T15:53:14","modified_gmt":"2022-02-10T13:53:14","slug":"chu-gau-bac-cuc","status":"publish","type":"product","link":"https:\/\/sachviet.eu\/en\/shop\/chu-gau-bac-cuc\/","title":{"rendered":"Ch\u00fa G\u1ea5u B\u1eafc C\u1ef1c"},"content":{"rendered":"<p>\u201cCh\u00fa g\u1ea5u B\u1eafc C\u1ef1c\u201d \u0111\u01b0\u1ee3c vi\u1ebft v\u00e0 minh h\u1ecda b\u1edfi t\u00e1c gi\u1ea3 Hans de Beer l\u00e0 cu\u1ed1n s\u00e1ch v\u0103n h\u1ecdc thi\u1ebfu nhi tuy\u1ec7t v\u1eddi v\u1ec1 nh\u1eefng cu\u1ed9c phi\u00eau l\u01b0u kh\u00e1m ph\u00e1 th\u1ebf gi\u1edbi c\u1ee7a m\u1ed9t ch\u00fa g\u1ea5u nh\u1ecf t\u00ean Lars.<\/p>\n<p>Lars s\u1ed1ng c\u00f9ng b\u1ed1 m\u1eb9 \u1edf B\u1eafc C\u1ef1c n\u01a1i ch\u1ec9 to\u00e0n b\u0103ng v\u00e0 tuy\u1ebft. Nh\u01b0ng ch\u00fa g\u1ea5u nh\u1ecf lu\u00f4n hi\u1ebfu k\u00ec tr\u01b0\u1edbc nh\u1eefng \u0111i\u1ec1u m\u1edbi l\u1ea1 v\u00e0 ham th\u00edch kh\u00e1m ph\u00e1 th\u1ebf gi\u1edbi. B\u1edfi v\u1eady, t\u1eeb khi \u0111\u01b0\u1ee3c b\u1ed1 d\u1ea1y b\u01a1i \u0111\u1ec3 th\u00edch nghi v\u1edbi cu\u1ed9c s\u1ed1ng, Lars th\u1ecfa th\u00edch d\u1ea1o ch\u01a1i v\u00e0 lu\u00f4n b\u1ecb h\u1ea5p d\u1eabn tr\u01b0\u1edbc t\u1ea5t c\u1ea3 nh\u1eefng \u00e2m thanh, m\u00f9i v\u1ecb v\u00e0 nh\u1eefng \u0111i\u1ec1u m\u1edbi m\u1ebb xung quanh.<\/p>\n<p>Ch\u00ednh s\u1ef1 t\u00f2 m\u00f2 tr\u01b0\u1edbc th\u1ebf gi\u1edbi r\u1ed9ng l\u1edbn \u0111\u00e3 khi\u1ebfn ch\u00fa g\u1ea5u nh\u1ecf nhi\u1ec1u l\u1ea7n l\u1ea1c \u0111\u01b0\u1eddng, nh\u01b0ng \u0111i\u1ec1u n\u00e0y l\u1ea1i \u0111\u01b0a Lars v\u00e0o nh\u1eefng cu\u1ed9c phi\u00eau l\u01b0u th\u00fa v\u1ecb v\u00e0 g\u1eb7p \u0111\u01b0\u1ee3c nhi\u1ec1u ng\u01b0\u1eddi b\u1ea1n t\u1ed1t.<\/p>\n<p>Cu\u1ed1n s\u00e1ch bao g\u1ed3m m\u01b0\u1eddi c\u00e2u chuy\u1ec7n v\u1ec1 ch\u00fa g\u1ea5u nh\u1ecf. M\u1ed7i c\u00e2u chuy\u1ec7n l\u00e0 m\u1ed9t h\u00e0nh tr\u00ecnh k\u00ec th\u00fa, \u1edf \u0111\u00f3 ch\u00fa g\u1ea5u Lars h\u1ecdc th\u00eam \u0111\u01b0\u1ee3c nhi\u1ec1u \u0111i\u1ec1u, th\u1ef1c hi\u1ec7n \u0111\u01b0\u1ee3c nh\u1eefng \u01b0\u1edbc m\u01a1 nh\u1ecf c\u1ee7a m\u00ecnh. V\u00e0 kh\u00f4ng ch\u1ec9 nh\u1eadn s\u1ef1 gi\u00fap \u0111\u1ee1 t\u1eeb nh\u1eefng ng\u01b0\u1eddi b\u1ea1n, ch\u00ednh ch\u00fa g\u1ea5u nh\u1ecf c\u0169ng l\u00e0 m\u1ed9t ng\u01b0\u1eddi b\u1ea1n t\u1ed1t, lu\u00f4n s\u1eb5n s\u00e0ng gi\u00fap \u0111\u1ee1 ng\u01b0\u1eddi kh\u00e1c trong c\u00e1c t\u00ecnh hu\u1ed1ng kh\u00f3 kh\u0103n.<\/p>\n<p>\u201cCh\u00fa g\u1ea5u B\u1eafc C\u1ef1c\u201d truy\u1ec1n c\u1ea3m h\u1ee9ng v\u1ec1 tinh th\u1ea7n d\u00e1m th\u1eed l\u00e0m m\u1ecdi th\u1ee9 ngay c\u1ea3 khi kh\u00f4ng ph\u1ea3i m\u1ecdi chuy\u1ec7n \u0111\u1ec1u su\u00f4n s\u1ebb v\u00e0 gi\u00fap tr\u1ebb nu\u00f4i d\u01b0\u1ee1ng t\u00ecnh b\u1ea1n. \u0110\u1ed3ng th\u1eddi, v\u1edbi c\u00e1c chi ti\u1ebft nh\u1ecf v\u1ec1 th\u1eddi ti\u1ebft, t\u00e1c gi\u1ea3 Hans de Beer nh\u1eb9 nh\u00e0ng g\u1eedi g\u1eafm th\u00f4ng \u0111i\u1ec7p v\u1ec1 m\u00f4i tr\u01b0\u1eddng m\u00e0 kh\u00f4ng c\u1ea7n n\u00eau ra nh\u1eefng b\u00e0i h\u1ecdc \u0111\u1ea1o \u0111\u1ee9c n\u1eb7ng n\u1ec1.<\/p>\n<p>B\u00ean c\u1ea1nh n\u1ed9i dung \u00fd ngh\u0129a, ng\u00f4n t\u1eeb cu\u1ed1n h\u00fat, h\u00ecnh \u1ea3nh minh h\u1ecda c\u1ee7a cu\u1ed1n s\u00e1ch c\u0169ng l\u00e0 nh\u1eefng t\u00e1c ph\u1ea9m ngh\u1ec7 thu\u1eadt tuy\u1ec7t m\u1ef9 v\u1edbi \u0111\u01b0\u1eddng n\u00e9t ch\u00e2n th\u1ef1c, gi\u00e0u c\u1ea3m x\u00fac.<\/p>\n<p>\u201cCh\u00fa g\u1ea5u B\u1eafc C\u1ef1c\u201d l\u00e0 b\u00e0i t\u1ed1t nghi\u1ec7p c\u1ee7a Hans de Beer sau nhi\u1ec1u n\u0103m h\u1ecdc t\u1eadp v\u00e0 nghi\u00ean c\u1ee9u. Khi Hans de Beer gi\u1edbi thi\u1ec7u t\u00e1c ph\u1ea9m t\u1edbi c\u00f4ng ch\u00fang t\u1ea1i h\u1ed9i s\u00e1ch thi\u1ebfu nhi Bologna, Gi\u00e1m \u0111\u1ed1c nh\u00e0 xu\u1ea5t b\u1ea3n Z\u00fcrcher NordS\u00fcd l\u00e0 Grigitte Sidjanski nh\u1eadn ra t\u00e0i n\u0103ng xu\u1ea5t ch\u00fang c\u1ee7a Hans de Beer v\u00e0 gi\u00e1 tr\u1ecb c\u1ee7a nh\u1eefng b\u1ee9c tranh n\u00ean \u0111\u00e3 ngay l\u1eadp t\u1ee9c mua b\u1ea3n quy\u1ec1n to\u00e0n c\u1ea7u c\u1ee7a ch\u00f9m tranh ngay t\u1ea1i h\u1ed9i s\u00e1ch.  <div class=\"banner-grid-wrapper\">\n  <div id=\"banner-grid-1478003907\" class=\"banner-grid row row-grid row-small\" data-packery-options=\"\">\n            <style>\n    #banner-grid-1478003907 .grid-col-1{height: 600px}\n    #banner-grid-1478003907 .grid-col-1-2{height: 300px}\n    #banner-grid-1478003907 .grid-col-1-3{height:200px}\n    #banner-grid-1478003907 .grid-col-2-3{height: 400px}\n    #banner-grid-1478003907 .grid-col-1-4{height: 150px}\n    #banner-grid-1478003907 .grid-col-3-4{height: 450px}\n\n\n        \/* Tablet *\/\n    @media (max-width: 850px){\n      #banner-grid-1478003907 .grid-col-1{height: 400px}\n      #banner-grid-1478003907 .grid-col-1-2{height: 200px}\n      #banner-grid-1478003907 .grid-col-1-3{height:133.33333333333px}\n      #banner-grid-1478003907 .grid-col-2-3{height: 266.66666666667px}\n      #banner-grid-1478003907 .grid-col-1-4{height: 100px}\n      #banner-grid-1478003907 .grid-col-3-4{height: 300px}\n    }\n    \n        \/* Mobile *\/\n    @media (max-width: 550px){\n      #banner-grid-1478003907 .grid-col-1{height: 400px}\n      #banner-grid-1478003907 .grid-col-1-2{height: 200px}\n      #banner-grid-1478003907 .grid-col-1-3{height:133.33333333333px}\n      #banner-grid-1478003907 .grid-col-2-3{height: 266.66666666667px}\n      #banner-grid-1478003907 .grid-col-1-4{height: 100px}\n      #banner-grid-1478003907 .grid-col-3-4{height: 300px}\n    }\n    \n\n  <\/style>\n    <\/div>\n    <style>\n    #banner-grid-1478003907 .grid-col-1{height: 600px}\n    #banner-grid-1478003907 .grid-col-1-2{height: 300px}\n    #banner-grid-1478003907 .grid-col-1-3{height:200px}\n    #banner-grid-1478003907 .grid-col-2-3{height: 400px}\n    #banner-grid-1478003907 .grid-col-1-4{height: 150px}\n    #banner-grid-1478003907 .grid-col-3-4{height: 450px}\n\n\n    \n    \n\n  <\/style>\n    <\/div>\n  \n","protected":false},"excerpt":{"rendered":"<p>\u201cCh\u00fa g\u1ea5u B\u1eafc C\u1ef1c\u201d \u0111\u01b0\u1ee3c vi\u1ebft v\u00e0 minh h\u1ecda b\u1edfi t\u00e1c gi\u1ea3 Hans de Beer l\u00e0 cu\u1ed1n s\u00e1ch v\u0103n h\u1ecdc thi\u1ebfu nhi tuy\u1ec7t v\u1eddi v\u1ec1 nh\u1eefng cu\u1ed9c phi\u00eau l\u01b0u kh\u00e1m ph\u00e1 th\u1ebf gi\u1edbi c\u1ee7a m\u1ed9t ch\u00fa g\u1ea5u nh\u1ecf t\u00ean Lars.<\/p>\n<p>Lars s\u1ed1ng c\u00f9ng b\u1ed1 m\u1eb9 \u1edf B\u1eafc C\u1ef1c n\u01a1i ch\u1ec9 to\u00e0n b\u0103ng v\u00e0 tuy\u1ebft. Nh\u01b0ng ch\u00fa g\u1ea5u nh\u1ecf lu\u00f4n hi\u1ebfu k\u00ec tr\u01b0\u1edbc nh\u1eefng \u0111i\u1ec1u m\u1edbi l\u1ea1 v\u00e0 ham th\u00edch kh\u00e1m ph\u00e1 th\u1ebf gi\u1edbi. B\u1edfi v\u1eady, t\u1eeb khi \u0111\u01b0\u1ee3c b\u1ed1 d\u1ea1y b\u01a1i \u0111\u1ec3 th\u00edch nghi v\u1edbi cu\u1ed9c s\u1ed1ng, Lars th\u1ecfa th\u00edch d\u1ea1o ch\u01a1i v\u00e0 lu\u00f4n b\u1ecb h\u1ea5p d\u1eabn tr\u01b0\u1edbc t\u1ea5t c\u1ea3 nh\u1eefng \u00e2m thanh, m\u00f9i v\u1ecb v\u00e0 nh\u1eefng \u0111i\u1ec1u m\u1edbi m\u1ebb xung quanh.<\/p>\n<p>Ch\u00ednh s\u1ef1 t\u00f2 m\u00f2 tr\u01b0\u1edbc th\u1ebf gi\u1edbi r\u1ed9ng l\u1edbn \u0111\u00e3 khi\u1ebfn ch\u00fa g\u1ea5u nh\u1ecf nhi\u1ec1u l\u1ea7n l\u1ea1c \u0111\u01b0\u1eddng, nh\u01b0ng \u0111i\u1ec1u n\u00e0y l\u1ea1i \u0111\u01b0a Lars v\u00e0o nh\u1eefng cu\u1ed9c phi\u00eau l\u01b0u th\u00fa v\u1ecb v\u00e0 g\u1eb7p \u0111\u01b0\u1ee3c nhi\u1ec1u ng\u01b0\u1eddi b\u1ea1n t\u1ed1t.<\/p>\n<p>Cu\u1ed1n s\u00e1ch bao g\u1ed3m m\u01b0\u1eddi c\u00e2u chuy\u1ec7n v\u1ec1 ch\u00fa g\u1ea5u nh\u1ecf. M\u1ed7i c\u00e2u chuy\u1ec7n l\u00e0 m\u1ed9t h\u00e0nh tr\u00ecnh k\u00ec th\u00fa, \u1edf \u0111\u00f3 ch\u00fa g\u1ea5u Lars h\u1ecdc th\u00eam \u0111\u01b0\u1ee3c nhi\u1ec1u \u0111i\u1ec1u, th\u1ef1c hi\u1ec7n \u0111\u01b0\u1ee3c nh\u1eefng \u01b0\u1edbc m\u01a1 nh\u1ecf c\u1ee7a m\u00ecnh. V\u00e0 kh\u00f4ng ch\u1ec9 nh\u1eadn s\u1ef1 gi\u00fap \u0111\u1ee1 t\u1eeb nh\u1eefng ng\u01b0\u1eddi b\u1ea1n, ch\u00ednh ch\u00fa g\u1ea5u nh\u1ecf c\u0169ng l\u00e0 m\u1ed9t ng\u01b0\u1eddi b\u1ea1n t\u1ed1t, lu\u00f4n s\u1eb5n s\u00e0ng gi\u00fap \u0111\u1ee1 ng\u01b0\u1eddi kh\u00e1c trong c\u00e1c t\u00ecnh hu\u1ed1ng kh\u00f3 kh\u0103n.<\/p>\n","protected":false},"featured_media":4038,"template":"","meta":{"_acf_changed":false},"product_brand":[],"product_cat":[17,25,26],"product_tag":[],"class_list":{"0":"post-4045","1":"product","2":"type-product","3":"status-publish","4":"has-post-thumbnail","6":"product_cat-sach-danh-cho-cac-be","7":"product_cat-nhi-dong-6-tuoi-12-tuoi","8":"product_cat-thieu-nien-11-tuoi-18-tuoi","10":"first","11":"instock","12":"taxable","13":"shipping-taxable","14":"purchasable","15":"product-type-simple"},"supplier_id":null,"supplier_sku":"","barcode":null,"atum_controlled":true,"out_stock_date":null,"out_stock_threshold":null,"inheritable":false,"inbound_stock":2,"stock_on_hold":0,"sold_today":0,"sales_last_days":0,"reserved_stock":0,"customer_returns":0,"warehouse_damage":0,"lost_in_post":0,"other_logs":0,"out_stock_days":0,"lost_sales":0,"has_location":false,"update_date":"2026-01-28T23:10:34","atum_locations":[],"atum_stock_status":"instock","restock_status":false,"low_stock_amount":"","sales_update_date":"2026-01-28T23:10:34","calc_backorders":null,"acf":{"publisher":{"ID":1453,"post_author":"1","post_date":"2021-02-17 01:11:32","post_date_gmt":"2021-02-16 23:11:32","post_content":"<!-- wp:flatsome\/uxbuilder -->\n<h1 style=\"text-align: center;\"><strong>Qu\u1ea3ng V\u0103n<\/strong><\/h1>\n[row]\n\n[col span=\"6\" span__sm=\"12\"]\n\n[ux_image id=\"1552\" image_size=\"medium\"]\n\n\n[\/col]\n[col span=\"6\" span__sm=\"12\"]\n\n<p><strong>Quangvanbooks<\/strong><br \/>Qu\u1ea3ng V\u0103n l\u00e0 t\u1ed5 h\u1ee3p xu\u1ea5t b\u1ea3n, gi\u00e1o d\u1ee5c v\u00e0 nh\u01b0\u1ee3ng quy\u1ec1n h\u00e0ng \u0111\u1ea7u trong ng\u00e0nh c\u00f4ng nghi\u1ec7p s\u00e1ng t\u1ea1o v\u1edbi c\u00e1c th\u01b0\u01a1ng hi\u1ec7u nh\u00e1nh:<\/p>\n<p>Quangvanbooks - Th\u01b0\u01a1ng hi\u1ec7u s\u00e1ch v\u0103n h\u00f3a gi\u00e1o d\u1ee5c v\u00e0 v\u0103n h\u00f3a gi\u1ea3i tr\u00ed<br \/>Ehomebooks - Th\u01b0\u01a1ng hi\u1ec7u s\u00e1ch gi\u00e1o d\u1ee5c gia \u0111\u00ecnh<br \/>Sakurabooks - Th\u01b0\u01a1ng hi\u1ec7u s\u00e1ch Nh\u1eadt B\u1ea3n<br \/>IPERbooks - Th\u01b0\u01a1ng hi\u1ec7u s\u00e1ch gi\u00e1o d\u1ee5c nh\u00e0 tr\u01b0\u1eddng<br \/>IPER - Vi\u1ec7n nghi\u00ean c\u1ee9u xu\u1ea5t b\u1ea3n v\u00e0 gi\u00e1o d\u1ee5c IPER<\/p>\n<p><strong>T\u1ea7m nh\u00ecn<\/strong><br \/>Tr\u1edf th\u00e0nh th\u01b0\u01a1ng hi\u1ec7u s\u00e1ch v\u0103n h\u00f3a gi\u00e1o d\u1ee5c v\u00e0 v\u0103n h\u00f3a gi\u1ea3i tr\u00ed t\u1ed1t nh\u1ea5t v\u00e0 \u0111a d\u1ea1ng nh\u1ea5t Vi\u1ec7t Nam.<\/p>\n<p><br \/><strong>S\u1ee9 m\u1ec7nh<\/strong><br \/>Mang \u0111\u1ebfn nh\u1eefng cu\u1ed1n s\u00e1ch v\u0103n h\u00f3a gi\u00e1o d\u1ee5c v\u00e0 v\u0103n h\u00f3a gi\u1ea3i tr\u00ed \u0111\u1ebfn v\u1edbi \u0111\u1ed9c gi\u1ea3 Vi\u1ec7t Nam v\u00e0 th\u1ebf gi\u1edbi nh\u1eb1m gi\u00fap \u0111\u1ed9c gi\u1ea3 ph\u00e1t tri\u1ec3n b\u1ea3n th\u00e2n, gi\u00e1o d\u1ee5c, gi\u1ea3i tr\u00ed v\u00e0 khai s\u00e1ng nh\u1eb1m x\u00e2y d\u1ef1ng x\u00e3 h\u1ed9i th\u1ecbnh v\u01b0\u1ee3ng, h\u1ea1nh ph\u00fac.<\/p>\n<p><strong>Gi\u00e1 tr\u1ecb c\u1ed1t l\u00f5i<\/strong><\/p>\n<p>S\u00e1ng t\u1ea1o - Linh ho\u1ea1t - H\u1ee3p t\u00e1c - Ch\u00ednh tr\u1ef1c - Nhi\u1ec7t huy\u1ebft - C\u00e2n b\u1eb1ng - H\u1ea1nh ph\u00fac<\/p>\n\n[\/col]\n\n[\/row]\n\n<!-- \/wp:flatsome\/uxbuilder -->","post_title":"Qu\u1ea3ng V\u0103n","post_excerpt":"","post_status":"publish","comment_status":"closed","ping_status":"closed","post_password":"","post_name":"quang-van","to_ping":"","pinged":"","post_modified":"2021-02-17 01:26:44","post_modified_gmt":"2021-02-16 23:26:44","post_content_filtered":"","post_parent":0,"guid":"https:\/\/sachviet.eu\/nha-phat-hanh\/quang-van\/","menu_order":0,"post_type":"publisher","post_mime_type":"","comment_count":"0","filter":"raw"}},"_links":{"self":[{"href":"https:\/\/sachviet.eu\/en\/wp-json\/wp\/v2\/product\/4045","targetHints":{"allow":["GET"]}}],"collection":[{"href":"https:\/\/sachviet.eu\/en\/wp-json\/wp\/v2\/product"}],"about":[{"href":"https:\/\/sachviet.eu\/en\/wp-json\/wp\/v2\/types\/product"}],"wp:featuredmedia":[{"embeddable":true,"href":"https:\/\/sachviet.eu\/en\/wp-json\/wp\/v2\/media\/4038"}],"wp:attachment":[{"href":"https:\/\/sachviet.eu\/en\/wp-json\/wp\/v2\/media?parent=4045"}],"wp:term":[{"taxonomy":"product_brand","embeddable":true,"href":"https:\/\/sachviet.eu\/en\/wp-json\/wp\/v2\/product_brand?post=4045"},{"taxonomy":"product_cat","embeddable":true,"href":"https:\/\/sachviet.eu\/en\/wp-json\/wp\/v2\/product_cat?post=4045"},{"taxonomy":"product_tag","embeddable":true,"href":"https:\/\/sachviet.eu\/en\/wp-json\/wp\/v2\/product_tag?post=4045"}],"curies":[{"name":"wp","href":"https:\/\/api.w.org\/{rel}","templated":true}]}}