{"id":4037,"date":"2021-03-02T03:51:42","date_gmt":"2021-03-02T01:51:42","guid":{"rendered":"https:\/\/sachviet.eu\/shop\/vom-rung\/"},"modified":"2021-05-18T00:31:34","modified_gmt":"2021-05-17T21:31:34","slug":"vom-rung","status":"publish","type":"product","link":"https:\/\/sachviet.eu\/en\/shop\/vom-rung\/","title":{"rendered":"V\u00f2m r\u1eebng"},"content":{"rendered":"<p>V\u00d2M R\u1eeaNG \u2013 ti\u1ec3u thuy\u1ebft gi\u00e0nh gi\u1ea3i th\u01b0\u1edfng danh gi\u00e1 Pulitzer 2019 c\u1ee7a Richard Powers l\u00e0 m\u1ed9t c\u00e2u chuy\u1ec7n phi th\u01b0\u1eddng, \u0111\u00e1ng kinh ng\u1ea1c, \u0111\u01b0a ng\u01b0\u1eddi \u0111\u1ecdc t\u1eeb m\u1ed9t New York xa x\u01b0a, \u0111i kh\u1eafp B\u1eafc M\u1ef9, qua b\u00e1n \u0111\u1ea3o \u0110\u00f4ng D\u01b0\u01a1ng \u0111\u1ebfn thung l\u0169ng Silicon gi\u1eefa th\u1ebf k\u1ef7 21, \u0111\u1ec3 k\u1ec3 v\u1ec1 m\u1ed1i quan h\u1ec7 g\u1eafn k\u1ebft k\u00ec di\u1ec7u gi\u1eefa con ng\u01b0\u1eddi v\u00e0 thi\u00ean nhi\u00ean h\u00f9ng v\u0129.<\/p>\n<p>T\u1eeb k\u00fd \u1ee9c ng\u00e0n x\u01b0a, con ng\u01b0\u1eddi v\u00e0 c\u00e2y c\u1ed1i \u0111\u00e3 c\u00f3 nh\u1eefng m\u1ed1i li\u00ean k\u1ebft h\u1ebft s\u1ee9c \u0111\u1eb7c bi\u1ec7t. Song song v\u1edbi th\u1ebf gi\u1edbi lo\u00e0i ng\u01b0\u1eddi, c\u00f3 m\u1ed9t th\u1ebf gi\u1edbi v\u00f4 h\u00ecnh nh\u01b0ng r\u1ea5t s\u1ed1ng \u0111\u1ed9ng c\u1ee7a c\u00e2y c\u1ed1i \u0111ang t\u1ed3n t\u1ea1i, v\u00e0 ch\u1ec9 nh\u1eefng ai th\u1ef1c s\u1ef1 l\u1eafng nghe m\u1edbi c\u00f3 th\u1ec3 ch\u1ea1m tay v\u00e0o th\u1ebf gi\u1edbi \u1ea5y. B\u1eaft \u0111\u1ea7u khi g\u1ed1c r\u1ec5 s\u00e2u trong l\u00f2ng \u0111\u1ea5t, \u0111\u1ebfn th\u00e2n, ng\u1ecdn v\u00e0 tr\u1edf l\u1ea1i h\u1ea1t gi\u1ed1ng, c\u00e2y c\u1ed1i nh\u01b0 m\u1ed9t tri\u1ebft gia \u1ea9n th\u00e2n, ch\u1ee9a \u0111\u1ea7y \u0111i\u1ec1u k\u1ef3 di\u1ec7u, nh\u1eefng b\u00e0i h\u1ecdc m\u00e0 con ng\u01b0\u1eddi qua bao th\u1ebf h\u1ec7 ch\u01b0a ch\u1eafc \u0111\u00e3 hi\u1ec3u h\u1ebft \u0111\u01b0\u1ee3c.<\/p>\n<p>Nh\u01b0ng con ng\u01b0\u1eddi \u0111\u00e3 l\u00e0m g\u00ec v\u1edbi ng\u00f4i nh\u00e0 c\u1ee7a t\u1ed5 ti\u00ean? Nh\u1eefng c\u00e2y xanh b\u1ecb \u0111\u1ed1n ng\u00e3 theo nhi\u1ec1u th\u1eadp k\u1ef7, nh\u1eefng th\u1ea3m xanh l\u1ee5c b\u00e1t ng\u00e1t \u0111ang d\u1ea7n bi\u1ebfn m\u1ea5t.<\/p>\n<p>9 ng\u01b0\u1eddi M\u1ef9 v\u1edbi nh\u1eefng tr\u1ea3i nghi\u1ec7m \u0111\u1eddi s\u1ed1ng \u0111\u1ed9c \u0111\u00e1o kh\u00e1c nhau, \u0111\u00e3 c\u00f3 m\u1ed1i g\u1eafn k\u1ebft t\u1eeb t\u1eadn s\u00e2u b\u00ean trong v\u1edbi t\u1eebng lo\u1ea1i c\u00e2y ri\u00eang. Nh\u01b0 gia \u0111\u00ecnh Hoels v\u1edbi nhi\u1ec1u \u0111\u1eddi th\u1ebf h\u1ec7 s\u1ed1ng c\u00f9ng c\u00e2y h\u1ea1t d\u1ebb, m\u1ed9t trong v\u00e0i c\u00e2y hi\u1ebfm hoi tr\u00ean kh\u1eafp n\u01b0\u1edbc M\u1ef9 ch\u1ed1ng ch\u1ecdi \u0111\u01b0\u1ee3c b\u1ec7nh \u0111\u1ed1m cam, c\u0103n b\u1ec7nh \u0111\u00e3 khi\u1ebfn h\u01a1n b\u1ed1n t\u1ef7 c\u00e2y h\u1ea1t d\u1ebb di\u1ec7t v\u1ecdng. Hay bi k\u1ecbch c\u1ee7a ng\u01b0\u1eddi cha Mimi Ma, ng\u01b0\u1eddi tr\u1ed3ng c\u00e2y d\u00e2u t\u1eb1m \u0111\u1ec3 vinh danh gia t\u1ed9c sau khi \u00f4ng tr\u1ed1n tho\u00e1t kh\u1ecfi Trung Qu\u1ed1c, cu\u1ed1i c\u00f9ng \u0111\u00e3 t\u1eed t\u1ef1 khi c\u00e2y d\u00e2u t\u1eb1m m\u1ee5c ru\u1ed7ng\u2026<\/p>\n<p>B\u1eb1ng t\u00ecnh y\u00eau v\u1edbi thi\u00ean nhi\u00ean, c\u00e2y c\u1ed1i, nh\u1eefng con ng\u01b0\u1eddi \u0111\u00f3 v\u1edbi nh\u1eefng c\u00e1ch kh\u00e1c nhau, g\u1eafn k\u1ebft l\u1ea1i c\u00f9ng nhau trong m\u1ed9t s\u1ee9 m\u1ec7nh l\u1edbn lao, b\u1ea3o v\u1ec7 thi\u00ean nhi\u00ean, ch\u1ed1ng n\u1ea1n ph\u00e1 r\u1eebng, c\u1ee9u l\u1ea5y s\u1ef1 s\u1ed1ng c\u00f2n c\u1ee7a c\u00e2y, tr\u01b0\u1edbc khi nh\u1eefng c\u00e2y c\u1ed5 th\u1ee5 h\u00e0ng tri\u1ec7u n\u0103m cu\u1ed1i c\u00f9ng ng\u00e3 xu\u1ed1ng.<\/p>\n<p>V\u00d2M R\u1eeaNG l\u00e0 \u201cm\u1ed9t b\u1ea3n tr\u01b0\u1eddng ca cu\u1ed3ng n\u1ed9, h\u00f9ng tr\u00e1ng d\u00e0nh cho s\u1ef1 k\u1ef3 v\u0129 c\u1ee7a M\u1eb9 Thi\u00ean Nhi\u00ean\u201d (Dan Cryer), \u201ccu\u1ed1n ti\u1ec3u thuy\u1ebft hay nh\u1ea5t vi\u1ebft v\u1ec1 c\u00e2y c\u1ed1i, v\u00e0 th\u1ef1c s\u1ef1, l\u00e0 m\u1ed9t trong nh\u1eefng cu\u1ed1n ti\u1ec3u thuy\u1ebft tuy\u1ec7t \u0111\u1ec9nh nh\u1ea5t\u201d (Ann Patchett).<\/p>\n<p>M\u1ed9t cu\u1ed1n s\u00e1ch s\u1ebd khi\u1ebfn b\u1ea1n ng\u1ee1 ng\u00e0ng, x\u00fac \u0111\u1ed9ng, \u0111au nh\u00f3i, g\u00e0o th\u00e9t, tuy\u1ec7t v\u1ecdng v\u00e0 c\u0169ng hy v\u1ecdng.<\/p>\n<p>V\u00d2M R\u1eeaNG c\u0169ng \u0111\u00e3 l\u1ecdt v\u00e0o danh s\u00e1ch chung kh\u1ea3o r\u00fat g\u1ecdn c\u1ee7a gi\u1ea3i th\u01b0\u1edfng Man Booker, \u0111\u01b0\u1ee3c b\u00ecnh ch\u1ecdn l\u00e0 m\u1ed9t trong nh\u1eefng cu\u1ed1n s\u00e1ch hay nh\u1ea5t n\u0103m 2018 c\u1ee7a c\u00e1c b\u00e1o l\u1edbn \u1edf M\u1ef9 nh\u01b0 New York Times, Washington Post v\u00e0 nhi\u1ec1u b\u00e1o kh\u00e1c.  <div class=\"banner-grid-wrapper\">\n  <div id=\"banner-grid-1733815619\" class=\"banner-grid row row-grid row-small\" data-packery-options=\"\">\n            <style>\n    #banner-grid-1733815619 .grid-col-1{height: 600px}\n    #banner-grid-1733815619 .grid-col-1-2{height: 300px}\n    #banner-grid-1733815619 .grid-col-1-3{height:200px}\n    #banner-grid-1733815619 .grid-col-2-3{height: 400px}\n    #banner-grid-1733815619 .grid-col-1-4{height: 150px}\n    #banner-grid-1733815619 .grid-col-3-4{height: 450px}\n\n\n        \/* Tablet *\/\n    @media (max-width: 850px){\n      #banner-grid-1733815619 .grid-col-1{height: 400px}\n      #banner-grid-1733815619 .grid-col-1-2{height: 200px}\n      #banner-grid-1733815619 .grid-col-1-3{height:133.33333333333px}\n      #banner-grid-1733815619 .grid-col-2-3{height: 266.66666666667px}\n      #banner-grid-1733815619 .grid-col-1-4{height: 100px}\n      #banner-grid-1733815619 .grid-col-3-4{height: 300px}\n    }\n    \n        \/* Mobile *\/\n    @media (max-width: 550px){\n      #banner-grid-1733815619 .grid-col-1{height: 400px}\n      #banner-grid-1733815619 .grid-col-1-2{height: 200px}\n      #banner-grid-1733815619 .grid-col-1-3{height:133.33333333333px}\n      #banner-grid-1733815619 .grid-col-2-3{height: 266.66666666667px}\n      #banner-grid-1733815619 .grid-col-1-4{height: 100px}\n      #banner-grid-1733815619 .grid-col-3-4{height: 300px}\n    }\n    \n\n  <\/style>\n    <\/div>\n    <style>\n    #banner-grid-1733815619 .grid-col-1{height: 600px}\n    #banner-grid-1733815619 .grid-col-1-2{height: 300px}\n    #banner-grid-1733815619 .grid-col-1-3{height:200px}\n    #banner-grid-1733815619 .grid-col-2-3{height: 400px}\n    #banner-grid-1733815619 .grid-col-1-4{height: 150px}\n    #banner-grid-1733815619 .grid-col-3-4{height: 450px}\n\n\n    \n    \n\n  <\/style>\n    <\/div>\n  \n","protected":false},"excerpt":{"rendered":"<p>V\u00d2M R\u1eeaNG \u2013 ti\u1ec3u thuy\u1ebft gi\u00e0nh gi\u1ea3i th\u01b0\u1edfng danh gi\u00e1 Pulitzer 2019 c\u1ee7a Richard Powers l\u00e0 m\u1ed9t c\u00e2u chuy\u1ec7n phi th\u01b0\u1eddng, \u0111\u00e1ng kinh ng\u1ea1c, \u0111\u01b0a ng\u01b0\u1eddi \u0111\u1ecdc t\u1eeb m\u1ed9t New York xa x\u01b0a, \u0111i kh\u1eafp B\u1eafc M\u1ef9, qua b\u00e1n \u0111\u1ea3o \u0110\u00f4ng D\u01b0\u01a1ng \u0111\u1ebfn thung l\u0169ng Silicon gi\u1eefa th\u1ebf k\u1ef7 21, \u0111\u1ec3 k\u1ec3 v\u1ec1 m\u1ed1i quan h\u1ec7 g\u1eafn k\u1ebft k\u00ec di\u1ec7u gi\u1eefa con ng\u01b0\u1eddi v\u00e0 thi\u00ean nhi\u00ean h\u00f9ng v\u0129.<\/p>\n<p>T\u1eeb k\u00fd \u1ee9c ng\u00e0n x\u01b0a, con ng\u01b0\u1eddi v\u00e0 c\u00e2y c\u1ed1i \u0111\u00e3 c\u00f3 nh\u1eefng m\u1ed1i li\u00ean k\u1ebft h\u1ebft s\u1ee9c \u0111\u1eb7c bi\u1ec7t. Song song v\u1edbi th\u1ebf gi\u1edbi lo\u00e0i ng\u01b0\u1eddi, c\u00f3 m\u1ed9t th\u1ebf gi\u1edbi v\u00f4 h\u00ecnh nh\u01b0ng r\u1ea5t s\u1ed1ng \u0111\u1ed9ng c\u1ee7a c\u00e2y c\u1ed1i \u0111ang t\u1ed3n t\u1ea1i, v\u00e0 ch\u1ec9 nh\u1eefng ai th\u1ef1c s\u1ef1 l\u1eafng nghe m\u1edbi c\u00f3 th\u1ec3 ch\u1ea1m tay v\u00e0o th\u1ebf gi\u1edbi \u1ea5y. B\u1eaft \u0111\u1ea7u khi g\u1ed1c r\u1ec5 s\u00e2u trong l\u00f2ng \u0111\u1ea5t, \u0111\u1ebfn th\u00e2n, ng\u1ecdn v\u00e0 tr\u1edf l\u1ea1i h\u1ea1t gi\u1ed1ng, c\u00e2y c\u1ed1i nh\u01b0 m\u1ed9t tri\u1ebft gia \u1ea9n th\u00e2n, ch\u1ee9a \u0111\u1ea7y \u0111i\u1ec1u k\u1ef3 di\u1ec7u, nh\u1eefng b\u00e0i h\u1ecdc m\u00e0 con ng\u01b0\u1eddi qua bao th\u1ebf h\u1ec7 ch\u01b0a ch\u1eafc \u0111\u00e3 hi\u1ec3u h\u1ebft \u0111\u01b0\u1ee3c.<\/p>\n<p>Nh\u01b0ng con ng\u01b0\u1eddi \u0111\u00e3 l\u00e0m g\u00ec v\u1edbi ng\u00f4i nh\u00e0 c\u1ee7a t\u1ed5 ti\u00ean? Nh\u1eefng c\u00e2y xanh b\u1ecb \u0111\u1ed1n ng\u00e3 theo nhi\u1ec1u th\u1eadp k\u1ef7, nh\u1eefng th\u1ea3m xanh l\u1ee5c b\u00e1t ng\u00e1t \u0111ang d\u1ea7n bi\u1ebfn m\u1ea5t.<\/p>\n","protected":false},"featured_media":4033,"template":"","meta":{"_acf_changed":false},"product_brand":[],"product_cat":[15,45],"product_tag":[],"class_list":{"0":"post-4037","1":"product","2":"type-product","3":"status-publish","4":"has-post-thumbnail","6":"product_cat-sach-danh-cho-nguoi-lon","7":"product_cat-tieu-thuyet","9":"first","10":"outofstock","11":"taxable","12":"shipping-taxable","13":"purchasable","14":"product-type-simple"},"supplier_id":null,"supplier_sku":"","barcode":null,"atum_controlled":true,"out_stock_date":"2021-03-15 16:00:56","out_stock_threshold":null,"inheritable":false,"inbound_stock":0,"stock_on_hold":0,"sold_today":0,"sales_last_days":0,"reserved_stock":0,"customer_returns":0,"warehouse_damage":0,"lost_in_post":0,"other_logs":0,"out_stock_days":1780,"lost_sales":0,"has_location":false,"update_date":"2026-01-28T23:10:34","atum_locations":[],"atum_stock_status":"outofstock","restock_status":false,"low_stock_amount":"","sales_update_date":"2026-01-28T23:10:34","calc_backorders":null,"acf":{"publisher":{"ID":1785,"post_author":"1","post_date":"2021-02-17 01:54:46","post_date_gmt":"2021-02-16 23:54:46","post_content":"<!-- wp:flatsome\/uxbuilder -->\n<h1 style=\"text-align: center;\"><strong>AZ VIETNAM<\/strong><\/h1>\n[row]\n\n[col span=\"8\" span__sm=\"12\"]\n\n<p>Th\u00e0nh l\u1eadp n\u0103m: 2015<br \/>V\u1ed1n \u0111\u1ea7u t\u01b0: 4,000,000,000 \u0111\u1ed3ng<br \/><strong>L\u0129nh v\u1ef1c:<\/strong><br \/>- Xu\u1ea5t b\u1ea3n v\u00e0 ph\u00e1t h\u00e0nh v\u0103n h\u00f3a ph\u1ea9m<br \/>- Cung c\u1ea5p v\u0103n h\u00f3a ph\u1ea9m, c\u00e1c s\u1ea3n ph\u1ea9m cho in \u1ea5n, trang thi\u1ebft b\u1ecb cho c\u00e1c th\u01b0 vi\u1ec7n v\u00e0 trung t\u00e2m s\u00e1ch tr\u00ean c\u1ea3 n\u01b0\u1edbc.<br \/>- Th\u1eddi trang v\u00e0 c\u00e1c s\u1ea3n ph\u1ea9m li\u00ean quan \u0111\u1ebfn l\u0129nh v\u1ef1c th\u1eddi trang<br \/>- Xu\u1ea5t nh\u1eadp kh\u1ea9u c\u00e1c s\u1ea3n ph\u1ea9m v\u0103n h\u00f3a<\/p>\n<p><strong>Quy m\u00f4:<\/strong> 60 nh\u00e2n vi\u00ean<br \/>Kh\u1edfi ngu\u1ed3n c\u1ee7a AZ Vi\u1ec7t Nam ng\u00e0y nay l\u00e0 C\u00f4ng ty TNHH Trung t\u00e2m S\u00e1ch v\u00e0 Thi\u1ebft b\u1ecb Th\u01b0 vi\u1ec7n, v\u1edbi ho\u1ea1t \u0111\u1ed9ng \u0111\u1ea7u ti\u00ean l\u00e0 cung c\u1ea5p s\u00e1ch, trang thi\u1ebft b\u1ecb, v\u0103n h\u00f3a ph\u1ea9m cho c\u00e1c th\u01b0 vi\u1ec7n v\u00e0 trung t\u00e2m s\u00e1ch tr\u00ean c\u1ea3 n\u01b0\u1edbc. T\u1eeb cu\u1ed1i n\u0103m 2010 \u0111\u1ebfn nay, ch\u00fang t\u00f4i \u0111\u00e3 kh\u00f4ng ng\u1eebng n\u1ed7 l\u1ef1c khai ph\u00e1 v\u00e0 ph\u00e1t tri\u1ec3n c\u00e1c d\u00f2ng s\u1ea3n ph\u1ea9m m\u1edbi v\u1edbi 8 th\u01b0\u01a1ng hi\u1ec7u uy t\u00edn. \u0110\u1ec3 \u0111\u00e1p \u1ee9ng nhu c\u1ea7u ph\u00e1t tri\u1ec3n ng\u00e0y m\u1ed9t l\u1edbn m\u1ea1nh v\u00e0 t\u1eadp h\u1ee3p c\u00e1c th\u01b0\u01a1ng hi\u1ec7u \u0111\u00e3 \u0111\u01b0\u1ee3c ch\u00fang t\u00f4i x\u00e2y d\u1ef1ng, 2015 C\u00f4ng ty TNHH AZ Vi\u1ec7t Nam \u0111\u00e3 ra \u0111\u1eddi v\u1edbi s\u1ee9 m\u1ec7nh mang \u0111\u1ebfn nhi\u1ec1u h\u01a1n n\u1eefa nh\u1eefng gi\u00e1 tr\u1ecb tinh th\u1ea7n, tri th\u1ee9c ti\u00ean ti\u1ebfn cho ng\u01b0\u1eddi ti\u00eau d\u00f9ng b\u1eb1ng vi\u1ec7c cung c\u1ea5p nh\u1eefng s\u1ea3n ph\u1ea9m c\u00f3 ch\u1ea5t l\u01b0\u1ee3ng.<\/p>\n\n[\/col]\n[col span=\"4\" span__sm=\"12\"]\n\n[ux_image id=\"1836\" image_size=\"medium\"]\n\n\n[\/col]\n\n[\/row]\n\n<!-- \/wp:flatsome\/uxbuilder -->","post_title":"AZ Vi\u1ec7t Nam","post_excerpt":"","post_status":"publish","comment_status":"closed","ping_status":"closed","post_password":"","post_name":"az-viet-nam","to_ping":"","pinged":"","post_modified":"2021-02-17 22:07:10","post_modified_gmt":"2021-02-17 20:07:10","post_content_filtered":"","post_parent":0,"guid":"https:\/\/sachviet.eu\/nha-phat-hanh\/az-viet-nam\/","menu_order":0,"post_type":"publisher","post_mime_type":"","comment_count":"0","filter":"raw"}},"_links":{"self":[{"href":"https:\/\/sachviet.eu\/en\/wp-json\/wp\/v2\/product\/4037","targetHints":{"allow":["GET"]}}],"collection":[{"href":"https:\/\/sachviet.eu\/en\/wp-json\/wp\/v2\/product"}],"about":[{"href":"https:\/\/sachviet.eu\/en\/wp-json\/wp\/v2\/types\/product"}],"wp:featuredmedia":[{"embeddable":true,"href":"https:\/\/sachviet.eu\/en\/wp-json\/wp\/v2\/media\/4033"}],"wp:attachment":[{"href":"https:\/\/sachviet.eu\/en\/wp-json\/wp\/v2\/media?parent=4037"}],"wp:term":[{"taxonomy":"product_brand","embeddable":true,"href":"https:\/\/sachviet.eu\/en\/wp-json\/wp\/v2\/product_brand?post=4037"},{"taxonomy":"product_cat","embeddable":true,"href":"https:\/\/sachviet.eu\/en\/wp-json\/wp\/v2\/product_cat?post=4037"},{"taxonomy":"product_tag","embeddable":true,"href":"https:\/\/sachviet.eu\/en\/wp-json\/wp\/v2\/product_tag?post=4037"}],"curies":[{"name":"wp","href":"https:\/\/api.w.org\/{rel}","templated":true}]}}