{"id":4032,"date":"2021-03-02T03:51:29","date_gmt":"2021-03-02T01:51:29","guid":{"rendered":"https:\/\/sachviet.eu\/shop\/ky-luat-tu-giac-thoi-quen-cua-nguoi-thanh-cong\/"},"modified":"2021-03-23T01:11:53","modified_gmt":"2021-03-22T23:11:53","slug":"ky-luat-tu-giac-thoi-quen-cua-nguoi-thanh-cong","status":"publish","type":"product","link":"https:\/\/sachviet.eu\/en\/shop\/ky-luat-tu-giac-thoi-quen-cua-nguoi-thanh-cong\/","title":{"rendered":"K\u1ef7 Lu\u1eadt T\u1ef1 Gi\u00e1c &#8211; Th\u00f3i Quen C\u1ee7a Ng\u01b0\u1eddi Th\u00e0nh C\u00f4ng"},"content":{"rendered":"<p>M\u1ee5c ti\u00eau tuy\u1ec7t v\u1eddi n\u00e0o b\u1ea1n ngh\u0129 \u0111\u1ebfn n\u1ebfu bi\u1ebft m\u00ecnh kh\u00f4ng th\u1ec3 th\u1ea5t b\u1ea1i? Suy cho c\u00f9ng th\u00ec m\u1ecdi th\u1ea5t b\u1ea1i trong cu\u1ed9c s\u1ed1ng \u0111\u1ec1u xu\u1ea5t ph\u00e1t t\u1eeb n\u1ed7i s\u1ee3 v\u00e0 s\u1ef1 nghi ng\u1edd v\u00e0o ch\u00ednh n\u0103ng l\u1ef1c c\u1ee7a b\u1ea3n th\u00e2n.<\/p>\n<p>V\u1eady n\u00ean, mu\u1ed1n th\u00e0nh c\u00f4ng kh\u00f4ng c\u00f2n c\u00e1ch n\u00e0o kh\u00e1c ngo\u00e0i vi\u1ec7c \u0111\u1eadp tan n\u1ed7i s\u1ee3. B\u1eb1ng vi\u1ec7c t\u1ea1o ra ni\u1ec1m tin v\u00f4 h\u1ea1n v\u00e0o kh\u1ea3 n\u0103ng c\u1ee7a ch\u00ednh m\u00ecnh, \u0111\u1ed3ng th\u1eddi x\u00e2y d\u1ef1ng k\u1ef7 lu\u1eadt th\u00e9p cho b\u1ea3n th\u00e2n, b\u1ea1n c\u00f3 th\u1ec3 d\u1ec5 d\u00e0ng chinh ph\u1ee5c nh\u1eefng m\u1ee5c ti\u00eau tr\u01b0\u1edbc nay b\u1ea1n ch\u01b0a t\u1eebng ngh\u0129 t\u1edbi. B\u1ea1n s\u1ebd s\u1eb5n s\u00e0ng l\u00e0m b\u1ea5t c\u1ee9 th\u1ee9 g\u00ec \u0111\u1ec3 cu\u1ed9c s\u1ed1ng c\u1ee7a m\u00ecnh tr\u1edf n\u00ean t\u1ed1t \u0111\u1eb9p h\u01a1n. Ch\u00ednh b\u1ea1n s\u1ebd \u0111\u1ecbnh ngh\u0129a cu\u1ed9c \u0111\u1eddi c\u1ee7a m\u00ecnh ch\u1ee9 kh\u00f4ng ph\u1ea3i m\u1ed9t ai kh\u00e1c. M\u1ee9c \u0111\u1ed9 t\u1ef1 tin v\u00e0 k\u1ef7 lu\u1eadt c\u00e0ng l\u1edbn, n\u0103ng l\u01b0\u1ee3ng v\u00e0 s\u1ef1 quy\u1ebft t\u00e2m th\u1ef1c hi\u1ec7n m\u1ee5c ti\u00eau c\u00e0ng cao.<\/p>\n<p>Trong cu\u1ed1n \u201cK\u1ef7 Lu\u1eadt T\u1ef1 Gi\u00e1c &#8211; Th\u00f3i Quen C\u1ee7a Ng\u01b0\u1eddi Th\u00e0nh C\u00f4ng\u201d, t\u00e1c gi\u1ea3 Brian Tracy \u2013 \u201c\u00f4ng vua b\u00e1n h\u00e0ng\u201d, nh\u00e0 hu\u1ea5n luy\u1ec7n b\u1eadc th\u1ea7y v\u00e0 l\u00e0 t\u00e1c gi\u1ea3 c\u1ee7a m\u1ed9t lo\u1ea1t nh\u1eefng cu\u1ed1n s\u00e1ch kinh doanh kinh \u0111i\u1ec3n tr\u00ean to\u00e0n th\u1ebf gi\u1edbi &#8211; \u0111\u00e3 tr\u1ea3i ra m\u1ed9t l\u1ed9 tr\u00ecnh v\u1edbi nh\u1eefng b\u01b0\u1edbc \u0111i h\u1ebft s\u1ee9c c\u1ee5 th\u1ec3 \u0111\u1ec3 gi\u00fap b\u1ea1n v\u01b0\u01a1n t\u1edbi th\u00e0nh c\u00f4ng.<\/p>\n<p>B\u1ea1n s\u1ebd h\u1ecdc \u0111\u01b0\u1ee3c:<\/p>\n<p>&#8211; C\u00e1ch \u0111\u1ec3 suy ngh\u0129 v\u00e0 h\u00e0nh \u0111\u1ed9ng nh\u01b0 nh\u1eefng ng\u01b0\u1eddi \u0111\u1ee9ng \u0111\u1ea7u trong m\u1ed7i l\u0129nh v\u1ef1c cu\u1ed9c s\u1ed1ng.<\/p>\n<p>&#8211; B\u00e0i h\u1ecdc th\u00e0nh c\u00f4ng t\u1eeb nh\u1eefng ng\u01b0\u1eddi n\u1ed5i ti\u1ebfng tr\u00ean kh\u1eafp th\u1ebf gi\u1edbi.<\/p>\n<p>&#8211; C\u00e1ch ph\u00e1t tri\u1ec3n s\u1ef1 t\u1ef1 tin kh\u00f4ng th\u1ec3 lay chuy\u1ec3n trong m\u1ecdi l\u0129nh v\u1ef1c c\u1ee7a cu\u1ed9c s\u1ed1ng.<\/p>\n<p>&#8211; Bi\u1ebfn b\u1ea5t l\u1ee3i th\u00e0nh c\u01a1 h\u1ed9i, kh\u00f3 kh\u0103n th\u00e0nh \u01b0u th\u1ebf.<\/p>\n<p>&#8211; Nh\u1eefng quy lu\u1eadt \u0111\u1ec3 m\u1edf kh\u00f3a th\u00e0nh c\u00f4ng.<\/p>\n<p>&#8211; L\u00e0m ch\u1ee7 v\u00e0 c\u00f3 tr\u00e1ch nhi\u1ec7m v\u1edbi cu\u1ed9c \u0111\u1eddi m\u00ecnh.<\/p>\n<p>&#8211; Gi\u1ea3i ph\u00f3ng s\u1ee9c m\u1ea1nh c\u00e1 nh\u00e2n.<\/p>\n<p>&#8211; Nh\u1ea5t qu\u00e1n suy ngh\u0129, h\u00e0nh \u0111\u1ed9ng v\u1edbi m\u1ee5c ti\u00eau.<\/p>\n<p>&#8211; L\u1eadp tr\u00ecnh ti\u1ec1m th\u1ee9c \u0111\u1ec3 lu\u00f4n c\u00f3 c\u00e1i nh\u00ecn t\u00edch c\u1ef1c v\u1ec1 m\u1ecdi th\u1ee9 xung quanh.<\/p>\n<p>V\u1edbi k\u1ef7 lu\u1eadt th\u00e9p v\u00e0 s\u1ef1 t\u1ef1 tin kh\u00f4ng g\u00ec c\u00f3 th\u1ec3 lay chuy\u1ec3n, b\u1ea1n s\u1ebd d\u1ec5 d\u00e0ng v\u01b0\u1ee3t qua m\u1ecdi tr\u1edf ng\u1ea1i v\u00e0 tr\u1edf n\u00ean b\u1ea5t b\u1ea1i, lu\u00f4n l\u00e0 ng\u01b0\u1eddi d\u1eabn \u0111\u1ea7u trong l\u0129nh v\u1ef1c c\u1ee7a m\u00ecnh v\u00e0 trong cu\u1ed9c s\u1ed1ng c\u00e1 nh\u00e2n.  <div class=\"banner-grid-wrapper\">\n  <div id=\"banner-grid-330344032\" class=\"banner-grid row row-grid row-small\" data-packery-options=\"\">\n                      <div class=\"col grid-col large-12 grid-col-1\" ><div class=\"col-inner\">\t<div class=\"img has-hover x md-x lg-x y md-y lg-y\" id=\"image_419538014\">\n\t\t\t\t\t\t\t\t<div class=\"img-inner dark\" >\n\t\t\t<img loading=\"lazy\" decoding=\"async\" width=\"600\" height=\"600\" src=\"https:\/\/sachviet.eu\/wp-content\/uploads\/2021\/03\/image_195509_1_26267.jpg\" class=\"attachment-large size-large\" alt=\"\" srcset=\"https:\/\/sachviet.eu\/wp-content\/uploads\/2021\/03\/image_195509_1_26267.jpg 600w, https:\/\/sachviet.eu\/wp-content\/uploads\/2021\/03\/image_195509_1_26267-300x300.jpg 300w, https:\/\/sachviet.eu\/wp-content\/uploads\/2021\/03\/image_195509_1_26267-150x150.jpg 150w, https:\/\/sachviet.eu\/wp-content\/uploads\/2021\/03\/image_195509_1_26267-100x100.jpg 100w\" sizes=\"auto, (max-width: 600px) 100vw, 600px\" \/>\t\t\t\t\t\t\n\t\t\t\t\t<\/div>\n\t\t\t\t\t\t\t\t\n<style>\n#image_419538014 {\n  width: 100%;\n}\n<\/style>\n\t<\/div>\n\t<\/div><\/div>            <\/div>\n    <style>\n    #banner-grid-330344032 .grid-col-1{height: 600px}\n    #banner-grid-330344032 .grid-col-1-2{height: 300px}\n    #banner-grid-330344032 .grid-col-1-3{height:200px}\n    #banner-grid-330344032 .grid-col-2-3{height: 400px}\n    #banner-grid-330344032 .grid-col-1-4{height: 150px}\n    #banner-grid-330344032 .grid-col-3-4{height: 450px}\n\n\n    \n    \n\n  <\/style>\n    <\/div>\n  \n","protected":false},"excerpt":{"rendered":"<p>M\u1ee5c ti\u00eau tuy\u1ec7t v\u1eddi n\u00e0o b\u1ea1n ngh\u0129 \u0111\u1ebfn n\u1ebfu bi\u1ebft m\u00ecnh kh\u00f4ng th\u1ec3 th\u1ea5t b\u1ea1i? Suy cho c\u00f9ng th\u00ec m\u1ecdi th\u1ea5t b\u1ea1i trong cu\u1ed9c s\u1ed1ng \u0111\u1ec1u xu\u1ea5t ph\u00e1t t\u1eeb n\u1ed7i s\u1ee3 v\u00e0 s\u1ef1 nghi ng\u1edd v\u00e0o ch\u00ednh n\u0103ng l\u1ef1c c\u1ee7a b\u1ea3n th\u00e2n.<\/p>\n<p>V\u1eady n\u00ean, mu\u1ed1n th\u00e0nh c\u00f4ng kh\u00f4ng c\u00f2n c\u00e1ch n\u00e0o kh\u00e1c ngo\u00e0i vi\u1ec7c \u0111\u1eadp tan n\u1ed7i s\u1ee3. B\u1eb1ng vi\u1ec7c t\u1ea1o ra ni\u1ec1m tin v\u00f4 h\u1ea1n v\u00e0o kh\u1ea3 n\u0103ng c\u1ee7a ch\u00ednh m\u00ecnh, \u0111\u1ed3ng th\u1eddi x\u00e2y d\u1ef1ng k\u1ef7 lu\u1eadt th\u00e9p cho b\u1ea3n th\u00e2n, b\u1ea1n c\u00f3 th\u1ec3 d\u1ec5 d\u00e0ng chinh ph\u1ee5c nh\u1eefng m\u1ee5c ti\u00eau tr\u01b0\u1edbc nay b\u1ea1n ch\u01b0a t\u1eebng ngh\u0129 t\u1edbi. B\u1ea1n s\u1ebd s\u1eb5n s\u00e0ng l\u00e0m b\u1ea5t c\u1ee9 th\u1ee9 g\u00ec \u0111\u1ec3 cu\u1ed9c s\u1ed1ng c\u1ee7a m\u00ecnh tr\u1edf n\u00ean t\u1ed1t \u0111\u1eb9p h\u01a1n. Ch\u00ednh b\u1ea1n s\u1ebd \u0111\u1ecbnh ngh\u0129a cu\u1ed9c \u0111\u1eddi c\u1ee7a m\u00ecnh ch\u1ee9 kh\u00f4ng ph\u1ea3i m\u1ed9t ai kh\u00e1c. M\u1ee9c \u0111\u1ed9 t\u1ef1 tin v\u00e0 k\u1ef7 lu\u1eadt c\u00e0ng l\u1edbn, n\u0103ng l\u01b0\u1ee3ng v\u00e0 s\u1ef1 quy\u1ebft t\u00e2m th\u1ef1c hi\u1ec7n m\u1ee5c ti\u00eau c\u00e0ng cao.<\/p>\n<p>Trong cu\u1ed1n \u201cK\u1ef7 Lu\u1eadt T\u1ef1 Gi\u00e1c &#8211; Th\u00f3i Quen C\u1ee7a Ng\u01b0\u1eddi Th\u00e0nh C\u00f4ng\u201d, t\u00e1c gi\u1ea3 Brian Tracy \u2013 \u201c\u00f4ng vua b\u00e1n h\u00e0ng\u201d, nh\u00e0 hu\u1ea5n luy\u1ec7n b\u1eadc th\u1ea7y v\u00e0 l\u00e0 t\u00e1c gi\u1ea3 c\u1ee7a m\u1ed9t lo\u1ea1t nh\u1eefng cu\u1ed1n s\u00e1ch kinh doanh kinh \u0111i\u1ec3n tr\u00ean to\u00e0n th\u1ebf gi\u1edbi &#8211; \u0111\u00e3 tr\u1ea3i ra m\u1ed9t l\u1ed9 tr\u00ecnh v\u1edbi nh\u1eefng b\u01b0\u1edbc \u0111i h\u1ebft s\u1ee9c c\u1ee5 th\u1ec3 \u0111\u1ec3 gi\u00fap b\u1ea1n v\u01b0\u01a1n t\u1edbi th\u00e0nh c\u00f4ng.<\/p>\n","protected":false},"featured_media":4031,"template":"","meta":{"_acf_changed":false},"product_brand":[],"product_cat":[18],"product_tag":[],"class_list":{"0":"post-4032","1":"product","2":"type-product","3":"status-publish","4":"has-post-thumbnail","6":"product_cat-kinh-te","8":"first","9":"outofstock","10":"taxable","11":"shipping-taxable","12":"purchasable","13":"product-type-simple"},"supplier_id":null,"supplier_sku":"","barcode":null,"atum_controlled":true,"out_stock_date":"2021-03-02 01:51:29","out_stock_threshold":null,"inheritable":false,"inbound_stock":0,"stock_on_hold":0,"sold_today":0,"sales_last_days":0,"reserved_stock":0,"customer_returns":0,"warehouse_damage":0,"lost_in_post":0,"other_logs":0,"out_stock_days":1793,"lost_sales":0,"has_location":false,"update_date":"2026-01-28T23:10:34","atum_locations":[],"atum_stock_status":"outofstock","restock_status":false,"low_stock_amount":"","sales_update_date":"2026-01-28T23:10:34","calc_backorders":null,"acf":{"publisher":{"ID":4030,"post_author":"1","post_date":"2021-03-02 03:51:27","post_date_gmt":"2021-03-02 01:51:27","post_content":"","post_title":"1980 Books","post_excerpt":"","post_status":"publish","comment_status":"closed","ping_status":"closed","post_password":"","post_name":"1980-books","to_ping":"","pinged":"","post_modified":"2021-03-02 03:51:27","post_modified_gmt":"2021-03-02 01:51:27","post_content_filtered":"","post_parent":0,"guid":"https:\/\/sachviet.eu\/nha-phat-hanh\/1980-books\/","menu_order":0,"post_type":"publisher","post_mime_type":"","comment_count":"0","filter":"raw"}},"_links":{"self":[{"href":"https:\/\/sachviet.eu\/en\/wp-json\/wp\/v2\/product\/4032","targetHints":{"allow":["GET"]}}],"collection":[{"href":"https:\/\/sachviet.eu\/en\/wp-json\/wp\/v2\/product"}],"about":[{"href":"https:\/\/sachviet.eu\/en\/wp-json\/wp\/v2\/types\/product"}],"wp:featuredmedia":[{"embeddable":true,"href":"https:\/\/sachviet.eu\/en\/wp-json\/wp\/v2\/media\/4031"}],"wp:attachment":[{"href":"https:\/\/sachviet.eu\/en\/wp-json\/wp\/v2\/media?parent=4032"}],"wp:term":[{"taxonomy":"product_brand","embeddable":true,"href":"https:\/\/sachviet.eu\/en\/wp-json\/wp\/v2\/product_brand?post=4032"},{"taxonomy":"product_cat","embeddable":true,"href":"https:\/\/sachviet.eu\/en\/wp-json\/wp\/v2\/product_cat?post=4032"},{"taxonomy":"product_tag","embeddable":true,"href":"https:\/\/sachviet.eu\/en\/wp-json\/wp\/v2\/product_tag?post=4032"}],"curies":[{"name":"wp","href":"https:\/\/api.w.org\/{rel}","templated":true}]}}