{"id":4029,"date":"2021-03-02T03:51:24","date_gmt":"2021-03-02T01:51:24","guid":{"rendered":"https:\/\/sachviet.eu\/shop\/chuoi-an-mang-a-b-c\/"},"modified":"2023-06-16T23:11:21","modified_gmt":"2023-06-16T20:11:21","slug":"chuoi-an-mang-a-b-c","status":"publish","type":"product","link":"https:\/\/sachviet.eu\/en\/shop\/chuoi-an-mang-a-b-c\/","title":{"rendered":"Chu\u1ed7i \u00c1n m\u1ea1ng A.B.C"},"content":{"rendered":"<p>Khi m\u1ed9t s\u00e1t nh\u00e2n gi\u1ebft ng\u01b0\u1eddi h\u00e0ng lo\u1ea1t b\u00ed danh ABC ch\u1ebf nh\u1ea1o Poirot b\u1eb1ng nh\u1eefng l\u00e1 th\u01b0 \u00fap m\u1edf v\u00e0 gi\u1ebft ng\u01b0\u1eddi theo th\u1ee9 t\u1ef1 ch\u1eef c\u00e1i, Poirot ti\u1ebfn h\u00e0nh m\u1ed9t ph\u01b0\u01a1ng ph\u00e1p \u0111i\u1ec1u tra b\u1ea5t th\u01b0\u1eddng \u0111\u1ec3 truy t\u00ecm ABC. Trong m\u1ed9t c\u00e2u chuy\u1ec7n c\u00f3 v\u1ebb nh\u01b0 kh\u00f4ng can h\u1ec7 g\u00ec, m\u1ed9t ng\u01b0\u1eddi b\u00e1n rong t\u00ean Alexander Bonaparte Cust \u0111\u00e3 c\u00f3 m\u1eb7t \u1edf t\u1ea5t c\u1ea3 nh\u1eefng \u0111\u1ecba \u0111i\u1ec3m x\u1ea3y ra \u00e1n m\u1ea1ng v\u00e0 ng\u00e0y t\u1ed9i \u00e1c \u0111\u00f3 di\u1ec5n ra. Cust b\u1ecb tr\u00fang \u0111\u1ea1n v\u00e0o \u0111\u1ea7u l\u00fac \u0111i l\u00ednh. H\u1eadu qu\u1ea3 l\u00e0, \u00f4ng b\u1ecb m\u1ea5t tr\u00ed nh\u1edb, \u0111au \u0111\u1ea7u v\u00e0 b\u1ecb \u0111\u1ed9ng kinh. Li\u1ec7u m\u1ed9t ng\u01b0\u1eddi ng\u1edd ngh\u1ec7ch nh\u01b0 th\u1ebf c\u00f3 th\u1ec3 l\u00e0 k\u1ebb gi\u1ebft ng\u01b0\u1eddi m\u1ec7nh danh ABC kh\u00f4ng?  <div class=\"banner-grid-wrapper\">\n  <div id=\"banner-grid-1240061791\" class=\"banner-grid row row-grid row-small\" data-packery-options=\"\">\n                      <div class=\"col grid-col large-12 grid-col-1\" ><div class=\"col-inner\">\t<div class=\"img has-hover x md-x lg-x y md-y lg-y\" id=\"image_2065969981\">\n\t\t\t\t\t\t\t\t<div class=\"img-inner dark\" >\n\t\t\t<img loading=\"lazy\" decoding=\"async\" width=\"600\" height=\"600\" src=\"https:\/\/sachviet.eu\/wp-content\/uploads\/2021\/03\/image_188410.jpg\" class=\"attachment-large size-large\" alt=\"\" srcset=\"https:\/\/sachviet.eu\/wp-content\/uploads\/2021\/03\/image_188410.jpg 600w, https:\/\/sachviet.eu\/wp-content\/uploads\/2021\/03\/image_188410-300x300.jpg 300w, https:\/\/sachviet.eu\/wp-content\/uploads\/2021\/03\/image_188410-150x150.jpg 150w, https:\/\/sachviet.eu\/wp-content\/uploads\/2021\/03\/image_188410-100x100.jpg 100w\" sizes=\"auto, (max-width: 600px) 100vw, 600px\" \/>\t\t\t\t\t\t\n\t\t\t\t\t<\/div>\n\t\t\t\t\t\t\t\t\n<style>\n#image_2065969981 {\n  width: 100%;\n}\n<\/style>\n\t<\/div>\n\t<\/div><\/div>            <\/div>\n    <style>\n    #banner-grid-1240061791 .grid-col-1{height: 600px}\n    #banner-grid-1240061791 .grid-col-1-2{height: 300px}\n    #banner-grid-1240061791 .grid-col-1-3{height:200px}\n    #banner-grid-1240061791 .grid-col-2-3{height: 400px}\n    #banner-grid-1240061791 .grid-col-1-4{height: 150px}\n    #banner-grid-1240061791 .grid-col-3-4{height: 450px}\n\n\n    \n    \n\n  <\/style>\n    <\/div>\n  \n","protected":false},"excerpt":{"rendered":"<p>Khi m\u1ed9t s\u00e1t nh\u00e2n gi\u1ebft ng\u01b0\u1eddi h\u00e0ng lo\u1ea1t b\u00ed danh ABC ch\u1ebf nh\u1ea1o Poirot b\u1eb1ng nh\u1eefng l\u00e1 th\u01b0 \u00fap m\u1edf v\u00e0 gi\u1ebft ng\u01b0\u1eddi theo th\u1ee9 t\u1ef1 ch\u1eef c\u00e1i, Poirot ti\u1ebfn h\u00e0nh m\u1ed9t ph\u01b0\u01a1ng ph\u00e1p \u0111i\u1ec1u tra b\u1ea5t th\u01b0\u1eddng \u0111\u1ec3 truy t\u00ecm ABC. Trong m\u1ed9t c\u00e2u chuy\u1ec7n c\u00f3 v\u1ebb nh\u01b0 kh\u00f4ng can h\u1ec7 g\u00ec, m\u1ed9t ng\u01b0\u1eddi b\u00e1n rong t\u00ean Alexander Bonaparte Cust \u0111\u00e3 c\u00f3 m\u1eb7t \u1edf t\u1ea5t c\u1ea3 nh\u1eefng \u0111\u1ecba \u0111i\u1ec3m x\u1ea3y ra \u00e1n m\u1ea1ng v\u00e0 ng\u00e0y t\u1ed9i \u00e1c \u0111\u00f3 di\u1ec5n ra. Cust b\u1ecb tr\u00fang \u0111\u1ea1n v\u00e0o \u0111\u1ea7u l\u00fac \u0111i l\u00ednh. H\u1eadu qu\u1ea3 l\u00e0, \u00f4ng b\u1ecb m\u1ea5t tr\u00ed nh\u1edb, \u0111au \u0111\u1ea7u v\u00e0 b\u1ecb \u0111\u1ed9ng kinh. Li\u1ec7u m\u1ed9t ng\u01b0\u1eddi ng\u1edd ngh\u1ec7ch nh\u01b0 th\u1ebf c\u00f3 th\u1ec3 l\u00e0 k\u1ebb gi\u1ebft ng\u01b0\u1eddi m\u1ec7nh danh ABC kh\u00f4ng?<\/p>\n","protected":false},"featured_media":4028,"template":"","meta":{"_acf_changed":false},"product_brand":[],"product_cat":[15,72],"product_tag":[],"class_list":{"0":"post-4029","1":"product","2":"type-product","3":"status-publish","4":"has-post-thumbnail","6":"product_cat-sach-danh-cho-nguoi-lon","7":"product_cat-trinh-tham-kinh-di","9":"first","10":"outofstock","11":"taxable","12":"shipping-taxable","13":"purchasable","14":"product-type-simple"},"supplier_id":null,"supplier_sku":"","barcode":null,"atum_controlled":true,"out_stock_date":"2023-06-16 20:11:21","out_stock_threshold":null,"inheritable":false,"inbound_stock":0,"stock_on_hold":0,"sold_today":0,"sales_last_days":0,"reserved_stock":0,"customer_returns":0,"warehouse_damage":0,"lost_in_post":0,"other_logs":0,"out_stock_days":957,"lost_sales":0,"has_location":false,"update_date":"2026-01-28T23:10:34","atum_locations":[],"atum_stock_status":"outofstock","restock_status":false,"low_stock_amount":"","sales_update_date":"2026-01-28T23:10:34","calc_backorders":null,"acf":{"publisher":{"ID":1517,"post_author":"1","post_date":"2021-02-17 01:14:41","post_date_gmt":"2021-02-16 23:14:41","post_content":"","post_title":"NXB Tr\u1ebb","post_excerpt":"","post_status":"publish","comment_status":"closed","ping_status":"closed","post_password":"","post_name":"nxb-tre","to_ping":"","pinged":"","post_modified":"2021-02-17 01:14:41","post_modified_gmt":"2021-02-16 23:14:41","post_content_filtered":"","post_parent":0,"guid":"https:\/\/sachviet.eu\/nha-phat-hanh\/nxb-tre\/","menu_order":0,"post_type":"publisher","post_mime_type":"","comment_count":"0","filter":"raw"}},"_links":{"self":[{"href":"https:\/\/sachviet.eu\/en\/wp-json\/wp\/v2\/product\/4029","targetHints":{"allow":["GET"]}}],"collection":[{"href":"https:\/\/sachviet.eu\/en\/wp-json\/wp\/v2\/product"}],"about":[{"href":"https:\/\/sachviet.eu\/en\/wp-json\/wp\/v2\/types\/product"}],"wp:featuredmedia":[{"embeddable":true,"href":"https:\/\/sachviet.eu\/en\/wp-json\/wp\/v2\/media\/4028"}],"wp:attachment":[{"href":"https:\/\/sachviet.eu\/en\/wp-json\/wp\/v2\/media?parent=4029"}],"wp:term":[{"taxonomy":"product_brand","embeddable":true,"href":"https:\/\/sachviet.eu\/en\/wp-json\/wp\/v2\/product_brand?post=4029"},{"taxonomy":"product_cat","embeddable":true,"href":"https:\/\/sachviet.eu\/en\/wp-json\/wp\/v2\/product_cat?post=4029"},{"taxonomy":"product_tag","embeddable":true,"href":"https:\/\/sachviet.eu\/en\/wp-json\/wp\/v2\/product_tag?post=4029"}],"curies":[{"name":"wp","href":"https:\/\/api.w.org\/{rel}","templated":true}]}}