{"id":4027,"date":"2021-03-02T03:51:21","date_gmt":"2021-03-02T01:51:21","guid":{"rendered":"https:\/\/sachviet.eu\/shop\/muoi-nguoi-da-den-nho\/"},"modified":"2024-04-18T14:29:39","modified_gmt":"2024-04-18T11:29:39","slug":"muoi-nguoi-da-den-nho","status":"publish","type":"product","link":"https:\/\/sachviet.eu\/en\/shop\/muoi-nguoi-da-den-nho\/","title":{"rendered":"V\u00e0 R\u1ed3i Ch\u1eb3ng C\u00f2n Ai &#8211; And Then There Were None (T\u1eeb T\u1ef1a C\u0169: M\u01b0\u1eddi Ng\u01b0\u1eddi Da \u0110en Nh\u1ecf)"},"content":{"rendered":"<p>M\u01b0\u1eddi ng\u01b0\u1eddi ph\u00e1t hi\u1ec7n r\u1eb1ng m\u00ecnh \u0111\u00e3 b\u1ecb l\u1eeba ra \u0111\u1ea3o \u0111\u1ec3 &#8220;tr\u1ea3 gi\u00e1&#8221; cho &#8220;t\u1ed9i \u00e1c&#8221; \u0111\u00e3 g\u00e2y ra, h\u1ecd \u1ee9ng v\u1edbi 10 b\u1ee9c t\u01b0\u1ee3ng nh\u1ecf \u0111\u1eb7t tr\u00ean b\u00e0n \u1edf ph\u00f2ng kh\u00e1ch. Nh\u1eefng ng\u00e0y sau \u0111\u00f3 t\u1eebng ng\u01b0\u1eddi l\u1ea7n l\u01b0\u1ee3t thi\u1ec7t m\u1ea1ng t\u01b0\u01a1ng t\u1ef1 c\u00e1i c\u00e1ch b\u00e0i \u0111\u1ed3ng dao trong ph\u00f2ng m\u1ed7i ng\u01b0\u1eddi \u0111\u00e3 m\u00f4 t\u1ea3. K\u1ef3 l\u1ea1 h\u01a1n l\u00e0 sau khi m\u1ed9t ng\u01b0\u1eddi qua \u0111\u1eddi, s\u1ed1 t\u01b0\u1ee3ng trong ph\u00f2ng kh\u00e1ch b\u1eb1ng c\u00e1ch n\u00e0o \u0111\u00f3 \u0111\u1ec1u gi\u1ea3m \u0111i m\u1ed9t.<\/p>\n<p>Ng\u01b0\u1eddi \u0111\u1ea7u ti\u00ean thi\u1ec7t m\u1ea1ng l\u00e0 Anthony Marston, anh ta ch\u1ebft v\u00ec ng\u1ed9 \u0111\u1ed9c v\u1edbi tri\u1ec7u ch\u1ee9ng t\u01b0\u01a1ng t\u1ef1 ng\u01b0\u1eddi b\u1ecb ngh\u1eb9n. Sau Marston l\u00e0 Ethel Rogers, b\u00e0 qu\u1ea3n gia ch\u1ebft \u0111\u01b0\u1ee3c ch\u1ed3ng ph\u00e1t hi\u1ec7n \u0111\u00e3 ch\u1ebft v\u00ec d\u00f9ng thu\u1ed1c ng\u1ee7 qu\u00e1 li\u1ec1u. V\u1ecb t\u01b0\u1edbng Macarthur d\u01b0\u1eddng nh\u01b0 linh c\u1ea3m \u0111\u01b0\u1ee3c c\u00e1i ch\u1ebft s\u1ebd \u0111\u1ebfn n\u00ean \u0111\u00e3 b\u1ecf \u0103n m\u00e0 ng\u1ed3i nh\u00ecn ra bi\u1ec3n v\u00e0 l\u1ea3m nh\u1ea3m m\u1ed9t m\u00ecnh, b\u00e1c s\u0129 Armstrong sau \u0111\u00f3 ph\u00e1t hi\u1ec7n \u00f4ng \u0111\u00e3 ch\u1ebft v\u00ec b\u1ecb m\u1ed9t v\u1eadt c\u1ee9ng \u0111\u1eadp v\u00e0o sau \u0111\u1ea7u.<\/p>\n<p>Ng\u01b0\u1eddi th\u1ee9 t\u01b0 thi\u1ec7t m\u1ea1ng l\u00e0 Thomas Rogers, trong l\u00fac b\u1ed5 c\u1ee7i chu\u1ea9n b\u1ecb cho b\u1eefa s\u00e1ng, d\u01b0\u1eddng nh\u01b0 Thomas \u0111\u00e3 \u0111\u1ec3 tr\u01b0\u1ee3t tay v\u00e0 l\u00e0m l\u01b0\u1ee1i b\u00faa bay th\u1eb3ng v\u00e0o \u0111\u1ea7u. L\u00e0 ng\u01b0\u1eddi lu\u00f4n tin r\u1eb1ng m\u00ecnh kh\u00f4ng l\u00e0m g\u00ec tr\u00e1i v\u1edbi \u0110\u1ee9c tin, r\u1eb1ng nh\u1eefng ng\u01b0\u1eddi kh\u00e1c ch\u1ebft l\u00e0 do b\u1ecb Ch\u00faa tr\u1eebng ph\u1ea1t, tuy nhi\u00ean Emily Brent c\u0169ng kh\u00f4ng th\u1ec3 s\u1ed1ng s\u00f3t, b\u00e0 b\u1ecb ti\u00eam thu\u1ed1c \u0111\u1ed9c v\u00e0o c\u1ed5 sau b\u1eefa \u0103n tr\u01b0a, v\u1ebft ti\u00eam tr\u00ean c\u1ed5 b\u00e0 t\u01b0\u01a1ng t\u1ef1 nh\u01b0 v\u1ebft ong \u0111\u1ed1t.<\/p>\n<p>Bu\u1ed5i t\u1ed1i h\u00f4m \u0111\u00f3 \u0111\u1ebfn l\u01b0\u1ee3t quan t\u00f2a Wargrave \u0111\u01b0\u1ee3c b\u00e1c s\u0129 Armstrong ph\u00e1t hi\u1ec7n \u0111\u00e3 thi\u1ec7t m\u1ea1ng v\u00ec b\u1ecb b\u1eafn v\u00e0o \u0111\u1ea7u trong khi \u0111ang \u0111\u1ed9i b\u1ed9 t\u00f3c gi\u1ea3 c\u1ee7a quan t\u00f2a. B\u1ea3n th\u00e2n b\u00e1c s\u0129 v\u00e0o ng\u00e0y h\u00f4m sau c\u0169ng \u0111\u01b0\u1ee3c nh\u1eefng ng\u01b0\u1eddi c\u00f2n l\u1ea1i ph\u00e1t hi\u1ec7n \u0111\u00e3 ch\u1ebft \u0111u\u1ed1i \u1edf v\u00e1ch \u0111\u00e1. Blore l\u00e0 ng\u01b0\u1eddi th\u1ee9 t\u00e1m thi\u1ec7t m\u1ea1ng tr\u00ean \u0111\u1ea3o, vi\u00ean th\u00e1m t\u1eed t\u01b0 b\u1ecb b\u1ee9c t\u01b0\u1ee3ng trong ph\u00f2ng c\u00f4 Vera Claythorne r\u01a1i tr\u00fang \u0111\u1ea7u trong l\u00fac hai ng\u01b0\u1eddi c\u00f2n l\u1ea1i \u0111ang \u1edf ngo\u00e0i b\u1edd bi\u1ec3n b\u00ean x\u00e1c b\u00e1c s\u0129 Armstrong.<\/p>\n<p>R\u01a1i v\u00e0o tr\u1ea1ng th\u00e1i ho\u1ea3ng lo\u1ea1n, Claythorne l\u1eeba c\u01b0\u1edbp \u0111\u01b0\u1ee3c s\u00fang c\u1ee7a Lombard v\u00e0 gi\u1ebft ch\u1ebft tay c\u1ef1u l\u00ednh \u0111\u00e1nh thu\u00ea. Cu\u1ed1i c\u00f9ng c\u00f4 tr\u1edf l\u1ea1i ph\u00f2ng v\u00e0 treo c\u1ed5 t\u1ef1 t\u1eed v\u1edbi chi\u1ebfc gh\u1ebf v\u00e0 d\u00e2y th\u00f2ng l\u1ecdng do m\u1ed9t ai \u0111\u00f3 \u0111\u00e3 b\u00e0y s\u1eb5n\u2026<\/p>\n<p>\u0110\u00e2y l\u00e0 m\u1ed9t v\u1ee5 \u00e1n m\u00e0 kh\u00f4ng h\u1ec1 c\u00f3 s\u1ef1 hi\u1ec7n di\u1ec7n hay d\u1ea5u v\u1ebft c\u1ee7a th\u1ee7 ph\u1ea1m.<\/p>\n","protected":false},"excerpt":{"rendered":"<p>M\u01b0\u1eddi ng\u01b0\u1eddi ph\u00e1t hi\u1ec7n r\u1eb1ng m\u00ecnh \u0111\u00e3 b\u1ecb l\u1eeba ra \u0111\u1ea3o \u0111\u1ec3 &#8220;tr\u1ea3 gi\u00e1&#8221; cho &#8220;t\u1ed9i \u00e1c&#8221; \u0111\u00e3 g\u00e2y ra, h\u1ecd \u1ee9ng v\u1edbi 10 b\u1ee9c t\u01b0\u1ee3ng nh\u1ecf \u0111\u1eb7t tr\u00ean b\u00e0n \u1edf ph\u00f2ng kh\u00e1ch. Nh\u1eefng ng\u00e0y sau \u0111\u00f3 t\u1eebng ng\u01b0\u1eddi l\u1ea7n l\u01b0\u1ee3t thi\u1ec7t m\u1ea1ng t\u01b0\u01a1ng t\u1ef1 c\u00e1i c\u00e1ch b\u00e0i \u0111\u1ed3ng dao trong ph\u00f2ng m\u1ed7i ng\u01b0\u1eddi \u0111\u00e3 m\u00f4 t\u1ea3. K\u1ef3 l\u1ea1 h\u01a1n l\u00e0 sau khi m\u1ed9t ng\u01b0\u1eddi qua \u0111\u1eddi, s\u1ed1 t\u01b0\u1ee3ng trong ph\u00f2ng kh\u00e1ch b\u1eb1ng c\u00e1ch n\u00e0o \u0111\u00f3 \u0111\u1ec1u gi\u1ea3m \u0111i m\u1ed9t.<\/p>\n<p>Ng\u01b0\u1eddi \u0111\u1ea7u ti\u00ean thi\u1ec7t m\u1ea1ng l\u00e0 Anthony Marston, anh ta ch\u1ebft v\u00ec ng\u1ed9 \u0111\u1ed9c v\u1edbi tri\u1ec7u ch\u1ee9ng t\u01b0\u01a1ng t\u1ef1 ng\u01b0\u1eddi b\u1ecb ngh\u1eb9n. Sau Marston l\u00e0 Ethel Rogers, b\u00e0 qu\u1ea3n gia ch\u1ebft \u0111\u01b0\u1ee3c ch\u1ed3ng ph\u00e1t hi\u1ec7n \u0111\u00e3 ch\u1ebft v\u00ec d\u00f9ng thu\u1ed1c ng\u1ee7 qu\u00e1 li\u1ec1u. V\u1ecb t\u01b0\u1edbng Macarthur d\u01b0\u1eddng nh\u01b0 linh c\u1ea3m \u0111\u01b0\u1ee3c c\u00e1i ch\u1ebft s\u1ebd \u0111\u1ebfn n\u00ean \u0111\u00e3 b\u1ecf \u0103n m\u00e0 ng\u1ed3i nh\u00ecn ra bi\u1ec3n v\u00e0 l\u1ea3m nh\u1ea3m m\u1ed9t m\u00ecnh, b\u00e1c s\u0129 Armstrong sau \u0111\u00f3 ph\u00e1t hi\u1ec7n \u00f4ng \u0111\u00e3 ch\u1ebft v\u00ec b\u1ecb m\u1ed9t v\u1eadt c\u1ee9ng \u0111\u1eadp v\u00e0o sau \u0111\u1ea7u.<\/p>\n<p>Ng\u01b0\u1eddi th\u1ee9 t\u01b0 thi\u1ec7t m\u1ea1ng l\u00e0 Thomas Rogers, trong l\u00fac b\u1ed5 c\u1ee7i chu\u1ea9n b\u1ecb cho b\u1eefa s\u00e1ng, d\u01b0\u1eddng nh\u01b0 Thomas \u0111\u00e3 \u0111\u1ec3 tr\u01b0\u1ee3t tay v\u00e0 l\u00e0m l\u01b0\u1ee1i b\u00faa bay th\u1eb3ng v\u00e0o \u0111\u1ea7u. L\u00e0 ng\u01b0\u1eddi lu\u00f4n tin r\u1eb1ng m\u00ecnh kh\u00f4ng l\u00e0m g\u00ec tr\u00e1i v\u1edbi \u0110\u1ee9c tin, r\u1eb1ng nh\u1eefng ng\u01b0\u1eddi kh\u00e1c ch\u1ebft l\u00e0 do b\u1ecb Ch\u00faa tr\u1eebng ph\u1ea1t, tuy nhi\u00ean Emily Brent c\u0169ng kh\u00f4ng th\u1ec3 s\u1ed1ng s\u00f3t, b\u00e0 b\u1ecb ti\u00eam thu\u1ed1c \u0111\u1ed9c v\u00e0o c\u1ed5 sau b\u1eefa \u0103n tr\u01b0a, v\u1ebft ti\u00eam tr\u00ean c\u1ed5 b\u00e0 t\u01b0\u01a1ng t\u1ef1 nh\u01b0 v\u1ebft ong \u0111\u1ed1t.<\/p>\n<p>Bu\u1ed5i t\u1ed1i h\u00f4m \u0111\u00f3 \u0111\u1ebfn l\u01b0\u1ee3t quan t\u00f2a Wargrave \u0111\u01b0\u1ee3c b\u00e1c s\u0129 Armstrong ph\u00e1t hi\u1ec7n \u0111\u00e3 thi\u1ec7t m\u1ea1ng v\u00ec b\u1ecb b\u1eafn v\u00e0o \u0111\u1ea7u trong khi \u0111ang \u0111\u1ed9i b\u1ed9 t\u00f3c gi\u1ea3 c\u1ee7a quan t\u00f2a. B\u1ea3n th\u00e2n b\u00e1c s\u0129 v\u00e0o ng\u00e0y h\u00f4m sau c\u0169ng \u0111\u01b0\u1ee3c nh\u1eefng ng\u01b0\u1eddi c\u00f2n l\u1ea1i ph\u00e1t hi\u1ec7n \u0111\u00e3 ch\u1ebft \u0111u\u1ed1i \u1edf v\u00e1ch \u0111\u00e1. Blore l\u00e0 ng\u01b0\u1eddi th\u1ee9 t\u00e1m thi\u1ec7t m\u1ea1ng tr\u00ean \u0111\u1ea3o, vi\u00ean th\u00e1m t\u1eed t\u01b0 b\u1ecb b\u1ee9c t\u01b0\u1ee3ng trong ph\u00f2ng c\u00f4 Vera Claythorne r\u01a1i tr\u00fang \u0111\u1ea7u trong l\u00fac hai ng\u01b0\u1eddi c\u00f2n l\u1ea1i \u0111ang \u1edf ngo\u00e0i b\u1edd bi\u1ec3n b\u00ean x\u00e1c b\u00e1c s\u0129 Armstrong.<\/p>\n<p>R\u01a1i v\u00e0o tr\u1ea1ng th\u00e1i ho\u1ea3ng lo\u1ea1n, Claythorne l\u1eeba c\u01b0\u1edbp \u0111\u01b0\u1ee3c s\u00fang c\u1ee7a Lombard v\u00e0 gi\u1ebft ch\u1ebft tay c\u1ef1u l\u00ednh \u0111\u00e1nh thu\u00ea. Cu\u1ed1i c\u00f9ng c\u00f4 tr\u1edf l\u1ea1i ph\u00f2ng v\u00e0 treo c\u1ed5 t\u1ef1 t\u1eed v\u1edbi chi\u1ebfc gh\u1ebf v\u00e0 d\u00e2y th\u00f2ng l\u1ecdng do m\u1ed9t ai \u0111\u00f3 \u0111\u00e3 b\u00e0y s\u1eb5n\u2026<\/p>\n<p>\u0110\u00e2y l\u00e0 m\u1ed9t v\u1ee5 \u00e1n m\u00e0 kh\u00f4ng h\u1ec1 c\u00f3 s\u1ef1 hi\u1ec7n di\u1ec7n hay d\u1ea5u v\u1ebft c\u1ee7a th\u1ee7 ph\u1ea1m.<\/p>\n","protected":false},"featured_media":23049,"template":"","meta":{"_acf_changed":false},"product_brand":[],"product_cat":[15,72],"product_tag":[],"class_list":{"0":"post-4027","1":"product","2":"type-product","3":"status-publish","4":"has-post-thumbnail","6":"product_cat-sach-danh-cho-nguoi-lon","7":"product_cat-trinh-tham-kinh-di","9":"first","10":"outofstock","11":"taxable","12":"shipping-taxable","13":"purchasable","14":"product-type-simple"},"supplier_id":null,"supplier_sku":"","barcode":null,"atum_controlled":true,"out_stock_date":"2024-04-18 11:29:39","out_stock_threshold":null,"inheritable":false,"inbound_stock":0,"stock_on_hold":0,"sold_today":0,"sales_last_days":0,"reserved_stock":0,"customer_returns":0,"warehouse_damage":0,"lost_in_post":0,"other_logs":0,"out_stock_days":650,"lost_sales":0,"has_location":false,"update_date":"2026-01-28T23:10:34","atum_locations":[],"atum_stock_status":"outofstock","restock_status":false,"low_stock_amount":"","sales_update_date":"2026-01-28T23:10:34","calc_backorders":null,"acf":{"publisher":{"ID":1517,"post_author":"1","post_date":"2021-02-17 01:14:41","post_date_gmt":"2021-02-16 23:14:41","post_content":"","post_title":"NXB Tr\u1ebb","post_excerpt":"","post_status":"publish","comment_status":"closed","ping_status":"closed","post_password":"","post_name":"nxb-tre","to_ping":"","pinged":"","post_modified":"2021-02-17 01:14:41","post_modified_gmt":"2021-02-16 23:14:41","post_content_filtered":"","post_parent":0,"guid":"https:\/\/sachviet.eu\/nha-phat-hanh\/nxb-tre\/","menu_order":0,"post_type":"publisher","post_mime_type":"","comment_count":"0","filter":"raw"}},"_links":{"self":[{"href":"https:\/\/sachviet.eu\/en\/wp-json\/wp\/v2\/product\/4027","targetHints":{"allow":["GET"]}}],"collection":[{"href":"https:\/\/sachviet.eu\/en\/wp-json\/wp\/v2\/product"}],"about":[{"href":"https:\/\/sachviet.eu\/en\/wp-json\/wp\/v2\/types\/product"}],"wp:featuredmedia":[{"embeddable":true,"href":"https:\/\/sachviet.eu\/en\/wp-json\/wp\/v2\/media\/23049"}],"wp:attachment":[{"href":"https:\/\/sachviet.eu\/en\/wp-json\/wp\/v2\/media?parent=4027"}],"wp:term":[{"taxonomy":"product_brand","embeddable":true,"href":"https:\/\/sachviet.eu\/en\/wp-json\/wp\/v2\/product_brand?post=4027"},{"taxonomy":"product_cat","embeddable":true,"href":"https:\/\/sachviet.eu\/en\/wp-json\/wp\/v2\/product_cat?post=4027"},{"taxonomy":"product_tag","embeddable":true,"href":"https:\/\/sachviet.eu\/en\/wp-json\/wp\/v2\/product_tag?post=4027"}],"curies":[{"name":"wp","href":"https:\/\/api.w.org\/{rel}","templated":true}]}}