{"id":4025,"date":"2021-03-02T03:51:17","date_gmt":"2021-03-02T01:51:17","guid":{"rendered":"https:\/\/sachviet.eu\/shop\/an-mang-tren-song-nile\/"},"modified":"2024-08-12T11:29:26","modified_gmt":"2024-08-12T08:29:26","slug":"an-mang-tren-song-nile","status":"publish","type":"product","link":"https:\/\/sachviet.eu\/en\/shop\/an-mang-tren-song-nile\/","title":{"rendered":"\u00c1n m\u1ea1ng tr\u00ean s\u00f4ng nile"},"content":{"rendered":"<p>Linnet Ridgeway s\u1edf h\u1eefu trong tay t\u1ea5t c\u1ea3 m\u1ecdi th\u1ee9 m\u00e0 b\u1ea5t c\u1ee9 m\u1ed9t ng\u01b0\u1eddi n\u00e0o c\u0169ng c\u00f3 th\u1ec3 l\u1ea5y l\u00e0m ghen t\u1ecb: tu\u1ed5i tr\u1ebb, s\u1eafc \u0111\u1eb9p, s\u1ef1 th\u00f4ng minh, c\u1ee7a c\u1ea3i v\u00e0 m\u1ed9t v\u1ecb h\u00f4n phu r\u1ea5t x\u1ee9ng v\u1edbi c\u00f4. R\u1ed3i m\u1ed9t ng\u00e0y n\u1ecd, ng\u01b0\u1eddi b\u1ea1n th\u00e2n nh\u1ea5t c\u1ee7a c\u1ee7a Linnet &#8211; Jackie &#8211; \u0111\u01b0a v\u1ecb h\u00f4n phu \u0111i\u1ec3n trai c\u1ee7a m\u00ecnh l\u00e0 Simon Doyle \u0111\u1ebfn, \u0111\u1ec3 xin Linnet cho anh m\u1ed9t vi\u1ec7c l\u00e0m. Gi\u1edd th\u00ec ch\u00ednh Linnet v\u00e0 Simon l\u1ea1i \u0111i h\u01b0\u1edfng tu\u1ea7n tr\u0103ng m\u1eadt v\u1edbi nhau, tr\u00ean m\u1ed9t chuy\u1ebfn t\u00e0u d\u1ea1o quanh s\u00f4ng Nile. B\u1ea5t ch\u1ee3t, Linnet b\u1ecb gi\u1ebft h\u1ea1i, Jackie tr\u1edf th\u00e0nh \u0111\u1ed1i t\u01b0\u1ee3ng b\u1ecb t\u00ecnh nghi h\u00e0ng \u0111\u1ea7u nh\u01b0ng c\u00f4 kh\u00f4ng h\u1ec1 c\u00f3 kh\u1ea3 n\u0103ng th\u1ef1c hi\u1ec7n \u0111\u01b0\u1ee3c \u0111i\u1ec1u \u1ea5y. Kh\u00f4ng ch\u1ec9 d\u1eebng l\u1ea1i \u1edf \u0111\u00f3, th\u1ee7 ph\u1ea1m l\u1ea7n l\u01b0\u1ee3t ra tay th\u00eam v\u1edbi hai v\u1ecb kh\u00e1ch n\u1eefa trong \u0111o\u00e0n. \u0110\u00fang l\u00e0 m\u1ed9t v\u1ee5 \u00e1n b\u00ed hi\u1ec3m, kh\u00f4ng c\u00f3 manh m\u1ed1i, nh\u00e2n ch\u1ee9ng, v\u00e0 \u0111o\u00e0n kh\u00e1ch du l\u1ecbch d\u01b0\u1eddng nh\u01b0 c\u0169ng kh\u00f4ng c\u00f3 m\u1ed1i quan h\u1ec7 v\u1edbi n\u1ea1n nh\u00e2n. Tuy nhi\u00ean, kh\u00f4ng c\u00f3 \u0111i\u1ec1u g\u00ec c\u00f3 th\u1ec3 l\u1ecdt kh\u1ecfi t\u1ea7m m\u1eaft c\u1ee7a th\u00e1m t\u1eed l\u1eebng danh Hercule Poirot.<\/p>\n","protected":false},"excerpt":{"rendered":"<p>Linnet Ridgeway s\u1edf h\u1eefu trong tay t\u1ea5t c\u1ea3 m\u1ecdi th\u1ee9 m\u00e0 b\u1ea5t c\u1ee9 m\u1ed9t ng\u01b0\u1eddi n\u00e0o c\u0169ng c\u00f3 th\u1ec3 l\u1ea5y l\u00e0m ghen t\u1ecb: tu\u1ed5i tr\u1ebb, s\u1eafc \u0111\u1eb9p, s\u1ef1 th\u00f4ng minh, c\u1ee7a c\u1ea3i v\u00e0 m\u1ed9t v\u1ecb h\u00f4n phu r\u1ea5t x\u1ee9ng v\u1edbi c\u00f4. R\u1ed3i m\u1ed9t ng\u00e0y n\u1ecd, ng\u01b0\u1eddi b\u1ea1n th\u00e2n nh\u1ea5t c\u1ee7a c\u1ee7a Linnet &#8211; Jackie &#8211; \u0111\u01b0a v\u1ecb h\u00f4n phu \u0111i\u1ec3n trai c\u1ee7a m\u00ecnh l\u00e0 Simon Doyle \u0111\u1ebfn, \u0111\u1ec3 xin Linnet cho anh m\u1ed9t vi\u1ec7c l\u00e0m. Gi\u1edd th\u00ec ch\u00ednh Linnet v\u00e0 Simon l\u1ea1i \u0111i h\u01b0\u1edfng tu\u1ea7n tr\u0103ng m\u1eadt v\u1edbi nhau, tr\u00ean m\u1ed9t chuy\u1ebfn t\u00e0u d\u1ea1o quanh s\u00f4ng Nile. B\u1ea5t ch\u1ee3t, Linnet b\u1ecb gi\u1ebft h\u1ea1i, Jackie tr\u1edf th\u00e0nh \u0111\u1ed1i t\u01b0\u1ee3ng b\u1ecb t\u00ecnh nghi h\u00e0ng \u0111\u1ea7u nh\u01b0ng c\u00f4 kh\u00f4ng h\u1ec1 c\u00f3 kh\u1ea3 n\u0103ng th\u1ef1c hi\u1ec7n \u0111\u01b0\u1ee3c \u0111i\u1ec1u \u1ea5y. Kh\u00f4ng ch\u1ec9 d\u1eebng l\u1ea1i \u1edf \u0111\u00f3, th\u1ee7 ph\u1ea1m l\u1ea7n l\u01b0\u1ee3t ra tay th\u00eam v\u1edbi hai v\u1ecb kh\u00e1ch n\u1eefa trong \u0111o\u00e0n. \u0110\u00fang l\u00e0 m\u1ed9t v\u1ee5 \u00e1n b\u00ed hi\u1ec3m, kh\u00f4ng c\u00f3 manh m\u1ed1i, nh\u00e2n ch\u1ee9ng, v\u00e0 \u0111o\u00e0n kh\u00e1ch du l\u1ecbch d\u01b0\u1eddng nh\u01b0 c\u0169ng kh\u00f4ng c\u00f3 m\u1ed1i quan h\u1ec7 v\u1edbi n\u1ea1n nh\u00e2n. Tuy nhi\u00ean, kh\u00f4ng c\u00f3 \u0111i\u1ec1u g\u00ec c\u00f3 th\u1ec3 l\u1ecdt kh\u1ecfi t\u1ea7m m\u1eaft c\u1ee7a th\u00e1m t\u1eed l\u1eebng danh Hercule Poirot.<\/p>\n","protected":false},"featured_media":4024,"template":"","meta":{"_acf_changed":false},"product_brand":[],"product_cat":[15,72],"product_tag":[],"class_list":{"0":"post-4025","1":"product","2":"type-product","3":"status-publish","4":"has-post-thumbnail","6":"product_cat-sach-danh-cho-nguoi-lon","7":"product_cat-trinh-tham-kinh-di","9":"first","10":"outofstock","11":"taxable","12":"shipping-taxable","13":"purchasable","14":"product-type-simple"},"supplier_id":null,"supplier_sku":"","barcode":null,"atum_controlled":true,"out_stock_date":"2024-08-12 08:29:27","out_stock_threshold":null,"inheritable":false,"inbound_stock":0,"stock_on_hold":0,"sold_today":0,"sales_last_days":0,"reserved_stock":0,"customer_returns":0,"warehouse_damage":0,"lost_in_post":0,"other_logs":0,"out_stock_days":534,"lost_sales":0,"has_location":false,"update_date":"2026-01-28T23:11:20","atum_locations":[],"atum_stock_status":"outofstock","restock_status":false,"low_stock_amount":"","sales_update_date":"2026-01-28T23:11:20","calc_backorders":null,"acf":{"publisher":{"ID":1517,"post_author":"1","post_date":"2021-02-17 01:14:41","post_date_gmt":"2021-02-16 23:14:41","post_content":"","post_title":"NXB Tr\u1ebb","post_excerpt":"","post_status":"publish","comment_status":"closed","ping_status":"closed","post_password":"","post_name":"nxb-tre","to_ping":"","pinged":"","post_modified":"2021-02-17 01:14:41","post_modified_gmt":"2021-02-16 23:14:41","post_content_filtered":"","post_parent":0,"guid":"https:\/\/sachviet.eu\/nha-phat-hanh\/nxb-tre\/","menu_order":0,"post_type":"publisher","post_mime_type":"","comment_count":"0","filter":"raw"}},"_links":{"self":[{"href":"https:\/\/sachviet.eu\/en\/wp-json\/wp\/v2\/product\/4025","targetHints":{"allow":["GET"]}}],"collection":[{"href":"https:\/\/sachviet.eu\/en\/wp-json\/wp\/v2\/product"}],"about":[{"href":"https:\/\/sachviet.eu\/en\/wp-json\/wp\/v2\/types\/product"}],"wp:featuredmedia":[{"embeddable":true,"href":"https:\/\/sachviet.eu\/en\/wp-json\/wp\/v2\/media\/4024"}],"wp:attachment":[{"href":"https:\/\/sachviet.eu\/en\/wp-json\/wp\/v2\/media?parent=4025"}],"wp:term":[{"taxonomy":"product_brand","embeddable":true,"href":"https:\/\/sachviet.eu\/en\/wp-json\/wp\/v2\/product_brand?post=4025"},{"taxonomy":"product_cat","embeddable":true,"href":"https:\/\/sachviet.eu\/en\/wp-json\/wp\/v2\/product_cat?post=4025"},{"taxonomy":"product_tag","embeddable":true,"href":"https:\/\/sachviet.eu\/en\/wp-json\/wp\/v2\/product_tag?post=4025"}],"curies":[{"name":"wp","href":"https:\/\/api.w.org\/{rel}","templated":true}]}}