{"id":4023,"date":"2021-03-02T03:51:13","date_gmt":"2021-03-02T01:51:13","guid":{"rendered":"https:\/\/sachviet.eu\/shop\/ky-an-dong-chu-tat\/"},"modified":"2021-06-12T13:26:04","modified_gmt":"2021-06-12T10:26:04","slug":"ky-an-dong-chu-tat","status":"publish","type":"product","link":"https:\/\/sachviet.eu\/en\/shop\/ky-an-dong-chu-tat\/","title":{"rendered":"K\u1ef3 \u00e1n d\u00f2ng ch\u1eef t\u1eaft"},"content":{"rendered":"<p>Hercule Poirot ngh\u1ec9 \u1ea9n \u1edf London t\u1ea1i m\u1ed9t nh\u00e0 tr\u1ecd \u00edt ai ng\u1edd \u0111\u1ebfn. T\u00ecnh c\u1edd, c\u00f9ng nh\u00e0 tr\u1ecd v\u1edbi \u00f4ng c\u00f3 c\u1ea3nh s\u00e1t \u0111i\u1ec1u tra Edward Catchpool c\u1ee7a Scotland Yard. V\u00e0 c\u0169ng t\u00ecnh c\u1edd \u00f4ng g\u1eb7p ng\u01b0\u1eddi ph\u1ee5 n\u1eef t\u00ean Jennie, h\u1ed1t ho\u1ea3ng nh\u01b0 trong t\u00ecnh tr\u1ea1ng b\u1ecb nguy hi\u1ec3m. Nh\u01b0ng t\u1ea5t c\u1ea3 kh\u00f4ng c\u00f2n l\u00e0 t\u00ecnh c\u1edd n\u1eefa khi x\u1ea3y ra v\u1ee5 \u00e1n m\u1ea1ng ba ng\u01b0\u1eddi ch\u1ebft t\u1ea1i kh\u00e1ch s\u1ea1n Bloxham v\u00e0 Catchpool ph\u1ee5 tr\u00e1ch \u0111i\u1ec1u tra. Ngay t\u1eeb \u0111\u1ea7u Poirot kh\u1eb3ng \u0111\u1ecbnh ng\u01b0\u1eddi ph\u1ee5 n\u1eef t\u00ean Jennie c\u00f3 li\u00ean quan \u0111\u1ebfn v\u1ee5 gi\u1ebft ba ng\u01b0\u1eddi \u1edf kh\u00e1ch s\u1ea1n \u0111\u00f3, nh\u01b0ng Catchpool m\u1ed9t m\u1ef1c b\u00e1c \u0111i, khi\u1ebfn cho \u00f4ng th\u00e1m t\u1eed gi\u00e0 l\u1eebng danh \u0111\u1ecbnh \u0111i ngh\u1ec9 \u1ea9n n\u00e0y l\u1ea1i ph\u1ea3i nh\u1ea3y v\u00e0o cu\u1ed9c. V\u1ee5 \u0111i\u1ec1u tra m\u1edf ra c\u1ea3 m\u1ed9t \u00e2n o\u00e1n t\u00ecnh th\u00f9 16 n\u0103m tr\u01b0\u1edbc t\u1ea1i m\u1ed9t l\u00e0ng qu\u00ea n\u01b0\u1edbc Anh m\u00e0 k\u1ebft cu\u1ed9c bi th\u1ea3m l\u00e0 c\u00e1i ch\u1ebft c\u1ee7a v\u1ee3 ch\u1ed3ng cha x\u1ee9 \u1edf tu\u1ed5i r\u1ea5t tr\u1ebb, v\u00e0 m\u1ed9t s\u1ed1 ng\u01b0\u1eddi tha ph\u01b0\u01a1ng l\u01b0u l\u1ea1c \u0111\u1ec3 qu\u00ean \u0111i t\u1ed9i l\u1ed7i c\u1ee7a m\u00ecnh\u2026  <div class=\"banner-grid-wrapper\">\n  <div id=\"banner-grid-1552219876\" class=\"banner-grid row row-grid row-small\" data-packery-options=\"\">\n            <style>\n    #banner-grid-1552219876 .grid-col-1{height: 600px}\n    #banner-grid-1552219876 .grid-col-1-2{height: 300px}\n    #banner-grid-1552219876 .grid-col-1-3{height:200px}\n    #banner-grid-1552219876 .grid-col-2-3{height: 400px}\n    #banner-grid-1552219876 .grid-col-1-4{height: 150px}\n    #banner-grid-1552219876 .grid-col-3-4{height: 450px}\n\n\n        \/* Tablet *\/\n    @media (max-width: 850px){\n      #banner-grid-1552219876 .grid-col-1{height: 400px}\n      #banner-grid-1552219876 .grid-col-1-2{height: 200px}\n      #banner-grid-1552219876 .grid-col-1-3{height:133.33333333333px}\n      #banner-grid-1552219876 .grid-col-2-3{height: 266.66666666667px}\n      #banner-grid-1552219876 .grid-col-1-4{height: 100px}\n      #banner-grid-1552219876 .grid-col-3-4{height: 300px}\n    }\n    \n        \/* Mobile *\/\n    @media (max-width: 550px){\n      #banner-grid-1552219876 .grid-col-1{height: 400px}\n      #banner-grid-1552219876 .grid-col-1-2{height: 200px}\n      #banner-grid-1552219876 .grid-col-1-3{height:133.33333333333px}\n      #banner-grid-1552219876 .grid-col-2-3{height: 266.66666666667px}\n      #banner-grid-1552219876 .grid-col-1-4{height: 100px}\n      #banner-grid-1552219876 .grid-col-3-4{height: 300px}\n    }\n    \n\n  <\/style>\n    <\/div>\n    <style>\n    #banner-grid-1552219876 .grid-col-1{height: 600px}\n    #banner-grid-1552219876 .grid-col-1-2{height: 300px}\n    #banner-grid-1552219876 .grid-col-1-3{height:200px}\n    #banner-grid-1552219876 .grid-col-2-3{height: 400px}\n    #banner-grid-1552219876 .grid-col-1-4{height: 150px}\n    #banner-grid-1552219876 .grid-col-3-4{height: 450px}\n\n\n    \n    \n\n  <\/style>\n    <\/div>\n  \n","protected":false},"excerpt":{"rendered":"<p>Hercule Poirot ngh\u1ec9 \u1ea9n \u1edf London t\u1ea1i m\u1ed9t nh\u00e0 tr\u1ecd \u00edt ai ng\u1edd \u0111\u1ebfn. T\u00ecnh c\u1edd, c\u00f9ng nh\u00e0 tr\u1ecd v\u1edbi \u00f4ng c\u00f3 c\u1ea3nh s\u00e1t \u0111i\u1ec1u tra Edward Catchpool c\u1ee7a Scotland Yard. V\u00e0 c\u0169ng t\u00ecnh c\u1edd \u00f4ng g\u1eb7p ng\u01b0\u1eddi ph\u1ee5 n\u1eef t\u00ean Jennie, h\u1ed1t ho\u1ea3ng nh\u01b0 trong t\u00ecnh tr\u1ea1ng b\u1ecb nguy hi\u1ec3m. Nh\u01b0ng t\u1ea5t c\u1ea3 kh\u00f4ng c\u00f2n l\u00e0 t\u00ecnh c\u1edd n\u1eefa khi x\u1ea3y ra v\u1ee5 \u00e1n m\u1ea1ng ba ng\u01b0\u1eddi ch\u1ebft t\u1ea1i kh\u00e1ch s\u1ea1n Bloxham v\u00e0 Catchpool ph\u1ee5 tr\u00e1ch \u0111i\u1ec1u tra. Ngay t\u1eeb \u0111\u1ea7u Poirot kh\u1eb3ng \u0111\u1ecbnh ng\u01b0\u1eddi ph\u1ee5 n\u1eef t\u00ean Jennie c\u00f3 li\u00ean quan \u0111\u1ebfn v\u1ee5 gi\u1ebft ba ng\u01b0\u1eddi \u1edf kh\u00e1ch s\u1ea1n \u0111\u00f3, nh\u01b0ng Catchpool m\u1ed9t m\u1ef1c b\u00e1c \u0111i, khi\u1ebfn cho \u00f4ng th\u00e1m t\u1eed gi\u00e0 l\u1eebng danh \u0111\u1ecbnh \u0111i ngh\u1ec9 \u1ea9n n\u00e0y l\u1ea1i ph\u1ea3i nh\u1ea3y v\u00e0o cu\u1ed9c. V\u1ee5 \u0111i\u1ec1u tra m\u1edf ra c\u1ea3 m\u1ed9t \u00e2n o\u00e1n t\u00ecnh th\u00f9 16 n\u0103m tr\u01b0\u1edbc t\u1ea1i m\u1ed9t l\u00e0ng qu\u00ea n\u01b0\u1edbc Anh m\u00e0 k\u1ebft cu\u1ed9c bi th\u1ea3m l\u00e0 c\u00e1i ch\u1ebft c\u1ee7a v\u1ee3 ch\u1ed3ng cha x\u1ee9 \u1edf tu\u1ed5i r\u1ea5t tr\u1ebb, v\u00e0 m\u1ed9t s\u1ed1 ng\u01b0\u1eddi tha ph\u01b0\u01a1ng l\u01b0u l\u1ea1c \u0111\u1ec3 qu\u00ean \u0111i t\u1ed9i l\u1ed7i c\u1ee7a m\u00ecnh\u2026<\/p>\n","protected":false},"featured_media":4013,"template":"","meta":{"_acf_changed":false},"product_brand":[],"product_cat":[15,72],"product_tag":[],"class_list":{"0":"post-4023","1":"product","2":"type-product","3":"status-publish","4":"has-post-thumbnail","6":"product_cat-sach-danh-cho-nguoi-lon","7":"product_cat-trinh-tham-kinh-di","9":"first","10":"outofstock","11":"taxable","12":"shipping-taxable","13":"purchasable","14":"product-type-simple"},"supplier_id":null,"supplier_sku":"","barcode":null,"atum_controlled":true,"out_stock_date":"2021-06-12 10:26:04","out_stock_threshold":null,"inheritable":false,"inbound_stock":0,"stock_on_hold":0,"sold_today":0,"sales_last_days":0,"reserved_stock":0,"customer_returns":0,"warehouse_damage":0,"lost_in_post":0,"other_logs":0,"out_stock_days":1691,"lost_sales":0,"has_location":false,"update_date":"2026-01-28T23:10:33","atum_locations":[],"atum_stock_status":"outofstock","restock_status":false,"low_stock_amount":"","sales_update_date":"2026-01-28T23:10:33","calc_backorders":null,"acf":{"publisher":{"ID":1517,"post_author":"1","post_date":"2021-02-17 01:14:41","post_date_gmt":"2021-02-16 23:14:41","post_content":"","post_title":"NXB Tr\u1ebb","post_excerpt":"","post_status":"publish","comment_status":"closed","ping_status":"closed","post_password":"","post_name":"nxb-tre","to_ping":"","pinged":"","post_modified":"2021-02-17 01:14:41","post_modified_gmt":"2021-02-16 23:14:41","post_content_filtered":"","post_parent":0,"guid":"https:\/\/sachviet.eu\/nha-phat-hanh\/nxb-tre\/","menu_order":0,"post_type":"publisher","post_mime_type":"","comment_count":"0","filter":"raw"}},"_links":{"self":[{"href":"https:\/\/sachviet.eu\/en\/wp-json\/wp\/v2\/product\/4023","targetHints":{"allow":["GET"]}}],"collection":[{"href":"https:\/\/sachviet.eu\/en\/wp-json\/wp\/v2\/product"}],"about":[{"href":"https:\/\/sachviet.eu\/en\/wp-json\/wp\/v2\/types\/product"}],"wp:featuredmedia":[{"embeddable":true,"href":"https:\/\/sachviet.eu\/en\/wp-json\/wp\/v2\/media\/4013"}],"wp:attachment":[{"href":"https:\/\/sachviet.eu\/en\/wp-json\/wp\/v2\/media?parent=4023"}],"wp:term":[{"taxonomy":"product_brand","embeddable":true,"href":"https:\/\/sachviet.eu\/en\/wp-json\/wp\/v2\/product_brand?post=4023"},{"taxonomy":"product_cat","embeddable":true,"href":"https:\/\/sachviet.eu\/en\/wp-json\/wp\/v2\/product_cat?post=4023"},{"taxonomy":"product_tag","embeddable":true,"href":"https:\/\/sachviet.eu\/en\/wp-json\/wp\/v2\/product_tag?post=4023"}],"curies":[{"name":"wp","href":"https:\/\/api.w.org\/{rel}","templated":true}]}}