{"id":4012,"date":"2021-03-02T03:50:32","date_gmt":"2021-03-02T01:50:32","guid":{"rendered":"https:\/\/sachviet.eu\/shop\/co-gai-thu-ba\/"},"modified":"2021-12-21T15:54:01","modified_gmt":"2021-12-21T13:54:01","slug":"co-gai-thu-ba","status":"publish","type":"product","link":"https:\/\/sachviet.eu\/en\/shop\/co-gai-thu-ba\/","title":{"rendered":"C\u00f4 g\u00e1i th\u1ee9 ba"},"content":{"rendered":"<p>C\u00f4 G\u00e1i Th\u1ee9 Ba<\/p>\n<p>C\u00f4 g\u00e1i m\u1ed9t gia \u0111\u00ecnh danh gi\u00e1 m\u1ea5t t\u00edch, nhi\u1ec1u k\u1ebb kh\u1ea3 nghi xung quanh c\u00f4 b\u1ecb nghi ng\u1edd. Vi\u00ean th\u00e1m t\u1eed t\u01b0 gi\u00e0 trong qu\u00e1 tr\u00ecnh t\u00ecm ki\u1ebfm c\u00f4 \u0111\u00e3 ph\u00e1t hi\u1ec7n ra nh\u1eefng \u00e2m m\u01b0u kh\u00e1c.  <div class=\"banner-grid-wrapper\">\n  <div id=\"banner-grid-2147024765\" class=\"banner-grid row row-grid row-small\" data-packery-options=\"\">\n            <style>\n    #banner-grid-2147024765 .grid-col-1{height: 600px}\n    #banner-grid-2147024765 .grid-col-1-2{height: 300px}\n    #banner-grid-2147024765 .grid-col-1-3{height:200px}\n    #banner-grid-2147024765 .grid-col-2-3{height: 400px}\n    #banner-grid-2147024765 .grid-col-1-4{height: 150px}\n    #banner-grid-2147024765 .grid-col-3-4{height: 450px}\n\n\n        \/* Tablet *\/\n    @media (max-width: 850px){\n      #banner-grid-2147024765 .grid-col-1{height: 400px}\n      #banner-grid-2147024765 .grid-col-1-2{height: 200px}\n      #banner-grid-2147024765 .grid-col-1-3{height:133.33333333333px}\n      #banner-grid-2147024765 .grid-col-2-3{height: 266.66666666667px}\n      #banner-grid-2147024765 .grid-col-1-4{height: 100px}\n      #banner-grid-2147024765 .grid-col-3-4{height: 300px}\n    }\n    \n        \/* Mobile *\/\n    @media (max-width: 550px){\n      #banner-grid-2147024765 .grid-col-1{height: 400px}\n      #banner-grid-2147024765 .grid-col-1-2{height: 200px}\n      #banner-grid-2147024765 .grid-col-1-3{height:133.33333333333px}\n      #banner-grid-2147024765 .grid-col-2-3{height: 266.66666666667px}\n      #banner-grid-2147024765 .grid-col-1-4{height: 100px}\n      #banner-grid-2147024765 .grid-col-3-4{height: 300px}\n    }\n    \n\n  <\/style>\n    <\/div>\n    <style>\n    #banner-grid-2147024765 .grid-col-1{height: 600px}\n    #banner-grid-2147024765 .grid-col-1-2{height: 300px}\n    #banner-grid-2147024765 .grid-col-1-3{height:200px}\n    #banner-grid-2147024765 .grid-col-2-3{height: 400px}\n    #banner-grid-2147024765 .grid-col-1-4{height: 150px}\n    #banner-grid-2147024765 .grid-col-3-4{height: 450px}\n\n\n    \n    \n\n  <\/style>\n    <\/div>\n  \n","protected":false},"excerpt":{"rendered":"<p>C\u00f4 G\u00e1i Th\u1ee9 Ba<\/p>\n<p>C\u00f4 g\u00e1i m\u1ed9t gia \u0111\u00ecnh danh gi\u00e1 m\u1ea5t t\u00edch, nhi\u1ec1u k\u1ebb kh\u1ea3 nghi xung quanh c\u00f4 b\u1ecb nghi ng\u1edd. Vi\u00ean th\u00e1m t\u1eed t\u01b0 gi\u00e0 trong qu\u00e1 tr\u00ecnh t\u00ecm ki\u1ebfm c\u00f4 \u0111\u00e3 ph\u00e1t hi\u1ec7n ra nh\u1eefng \u00e2m m\u01b0u kh\u00e1c.<\/p>\n","protected":false},"featured_media":4002,"template":"","meta":{"_acf_changed":false},"product_brand":[],"product_cat":[15,72],"product_tag":[],"class_list":{"0":"post-4012","1":"product","2":"type-product","3":"status-publish","4":"has-post-thumbnail","6":"product_cat-sach-danh-cho-nguoi-lon","7":"product_cat-trinh-tham-kinh-di","9":"first","10":"outofstock","11":"taxable","12":"shipping-taxable","13":"purchasable","14":"product-type-simple"},"supplier_id":null,"supplier_sku":"","barcode":null,"atum_controlled":true,"out_stock_date":"2021-12-21 13:54:01","out_stock_threshold":null,"inheritable":false,"inbound_stock":0,"stock_on_hold":0,"sold_today":0,"sales_last_days":0,"reserved_stock":0,"customer_returns":0,"warehouse_damage":0,"lost_in_post":0,"other_logs":0,"out_stock_days":1499,"lost_sales":0,"has_location":false,"update_date":"2026-01-28T23:10:33","atum_locations":[],"atum_stock_status":"outofstock","restock_status":false,"low_stock_amount":"","sales_update_date":"2026-01-28T23:10:33","calc_backorders":null,"acf":{"publisher":{"ID":1517,"post_author":"1","post_date":"2021-02-17 01:14:41","post_date_gmt":"2021-02-16 23:14:41","post_content":"","post_title":"NXB Tr\u1ebb","post_excerpt":"","post_status":"publish","comment_status":"closed","ping_status":"closed","post_password":"","post_name":"nxb-tre","to_ping":"","pinged":"","post_modified":"2021-02-17 01:14:41","post_modified_gmt":"2021-02-16 23:14:41","post_content_filtered":"","post_parent":0,"guid":"https:\/\/sachviet.eu\/nha-phat-hanh\/nxb-tre\/","menu_order":0,"post_type":"publisher","post_mime_type":"","comment_count":"0","filter":"raw"}},"_links":{"self":[{"href":"https:\/\/sachviet.eu\/en\/wp-json\/wp\/v2\/product\/4012","targetHints":{"allow":["GET"]}}],"collection":[{"href":"https:\/\/sachviet.eu\/en\/wp-json\/wp\/v2\/product"}],"about":[{"href":"https:\/\/sachviet.eu\/en\/wp-json\/wp\/v2\/types\/product"}],"wp:featuredmedia":[{"embeddable":true,"href":"https:\/\/sachviet.eu\/en\/wp-json\/wp\/v2\/media\/4002"}],"wp:attachment":[{"href":"https:\/\/sachviet.eu\/en\/wp-json\/wp\/v2\/media?parent=4012"}],"wp:term":[{"taxonomy":"product_brand","embeddable":true,"href":"https:\/\/sachviet.eu\/en\/wp-json\/wp\/v2\/product_brand?post=4012"},{"taxonomy":"product_cat","embeddable":true,"href":"https:\/\/sachviet.eu\/en\/wp-json\/wp\/v2\/product_cat?post=4012"},{"taxonomy":"product_tag","embeddable":true,"href":"https:\/\/sachviet.eu\/en\/wp-json\/wp\/v2\/product_tag?post=4012"}],"curies":[{"name":"wp","href":"https:\/\/api.w.org\/{rel}","templated":true}]}}