{"id":4001,"date":"2021-03-02T03:49:52","date_gmt":"2021-03-02T01:49:52","guid":{"rendered":"https:\/\/sachviet.eu\/shop\/cay-bach-buon\/"},"modified":"2021-12-21T15:54:01","modified_gmt":"2021-12-21T13:54:01","slug":"cay-bach-buon","status":"publish","type":"product","link":"https:\/\/sachviet.eu\/en\/shop\/cay-bach-buon\/","title":{"rendered":"C\u00e2y b\u00e1ch bu\u1ed3n"},"content":{"rendered":"<p>C\u00f4 Elinor Carlisle \u0111\u1ee9ng m\u1ed9t c\u00e1ch b\u00ecnh th\u1ea3n \u1edf v\u1ecb tr\u00ed b\u1ecb c\u00e1o tr\u01b0\u1edbc t\u00f2a v\u1edbi t\u1ed9i danh m\u01b0u s\u00e1t t\u00ecnh \u0111\u1ecbch c\u1ee7a m\u00ecnh \u2013 c\u00f4 Mary Gerrard. B\u1eb1ng ch\u1ee9ng \u0111\u00e3 m\u01b0\u1eddi m\u01b0\u01a1i \u2013 ch\u1ec9 c\u00f3 c\u00f4 m\u1edbi c\u00f3 \u0111\u1ed9ng c\u01a1, c\u01a1 h\u1ed9i v\u00e0 ph\u01b0\u01a1ng ti\u1ec7n gi\u1ebft ng\u01b0\u1eddi.<\/p>\n<p>Tuy nhi\u00ean, trong ph\u00f2ng x\u1eed \u00e1n, ch\u1ec9 c\u00f3 duy nh\u1ea5t m\u1ed9t ng\u01b0\u1eddi tin r\u1eb1ng c\u00f4 g\u00e1i tr\u1ebb \u0111\u1eb9p \u1ea5y v\u00f4 t\u1ed9i: Th\u00e1m t\u1eed Hercule Poirot l\u00e0 t\u1ea5t c\u1ea3 nh\u1eefng g\u00ec \u0111\u1ee9ng gi\u1eefa Elinor v\u00e0 gi\u00e1 treo c\u1ed5.  <div class=\"banner-grid-wrapper\">\n  <div id=\"banner-grid-880848782\" class=\"banner-grid row row-grid row-small\" data-packery-options=\"\">\n                      <div class=\"col grid-col large-12 grid-col-1\" ><div class=\"col-inner\">\t<div class=\"img has-hover x md-x lg-x y md-y lg-y\" id=\"image_11624973\">\n\t\t\t\t\t\t\t\t<div class=\"img-inner dark\" >\n\t\t\t<img loading=\"lazy\" decoding=\"async\" width=\"600\" height=\"600\" src=\"https:\/\/sachviet.eu\/wp-content\/uploads\/2021\/03\/image_195509_1_2156.jpg\" class=\"attachment-large size-large\" alt=\"\" srcset=\"https:\/\/sachviet.eu\/wp-content\/uploads\/2021\/03\/image_195509_1_2156.jpg 600w, https:\/\/sachviet.eu\/wp-content\/uploads\/2021\/03\/image_195509_1_2156-300x300.jpg 300w, https:\/\/sachviet.eu\/wp-content\/uploads\/2021\/03\/image_195509_1_2156-150x150.jpg 150w, https:\/\/sachviet.eu\/wp-content\/uploads\/2021\/03\/image_195509_1_2156-100x100.jpg 100w\" sizes=\"auto, (max-width: 600px) 100vw, 600px\" \/>\t\t\t\t\t\t\n\t\t\t\t\t<\/div>\n\t\t\t\t\t\t\t\t\n<style>\n#image_11624973 {\n  width: 100%;\n}\n<\/style>\n\t<\/div>\n\t<\/div><\/div>            <\/div>\n    <style>\n    #banner-grid-880848782 .grid-col-1{height: 600px}\n    #banner-grid-880848782 .grid-col-1-2{height: 300px}\n    #banner-grid-880848782 .grid-col-1-3{height:200px}\n    #banner-grid-880848782 .grid-col-2-3{height: 400px}\n    #banner-grid-880848782 .grid-col-1-4{height: 150px}\n    #banner-grid-880848782 .grid-col-3-4{height: 450px}\n\n\n    \n    \n\n  <\/style>\n    <\/div>\n  \n","protected":false},"excerpt":{"rendered":"<p>C\u00f4 Elinor Carlisle \u0111\u1ee9ng m\u1ed9t c\u00e1ch b\u00ecnh th\u1ea3n \u1edf v\u1ecb tr\u00ed b\u1ecb c\u00e1o tr\u01b0\u1edbc t\u00f2a v\u1edbi t\u1ed9i danh m\u01b0u s\u00e1t t\u00ecnh \u0111\u1ecbch c\u1ee7a m\u00ecnh \u2013 c\u00f4 Mary Gerrard. B\u1eb1ng ch\u1ee9ng \u0111\u00e3 m\u01b0\u1eddi m\u01b0\u01a1i \u2013 ch\u1ec9 c\u00f3 c\u00f4 m\u1edbi c\u00f3 \u0111\u1ed9ng c\u01a1, c\u01a1 h\u1ed9i v\u00e0 ph\u01b0\u01a1ng ti\u1ec7n gi\u1ebft ng\u01b0\u1eddi.<\/p>\n<p>Tuy nhi\u00ean, trong ph\u00f2ng x\u1eed \u00e1n, ch\u1ec9 c\u00f3 duy nh\u1ea5t m\u1ed9t ng\u01b0\u1eddi tin r\u1eb1ng c\u00f4 g\u00e1i tr\u1ebb \u0111\u1eb9p \u1ea5y v\u00f4 t\u1ed9i: Th\u00e1m t\u1eed Hercule Poirot l\u00e0 t\u1ea5t c\u1ea3 nh\u1eefng g\u00ec \u0111\u1ee9ng gi\u1eefa Elinor v\u00e0 gi\u00e1 treo c\u1ed5.<\/p>\n","protected":false},"featured_media":4000,"template":"","meta":{"_acf_changed":false},"product_brand":[],"product_cat":[15,72],"product_tag":[],"class_list":{"0":"post-4001","1":"product","2":"type-product","3":"status-publish","4":"has-post-thumbnail","6":"product_cat-sach-danh-cho-nguoi-lon","7":"product_cat-trinh-tham-kinh-di","9":"first","10":"outofstock","11":"taxable","12":"shipping-taxable","13":"purchasable","14":"product-type-simple"},"supplier_id":null,"supplier_sku":"","barcode":null,"atum_controlled":true,"out_stock_date":"2021-12-21 13:54:01","out_stock_threshold":null,"inheritable":false,"inbound_stock":0,"stock_on_hold":0,"sold_today":0,"sales_last_days":0,"reserved_stock":0,"customer_returns":0,"warehouse_damage":0,"lost_in_post":0,"other_logs":0,"out_stock_days":1499,"lost_sales":0,"has_location":false,"update_date":"2026-01-28T23:10:33","atum_locations":[],"atum_stock_status":"outofstock","restock_status":false,"low_stock_amount":"","sales_update_date":"2026-01-28T23:10:33","calc_backorders":null,"acf":{"publisher":{"ID":1517,"post_author":"1","post_date":"2021-02-17 01:14:41","post_date_gmt":"2021-02-16 23:14:41","post_content":"","post_title":"NXB Tr\u1ebb","post_excerpt":"","post_status":"publish","comment_status":"closed","ping_status":"closed","post_password":"","post_name":"nxb-tre","to_ping":"","pinged":"","post_modified":"2021-02-17 01:14:41","post_modified_gmt":"2021-02-16 23:14:41","post_content_filtered":"","post_parent":0,"guid":"https:\/\/sachviet.eu\/nha-phat-hanh\/nxb-tre\/","menu_order":0,"post_type":"publisher","post_mime_type":"","comment_count":"0","filter":"raw"}},"_links":{"self":[{"href":"https:\/\/sachviet.eu\/en\/wp-json\/wp\/v2\/product\/4001","targetHints":{"allow":["GET"]}}],"collection":[{"href":"https:\/\/sachviet.eu\/en\/wp-json\/wp\/v2\/product"}],"about":[{"href":"https:\/\/sachviet.eu\/en\/wp-json\/wp\/v2\/types\/product"}],"wp:featuredmedia":[{"embeddable":true,"href":"https:\/\/sachviet.eu\/en\/wp-json\/wp\/v2\/media\/4000"}],"wp:attachment":[{"href":"https:\/\/sachviet.eu\/en\/wp-json\/wp\/v2\/media?parent=4001"}],"wp:term":[{"taxonomy":"product_brand","embeddable":true,"href":"https:\/\/sachviet.eu\/en\/wp-json\/wp\/v2\/product_brand?post=4001"},{"taxonomy":"product_cat","embeddable":true,"href":"https:\/\/sachviet.eu\/en\/wp-json\/wp\/v2\/product_cat?post=4001"},{"taxonomy":"product_tag","embeddable":true,"href":"https:\/\/sachviet.eu\/en\/wp-json\/wp\/v2\/product_tag?post=4001"}],"curies":[{"name":"wp","href":"https:\/\/api.w.org\/{rel}","templated":true}]}}