{"id":3999,"date":"2021-03-02T03:49:47","date_gmt":"2021-03-02T01:49:47","guid":{"rendered":"https:\/\/sachviet.eu\/shop\/an-mang-dem-giang-sinh\/"},"modified":"2021-06-16T06:14:17","modified_gmt":"2021-06-16T03:14:17","slug":"an-mang-dem-giang-sinh","status":"publish","type":"product","link":"https:\/\/sachviet.eu\/en\/shop\/an-mang-dem-giang-sinh\/","title":{"rendered":"\u00c1n m\u1ea1ng \u0111\u00eam gi\u00e1ng sinh"},"content":{"rendered":"<p>\u00c1n M\u1ea1ng \u0110\u00eam Gi\u00e1ng Sinh<\/p>\n<p>T\u1ec9 ph\u00fa Simeon Lee b\u1ea5t ng\u1edd m\u1eddi gia \u0111\u00ecnh \u0111\u1ebfn nh\u00e0 t\u1ee5 h\u1ecdp m\u1eebng Gi\u00e1ng sinh khi\u1ebfn cho kh\u00e1ch kh\u1ee9a kh\u00f4ng kh\u1ecfi nghi ng\u1edd. Simeon kh\u00f4ng m\u1ea5y c\u00f3 t\u00ecnh c\u1ea3m gia \u0111\u00ecnh, v\u00e0 kh\u00f4ng ph\u1ea3i m\u1ecdi th\u00e0nh vi\u00ean trong nh\u00e0 \u0111\u1ec1u c\u00f3 quan h\u1ec7 t\u1ed1t \u0111\u1eb9p. \u0110\u00e3 v\u1eady, \u00f4ng c\u00f2n m\u1eddi Harry, th\u00e0nh vi\u00ean b\u1ecb gh\u00e9t b\u1ecf trong gia \u0111\u00ecnh, v\u00e0 \u0111\u1ee9a ch\u00e1u g\u00e1i sinh \u1edf T\u00e2y Ban Nha, Pilar, ch\u01b0a t\u1eebng ai trong gia \u0111\u00ecnh g\u1eb7p g\u1ee1. Simeon ch\u1ee7 \u00fd b\u00e0y tr\u00f2 ch\u01a1i \u00e1c v\u1edbi c\u1ea3m x\u00fac c\u1ee7a gia \u0111\u00ecnh \u00f4ng. M\u1ed9t kh\u00e1ch kh\u00f4ng m\u1eddi xu\u1ea5t hi\u1ec7n \u2013 Stephen Farr, con trai c\u1ee7a \u0111\u1ed1i t\u00e1c c\u0169 c\u1ee7a Simeon Lee th\u1eddi khai th\u00e1c kim c\u01b0\u01a1ng \u2013 khi\u1ebfn cho ng\u00f4i nh\u00e0 \u0111\u1ea7y \u1eafp ng\u1edd v\u1ef1c khi tr\u00f2 ch\u01a1i tr\u1edf th\u00e0nh ch\u1ebft ch\u00f3c.<\/p>\n  <div class=\"banner-grid-wrapper\">\n  <div id=\"banner-grid-2028330722\" class=\"banner-grid row row-grid row-small\" data-packery-options=\"\">\n            <style>\n    #banner-grid-2028330722 .grid-col-1{height: 600px}\n    #banner-grid-2028330722 .grid-col-1-2{height: 300px}\n    #banner-grid-2028330722 .grid-col-1-3{height:200px}\n    #banner-grid-2028330722 .grid-col-2-3{height: 400px}\n    #banner-grid-2028330722 .grid-col-1-4{height: 150px}\n    #banner-grid-2028330722 .grid-col-3-4{height: 450px}\n\n\n        \/* Tablet *\/\n    @media (max-width: 850px){\n      #banner-grid-2028330722 .grid-col-1{height: 400px}\n      #banner-grid-2028330722 .grid-col-1-2{height: 200px}\n      #banner-grid-2028330722 .grid-col-1-3{height:133.33333333333px}\n      #banner-grid-2028330722 .grid-col-2-3{height: 266.66666666667px}\n      #banner-grid-2028330722 .grid-col-1-4{height: 100px}\n      #banner-grid-2028330722 .grid-col-3-4{height: 300px}\n    }\n    \n        \/* Mobile *\/\n    @media (max-width: 550px){\n      #banner-grid-2028330722 .grid-col-1{height: 400px}\n      #banner-grid-2028330722 .grid-col-1-2{height: 200px}\n      #banner-grid-2028330722 .grid-col-1-3{height:133.33333333333px}\n      #banner-grid-2028330722 .grid-col-2-3{height: 266.66666666667px}\n      #banner-grid-2028330722 .grid-col-1-4{height: 100px}\n      #banner-grid-2028330722 .grid-col-3-4{height: 300px}\n    }\n    \n\n  <\/style>\n    <\/div>\n    <style>\n    #banner-grid-2028330722 .grid-col-1{height: 600px}\n    #banner-grid-2028330722 .grid-col-1-2{height: 300px}\n    #banner-grid-2028330722 .grid-col-1-3{height:200px}\n    #banner-grid-2028330722 .grid-col-2-3{height: 400px}\n    #banner-grid-2028330722 .grid-col-1-4{height: 150px}\n    #banner-grid-2028330722 .grid-col-3-4{height: 450px}\n\n\n    \n    \n\n  <\/style>\n    <\/div>\n  \n","protected":false},"excerpt":{"rendered":"<p>\u00c1n M\u1ea1ng \u0110\u00eam Gi\u00e1ng Sinh<\/p>\n<p>T\u1ec9 ph\u00fa Simeon Lee b\u1ea5t ng\u1edd m\u1eddi gia \u0111\u00ecnh \u0111\u1ebfn nh\u00e0 t\u1ee5 h\u1ecdp m\u1eebng Gi\u00e1ng sinh khi\u1ebfn cho kh\u00e1ch kh\u1ee9a kh\u00f4ng kh\u1ecfi nghi ng\u1edd. Simeon kh\u00f4ng m\u1ea5y c\u00f3 t\u00ecnh c\u1ea3m gia \u0111\u00ecnh, v\u00e0 kh\u00f4ng ph\u1ea3i m\u1ecdi th\u00e0nh vi\u00ean trong nh\u00e0 \u0111\u1ec1u c\u00f3 quan h\u1ec7 t\u1ed1t \u0111\u1eb9p. \u0110\u00e3 v\u1eady, \u00f4ng c\u00f2n m\u1eddi Harry, th\u00e0nh vi\u00ean b\u1ecb gh\u00e9t b\u1ecf trong gia \u0111\u00ecnh, v\u00e0 \u0111\u1ee9a ch\u00e1u g\u00e1i sinh \u1edf T\u00e2y Ban Nha, Pilar, ch\u01b0a t\u1eebng ai trong gia \u0111\u00ecnh g\u1eb7p g\u1ee1. Simeon ch\u1ee7 \u00fd b\u00e0y tr\u00f2 ch\u01a1i \u00e1c v\u1edbi c\u1ea3m x\u00fac c\u1ee7a gia \u0111\u00ecnh \u00f4ng. M\u1ed9t kh\u00e1ch kh\u00f4ng m\u1eddi xu\u1ea5t hi\u1ec7n \u2013 Stephen Farr, con trai c\u1ee7a \u0111\u1ed1i t\u00e1c c\u0169 c\u1ee7a Simeon Lee th\u1eddi khai th\u00e1c kim c\u01b0\u01a1ng \u2013 khi\u1ebfn cho ng\u00f4i nh\u00e0 \u0111\u1ea7y \u1eafp ng\u1edd v\u1ef1c khi tr\u00f2 ch\u01a1i tr\u1edf th\u00e0nh ch\u1ebft ch\u00f3c.<\/p>\n","protected":false},"featured_media":3990,"template":"","meta":{"_acf_changed":false},"product_brand":[],"product_cat":[15,72],"product_tag":[],"class_list":{"0":"post-3999","1":"product","2":"type-product","3":"status-publish","4":"has-post-thumbnail","6":"product_cat-sach-danh-cho-nguoi-lon","7":"product_cat-trinh-tham-kinh-di","9":"first","10":"outofstock","11":"taxable","12":"shipping-taxable","13":"purchasable","14":"product-type-simple"},"supplier_id":null,"supplier_sku":"","barcode":null,"atum_controlled":true,"out_stock_date":"2021-06-16 03:14:17","out_stock_threshold":null,"inheritable":false,"inbound_stock":0,"stock_on_hold":0,"sold_today":0,"sales_last_days":0,"reserved_stock":0,"customer_returns":0,"warehouse_damage":0,"lost_in_post":0,"other_logs":0,"out_stock_days":1687,"lost_sales":0,"has_location":false,"update_date":"2026-01-28T23:10:33","atum_locations":[],"atum_stock_status":"outofstock","restock_status":false,"low_stock_amount":"","sales_update_date":"2026-01-28T23:10:33","calc_backorders":null,"acf":{"publisher":{"ID":1517,"post_author":"1","post_date":"2021-02-17 01:14:41","post_date_gmt":"2021-02-16 23:14:41","post_content":"","post_title":"NXB Tr\u1ebb","post_excerpt":"","post_status":"publish","comment_status":"closed","ping_status":"closed","post_password":"","post_name":"nxb-tre","to_ping":"","pinged":"","post_modified":"2021-02-17 01:14:41","post_modified_gmt":"2021-02-16 23:14:41","post_content_filtered":"","post_parent":0,"guid":"https:\/\/sachviet.eu\/nha-phat-hanh\/nxb-tre\/","menu_order":0,"post_type":"publisher","post_mime_type":"","comment_count":"0","filter":"raw"}},"_links":{"self":[{"href":"https:\/\/sachviet.eu\/en\/wp-json\/wp\/v2\/product\/3999","targetHints":{"allow":["GET"]}}],"collection":[{"href":"https:\/\/sachviet.eu\/en\/wp-json\/wp\/v2\/product"}],"about":[{"href":"https:\/\/sachviet.eu\/en\/wp-json\/wp\/v2\/types\/product"}],"wp:featuredmedia":[{"embeddable":true,"href":"https:\/\/sachviet.eu\/en\/wp-json\/wp\/v2\/media\/3990"}],"wp:attachment":[{"href":"https:\/\/sachviet.eu\/en\/wp-json\/wp\/v2\/media?parent=3999"}],"wp:term":[{"taxonomy":"product_brand","embeddable":true,"href":"https:\/\/sachviet.eu\/en\/wp-json\/wp\/v2\/product_brand?post=3999"},{"taxonomy":"product_cat","embeddable":true,"href":"https:\/\/sachviet.eu\/en\/wp-json\/wp\/v2\/product_cat?post=3999"},{"taxonomy":"product_tag","embeddable":true,"href":"https:\/\/sachviet.eu\/en\/wp-json\/wp\/v2\/product_tag?post=3999"}],"curies":[{"name":"wp","href":"https:\/\/api.w.org\/{rel}","templated":true}]}}