{"id":3989,"date":"2021-03-02T03:49:10","date_gmt":"2021-03-02T01:49:10","guid":{"rendered":"https:\/\/sachviet.eu\/shop\/quan-khu-nam-dong\/"},"modified":"2022-04-05T00:49:34","modified_gmt":"2022-04-04T21:49:34","slug":"quan-khu-nam-dong","status":"publish","type":"product","link":"https:\/\/sachviet.eu\/en\/shop\/quan-khu-nam-dong\/","title":{"rendered":"Qu\u00e2n khu Nam \u0110\u1ed3ng"},"content":{"rendered":"<p>Khu t\u1eadp th\u1ec3 Nam \u0110\u1ed3ng l\u00e0 khu gia binh l\u1edbn nh\u1ea5t th\u1ee7 \u0111\u00f4 H\u00e0 N\u1ed9i, \u0111\u01b0\u1ee3c h\u00ecnh th\u00e0nh c\u00e1ch \u0111\u00e2y h\u01a1n 50 n\u0103m. L\u00e0 n\u01a1i \u1edf c\u1ee7a h\u01a1n 500 gia \u0111\u00ecnh c\u00e1n b\u1ed9 qu\u00e2n \u0111\u1ed9i trung, cao c\u1ea5p, h\u01a1n 70 v\u1ecb t\u01b0\u1edbng \u0111\u00e3 t\u1eebng sinh s\u1ed1ng v\u00e0 tr\u01b0\u1edfng th\u00e0nh t\u1eeb Khu t\u1eadp th\u1ec3 Nam \u0110\u1ed3ng, nhi\u1ec1u gia \u0111\u00ecnh c\u00f3 c\u1ea3 hai th\u1ebf h\u1ec7 \u201ct\u01b0\u1edbng cha\u201d v\u00e0 \u201ct\u01b0\u1edbng con\u201d. \u0110\u00e2y l\u00e0 m\u1ed9t khu gia binh \u0111i\u1ec3n h\u00ecnh, m\u1ed9t \u0111\u1ea1i gia \u0111\u00ecnh qu\u00e2n nh\u00e2n thu nh\u1ecf th\u1eddi chi\u1ebfn v\u00e0 h\u1eadu chi\u1ebfn.<\/p>\n<p>\u201cQu\u00e2n khu Nam \u0110\u1ed3ng\u201d l\u00e0 ti\u1ec3u thuy\u1ebft \u0111\u01b0\u1ee3c vi\u1ebft b\u1eb1ng b\u00fat ph\u00e1p hi\u1ec7n th\u1ef1c b\u1edfi m\u1ed9t c\u00e2y b\u00fat l\u1ea7n \u0111\u1ea7u ti\u00ean xu\u1ea5t hi\u1ec7n tr\u00ean v\u0103n \u0111\u00e0n, v\u00e0 c\u0169ng l\u00e0 m\u1ed9t ng\u01b0\u1eddi con c\u1ee7a khu t\u1eadp th\u1ec3 Nam \u0110\u1ed3ng. T\u00e1c gi\u1ea3 v\u1eeba l\u00e0 nh\u00e2n ch\u1ee9ng, v\u1eeba l\u00e0 nh\u00e2n v\u1eadt tr\u1ef1c ti\u1ebfp tham gia v\u00e0o c\u00e1c s\u1ef1 ki\u1ec7n; l\u1ea1i c\u0169ng l\u00e0 ng\u01b0\u1eddi quan s\u00e1t t\u1ec9nh t\u00e1o c\u00f3 \u0111\u1ed9 l\u00f9i th\u1eddi gian \u0111\u1ec3 r\u00fat ra nh\u1eefng chi\u00eam nghi\u1ec7m v\u00e0 th\u00f4ng \u0111i\u1ec7p s\u00e2u s\u1eafc v\u1ec1 m\u1ed9t giai \u0111o\u1ea1n l\u1ecbch s\u1eed \u0111\u1eb7c bi\u1ec7t c\u1ee7a \u0111\u1ea5t n\u01b0\u1edbc ch\u00fang ta.<\/p>\n<p>M\u1ed9t cu\u1ed1n s\u00e1ch l\u00f4i cu\u1ed1n, ly k\u1ef3, h\u1ea5p d\u1eabn, khi\u1ebfn ta kh\u00f3 r\u1eddi m\u1eaft tr\u01b0\u1edbc khi l\u1eadt \u0111\u1ebfn trang cu\u1ed1i c\u00f9ng&#8230;M\u1ed9t cu\u1ed1n s\u00e1ch s\u1ebd mang t\u1edbi r\u1ea5t nhi\u1ec1u ti\u1ebfng c\u01b0\u1eddi v\u00e0 l\u1ea5y \u0111i c\u1ee7a ch\u00fang ta r\u1ea5t nhi\u1ec1u n\u01b0\u1edbc m\u1eaft&#8230;  <div class=\"banner-grid-wrapper\">\n  <div id=\"banner-grid-1619781189\" class=\"banner-grid row row-grid row-small\" data-packery-options=\"\">\n            <style>\n    #banner-grid-1619781189 .grid-col-1{height: 600px}\n    #banner-grid-1619781189 .grid-col-1-2{height: 300px}\n    #banner-grid-1619781189 .grid-col-1-3{height:200px}\n    #banner-grid-1619781189 .grid-col-2-3{height: 400px}\n    #banner-grid-1619781189 .grid-col-1-4{height: 150px}\n    #banner-grid-1619781189 .grid-col-3-4{height: 450px}\n\n\n        \/* Tablet *\/\n    @media (max-width: 850px){\n      #banner-grid-1619781189 .grid-col-1{height: 400px}\n      #banner-grid-1619781189 .grid-col-1-2{height: 200px}\n      #banner-grid-1619781189 .grid-col-1-3{height:133.33333333333px}\n      #banner-grid-1619781189 .grid-col-2-3{height: 266.66666666667px}\n      #banner-grid-1619781189 .grid-col-1-4{height: 100px}\n      #banner-grid-1619781189 .grid-col-3-4{height: 300px}\n    }\n    \n        \/* Mobile *\/\n    @media (max-width: 550px){\n      #banner-grid-1619781189 .grid-col-1{height: 400px}\n      #banner-grid-1619781189 .grid-col-1-2{height: 200px}\n      #banner-grid-1619781189 .grid-col-1-3{height:133.33333333333px}\n      #banner-grid-1619781189 .grid-col-2-3{height: 266.66666666667px}\n      #banner-grid-1619781189 .grid-col-1-4{height: 100px}\n      #banner-grid-1619781189 .grid-col-3-4{height: 300px}\n    }\n    \n\n  <\/style>\n    <\/div>\n    <style>\n    #banner-grid-1619781189 .grid-col-1{height: 600px}\n    #banner-grid-1619781189 .grid-col-1-2{height: 300px}\n    #banner-grid-1619781189 .grid-col-1-3{height:200px}\n    #banner-grid-1619781189 .grid-col-2-3{height: 400px}\n    #banner-grid-1619781189 .grid-col-1-4{height: 150px}\n    #banner-grid-1619781189 .grid-col-3-4{height: 450px}\n\n\n    \n    \n\n  <\/style>\n    <\/div>\n  \n","protected":false},"excerpt":{"rendered":"<p>Khu t\u1eadp th\u1ec3 Nam \u0110\u1ed3ng l\u00e0 khu gia binh l\u1edbn nh\u1ea5t th\u1ee7 \u0111\u00f4 H\u00e0 N\u1ed9i, \u0111\u01b0\u1ee3c h\u00ecnh th\u00e0nh c\u00e1ch \u0111\u00e2y h\u01a1n 50 n\u0103m. L\u00e0 n\u01a1i \u1edf c\u1ee7a h\u01a1n 500 gia \u0111\u00ecnh c\u00e1n b\u1ed9 qu\u00e2n \u0111\u1ed9i trung, cao c\u1ea5p, h\u01a1n 70 v\u1ecb t\u01b0\u1edbng \u0111\u00e3 t\u1eebng sinh s\u1ed1ng v\u00e0 tr\u01b0\u1edfng th\u00e0nh t\u1eeb Khu t\u1eadp th\u1ec3 Nam \u0110\u1ed3ng, nhi\u1ec1u gia \u0111\u00ecnh c\u00f3 c\u1ea3 hai th\u1ebf h\u1ec7 \u201ct\u01b0\u1edbng cha\u201d v\u00e0 \u201ct\u01b0\u1edbng con\u201d. \u0110\u00e2y l\u00e0 m\u1ed9t khu gia binh \u0111i\u1ec3n h\u00ecnh, m\u1ed9t \u0111\u1ea1i gia \u0111\u00ecnh qu\u00e2n nh\u00e2n thu nh\u1ecf th\u1eddi chi\u1ebfn v\u00e0 h\u1eadu chi\u1ebfn.<\/p>\n<p>\u201cQu\u00e2n khu Nam \u0110\u1ed3ng\u201d l\u00e0 ti\u1ec3u thuy\u1ebft \u0111\u01b0\u1ee3c vi\u1ebft b\u1eb1ng b\u00fat ph\u00e1p hi\u1ec7n th\u1ef1c b\u1edfi m\u1ed9t c\u00e2y b\u00fat l\u1ea7n \u0111\u1ea7u ti\u00ean xu\u1ea5t hi\u1ec7n tr\u00ean v\u0103n \u0111\u00e0n, v\u00e0 c\u0169ng l\u00e0 m\u1ed9t ng\u01b0\u1eddi con c\u1ee7a khu t\u1eadp th\u1ec3 Nam \u0110\u1ed3ng. T\u00e1c gi\u1ea3 v\u1eeba l\u00e0 nh\u00e2n ch\u1ee9ng, v\u1eeba l\u00e0 nh\u00e2n v\u1eadt tr\u1ef1c ti\u1ebfp tham gia v\u00e0o c\u00e1c s\u1ef1 ki\u1ec7n; l\u1ea1i c\u0169ng l\u00e0 ng\u01b0\u1eddi quan s\u00e1t t\u1ec9nh t\u00e1o c\u00f3 \u0111\u1ed9 l\u00f9i th\u1eddi gian \u0111\u1ec3 r\u00fat ra nh\u1eefng chi\u00eam nghi\u1ec7m v\u00e0 th\u00f4ng \u0111i\u1ec7p s\u00e2u s\u1eafc v\u1ec1 m\u1ed9t giai \u0111o\u1ea1n l\u1ecbch s\u1eed \u0111\u1eb7c bi\u1ec7t c\u1ee7a \u0111\u1ea5t n\u01b0\u1edbc ch\u00fang ta.<\/p>\n<p>M\u1ed9t cu\u1ed1n s\u00e1ch l\u00f4i cu\u1ed1n, ly k\u1ef3, h\u1ea5p d\u1eabn, khi\u1ebfn ta kh\u00f3 r\u1eddi m\u1eaft tr\u01b0\u1edbc khi l\u1eadt \u0111\u1ebfn trang cu\u1ed1i c\u00f9ng&#8230;M\u1ed9t cu\u1ed1n s\u00e1ch s\u1ebd mang t\u1edbi r\u1ea5t nhi\u1ec1u ti\u1ebfng c\u01b0\u1eddi v\u00e0 l\u1ea5y \u0111i c\u1ee7a ch\u00fang ta r\u1ea5t nhi\u1ec1u n\u01b0\u1edbc m\u1eaft&#8230;<\/p>\n","protected":false},"featured_media":3977,"template":"","meta":{"_acf_changed":false},"product_brand":[],"product_cat":[15,47],"product_tag":[],"class_list":{"0":"post-3989","1":"product","2":"type-product","3":"status-publish","4":"has-post-thumbnail","6":"product_cat-sach-danh-cho-nguoi-lon","7":"product_cat-truyen-ngan-tan-van","9":"first","10":"outofstock","11":"taxable","12":"shipping-taxable","13":"purchasable","14":"product-type-simple"},"supplier_id":null,"supplier_sku":"","barcode":null,"atum_controlled":true,"out_stock_date":"2022-04-04 18:49:34","out_stock_threshold":null,"inheritable":false,"inbound_stock":0,"stock_on_hold":0,"sold_today":0,"sales_last_days":0,"reserved_stock":0,"customer_returns":0,"warehouse_damage":0,"lost_in_post":0,"other_logs":0,"out_stock_days":1395,"lost_sales":0,"has_location":false,"update_date":"2026-01-28T23:10:33","atum_locations":[],"atum_stock_status":"outofstock","restock_status":false,"low_stock_amount":"","sales_update_date":"2026-01-28T23:10:33","calc_backorders":null,"acf":{"publisher":{"ID":1517,"post_author":"1","post_date":"2021-02-17 01:14:41","post_date_gmt":"2021-02-16 23:14:41","post_content":"","post_title":"NXB Tr\u1ebb","post_excerpt":"","post_status":"publish","comment_status":"closed","ping_status":"closed","post_password":"","post_name":"nxb-tre","to_ping":"","pinged":"","post_modified":"2021-02-17 01:14:41","post_modified_gmt":"2021-02-16 23:14:41","post_content_filtered":"","post_parent":0,"guid":"https:\/\/sachviet.eu\/nha-phat-hanh\/nxb-tre\/","menu_order":0,"post_type":"publisher","post_mime_type":"","comment_count":"0","filter":"raw"}},"_links":{"self":[{"href":"https:\/\/sachviet.eu\/en\/wp-json\/wp\/v2\/product\/3989","targetHints":{"allow":["GET"]}}],"collection":[{"href":"https:\/\/sachviet.eu\/en\/wp-json\/wp\/v2\/product"}],"about":[{"href":"https:\/\/sachviet.eu\/en\/wp-json\/wp\/v2\/types\/product"}],"wp:featuredmedia":[{"embeddable":true,"href":"https:\/\/sachviet.eu\/en\/wp-json\/wp\/v2\/media\/3977"}],"wp:attachment":[{"href":"https:\/\/sachviet.eu\/en\/wp-json\/wp\/v2\/media?parent=3989"}],"wp:term":[{"taxonomy":"product_brand","embeddable":true,"href":"https:\/\/sachviet.eu\/en\/wp-json\/wp\/v2\/product_brand?post=3989"},{"taxonomy":"product_cat","embeddable":true,"href":"https:\/\/sachviet.eu\/en\/wp-json\/wp\/v2\/product_cat?post=3989"},{"taxonomy":"product_tag","embeddable":true,"href":"https:\/\/sachviet.eu\/en\/wp-json\/wp\/v2\/product_tag?post=3989"}],"curies":[{"name":"wp","href":"https:\/\/api.w.org\/{rel}","templated":true}]}}