{"id":3976,"date":"2021-03-02T03:48:35","date_gmt":"2021-03-02T01:48:35","guid":{"rendered":"https:\/\/sachviet.eu\/shop\/1987\/"},"modified":"2021-05-18T00:34:15","modified_gmt":"2021-05-17T21:34:15","slug":"1987","status":"publish","type":"product","link":"https:\/\/sachviet.eu\/en\/shop\/1987\/","title":{"rendered":"1987"},"content":{"rendered":"<p>1987 l\u00e0 th\u1ebf h\u1ec7 sinh ra khi Vi\u1ec7t Nam ch\u1ea5m d\u1ee9t th\u1eddi bao c\u1ea5p v\u00e0 b\u1eaft \u0111\u1ea7u \u0110\u1ed5i m\u1edbi. H\u1ecd ch\u1ee9ng ki\u1ebfn c\u00e1c th\u00e0nh t\u1ef1u c\u1ee7a h\u1ed9i nh\u1eadp v\u1edbi th\u1ebf gi\u1edbi, c\u00e1c bi\u1ebfn c\u1ed1 c\u1ee7a to\u00e0n c\u1ea7u h\u00f3a v\u00e0 h\u01b0\u1edfng c\u00e1c ti\u1ec7n nghi hi\u1ec7n \u0111\u1ea1i g\u1ea7n nh\u01b0 c\u00f9ng l\u00fac v\u1edbi th\u1ebf h\u1ec7 tr\u1ebb qu\u1ed1c t\u1ebf. Kh\u00e1c v\u1edbi c\u00e1c th\u1ebf h\u1ec7 tr\u01b0\u1edbc, cu\u1ed9c s\u1ed1ng c\u1ee7a h\u1ecd c\u00f3 th\u1ec3 n\u00f3i l\u00e0 \u0111\u1ea7y \u0111\u1ee7 h\u01a1n v\u00e0 nhi\u1ec1u c\u01a1 h\u1ed9i kh\u1ea3ng \u0111\u1ecbnh b\u1ea3n th\u00e2n. Tuy nhi\u00ean, khi b\u01b0\u1edbc v\u00e0o tu\u1ed5i 30, nhi\u1ec1u ng\u01b0\u1eddi trong s\u1ed1 h\u1ecd nh\u00ecn l\u1ea1i qu\u00e3ng \u0111\u1eddi th\u01a1 \u1ea5u v\u00e0 thanh xu\u00e2n c\u1ee7a m\u00ecnh kh\u00f4ng ch\u1ec9 to\u00e0n m\u00e0u h\u1ed3ng m\u00e0 c\u0169ng c\u00f3 nhi\u1ec1u \u0111i\u1ec1u nu\u1ed1i ti\u1ebfc. Cu\u1ed1n s\u00e1ch 1987 c\u00f3 th\u1ec3 xem nh\u01b0 ch\u00e2n dung c\u1ee7a m\u1ed9t th\u1ebf h\u1ec7 nh\u01b0 th\u1ebf, g\u1ed3m h\u1ed3i \u1ee9c c\u1ee7a \u0111a d\u1ea1ng nh\u1eefng b\u1ea1n tr\u1ebb, t\u1eeb nh\u1eefng nh\u00e2n v\u1eadt c\u1ee7a truy\u1ec1n th\u00f4ng nh\u01b0 Hoa h\u1eadu Ng\u00f4 Ph\u01b0\u01a1ng Lan, nh\u00e0 b\u00e1o \u0110inh \u0110\u1ee9c Ho\u00e0ng, di\u1ec5n vi\u00ean \u201chot girl\u201d Elly Tr\u1ea7n, ca s\u0129 Ph\u1ea1m To\u00e0n Th\u1eafng\u2026 cho \u0111\u1ebfn c\u00e1c b\u1ea1n l\u00e0m nh\u00e2n vi\u00ean v\u0103n ph\u00f2ng, ti\u1ebfn s\u0129 khoa h\u1ecdc, b\u00ecnh lu\u1eadn vi\u00ean b\u00f3ng \u0111\u00e1, gi\u00e1o vi\u00ean, nh\u00e0 b\u00e1o, doanh nh\u00e2n\u2026 H\u1ecd d\u1eabn d\u1eaft ng\u01b0\u1eddi \u0111\u1ecdc t\u1eeb nh\u1eefng ng\u00e0y th\u00e1ng th\u01a1 \u1ea5u v\u1edbi nh\u1eefng  <div class=\"banner-grid-wrapper\">\n  <div id=\"banner-grid-370606990\" class=\"banner-grid row row-grid row-small\" data-packery-options=\"\">\n            <style>\n    #banner-grid-370606990 .grid-col-1{height: 600px}\n    #banner-grid-370606990 .grid-col-1-2{height: 300px}\n    #banner-grid-370606990 .grid-col-1-3{height:200px}\n    #banner-grid-370606990 .grid-col-2-3{height: 400px}\n    #banner-grid-370606990 .grid-col-1-4{height: 150px}\n    #banner-grid-370606990 .grid-col-3-4{height: 450px}\n\n\n        \/* Tablet *\/\n    @media (max-width: 850px){\n      #banner-grid-370606990 .grid-col-1{height: 400px}\n      #banner-grid-370606990 .grid-col-1-2{height: 200px}\n      #banner-grid-370606990 .grid-col-1-3{height:133.33333333333px}\n      #banner-grid-370606990 .grid-col-2-3{height: 266.66666666667px}\n      #banner-grid-370606990 .grid-col-1-4{height: 100px}\n      #banner-grid-370606990 .grid-col-3-4{height: 300px}\n    }\n    \n        \/* Mobile *\/\n    @media (max-width: 550px){\n      #banner-grid-370606990 .grid-col-1{height: 400px}\n      #banner-grid-370606990 .grid-col-1-2{height: 200px}\n      #banner-grid-370606990 .grid-col-1-3{height:133.33333333333px}\n      #banner-grid-370606990 .grid-col-2-3{height: 266.66666666667px}\n      #banner-grid-370606990 .grid-col-1-4{height: 100px}\n      #banner-grid-370606990 .grid-col-3-4{height: 300px}\n    }\n    \n\n  <\/style>\n    <\/div>\n    <style>\n    #banner-grid-370606990 .grid-col-1{height: 600px}\n    #banner-grid-370606990 .grid-col-1-2{height: 300px}\n    #banner-grid-370606990 .grid-col-1-3{height:200px}\n    #banner-grid-370606990 .grid-col-2-3{height: 400px}\n    #banner-grid-370606990 .grid-col-1-4{height: 150px}\n    #banner-grid-370606990 .grid-col-3-4{height: 450px}\n\n\n    \n    \n\n  <\/style>\n    <\/div>\n  \n","protected":false},"excerpt":{"rendered":"<p>1987 l\u00e0 th\u1ebf h\u1ec7 sinh ra khi Vi\u1ec7t Nam ch\u1ea5m d\u1ee9t th\u1eddi bao c\u1ea5p v\u00e0 b\u1eaft \u0111\u1ea7u \u0110\u1ed5i m\u1edbi. H\u1ecd ch\u1ee9ng ki\u1ebfn c\u00e1c th\u00e0nh t\u1ef1u c\u1ee7a h\u1ed9i nh\u1eadp v\u1edbi th\u1ebf gi\u1edbi, c\u00e1c bi\u1ebfn c\u1ed1 c\u1ee7a to\u00e0n c\u1ea7u h\u00f3a v\u00e0 h\u01b0\u1edfng c\u00e1c ti\u1ec7n nghi hi\u1ec7n \u0111\u1ea1i g\u1ea7n nh\u01b0 c\u00f9ng l\u00fac v\u1edbi th\u1ebf h\u1ec7 tr\u1ebb qu\u1ed1c t\u1ebf. Kh\u00e1c v\u1edbi c\u00e1c th\u1ebf h\u1ec7 tr\u01b0\u1edbc, cu\u1ed9c s\u1ed1ng c\u1ee7a h\u1ecd c\u00f3 th\u1ec3 n\u00f3i l\u00e0 \u0111\u1ea7y \u0111\u1ee7 h\u01a1n v\u00e0 nhi\u1ec1u c\u01a1 h\u1ed9i kh\u1ea3ng \u0111\u1ecbnh b\u1ea3n th\u00e2n. Tuy nhi\u00ean, khi b\u01b0\u1edbc v\u00e0o tu\u1ed5i 30, nhi\u1ec1u ng\u01b0\u1eddi trong s\u1ed1 h\u1ecd nh\u00ecn l\u1ea1i qu\u00e3ng \u0111\u1eddi th\u01a1 \u1ea5u v\u00e0 thanh xu\u00e2n c\u1ee7a m\u00ecnh kh\u00f4ng ch\u1ec9 to\u00e0n m\u00e0u h\u1ed3ng m\u00e0 c\u0169ng c\u00f3 nhi\u1ec1u \u0111i\u1ec1u nu\u1ed1i ti\u1ebfc. Cu\u1ed1n s\u00e1ch 1987 c\u00f3 th\u1ec3 xem nh\u01b0 ch\u00e2n dung c\u1ee7a m\u1ed9t th\u1ebf h\u1ec7 nh\u01b0 th\u1ebf, g\u1ed3m h\u1ed3i \u1ee9c c\u1ee7a \u0111a d\u1ea1ng nh\u1eefng b\u1ea1n tr\u1ebb, t\u1eeb nh\u1eefng nh\u00e2n v\u1eadt c\u1ee7a truy\u1ec1n th\u00f4ng nh\u01b0 Hoa h\u1eadu Ng\u00f4 Ph\u01b0\u01a1ng Lan, nh\u00e0 b\u00e1o \u0110inh \u0110\u1ee9c Ho\u00e0ng, di\u1ec5n vi\u00ean \u201chot girl\u201d Elly Tr\u1ea7n, ca s\u0129 Ph\u1ea1m To\u00e0n Th\u1eafng\u2026 cho \u0111\u1ebfn c\u00e1c b\u1ea1n l\u00e0m nh\u00e2n vi\u00ean v\u0103n ph\u00f2ng, ti\u1ebfn s\u0129 khoa h\u1ecdc, b\u00ecnh lu\u1eadn vi\u00ean b\u00f3ng \u0111\u00e1, gi\u00e1o vi\u00ean, nh\u00e0 b\u00e1o, doanh nh\u00e2n\u2026 H\u1ecd d\u1eabn d\u1eaft ng\u01b0\u1eddi \u0111\u1ecdc t\u1eeb nh\u1eefng ng\u00e0y th\u00e1ng th\u01a1 \u1ea5u v\u1edbi nh\u1eefng<\/p>\n","protected":false},"featured_media":3972,"template":"","meta":{"_acf_changed":false},"product_brand":[],"product_cat":[15,47],"product_tag":[],"class_list":{"0":"post-3976","1":"product","2":"type-product","3":"status-publish","4":"has-post-thumbnail","6":"product_cat-sach-danh-cho-nguoi-lon","7":"product_cat-truyen-ngan-tan-van","9":"first","10":"outofstock","11":"taxable","12":"shipping-taxable","13":"purchasable","14":"product-type-simple"},"supplier_id":null,"supplier_sku":"","barcode":null,"atum_controlled":true,"out_stock_date":"2021-03-02 01:48:35","out_stock_threshold":null,"inheritable":false,"inbound_stock":0,"stock_on_hold":0,"sold_today":0,"sales_last_days":0,"reserved_stock":0,"customer_returns":0,"warehouse_damage":0,"lost_in_post":0,"other_logs":0,"out_stock_days":1793,"lost_sales":0,"has_location":false,"update_date":"2026-01-28T23:10:33","atum_locations":[],"atum_stock_status":"outofstock","restock_status":false,"low_stock_amount":"","sales_update_date":"2026-01-28T23:10:33","calc_backorders":null,"acf":{"publisher":{"ID":1517,"post_author":"1","post_date":"2021-02-17 01:14:41","post_date_gmt":"2021-02-16 23:14:41","post_content":"","post_title":"NXB Tr\u1ebb","post_excerpt":"","post_status":"publish","comment_status":"closed","ping_status":"closed","post_password":"","post_name":"nxb-tre","to_ping":"","pinged":"","post_modified":"2021-02-17 01:14:41","post_modified_gmt":"2021-02-16 23:14:41","post_content_filtered":"","post_parent":0,"guid":"https:\/\/sachviet.eu\/nha-phat-hanh\/nxb-tre\/","menu_order":0,"post_type":"publisher","post_mime_type":"","comment_count":"0","filter":"raw"}},"_links":{"self":[{"href":"https:\/\/sachviet.eu\/en\/wp-json\/wp\/v2\/product\/3976","targetHints":{"allow":["GET"]}}],"collection":[{"href":"https:\/\/sachviet.eu\/en\/wp-json\/wp\/v2\/product"}],"about":[{"href":"https:\/\/sachviet.eu\/en\/wp-json\/wp\/v2\/types\/product"}],"wp:featuredmedia":[{"embeddable":true,"href":"https:\/\/sachviet.eu\/en\/wp-json\/wp\/v2\/media\/3972"}],"wp:attachment":[{"href":"https:\/\/sachviet.eu\/en\/wp-json\/wp\/v2\/media?parent=3976"}],"wp:term":[{"taxonomy":"product_brand","embeddable":true,"href":"https:\/\/sachviet.eu\/en\/wp-json\/wp\/v2\/product_brand?post=3976"},{"taxonomy":"product_cat","embeddable":true,"href":"https:\/\/sachviet.eu\/en\/wp-json\/wp\/v2\/product_cat?post=3976"},{"taxonomy":"product_tag","embeddable":true,"href":"https:\/\/sachviet.eu\/en\/wp-json\/wp\/v2\/product_tag?post=3976"}],"curies":[{"name":"wp","href":"https:\/\/api.w.org\/{rel}","templated":true}]}}