{"id":3971,"date":"2021-03-02T03:43:56","date_gmt":"2021-03-02T01:43:56","guid":{"rendered":"https:\/\/sachviet.eu\/shop\/1987-30-chua-phai-la-tet\/"},"modified":"2021-05-18T00:34:22","modified_gmt":"2021-05-17T21:34:22","slug":"1987-30-chua-phai-la-tet","status":"publish","type":"product","link":"https:\/\/sachviet.eu\/en\/shop\/1987-30-chua-phai-la-tet\/","title":{"rendered":"1987+: 30 Ch\u01b0a Ph\u1ea3i L\u00e0 T\u1ebft"},"content":{"rendered":"<p>1987+: 30 Ch\u01b0a Ph\u1ea3i L\u00e0 T\u1ebft<\/p>\n<p>Ti\u1ebfp n\u1ed1i nh\u1eefng c\u00e2u chuy\u1ec7n c\u1ee7a tu\u1ed5i 30, \u201c1987+: 30 ch\u01b0a ph\u1ea3i l\u00e0 T\u1ebft\u201d c\u00f3 th\u1ec3 coi l\u00e0 t\u1eadp hai c\u1ee7a cu\u1ed1n \u201c1987\u201d. N\u1ebfu nh\u01b0 t\u1eadp \u0111\u1ea7u ti\u00ean mang m\u00e0u s\u1eafc trong tr\u1ebbo, h\u1ed3n nhi\u00ean \u0111i theo qu\u00e3ng th\u1eddi gian 30 n\u0103m t\u1eeb \u1ea5u th\u01a1 \u0111\u1ebfn tr\u01b0\u1edfng th\u00e0nh c\u1ee7a th\u1ebf h\u1ec7 1987 th\u00ec trong cu\u1ed1n s\u00e1ch m\u1edbi s\u1ebd l\u00e0 nh\u1eefng c\u00e2u chuy\u1ec7n, suy ngh\u0129 mang t\u00ednh th\u1eddi cu\u1ed9c v\u00e0 c\u1ea3 nh\u1eefng d\u1ef1 \u00e1n d\u00e0nh cho c\u1ed9t m\u1ed1c \u201ctam th\u1eadp nhi l\u1eadp\u201d. L\u1ea7n n\u00e0y, v\u1edbi nh\u00f3m t\u00e1c gi\u1ea3 m\u1edbi ho\u00e0n to\u00e0n, trong \u0111\u00f3 c\u00f3 c\u1ea3 nh\u1eefng nh\u00e2n v\u1eadt sinh n\u0103m 1988 \u2013 nh\u1eefng ng\u01b0\u1eddi s\u1ebd b\u01b0\u1edbc qua c\u1ed9t m\u1ed1c tu\u1ed5i 30 trong n\u0103m 2018.<\/p>\n<p>Kh\u00e1c v\u1edbi h\u00e0nh tr\u00ecnh th\u1eddi gian 30 n\u0103m c\u1ee7a cu\u1ed1n \u0111\u1ea7u, \u201c1987+: 30 ch\u01b0a ph\u1ea3i l\u00e0 T\u1ebft\u201d s\u1ebd l\u00e0 nh\u1eefng c\u00e2u chuy\u1ec7n v\u1ec1 tu\u1ed5i 30, v\u1ec1 nh\u1eefng suy t\u01b0, tr\u0103n tr\u1edf khi \u0111\u00e3 \u201ctam th\u1eadp nhi l\u1eadp\u201d. \u0110\u00f3 l\u00e0 Tr\u1ea7n \u0110\u1eb7ng \u0110\u0103ng Khoa, ch\u00e0ng trai ph\u01b0\u1ee3t th\u1ee7 quy\u1ebft \u0111\u1ecbnh k\u1ef7 ni\u1ec7m c\u1ed9t m\u1ed1c tu\u1ed5i 30 b\u1eb1ng vi\u1ec7c l\u00e1i xe m\u00e1y \u0111i du l\u1ecbch v\u00f2ng quanh th\u1ebf gi\u1edbi. \u0110\u00f3 l\u00e0 Hoa h\u1eadu Mai Ph\u01b0\u01a1ng Th\u00fay sau \u00e1nh h\u00e0o quang showbiz t\u01b0\u1edfng nh\u01b0 khuynh \u0111\u1ea3o th\u00f4ng tin m\u1ea1ng x\u00e3 h\u1ed9i \u0111\u00e3 kh\u00e1m ph\u00e1 b\u1ea3n th\u00e2n m\u00ecnh \u1edf l\u0129nh v\u1ef1c \u0111\u1ea7u t\u01b0 t\u00e0i ch\u00ednh. \u0110\u00f3 l\u00e0 Uy\u00ean Linh, c\u00f4 g\u00e1i 10 n\u0103m tr\u01b0\u1edbc v\u1eabn c\u00f2n \u0111i kinh doanh qu\u1ea7n \u00e1o th\u1eddi sinh vi\u00ean \u0111\u1ec3 r\u1ed3i tr\u1edf th\u00e0nh Th\u1ea7n t\u01b0\u1ee3ng \u00e2m nh\u1ea1c Vi\u1ec7t Nam v\u00e0 \u0111\u1ebfn nay l\u00e0 m\u1ed9t trong nh\u1eefng n\u1eef ca s\u0129 h\u00e0ng \u0111\u1ea7u. \u0110\u00f3 l\u00e0 Lu\u00e2n, ch\u00e0ng trai t\u1eeb b\u1ecf gi\u1ea5c m\u01a1 M\u1ef9 \u0111\u1ec3 l\u00ean \u0110\u00e0 L\u1ea1t x\u00e2y ng\u00f4i nh\u00e0 c\u00f3 t\u00ean g\u1ecdi \u201cTh\u1eddi thanh xu\u00e2n\u201d l\u00e0 n\u01a1i m\u00e0 \u201cng\u01b0\u1eddi n\u00f3i\u201d v\u00e0 \u201cng\u01b0\u1eddi \u0111i\u1ebfc\u201d chung s\u1ed1ng h\u1ea1nh ph\u00fac. \u0110\u00f3 c\u0169ng l\u00e0 Machi, c\u00f4 g\u00e1i \u0110inh M\u00e3o \u0111\u00e3 qua \u201chai l\u1ea7n \u0111\u00f2\u201d \u0111\u1ec3 r\u1ed3i t\u00ecm th\u1ea5y h\u1ea1nh ph\u00fac n\u01a1i c\u0103n b\u1ebfp b\u00ean chi\u1ebfc t\u1ea1p d\u1ec1\u2026 Tr\u1ea3i qua 30 n\u0103m, cu\u1ed9c \u0111\u1eddi \u0111\u00e3 qu\u1eadt ng\u00e3 h\u1ecd nhi\u1ec1u l\u1ea7n, theo c\u00e1ch n\u00e0y hay c\u00e1ch kh\u00e1c. Nh\u01b0ng t\u1ea5t c\u1ea3 \u0111\u1ec1u \u0111\u1ee9ng l\u00ean, l\u00e0m ch\u1ee7 ch\u00ednh m\u00ecnh. Tr\u01b0\u1edbc tu\u1ed5i 30, h\u1ecd d\u00e0nh t\u1ea5t c\u1ea3 th\u1eddi gian \u0111\u1ec3 kh\u00e1m ph\u00e1 th\u1ebf gi\u1edbi. Khi b\u01b0\u1edbc sang tu\u1ed5i 30, v\u00f9ng \u0111\u1ea5t m\u00e0 h\u1ecd mu\u1ed1n khai ph\u00e1 nh\u1ea5t ch\u00ednh l\u00e0 b\u1ea3n th\u00e2n m\u00ecnh.  <div class=\"banner-grid-wrapper\">\n  <div id=\"banner-grid-1319349895\" class=\"banner-grid row row-grid row-small\" data-packery-options=\"\">\n            <style>\n    #banner-grid-1319349895 .grid-col-1{height: 600px}\n    #banner-grid-1319349895 .grid-col-1-2{height: 300px}\n    #banner-grid-1319349895 .grid-col-1-3{height:200px}\n    #banner-grid-1319349895 .grid-col-2-3{height: 400px}\n    #banner-grid-1319349895 .grid-col-1-4{height: 150px}\n    #banner-grid-1319349895 .grid-col-3-4{height: 450px}\n\n\n        \/* Tablet *\/\n    @media (max-width: 850px){\n      #banner-grid-1319349895 .grid-col-1{height: 400px}\n      #banner-grid-1319349895 .grid-col-1-2{height: 200px}\n      #banner-grid-1319349895 .grid-col-1-3{height:133.33333333333px}\n      #banner-grid-1319349895 .grid-col-2-3{height: 266.66666666667px}\n      #banner-grid-1319349895 .grid-col-1-4{height: 100px}\n      #banner-grid-1319349895 .grid-col-3-4{height: 300px}\n    }\n    \n        \/* Mobile *\/\n    @media (max-width: 550px){\n      #banner-grid-1319349895 .grid-col-1{height: 400px}\n      #banner-grid-1319349895 .grid-col-1-2{height: 200px}\n      #banner-grid-1319349895 .grid-col-1-3{height:133.33333333333px}\n      #banner-grid-1319349895 .grid-col-2-3{height: 266.66666666667px}\n      #banner-grid-1319349895 .grid-col-1-4{height: 100px}\n      #banner-grid-1319349895 .grid-col-3-4{height: 300px}\n    }\n    \n\n  <\/style>\n    <\/div>\n    <style>\n    #banner-grid-1319349895 .grid-col-1{height: 600px}\n    #banner-grid-1319349895 .grid-col-1-2{height: 300px}\n    #banner-grid-1319349895 .grid-col-1-3{height:200px}\n    #banner-grid-1319349895 .grid-col-2-3{height: 400px}\n    #banner-grid-1319349895 .grid-col-1-4{height: 150px}\n    #banner-grid-1319349895 .grid-col-3-4{height: 450px}\n\n\n    \n    \n\n  <\/style>\n    <\/div>\n  \n","protected":false},"excerpt":{"rendered":"<p>1987+: 30 Ch\u01b0a Ph\u1ea3i L\u00e0 T\u1ebft<\/p>\n<p>Ti\u1ebfp n\u1ed1i nh\u1eefng c\u00e2u chuy\u1ec7n c\u1ee7a tu\u1ed5i 30, \u201c1987+: 30 ch\u01b0a ph\u1ea3i l\u00e0 T\u1ebft\u201d c\u00f3 th\u1ec3 coi l\u00e0 t\u1eadp hai c\u1ee7a cu\u1ed1n \u201c1987\u201d. N\u1ebfu nh\u01b0 t\u1eadp \u0111\u1ea7u ti\u00ean mang m\u00e0u s\u1eafc trong tr\u1ebbo, h\u1ed3n nhi\u00ean \u0111i theo qu\u00e3ng th\u1eddi gian 30 n\u0103m t\u1eeb \u1ea5u th\u01a1 \u0111\u1ebfn tr\u01b0\u1edfng th\u00e0nh c\u1ee7a th\u1ebf h\u1ec7 1987 th\u00ec trong cu\u1ed1n s\u00e1ch m\u1edbi s\u1ebd l\u00e0 nh\u1eefng c\u00e2u chuy\u1ec7n, suy ngh\u0129 mang t\u00ednh th\u1eddi cu\u1ed9c v\u00e0 c\u1ea3 nh\u1eefng d\u1ef1 \u00e1n d\u00e0nh cho c\u1ed9t m\u1ed1c \u201ctam th\u1eadp nhi l\u1eadp\u201d. L\u1ea7n n\u00e0y, v\u1edbi nh\u00f3m t\u00e1c gi\u1ea3 m\u1edbi ho\u00e0n to\u00e0n, trong \u0111\u00f3 c\u00f3 c\u1ea3 nh\u1eefng nh\u00e2n v\u1eadt sinh n\u0103m 1988 \u2013 nh\u1eefng ng\u01b0\u1eddi s\u1ebd b\u01b0\u1edbc qua c\u1ed9t m\u1ed1c tu\u1ed5i 30 trong n\u0103m 2018.<\/p>\n","protected":false},"featured_media":3963,"template":"","meta":{"_acf_changed":false},"product_brand":[],"product_cat":[15,47],"product_tag":[],"class_list":{"0":"post-3971","1":"product","2":"type-product","3":"status-publish","4":"has-post-thumbnail","6":"product_cat-sach-danh-cho-nguoi-lon","7":"product_cat-truyen-ngan-tan-van","9":"first","10":"outofstock","11":"taxable","12":"shipping-taxable","13":"purchasable","14":"product-type-simple"},"supplier_id":null,"supplier_sku":"","barcode":null,"atum_controlled":true,"out_stock_date":"2021-03-02 01:43:56","out_stock_threshold":null,"inheritable":false,"inbound_stock":0,"stock_on_hold":0,"sold_today":0,"sales_last_days":0,"reserved_stock":0,"customer_returns":0,"warehouse_damage":0,"lost_in_post":0,"other_logs":0,"out_stock_days":1793,"lost_sales":0,"has_location":false,"update_date":"2026-01-28T23:10:33","atum_locations":[],"atum_stock_status":"outofstock","restock_status":false,"low_stock_amount":"","sales_update_date":"2026-01-28T23:10:33","calc_backorders":null,"acf":{"publisher":{"ID":1517,"post_author":"1","post_date":"2021-02-17 01:14:41","post_date_gmt":"2021-02-16 23:14:41","post_content":"","post_title":"NXB Tr\u1ebb","post_excerpt":"","post_status":"publish","comment_status":"closed","ping_status":"closed","post_password":"","post_name":"nxb-tre","to_ping":"","pinged":"","post_modified":"2021-02-17 01:14:41","post_modified_gmt":"2021-02-16 23:14:41","post_content_filtered":"","post_parent":0,"guid":"https:\/\/sachviet.eu\/nha-phat-hanh\/nxb-tre\/","menu_order":0,"post_type":"publisher","post_mime_type":"","comment_count":"0","filter":"raw"}},"_links":{"self":[{"href":"https:\/\/sachviet.eu\/en\/wp-json\/wp\/v2\/product\/3971","targetHints":{"allow":["GET"]}}],"collection":[{"href":"https:\/\/sachviet.eu\/en\/wp-json\/wp\/v2\/product"}],"about":[{"href":"https:\/\/sachviet.eu\/en\/wp-json\/wp\/v2\/types\/product"}],"wp:featuredmedia":[{"embeddable":true,"href":"https:\/\/sachviet.eu\/en\/wp-json\/wp\/v2\/media\/3963"}],"wp:attachment":[{"href":"https:\/\/sachviet.eu\/en\/wp-json\/wp\/v2\/media?parent=3971"}],"wp:term":[{"taxonomy":"product_brand","embeddable":true,"href":"https:\/\/sachviet.eu\/en\/wp-json\/wp\/v2\/product_brand?post=3971"},{"taxonomy":"product_cat","embeddable":true,"href":"https:\/\/sachviet.eu\/en\/wp-json\/wp\/v2\/product_cat?post=3971"},{"taxonomy":"product_tag","embeddable":true,"href":"https:\/\/sachviet.eu\/en\/wp-json\/wp\/v2\/product_tag?post=3971"}],"curies":[{"name":"wp","href":"https:\/\/api.w.org\/{rel}","templated":true}]}}