{"id":3800,"date":"2021-03-02T03:34:29","date_gmt":"2021-03-02T01:34:29","guid":{"rendered":"https:\/\/sachviet.eu\/shop\/lao-gia-me-doc-truyen-tinh\/"},"modified":"2021-04-17T01:48:50","modified_gmt":"2021-04-16T22:48:50","slug":"lao-gia-me-doc-truyen-tinh","status":"publish","type":"product","link":"https:\/\/sachviet.eu\/en\/shop\/lao-gia-me-doc-truyen-tinh\/","title":{"rendered":"L\u00e3o gi\u00e0 m\u00ea \u0111\u1ecdc truy\u1ec7n t\u00ecnh"},"content":{"rendered":"<p>Th\u1ecb tr\u1ea5n El Idilio v\u00f9i s\u00e2u trong l\u00f2ng r\u1eebng nhi\u1ec7t \u0111\u1edbi, b\u00ean b\u1edd s\u00f4ng Amazon. \u1ede n\u01a1i \u0111\u00f3, Antonia Jos\u00e9 Bol\u00edvar Proa\u00f1o &#8211; tay th\u1ee3 s\u0103n d\u0169ng c\u1ea3m c\u1ee7a r\u1eebng xanh m\u1ed9t thu\u1edf, th\u01b0\u1eddng \u0111\u1ee9ng b\u00ean c\u1eeda s\u1ed5 t\u00fap l\u1ec1u \u0111\u01a1n s\u01a1 c\u1ee7a l\u00e3o, l\u1eb7ng l\u1ebd say m\u00ea \u0111\u1ecdc truy\u1ec7n t\u00ecnh.<\/p>\n<p>Nh\u01b0ng t\u1ea5t c\u1ea3 kh\u00f4ng m\u00e3i y\u00ean b\u00ecnh nh\u01b0 th\u1ebf tr\u00ean mi\u1ec1n \u0111\u1ea5t hoang d\u00e3 \u0111ang b\u1ecb th\u1ef1c d\u00e2n h\u00f3a t\u1eebng ng\u00e0y. M\u1ed9t s\u1ef1 ki\u1ec7n x\u1ea3y ra \u0111\u00e3 \u0111\u01b0a l\u00e3o v\u00e0o r\u1eebng th\u1eb3m, \u0111\u1ed1i di\u1ec7n v\u1edbi hi\u1ec3m nguy. Ch\u00ednh trong qu\u00e3ng th\u1eddi gian \u0111\u00f3, l\u00e3o nh\u01b0 m\u1ed9t l\u1ea7n soi l\u1ea1i qu\u00e1 kh\u1ee9, nh\u00ecn th\u1ea5u c\u1ea3 n\u1ed7i hoang mang l\u1eabn ni\u1ec1m ki\u00eau h\u00e3nh c\u1ee7a con ng\u01b0\u1eddi tr\u01b0\u1edbc th\u1ebf l\u1ef1c t\u1ef1 nhi\u00ean. M\u1ed9t cu\u1ed9c \u0111\u1ed1i \u0111\u1ea7u h\u1ed3i h\u1ed9p v\u00e0 h\u1ea5p d\u1eabn t\u1edbi t\u1eadn ph\u00fat cu\u1ed1i.<\/p>\n<p>Vi\u1ebft l\u00ean t\u1eeb c\u1ea3m h\u1ee9ng h\u00f9ng tr\u00e1ng c\u1ee7a n\u00fai r\u1eebng \u0111\u1ea1i ng\u00e0n, L\u00e3o gi\u00e0 m\u00ea \u0111\u1ecdc truy\u1ec7n t\u00ecnh l\u00e0 c\u00e2u chuy\u1ec7n k\u1ec3 v\u1ec1 cu\u1ed9c s\u1ed1ng tr\u01b0\u1edbc bao bi\u1ebfn \u0111\u1ed9ng b\u00ean d\u00f2ng Amazon k\u1ef3 v\u0129. M\u1ea1nh m\u1ebd m\u00e0 gi\u00e0u ch\u1ea5t th\u01a1, \u0111\u1eadm s\u1eafc M\u1ef9 Latin, cu\u1ed1n s\u00e1ch tr\u1ecdn v\u1eb9n chinh ph\u1ee5c tr\u00e1i tim h\u00e0ng tri\u1ec7u \u0111\u1ed9c gi\u1ea3 kh\u1eafp th\u1ebf gi\u1edbi. T\u00e1c ph\u1ea9m \u0111\u00e3 \u0111\u01b0\u1ee3c trao gi\u1ea3i th\u01b0\u1edfng v\u0103n h\u1ecdc Tigre Juan danh gi\u00e1 c\u1ee7a T\u00e2y Ban Nha v\u00e0 \u0111\u00e3 \u0111\u01b0\u1ee3c chuy\u1ec3n th\u1ec3 th\u00e0nh b\u1ed9 phim c\u00f9ng t\u00ean n\u1ed5i ti\u1ebfng v\u00e0o n\u0103m 2001 v\u1edbi s\u1ef1 g\u00f3pm\u1eb7t c\u1ee7a di\u1ec5n vi\u00ean t\u1eebng \u0111o\u1ea1t gi\u1ea3i Oscar Richard Dreyfuss.<\/p>\n","protected":false},"excerpt":{"rendered":"<p>Th\u1ecb tr\u1ea5n El Idilio v\u00f9i s\u00e2u trong l\u00f2ng r\u1eebng nhi\u1ec7t \u0111\u1edbi, b\u00ean b\u1edd s\u00f4ng Amazon. \u1ede n\u01a1i \u0111\u00f3, Antonia Jos\u00e9 Bol\u00edvar Proa\u00f1o &#8211; tay th\u1ee3 s\u0103n d\u0169ng c\u1ea3m c\u1ee7a r\u1eebng xanh m\u1ed9t thu\u1edf, th\u01b0\u1eddng \u0111\u1ee9ng b\u00ean c\u1eeda s\u1ed5 t\u00fap l\u1ec1u \u0111\u01a1n s\u01a1 c\u1ee7a l\u00e3o, l\u1eb7ng l\u1ebd say m\u00ea \u0111\u1ecdc truy\u1ec7n t\u00ecnh.<\/p>\n<p>Nh\u01b0ng t\u1ea5t c\u1ea3 kh\u00f4ng m\u00e3i y\u00ean b\u00ecnh nh\u01b0 th\u1ebf tr\u00ean mi\u1ec1n \u0111\u1ea5t hoang d\u00e3 \u0111ang b\u1ecb th\u1ef1c d\u00e2n h\u00f3a t\u1eebng ng\u00e0y. M\u1ed9t s\u1ef1 ki\u1ec7n x\u1ea3y ra \u0111\u00e3 \u0111\u01b0a l\u00e3o v\u00e0o r\u1eebng th\u1eb3m, \u0111\u1ed1i di\u1ec7n v\u1edbi hi\u1ec3m nguy. Ch\u00ednh trong qu\u00e3ng th\u1eddi gian \u0111\u00f3, l\u00e3o nh\u01b0 m\u1ed9t l\u1ea7n soi l\u1ea1i qu\u00e1 kh\u1ee9, nh\u00ecn th\u1ea5u c\u1ea3 n\u1ed7i hoang mang l\u1eabn ni\u1ec1m ki\u00eau h\u00e3nh c\u1ee7a con ng\u01b0\u1eddi tr\u01b0\u1edbc th\u1ebf l\u1ef1c t\u1ef1 nhi\u00ean. M\u1ed9t cu\u1ed9c \u0111\u1ed1i \u0111\u1ea7u h\u1ed3i h\u1ed9p v\u00e0 h\u1ea5p d\u1eabn t\u1edbi t\u1eadn ph\u00fat cu\u1ed1i.<\/p>\n","protected":false},"featured_media":3799,"template":"","meta":{"_acf_changed":false},"product_brand":[],"product_cat":[15,45],"product_tag":[],"class_list":{"0":"post-3800","1":"product","2":"type-product","3":"status-publish","4":"has-post-thumbnail","6":"product_cat-sach-danh-cho-nguoi-lon","7":"product_cat-tieu-thuyet","9":"first","10":"outofstock","11":"taxable","12":"shipping-taxable","13":"purchasable","14":"product-type-simple"},"supplier_id":null,"supplier_sku":"","barcode":null,"atum_controlled":true,"out_stock_date":"2021-03-25 14:03:37","out_stock_threshold":null,"inheritable":false,"inbound_stock":0,"stock_on_hold":0,"sold_today":0,"sales_last_days":0,"reserved_stock":0,"customer_returns":0,"warehouse_damage":0,"lost_in_post":0,"other_logs":0,"out_stock_days":1770,"lost_sales":1514,"has_location":false,"update_date":"2026-01-28T23:10:33","atum_locations":[],"atum_stock_status":"outofstock","restock_status":false,"low_stock_amount":"","sales_update_date":"2026-01-28T23:10:33","calc_backorders":null,"acf":{"publisher":{"ID":1424,"post_author":"1","post_date":"2021-02-17 00:02:29","post_date_gmt":"2021-02-16 22:02:29","post_content":"<!-- wp:flatsome\/uxbuilder -->\n<h1 style=\"text-align: center\"><strong>Nh\u00e3 Nam<\/strong><\/h1>\n[row]\n\n[col span=\"6\" span__sm=\"12\"]\n\n[ux_image id=\"1438\" image_size=\"medium\"]\n\n\n[\/col]\n[col span=\"6\" span__sm=\"12\"]\n\n<p><strong>C\u00f4ng ty c\u1ed5 ph\u1ea7n V\u0103n h\u00f3a v\u00e0 Truy\u1ec1n th\u00f4ng Nh\u00e3 Nam<\/strong><\/p>\n<p>Th\u00e1ng 2 n\u0103m 2005, Nh\u00e3 Nam, t\u00ean \u0111\u1ea7y \u0111\u1ee7 l\u00e0 C\u00f4ng ty C\u1ed5 ph\u1ea7n V\u0103n h\u00f3a v\u00e0 Truy\u1ec1n th\u00f4ng Nh\u00e3 Nam \u0111\u00e3 gia nh\u1eadp th\u1ecb tr\u01b0\u1eddng s\u00e1ch. T\u00e1c ph\u1ea9m \"Balzac v\u00e0 c\u00f4 b\u00e9 th\u1ee3 may Trung hoa\" c\u1ee7a \u0110\u1edbi T\u01b0 Ki\u1ec7t l\u00e0 cu\u1ed1n s\u00e1ch \u0111\u1ea7u ti\u00ean \u0111\u01b0\u1ee3c nh\u1eefng ng\u01b0\u1eddi s\u00e1ng l\u1eadp Nh\u00e3 Nam xu\u1ea5t b\u1ea3n c\u1ea3 tr\u01b0\u1edbc khi c\u00f4ng ty ra \u0111\u1eddi. Ngay l\u1eadp t\u1ee9c t\u1eeb cu\u1ed1n s\u00e1ch \u0111\u1ea7u ti\u00ean, \u0111\u1ed9c gi\u1ea3 \u0111\u00e3 d\u00e0nh s\u1ef1 quan t\u00e2m v\u00e0 y\u00eau m\u1ebfn cho m\u1ed9t th\u01b0\u01a1ng hi\u1ec7u s\u00e1ch m\u1edbi m\u1ebb mang trong m\u00ecnh kh\u00e1t v\u1ecdng g\u00f3p ph\u1ea7n t\u1ea1o l\u1eadp di\u1ec7n m\u1ea1o m\u1edbi cho xu\u1ea5t b\u1ea3n v\u0103n h\u1ecdc t\u1ea1i Vi\u1ec7t Nam.<\/p>\n<p>L\u00f2ng say m\u00ea c\u1ee7a \u0111\u1ed9i ng\u0169 l\u00e0 vi\u00ean \u0111\u00e1 \u0111\u1ea7u ti\u00ean. Tr\u1ea3i qua m\u1ea5y n\u0103m ph\u00e1t tri\u1ec3n, Nh\u00e3 Nam \u0111\u00e3 \u0111\u01b0\u1ee3c x\u00e2y d\u1ef1ng d\u1ea7n l\u00ean trong di\u1ec7n m\u1ea1o m\u1ed9t nh\u00e0 xu\u1ea5t b\u1ea3n v\u1eefng ch\u00e3i v\u00e0 chuy\u00ean nghi\u1ec7p. S\u00e1u th\u00e1ng sau khi th\u00e0nh l\u1eadp c\u00f4ng ty, Nh\u1eadt k\u00fd \u0110\u1eb7ng Th\u00f9y Tr\u00e2m ra \u0111\u1eddi, t\u1ea1o n\u00ean m\u1ed9t c\u01a1n s\u1ed1t trong x\u00e3 h\u1ed9i, v\u1edbi g\u1ea7n 500,000 b\u1ea3n s\u00e1ch \u0111\u01b0\u1ee3c ph\u00e1t h\u00e0nh, ph\u00e1 m\u1ecdi k\u1ef7 l\u1ee5c v\u1ec1 xu\u1ea5t b\u1ea3n tr\u01b0\u1edbc \u0111\u00f3, k\u00e9o theo m\u1ed9t lo\u1ea1t nh\u1eefng hi\u1ec7u \u1ee9ng x\u00e3 h\u1ed9i v\u00e0 d\u01b0 lu\u1eadn c\u00f3 \u00fd ngh\u0129a. T\u1eeb \u0111\u00f3 tr\u1edf \u0111i, th\u00f4ng qua Nh\u00e3 Nam, c\u00e1c cu\u1ed1n s\u00e1ch v\u0103n h\u1ecdc n\u01b0\u1edbc ngo\u00e0i c\u00f3 gi\u00e1 tr\u1ecb \u0111\u01b0\u1ee3c li\u00ean t\u1ee5c mua b\u1ea3n quy\u1ec1n v\u00e0 xu\u1ea5t b\u1ea3n t\u1ea1i Vi\u1ec7t Nam, thu h\u00fat nhi\u1ec1u t\u1ea7ng l\u1edbp \u0111\u1ed9c gi\u1ea3. S\u00e1ch c\u1ee7a Nh\u00e3 Nam n\u1ed5i b\u1eadt b\u1edfi n\u1ed9i dung v\u0103n h\u1ecdc tinh t\u1ebf, b\u1edfi v\u1ebb \u0111\u1eb9p c\u1ee7a thi\u1ebft k\u1ebf hi\u1ec7n \u0111\u1ea1i \u1edf h\u00ecnh th\u1ee9c, b\u1edfi s\u1ef1 ch\u0103m ch\u00fat k\u1ef9 l\u01b0\u1ee1ng cho m\u1ed7i cu\u1ed1n s\u00e1ch nh\u01b0 m\u1ed9t con thuy\u1ec1n mang t\u1edbi ni\u1ec1m vui, tri th\u1ee9c, ng\u1ea1c nhi\u00ean, v\u00e0 \u0111\u1ed3ng c\u1ea3m.<\/p>\n\n[\/col]\n\n[\/row]\n<p style=\"text-align: left\">Hi\u1ec3u th\u1eddi \u0111\u1ea1i \u0111ang s\u1ed1ng th\u00f4ng qua s\u00e1ch, song h\u00e0nh v\u1edbi nh\u1eefng bi\u1ebfn chuy\u1ec3n s\u00e2u s\u1eafc trong l\u00f2ng x\u00e3 h\u1ed9i b\u1eb1ng nh\u1eefng ho\u1ea1t \u0111\u1ed9ng xu\u1ea5t b\u1ea3n mi\u1ec7t m\u00e0i v\u00e0 qu\u1ea3 c\u1ea3m, con \u0111\u01b0\u1eddng Nh\u00e3 Nam \u0111\u00e3 ch\u1ecdn \u0111\u1ec3 \u0111i s\u1ebd c\u00f2n d\u00e0i. Nhi\u1ec1u kh\u00f3 kh\u0103n, th\u1eed th\u00e1ch \u0111ang \u1edf ph\u00eda tr\u01b0\u1edbc. B\u01b0\u1edbc qua th\u1eddi k\u1ef3 s\u01a1 khai v\u1edbi nh\u1eefng b\u00e0i h\u1ecdc v\u00e0 nh\u1eefng kinh nghi\u1ec7m \u0111\u1ea7u ti\u00ean, Nh\u00e3 Nam gi\u1edd \u0111\u00e3 s\u1eb5n s\u00e0ng cho m\u1ed9t ch\u1eb7ng \u0111\u01b0\u1eddng ph\u00e1t tri\u1ec3n m\u1edbi. V\u00e0 ch\u00fang t\u00f4i mu\u1ed1n ho\u00e0n thi\u1ec7n m\u00ecnh trong s\u1ef1 c\u1ea7u th\u1ecb v\u00e0 c\u1ea9n tr\u1ecdng. T\u1ea5t c\u1ea3 v\u00ec m\u1ed9t gia s\u1ea3n s\u00e1ch to l\u1edbn, c\u00f3 s\u1ee9c s\u1ed1ng d\u00e0i l\u00e2u, c\u00f3 \u00fd ngh\u0129a v\u1edbi nhi\u1ec1u th\u1ebf h\u1ec7 b\u1ea1n \u0111\u1ecdc.<br \/>B\u1edfi v\u00ec s\u00e1ch l\u00e0 th\u1ebf gi\u1edbi.<\/p>\n<p><strong>\u0110\u00e2y l\u00e0 m\u1ed9t nh\u00e0 ph\u00e1t h\u00e0nh s\u00e1ch m\u00e0 SACHVIET.EU r\u1ea5t y\u00eau th\u00edch v\u00e0 tin t\u01b0\u1edfng. Nh\u00ecn \u0111\u01b0\u1ee3c t\u1ea7m \u1ea3nh h\u01b0\u1edfng c\u1ee7a Nh\u00e3 Nam qua t\u1eebng cu\u1ed1n s\u00e1ch, SACHVIET.EU li\u00ean h\u1ec7 h\u1ee3p t\u00e1c ngay v\u1edbi Nh\u00e3 Nam \u0111\u1ec3 \u0111em to\u00e0n b\u1ed9 nh\u1eefng t\u00e1c ph\u1ea9m m\u1edbi, hay nh\u1ea5t m\u00e0 Nh\u00e3 Nam c\u00f3 sang Ch\u00e2u \u00c2u, \u0111\u01b0a \u0111\u1ebfn cho \u0111\u1ed9c gi\u1ea3 c\u00f3 nhi\u1ec1u s\u1ef1 l\u1ef1a ch\u1ecdn phong ph\u00fa h\u01a1n c\u1ea3 s\u00e1ch cho tr\u1ebb em l\u1eabn ng\u01b0\u1eddi l\u1edbn.\u00a0<\/strong><\/p>\n\n<!-- \/wp:flatsome\/uxbuilder -->","post_title":"Nh\u00e3 Nam","post_excerpt":"","post_status":"publish","comment_status":"closed","ping_status":"closed","post_password":"","post_name":"nha-nam","to_ping":"","pinged":"","post_modified":"2022-12-19 23:15:33","post_modified_gmt":"2022-12-19 21:15:33","post_content_filtered":"","post_parent":0,"guid":"https:\/\/sachviet.eu\/?post_type=publisher&#038;p=1424","menu_order":0,"post_type":"publisher","post_mime_type":"","comment_count":"0","filter":"raw"}},"_links":{"self":[{"href":"https:\/\/sachviet.eu\/en\/wp-json\/wp\/v2\/product\/3800","targetHints":{"allow":["GET"]}}],"collection":[{"href":"https:\/\/sachviet.eu\/en\/wp-json\/wp\/v2\/product"}],"about":[{"href":"https:\/\/sachviet.eu\/en\/wp-json\/wp\/v2\/types\/product"}],"wp:featuredmedia":[{"embeddable":true,"href":"https:\/\/sachviet.eu\/en\/wp-json\/wp\/v2\/media\/3799"}],"wp:attachment":[{"href":"https:\/\/sachviet.eu\/en\/wp-json\/wp\/v2\/media?parent=3800"}],"wp:term":[{"taxonomy":"product_brand","embeddable":true,"href":"https:\/\/sachviet.eu\/en\/wp-json\/wp\/v2\/product_brand?post=3800"},{"taxonomy":"product_cat","embeddable":true,"href":"https:\/\/sachviet.eu\/en\/wp-json\/wp\/v2\/product_cat?post=3800"},{"taxonomy":"product_tag","embeddable":true,"href":"https:\/\/sachviet.eu\/en\/wp-json\/wp\/v2\/product_tag?post=3800"}],"curies":[{"name":"wp","href":"https:\/\/api.w.org\/{rel}","templated":true}]}}