{"id":3739,"date":"2021-03-02T03:31:06","date_gmt":"2021-03-02T01:31:06","guid":{"rendered":"https:\/\/sachviet.eu\/shop\/bach-khoa-thu-ve-cac-loai-phuong-tien-giao-thong\/"},"modified":"2021-03-23T01:11:28","modified_gmt":"2021-03-22T23:11:28","slug":"bach-khoa-thu-ve-cac-loai-phuong-tien-giao-thong","status":"publish","type":"product","link":"https:\/\/sachviet.eu\/en\/shop\/bach-khoa-thu-ve-cac-loai-phuong-tien-giao-thong\/","title":{"rendered":"B\u00e1ch khoa th\u01b0 v\u1ec1 c\u00e1c lo\u1ea1i ph\u01b0\u01a1ng ti\u1ec7n giao th\u00f4ng"},"content":{"rendered":"<p>B\u1ea1n c\u00f3 bi\u1ebft ai l\u00e0 ng\u01b0\u1eddi ph\u00e1t minh ra chi\u1ebfc xe \u0111\u1ea1p v\u1edbi k\u1ebft c\u1ea5u \u0111\u01a1n gi\u1ea3n \u0111\u1ea7u ti\u00ean kh\u00f4ng?<\/p>\n<p>Hay chi\u1ebfc m\u00e1y bay t\u00e0ng h\u00ecnh th\u1ebf h\u1ec7 m\u1edbi nh\u1ea5t c\u00f3 t\u00ean l\u00e0 g\u00ec?<\/p>\n<p>B\u1ea1n \u0111\u00e3 s\u1eb5n s\u00e0ng \u0111\u1ec3 l\u00ean \u0111\u01b0\u1eddng v\u1edbi nh\u1eefng chi\u1ebfc si\u00eau xe h\u00e0o nho\u00e1ng, mua m\u1ed9t t\u1ea5m v\u00e9 \u0111\u1ec3 b\u01b0\u1edbc l\u00ean chi\u1ebfc du thuy\u1ec1n sang tr\u1ecdng, v\u00e0 tr\u00e8o l\u00ean khoang l\u00e1i c\u1ee7a m\u1ed9t chi\u1ebfc m\u00e1y bay si\u00eau thanh?<\/p>\n<p>V\u1edbi h\u01a1n 1.000 b\u1ee9c \u1ea3nh ch\u1ee5p tuy\u1ec7t \u0111\u1eb9p v\u00e0 nh\u1eefng th\u00f4ng tin h\u1ea5p d\u1eabn, B\u00e1ch khoa th\u01b0 v\u1ec1 c\u00e1c lo\u1ea1i ph\u01b0\u01a1ng ti\u1ec7n giao th\u00f4ng s\u1ebd \u0111\u01b0a b\u1ea1n \u0111i du ngo\u1ea1n kh\u1eafp c\u00e1c v\u00f9ng \u0111\u1ea5t, v\u00f9ng tr\u1eddi v\u00e0 v\u00f9ng bi\u1ec3n, t\u1ea5t c\u1ea3 \u0111\u1ec1u c\u00f3 trong cu\u1ed1n s\u00e1ch th\u00fa v\u1ecb n\u00e0y.  <div class=\"banner-grid-wrapper\">\n  <div id=\"banner-grid-2085400985\" class=\"banner-grid row row-grid row-small\" data-packery-options=\"\">\n            <style>\n    #banner-grid-2085400985 .grid-col-1{height: 600px}\n    #banner-grid-2085400985 .grid-col-1-2{height: 300px}\n    #banner-grid-2085400985 .grid-col-1-3{height:200px}\n    #banner-grid-2085400985 .grid-col-2-3{height: 400px}\n    #banner-grid-2085400985 .grid-col-1-4{height: 150px}\n    #banner-grid-2085400985 .grid-col-3-4{height: 450px}\n\n\n        \/* Tablet *\/\n    @media (max-width: 850px){\n      #banner-grid-2085400985 .grid-col-1{height: 400px}\n      #banner-grid-2085400985 .grid-col-1-2{height: 200px}\n      #banner-grid-2085400985 .grid-col-1-3{height:133.33333333333px}\n      #banner-grid-2085400985 .grid-col-2-3{height: 266.66666666667px}\n      #banner-grid-2085400985 .grid-col-1-4{height: 100px}\n      #banner-grid-2085400985 .grid-col-3-4{height: 300px}\n    }\n    \n        \/* Mobile *\/\n    @media (max-width: 550px){\n      #banner-grid-2085400985 .grid-col-1{height: 400px}\n      #banner-grid-2085400985 .grid-col-1-2{height: 200px}\n      #banner-grid-2085400985 .grid-col-1-3{height:133.33333333333px}\n      #banner-grid-2085400985 .grid-col-2-3{height: 266.66666666667px}\n      #banner-grid-2085400985 .grid-col-1-4{height: 100px}\n      #banner-grid-2085400985 .grid-col-3-4{height: 300px}\n    }\n    \n\n  <\/style>\n    <\/div>\n    <style>\n    #banner-grid-2085400985 .grid-col-1{height: 600px}\n    #banner-grid-2085400985 .grid-col-1-2{height: 300px}\n    #banner-grid-2085400985 .grid-col-1-3{height:200px}\n    #banner-grid-2085400985 .grid-col-2-3{height: 400px}\n    #banner-grid-2085400985 .grid-col-1-4{height: 150px}\n    #banner-grid-2085400985 .grid-col-3-4{height: 450px}\n\n\n    \n    \n\n  <\/style>\n    <\/div>\n  \n","protected":false},"excerpt":{"rendered":"<p>B\u1ea1n c\u00f3 bi\u1ebft ai l\u00e0 ng\u01b0\u1eddi ph\u00e1t minh ra chi\u1ebfc xe \u0111\u1ea1p v\u1edbi k\u1ebft c\u1ea5u \u0111\u01a1n gi\u1ea3n \u0111\u1ea7u ti\u00ean kh\u00f4ng?<\/p>\n<p>Hay chi\u1ebfc m\u00e1y bay t\u00e0ng h\u00ecnh th\u1ebf h\u1ec7 m\u1edbi nh\u1ea5t c\u00f3 t\u00ean l\u00e0 g\u00ec?<\/p>\n<p>B\u1ea1n \u0111\u00e3 s\u1eb5n s\u00e0ng \u0111\u1ec3 l\u00ean \u0111\u01b0\u1eddng v\u1edbi nh\u1eefng chi\u1ebfc si\u00eau xe h\u00e0o nho\u00e1ng, mua m\u1ed9t t\u1ea5m v\u00e9 \u0111\u1ec3 b\u01b0\u1edbc l\u00ean chi\u1ebfc du thuy\u1ec1n sang tr\u1ecdng, v\u00e0 tr\u00e8o l\u00ean khoang l\u00e1i c\u1ee7a m\u1ed9t chi\u1ebfc m\u00e1y bay si\u00eau thanh?<\/p>\n<p>V\u1edbi h\u01a1n 1.000 b\u1ee9c \u1ea3nh ch\u1ee5p tuy\u1ec7t \u0111\u1eb9p v\u00e0 nh\u1eefng th\u00f4ng tin h\u1ea5p d\u1eabn, B\u00e1ch khoa th\u01b0 v\u1ec1 c\u00e1c lo\u1ea1i ph\u01b0\u01a1ng ti\u1ec7n giao th\u00f4ng s\u1ebd \u0111\u01b0a b\u1ea1n \u0111i du ngo\u1ea1n kh\u1eafp c\u00e1c v\u00f9ng \u0111\u1ea5t, v\u00f9ng tr\u1eddi v\u00e0 v\u00f9ng bi\u1ec3n, t\u1ea5t c\u1ea3 \u0111\u1ec1u c\u00f3 trong cu\u1ed1n s\u00e1ch th\u00fa v\u1ecb n\u00e0y.<\/p>\n","protected":false},"featured_media":3735,"template":"","meta":{"_acf_changed":false},"product_brand":[],"product_cat":[25,17,26],"product_tag":[],"class_list":{"0":"post-3739","1":"product","2":"type-product","3":"status-publish","4":"has-post-thumbnail","6":"product_cat-nhi-dong-6-tuoi-12-tuoi","7":"product_cat-sach-danh-cho-cac-be","8":"product_cat-thieu-nien-11-tuoi-18-tuoi","10":"first","11":"outofstock","12":"taxable","13":"shipping-taxable","14":"purchasable","15":"product-type-simple"},"supplier_id":null,"supplier_sku":"","barcode":null,"atum_controlled":true,"out_stock_date":"2021-03-02 01:31:06","out_stock_threshold":null,"inheritable":false,"inbound_stock":0,"stock_on_hold":0,"sold_today":0,"sales_last_days":0,"reserved_stock":0,"customer_returns":0,"warehouse_damage":0,"lost_in_post":0,"other_logs":0,"out_stock_days":1793,"lost_sales":0,"has_location":false,"update_date":"2026-01-28T23:10:33","atum_locations":[],"atum_stock_status":"outofstock","restock_status":false,"low_stock_amount":"","sales_update_date":"2026-01-28T23:10:33","calc_backorders":null,"acf":{"publisher":{"ID":1470,"post_author":"2","post_date":"2021-02-17 01:12:47","post_date_gmt":"2021-02-16 23:12:47","post_content":"<!-- wp:flatsome\/uxbuilder -->\n<h1 style=\"text-align: center\"><strong>\u0110inh T\u1ecb<\/strong><\/h1>\n[row]\n\n[col span=\"4\" span__sm=\"12\"]\n\n[ux_image id=\"1831\" image_size=\"medium\"]\n\n\n[\/col]\n[col span=\"8\" span__sm=\"12\"]\n\n<p><strong>\u0110inh T\u1ecb Books - Ti\u00ean phong s\u00e1ng t\u1ea1o<\/strong><\/p>\n<p>Th\u00e0nh l\u1eadp n\u0103m 2006, t\u1edbi nay \u0110inh T\u1ecb Books \u0111\u01b0\u1ee3c \u0111\u00e1nh gi\u1ea3 l\u00e0 \u0111\u01a1n v\u1ecb xu\u1ea5t b\u1ea3n uy t\u00edn c\u00f3 t\u1ed1c \u0111\u1ed9 ph\u00e1t tri\u1ec3n nhanh nh\u1ea5t g\u1eafn v\u1edbi th\u00e0nh c\u00f4ng c\u1ee7a hai t\u1ee7 s\u00e1ch l\u1edbn: T\u1ee7 s\u00e1ch Thi\u1ebfu nhi - T\u1ee7 s\u00e1ch V\u0103n h\u1ecdc. Trong \u0111\u00f3 ph\u1ea3i k\u1ec3 t\u1edbi b\u01b0\u1edbc chuy\u1ec3n m\u00ecnh \u0111\u1ea7y \u1ea5n t\u01b0\u1ee3ng, tr\u1edf th\u00e0nh \u0111\u01a1n v\u1ecb ti\u00ean phong s\u00e1ng t\u1ea1o d\u00f2ng S\u00c1CH T\u01af\u01a0NG T\u00c1C thi\u1ebfu nhi. V\u1edbi h\u01a1n 300 t\u1ef1a s\u00e1ch t\u01b0\u01a1ng t\u00e1c \u0111ang l\u01b0u h\u00e0nh, \u0110inh T\u1ecb Books \u0111\u00e3 mang \u0111\u1ebfn nh\u1eefng gi\u00e1 tr\u1ecb tr\u1ea3i nghi\u1ec7m tuy\u1ec7t v\u1eddi, \u0111\u01b0a vi\u1ec7c h\u1ecdc v\u00e0 ch\u01a1i c\u00f9ng s\u00e1ch tr\u1edf n\u00ean hi\u1ec7u qu\u1ea3 h\u01a1n, gi\u00fap tr\u1ebb th\u00f4ng minh, t\u0103ng tr\u01b0\u1edfng c\u00e1c ch\u1ec9 s\u1ed1 IQ, EQ.<\/p>\n<p><strong>Th\u1ebf m\u1ea1nh c\u1ee7a \u0110inh T\u1ecb Books<\/strong><\/p>\n<p>V\u1edbi kinh nghi\u1ec7m nhi\u1ec1u n\u0103m trong ng\u00e0nh xu\u1ea5t b\u1ea3n, \u0110inh T\u1ecb Books tin r\u1eb1ng c\u00e1c b\u1eadc cha m\u1eb9 lu\u00f4n d\u00e0nh nh\u1eefng \u0111i\u1ec1u t\u1ed1t \u0111\u1eb9p nh\u1ea5t cho c\u00e1c con c\u1ee7a m\u00ecnh. \u0110\u1ecdc s\u00e1ch c\u00f9ng con lu\u00f4n l\u00e0 l\u1ef1a ch\u1ecdn h\u00e0ng \u0111\u1ea7u gi\u00fap g\u1eafn k\u1ebft t\u00ecnh y\u00eau th\u01b0\u01a1ng \u0111\u1ed3ng th\u1eddi gi\u00fap con nu\u00f4i d\u01b0\u1ee1ng ni\u1ec1m \u0111am m\u00ea v\u1edbi s\u00e1ch.<\/p>\n\n[\/col]\n\n[\/row]\n<p><strong>T\u00ecnh y\u00eau l\u1edbn d\u00e0nh cho nh\u1eefng cu\u1ed1n s\u00e1ch.<\/strong><\/p>\n<p>Xu\u1ea5t ph\u00e1t t\u1eeb t\u00ecnh y\u00eau v\u1edbi nh\u1eefng cu\u1ed1n s\u00e1ch, l\u00f2ng t\u1eadn t\u00e2m mu\u1ed1n g\u00ecn gi\u1eef nh\u1eefng gi\u00e1 tr\u1ecb v\u0103n h\u00f3a truy\u1ec1n th\u1ed1ng c\u1ee7a Vi\u1ec7t Nam, mong mu\u1ed1n \u0111\u01b0a nh\u1eefng gi\u00e1 tr\u1ecb \u0111\u1eadm ch\u1ea5t Vi\u1ec7t Nam \u0111\u1ebfn v\u1edbi tr\u1ebb em Vi\u1ec7t, c\u00e1c th\u00e0nh vi\u00ean s\u00e1ng t\u1ea1o c\u1ee7a \u0110inh T\u1ecb Books \u0111\u00e3 kh\u00f4ng ng\u1eebng n\u1ed7 l\u1ef1c, t\u00ecm t\u00f2i v\u00e0 h\u1ecdc h\u1ecfi, \u0111\u1ec3 \u0111\u01b0a nh\u1eefng cu\u1ed1n s\u00e1ch \u201c100% made in Vietnam\u201d \u0111\u1ebfn v\u1edbi tr\u1ebb em Vi\u1ec7t. C\u00e1c ki\u1ebfn th\u1ee9c b\u1ed5 \u00edch \u0111\u01b0\u1ee3c truy\u1ec1n t\u1ea3i th\u00f4ng qua nh\u1eefng t\u01b0\u01a1ng t\u00e1c th\u00fa v\u1ecb gi\u00fap tr\u1ebb nh\u1edb l\u00e2u h\u01a1n, h\u1ecdc t\u1ed1t h\u01a1n.<\/p>\n<p>Nh\u1eadn ra \u0111\u01b0\u1ee3c s\u1ee9 m\u1ec7nh v\u00e0 t\u1ea7m nh\u00ecn c\u1ee7a \u0110inh T\u1ecb, <strong>SACHVIET.EU<\/strong> \u0111\u00e3 li\u00ean l\u1ea1c v\u1edbi \u0110inh T\u1ecb \u0111\u1ec3 \u0111\u01b0\u1ee3c h\u1ed7 tr\u1ee3 \u0111\u01b0a nh\u1eefng cu\u1ed1n s\u00e1ch mang gi\u00e1 tr\u1ecb \u0111\u1eadm ch\u1ea5t Vi\u1ec7t Nam \u0111\u1ebfn v\u1edbi tr\u1ebb em Vi\u1ec7t v\u00e0 c\u1ed9ng \u0111\u1ed3ng Vi\u1ec7t s\u1ed1ng t\u1ea1i Ch\u00e2u \u00c2u. SACHVIET.EU \u0111\u1eb7t l\u00f2ng tin \u1edf \u0110inh T\u1ecb s\u1ebd lu\u00f4n \u0111em \u0111\u1ebfn nh\u1eefng gi\u00e1 tr\u1ecb cao qua t\u1eebng trang s\u00e1ch v\u00e0 hy v\u1ecdng \u0111\u1ed9c gi\u1ea3 s\u1ebd lu\u00f4n h\u00e0i l\u00f2ng v\u1edbi ch\u1ea5t l\u01b0\u1ee3ng m\u00e0 \u0110inh T\u1ecb theo \u0111u\u1ed5i bao n\u0103m qua.<\/p>\n\n<!-- \/wp:flatsome\/uxbuilder -->","post_title":"\u0110inh T\u1ecb","post_excerpt":"","post_status":"publish","comment_status":"closed","ping_status":"closed","post_password":"","post_name":"dinh-ti","to_ping":"","pinged":"","post_modified":"2022-12-19 23:15:43","post_modified_gmt":"2022-12-19 21:15:43","post_content_filtered":"","post_parent":0,"guid":"https:\/\/sachviet.eu\/nha-phat-hanh\/dinh-ti\/","menu_order":0,"post_type":"publisher","post_mime_type":"","comment_count":"0","filter":"raw"}},"_links":{"self":[{"href":"https:\/\/sachviet.eu\/en\/wp-json\/wp\/v2\/product\/3739","targetHints":{"allow":["GET"]}}],"collection":[{"href":"https:\/\/sachviet.eu\/en\/wp-json\/wp\/v2\/product"}],"about":[{"href":"https:\/\/sachviet.eu\/en\/wp-json\/wp\/v2\/types\/product"}],"wp:featuredmedia":[{"embeddable":true,"href":"https:\/\/sachviet.eu\/en\/wp-json\/wp\/v2\/media\/3735"}],"wp:attachment":[{"href":"https:\/\/sachviet.eu\/en\/wp-json\/wp\/v2\/media?parent=3739"}],"wp:term":[{"taxonomy":"product_brand","embeddable":true,"href":"https:\/\/sachviet.eu\/en\/wp-json\/wp\/v2\/product_brand?post=3739"},{"taxonomy":"product_cat","embeddable":true,"href":"https:\/\/sachviet.eu\/en\/wp-json\/wp\/v2\/product_cat?post=3739"},{"taxonomy":"product_tag","embeddable":true,"href":"https:\/\/sachviet.eu\/en\/wp-json\/wp\/v2\/product_tag?post=3739"}],"curies":[{"name":"wp","href":"https:\/\/api.w.org\/{rel}","templated":true}]}}