{"id":3531,"date":"2021-03-02T03:12:04","date_gmt":"2021-03-02T01:12:04","guid":{"rendered":"https:\/\/sachviet.eu\/shop\/cuon-sach-trong-suot-lat-lat-lat-bi-mat-o-dang-sau-su-tuong-phan-opposites\/"},"modified":"2021-03-23T01:11:10","modified_gmt":"2021-03-22T23:11:10","slug":"cuon-sach-trong-suot-lat-lat-lat-bi-mat-o-dang-sau-su-tuong-phan-opposites","status":"publish","type":"product","link":"https:\/\/sachviet.eu\/en\/shop\/cuon-sach-trong-suot-lat-lat-lat-bi-mat-o-dang-sau-su-tuong-phan-opposites\/","title":{"rendered":"Cu\u1ed1n S\u00e1ch Trong Su\u1ed1t &#8211; L\u1eadt! L\u1eadt! L\u1eadt! B\u00ed M\u1eadt \u1ede \u0110\u1eb1ng Sau &#8211; S\u1ef1 T\u01b0\u01a1ng Ph\u1ea3n &#8211; Opposites"},"content":{"rendered":"<p>N\u1ebfu b\u1ea1n \u0111ang mu\u1ed1n t\u00ecm m\u1ed9t cu\u1ed1n s\u00e1ch \u0111\u1ec3 tr\u1ebb c\u00f3 th\u1ec3 h\u1ecdc m\u00e0 ch\u01a1i, ch\u01a1i m\u00e0 h\u1ecdc, b\u1ed9 s\u00e1ch t\u01b0\u01a1ng t\u00e1c \u0111\u1ed9c \u0111\u00e1o n\u00e0y ch\u00ednh l\u00e0 s\u1ef1 l\u1ef1a ch\u1ecdn d\u00e0nh cho b\u1ea1n. M\u1ed7i cu\u1ed1n s\u00e1ch s\u1ebd c\u00f3 m\u1ed9t ch\u1ee7 \u0111\u1ec1 ri\u00eang g\u1ea7n g\u0169i v\u1edbi tr\u1ebb. C\u1ee9 gi\u1eefa m\u1ed7i hai trang s\u00e1ch l\u1ea1i c\u00f3 m\u1ed9t trang gi\u1ea5y trong su\u1ed1t. N\u1ebfu tr\u1ebb l\u1eadt qua l\u1eadt l\u1ea1i t\u1ea5m gi\u1ea5y n\u00e0y, tr\u1ebb s\u1ebd th\u1ea5y b\u1ea5t ng\u1edd b\u1edfi s\u1ef1 bi\u1ebfn h\u00f3a c\u1ee7a c\u00e1c trang s\u00e1ch. Ch\u1eb3ng h\u1ea1n nh\u01b0 \u1edf trang b\u00ean tr\u00e1i l\u00e0 m\u1ed9t ch\u00fa chim m\u00e0u xanh, l\u1eadt t\u1ea5m gi\u1ea5y trong su\u1ed1t, tr\u1ebb s\u1ebd th\u1ea5y \u1edf trang b\u00ean ph\u1ea3i l\u00e0 m\u1ed9t ch\u00fa th\u1ecf m\u00e0u n\u00e2u. Ho\u1eb7c \u1edf trang b\u00ean ph\u1ea3i l\u00e0 m\u1ed9t ch\u00fa g\u1ea5u \u0111ang b\u1ecb nh\u1ed1t trong chu\u1ed3ng \u1edf s\u1edf th\u00fa, l\u1eadt t\u1ea5m gi\u1ea5y trong su\u1ed1t, tr\u1ebb s\u1ebd th\u1ea5y ch\u00fa g\u1ea5u \u0111\u00e3 \u0111\u01b0\u1ee3c th\u1ea3 ra ngo\u00e0i thi\u00ean nhi\u00ean hoang d\u00e3\u2026<\/p>\n<p>\u0110\u1ec3 gi\u00fap tr\u1ebb t\u0103ng th\u00eam h\u1ee9ng th\u00fa, cha m\u1eb9 n\u00ean d\u00e0nh th\u1eddi gian \u0111\u1ecdc s\u00e1ch c\u00f9ng tr\u1ebb, g\u1ee3i \u00fd cho tr\u1ebb c\u00e1ch s\u1eed d\u1ee5ng s\u00e1ch. \u0110\u1ed3ng th\u1eddi, cha m\u1eb9 c\u0169ng c\u00f3 th\u1ec3 \u0111\u1eb7t ra nh\u1eefng c\u00e2u h\u1ecfi nh\u1eb1m k\u00edch th\u00edch tr\u00ed t\u00f2 m\u00f2 v\u00e0 \u00f3c t\u01b0\u1edfng t\u01b0\u1ee3ng c\u1ee7a tr\u1ebb. Qua \u0111\u00f3, tr\u1ebb s\u1ebd \u0111\u01b0\u1ee3c r\u00e8n luy\u1ec7n t\u01b0 duy logic, d\u1ec5 d\u00e0ng ti\u1ebfp thu c\u00e1c b\u00e0i h\u1ecdc, ki\u1ebfn th\u1ee9c c\u01a1 b\u1ea3n trong s\u00e1ch, nh\u1edd th\u1ebf tr\u1ebb s\u1ebd c\u00f3 \u0111\u01b0\u1ee3c n\u1ec1n t\u1ea3ng t\u1ed1t, gi\u00fap \u00edch cho s\u1ef1 ph\u00e1t tri\u1ec3n c\u1ee7a tr\u1ebb sau n\u00e0y.<\/p>\n<p>B\u1ed9 s\u00e1ch Trong su\u1ed1t g\u1ed3m 7 cu\u1ed1n v\u1edbi c\u00e1c ch\u1ee7 \u0111\u1ec1:<\/p>\n<p>Animal Rescue- Gi\u1ea3i c\u1ee9u \u0111\u1ed9ng v\u1eadt<\/p>\n<p>Oh no &#8211; \u00d4i Kh\u00f4ng<\/p>\n<p>When I grow up &#8211; Khi t\u1edb l\u1edbn l\u00ean<\/p>\n<p>Colours &#8211; M\u00e0u s\u1eafc<\/p>\n<p>Numbers -S\u1ed1 \u0111\u1ebfm<\/p>\n<p>Opposites -T\u01b0\u01a1ng ph\u1ea3n<\/p>\n<p>Shapes -H\u00ecnh d\u1ea1ng  <div class=\"banner-grid-wrapper\">\n  <div id=\"banner-grid-541664519\" class=\"banner-grid row row-grid row-small\" data-packery-options=\"\">\n                      <div class=\"col grid-col large-6 grid-col-1\" ><div class=\"col-inner\">\t<div class=\"img has-hover x md-x lg-x y md-y lg-y\" id=\"image_2057188496\">\n\t\t\t\t\t\t\t\t<div class=\"img-inner dark\" >\n\t\t\t<img loading=\"lazy\" decoding=\"async\" width=\"1020\" height=\"967\" src=\"https:\/\/sachviet.eu\/wp-content\/uploads\/2021\/03\/cuon_sach_trong_suot___lat_lat_lat_bi_mat_o_dang_sau___su_tuong_phan___opposites_1_2020_07_15_16_25_19-1024x971.jpg\" class=\"attachment-large size-large\" alt=\"\" srcset=\"https:\/\/sachviet.eu\/wp-content\/uploads\/2021\/03\/cuon_sach_trong_suot___lat_lat_lat_bi_mat_o_dang_sau___su_tuong_phan___opposites_1_2020_07_15_16_25_19-1024x971.jpg 1024w, https:\/\/sachviet.eu\/wp-content\/uploads\/2021\/03\/cuon_sach_trong_suot___lat_lat_lat_bi_mat_o_dang_sau___su_tuong_phan___opposites_1_2020_07_15_16_25_19-300x284.jpg 300w, https:\/\/sachviet.eu\/wp-content\/uploads\/2021\/03\/cuon_sach_trong_suot___lat_lat_lat_bi_mat_o_dang_sau___su_tuong_phan___opposites_1_2020_07_15_16_25_19-768x728.jpg 768w, https:\/\/sachviet.eu\/wp-content\/uploads\/2021\/03\/cuon_sach_trong_suot___lat_lat_lat_bi_mat_o_dang_sau___su_tuong_phan___opposites_1_2020_07_15_16_25_19-1536x1456.jpg 1536w, https:\/\/sachviet.eu\/wp-content\/uploads\/2021\/03\/cuon_sach_trong_suot___lat_lat_lat_bi_mat_o_dang_sau___su_tuong_phan___opposites_1_2020_07_15_16_25_19-2048x1942.jpg 2048w, https:\/\/sachviet.eu\/wp-content\/uploads\/2021\/03\/cuon_sach_trong_suot___lat_lat_lat_bi_mat_o_dang_sau___su_tuong_phan___opposites_1_2020_07_15_16_25_19-600x569.jpg 600w\" sizes=\"auto, (max-width: 1020px) 100vw, 1020px\" \/>\t\t\t\t\t\t\n\t\t\t\t\t<\/div>\n\t\t\t\t\t\t\t\t\n<style>\n#image_2057188496 {\n  width: 100%;\n}\n<\/style>\n\t<\/div>\n\t<\/div><\/div><div class=\"col grid-col large-6 grid-col-1-2\" ><div class=\"col-inner\">\t<div class=\"img has-hover x md-x lg-x y md-y lg-y\" id=\"image_126890305\">\n\t\t\t\t\t\t\t\t<div class=\"img-inner dark\" >\n\t\t\t<img loading=\"lazy\" decoding=\"async\" width=\"966\" height=\"1024\" src=\"https:\/\/sachviet.eu\/wp-content\/uploads\/2021\/03\/cuon_sach_trong_suot___lat_lat_lat_bi_mat_o_dang_sau___su_tuong_phan___opposites_2_2020_07_15_16_25_19-966x1024.jpg\" class=\"attachment-large size-large\" alt=\"\" srcset=\"https:\/\/sachviet.eu\/wp-content\/uploads\/2021\/03\/cuon_sach_trong_suot___lat_lat_lat_bi_mat_o_dang_sau___su_tuong_phan___opposites_2_2020_07_15_16_25_19-966x1024.jpg 966w, https:\/\/sachviet.eu\/wp-content\/uploads\/2021\/03\/cuon_sach_trong_suot___lat_lat_lat_bi_mat_o_dang_sau___su_tuong_phan___opposites_2_2020_07_15_16_25_19-283x300.jpg 283w, https:\/\/sachviet.eu\/wp-content\/uploads\/2021\/03\/cuon_sach_trong_suot___lat_lat_lat_bi_mat_o_dang_sau___su_tuong_phan___opposites_2_2020_07_15_16_25_19-768x814.jpg 768w, https:\/\/sachviet.eu\/wp-content\/uploads\/2021\/03\/cuon_sach_trong_suot___lat_lat_lat_bi_mat_o_dang_sau___su_tuong_phan___opposites_2_2020_07_15_16_25_19-1448x1536.jpg 1448w, https:\/\/sachviet.eu\/wp-content\/uploads\/2021\/03\/cuon_sach_trong_suot___lat_lat_lat_bi_mat_o_dang_sau___su_tuong_phan___opposites_2_2020_07_15_16_25_19-1931x2048.jpg 1931w, https:\/\/sachviet.eu\/wp-content\/uploads\/2021\/03\/cuon_sach_trong_suot___lat_lat_lat_bi_mat_o_dang_sau___su_tuong_phan___opposites_2_2020_07_15_16_25_19-600x636.jpg 600w\" sizes=\"auto, (max-width: 966px) 100vw, 966px\" \/>\t\t\t\t\t\t\n\t\t\t\t\t<\/div>\n\t\t\t\t\t\t\t\t\n<style>\n#image_126890305 {\n  width: 100%;\n}\n<\/style>\n\t<\/div>\n\t<\/div><\/div><div class=\"col grid-col large-6 grid-col-1-2\" ><div class=\"col-inner\">\t<div class=\"img has-hover x md-x lg-x y md-y lg-y\" id=\"image_287222678\">\n\t\t\t\t\t\t\t\t<div class=\"img-inner dark\" >\n\t\t\t<img loading=\"lazy\" decoding=\"async\" width=\"813\" height=\"1024\" src=\"https:\/\/sachviet.eu\/wp-content\/uploads\/2021\/03\/cuon_sach_trong_suot___lat_lat_lat_bi_mat_o_dang_sau___su_tuong_phan___opposites_3_2020_07_15_16_25_19-813x1024.jpg\" class=\"attachment-large size-large\" alt=\"\" srcset=\"https:\/\/sachviet.eu\/wp-content\/uploads\/2021\/03\/cuon_sach_trong_suot___lat_lat_lat_bi_mat_o_dang_sau___su_tuong_phan___opposites_3_2020_07_15_16_25_19-813x1024.jpg 813w, https:\/\/sachviet.eu\/wp-content\/uploads\/2021\/03\/cuon_sach_trong_suot___lat_lat_lat_bi_mat_o_dang_sau___su_tuong_phan___opposites_3_2020_07_15_16_25_19-238x300.jpg 238w, https:\/\/sachviet.eu\/wp-content\/uploads\/2021\/03\/cuon_sach_trong_suot___lat_lat_lat_bi_mat_o_dang_sau___su_tuong_phan___opposites_3_2020_07_15_16_25_19-768x968.jpg 768w, https:\/\/sachviet.eu\/wp-content\/uploads\/2021\/03\/cuon_sach_trong_suot___lat_lat_lat_bi_mat_o_dang_sau___su_tuong_phan___opposites_3_2020_07_15_16_25_19-1219x1536.jpg 1219w, https:\/\/sachviet.eu\/wp-content\/uploads\/2021\/03\/cuon_sach_trong_suot___lat_lat_lat_bi_mat_o_dang_sau___su_tuong_phan___opposites_3_2020_07_15_16_25_19-1626x2048.jpg 1626w, https:\/\/sachviet.eu\/wp-content\/uploads\/2021\/03\/cuon_sach_trong_suot___lat_lat_lat_bi_mat_o_dang_sau___su_tuong_phan___opposites_3_2020_07_15_16_25_19-600x756.jpg 600w, https:\/\/sachviet.eu\/wp-content\/uploads\/2021\/03\/cuon_sach_trong_suot___lat_lat_lat_bi_mat_o_dang_sau___su_tuong_phan___opposites_3_2020_07_15_16_25_19-scaled.jpg 2032w\" sizes=\"auto, (max-width: 813px) 100vw, 813px\" \/>\t\t\t\t\t\t\n\t\t\t\t\t<\/div>\n\t\t\t\t\t\t\t\t\n<style>\n#image_287222678 {\n  width: 100%;\n}\n<\/style>\n\t<\/div>\n\t<\/div><\/div>            <\/div>\n    <style>\n    #banner-grid-541664519 .grid-col-1{height: 600px}\n    #banner-grid-541664519 .grid-col-1-2{height: 300px}\n    #banner-grid-541664519 .grid-col-1-3{height:200px}\n    #banner-grid-541664519 .grid-col-2-3{height: 400px}\n    #banner-grid-541664519 .grid-col-1-4{height: 150px}\n    #banner-grid-541664519 .grid-col-3-4{height: 450px}\n\n\n    \n    \n\n  <\/style>\n    <\/div>\n  \n","protected":false},"excerpt":{"rendered":"<p>N\u1ebfu b\u1ea1n \u0111ang mu\u1ed1n t\u00ecm m\u1ed9t cu\u1ed1n s\u00e1ch \u0111\u1ec3 tr\u1ebb c\u00f3 th\u1ec3 h\u1ecdc m\u00e0 ch\u01a1i, ch\u01a1i m\u00e0 h\u1ecdc, b\u1ed9 s\u00e1ch t\u01b0\u01a1ng t\u00e1c \u0111\u1ed9c \u0111\u00e1o n\u00e0y ch\u00ednh l\u00e0 s\u1ef1 l\u1ef1a ch\u1ecdn d\u00e0nh cho b\u1ea1n. M\u1ed7i cu\u1ed1n s\u00e1ch s\u1ebd c\u00f3 m\u1ed9t ch\u1ee7 \u0111\u1ec1 ri\u00eang g\u1ea7n g\u0169i v\u1edbi tr\u1ebb. C\u1ee9 gi\u1eefa m\u1ed7i hai trang s\u00e1ch l\u1ea1i c\u00f3 m\u1ed9t trang gi\u1ea5y trong su\u1ed1t. N\u1ebfu tr\u1ebb l\u1eadt qua l\u1eadt l\u1ea1i t\u1ea5m gi\u1ea5y n\u00e0y, tr\u1ebb s\u1ebd th\u1ea5y b\u1ea5t ng\u1edd b\u1edfi s\u1ef1 bi\u1ebfn h\u00f3a c\u1ee7a c\u00e1c trang s\u00e1ch. Ch\u1eb3ng h\u1ea1n nh\u01b0 \u1edf trang b\u00ean tr\u00e1i l\u00e0 m\u1ed9t ch\u00fa chim m\u00e0u xanh, l\u1eadt t\u1ea5m gi\u1ea5y trong su\u1ed1t, tr\u1ebb s\u1ebd th\u1ea5y \u1edf trang b\u00ean ph\u1ea3i l\u00e0 m\u1ed9t ch\u00fa th\u1ecf m\u00e0u n\u00e2u. Ho\u1eb7c \u1edf trang b\u00ean ph\u1ea3i l\u00e0 m\u1ed9t ch\u00fa g\u1ea5u \u0111ang b\u1ecb nh\u1ed1t trong chu\u1ed3ng \u1edf s\u1edf th\u00fa, l\u1eadt t\u1ea5m gi\u1ea5y trong su\u1ed1t, tr\u1ebb s\u1ebd th\u1ea5y ch\u00fa g\u1ea5u \u0111\u00e3 \u0111\u01b0\u1ee3c th\u1ea3 ra ngo\u00e0i thi\u00ean nhi\u00ean hoang d\u00e3\u2026<\/p>\n<p>\u0110\u1ec3 gi\u00fap tr\u1ebb t\u0103ng th\u00eam h\u1ee9ng th\u00fa, cha m\u1eb9 n\u00ean d\u00e0nh th\u1eddi gian \u0111\u1ecdc s\u00e1ch c\u00f9ng tr\u1ebb, g\u1ee3i \u00fd cho tr\u1ebb c\u00e1ch s\u1eed d\u1ee5ng s\u00e1ch. \u0110\u1ed3ng th\u1eddi, cha m\u1eb9 c\u0169ng c\u00f3 th\u1ec3 \u0111\u1eb7t ra nh\u1eefng c\u00e2u h\u1ecfi nh\u1eb1m k\u00edch th\u00edch tr\u00ed t\u00f2 m\u00f2 v\u00e0 \u00f3c t\u01b0\u1edfng t\u01b0\u1ee3ng c\u1ee7a tr\u1ebb. Qua \u0111\u00f3, tr\u1ebb s\u1ebd \u0111\u01b0\u1ee3c r\u00e8n luy\u1ec7n t\u01b0 duy logic, d\u1ec5 d\u00e0ng ti\u1ebfp thu c\u00e1c b\u00e0i h\u1ecdc, ki\u1ebfn th\u1ee9c c\u01a1 b\u1ea3n trong s\u00e1ch, nh\u1edd th\u1ebf tr\u1ebb s\u1ebd c\u00f3 \u0111\u01b0\u1ee3c n\u1ec1n t\u1ea3ng t\u1ed1t, gi\u00fap \u00edch cho s\u1ef1 ph\u00e1t tri\u1ec3n c\u1ee7a tr\u1ebb sau n\u00e0y.<\/p>\n","protected":false},"featured_media":3528,"template":"","meta":{"_acf_changed":false},"product_brand":[],"product_cat":[24,25,17],"product_tag":[],"class_list":{"0":"post-3531","1":"product","2":"type-product","3":"status-publish","4":"has-post-thumbnail","6":"product_cat-nha-tre-mau-giao-0-tuoi-6-tuoi","7":"product_cat-nhi-dong-6-tuoi-12-tuoi","8":"product_cat-sach-danh-cho-cac-be","10":"first","11":"outofstock","12":"taxable","13":"shipping-taxable","14":"purchasable","15":"product-type-simple"},"supplier_id":null,"supplier_sku":"","barcode":null,"atum_controlled":true,"out_stock_date":"2021-03-02 01:12:04","out_stock_threshold":null,"inheritable":false,"inbound_stock":0,"stock_on_hold":0,"sold_today":0,"sales_last_days":0,"reserved_stock":0,"customer_returns":0,"warehouse_damage":0,"lost_in_post":0,"other_logs":0,"out_stock_days":1793,"lost_sales":0,"has_location":false,"update_date":"2026-01-28T23:10:33","atum_locations":[],"atum_stock_status":"outofstock","restock_status":false,"low_stock_amount":"","sales_update_date":"2026-01-28T23:10:33","calc_backorders":null,"acf":{"publisher":{"ID":1470,"post_author":"2","post_date":"2021-02-17 01:12:47","post_date_gmt":"2021-02-16 23:12:47","post_content":"<!-- wp:flatsome\/uxbuilder -->\n<h1 style=\"text-align: center\"><strong>\u0110inh T\u1ecb<\/strong><\/h1>\n[row]\n\n[col span=\"4\" span__sm=\"12\"]\n\n[ux_image id=\"1831\" image_size=\"medium\"]\n\n\n[\/col]\n[col span=\"8\" span__sm=\"12\"]\n\n<p><strong>\u0110inh T\u1ecb Books - Ti\u00ean phong s\u00e1ng t\u1ea1o<\/strong><\/p>\n<p>Th\u00e0nh l\u1eadp n\u0103m 2006, t\u1edbi nay \u0110inh T\u1ecb Books \u0111\u01b0\u1ee3c \u0111\u00e1nh gi\u1ea3 l\u00e0 \u0111\u01a1n v\u1ecb xu\u1ea5t b\u1ea3n uy t\u00edn c\u00f3 t\u1ed1c \u0111\u1ed9 ph\u00e1t tri\u1ec3n nhanh nh\u1ea5t g\u1eafn v\u1edbi th\u00e0nh c\u00f4ng c\u1ee7a hai t\u1ee7 s\u00e1ch l\u1edbn: T\u1ee7 s\u00e1ch Thi\u1ebfu nhi - T\u1ee7 s\u00e1ch V\u0103n h\u1ecdc. Trong \u0111\u00f3 ph\u1ea3i k\u1ec3 t\u1edbi b\u01b0\u1edbc chuy\u1ec3n m\u00ecnh \u0111\u1ea7y \u1ea5n t\u01b0\u1ee3ng, tr\u1edf th\u00e0nh \u0111\u01a1n v\u1ecb ti\u00ean phong s\u00e1ng t\u1ea1o d\u00f2ng S\u00c1CH T\u01af\u01a0NG T\u00c1C thi\u1ebfu nhi. V\u1edbi h\u01a1n 300 t\u1ef1a s\u00e1ch t\u01b0\u01a1ng t\u00e1c \u0111ang l\u01b0u h\u00e0nh, \u0110inh T\u1ecb Books \u0111\u00e3 mang \u0111\u1ebfn nh\u1eefng gi\u00e1 tr\u1ecb tr\u1ea3i nghi\u1ec7m tuy\u1ec7t v\u1eddi, \u0111\u01b0a vi\u1ec7c h\u1ecdc v\u00e0 ch\u01a1i c\u00f9ng s\u00e1ch tr\u1edf n\u00ean hi\u1ec7u qu\u1ea3 h\u01a1n, gi\u00fap tr\u1ebb th\u00f4ng minh, t\u0103ng tr\u01b0\u1edfng c\u00e1c ch\u1ec9 s\u1ed1 IQ, EQ.<\/p>\n<p><strong>Th\u1ebf m\u1ea1nh c\u1ee7a \u0110inh T\u1ecb Books<\/strong><\/p>\n<p>V\u1edbi kinh nghi\u1ec7m nhi\u1ec1u n\u0103m trong ng\u00e0nh xu\u1ea5t b\u1ea3n, \u0110inh T\u1ecb Books tin r\u1eb1ng c\u00e1c b\u1eadc cha m\u1eb9 lu\u00f4n d\u00e0nh nh\u1eefng \u0111i\u1ec1u t\u1ed1t \u0111\u1eb9p nh\u1ea5t cho c\u00e1c con c\u1ee7a m\u00ecnh. \u0110\u1ecdc s\u00e1ch c\u00f9ng con lu\u00f4n l\u00e0 l\u1ef1a ch\u1ecdn h\u00e0ng \u0111\u1ea7u gi\u00fap g\u1eafn k\u1ebft t\u00ecnh y\u00eau th\u01b0\u01a1ng \u0111\u1ed3ng th\u1eddi gi\u00fap con nu\u00f4i d\u01b0\u1ee1ng ni\u1ec1m \u0111am m\u00ea v\u1edbi s\u00e1ch.<\/p>\n\n[\/col]\n\n[\/row]\n<p><strong>T\u00ecnh y\u00eau l\u1edbn d\u00e0nh cho nh\u1eefng cu\u1ed1n s\u00e1ch.<\/strong><\/p>\n<p>Xu\u1ea5t ph\u00e1t t\u1eeb t\u00ecnh y\u00eau v\u1edbi nh\u1eefng cu\u1ed1n s\u00e1ch, l\u00f2ng t\u1eadn t\u00e2m mu\u1ed1n g\u00ecn gi\u1eef nh\u1eefng gi\u00e1 tr\u1ecb v\u0103n h\u00f3a truy\u1ec1n th\u1ed1ng c\u1ee7a Vi\u1ec7t Nam, mong mu\u1ed1n \u0111\u01b0a nh\u1eefng gi\u00e1 tr\u1ecb \u0111\u1eadm ch\u1ea5t Vi\u1ec7t Nam \u0111\u1ebfn v\u1edbi tr\u1ebb em Vi\u1ec7t, c\u00e1c th\u00e0nh vi\u00ean s\u00e1ng t\u1ea1o c\u1ee7a \u0110inh T\u1ecb Books \u0111\u00e3 kh\u00f4ng ng\u1eebng n\u1ed7 l\u1ef1c, t\u00ecm t\u00f2i v\u00e0 h\u1ecdc h\u1ecfi, \u0111\u1ec3 \u0111\u01b0a nh\u1eefng cu\u1ed1n s\u00e1ch \u201c100% made in Vietnam\u201d \u0111\u1ebfn v\u1edbi tr\u1ebb em Vi\u1ec7t. C\u00e1c ki\u1ebfn th\u1ee9c b\u1ed5 \u00edch \u0111\u01b0\u1ee3c truy\u1ec1n t\u1ea3i th\u00f4ng qua nh\u1eefng t\u01b0\u01a1ng t\u00e1c th\u00fa v\u1ecb gi\u00fap tr\u1ebb nh\u1edb l\u00e2u h\u01a1n, h\u1ecdc t\u1ed1t h\u01a1n.<\/p>\n<p>Nh\u1eadn ra \u0111\u01b0\u1ee3c s\u1ee9 m\u1ec7nh v\u00e0 t\u1ea7m nh\u00ecn c\u1ee7a \u0110inh T\u1ecb, <strong>SACHVIET.EU<\/strong> \u0111\u00e3 li\u00ean l\u1ea1c v\u1edbi \u0110inh T\u1ecb \u0111\u1ec3 \u0111\u01b0\u1ee3c h\u1ed7 tr\u1ee3 \u0111\u01b0a nh\u1eefng cu\u1ed1n s\u00e1ch mang gi\u00e1 tr\u1ecb \u0111\u1eadm ch\u1ea5t Vi\u1ec7t Nam \u0111\u1ebfn v\u1edbi tr\u1ebb em Vi\u1ec7t v\u00e0 c\u1ed9ng \u0111\u1ed3ng Vi\u1ec7t s\u1ed1ng t\u1ea1i Ch\u00e2u \u00c2u. SACHVIET.EU \u0111\u1eb7t l\u00f2ng tin \u1edf \u0110inh T\u1ecb s\u1ebd lu\u00f4n \u0111em \u0111\u1ebfn nh\u1eefng gi\u00e1 tr\u1ecb cao qua t\u1eebng trang s\u00e1ch v\u00e0 hy v\u1ecdng \u0111\u1ed9c gi\u1ea3 s\u1ebd lu\u00f4n h\u00e0i l\u00f2ng v\u1edbi ch\u1ea5t l\u01b0\u1ee3ng m\u00e0 \u0110inh T\u1ecb theo \u0111u\u1ed5i bao n\u0103m qua.<\/p>\n\n<!-- \/wp:flatsome\/uxbuilder -->","post_title":"\u0110inh T\u1ecb","post_excerpt":"","post_status":"publish","comment_status":"closed","ping_status":"closed","post_password":"","post_name":"dinh-ti","to_ping":"","pinged":"","post_modified":"2022-12-19 23:15:43","post_modified_gmt":"2022-12-19 21:15:43","post_content_filtered":"","post_parent":0,"guid":"https:\/\/sachviet.eu\/nha-phat-hanh\/dinh-ti\/","menu_order":0,"post_type":"publisher","post_mime_type":"","comment_count":"0","filter":"raw"}},"_links":{"self":[{"href":"https:\/\/sachviet.eu\/en\/wp-json\/wp\/v2\/product\/3531","targetHints":{"allow":["GET"]}}],"collection":[{"href":"https:\/\/sachviet.eu\/en\/wp-json\/wp\/v2\/product"}],"about":[{"href":"https:\/\/sachviet.eu\/en\/wp-json\/wp\/v2\/types\/product"}],"wp:featuredmedia":[{"embeddable":true,"href":"https:\/\/sachviet.eu\/en\/wp-json\/wp\/v2\/media\/3528"}],"wp:attachment":[{"href":"https:\/\/sachviet.eu\/en\/wp-json\/wp\/v2\/media?parent=3531"}],"wp:term":[{"taxonomy":"product_brand","embeddable":true,"href":"https:\/\/sachviet.eu\/en\/wp-json\/wp\/v2\/product_brand?post=3531"},{"taxonomy":"product_cat","embeddable":true,"href":"https:\/\/sachviet.eu\/en\/wp-json\/wp\/v2\/product_cat?post=3531"},{"taxonomy":"product_tag","embeddable":true,"href":"https:\/\/sachviet.eu\/en\/wp-json\/wp\/v2\/product_tag?post=3531"}],"curies":[{"name":"wp","href":"https:\/\/api.w.org\/{rel}","templated":true}]}}