{"id":3473,"date":"2021-03-02T03:09:51","date_gmt":"2021-03-02T01:09:51","guid":{"rendered":"https:\/\/sachviet.eu\/shop\/100-ky-nang-sinh-ton\/"},"modified":"2021-06-14T20:41:40","modified_gmt":"2021-06-14T17:41:40","slug":"100-ky-nang-sinh-ton","status":"publish","type":"product","link":"https:\/\/sachviet.eu\/en\/shop\/100-ky-nang-sinh-ton\/","title":{"rendered":"100 k\u1ef9 n\u0103ng sinh t\u1ed3n"},"content":{"rendered":"<p>100 K\u1ef8 N\u0102NG SINH T\u1ed2N \u2013 CU\u1ed0N C\u1ea8M NANG H\u01af\u1edaNG D\u1eaaN V\u1ec0 C\u00c1CH S\u1ed0NG S\u00d3T \u1ede N\u01a0I HOANG D\u00c3 V\u00c0 CHU\u1ea8N B\u1eca CHO M\u1eccI TH\u1ea2M H\u1eccA<\/p>\n<p>\u0110\u01b0\u1ee3c vi\u1ebft b\u1edfi Clint Emerson \u2013 m\u1ed9t c\u1ef1u \u0110\u1eb7c v\u1ee5 SEAL, l\u1ef1c l\u01b0\u1ee3ng t\u00e1c chi\u1ebfn \u0111\u1eb7c bi\u1ec7t c\u1ee7a H\u1ea3i qu\u00e2n Hoa K\u1ef3, cu\u1ed1n s\u00e1ch 100 k\u1ef9 n\u0103ng sinh t\u1ed3n l\u00e0 m\u1ed9t trong nh\u1eefng cu\u1ed1n s\u00e1ch b\u00e1n ch\u1ea1y c\u1ee7a New York Times. R\u00f5 r\u00e0ng, chi ti\u1ebft v\u00e0 \u0111\u01b0\u1ee3c tr\u00ecnh b\u00e0y d\u1ec5 hi\u1ec3u, cu\u1ed1n s\u00e1ch ph\u00e1c th\u1ea3o nh\u1eefng chi\u1ebfn l\u01b0\u1ee3c c\u01a1 b\u1ea3n nh\u01b0ng thi\u1ebft th\u1ef1c gi\u00fap b\u1ea3o v\u1ec7 b\u1ea3n th\u00e2n v\u00e0 tho\u00e1t kh\u1ecfi nh\u1eefng t\u00ecnh hu\u1ed1ng kh\u00f3 kh\u0103n v\u00e0 nguy c\u1ea5p nh\u1ea5t.<\/p>\n<p>T\u00e1c gi\u1ea3 c\u1ee7a cu\u1ed1n s\u00e1ch l\u00e0 m\u1ed9t c\u1ef1u \u0110\u1eb7c v\u1ee5 SEAL, \u00f4ng \u0111\u00e3 d\u00e0nh hai m\u01b0\u01a1i n\u0103m ch\u1ec9 \u0111\u1ea1o nh\u1eefng chi\u1ebfn d\u1ecbch \u0111\u1eb7c bi\u1ec7t tr\u00ean kh\u1eafp th\u1ebf gi\u1edbi trong l\u00fac c\u00f2n g\u1eafn b\u00f3 v\u1edbi \u0110\u1ed9i Ba SEAL, C\u01a1 quan An ninh Qu\u1ed1c gia Hoa K\u1ef3 (NSA), v\u00e0 \u0110\u1ed9i S\u00e1u SEAL tinh nhu\u1ec7.<\/p>\n<p>Nh\u1eefng k\u1ef9 n\u0103ng \u0111\u01b0\u1ee3c gi\u1edbi thi\u1ec7u trong cu\u1ed1n s\u00e1ch \u201cmang t\u00ednh s\u1ed1ng c\u00f2n\u201d v\u00ec m\u1ed9t l\u00ed do. Nhi\u1ec1u trong s\u1ed1 \u0111\u00f3 \u0111\u01b0\u1ee3c l\u1ea5y c\u1ea3m h\u1ee9ng t\u1eeb nh\u1eefng nhi\u1ec7m v\u1ee5 v\u00e0 s\u1ef1 hu\u1ea5n luy\u1ec7n \u0111\u1eb7c bi\u1ec7t c\u1ee7a nh\u1eefng \u0111\u1eb7c v\u1ee5 th\u01b0\u1eddng xuy\u00ean b\u1ecb \u0111\u1ea9y \u0111\u1ebfn gi\u1edbi h\u1ea1n c\u1ee7a s\u1ee9c ch\u1ecbu \u0111\u1ef1ng, s\u1ef1 chu\u1ea9n x\u00e1c v\u00e0 t\u00e0i xoay x\u1edf kh\u00e9o l\u00e9o trong nh\u1eefng \u0111i\u1ec1u ki\u1ec7n hi\u1ec3m ngh\u00e8o \u0111e d\u1ecda \u0111\u1ebfn t\u00ednh m\u1ea1ng. M\u1ed9t x\u00e3 h\u1ed9i ng\u00e0y c\u00e0ng \u0111\u01b0\u1ee3c k\u1ebft n\u1ed1i to\u00e0n c\u1ea7u \u0111\u00f2i h\u1ecfi s\u1ef1 ch\u1ec9 d\u1eabn m\u1edbi \u0111\u1ec3 t\u1ed3n t\u1ea1i.<\/p>\n<p>B\u1ea1n s\u1ebd l\u00e0m g\u00ec n\u1ebfu nh\u01b0 m\u1ed9t ng\u00e0y b\u1ea1n v\u00e0 nh\u1eefng ng\u01b0\u1eddi th\u00e2n y\u00eau b\u1ecb m\u1eafc k\u1eb9t gi\u1eefa v\u00f9ng l\u00e3nh th\u1ed5 c\u00f3 d\u1ecbch b\u1ec7nh ho\u00e0nh h\u00e0nh, l\u1ea1c \u1edf n\u01a1i hoang d\u00e3, hay b\u1ecb m\u00f3c t\u00fai khi \u0111i du l\u1ecbch \u1edf \u0111\u1ea5t n\u01b0\u1edbc xa l\u1ea1? B\u1ea1n s\u1ebd ph\u1ea3n \u1ee9ng ra sao khi b\u1ea1n ph\u1ea3i tho\u00e1t ngay kh\u1ecfi m\u1ed9t v\u1ee5 h\u1ecfa ho\u1ea1n \u1edf nh\u00e0 cao t\u1ea7ng, b\u1ea1n ph\u1ea3i l\u00e0m g\u00ec \u0111\u1ec3 c\u1ee9u ng\u01b0\u1eddi th\u00e2n \u0111ang m\u1eafc k\u1eb9t trong v\u1ee5 h\u1ecfa ho\u1ea1n \u0111\u00f3\u2026?<\/p>\n<p>Cu\u1ed1n s\u00e1ch l\u00e0 m\u1ed9t b\u1ea3n k\u1ebf ho\u1ea1ch chi ti\u1ebft \u0111\u01b0a ch\u00fang ta tr\u1edf v\u1ec1 nh\u1eefng c\u1ed1t l\u00f5i c\u1ee7a nh\u1eefng k\u1ef9 n\u0103ng \u0111\u00e3 m\u1ea5t, d\u1ea1y ch\u00fang ta c\u00e1ch x\u00e1c \u0111\u1ecbnh ph\u01b0\u01a1ng h\u01b0\u1edbng \u1edf nh\u1eefng n\u01a1i thi\u1ebfu v\u1eafng c\u00e1c bi\u1ec3n b\u00e1o \u0111\u01b0\u1eddng ph\u1ed1 hay t\u00edn hi\u1ec7u v\u1ec7 tinh, \u0111\u1ed3ng th\u1eddi chu\u1ea9n b\u1ecb cho ch\u00fang ta \u0111\u1ed1i m\u1eb7t v\u1edbi nhi\u1ec1u m\u1ed1i \u0111e d\u1ecda m\u1edbi xu\u1ea5t hi\u1ec7n trong m\u00f4i tr\u01b0\u1eddng m\u00e0 ch\u00fang ta \u0111ang s\u1ed1ng.<\/p>\n<p>R\u00f5 r\u00e0ng, chi ti\u1ebft v\u00e0 \u0111\u01b0\u1ee3c tr\u00ecnh b\u00e0y d\u1ec5 hi\u1ec3u, cu\u1ed1n s\u00e1ch ph\u00e1c th\u1ea3o nhi\u1ec1u chi ti\u1ebft chi\u1ebfn l\u01b0\u1ee3c gi\u00fap b\u1ea3o v\u1ec7 b\u1ea1n v\u00e0 nh\u1eefng ng\u01b0\u1eddi b\u1ea1n y\u00eau th\u01b0\u01a1ng v\u01b0\u1ee3t qua nh\u1eefng t\u00ecnh hu\u1ed1ng kh\u00f3 kh\u0103n, nguy hi\u1ec3m nh\u1ea5t v\u1edbi m\u1ed9t s\u1ef1 chu\u1ea9n b\u1ecb c\u1ea3 v\u1ec1 v\u1eadt ch\u1ea5t v\u00e0 tinh th\u1ea7n b\u00ecnh t\u0129nh. Cu\u1ed1n s\u00e1ch d\u1ea1y b\u1ea1n c\u00e1ch suy ngh\u0129 v\u00e0 h\u00e0nh \u0111\u1ed9ng nh\u01b0 m\u1ed9t th\u00e0nh vi\u00ean c\u1ee7a l\u1ef1c l\u01b0\u1ee3ng qu\u00e2n \u0111\u1ed9i tinh nhu\u1ec7 Hoa K\u1ef3.<\/p>\n<p>Ch\u1ec9 nh\u1eefng sinh v\u1eadt m\u1ea1nh m\u1ebd m\u1edbi c\u00f3 th\u1ec3 s\u1ed1ng s\u00f3t, ch\u1ec9 nh\u1eefng ng\u01b0\u1eddi th\u00f4ng th\u1ea1o v\u00e0 hi\u1ec3u bi\u1ebft m\u1edbi c\u00f3 th\u1ec3 ph\u00e1t tri\u1ec3n. Th\u1ebf gi\u1edbi n\u00e0y ch\u01b0a t\u1eebng tr\u1edf n\u00ean an to\u00e0n h\u01a1n, v\u00ec v\u1eady b\u1ea1n h\u00e3y s\u1eb5n s\u00e0ng \u0111\u1ec3 lu\u00f4n \u0111\u1ee9ng v\u1eefng. V\u00e0 h\u00e3y \u0111\u1ec3 cho cu\u1ed1n s\u00e1ch \u201c100 k\u1ef9 n\u0103ng sinh t\u1ed3n\u201d ch\u1ec9 \u0111\u01b0\u1eddng cho b\u1ea1n.<\/p>\n<p>T\u00e1c gi\u1ea3<\/p>\n<p>Clint Emerson l\u00e0 m\u1ed9t c\u1ef1u \u0110\u1eb7c v\u1ee5 SEAL, \u00f4ng \u0111\u00e3 d\u00e0nh hai m\u01b0\u01a1i n\u0103m ch\u1ec9 \u0111\u1ea1o nh\u1eefng chi\u1ebfn d\u1ecbch \u0111\u1eb7c bi\u1ec7t tr\u00ean kh\u1eafp th\u1ebf gi\u1edbi trong l\u00fac c\u00f2n g\u1eafn b\u00f3 v\u1edbi \u0110\u1ed9i Ba SEAL, C\u01a1 quan An ninh Qu\u1ed1c gia Hoa K\u1ef3 (NSA), v\u00e0 \u0110\u1ed9i S\u00e1u SEAL tinh nhu\u1ec7. T\u1ed1t nghi\u1ec7p tr\u01b0\u1eddng \u0110\u1ea1i h\u1ecdc Qu\u00e2n s\u1ef1 Hoa K\u1ef3 \u1edf Virginia v\u1edbi t\u1ea5m b\u1eb1ng c\u1eed nh\u00e2n v\u1ec1 Qu\u1ea3n l\u00fd An ninh, Clint Emerson \u0111\u00e3 d\u00e0nh nhi\u1ec1u n\u0103m trong l\u1ef1c l\u01b0\u1ee3ng t\u00e1c chi\u1ebfn \u0111\u1eb7c bi\u1ec7t n\u00e0y v\u1edbi m\u1ed9t \u0110\u01a1n v\u1ecb Nhi\u1ec7m v\u1ee5 \u0110\u1eb7c bi\u1ec7t SMU, ph\u00e1t tri\u1ec3n v\u00e0 th\u1ef1c hi\u1ec7n c\u00e1c k\u1ef9 n\u0103ng chuy\u00ean m\u00f4n \u0111\u1ec3 h\u1ed7 tr\u1ee3 c\u00e1c ho\u1ea1t \u0111\u1ed9ng trong nh\u1eefng m\u00f4i tr\u01b0\u1eddng kh\u1eafc nghi\u1ec7t kh\u00e1c nhau nh\u1eb1m v\u00e0o c\u00e1c c\u00e1 nh\u00e2n xu\u1ea5t s\u1eafc. L\u00e0 m\u1ed9t chuy\u00ean gia gi\u00e1m s\u00e1t v\u00e0 ch\u1ed1ng kh\u1ee7ng b\u1ed1, Clint Emerson \u0111\u00e3 nh\u1eadn \u0111\u01b0\u1ee3c r\u1ea5t nhi\u1ec1u gi\u1ea3i th\u01b0\u1edfng cho l\u00f2ng d\u0169ng c\u1ea3m v\u00e0 s\u1ef1 l\u00e3nh \u0111\u1ea1o c\u1ee7a m\u00ecnh.<\/p>\n<p>Clint Emerson l\u00e0 ng\u01b0\u1eddi s\u00e1ng l\u1eadp c\u1ee7a Escape the Wolf, m\u1ed9t c\u00f4ng ty t\u1eadp trung v\u00e0o ph\u00f2ng ng\u1eeba v\u00e0 \u1ee9ng ph\u00f3 v\u1edbi b\u1ea1o l\u1ef1c t\u1ea1i n\u01a1i l\u00e0m vi\u1ec7c, x\u00e1c \u0111\u1ecbnh c\u00e1c m\u1ed1i \u0111e d\u1ecda v\u00e0 ki\u1ec3m so\u00e1t kh\u1ee7ng ho\u1ea3ng. L\u00e0 t\u00e1c gi\u1ea3 c\u1ee7a cu\u1ed1n s\u00e1ch b\u00e1n ch\u1ea1y c\u1ee7a New York Times c\u00f3 t\u00ean 100 k\u1ef9 n\u0103ng sinh t\u1ed3n, Clint Emerson ti\u1ebfp t\u1ee5c l\u1eadp danh s\u00e1ch c\u00e1c k\u1ef9 n\u0103ng t\u1ef1 v\u1ec7 trong l\u00fac ph\u00e1t tri\u1ec3n nh\u1eefng s\u1ea3n ph\u1ea9m v\u00e0 c\u00f4ng c\u1ee5 \u0111\u1ed9c \u0111\u00e1o, c\u00f3 \u0111\u1ed9 b\u1ec1n cao, cho s\u1ef1 an to\u00e0n c\u1ee7a c\u00e1 nh\u00e2n v\u00e0 gia \u0111\u00ecnh.  <div class=\"banner-grid-wrapper\">\n  <div id=\"banner-grid-490941145\" class=\"banner-grid row row-grid row-small\" data-packery-options=\"\">\n            <style>\n    #banner-grid-490941145 .grid-col-1{height: 600px}\n    #banner-grid-490941145 .grid-col-1-2{height: 300px}\n    #banner-grid-490941145 .grid-col-1-3{height:200px}\n    #banner-grid-490941145 .grid-col-2-3{height: 400px}\n    #banner-grid-490941145 .grid-col-1-4{height: 150px}\n    #banner-grid-490941145 .grid-col-3-4{height: 450px}\n\n\n        \/* Tablet *\/\n    @media (max-width: 850px){\n      #banner-grid-490941145 .grid-col-1{height: 400px}\n      #banner-grid-490941145 .grid-col-1-2{height: 200px}\n      #banner-grid-490941145 .grid-col-1-3{height:133.33333333333px}\n      #banner-grid-490941145 .grid-col-2-3{height: 266.66666666667px}\n      #banner-grid-490941145 .grid-col-1-4{height: 100px}\n      #banner-grid-490941145 .grid-col-3-4{height: 300px}\n    }\n    \n        \/* Mobile *\/\n    @media (max-width: 550px){\n      #banner-grid-490941145 .grid-col-1{height: 400px}\n      #banner-grid-490941145 .grid-col-1-2{height: 200px}\n      #banner-grid-490941145 .grid-col-1-3{height:133.33333333333px}\n      #banner-grid-490941145 .grid-col-2-3{height: 266.66666666667px}\n      #banner-grid-490941145 .grid-col-1-4{height: 100px}\n      #banner-grid-490941145 .grid-col-3-4{height: 300px}\n    }\n    \n\n  <\/style>\n    <\/div>\n    <style>\n    #banner-grid-490941145 .grid-col-1{height: 600px}\n    #banner-grid-490941145 .grid-col-1-2{height: 300px}\n    #banner-grid-490941145 .grid-col-1-3{height:200px}\n    #banner-grid-490941145 .grid-col-2-3{height: 400px}\n    #banner-grid-490941145 .grid-col-1-4{height: 150px}\n    #banner-grid-490941145 .grid-col-3-4{height: 450px}\n\n\n    \n    \n\n  <\/style>\n    <\/div>\n  \n","protected":false},"excerpt":{"rendered":"<p>B\u1ea1n s\u1ebd l\u00e0m g\u00ec n\u1ebfu nh\u01b0 m\u1ed9t ng\u00e0y b\u1ecb m\u1eafc k\u1eb9t gi\u1eefa v\u00f9ng l\u00e3nh th\u1ed5 c\u00f3 d\u1ecbch b\u1ec7nh ho\u00e0nh h\u00e0nh, l\u1ea1c \u1edf n\u01a1i hoang d\u00e3, b\u1ecb m\u00f3c t\u00fai khi \u0111i du l\u1ecbch \u1edf \u0111\u1ea5t n\u01b0\u1edbc xa l\u1ea1, hay ph\u1ea3i tho\u00e1t ngay kh\u1ecfi m\u1ed9t v\u1ee5 h\u1ecfa ho\u1ea1n \u1edf nh\u00e0 cao t\u1ea7ng\u2026 ? Clint Emerson \u2013 m\u1ed9t c\u1ef1u \u0110\u1eb7c v\u1ee5 SEAL, l\u1ef1c l\u01b0\u1ee3ng t\u00e1c chi\u1ebfn \u0111\u1eb7c bi\u1ec7t c\u1ee7a H\u1ea3i qu\u00e2n Hoa K\u1ef3 \u2013 mu\u1ed1n b\u1ea1n c\u00f3 \u0111\u01b0\u1ee3c s\u1ef1 chu\u1ea9n b\u1ecb t\u1ed1t nh\u1ea5t trong cu\u1ed1n s\u00e1ch 100 k\u1ef9 n\u0103ng sinh t\u1ed3n n\u00e0y.<\/p>\n<p>R\u00f5 r\u00e0ng, chi ti\u1ebft v\u00e0 \u0111\u01b0\u1ee3c tr\u00ecnh b\u00e0y d\u1ec5 hi\u1ec3u, cu\u1ed1n s\u00e1ch n\u00e0y ph\u00e1c th\u1ea3o chi ti\u1ebft nhi\u1ec1u chi\u1ebfn l\u01b0\u1ee3c gi\u00fap b\u1ea3o v\u1ec7 b\u1ea1n v\u00e0 nh\u1eefng ng\u01b0\u1eddi b\u1ea1n y\u00eau th\u01b0\u01a1ng, d\u1ea1y b\u1ea1n c\u00e1ch suy ngh\u0129 v\u00e0 h\u00e0nh \u0111\u1ed9ng nh\u01b0 m\u1ed9t th\u00e0nh vi\u00ean c\u1ee7a l\u1ef1c l\u01b0\u1ee3ng qu\u00e2n \u0111\u1ed9i tinh nhu\u1ec7 Hoa K\u1ef3. 100 k\u1ef9 n\u0103ng sinh t\u1ed3n th\u1ef1c s\u1ef1 l\u00e0 cu\u1ed1n c\u1ea9m nang v\u00f4 gi\u00e1. B\u1edfi l\u1ebd, khi nguy hi\u1ec3m x\u1ea3y ra, b\u1ea1n ch\u1eb3ng c\u00f3 nhi\u1ec1u th\u1eddi gian cho nh\u1eefng ch\u1ec9 d\u1eabn ph\u1ee9c t\u1ea1p \u0111\u00e2u.<\/p>\n","protected":false},"featured_media":3463,"template":"","meta":{"_acf_changed":false},"product_brand":[],"product_cat":[19,17,26],"product_tag":[],"class_list":{"0":"post-3473","1":"product","2":"type-product","3":"status-publish","4":"has-post-thumbnail","6":"product_cat-nuoi-day-con","7":"product_cat-sach-danh-cho-cac-be","8":"product_cat-thieu-nien-11-tuoi-18-tuoi","10":"first","11":"outofstock","12":"taxable","13":"shipping-taxable","14":"purchasable","15":"product-type-simple"},"supplier_id":null,"supplier_sku":"","barcode":null,"atum_controlled":true,"out_stock_date":"2021-03-02 01:09:51","out_stock_threshold":null,"inheritable":false,"inbound_stock":0,"stock_on_hold":0,"sold_today":0,"sales_last_days":0,"reserved_stock":0,"customer_returns":0,"warehouse_damage":0,"lost_in_post":0,"other_logs":0,"out_stock_days":1793,"lost_sales":0,"has_location":false,"update_date":"2026-01-28T23:10:33","atum_locations":[],"atum_stock_status":"outofstock","restock_status":false,"low_stock_amount":"","sales_update_date":"2026-01-28T23:10:33","calc_backorders":null,"acf":{"publisher":{"ID":1470,"post_author":"2","post_date":"2021-02-17 01:12:47","post_date_gmt":"2021-02-16 23:12:47","post_content":"<!-- wp:flatsome\/uxbuilder -->\n<h1 style=\"text-align: center\"><strong>\u0110inh T\u1ecb<\/strong><\/h1>\n[row]\n\n[col span=\"4\" span__sm=\"12\"]\n\n[ux_image id=\"1831\" image_size=\"medium\"]\n\n\n[\/col]\n[col span=\"8\" span__sm=\"12\"]\n\n<p><strong>\u0110inh T\u1ecb Books - Ti\u00ean phong s\u00e1ng t\u1ea1o<\/strong><\/p>\n<p>Th\u00e0nh l\u1eadp n\u0103m 2006, t\u1edbi nay \u0110inh T\u1ecb Books \u0111\u01b0\u1ee3c \u0111\u00e1nh gi\u1ea3 l\u00e0 \u0111\u01a1n v\u1ecb xu\u1ea5t b\u1ea3n uy t\u00edn c\u00f3 t\u1ed1c \u0111\u1ed9 ph\u00e1t tri\u1ec3n nhanh nh\u1ea5t g\u1eafn v\u1edbi th\u00e0nh c\u00f4ng c\u1ee7a hai t\u1ee7 s\u00e1ch l\u1edbn: T\u1ee7 s\u00e1ch Thi\u1ebfu nhi - T\u1ee7 s\u00e1ch V\u0103n h\u1ecdc. Trong \u0111\u00f3 ph\u1ea3i k\u1ec3 t\u1edbi b\u01b0\u1edbc chuy\u1ec3n m\u00ecnh \u0111\u1ea7y \u1ea5n t\u01b0\u1ee3ng, tr\u1edf th\u00e0nh \u0111\u01a1n v\u1ecb ti\u00ean phong s\u00e1ng t\u1ea1o d\u00f2ng S\u00c1CH T\u01af\u01a0NG T\u00c1C thi\u1ebfu nhi. V\u1edbi h\u01a1n 300 t\u1ef1a s\u00e1ch t\u01b0\u01a1ng t\u00e1c \u0111ang l\u01b0u h\u00e0nh, \u0110inh T\u1ecb Books \u0111\u00e3 mang \u0111\u1ebfn nh\u1eefng gi\u00e1 tr\u1ecb tr\u1ea3i nghi\u1ec7m tuy\u1ec7t v\u1eddi, \u0111\u01b0a vi\u1ec7c h\u1ecdc v\u00e0 ch\u01a1i c\u00f9ng s\u00e1ch tr\u1edf n\u00ean hi\u1ec7u qu\u1ea3 h\u01a1n, gi\u00fap tr\u1ebb th\u00f4ng minh, t\u0103ng tr\u01b0\u1edfng c\u00e1c ch\u1ec9 s\u1ed1 IQ, EQ.<\/p>\n<p><strong>Th\u1ebf m\u1ea1nh c\u1ee7a \u0110inh T\u1ecb Books<\/strong><\/p>\n<p>V\u1edbi kinh nghi\u1ec7m nhi\u1ec1u n\u0103m trong ng\u00e0nh xu\u1ea5t b\u1ea3n, \u0110inh T\u1ecb Books tin r\u1eb1ng c\u00e1c b\u1eadc cha m\u1eb9 lu\u00f4n d\u00e0nh nh\u1eefng \u0111i\u1ec1u t\u1ed1t \u0111\u1eb9p nh\u1ea5t cho c\u00e1c con c\u1ee7a m\u00ecnh. \u0110\u1ecdc s\u00e1ch c\u00f9ng con lu\u00f4n l\u00e0 l\u1ef1a ch\u1ecdn h\u00e0ng \u0111\u1ea7u gi\u00fap g\u1eafn k\u1ebft t\u00ecnh y\u00eau th\u01b0\u01a1ng \u0111\u1ed3ng th\u1eddi gi\u00fap con nu\u00f4i d\u01b0\u1ee1ng ni\u1ec1m \u0111am m\u00ea v\u1edbi s\u00e1ch.<\/p>\n\n[\/col]\n\n[\/row]\n<p><strong>T\u00ecnh y\u00eau l\u1edbn d\u00e0nh cho nh\u1eefng cu\u1ed1n s\u00e1ch.<\/strong><\/p>\n<p>Xu\u1ea5t ph\u00e1t t\u1eeb t\u00ecnh y\u00eau v\u1edbi nh\u1eefng cu\u1ed1n s\u00e1ch, l\u00f2ng t\u1eadn t\u00e2m mu\u1ed1n g\u00ecn gi\u1eef nh\u1eefng gi\u00e1 tr\u1ecb v\u0103n h\u00f3a truy\u1ec1n th\u1ed1ng c\u1ee7a Vi\u1ec7t Nam, mong mu\u1ed1n \u0111\u01b0a nh\u1eefng gi\u00e1 tr\u1ecb \u0111\u1eadm ch\u1ea5t Vi\u1ec7t Nam \u0111\u1ebfn v\u1edbi tr\u1ebb em Vi\u1ec7t, c\u00e1c th\u00e0nh vi\u00ean s\u00e1ng t\u1ea1o c\u1ee7a \u0110inh T\u1ecb Books \u0111\u00e3 kh\u00f4ng ng\u1eebng n\u1ed7 l\u1ef1c, t\u00ecm t\u00f2i v\u00e0 h\u1ecdc h\u1ecfi, \u0111\u1ec3 \u0111\u01b0a nh\u1eefng cu\u1ed1n s\u00e1ch \u201c100% made in Vietnam\u201d \u0111\u1ebfn v\u1edbi tr\u1ebb em Vi\u1ec7t. C\u00e1c ki\u1ebfn th\u1ee9c b\u1ed5 \u00edch \u0111\u01b0\u1ee3c truy\u1ec1n t\u1ea3i th\u00f4ng qua nh\u1eefng t\u01b0\u01a1ng t\u00e1c th\u00fa v\u1ecb gi\u00fap tr\u1ebb nh\u1edb l\u00e2u h\u01a1n, h\u1ecdc t\u1ed1t h\u01a1n.<\/p>\n<p>Nh\u1eadn ra \u0111\u01b0\u1ee3c s\u1ee9 m\u1ec7nh v\u00e0 t\u1ea7m nh\u00ecn c\u1ee7a \u0110inh T\u1ecb, <strong>SACHVIET.EU<\/strong> \u0111\u00e3 li\u00ean l\u1ea1c v\u1edbi \u0110inh T\u1ecb \u0111\u1ec3 \u0111\u01b0\u1ee3c h\u1ed7 tr\u1ee3 \u0111\u01b0a nh\u1eefng cu\u1ed1n s\u00e1ch mang gi\u00e1 tr\u1ecb \u0111\u1eadm ch\u1ea5t Vi\u1ec7t Nam \u0111\u1ebfn v\u1edbi tr\u1ebb em Vi\u1ec7t v\u00e0 c\u1ed9ng \u0111\u1ed3ng Vi\u1ec7t s\u1ed1ng t\u1ea1i Ch\u00e2u \u00c2u. SACHVIET.EU \u0111\u1eb7t l\u00f2ng tin \u1edf \u0110inh T\u1ecb s\u1ebd lu\u00f4n \u0111em \u0111\u1ebfn nh\u1eefng gi\u00e1 tr\u1ecb cao qua t\u1eebng trang s\u00e1ch v\u00e0 hy v\u1ecdng \u0111\u1ed9c gi\u1ea3 s\u1ebd lu\u00f4n h\u00e0i l\u00f2ng v\u1edbi ch\u1ea5t l\u01b0\u1ee3ng m\u00e0 \u0110inh T\u1ecb theo \u0111u\u1ed5i bao n\u0103m qua.<\/p>\n\n<!-- \/wp:flatsome\/uxbuilder -->","post_title":"\u0110inh T\u1ecb","post_excerpt":"","post_status":"publish","comment_status":"closed","ping_status":"closed","post_password":"","post_name":"dinh-ti","to_ping":"","pinged":"","post_modified":"2022-12-19 23:15:43","post_modified_gmt":"2022-12-19 21:15:43","post_content_filtered":"","post_parent":0,"guid":"https:\/\/sachviet.eu\/nha-phat-hanh\/dinh-ti\/","menu_order":0,"post_type":"publisher","post_mime_type":"","comment_count":"0","filter":"raw"}},"_links":{"self":[{"href":"https:\/\/sachviet.eu\/en\/wp-json\/wp\/v2\/product\/3473","targetHints":{"allow":["GET"]}}],"collection":[{"href":"https:\/\/sachviet.eu\/en\/wp-json\/wp\/v2\/product"}],"about":[{"href":"https:\/\/sachviet.eu\/en\/wp-json\/wp\/v2\/types\/product"}],"wp:featuredmedia":[{"embeddable":true,"href":"https:\/\/sachviet.eu\/en\/wp-json\/wp\/v2\/media\/3463"}],"wp:attachment":[{"href":"https:\/\/sachviet.eu\/en\/wp-json\/wp\/v2\/media?parent=3473"}],"wp:term":[{"taxonomy":"product_brand","embeddable":true,"href":"https:\/\/sachviet.eu\/en\/wp-json\/wp\/v2\/product_brand?post=3473"},{"taxonomy":"product_cat","embeddable":true,"href":"https:\/\/sachviet.eu\/en\/wp-json\/wp\/v2\/product_cat?post=3473"},{"taxonomy":"product_tag","embeddable":true,"href":"https:\/\/sachviet.eu\/en\/wp-json\/wp\/v2\/product_tag?post=3473"}],"curies":[{"name":"wp","href":"https:\/\/api.w.org\/{rel}","templated":true}]}}