{"id":3462,"date":"2021-03-02T03:09:20","date_gmt":"2021-03-02T01:09:20","guid":{"rendered":"https:\/\/sachviet.eu\/shop\/gieo-hat-giong-thuong-yeu-set-8-quyen\/"},"modified":"2023-04-02T11:58:14","modified_gmt":"2023-04-02T08:58:14","slug":"gieo-hat-giong-thuong-yeu-set-8-quyen","status":"publish","type":"product","link":"https:\/\/sachviet.eu\/en\/shop\/gieo-hat-giong-thuong-yeu-set-8-quyen\/","title":{"rendered":"Gieo h\u1ea1t gi\u1ed1ng th\u01b0\u01a1ng y\u00eau &#8211; set 8 quy\u1ec3n"},"content":{"rendered":"<p>GIEO H\u1ea0T GI\u1ed0NG TH\u01af\u01a0NG Y\u00caU NU\u00d4I D\u01af\u1ee0NG T\u00c2M H\u1ed2N CON M\u1ed6I NG\u00c0Y<\/p>\n<p>Tr\u1ebb em gi\u1ed1ng nh\u01b0 nh\u1eefng m\u1ea7m nh\u1ecf \u0111\u01b0\u1ee3c gieo tr\u1ed3ng v\u00e0 m\u1ea7m nh\u1ecf \u0111\u00f3 c\u1ea7n b\u1ed1 m\u1eb9 ph\u1ea3i c\u00f3 s\u1ef1 ch\u0103m s\u00f3c v\u00e0 gi\u00e1o d\u1ee5c ph\u00f9 h\u1ee3p \u0111\u1ec3 tr\u1ebb c\u00f3 th\u1ec3 ph\u00e1t tri\u1ec3n t\u1ed1t nh\u1ea5t. Do v\u1eady, trong &#8220;giai \u0111o\u1ea1n v\u00e0ng&#8221; t\u1eeb 0-6 tu\u1ed5i, gia \u0111\u00ecnh c\u00f3 vai tr\u00f2 r\u1ea5t quan tr\u1ecdng trong vi\u1ec7c nu\u00f4i d\u01b0\u1ee1ng, \u01b0\u01a1m m\u1ea7m, t\u1ea1o n\u1ec1n t\u1ea3ng \u0111\u1ec3 \u0111\u1ecbnh h\u00ecnh t\u00ednh c\u00e1ch cho tr\u1ebb trong t\u01b0\u01a1ng lai.<\/p>\n<p>Gieo h\u1ea1t gi\u1ed1ng th\u01b0\u01a1ng y\u00eau l\u00e0 m\u1ed9t b\u1ed9 s\u00e1ch si\u00eau \u1ea5m \u00e1p v\u00e0 ng\u1ecdt ng\u00e0o v\u1edbi n\u1ed9i dung vi\u1ebft v\u1ec1 t\u00ecnh c\u1ea3m gia \u0111\u00ecnh v\u00e0 b\u1ea1n b\u00e8 v\u00f4 c\u00f9ng g\u1ea7n g\u0169i v\u1edbi ng\u00f4n ng\u1eef k\u1ec3 chuy\u1ec7n nh\u1eb9 nh\u00e0ng, t\u00ecnh c\u1ea3m v\u00e0 h\u00ecnh \u1ea3nh ng\u1ed9 ngh\u0129nh \u0111\u00e1ng y\u00eau l\u00e0 m\u1ed9t m\u00f3n qu\u00e0 qu\u00fd gi\u00e1 gi\u00fap nu\u00f4i d\u01b0\u1ee1ng v\u00e0 vun \u0111\u1eafp t\u00e2m h\u1ed3n, nh\u00e2n c\u00e1ch v\u00e0 tr\u00ed tu\u1ec7 cho tr\u1ebb trong ch\u00ednh ng\u00f4i nh\u00e0 th\u00e2n y\u00eau c\u1ee7a m\u00ecnh.<\/p>\n<p>B\u1ed9 s\u00e1ch g\u1ed3m 8 t\u1eadp:<\/p>\n<p>M\u1eb9 y\u00eau con m\u00e3i m\u00e3i, M\u1eb9 y\u00eau m\u1ecdi th\u1ee9 \u1edf con, B\u00e9 con ng\u1ecdt ng\u00e0o c\u1ee7a m\u1eb9: B\u1ed9 ba cu\u1ed1n s\u00e1ch m\u1eb9 y\u00eau con l\u00e0 nh\u1eefng t\u00ecnh c\u1ea3m thi\u00eang li\u00eang m\u00e0 m\u1eb9 d\u00e0nh tr\u1ecdn cho b\u00e9 con: \u201cCon l\u00e0 t\u1ea5t c\u1ea3 t\u00ecnh y\u00eau c\u1ee7a m\u1eb9, c\u00f3 m\u1ed9t \u0111i\u1ec1u m\u00e0 con s\u1ebd lu\u00f4n lu\u00f4n bi\u1ebft r\u00f5, r\u1eb1ng m\u1eb9 s\u1ebd y\u00eau con m\u00e3i m\u00e3i, con y\u00eau\u201d. V\u1edbi nh\u1eefng b\u1ee9c tranh minh h\u1ecda \u0111\u1eb9p, \u1ea5n t\u01b0\u1ee3ng v\u1ec1 m\u1eb9 v\u00e0 b\u00e9 con c\u00f9ng nh\u1eefng c\u00e2u ch\u1eef th\u00e2n th\u01b0\u01a1ng, cu\u1ed1n s\u00e1ch \u0111\u00e3 t\u00e1i hi\u1ec7n l\u00ean nh\u1eefng kho\u1ea3nh kh\u1eafc th\u1eadt ng\u1ecdt ng\u00e0o m\u00e0 b\u1ea5t c\u1ee9 m\u1eb9 n\u00e0o khi \u0111\u1ecdc c\u0169ng s\u1ebd nh\u00ecn th\u1ea5y nh\u01b0 l\u00e0 ch\u00ednh m\u00ecnh \u1edf trong \u0111\u00f3 v\u1eady \u0111\u1ea5y.<\/p>\n<p>M\u00ecnh l\u00e0 anh trai \u0111\u1ea5y nh\u00e9, M\u00ecnh l\u00e0 ch\u1ecb g\u00e1i r\u1ed3i nh\u00e9: V\u1edbi ni\u1ec1m vui c\u1ee7a gia \u0111\u00ecnh khi c\u00f3 th\u00eam em b\u00e9, c\u00e1c &#8220;anh ch\u1ecb l\u1edbn&#8221; c\u00f3 th\u1ec3 c\u1ea7n th\u00eam m\u1ed9t ch\u00fat th\u1eddi gian, m\u1ed9t ch\u00fat ch\u0103m s\u00f3c d\u1ecbu d\u00e0ng \u0111\u1ec3 th\u00edch nghi v\u00e0o ch\u00e0o \u0111\u00f3n em b\u00e9. 2 cu\u1ed1n s\u00e1ch l\u00e0 nh\u1eefng m\u00f3n qu\u00e0 y\u00eau th\u01b0\u01a1ng tuy\u1ec7t v\u1eddi cho c\u00e1c gia \u0111\u00ecnh khi chu\u1ea9n b\u1ecb ch\u00e0o \u0111\u00f3n th\u00e0nh vi\u00ean m\u1edbi v\u1edbi c\u00e2u chuy\u1ec7n \u0111\u1ea7y ng\u1ecdt ng\u00e0o di\u1ec5n t\u1ea3 ho\u00e0n h\u1ea3o ni\u1ec1m vui m\u1eebng v\u00e0 th\u01b0\u01a1ng y\u00eau c\u1ee7a \u201canh ch\u1ecb l\u1edbn\u201d ch\u00e0o \u0111\u00f3n em b\u00e9 \u0111\u1ebfn v\u1edbi gia \u0111\u00ecnh.<\/p>\n<p>M\u00ecnh qu\u00fd b\u1ea1n nh\u01b0\u1eddng n\u00e0o: B\u00e9 y\u00eau qu\u00fd b\u1ea1n bi\u1ebft nh\u01b0\u1eddng n\u00e0o, \u0111\u1ec3 b\u00e9 n\u00f3i cho b\u1ea1n nghe nh\u00e9! B\u00e9 y\u00eau b\u1ea1n nh\u01b0 nh\u01b0 bi\u1ec3n r\u1ed9ng bao la, nh\u01b0 y\u00eau b\u1edd bi\u1ec3n v\u1edbi c\u00e1t v\u00e0ng trong n\u1eafng, v\u00e0 nh\u01b0 th\u1ebf gi\u1edbi k\u1ef3 c\u1ed5 \u0111\u1ea1i, th\u1ea5y y\u00eau nh\u1eefng ch\u00fa kh\u1ee7ng long bi\u1ebft nh\u01b0\u1eddng n\u00e0o \u0111\u00f3. M\u1ed9t cu\u1ed1n s\u00e1ch \u00fd ngh\u0129a \u0111\u1ed3ng h\u00e0nh, nu\u00f4i d\u01b0\u1ee1ng nh\u1eefng t\u00ecnh c\u1ea3m qu\u00fd m\u1ebfn b\u1ea1n b\u00e8 trong b\u00e9.<\/p>\n<p>M\u01b0\u1eddi ng\u00f3n ch\u00e2n nh\u1ecf xinh: Cu\u1ed1n s\u00e1ch c\u1ef1c k\u1ef3 d\u1ec5 th\u01b0\u01a1ng v\u1edbi nh\u1eefng b\u1ee9c tranh minh h\u1ecda v\u1ec1 nh\u1eefng tr\u00f2 \u0111\u00f9a ngh\u1ecbch c\u00f9ng mi\u1ec7ng, tai, m\u1eaft, m\u0169i, tay, b\u1ee5ng, ch\u00e2n s\u1ebd gi\u00fap b\u00e9 th\u1eadt d\u1ec5 hi\u1ec3u v\u1ec1 c\u00e1c b\u1ed9 ph\u1eadn tr\u00ean c\u01a1 th\u1ec3 m\u00ecnh \u0111\u00f3.<\/p>\n<p>Ch\u00fac con ng\u1ee7 ngon: \u0110\u1ebfn gi\u1edd \u0111i ng\u1ee7 r\u1ed3i, n\u00e0o c\u00f9ng s\u1eb5n s\u00e0ng ngay th\u00f4i. Mang theo g\u1ea5u b\u00f4ng, b\u00e9 th\u1ecf, \u0111\u00e1nh r\u0103ng, m\u1eb7c qu\u1ea7n \u00e1o ng\u1ee7, \u0111\u1ecdc s\u00e1ch r\u1ed3i tr\u00f9m th\u1eadt k\u00edn ch\u0103n, t\u1eaft \u0111\u00e8n, nh\u1eafm m\u1eaft v\u00e0 ch\u00ecm v\u00e0o gi\u1ea5c m\u01a1 tuy\u1ec7t \u0111\u1eb9p nh\u00e9. Cu\u1ed1n s\u00e1ch l\u00e0 m\u1ed9t m\u00f3n qu\u00e0 nh\u1ecf \u0111\u1ec3 b\u1ed1 m\u1eb9 \u0111\u1ecdc c\u00f9ng b\u00e9 tr\u01b0\u1edbc gi\u1edd \u0111i ng\u1ee7, qua \u0111\u00f3 gi\u00fap b\u00e9 c\u00f3 th\u1ec3 r\u00e8n \u0111\u01b0\u1ee3c nh\u1eefng th\u00f3i quen t\u1ed1t khi \u0111i ng\u1ee7 \u0111\u00f3.<\/p>\n<p>V\u1edbi nh\u1eefng c\u00e2u chuy\u1ec7n d\u1ec5 th\u01b0\u01a1ng v\u00e0 th\u00fa v\u1ecb n\u00e0y ch\u1eafc ch\u1eafc s\u1ebd mang l\u1ea1i nh\u1eefng gi\u00e2y ph\u00fat vui v\u1ebb c\u00f9ng nhi\u1ec1u kho\u1ea3nh kh\u1eafc tuy\u1ec7t v\u1eddi cho b\u1ed1 m\u1eb9 v\u00e0 c\u00e1c em b\u00e9.  <div class=\"banner-grid-wrapper\">\n  <div id=\"banner-grid-1899292553\" class=\"banner-grid row row-grid row-small\" data-packery-options=\"\">\n            <style>\n    #banner-grid-1899292553 .grid-col-1{height: 600px}\n    #banner-grid-1899292553 .grid-col-1-2{height: 300px}\n    #banner-grid-1899292553 .grid-col-1-3{height:200px}\n    #banner-grid-1899292553 .grid-col-2-3{height: 400px}\n    #banner-grid-1899292553 .grid-col-1-4{height: 150px}\n    #banner-grid-1899292553 .grid-col-3-4{height: 450px}\n\n\n        \/* Tablet *\/\n    @media (max-width: 850px){\n      #banner-grid-1899292553 .grid-col-1{height: 400px}\n      #banner-grid-1899292553 .grid-col-1-2{height: 200px}\n      #banner-grid-1899292553 .grid-col-1-3{height:133.33333333333px}\n      #banner-grid-1899292553 .grid-col-2-3{height: 266.66666666667px}\n      #banner-grid-1899292553 .grid-col-1-4{height: 100px}\n      #banner-grid-1899292553 .grid-col-3-4{height: 300px}\n    }\n    \n        \/* Mobile *\/\n    @media (max-width: 550px){\n      #banner-grid-1899292553 .grid-col-1{height: 400px}\n      #banner-grid-1899292553 .grid-col-1-2{height: 200px}\n      #banner-grid-1899292553 .grid-col-1-3{height:133.33333333333px}\n      #banner-grid-1899292553 .grid-col-2-3{height: 266.66666666667px}\n      #banner-grid-1899292553 .grid-col-1-4{height: 100px}\n      #banner-grid-1899292553 .grid-col-3-4{height: 300px}\n    }\n    \n\n  <\/style>\n    <\/div>\n    <style>\n    #banner-grid-1899292553 .grid-col-1{height: 600px}\n    #banner-grid-1899292553 .grid-col-1-2{height: 300px}\n    #banner-grid-1899292553 .grid-col-1-3{height:200px}\n    #banner-grid-1899292553 .grid-col-2-3{height: 400px}\n    #banner-grid-1899292553 .grid-col-1-4{height: 150px}\n    #banner-grid-1899292553 .grid-col-3-4{height: 450px}\n\n\n    \n    \n\n  <\/style>\n    <\/div>\n  \n","protected":false},"excerpt":{"rendered":"<p>Gieo h\u1ea1t gi\u1ed1ng th\u01b0\u01a1ng y\u00eau (8 t\u1eadp) l\u00e0 m\u1ed9t b\u1ed9 s\u00e1ch r\u1ea5t d\u1ec5 th\u01b0\u01a1ng v\u00e0 th\u00fa v\u1ecb v\u1edbi n\u1ed9i dung vi\u1ebft v\u1ec1 t\u00ecnh c\u1ea3m gia \u0111\u00ecnh v\u00e0 b\u1ea1n b\u00e8 v\u00f4 c\u00f9ng g\u1ea7n g\u0169i v\u00e0 \u1ea5m \u00e1p, ng\u00f4n ng\u1eef k\u1ec3 chuy\u1ec7n nh\u1eb9 nh\u00e0ng v\u00e0 t\u00ecnh c\u1ea3m, h\u00ecnh \u1ea3nh ng\u1ed9 ngh\u0129nh v\u00e0 \u0111\u00e1ng y\u00eau&#8230; ch\u1eafc ch\u1eafn s\u1ebd mang l\u1ea1i nh\u1eefng gi\u00e2y ph\u00fat vui v\u1ebb c\u00f9ng nhi\u1ec1u kho\u1ea3nh kh\u1eafc tuy\u1ec7t v\u1eddi cho b\u1ed1 m\u1eb9 v\u00e0 c\u00e1c em b\u00e9.<\/p>\n<p>B\u1ed9 s\u00e1ch si\u00eau \u1ea5m \u00e1p v\u00e0 ng\u1ecdt ng\u00e0o n\u00e0y gi\u1ed1ng nh\u01b0 m\u00f3n qu\u00e0 t\u1eb7ng qu\u00fd gi\u00e1, s\u1ebd gi\u00fap nu\u00f4i d\u01b0\u1ee1ng v\u00e0 vun \u0111\u1eafp nh\u1eefng &#8220;h\u1ea1t gi\u1ed1ng th\u01b0\u01a1ng y\u00eau&#8221; gi\u1eefa b\u1ed1 m\u1eb9, anh ch\u1ecb em, b\u1ea1n b\u00e8 c\u1ee7a c\u00e1c em b\u00e9 trong ch\u00ednh ng\u00f4i nh\u00e0 th\u00e2n y\u00eau c\u1ee7a m\u00ecnh.<\/p>\n","protected":false},"featured_media":3453,"template":"","meta":{"_acf_changed":false},"product_brand":[],"product_cat":[17,24,25],"product_tag":[],"class_list":{"0":"post-3462","1":"product","2":"type-product","3":"status-publish","4":"has-post-thumbnail","6":"product_cat-sach-danh-cho-cac-be","7":"product_cat-nha-tre-mau-giao-0-tuoi-6-tuoi","8":"product_cat-nhi-dong-6-tuoi-12-tuoi","10":"first","11":"instock","12":"taxable","13":"shipping-taxable","14":"purchasable","15":"product-type-simple"},"supplier_id":null,"supplier_sku":"","barcode":null,"atum_controlled":true,"out_stock_date":null,"out_stock_threshold":null,"inheritable":false,"inbound_stock":0,"stock_on_hold":0,"sold_today":0,"sales_last_days":0,"reserved_stock":0,"customer_returns":0,"warehouse_damage":0,"lost_in_post":0,"other_logs":0,"out_stock_days":0,"lost_sales":0,"has_location":false,"update_date":"2026-01-28T23:10:33","atum_locations":[],"atum_stock_status":"instock","restock_status":false,"low_stock_amount":"","sales_update_date":"2026-01-28T23:10:33","calc_backorders":null,"acf":{"publisher":{"ID":1470,"post_author":"2","post_date":"2021-02-17 01:12:47","post_date_gmt":"2021-02-16 23:12:47","post_content":"<!-- wp:flatsome\/uxbuilder -->\n<h1 style=\"text-align: center\"><strong>\u0110inh T\u1ecb<\/strong><\/h1>\n[row]\n\n[col span=\"4\" span__sm=\"12\"]\n\n[ux_image id=\"1831\" image_size=\"medium\"]\n\n\n[\/col]\n[col span=\"8\" span__sm=\"12\"]\n\n<p><strong>\u0110inh T\u1ecb Books - Ti\u00ean phong s\u00e1ng t\u1ea1o<\/strong><\/p>\n<p>Th\u00e0nh l\u1eadp n\u0103m 2006, t\u1edbi nay \u0110inh T\u1ecb Books \u0111\u01b0\u1ee3c \u0111\u00e1nh gi\u1ea3 l\u00e0 \u0111\u01a1n v\u1ecb xu\u1ea5t b\u1ea3n uy t\u00edn c\u00f3 t\u1ed1c \u0111\u1ed9 ph\u00e1t tri\u1ec3n nhanh nh\u1ea5t g\u1eafn v\u1edbi th\u00e0nh c\u00f4ng c\u1ee7a hai t\u1ee7 s\u00e1ch l\u1edbn: T\u1ee7 s\u00e1ch Thi\u1ebfu nhi - T\u1ee7 s\u00e1ch V\u0103n h\u1ecdc. Trong \u0111\u00f3 ph\u1ea3i k\u1ec3 t\u1edbi b\u01b0\u1edbc chuy\u1ec3n m\u00ecnh \u0111\u1ea7y \u1ea5n t\u01b0\u1ee3ng, tr\u1edf th\u00e0nh \u0111\u01a1n v\u1ecb ti\u00ean phong s\u00e1ng t\u1ea1o d\u00f2ng S\u00c1CH T\u01af\u01a0NG T\u00c1C thi\u1ebfu nhi. V\u1edbi h\u01a1n 300 t\u1ef1a s\u00e1ch t\u01b0\u01a1ng t\u00e1c \u0111ang l\u01b0u h\u00e0nh, \u0110inh T\u1ecb Books \u0111\u00e3 mang \u0111\u1ebfn nh\u1eefng gi\u00e1 tr\u1ecb tr\u1ea3i nghi\u1ec7m tuy\u1ec7t v\u1eddi, \u0111\u01b0a vi\u1ec7c h\u1ecdc v\u00e0 ch\u01a1i c\u00f9ng s\u00e1ch tr\u1edf n\u00ean hi\u1ec7u qu\u1ea3 h\u01a1n, gi\u00fap tr\u1ebb th\u00f4ng minh, t\u0103ng tr\u01b0\u1edfng c\u00e1c ch\u1ec9 s\u1ed1 IQ, EQ.<\/p>\n<p><strong>Th\u1ebf m\u1ea1nh c\u1ee7a \u0110inh T\u1ecb Books<\/strong><\/p>\n<p>V\u1edbi kinh nghi\u1ec7m nhi\u1ec1u n\u0103m trong ng\u00e0nh xu\u1ea5t b\u1ea3n, \u0110inh T\u1ecb Books tin r\u1eb1ng c\u00e1c b\u1eadc cha m\u1eb9 lu\u00f4n d\u00e0nh nh\u1eefng \u0111i\u1ec1u t\u1ed1t \u0111\u1eb9p nh\u1ea5t cho c\u00e1c con c\u1ee7a m\u00ecnh. \u0110\u1ecdc s\u00e1ch c\u00f9ng con lu\u00f4n l\u00e0 l\u1ef1a ch\u1ecdn h\u00e0ng \u0111\u1ea7u gi\u00fap g\u1eafn k\u1ebft t\u00ecnh y\u00eau th\u01b0\u01a1ng \u0111\u1ed3ng th\u1eddi gi\u00fap con nu\u00f4i d\u01b0\u1ee1ng ni\u1ec1m \u0111am m\u00ea v\u1edbi s\u00e1ch.<\/p>\n\n[\/col]\n\n[\/row]\n<p><strong>T\u00ecnh y\u00eau l\u1edbn d\u00e0nh cho nh\u1eefng cu\u1ed1n s\u00e1ch.<\/strong><\/p>\n<p>Xu\u1ea5t ph\u00e1t t\u1eeb t\u00ecnh y\u00eau v\u1edbi nh\u1eefng cu\u1ed1n s\u00e1ch, l\u00f2ng t\u1eadn t\u00e2m mu\u1ed1n g\u00ecn gi\u1eef nh\u1eefng gi\u00e1 tr\u1ecb v\u0103n h\u00f3a truy\u1ec1n th\u1ed1ng c\u1ee7a Vi\u1ec7t Nam, mong mu\u1ed1n \u0111\u01b0a nh\u1eefng gi\u00e1 tr\u1ecb \u0111\u1eadm ch\u1ea5t Vi\u1ec7t Nam \u0111\u1ebfn v\u1edbi tr\u1ebb em Vi\u1ec7t, c\u00e1c th\u00e0nh vi\u00ean s\u00e1ng t\u1ea1o c\u1ee7a \u0110inh T\u1ecb Books \u0111\u00e3 kh\u00f4ng ng\u1eebng n\u1ed7 l\u1ef1c, t\u00ecm t\u00f2i v\u00e0 h\u1ecdc h\u1ecfi, \u0111\u1ec3 \u0111\u01b0a nh\u1eefng cu\u1ed1n s\u00e1ch \u201c100% made in Vietnam\u201d \u0111\u1ebfn v\u1edbi tr\u1ebb em Vi\u1ec7t. C\u00e1c ki\u1ebfn th\u1ee9c b\u1ed5 \u00edch \u0111\u01b0\u1ee3c truy\u1ec1n t\u1ea3i th\u00f4ng qua nh\u1eefng t\u01b0\u01a1ng t\u00e1c th\u00fa v\u1ecb gi\u00fap tr\u1ebb nh\u1edb l\u00e2u h\u01a1n, h\u1ecdc t\u1ed1t h\u01a1n.<\/p>\n<p>Nh\u1eadn ra \u0111\u01b0\u1ee3c s\u1ee9 m\u1ec7nh v\u00e0 t\u1ea7m nh\u00ecn c\u1ee7a \u0110inh T\u1ecb, <strong>SACHVIET.EU<\/strong> \u0111\u00e3 li\u00ean l\u1ea1c v\u1edbi \u0110inh T\u1ecb \u0111\u1ec3 \u0111\u01b0\u1ee3c h\u1ed7 tr\u1ee3 \u0111\u01b0a nh\u1eefng cu\u1ed1n s\u00e1ch mang gi\u00e1 tr\u1ecb \u0111\u1eadm ch\u1ea5t Vi\u1ec7t Nam \u0111\u1ebfn v\u1edbi tr\u1ebb em Vi\u1ec7t v\u00e0 c\u1ed9ng \u0111\u1ed3ng Vi\u1ec7t s\u1ed1ng t\u1ea1i Ch\u00e2u \u00c2u. SACHVIET.EU \u0111\u1eb7t l\u00f2ng tin \u1edf \u0110inh T\u1ecb s\u1ebd lu\u00f4n \u0111em \u0111\u1ebfn nh\u1eefng gi\u00e1 tr\u1ecb cao qua t\u1eebng trang s\u00e1ch v\u00e0 hy v\u1ecdng \u0111\u1ed9c gi\u1ea3 s\u1ebd lu\u00f4n h\u00e0i l\u00f2ng v\u1edbi ch\u1ea5t l\u01b0\u1ee3ng m\u00e0 \u0110inh T\u1ecb theo \u0111u\u1ed5i bao n\u0103m qua.<\/p>\n\n<!-- \/wp:flatsome\/uxbuilder -->","post_title":"\u0110inh T\u1ecb","post_excerpt":"","post_status":"publish","comment_status":"closed","ping_status":"closed","post_password":"","post_name":"dinh-ti","to_ping":"","pinged":"","post_modified":"2022-12-19 23:15:43","post_modified_gmt":"2022-12-19 21:15:43","post_content_filtered":"","post_parent":0,"guid":"https:\/\/sachviet.eu\/nha-phat-hanh\/dinh-ti\/","menu_order":0,"post_type":"publisher","post_mime_type":"","comment_count":"0","filter":"raw"}},"_links":{"self":[{"href":"https:\/\/sachviet.eu\/en\/wp-json\/wp\/v2\/product\/3462","targetHints":{"allow":["GET"]}}],"collection":[{"href":"https:\/\/sachviet.eu\/en\/wp-json\/wp\/v2\/product"}],"about":[{"href":"https:\/\/sachviet.eu\/en\/wp-json\/wp\/v2\/types\/product"}],"wp:featuredmedia":[{"embeddable":true,"href":"https:\/\/sachviet.eu\/en\/wp-json\/wp\/v2\/media\/3453"}],"wp:attachment":[{"href":"https:\/\/sachviet.eu\/en\/wp-json\/wp\/v2\/media?parent=3462"}],"wp:term":[{"taxonomy":"product_brand","embeddable":true,"href":"https:\/\/sachviet.eu\/en\/wp-json\/wp\/v2\/product_brand?post=3462"},{"taxonomy":"product_cat","embeddable":true,"href":"https:\/\/sachviet.eu\/en\/wp-json\/wp\/v2\/product_cat?post=3462"},{"taxonomy":"product_tag","embeddable":true,"href":"https:\/\/sachviet.eu\/en\/wp-json\/wp\/v2\/product_tag?post=3462"}],"curies":[{"name":"wp","href":"https:\/\/api.w.org\/{rel}","templated":true}]}}