{"id":3372,"date":"2021-03-02T03:00:26","date_gmt":"2021-03-02T01:00:26","guid":{"rendered":"https:\/\/sachviet.eu\/shop\/nhung-bai-hoc-tu-bao-ve-ban-than-danh-cho-hoc-sinh\/"},"modified":"2021-03-23T01:10:56","modified_gmt":"2021-03-22T23:10:56","slug":"nhung-bai-hoc-tu-bao-ve-ban-than-danh-cho-hoc-sinh","status":"publish","type":"product","link":"https:\/\/sachviet.eu\/en\/shop\/nhung-bai-hoc-tu-bao-ve-ban-than-danh-cho-hoc-sinh\/","title":{"rendered":"Nh\u1eefng b\u00e0i h\u1ecdc t\u1ef1 b\u1ea3o v\u1ec7 b\u1ea3n th\u00e2n d\u00e0nh cho h\u1ecdc sinh"},"content":{"rendered":"<p>Ch\u1eafc ch\u1eafn l\u00e0 b\u1ed1 m\u1eb9 n\u00e0o c\u0169ng hy v\u1ecdng con c\u00e1i m\u00ecnh l\u1edbn l\u00ean th\u1eadt kh\u1ecfe m\u1ea1nh v\u00e0 vui v\u1ebb, tuy nhi\u00ean, b\u1ed1 m\u1eb9 kh\u00f4ng th\u1ec3 \u0111\u1ec3 \u00fd, quan t\u00e2m \u0111\u1ebfn con c\u00e1i m\u1ecdi l\u00fac m\u1ecdi n\u01a1i \u0111\u01b0\u1ee3c, cho n\u00ean \u0111\u1ec3 con h\u1ecdc c\u00e1ch t\u1ef1 b\u1ea3o v\u1ec7 b\u1ea3n th\u00e2n m\u1edbi l\u00e0 c\u00e1ch l\u00e0m to\u00e0n v\u1eb9n nh\u1ea5t.<\/p>\n<p>\u0110\u00e3 c\u00f3 r\u1ea5t nhi\u1ec1u v\u1ee5 vi\u1ec7c tr\u1ebb b\u1ecb l\u1ea1c ng\u01b0\u1eddi th\u00e2n, b\u1ecb b\u1eaft c\u00f3c ho\u1eb7c x\u1ea3y ra tai n\u1ea1n th\u01b0\u01a1ng t\u00e2m, m\u00e0 trong \u0111\u00f3 \u0111a s\u1ed1 l\u00e0 v\u00ec \u00fd th\u1ee9c v\u1ec1 s\u1ef1 an to\u00e0n c\u1ee7a b\u1ed1 m\u1eb9 ch\u01b0a \u0111\u1ee7 ho\u1eb7c l\u00e0 thi\u1ebfu gi\u00e1o d\u1ee5c cho tr\u1ebb v\u1ec1 s\u1ef1 an to\u00e0n. Th\u01b0\u1eddng ng\u00e0y, ch\u00fang ta \u0111\u1ec1u c\u1ea3m th\u1ea5y nh\u1eefng s\u1ef1 c\u1ed1 ngo\u00e0i \u00fd mu\u1ed1n \u0111\u00f3 l\u00e0 nh\u1eefng chuy\u1ec7n r\u1ea5t xa x\u00f4i, cho n\u00ean \u00fd th\u1ee9c v\u1ec1 s\u1ef1 an to\u00e0n c\u0169ng b\u1ecb coi nh\u1eb9, \u0111\u00e2y ch\u00ednh l\u00e0 nguy\u00ean do c\u1ee7a nh\u1eefng s\u1ef1 c\u1ed1 ngo\u00e0i \u00fd mu\u1ed1n. Cu\u1ed9c s\u1ed1ng lu\u00f4n c\u00f3 r\u1ea5t nhi\u1ec1u \u0111i\u1ec1u b\u1ea5t ng\u1edd x\u1ea3y ra, kh\u00f4ng ph\u1ea3i t\u1ea5t c\u1ea3 \u0111\u1ec1u n\u1eb1m trong t\u1ea7m ki\u1ec3m so\u00e1t c\u1ee7a ch\u00fang ta, th\u1ebf n\u00ean ch\u00fang ta c\u1ea7n \u0111\u1ec3 c\u00e1c b\u1ea1n nh\u1ecf hi\u1ec3u r\u1eb1ng, tr\u00ean th\u1ebf gi\u1edbi n\u00e0y, c\u00f3 y\u00eau c\u00f3 h\u1eadn, c\u00f3 thi\u1ec7n c\u00f3 \u00e1c, cho n\u00ean ph\u1ea3i h\u1ecdc c\u00e1ch t\u1ef1 b\u1ea3o v\u1ec7 b\u1ea3n th\u00e2n.<\/p>\n<p>Cu\u1ed1n s\u00e1ch Nh\u1eefng b\u00e0i h\u1ecdc t\u1ef1 b\u1ea3o v\u1ec7 b\u1ea3n th\u00e2n d\u00e0nh cho h\u1ecdc sinh \u0111\u1ec1 c\u1eadp \u0111\u1ebfn c\u00e1c ki\u1ebfn th\u1ee9c t\u1ef1 b\u1ea3o v\u1ec7 nh\u01b0 cu\u1ed9c s\u1ed1ng trong gia \u0111\u00ecnh, cu\u1ed9c s\u1ed1ng \u1edf tr\u01b0\u1eddng h\u1ecdc, cu\u1ed9c s\u1ed1ng ngo\u00e0i x\u00e3 h\u1ed9i, l\u00e0m th\u1ebf n\u00e0o \u0111\u1ec3 \u0111\u01b0\u1ee3c an to\u00e0n khi s\u1eed d\u1ee5ng internet, c\u00e1c t\u00ecnh hu\u1ed1ng b\u1ea5t ng\u1edd hay c\u00e1c th\u1ea3m h\u1ecda t\u1ef1 nhi\u00ean\u2026 Th\u00f4ng qua nh\u1eefng c\u00e2u chuy\u1ec7n th\u01b0\u1eddng g\u1eb7p, nh\u1eefng l\u1eddi ph\u00e2n t\u00edch s\u00e2u s\u1eafc v\u00e0 c\u00e1c ph\u01b0\u01a1ng ph\u00e1p c\u00f3 t\u00ednh th\u1ef1c t\u1ebf s\u1ebd gi\u00fap cho c\u00e1c b\u1ea1n tr\u1ebb, c\u00e1c em nh\u1ecf bi\u1ebft \u0111\u01b0\u1ee3c c\u00e1ch \u1ee9ng ph\u00f3, ph\u00f2ng tr\u00e1nh nguy hi\u1ec3m nh\u01b0 th\u1ebf n\u00e0o, \u0111\u1ec3 khi kh\u00f4ng may r\u01a1i v\u00e0o nh\u1eefng t\u00ecnh hu\u1ed1ng t\u01b0\u01a1ng t\u1ef1, c\u00e1c em v\u1eabn c\u00f3 \u0111\u1ee7 s\u1ef1 b\u00ecnh t\u0129nh \u0111\u1ec3 gi\u1ea3i quy\u1ebft, h\u00f3a nguy th\u00e0nh an.<\/p>\n<p>\u0110\u00e2y kh\u00f4ng ch\u1ec9 l\u00e0 m\u1ed9t cu\u1ed1n s\u00e1ch v\u1ec1 an to\u00e0n, m\u00e0 c\u00f2n l\u00e0 m\u1ed9t cu\u1ed1n s\u1ed5 tay tr\u01b0\u1edfng th\u00e0nh. Khi \u0111\u1ecdc, h\u1ecdc theo v\u00e0 n\u1eafm v\u1eefng c\u00e1c ki\u1ebfn th\u1ee9c an to\u00e0n trong cu\u1ed1n s\u00e1ch n\u00e0y, ch\u00fang ta s\u1ebd c\u00f3 m\u1ed9t cu\u1ed9c s\u1ed1ng kh\u1ecfe m\u1ea1nh v\u00e0 h\u1ea1nh ph\u00fac.  <div class=\"banner-grid-wrapper\">\n  <div id=\"banner-grid-2032800555\" class=\"banner-grid row row-grid row-small\" data-packery-options=\"\">\n            <style>\n    #banner-grid-2032800555 .grid-col-1{height: 600px}\n    #banner-grid-2032800555 .grid-col-1-2{height: 300px}\n    #banner-grid-2032800555 .grid-col-1-3{height:200px}\n    #banner-grid-2032800555 .grid-col-2-3{height: 400px}\n    #banner-grid-2032800555 .grid-col-1-4{height: 150px}\n    #banner-grid-2032800555 .grid-col-3-4{height: 450px}\n\n\n        \/* Tablet *\/\n    @media (max-width: 850px){\n      #banner-grid-2032800555 .grid-col-1{height: 400px}\n      #banner-grid-2032800555 .grid-col-1-2{height: 200px}\n      #banner-grid-2032800555 .grid-col-1-3{height:133.33333333333px}\n      #banner-grid-2032800555 .grid-col-2-3{height: 266.66666666667px}\n      #banner-grid-2032800555 .grid-col-1-4{height: 100px}\n      #banner-grid-2032800555 .grid-col-3-4{height: 300px}\n    }\n    \n        \/* Mobile *\/\n    @media (max-width: 550px){\n      #banner-grid-2032800555 .grid-col-1{height: 400px}\n      #banner-grid-2032800555 .grid-col-1-2{height: 200px}\n      #banner-grid-2032800555 .grid-col-1-3{height:133.33333333333px}\n      #banner-grid-2032800555 .grid-col-2-3{height: 266.66666666667px}\n      #banner-grid-2032800555 .grid-col-1-4{height: 100px}\n      #banner-grid-2032800555 .grid-col-3-4{height: 300px}\n    }\n    \n\n  <\/style>\n    <\/div>\n    <style>\n    #banner-grid-2032800555 .grid-col-1{height: 600px}\n    #banner-grid-2032800555 .grid-col-1-2{height: 300px}\n    #banner-grid-2032800555 .grid-col-1-3{height:200px}\n    #banner-grid-2032800555 .grid-col-2-3{height: 400px}\n    #banner-grid-2032800555 .grid-col-1-4{height: 150px}\n    #banner-grid-2032800555 .grid-col-3-4{height: 450px}\n\n\n    \n    \n\n  <\/style>\n    <\/div>\n  \n","protected":false},"excerpt":{"rendered":"<p>Cu\u1ed1n s\u00e1ch Nh\u1eefng b\u00e0i h\u1ecdc t\u1ef1 b\u1ea3o v\u1ec7 b\u1ea3n th\u00e2n d\u00e0nh cho h\u1ecdc sinh \u0111\u1ec1 c\u1eadp \u0111\u1ebfn c\u00e1c ki\u1ebfn th\u1ee9c t\u1ef1 b\u1ea3o v\u1ec7 nh\u01b0 cu\u1ed9c s\u1ed1ng trong gia \u0111\u00ecnh, cu\u1ed9c s\u1ed1ng \u1edf tr\u01b0\u1eddng h\u1ecdc, cu\u1ed9c s\u1ed1ng ngo\u00e0i x\u00e3 h\u1ed9i, l\u00e0m th\u1ebf n\u00e0o \u0111\u1ec3 \u0111\u01b0\u1ee3c an to\u00e0n khi s\u1eed d\u1ee5ng internet, c\u00e1c t\u00ecnh hu\u1ed1ng b\u1ea5t ng\u1edd hay c\u00e1c th\u1ea3m h\u1ecda t\u1ef1 nhi\u00ean\u2026 Th\u00f4ng qua nh\u1eefng c\u00e2u chuy\u1ec7n th\u01b0\u1eddng g\u1eb7p, nh\u1eefng l\u1eddi ph\u00e2n t\u00edch s\u00e2u s\u1eafc v\u00e0 c\u00e1c ph\u01b0\u01a1ng ph\u00e1p c\u00f3 t\u00ednh th\u1ef1c t\u1ebf s\u1ebd gi\u00fap cho c\u00e1c b\u1ea1n tr\u1ebb, c\u00e1c em nh\u1ecf bi\u1ebft \u0111\u01b0\u1ee3c c\u00e1ch \u1ee9ng ph\u00f3, ph\u00f2ng tr\u00e1nh nguy hi\u1ec3m nh\u01b0 th\u1ebf n\u00e0o, \u0111\u1ec3 khi kh\u00f4ng may r\u01a1i v\u00e0o nh\u1eefng t\u00ecnh hu\u1ed1ng t\u01b0\u01a1ng t\u1ef1, c\u00e1c em v\u1eabn c\u00f3 \u0111\u1ee7 s\u1ef1 b\u00ecnh t\u0129nh \u0111\u1ec3 gi\u1ea3i quy\u1ebft, h\u00f3a nguy th\u00e0nh an.<\/p>\n<p>\u0110\u00e2y kh\u00f4ng ch\u1ec9 l\u00e0 m\u1ed9t cu\u1ed1n s\u00e1ch v\u1ec1 an to\u00e0n, m\u00e0 c\u00f2n l\u00e0 m\u1ed9t cu\u1ed1n s\u1ed5 tay tr\u01b0\u1edfng th\u00e0nh. Khi \u0111\u1ecdc, h\u1ecdc theo v\u00e0 n\u1eafm v\u1eefng c\u00e1c ki\u1ebfn th\u1ee9c an to\u00e0n trong cu\u1ed1n s\u00e1ch n\u00e0y, ch\u00fang ta s\u1ebd c\u00f3 m\u1ed9t cu\u1ed9c s\u1ed1ng kh\u1ecfe m\u1ea1nh v\u00e0 h\u1ea1nh ph\u00fac.<\/p>\n","protected":false},"featured_media":3363,"template":"","meta":{"_acf_changed":false},"product_brand":[],"product_cat":[24,25,19,17,26],"product_tag":[],"class_list":{"0":"post-3372","1":"product","2":"type-product","3":"status-publish","4":"has-post-thumbnail","6":"product_cat-nha-tre-mau-giao-0-tuoi-6-tuoi","7":"product_cat-nhi-dong-6-tuoi-12-tuoi","8":"product_cat-nuoi-day-con","9":"product_cat-sach-danh-cho-cac-be","10":"product_cat-thieu-nien-11-tuoi-18-tuoi","12":"first","13":"outofstock","14":"taxable","15":"shipping-taxable","16":"purchasable","17":"product-type-simple"},"supplier_id":null,"supplier_sku":"","barcode":null,"atum_controlled":true,"out_stock_date":"2021-03-02 01:00:26","out_stock_threshold":null,"inheritable":false,"inbound_stock":0,"stock_on_hold":0,"sold_today":0,"sales_last_days":0,"reserved_stock":0,"customer_returns":0,"warehouse_damage":0,"lost_in_post":0,"other_logs":0,"out_stock_days":1793,"lost_sales":0,"has_location":false,"update_date":"2026-01-28T23:10:33","atum_locations":[],"atum_stock_status":"outofstock","restock_status":false,"low_stock_amount":"","sales_update_date":"2026-01-28T23:10:33","calc_backorders":null,"acf":{"publisher":{"ID":1470,"post_author":"2","post_date":"2021-02-17 01:12:47","post_date_gmt":"2021-02-16 23:12:47","post_content":"<!-- wp:flatsome\/uxbuilder -->\n<h1 style=\"text-align: center\"><strong>\u0110inh T\u1ecb<\/strong><\/h1>\n[row]\n\n[col span=\"4\" span__sm=\"12\"]\n\n[ux_image id=\"1831\" image_size=\"medium\"]\n\n\n[\/col]\n[col span=\"8\" span__sm=\"12\"]\n\n<p><strong>\u0110inh T\u1ecb Books - Ti\u00ean phong s\u00e1ng t\u1ea1o<\/strong><\/p>\n<p>Th\u00e0nh l\u1eadp n\u0103m 2006, t\u1edbi nay \u0110inh T\u1ecb Books \u0111\u01b0\u1ee3c \u0111\u00e1nh gi\u1ea3 l\u00e0 \u0111\u01a1n v\u1ecb xu\u1ea5t b\u1ea3n uy t\u00edn c\u00f3 t\u1ed1c \u0111\u1ed9 ph\u00e1t tri\u1ec3n nhanh nh\u1ea5t g\u1eafn v\u1edbi th\u00e0nh c\u00f4ng c\u1ee7a hai t\u1ee7 s\u00e1ch l\u1edbn: T\u1ee7 s\u00e1ch Thi\u1ebfu nhi - T\u1ee7 s\u00e1ch V\u0103n h\u1ecdc. Trong \u0111\u00f3 ph\u1ea3i k\u1ec3 t\u1edbi b\u01b0\u1edbc chuy\u1ec3n m\u00ecnh \u0111\u1ea7y \u1ea5n t\u01b0\u1ee3ng, tr\u1edf th\u00e0nh \u0111\u01a1n v\u1ecb ti\u00ean phong s\u00e1ng t\u1ea1o d\u00f2ng S\u00c1CH T\u01af\u01a0NG T\u00c1C thi\u1ebfu nhi. V\u1edbi h\u01a1n 300 t\u1ef1a s\u00e1ch t\u01b0\u01a1ng t\u00e1c \u0111ang l\u01b0u h\u00e0nh, \u0110inh T\u1ecb Books \u0111\u00e3 mang \u0111\u1ebfn nh\u1eefng gi\u00e1 tr\u1ecb tr\u1ea3i nghi\u1ec7m tuy\u1ec7t v\u1eddi, \u0111\u01b0a vi\u1ec7c h\u1ecdc v\u00e0 ch\u01a1i c\u00f9ng s\u00e1ch tr\u1edf n\u00ean hi\u1ec7u qu\u1ea3 h\u01a1n, gi\u00fap tr\u1ebb th\u00f4ng minh, t\u0103ng tr\u01b0\u1edfng c\u00e1c ch\u1ec9 s\u1ed1 IQ, EQ.<\/p>\n<p><strong>Th\u1ebf m\u1ea1nh c\u1ee7a \u0110inh T\u1ecb Books<\/strong><\/p>\n<p>V\u1edbi kinh nghi\u1ec7m nhi\u1ec1u n\u0103m trong ng\u00e0nh xu\u1ea5t b\u1ea3n, \u0110inh T\u1ecb Books tin r\u1eb1ng c\u00e1c b\u1eadc cha m\u1eb9 lu\u00f4n d\u00e0nh nh\u1eefng \u0111i\u1ec1u t\u1ed1t \u0111\u1eb9p nh\u1ea5t cho c\u00e1c con c\u1ee7a m\u00ecnh. \u0110\u1ecdc s\u00e1ch c\u00f9ng con lu\u00f4n l\u00e0 l\u1ef1a ch\u1ecdn h\u00e0ng \u0111\u1ea7u gi\u00fap g\u1eafn k\u1ebft t\u00ecnh y\u00eau th\u01b0\u01a1ng \u0111\u1ed3ng th\u1eddi gi\u00fap con nu\u00f4i d\u01b0\u1ee1ng ni\u1ec1m \u0111am m\u00ea v\u1edbi s\u00e1ch.<\/p>\n\n[\/col]\n\n[\/row]\n<p><strong>T\u00ecnh y\u00eau l\u1edbn d\u00e0nh cho nh\u1eefng cu\u1ed1n s\u00e1ch.<\/strong><\/p>\n<p>Xu\u1ea5t ph\u00e1t t\u1eeb t\u00ecnh y\u00eau v\u1edbi nh\u1eefng cu\u1ed1n s\u00e1ch, l\u00f2ng t\u1eadn t\u00e2m mu\u1ed1n g\u00ecn gi\u1eef nh\u1eefng gi\u00e1 tr\u1ecb v\u0103n h\u00f3a truy\u1ec1n th\u1ed1ng c\u1ee7a Vi\u1ec7t Nam, mong mu\u1ed1n \u0111\u01b0a nh\u1eefng gi\u00e1 tr\u1ecb \u0111\u1eadm ch\u1ea5t Vi\u1ec7t Nam \u0111\u1ebfn v\u1edbi tr\u1ebb em Vi\u1ec7t, c\u00e1c th\u00e0nh vi\u00ean s\u00e1ng t\u1ea1o c\u1ee7a \u0110inh T\u1ecb Books \u0111\u00e3 kh\u00f4ng ng\u1eebng n\u1ed7 l\u1ef1c, t\u00ecm t\u00f2i v\u00e0 h\u1ecdc h\u1ecfi, \u0111\u1ec3 \u0111\u01b0a nh\u1eefng cu\u1ed1n s\u00e1ch \u201c100% made in Vietnam\u201d \u0111\u1ebfn v\u1edbi tr\u1ebb em Vi\u1ec7t. C\u00e1c ki\u1ebfn th\u1ee9c b\u1ed5 \u00edch \u0111\u01b0\u1ee3c truy\u1ec1n t\u1ea3i th\u00f4ng qua nh\u1eefng t\u01b0\u01a1ng t\u00e1c th\u00fa v\u1ecb gi\u00fap tr\u1ebb nh\u1edb l\u00e2u h\u01a1n, h\u1ecdc t\u1ed1t h\u01a1n.<\/p>\n<p>Nh\u1eadn ra \u0111\u01b0\u1ee3c s\u1ee9 m\u1ec7nh v\u00e0 t\u1ea7m nh\u00ecn c\u1ee7a \u0110inh T\u1ecb, <strong>SACHVIET.EU<\/strong> \u0111\u00e3 li\u00ean l\u1ea1c v\u1edbi \u0110inh T\u1ecb \u0111\u1ec3 \u0111\u01b0\u1ee3c h\u1ed7 tr\u1ee3 \u0111\u01b0a nh\u1eefng cu\u1ed1n s\u00e1ch mang gi\u00e1 tr\u1ecb \u0111\u1eadm ch\u1ea5t Vi\u1ec7t Nam \u0111\u1ebfn v\u1edbi tr\u1ebb em Vi\u1ec7t v\u00e0 c\u1ed9ng \u0111\u1ed3ng Vi\u1ec7t s\u1ed1ng t\u1ea1i Ch\u00e2u \u00c2u. SACHVIET.EU \u0111\u1eb7t l\u00f2ng tin \u1edf \u0110inh T\u1ecb s\u1ebd lu\u00f4n \u0111em \u0111\u1ebfn nh\u1eefng gi\u00e1 tr\u1ecb cao qua t\u1eebng trang s\u00e1ch v\u00e0 hy v\u1ecdng \u0111\u1ed9c gi\u1ea3 s\u1ebd lu\u00f4n h\u00e0i l\u00f2ng v\u1edbi ch\u1ea5t l\u01b0\u1ee3ng m\u00e0 \u0110inh T\u1ecb theo \u0111u\u1ed5i bao n\u0103m qua.<\/p>\n\n<!-- \/wp:flatsome\/uxbuilder -->","post_title":"\u0110inh T\u1ecb","post_excerpt":"","post_status":"publish","comment_status":"closed","ping_status":"closed","post_password":"","post_name":"dinh-ti","to_ping":"","pinged":"","post_modified":"2022-12-19 23:15:43","post_modified_gmt":"2022-12-19 21:15:43","post_content_filtered":"","post_parent":0,"guid":"https:\/\/sachviet.eu\/nha-phat-hanh\/dinh-ti\/","menu_order":0,"post_type":"publisher","post_mime_type":"","comment_count":"0","filter":"raw"}},"_links":{"self":[{"href":"https:\/\/sachviet.eu\/en\/wp-json\/wp\/v2\/product\/3372","targetHints":{"allow":["GET"]}}],"collection":[{"href":"https:\/\/sachviet.eu\/en\/wp-json\/wp\/v2\/product"}],"about":[{"href":"https:\/\/sachviet.eu\/en\/wp-json\/wp\/v2\/types\/product"}],"wp:featuredmedia":[{"embeddable":true,"href":"https:\/\/sachviet.eu\/en\/wp-json\/wp\/v2\/media\/3363"}],"wp:attachment":[{"href":"https:\/\/sachviet.eu\/en\/wp-json\/wp\/v2\/media?parent=3372"}],"wp:term":[{"taxonomy":"product_brand","embeddable":true,"href":"https:\/\/sachviet.eu\/en\/wp-json\/wp\/v2\/product_brand?post=3372"},{"taxonomy":"product_cat","embeddable":true,"href":"https:\/\/sachviet.eu\/en\/wp-json\/wp\/v2\/product_cat?post=3372"},{"taxonomy":"product_tag","embeddable":true,"href":"https:\/\/sachviet.eu\/en\/wp-json\/wp\/v2\/product_tag?post=3372"}],"curies":[{"name":"wp","href":"https:\/\/api.w.org\/{rel}","templated":true}]}}