{"id":3155,"date":"2021-02-27T00:41:11","date_gmt":"2021-02-26T22:41:11","guid":{"rendered":"https:\/\/sachviet.eu\/shop\/de-men-phieu-luu-ky-tai-ban-2018\/"},"modified":"2022-12-19T21:24:23","modified_gmt":"2022-12-19T19:24:23","slug":"de-men-phieu-luu-ky-tai-ban-2018","status":"publish","type":"product","link":"https:\/\/sachviet.eu\/en\/shop\/de-men-phieu-luu-ky-tai-ban-2018\/","title":{"rendered":"D\u1ebf M\u00e8n Phi\u00eau L\u01b0u K\u00fd (T\u00e1i B\u1ea3n 2018)"},"content":{"rendered":"<p>Trong h\u01a1n n\u1eeda th\u1ebf k\u1ec9, k\u1ec3 t\u1eeb ng\u00e0y \u0111\u1ea7u ti\u00ean ra m\u1eaft b\u1ea1n \u0111\u1ecdc, n\u0103m 1941, D\u1ebf M\u00e8n phi\u00eau l\u01b0u k\u00fd l\u00e0 m\u1ed9t trong nh\u1eefng s\u00e1ng t\u00e1c t\u00e2m \u0111\u1eafc nh\u1ea5t c\u1ee7a nh\u00e0 v\u0103n T\u00f4 Ho\u00e0i. T\u00e1c ph\u1ea9m \u0111\u00e3 \u0111\u01b0\u1ee3c t\u00e1i b\u1ea3n nhi\u1ec1u l\u1ea7n v\u00e0 \u0111\u01b0\u1ee3c d\u1ecbch ra h\u01a1n 20 th\u1ee9 ti\u1ebfng tr\u00ean to\u00e0n th\u1ebf gi\u1edbi v\u00e0 lu\u00f4n \u0111\u01b0\u1ee3c c\u00e1c th\u1ebf h\u1ec7 \u0111\u1ed9c gi\u1ea3 nh\u1ecf tu\u1ed5i \u0111\u00f3n nh\u1eadn.<\/p>\n<p>T\u1eebng \u0111\u01b0\u1ee3c xu\u1ea5t b\u1ea3n v\u1edbi nhi\u1ec1u h\u00ecnh th\u1ee9c kh\u00e1c nhau, trong \u0111\u00f3 cu\u1ed1n D\u1ebf M\u00e8n phi\u00eau l\u01b0u k\u00fd g\u1ed3m 144 trang, tr\u00ean kh\u1ed5 gi\u1ea5y 18x25cm l\u00e0 m\u1ed9t \u1ea5n ph\u1ea9m \u0111\u1eb7c bi\u1ec7t ph\u00f9 h\u1ee3p v\u1edbi nh\u1eefng ng\u01b0\u1eddi say m\u00ea, y\u00eau qu\u00fd t\u00e1c ph\u1ea9m n\u1ed5i ti\u1ebfng n\u00e0y. Cu\u1ed1n s\u00e1ch bao g\u1ed3m ph\u1ea7n nguy\u00ean g\u1ed1c c\u1ee7a t\u00e1c ph\u1ea9m \u0111\u01b0\u1ee3c ch\u00ednh t\u00e1c gi\u1ea3 vi\u1ebft tay, c\u00f9ng v\u1edbi \u0111\u00f3 l\u00e0 ph\u1ea7n ch\u1eef in song song \u0111\u1ec3 b\u1ea1n \u0111\u1ecdc d\u1ec5 n\u1eafm b\u1eaft n\u1ed9i dung. Tranh minh ho\u1ea1 sinh \u0111\u1ed9ng, gi\u00e0u s\u1ee9c truy\u1ec1n c\u1ea3m c\u1ee7a ho\u1ea1 s\u0129 T\u1ea1 Huy Long c\u0169ng l\u00e0m n\u00ean s\u1ee9c cu\u1ed1n h\u00fat m\u1ea1nh m\u1ebd \u0111\u1ed1i v\u1edbi b\u1ea1n \u0111\u1ecdc khi ti\u1ebfp x\u00fac v\u1edbi t\u00e1c ph\u1ea9m n\u00e0y!  <div class=\"banner-grid-wrapper\">\n  <div id=\"banner-grid-2003520344\" class=\"banner-grid row row-grid row-small\" data-packery-options=\"\">\n                      <div class=\"col grid-col large-6 grid-col-1\" ><div class=\"col-inner\">\t<div class=\"img has-hover x md-x lg-x y md-y lg-y\" id=\"image_1952927766\">\n\t\t\t\t\t\t\t\t<div class=\"img-inner dark\" >\n\t\t\t<img loading=\"lazy\" decoding=\"async\" width=\"440\" height=\"597\" src=\"https:\/\/sachviet.eu\/wp-content\/uploads\/2021\/02\/de-men-phieu-luu-ki-18x25-bia-cung-tai-ban-2020.jpg\" class=\"attachment-large size-large\" alt=\"\" srcset=\"https:\/\/sachviet.eu\/wp-content\/uploads\/2021\/02\/de-men-phieu-luu-ki-18x25-bia-cung-tai-ban-2020.jpg 440w, https:\/\/sachviet.eu\/wp-content\/uploads\/2021\/02\/de-men-phieu-luu-ki-18x25-bia-cung-tai-ban-2020-221x300.jpg 221w\" sizes=\"auto, (max-width: 440px) 100vw, 440px\" \/>\t\t\t\t\t\t\n\t\t\t\t\t<\/div>\n\t\t\t\t\t\t\t\t\n<style>\n#image_1952927766 {\n  width: 100%;\n}\n<\/style>\n\t<\/div>\n\t<\/div><\/div><div class=\"col grid-col large-6 grid-col-1\" ><div class=\"col-inner\">\t<div class=\"img has-hover x md-x lg-x y md-y lg-y\" id=\"image_355463228\">\n\t\t\t\t\t\t\t\t<div class=\"img-inner dark\" >\n\t\t\t<img loading=\"lazy\" decoding=\"async\" width=\"754\" height=\"1024\" src=\"https:\/\/sachviet.eu\/wp-content\/uploads\/2021\/02\/70ade1c2fc65a14124f4164488bcbf46-754x1024.jpg\" class=\"attachment-large size-large\" alt=\"\" srcset=\"https:\/\/sachviet.eu\/wp-content\/uploads\/2021\/02\/70ade1c2fc65a14124f4164488bcbf46-754x1024.jpg 754w, https:\/\/sachviet.eu\/wp-content\/uploads\/2021\/02\/70ade1c2fc65a14124f4164488bcbf46-221x300.jpg 221w, https:\/\/sachviet.eu\/wp-content\/uploads\/2021\/02\/70ade1c2fc65a14124f4164488bcbf46-768x1043.jpg 768w, https:\/\/sachviet.eu\/wp-content\/uploads\/2021\/02\/70ade1c2fc65a14124f4164488bcbf46-1131x1536.jpg 1131w, https:\/\/sachviet.eu\/wp-content\/uploads\/2021\/02\/70ade1c2fc65a14124f4164488bcbf46-600x815.jpg 600w, https:\/\/sachviet.eu\/wp-content\/uploads\/2021\/02\/70ade1c2fc65a14124f4164488bcbf46.jpg 1200w\" sizes=\"auto, (max-width: 754px) 100vw, 754px\" \/>\t\t\t\t\t\t\n\t\t\t\t\t<\/div>\n\t\t\t\t\t\t\t\t\n<style>\n#image_355463228 {\n  width: 100%;\n}\n<\/style>\n\t<\/div>\n\t<\/div><\/div>            <\/div>\n    <style>\n    #banner-grid-2003520344 .grid-col-1{height: 600px}\n    #banner-grid-2003520344 .grid-col-1-2{height: 300px}\n    #banner-grid-2003520344 .grid-col-1-3{height:200px}\n    #banner-grid-2003520344 .grid-col-2-3{height: 400px}\n    #banner-grid-2003520344 .grid-col-1-4{height: 150px}\n    #banner-grid-2003520344 .grid-col-3-4{height: 450px}\n\n\n    \n    \n\n  <\/style>\n    <\/div>\n  \n","protected":false},"excerpt":{"rendered":"<p>Trong h\u01a1n n\u1eeda th\u1ebf k\u1ec9, k\u1ec3 t\u1eeb ng\u00e0y \u0111\u1ea7u ti\u00ean ra m\u1eaft b\u1ea1n \u0111\u1ecdc, n\u0103m 1941, D\u1ebf M\u00e8n phi\u00eau l\u01b0u k\u00fd l\u00e0 m\u1ed9t trong nh\u1eefng s\u00e1ng t\u00e1c t\u00e2m \u0111\u1eafc nh\u1ea5t c\u1ee7a nh\u00e0 v\u0103n T\u00f4 Ho\u00e0i. T\u00e1c ph\u1ea9m \u0111\u00e3 \u0111\u01b0\u1ee3c t\u00e1i b\u1ea3n nhi\u1ec1u l\u1ea7n v\u00e0 \u0111\u01b0\u1ee3c d\u1ecbch ra h\u01a1n 20 th\u1ee9 ti\u1ebfng tr\u00ean to\u00e0n th\u1ebf gi\u1edbi v\u00e0 lu\u00f4n \u0111\u01b0\u1ee3c c\u00e1c th\u1ebf h\u1ec7 \u0111\u1ed9c gi\u1ea3 nh\u1ecf tu\u1ed5i \u0111\u00f3n nh\u1eadn.<\/p>\n<p>T\u1eebng \u0111\u01b0\u1ee3c xu\u1ea5t b\u1ea3n v\u1edbi nhi\u1ec1u h\u00ecnh th\u1ee9c kh\u00e1c nhau, trong \u0111\u00f3 cu\u1ed1n D\u1ebf M\u00e8n phi\u00eau l\u01b0u k\u00fd g\u1ed3m 144 trang, tr\u00ean kh\u1ed5 gi\u1ea5y 18x25cm l\u00e0 m\u1ed9t \u1ea5n ph\u1ea9m \u0111\u1eb7c bi\u1ec7t ph\u00f9 h\u1ee3p v\u1edbi nh\u1eefng ng\u01b0\u1eddi say m\u00ea, y\u00eau qu\u00fd t\u00e1c ph\u1ea9m n\u1ed5i ti\u1ebfng n\u00e0y. Cu\u1ed1n s\u00e1ch bao g\u1ed3m ph\u1ea7n nguy\u00ean g\u1ed1c c\u1ee7a t\u00e1c ph\u1ea9m \u0111\u01b0\u1ee3c ch\u00ednh t\u00e1c gi\u1ea3 vi\u1ebft tay, c\u00f9ng v\u1edbi \u0111\u00f3 l\u00e0 ph\u1ea7n ch\u1eef in song song \u0111\u1ec3 b\u1ea1n \u0111\u1ecdc d\u1ec5 n\u1eafm b\u1eaft n\u1ed9i dung. Tranh minh ho\u1ea1 sinh \u0111\u1ed9ng, gi\u00e0u s\u1ee9c truy\u1ec1n c\u1ea3m c\u1ee7a ho\u1ea1 s\u0129 T\u1ea1 Huy Long c\u0169ng l\u00e0m n\u00ean s\u1ee9c cu\u1ed1n h\u00fat m\u1ea1nh m\u1ebd \u0111\u1ed1i v\u1edbi b\u1ea1n \u0111\u1ecdc khi ti\u1ebfp x\u00fac v\u1edbi t\u00e1c ph\u1ea9m n\u00e0y!<\/p>\n","protected":false},"featured_media":3153,"template":"","meta":{"_acf_changed":false},"product_brand":[],"product_cat":[25,17,71,26],"product_tag":[],"class_list":{"0":"post-3155","1":"product","2":"type-product","3":"status-publish","4":"has-post-thumbnail","6":"product_cat-nhi-dong-6-tuoi-12-tuoi","7":"product_cat-sach-danh-cho-cac-be","8":"product_cat-sach-tre-em-thuan-viet","9":"product_cat-thieu-nien-11-tuoi-18-tuoi","11":"first","12":"outofstock","13":"taxable","14":"shipping-taxable","15":"purchasable","16":"product-type-simple"},"supplier_id":null,"supplier_sku":"","barcode":null,"atum_controlled":true,"out_stock_date":"2021-02-28 21:34:36","out_stock_threshold":null,"inheritable":false,"inbound_stock":0,"stock_on_hold":0,"sold_today":0,"sales_last_days":0,"reserved_stock":0,"customer_returns":0,"warehouse_damage":0,"lost_in_post":0,"other_logs":0,"out_stock_days":1795,"lost_sales":0,"has_location":false,"update_date":"2026-01-28T23:10:33","atum_locations":[],"atum_stock_status":"outofstock","restock_status":false,"low_stock_amount":"","sales_update_date":"2026-01-28T23:10:33","calc_backorders":null,"acf":{"publisher":{"ID":1454,"post_author":"1","post_date":"2021-02-17 01:11:34","post_date_gmt":"2021-02-16 23:11:34","post_content":"<!-- wp:flatsome\/uxbuilder -->\n<h1 style=\"text-align: center;\"><strong>Kim \u0110\u1ed3ng<\/strong><\/h1>\n[row]\n\n[col span=\"3\" span__sm=\"12\"]\n\n[ux_image id=\"1534\" image_size=\"medium\"]\n\n\n[\/col]\n[col span=\"9\" span__sm=\"12\"]\n\n<p>Nh\u00e0 xu\u1ea5t b\u1ea3n Kim \u0110\u1ed3ng tr\u1ef1c thu\u1ed9c Trung \u01b0\u01a1ng \u0110o\u00e0n TNCS H\u1ed3 Ch\u00ed Minh l\u00e0 Nh\u00e0 xu\u1ea5t b\u1ea3n t\u1ed5ng h\u1ee3p c\u00f3 ch\u1ee9c n\u0103ng xu\u1ea5t b\u1ea3n s\u00e1ch v\u00e0 v\u0103n h\u00f3a ph\u1ea9m ph\u1ee5c v\u1ee5 thi\u1ebfu nhi v\u00e0 c\u00e1c b\u1eadc ph\u1ee5 huynh trong c\u1ea3 n\u01b0\u1edbc, qu\u1ea3ng b\u00e1 v\u00e0 gi\u1edbi thi\u1ec7u v\u0103n h\u00f3a Vi\u1ec7t Nam ra th\u1ebf gi\u1edbi.<br \/>Nh\u00e0 xu\u1ea5t b\u1ea3n c\u00f3 nhi\u1ec7m v\u1ee5 t\u1ed5 ch\u1ee9c b\u1ea3n th\u1ea3o, bi\u00ean so\u1ea1n, bi\u00ean d\u1ecbch, xu\u1ea5t b\u1ea3n v\u00e0 ph\u00e1t h\u00e0nh c\u00e1c xu\u1ea5t b\u1ea3n ph\u1ea9m c\u00f3 n\u1ed9i dung: gi\u00e1o d\u1ee5c truy\u1ec1n th\u1ed1ng d\u00e2n t\u1ed9c, gi\u00e1o d\u1ee5c v\u1ec1 tri th\u1ee9c, ki\u1ebfn th\u1ee9c\u2026 tr\u00ean c\u00e1c l\u0129nh v\u1ef1c v\u0103n h\u1ecdc, ngh\u1ec7 thu\u1eadt, khoa h\u1ecdc k\u1ef9 thu\u1eadt nh\u1eb1m cung c\u1ea5p cho c\u00e1c em thi\u1ebfu nhi c\u0169ng nh\u01b0 c\u00e1c b\u1eadc ph\u1ee5 huynh c\u00e1c ki\u1ebfn th\u1ee9c c\u1ea7n thi\u1ebft trong cu\u1ed9c s\u1ed1ng, nh\u1eefng tinh hoa c\u1ee7a tri th\u1ee9c nh\u00e2n lo\u1ea1i nh\u1eb1m g\u00f3p ph\u1ea7n gi\u00e1o d\u1ee5c v\u00e0 h\u00ecnh th\u00e0nh nh\u00e2n c\u00e1ch th\u1ebf h\u1ec7 tr\u1ebb.<br \/>\u0110\u1ed1i t\u01b0\u1ee3ng ph\u1ee5c v\u1ee5 c\u1ee7a Nh\u00e0 xu\u1ea5t b\u1ea3n l\u00e0 c\u00e1c em t\u1eeb tu\u1ed5i nh\u00e0 tr\u1ebb m\u1eabu gi\u00e1o (1 \u0111\u1ebfn 5 tu\u1ed5i), nhi \u0111\u1ed3ng (6 \u0111\u1ebfn 9 tu\u1ed5i), thi\u1ebfu ni\u00ean (10 \u0111\u1ebfn 15 tu\u1ed5i) \u0111\u1ebfn c\u00e1c em tu\u1ed5i m\u1edbi l\u1edbn (16 \u0111\u1ebfn 18 tu\u1ed5i) v\u00e0 c\u00e1c b\u1eadc ph\u1ee5 huynh.<\/p>\n\n[\/col]\n\n[\/row]\n\n<!-- \/wp:flatsome\/uxbuilder -->","post_title":"Kim \u0110\u1ed3ng","post_excerpt":"","post_status":"publish","comment_status":"closed","ping_status":"closed","post_password":"","post_name":"kim-dong","to_ping":"","pinged":"","post_modified":"2021-02-17 01:31:56","post_modified_gmt":"2021-02-16 23:31:56","post_content_filtered":"","post_parent":0,"guid":"https:\/\/sachviet.eu\/nha-phat-hanh\/kim-dong\/","menu_order":0,"post_type":"publisher","post_mime_type":"","comment_count":"0","filter":"raw"}},"_links":{"self":[{"href":"https:\/\/sachviet.eu\/en\/wp-json\/wp\/v2\/product\/3155","targetHints":{"allow":["GET"]}}],"collection":[{"href":"https:\/\/sachviet.eu\/en\/wp-json\/wp\/v2\/product"}],"about":[{"href":"https:\/\/sachviet.eu\/en\/wp-json\/wp\/v2\/types\/product"}],"wp:featuredmedia":[{"embeddable":true,"href":"https:\/\/sachviet.eu\/en\/wp-json\/wp\/v2\/media\/3153"}],"wp:attachment":[{"href":"https:\/\/sachviet.eu\/en\/wp-json\/wp\/v2\/media?parent=3155"}],"wp:term":[{"taxonomy":"product_brand","embeddable":true,"href":"https:\/\/sachviet.eu\/en\/wp-json\/wp\/v2\/product_brand?post=3155"},{"taxonomy":"product_cat","embeddable":true,"href":"https:\/\/sachviet.eu\/en\/wp-json\/wp\/v2\/product_cat?post=3155"},{"taxonomy":"product_tag","embeddable":true,"href":"https:\/\/sachviet.eu\/en\/wp-json\/wp\/v2\/product_tag?post=3155"}],"curies":[{"name":"wp","href":"https:\/\/api.w.org\/{rel}","templated":true}]}}