{"id":3124,"date":"2021-02-27T00:40:08","date_gmt":"2021-02-26T22:40:08","guid":{"rendered":"https:\/\/sachviet.eu\/shop\/doi-ban-tay-kheo-leo-5\/"},"modified":"2021-03-23T01:10:51","modified_gmt":"2021-03-22T23:10:51","slug":"doi-ban-tay-kheo-leo-5","status":"publish","type":"product","link":"https:\/\/sachviet.eu\/en\/shop\/doi-ban-tay-kheo-leo-5\/","title":{"rendered":"\u0110\u00f4i b\u00e0n tay kh\u00e9o l\u00e9o 5"},"content":{"rendered":"<p>V\u1edbi &#8220;Chi\u1ebfc k\u00e9o an to\u00e0n&#8221;, b\u00e9 c\u00f3 th\u1ec3 l\u00e0m \u0111\u01b0\u1ee3c nh\u1eefng m\u00f3n \u0111\u1ed3 ch\u01a1i xinh x\u1eafn, th\u00f4ng qua c\u00e1c ho\u1ea1t \u0111\u1ed9ng c\u1eaft, g\u1ea5p, d\u00e1n. Sau khi ho\u00e0n th\u00e0nh 32 m\u00f3n \u0111\u1ed3 ch\u01a1i th\u00fa v\u00ed, b\u00e9 s\u1ebd ph\u00e1t tri\u1ec3n \u0111\u01b0\u1ee3c kh\u1ea3 n\u0103ng k\u1ebft h\u1ee3p gi\u1eefa tay v\u00e0 m\u1eaft, s\u1ee9c t\u1eadp trung v\u00e0 kh\u1ea3 n\u0103ng s\u00e1ng t\u1ea1o.  <div class=\"banner-grid-wrapper\">\n  <div id=\"banner-grid-453948048\" class=\"banner-grid row row-grid row-small\" data-packery-options=\"\">\n                      <div class=\"col grid-col large-6 grid-col-1\" ><div class=\"col-inner\">\t<div class=\"img has-hover x md-x lg-x y md-y lg-y\" id=\"image_1573999358\">\n\t\t\t\t\t\t\t\t<div class=\"img-inner dark\" >\n\t\t\t<img loading=\"lazy\" decoding=\"async\" width=\"1020\" height=\"1020\" src=\"https:\/\/sachviet.eu\/wp-content\/uploads\/2021\/02\/606031aa38fd5cbfe9542a4e86781597-1024x1024.jpg\" class=\"attachment-large size-large\" alt=\"\" srcset=\"https:\/\/sachviet.eu\/wp-content\/uploads\/2021\/02\/606031aa38fd5cbfe9542a4e86781597-1024x1024.jpg 1024w, https:\/\/sachviet.eu\/wp-content\/uploads\/2021\/02\/606031aa38fd5cbfe9542a4e86781597-300x300.jpg 300w, https:\/\/sachviet.eu\/wp-content\/uploads\/2021\/02\/606031aa38fd5cbfe9542a4e86781597-150x150.jpg 150w, https:\/\/sachviet.eu\/wp-content\/uploads\/2021\/02\/606031aa38fd5cbfe9542a4e86781597-768x768.jpg 768w, https:\/\/sachviet.eu\/wp-content\/uploads\/2021\/02\/606031aa38fd5cbfe9542a4e86781597-600x600.jpg 600w, https:\/\/sachviet.eu\/wp-content\/uploads\/2021\/02\/606031aa38fd5cbfe9542a4e86781597-100x100.jpg 100w, https:\/\/sachviet.eu\/wp-content\/uploads\/2021\/02\/606031aa38fd5cbfe9542a4e86781597.jpg 1200w\" sizes=\"auto, (max-width: 1020px) 100vw, 1020px\" \/>\t\t\t\t\t\t\n\t\t\t\t\t<\/div>\n\t\t\t\t\t\t\t\t\n<style>\n#image_1573999358 {\n  width: 100%;\n}\n<\/style>\n\t<\/div>\n\t<\/div><\/div><div class=\"col grid-col large-6 grid-col-1\" ><div class=\"col-inner\">\t<div class=\"img has-hover x md-x lg-x y md-y lg-y\" id=\"image_752154400\">\n\t\t\t\t\t\t\t\t<div class=\"img-inner dark\" >\n\t\t\t<img loading=\"lazy\" decoding=\"async\" width=\"1020\" height=\"765\" src=\"https:\/\/sachviet.eu\/wp-content\/uploads\/2021\/02\/0758dd3c591ac7a7dd6121b4a126e313-1024x768.jpg\" class=\"attachment-large size-large\" alt=\"\" srcset=\"https:\/\/sachviet.eu\/wp-content\/uploads\/2021\/02\/0758dd3c591ac7a7dd6121b4a126e313-1024x768.jpg 1024w, https:\/\/sachviet.eu\/wp-content\/uploads\/2021\/02\/0758dd3c591ac7a7dd6121b4a126e313-300x225.jpg 300w, https:\/\/sachviet.eu\/wp-content\/uploads\/2021\/02\/0758dd3c591ac7a7dd6121b4a126e313-768x576.jpg 768w, https:\/\/sachviet.eu\/wp-content\/uploads\/2021\/02\/0758dd3c591ac7a7dd6121b4a126e313-600x450.jpg 600w, https:\/\/sachviet.eu\/wp-content\/uploads\/2021\/02\/0758dd3c591ac7a7dd6121b4a126e313.jpg 1280w\" sizes=\"auto, (max-width: 1020px) 100vw, 1020px\" \/>\t\t\t\t\t\t\n\t\t\t\t\t<\/div>\n\t\t\t\t\t\t\t\t\n<style>\n#image_752154400 {\n  width: 100%;\n}\n<\/style>\n\t<\/div>\n\t<\/div><\/div>            <\/div>\n    <style>\n    #banner-grid-453948048 .grid-col-1{height: 600px}\n    #banner-grid-453948048 .grid-col-1-2{height: 300px}\n    #banner-grid-453948048 .grid-col-1-3{height:200px}\n    #banner-grid-453948048 .grid-col-2-3{height: 400px}\n    #banner-grid-453948048 .grid-col-1-4{height: 150px}\n    #banner-grid-453948048 .grid-col-3-4{height: 450px}\n\n\n    \n    \n\n  <\/style>\n    <\/div>\n  \n","protected":false},"excerpt":{"rendered":"<p>V\u1edbi &#8220;Chi\u1ebfc k\u00e9o an to\u00e0n&#8221;, b\u00e9 c\u00f3 th\u1ec3 l\u00e0m \u0111\u01b0\u1ee3c nh\u1eefng m\u00f3n \u0111\u1ed3 ch\u01a1i xinh x\u1eafn, th\u00f4ng qua c\u00e1c ho\u1ea1t \u0111\u1ed9ng c\u1eaft, g\u1ea5p, d\u00e1n. Sau khi ho\u00e0n th\u00e0nh 32 m\u00f3n \u0111\u1ed3 ch\u01a1i th\u00fa v\u00ed, b\u00e9 s\u1ebd ph\u00e1t tri\u1ec3n \u0111\u01b0\u1ee3c kh\u1ea3 n\u0103ng k\u1ebft h\u1ee3p gi\u1eefa tay v\u00e0 m\u1eaft, s\u1ee9c t\u1eadp trung v\u00e0 kh\u1ea3 n\u0103ng s\u00e1ng t\u1ea1o.<\/p>\n","protected":false},"featured_media":3122,"template":"","meta":{"_acf_changed":false},"product_brand":[],"product_cat":[20,25,17,26],"product_tag":[],"class_list":{"0":"post-3124","1":"product","2":"type-product","3":"status-publish","4":"has-post-thumbnail","6":"product_cat-be-vua-hoc-vua-choi","7":"product_cat-nhi-dong-6-tuoi-12-tuoi","8":"product_cat-sach-danh-cho-cac-be","9":"product_cat-thieu-nien-11-tuoi-18-tuoi","11":"first","12":"outofstock","13":"taxable","14":"shipping-taxable","15":"purchasable","16":"product-type-simple"},"supplier_id":null,"supplier_sku":"","barcode":null,"atum_controlled":true,"out_stock_date":"2021-03-01 23:35:16","out_stock_threshold":null,"inheritable":false,"inbound_stock":0,"stock_on_hold":0,"sold_today":0,"sales_last_days":0,"reserved_stock":0,"customer_returns":0,"warehouse_damage":0,"lost_in_post":0,"other_logs":0,"out_stock_days":1793,"lost_sales":0,"has_location":false,"update_date":"2026-01-28T23:10:33","atum_locations":[],"atum_stock_status":"outofstock","restock_status":false,"low_stock_amount":"","sales_update_date":"2026-01-28T23:10:33","calc_backorders":null,"acf":{"publisher":{"ID":3121,"post_author":"1","post_date":"2021-02-27 00:40:03","post_date_gmt":"2021-02-26 22:40:03","post_content":"","post_title":"T\u00e2n Vi\u1ec7t","post_excerpt":"","post_status":"publish","comment_status":"closed","ping_status":"closed","post_password":"","post_name":"tan-viet","to_ping":"","pinged":"","post_modified":"2021-02-27 00:40:03","post_modified_gmt":"2021-02-26 22:40:03","post_content_filtered":"","post_parent":0,"guid":"https:\/\/sachviet.eu\/nha-phat-hanh\/tan-viet\/","menu_order":0,"post_type":"publisher","post_mime_type":"","comment_count":"0","filter":"raw"}},"_links":{"self":[{"href":"https:\/\/sachviet.eu\/en\/wp-json\/wp\/v2\/product\/3124","targetHints":{"allow":["GET"]}}],"collection":[{"href":"https:\/\/sachviet.eu\/en\/wp-json\/wp\/v2\/product"}],"about":[{"href":"https:\/\/sachviet.eu\/en\/wp-json\/wp\/v2\/types\/product"}],"wp:featuredmedia":[{"embeddable":true,"href":"https:\/\/sachviet.eu\/en\/wp-json\/wp\/v2\/media\/3122"}],"wp:attachment":[{"href":"https:\/\/sachviet.eu\/en\/wp-json\/wp\/v2\/media?parent=3124"}],"wp:term":[{"taxonomy":"product_brand","embeddable":true,"href":"https:\/\/sachviet.eu\/en\/wp-json\/wp\/v2\/product_brand?post=3124"},{"taxonomy":"product_cat","embeddable":true,"href":"https:\/\/sachviet.eu\/en\/wp-json\/wp\/v2\/product_cat?post=3124"},{"taxonomy":"product_tag","embeddable":true,"href":"https:\/\/sachviet.eu\/en\/wp-json\/wp\/v2\/product_tag?post=3124"}],"curies":[{"name":"wp","href":"https:\/\/api.w.org\/{rel}","templated":true}]}}