{"id":3107,"date":"2021-02-27T00:39:29","date_gmt":"2021-02-26T22:39:29","guid":{"rendered":"https:\/\/sachviet.eu\/shop\/de-men-phieu-luu-ky-dau-dua-minh-hoa-an-ban-ki-niem-100-nam-to-hoai\/"},"modified":"2024-04-02T21:37:28","modified_gmt":"2024-04-02T18:37:28","slug":"de-men-phieu-luu-ky-dau-dua-minh-hoa-an-ban-ki-niem-100-nam-to-hoai","status":"publish","type":"product","link":"https:\/\/sachviet.eu\/en\/shop\/de-men-phieu-luu-ky-dau-dua-minh-hoa-an-ban-ki-niem-100-nam-to-hoai\/","title":{"rendered":"D\u1ebf M\u00e8n Phi\u00eau L\u01b0u K\u00fd \u2013 \u0110\u1eadu \u0110\u0169a Minh H\u1ecda &#8211; \u1ea4n B\u1ea3n K\u1ec9 Ni\u1ec7m 100 N\u0103m T\u00f4 Ho\u00e0i"},"content":{"rendered":"<p>L\u1ea7n \u0111\u1ea7u ti\u00ean \u201cD\u1ebf m\u00e8n phi\u00eau l\u01b0u k\u00fd\u201d \u0111\u01b0\u1ee3c minh h\u1ecda b\u1edfi m\u1ed9t n\u1eef h\u1ecda s\u0129 &#8211; h\u1ecda s\u0129 \u0110\u1eadu \u0110\u0169a.<\/p>\n<p>Xu\u1ea5t ph\u00e1t t\u1eeb \u0111\u1ed3 \u00e1n t\u1ed1t nghi\u1ec7p, sau 7 n\u0103m theo \u0111u\u1ed5i v\u00e0 ph\u00e1t tri\u1ec3n \u00fd t\u01b0\u1edfng, h\u1ecda s\u0129 \u0110\u1eadu \u0110\u0169a \u201ctr\u00ecnh l\u00e0ng\u201d h\u01a1n 100 b\u1ee9c tranh minh h\u1ecda m\u00e0u n\u01b0\u1edbc \u0111\u01b0\u1ee3c v\u1ebd tay th\u1ec3 hi\u1ec7n m\u1ed9t c\u00e1i nh\u00ecn ho\u00e0n to\u00e0n m\u1edbi v\u1ec1 \u201cD\u1ebf M\u00e8n phi\u00eau l\u01b0u k\u00fd\u201d.<\/p>\n<p>L\u00e0 h\u1ecda s\u0129 tu\u1ed5i 9X &#8211; \u0110\u1eadu \u0110\u0169a \u0111\u00e3 v\u1ebd \u201cD\u1ebf M\u00e8n phi\u00eau l\u01b0u k\u00fd\u201d b\u1eb1ng con m\u1eaft c\u1ee7a nh\u1eefng c\u00f4 b\u00e9 c\u1eadu b\u00e9 th\u1eddi hi\u1ec7n \u0111\u1ea1i. C\u00f4 ho\u00e0n to\u00e0n tho\u00e1t kh\u1ecfi t\u1ea1o h\u00ecnh D\u1ebf m\u00e8n c\u1ee7a c\u00e1c th\u1ebf h\u1ec7 h\u1ecda s\u0129 \u0111i tr\u01b0\u1edbc.<\/p>\n<p>C\u00e1c nh\u00e2n v\u1eadt \u201cD\u1ebf M\u00e8n phi\u00eau l\u01b0u k\u00fd\u201d l\u1ea7n \u0111\u1ea7u \u0111\u01b0\u1ee3c v\u1eadn l\u00ean ng\u01b0\u1eddi b\u1ed9 \u00e2u ph\u1ee5c th\u1eddi trang l\u1ecbch l\u00e3m. T\u1ea1o h\u00ecnh n\u00e0y kh\u00f4ng ch\u1ec9 l\u00e0m n\u00ean s\u1ef1 m\u1edbi m\u1ebb v\u1edbi nh\u1eefng ai \u0111\u00e3 bi\u1ebft \u0111\u1ebfn \u201cD\u1ebf M\u00e8n phi\u00eau l\u01b0u k\u00fd\u201d m\u00e0 c\u00f2n t\u1ea1o s\u1ef1 g\u1ea7n g\u0169i v\u1edbi \u0111\u1ed9c gi\u1ea3 \u0111\u01b0\u01a1ng \u0111\u1ea1i ch\u01b0a t\u1eebng \u0111\u1ecdc \u201cD\u1ebf M\u00e8n phi\u00eau l\u01b0u k\u00fd\u201d<\/p>\n<p>H\u1ecda s\u0129 \u0110\u1eadu \u0110\u0169a \u0111\u00e3 t\u1ea1o n\u00ean m\u1ed9t th\u1ebf gi\u1edbi s\u1eafc m\u00e0u ng\u1ecdt ng\u00e0o quy\u1ebfn r\u0169, v\u1eeba xa l\u1ea1 b\u00ed \u1ea9n v\u1eeba k\u00edch th\u00edch tr\u00ed t\u01b0\u1edfng t\u01b0\u1ee3ng v\u00e0 kh\u00e1t khao c\u1ea5t b\u01b0\u1edbc phi\u00eau l\u01b0u<\/p>\n<p>\u0110\u1eadu \u0110\u0169a \u0111\u00e3 b\u1eaft \u0111\u01b0\u1ee3c c\u00e1i tinh th\u1ea7n \u201c\u0110i kh\u1eafp th\u1ebf gi\u1edbi k\u1ebft anh em\u201d c\u1ee7a \u201cD\u1ebf M\u00e8n phi\u00eau l\u01b0u k\u00fd\u201d. C\u00f3 th\u1ec3 n\u00f3i \u201cD\u1ebf M\u00e8n phi\u00eau l\u01b0u k\u00fd\u201d minh h\u1ecda \u0110\u1eadu \u0110\u0169a l\u00e0 c\u00e1i nh\u00ecn to\u00e0n c\u1ea7u. M\u1ecdi h\u00ecnh \u1ea3nh \u0111\u1ec1u v\u1eeba th\u1ef1c v\u1eeba tho\u00e1t kh\u1ecfi khu\u00f4n m\u1eabu t\u1ea3 th\u1ef1c. D\u1ebf M\u00e8n, D\u1ebf Tr\u0169i, C\u00e0o C\u00e0o, B\u1ecd Mu\u1ed7m\u2026 kh\u00f4ng c\u00f2n l\u00e0 nh\u1eefng c\u00f4n tr\u00f9ng m\u00e0 th\u1ef1c s\u1ef1 l\u00e0 nh\u1eefng nh\u00e2n v\u1eadt h\u00f3a trang k\u1ec3 nh\u1eefng c\u00e2u chuy\u1ec7n c\u1ee7a th\u1ebf gi\u1edbi lo\u00e0i ng\u01b0\u1eddi. \u0110\u00fang v\u1edbi t\u00ednh ch\u1ea5t c\u1ee7a truy\u1ec7n \u0111\u1ed3ng tho\u1ea1i.<\/p>\n<p>\u201cD\u1ebf M\u00e8n phi\u00eau l\u01b0u k\u00fd\u201d l\u00e0 t\u00e1c ph\u1ea9m Vi\u1ec7t Nam \u0111\u01b0\u1ee3c d\u1ecbch ra nhi\u1ec1u th\u1ee9 ti\u1ebfng nh\u1ea5t, NXB Kim \u0110\u1ed3ng tin r\u1eb1ng v\u1edbi minh h\u1ecda \u0110\u1eadu \u0110\u0169a, \u201cD\u1ebf M\u00e8n phi\u00eau l\u01b0u k\u00fd\u201d s\u1ebd ph\u00f9 h\u1ee3p xu th\u1ebf h\u1ed9i nh\u1eadp.<\/p>\n<p>H\u1ecda s\u0129 \u0110\u1eacU \u0110\u0168A<\/p>\n<p>Be\u0301n duy\u00ean v\u1edbi ch\u00fa D\u1ebf M\u00e8n cu\u0309a b\u00e1c To\u0302 Ho\u00e0i n\u0103m 2014 trong \u0111\u1ed3 \u00e1n t\u1ed1t nghi\u1ec7p (Khoa M\u1ef9 thu\u1eadt Co\u0302ng nghi\u1ec7p, \u0110\u1ea1i h\u1ecdc Ki\u1ebfn tr\u00fac Tp. H\u1ed3 Ch\u00ed Minh). \u0110\u1ebfn n\u0103m 2020 thi\u0300 vi\u1ec7c minh h\u1ecda cho cu\u1ed1n s\u00e1ch n\u00e0y \u0111\u01b0\u1ee3c ho\u00e0n th\u00e0nh. M\u1ed9t cu\u1ed9c phi\u00eau l\u01b0u kh\u00e1 d\u00e0i v\u00e0 vo\u0302 cu\u0300ng th\u00fa vi\u0323, kho\u0302ng ke\u0301m gi\u0300 ch\u00e0ng D\u1ebf trong truy\u1ec7n.<\/p>\n<p>* Gia\u0309i Nh\u1ea5t cu\u1ed9c thi Samsung KidsTime Authors\u2019 Award 2015 cho t\u00e1c ph\u1ea9m: Tr\u00e1i tim cu\u0309a M\u1eb9.<\/p>\n<p>* Gia\u0309i B\u1ea1c &#8211; S\u00e1ch hay cu\u0309a Gia\u0309i th\u01b0\u1edfng s\u00e1ch Vi\u1ec7t Nam 2016 cho t\u00e1c ph\u1ea9m: Tr\u00e1i tim cu\u0309a M\u1eb9.  <div class=\"banner-grid-wrapper\">\n  <div id=\"banner-grid-246408057\" class=\"banner-grid row row-grid row-small\" data-packery-options=\"\">\n            <style>\n    #banner-grid-246408057 .grid-col-1{height: 600px}\n    #banner-grid-246408057 .grid-col-1-2{height: 300px}\n    #banner-grid-246408057 .grid-col-1-3{height:200px}\n    #banner-grid-246408057 .grid-col-2-3{height: 400px}\n    #banner-grid-246408057 .grid-col-1-4{height: 150px}\n    #banner-grid-246408057 .grid-col-3-4{height: 450px}\n\n\n        \/* Tablet *\/\n    @media (max-width: 850px){\n      #banner-grid-246408057 .grid-col-1{height: 400px}\n      #banner-grid-246408057 .grid-col-1-2{height: 200px}\n      #banner-grid-246408057 .grid-col-1-3{height:133.33333333333px}\n      #banner-grid-246408057 .grid-col-2-3{height: 266.66666666667px}\n      #banner-grid-246408057 .grid-col-1-4{height: 100px}\n      #banner-grid-246408057 .grid-col-3-4{height: 300px}\n    }\n    \n        \/* Mobile *\/\n    @media (max-width: 550px){\n      #banner-grid-246408057 .grid-col-1{height: 400px}\n      #banner-grid-246408057 .grid-col-1-2{height: 200px}\n      #banner-grid-246408057 .grid-col-1-3{height:133.33333333333px}\n      #banner-grid-246408057 .grid-col-2-3{height: 266.66666666667px}\n      #banner-grid-246408057 .grid-col-1-4{height: 100px}\n      #banner-grid-246408057 .grid-col-3-4{height: 300px}\n    }\n    \n\n  <\/style>\n    <\/div>\n    <style>\n    #banner-grid-246408057 .grid-col-1{height: 600px}\n    #banner-grid-246408057 .grid-col-1-2{height: 300px}\n    #banner-grid-246408057 .grid-col-1-3{height:200px}\n    #banner-grid-246408057 .grid-col-2-3{height: 400px}\n    #banner-grid-246408057 .grid-col-1-4{height: 150px}\n    #banner-grid-246408057 .grid-col-3-4{height: 450px}\n\n\n    \n    \n\n  <\/style>\n    <\/div>\n  \n","protected":false},"excerpt":{"rendered":"<p>Khi c\u00f2n b\u00e9 th\u01a1, h\u1eb3n r\u1ea5t nhi\u1ec1u ph\u1ee5 huynh \u0111\u00e3 t\u1eebng bi\u1ebft \u0111\u1ebfn v\u00e0 \u0111\u1ecdc qua t\u00e1c ph\u1ea9m D\u1ebe M\u00c8N PHI\u00caU L\u01afU K\u00dd c\u1ee7a nh\u00e0 v\u0103n T\u00f4 Ho\u00e0i. Chuy\u1ebfn h\u00e0nh tr\u00ecnh c\u1ee7a D\u1ebf M\u00e8n v\u00e0 D\u1ebf Tr\u0169i t\u1edbi nh\u1eefng mi\u1ec1n \u0111\u1ea5t m\u1edbi kh\u00f4ng ch\u1ec9 h\u1ed3i h\u1ed9p, k\u1ecbch t\u00ednh m\u00e0 c\u00f2n v\u00f4 c\u00f9ng ch\u00e2n th\u1ef1c, mu\u00f4n m\u00e0u mu\u00f4n v\u1ebb.<br \/>\nR\u1ea5t nhi\u1ec1u th\u1ebf h\u1ec7 b\u1ea1n \u0111\u1ecdc \u0111\u00e3 l\u1edbn l\u00ean c\u00f9ng c\u00e1c nh\u00e2n v\u1eadt M\u00e8n, Cho\u1eaft, Tr\u0169i, X\u00e9n T\u00f3c&#8230; Nh\u1eefng b\u00e0i h\u1ecdc nh\u00e2n v\u0103n c\u0169ng theo \u0111\u00f3 m\u00e0 \u0111\u01b0\u1ee3c \u01b0\u01a1m m\u1ea7m trong l\u00f2ng nhi\u1ec1u \u0111\u1ed9c gi\u1ea3. Ch\u00ednh nh\u1eefng \u0111i\u1ec1u \u0111\u00f3 \u0111\u00e3 gi\u00fap D\u1ebe M\u00c8N PHI\u00caU L\u01afU K\u00dd tr\u1edf th\u00e0nh \u0111\u1ea7u s\u00e1ch b\u1ea5t h\u1ee7, \u0111\u01b0\u1ee3c b\u1ea1n \u0111\u1ecdc s\u0103n \u0111\u00f3n d\u00f9 \u0111\u01b0\u1ee3c xu\u1ea5t b\u1ea3n d\u01b0\u1edbi h\u00ecnh th\u1ee9c n\u00e0o!<br \/>\n\u0110\u1ec3 ph\u00f9 h\u1ee3p v\u1edbi th\u1ecb hi\u1ebfu \u0111\u1ecdc s\u00e1ch hi\u1ec7n \u0111\u1ea1i, Nh\u00e0 xu\u1ea5t b\u1ea3n Kim \u0110\u1ed3ng \u0111\u00e3 cho ra m\u1eaft D\u1ebe M\u00c8N PHI\u00caU L\u01afU K\u00dd v\u1edbi m\u1ed9t di\u1ec7n m\u1ea1o ho\u00e0n to\u00e0n m\u1edbi nh\u00e2n k\u1ef7 ni\u1ec7m 100 n\u0103m ng\u00e0y sinh c\u1ee7a t\u00e1c gi\u1ea3 T\u00f4 Ho\u00e0i. H\u00ecnh \u1ea3nh \u0111\u01b0\u1ee3c v\u1ebd b\u1eb1ng m\u00e0u n\u01b0\u1edbc trong t\u1eebng trang s\u00e1ch \u0111\u01b0\u1ee3c h\u1ecda s\u0129 9X \u0110\u1eadu \u0110\u0169a s\u00e1ng t\u1ea1o trong su\u1ed1t 7 n\u0103m v\u1edbi n\u1ed7 l\u1ef1c l\u00e0m m\u1edbi m\u1ed9t t\u00e1c ph\u1ea9m qu\u00e1 kinh \u0111i\u1ec3n. D\u1ebf M\u00e8n v\u00e0 c\u00e1c nh\u00e2n v\u1eadt kh\u00e1c \u0111\u01b0\u1ee3c kho\u00e1c l\u00ean di\u1ec7n m\u1ea1o m\u1edbi, hi\u1ec7n \u0111\u1ea1i h\u01a1n, r\u1ef1c r\u1ee1 h\u01a1n, gi\u00fap tr\u00ed t\u01b0\u1edfng t\u01b0\u1ee3ng c\u1ee7a c\u00e1c \u0111\u1ed9c gi\u1ea3 tr\u01b0\u1edfng th\u00e0nh c\u0169ng nh\u01b0 b\u1ea1n \u0111\u1ecdc nh\u1ecf tu\u1ed5i \u0111\u01b0\u1ee3c th\u0103ng hoa h\u01a1n n\u1eefa!<br \/>\nTrong Gi\u1ea3i th\u01b0\u1edfng s\u00e1ch 2020 c\u1ee7a Nh\u00e0 xu\u1ea5t b\u1ea3n Kim \u0110\u1ed3ng, cu\u1ed1n s\u00e1ch tranh \u0111\u1ed9c \u0111\u00e1o n\u00e0y \u0111\u00e3 vinh d\u1ef1 \u0111\u1ea1t gi\u1ea3i Nh\u1ea5t h\u1ea1ng m\u1ee5c S\u00e1ch v\u0103n h\u1ecdc thi\u1ebfu nhi.<\/p>\n","protected":false},"featured_media":3099,"template":"","meta":{"_acf_changed":false},"product_brand":[],"product_cat":[25,17,71,26],"product_tag":[81],"class_list":{"0":"post-3107","1":"product","2":"type-product","3":"status-publish","4":"has-post-thumbnail","6":"product_cat-nhi-dong-6-tuoi-12-tuoi","7":"product_cat-sach-danh-cho-cac-be","8":"product_cat-sach-tre-em-thuan-viet","9":"product_cat-thieu-nien-11-tuoi-18-tuoi","10":"product_tag-sach-gia-uu-dai","12":"first","13":"outofstock","14":"sale","15":"taxable","16":"shipping-taxable","17":"purchasable","18":"product-type-simple"},"supplier_id":null,"supplier_sku":"","barcode":null,"atum_controlled":true,"out_stock_date":"2024-04-02 18:37:28","out_stock_threshold":null,"inheritable":false,"inbound_stock":0,"stock_on_hold":0,"sold_today":0,"sales_last_days":0,"reserved_stock":0,"customer_returns":0,"warehouse_damage":0,"lost_in_post":0,"other_logs":0,"out_stock_days":666,"lost_sales":0,"has_location":false,"update_date":"2026-01-28T23:10:33","atum_locations":[],"atum_stock_status":"outofstock","restock_status":false,"low_stock_amount":"","sales_update_date":"2026-01-28T23:10:33","calc_backorders":null,"acf":{"publisher":{"ID":1454,"post_author":"1","post_date":"2021-02-17 01:11:34","post_date_gmt":"2021-02-16 23:11:34","post_content":"<!-- wp:flatsome\/uxbuilder -->\n<h1 style=\"text-align: center;\"><strong>Kim \u0110\u1ed3ng<\/strong><\/h1>\n[row]\n\n[col span=\"3\" span__sm=\"12\"]\n\n[ux_image id=\"1534\" image_size=\"medium\"]\n\n\n[\/col]\n[col span=\"9\" span__sm=\"12\"]\n\n<p>Nh\u00e0 xu\u1ea5t b\u1ea3n Kim \u0110\u1ed3ng tr\u1ef1c thu\u1ed9c Trung \u01b0\u01a1ng \u0110o\u00e0n TNCS H\u1ed3 Ch\u00ed Minh l\u00e0 Nh\u00e0 xu\u1ea5t b\u1ea3n t\u1ed5ng h\u1ee3p c\u00f3 ch\u1ee9c n\u0103ng xu\u1ea5t b\u1ea3n s\u00e1ch v\u00e0 v\u0103n h\u00f3a ph\u1ea9m ph\u1ee5c v\u1ee5 thi\u1ebfu nhi v\u00e0 c\u00e1c b\u1eadc ph\u1ee5 huynh trong c\u1ea3 n\u01b0\u1edbc, qu\u1ea3ng b\u00e1 v\u00e0 gi\u1edbi thi\u1ec7u v\u0103n h\u00f3a Vi\u1ec7t Nam ra th\u1ebf gi\u1edbi.<br \/>Nh\u00e0 xu\u1ea5t b\u1ea3n c\u00f3 nhi\u1ec7m v\u1ee5 t\u1ed5 ch\u1ee9c b\u1ea3n th\u1ea3o, bi\u00ean so\u1ea1n, bi\u00ean d\u1ecbch, xu\u1ea5t b\u1ea3n v\u00e0 ph\u00e1t h\u00e0nh c\u00e1c xu\u1ea5t b\u1ea3n ph\u1ea9m c\u00f3 n\u1ed9i dung: gi\u00e1o d\u1ee5c truy\u1ec1n th\u1ed1ng d\u00e2n t\u1ed9c, gi\u00e1o d\u1ee5c v\u1ec1 tri th\u1ee9c, ki\u1ebfn th\u1ee9c\u2026 tr\u00ean c\u00e1c l\u0129nh v\u1ef1c v\u0103n h\u1ecdc, ngh\u1ec7 thu\u1eadt, khoa h\u1ecdc k\u1ef9 thu\u1eadt nh\u1eb1m cung c\u1ea5p cho c\u00e1c em thi\u1ebfu nhi c\u0169ng nh\u01b0 c\u00e1c b\u1eadc ph\u1ee5 huynh c\u00e1c ki\u1ebfn th\u1ee9c c\u1ea7n thi\u1ebft trong cu\u1ed9c s\u1ed1ng, nh\u1eefng tinh hoa c\u1ee7a tri th\u1ee9c nh\u00e2n lo\u1ea1i nh\u1eb1m g\u00f3p ph\u1ea7n gi\u00e1o d\u1ee5c v\u00e0 h\u00ecnh th\u00e0nh nh\u00e2n c\u00e1ch th\u1ebf h\u1ec7 tr\u1ebb.<br \/>\u0110\u1ed1i t\u01b0\u1ee3ng ph\u1ee5c v\u1ee5 c\u1ee7a Nh\u00e0 xu\u1ea5t b\u1ea3n l\u00e0 c\u00e1c em t\u1eeb tu\u1ed5i nh\u00e0 tr\u1ebb m\u1eabu gi\u00e1o (1 \u0111\u1ebfn 5 tu\u1ed5i), nhi \u0111\u1ed3ng (6 \u0111\u1ebfn 9 tu\u1ed5i), thi\u1ebfu ni\u00ean (10 \u0111\u1ebfn 15 tu\u1ed5i) \u0111\u1ebfn c\u00e1c em tu\u1ed5i m\u1edbi l\u1edbn (16 \u0111\u1ebfn 18 tu\u1ed5i) v\u00e0 c\u00e1c b\u1eadc ph\u1ee5 huynh.<\/p>\n\n[\/col]\n\n[\/row]\n\n<!-- \/wp:flatsome\/uxbuilder -->","post_title":"Kim \u0110\u1ed3ng","post_excerpt":"","post_status":"publish","comment_status":"closed","ping_status":"closed","post_password":"","post_name":"kim-dong","to_ping":"","pinged":"","post_modified":"2021-02-17 01:31:56","post_modified_gmt":"2021-02-16 23:31:56","post_content_filtered":"","post_parent":0,"guid":"https:\/\/sachviet.eu\/nha-phat-hanh\/kim-dong\/","menu_order":0,"post_type":"publisher","post_mime_type":"","comment_count":"0","filter":"raw"}},"_links":{"self":[{"href":"https:\/\/sachviet.eu\/en\/wp-json\/wp\/v2\/product\/3107","targetHints":{"allow":["GET"]}}],"collection":[{"href":"https:\/\/sachviet.eu\/en\/wp-json\/wp\/v2\/product"}],"about":[{"href":"https:\/\/sachviet.eu\/en\/wp-json\/wp\/v2\/types\/product"}],"wp:featuredmedia":[{"embeddable":true,"href":"https:\/\/sachviet.eu\/en\/wp-json\/wp\/v2\/media\/3099"}],"wp:attachment":[{"href":"https:\/\/sachviet.eu\/en\/wp-json\/wp\/v2\/media?parent=3107"}],"wp:term":[{"taxonomy":"product_brand","embeddable":true,"href":"https:\/\/sachviet.eu\/en\/wp-json\/wp\/v2\/product_brand?post=3107"},{"taxonomy":"product_cat","embeddable":true,"href":"https:\/\/sachviet.eu\/en\/wp-json\/wp\/v2\/product_cat?post=3107"},{"taxonomy":"product_tag","embeddable":true,"href":"https:\/\/sachviet.eu\/en\/wp-json\/wp\/v2\/product_tag?post=3107"}],"curies":[{"name":"wp","href":"https:\/\/api.w.org\/{rel}","templated":true}]}}