{"id":3098,"date":"2021-02-27T00:39:10","date_gmt":"2021-02-26T22:39:10","guid":{"rendered":"https:\/\/sachviet.eu\/shop\/ehon-song-ngu-i-am-an-artist-to-la-nghe-si\/"},"modified":"2021-03-23T01:10:48","modified_gmt":"2021-03-22T23:10:48","slug":"ehon-song-ngu-i-am-an-artist-to-la-nghe-si","status":"publish","type":"product","link":"https:\/\/sachviet.eu\/en\/shop\/ehon-song-ngu-i-am-an-artist-to-la-nghe-si\/","title":{"rendered":"Ehon Song Ng\u1eef &#8211; I Am An Artist &#8211; T\u1edb L\u00e0 Ngh\u1ec7 S\u0129"},"content":{"rendered":"<p>N\u1ebfu b\u1ea1n \u0111ang t\u00ecm ki\u1ebfm m\u1ed9t c\u00e2u chuy\u1ec7n gi\u00fap con ph\u00e1t huy h\u1ebft kh\u1ea3 n\u0103ng c\u1ee7a b\u1ea3n th\u00e2n th\u00ec \u201cT\u1edb l\u00e0 ngh\u1ec7 s\u0129\u201d  t\u00ean g\u1ed1c \u201cIam an artist\u201d l\u00e0 m\u1ed9t c\u00e2u chuy\u1ec7n v\u00f4 c\u00f9ng th\u00edch h\u1ee3p. \u201cT\u1edb\u201d t\u1ef1 nh\u1eadn l\u00e0 m\u1ed9t ngh\u1ec7 s\u0129, h\u00e0ng ng\u00e0y t\u1edb s\u00e1ng t\u1ea1o n\u00ean nh\u1eefng b\u1ee9c tranh \u0111\u1ed9c \u0111\u00e1o tr\u00ean t\u01b0\u1edfng nh\u00e0, t\u1ea1o n\u00ean m\u1ed9t khu \u201cm\u00f9a xu\u00e2n gi\u1eefa m\u00f9a \u0111\u00f4ng\u201d trong t\u1ee7 l\u1ea1nh, t\u1ea1o n\u00ean nh\u1eefng \u201cchuy\u1ec3n \u0111\u1ed9ng\u201d v\u00f4 c\u00f9ng \u0111\u1eb7c bi\u1ec7t ch\u1ec9 b\u1eb1ng m\u1ed9t c\u00e1i qu\u1ea1t v\u00e0 nh\u1eefng c\u00e1i m\u1eafc \u00e1o. Nh\u1eefng c\u00f4ng vi\u1ec7c \u201cngh\u1ec7 thu\u1eadt\u201d \u0111\u00f3 th\u1ef1c s\u1ef1 ch\u1ec9 c\u00f3 th\u1ec3 l\u00e0m \u0111\u01b0\u1ee3c b\u1edfi nh\u1eefng ngh\u1ec7 s\u0129 t\u00e0i ba m\u00e0 th\u00f4i. <\/p>\n<p>M\u1ed9t c\u00e2u chuy\u1ec7n v\u00f4 c\u00f9ng th\u00fa v\u1ecb v\u00e0 h\u1ea5p d\u1eabn v\u1edbi minh h\u1ecda t\u01b0\u01a1i s\u00e1ng, sinh \u0111\u1ed9ng, m\u1edf ra m\u1ed9t th\u1ebf gi\u1edbi \u0111\u1ea7y m\u00e0u s\u1eafc gi\u00fap c\u00e1c b\u00e9 ph\u00e1t huy tr\u00ed t\u01b0\u1edfng t\u01b0\u1ee3ng \u201cbi\u1ebft nh\u00ecn th\u1ea5y ngh\u1ec7 thu\u1eadt \u1edf nh\u1eefng n\u01a1i kh\u00f4ng ng\u1edd t\u1edbi\u201d. V\u00e0 \u201cT\u1edb l\u00e0 ngh\u1ec7 s\u0129\u201d c\u0169ng \u1ea9n ch\u1ee9a th\u00f4ng \u0111i\u1ec7p truy\u1ec1n c\u1ea3m h\u1ee9ng t\u1edbi c\u00e1c b\u1eadc ph\u1ee5 huynh: \u201cH\u00e3y \u0111\u1ec3 c\u00e1c b\u00e9 th\u1ec3 hi\u1ec7n h\u1ebft t\u00e0i n\u0103ng c\u1ee7a m\u00ecnh\u201d. B\u1ed1 m\u1eb9 \u0111\u1eebng s\u1ee3 b\u1ea9n, \u0111\u1eebng s\u1ee3 l\u1ed9n x\u1ed9n, \u0111\u1eebng c\u00e1u gi\u1eadn v\u1edbi nh\u1eefng tr\u00f2 ngh\u1ecbch ng\u1ee3m c\u1ee7a tr\u1ebb nh\u1ecf, b\u1edfi nh\u1edd s\u1ef1 kh\u00e1m ph\u00e1 \u0111\u00f3 s\u1ebd gi\u00fap b\u00e9 t\u00ecm ra t\u00e0i n\u0103ng th\u1ef1c s\u1ef1 c\u1ee7a m\u00ecnh. <\/p>\n<p>Marta Alt\u00e9s t\u1ed1t nghi\u1ec7p th\u1ea1c s\u0129 v\u1ec1 Minh h\u1ecda s\u00e1ch thi\u1ebfu nhi t\u1ea1i Tr\u01b0\u1eddng M\u1ef9 Thu\u1eadt Cambridge. C\u00f4 \u0111\u00e3 gi\u00e0nh \u0111\u01b0\u1ee3c nhi\u1ec1u gi\u1ea3i th\u01b0\u1edfng v\u1edbi c\u00e1c t\u00e1c ph\u1ea9m \u201cT\u1edb l\u00e0 ngh\u1ec7 s\u0129\u201d, \u201c\u00d4ng t\u1edb\u201d:<\/p>\n<p>&#8211; \u0110\u01b0\u1ee3c \u0111\u1ec1 c\u1eed gi\u1ea3i th\u01b0\u1edfng CILIP Kate Greenaway Medal n\u0103m 2014 cho t\u00e1c ph\u1ea9m \u201cI am an Artist \u2013 T\u1edb l\u00e0 ngh\u1ec7 s\u0129\u201d<\/p>\n<p>&#8211; Gi\u1ea3i th\u01b0\u1edfng Ezra Jack Keats Honor  n\u0103m 2014 d\u00e0nh cho h\u1ecda s\u0129 minh h\u1ecda m\u1edbi cho t\u00e1c ph\u1ea9m \u201cMy Grandpa \u2013 \u00d4ng t\u1edb\u201d.<\/p>\n<p>&#8211; L\u1ecdt v\u00e0o danh s\u00e1ch \u0111\u1ec1 c\u1eed gi\u1ea3i th\u01b0\u1edfng UKLA Book Awards 2014 (h\u1ea1ng m\u1ee5c s\u00e1ch d\u00e0nh cho tr\u1ebb 3-6 tu\u1ed5i) cho t\u00e1c ph\u1ea9m \u201cI am an Artist \u2013 T\u1edb l\u00e0 ngh\u1ec7 s\u0129\u201d<\/p>\n<p>&#8211; Gi\u1ea3i th\u01b0\u1edfng Paterson Prize for Books for Young People 2014 cho t\u00e1c ph\u1ea9m \u201cMy Grandpa \u2013 \u00d4ng t\u1edb\u201d  <div class=\"banner-grid-wrapper\">\n  <div id=\"banner-grid-2085428147\" class=\"banner-grid row row-grid row-small\" data-packery-options=\"\">\n            <style>\n    #banner-grid-2085428147 .grid-col-1{height: 600px}\n    #banner-grid-2085428147 .grid-col-1-2{height: 300px}\n    #banner-grid-2085428147 .grid-col-1-3{height:200px}\n    #banner-grid-2085428147 .grid-col-2-3{height: 400px}\n    #banner-grid-2085428147 .grid-col-1-4{height: 150px}\n    #banner-grid-2085428147 .grid-col-3-4{height: 450px}\n\n\n        \/* Tablet *\/\n    @media (max-width: 850px){\n      #banner-grid-2085428147 .grid-col-1{height: 400px}\n      #banner-grid-2085428147 .grid-col-1-2{height: 200px}\n      #banner-grid-2085428147 .grid-col-1-3{height:133.33333333333px}\n      #banner-grid-2085428147 .grid-col-2-3{height: 266.66666666667px}\n      #banner-grid-2085428147 .grid-col-1-4{height: 100px}\n      #banner-grid-2085428147 .grid-col-3-4{height: 300px}\n    }\n    \n        \/* Mobile *\/\n    @media (max-width: 550px){\n      #banner-grid-2085428147 .grid-col-1{height: 400px}\n      #banner-grid-2085428147 .grid-col-1-2{height: 200px}\n      #banner-grid-2085428147 .grid-col-1-3{height:133.33333333333px}\n      #banner-grid-2085428147 .grid-col-2-3{height: 266.66666666667px}\n      #banner-grid-2085428147 .grid-col-1-4{height: 100px}\n      #banner-grid-2085428147 .grid-col-3-4{height: 300px}\n    }\n    \n\n  <\/style>\n    <\/div>\n    <style>\n    #banner-grid-2085428147 .grid-col-1{height: 600px}\n    #banner-grid-2085428147 .grid-col-1-2{height: 300px}\n    #banner-grid-2085428147 .grid-col-1-3{height:200px}\n    #banner-grid-2085428147 .grid-col-2-3{height: 400px}\n    #banner-grid-2085428147 .grid-col-1-4{height: 150px}\n    #banner-grid-2085428147 .grid-col-3-4{height: 450px}\n\n\n    \n    \n\n  <\/style>\n    <\/div>\n  \n","protected":false},"excerpt":{"rendered":"<p>N\u1ebfu b\u1ea1n \u0111ang t\u00ecm ki\u1ebfm m\u1ed9t c\u00e2u chuy\u1ec7n gi\u00fap con ph\u00e1t huy h\u1ebft kh\u1ea3 n\u0103ng c\u1ee7a b\u1ea3n th\u00e2n th\u00ec \u201cT\u1edb l\u00e0 ngh\u1ec7 s\u0129\u201d  t\u00ean g\u1ed1c \u201cIam an artist\u201d l\u00e0 m\u1ed9t c\u00e2u chuy\u1ec7n v\u00f4 c\u00f9ng th\u00edch h\u1ee3p. \u201cT\u1edb\u201d t\u1ef1 nh\u1eadn l\u00e0 m\u1ed9t ngh\u1ec7 s\u0129, h\u00e0ng ng\u00e0y t\u1edb s\u00e1ng t\u1ea1o n\u00ean nh\u1eefng b\u1ee9c tranh \u0111\u1ed9c \u0111\u00e1o tr\u00ean t\u01b0\u1edfng nh\u00e0, t\u1ea1o n\u00ean m\u1ed9t khu \u201cm\u00f9a xu\u00e2n gi\u1eefa m\u00f9a \u0111\u00f4ng\u201d trong t\u1ee7 l\u1ea1nh, t\u1ea1o n\u00ean nh\u1eefng \u201cchuy\u1ec3n \u0111\u1ed9ng\u201d v\u00f4 c\u00f9ng \u0111\u1eb7c bi\u1ec7t ch\u1ec9 b\u1eb1ng m\u1ed9t c\u00e1i qu\u1ea1t v\u00e0 nh\u1eefng c\u00e1i m\u1eafc \u00e1o. Nh\u1eefng c\u00f4ng vi\u1ec7c \u201cngh\u1ec7 thu\u1eadt\u201d \u0111\u00f3 th\u1ef1c s\u1ef1 ch\u1ec9 c\u00f3 th\u1ec3 l\u00e0m \u0111\u01b0\u1ee3c b\u1edfi nh\u1eefng ngh\u1ec7 s\u0129 t\u00e0i ba m\u00e0 th\u00f4i. <\/p>\n<p>M\u1ed9t c\u00e2u chuy\u1ec7n v\u00f4 c\u00f9ng th\u00fa v\u1ecb v\u00e0 h\u1ea5p d\u1eabn v\u1edbi minh h\u1ecda t\u01b0\u01a1i s\u00e1ng, sinh \u0111\u1ed9ng, m\u1edf ra m\u1ed9t th\u1ebf gi\u1edbi \u0111\u1ea7y m\u00e0u s\u1eafc gi\u00fap c\u00e1c b\u00e9 ph\u00e1t huy tr\u00ed t\u01b0\u1edfng t\u01b0\u1ee3ng \u201cbi\u1ebft nh\u00ecn th\u1ea5y ngh\u1ec7 thu\u1eadt \u1edf nh\u1eefng n\u01a1i kh\u00f4ng ng\u1edd t\u1edbi\u201d. V\u00e0 \u201cT\u1edb l\u00e0 ngh\u1ec7 s\u0129\u201d c\u0169ng \u1ea9n ch\u1ee9a th\u00f4ng \u0111i\u1ec7p truy\u1ec1n c\u1ea3m h\u1ee9ng t\u1edbi c\u00e1c b\u1eadc ph\u1ee5 huynh: \u201cH\u00e3y \u0111\u1ec3 c\u00e1c b\u00e9 th\u1ec3 hi\u1ec7n h\u1ebft t\u00e0i n\u0103ng c\u1ee7a m\u00ecnh\u201d. B\u1ed1 m\u1eb9 \u0111\u1eebng s\u1ee3 b\u1ea9n, \u0111\u1eebng s\u1ee3 l\u1ed9n x\u1ed9n, \u0111\u1eebng c\u00e1u gi\u1eadn v\u1edbi nh\u1eefng tr\u00f2 ngh\u1ecbch ng\u1ee3m c\u1ee7a tr\u1ebb nh\u1ecf, b\u1edfi nh\u1edd s\u1ef1 kh\u00e1m ph\u00e1 \u0111\u00f3 s\u1ebd gi\u00fap b\u00e9 t\u00ecm ra t\u00e0i n\u0103ng th\u1ef1c s\u1ef1 c\u1ee7a m\u00ecnh.<\/p>\n","protected":false},"featured_media":3091,"template":"","meta":{"_acf_changed":false},"product_brand":[],"product_cat":[24,25,17,39],"product_tag":[],"class_list":{"0":"post-3098","1":"product","2":"type-product","3":"status-publish","4":"has-post-thumbnail","6":"product_cat-nha-tre-mau-giao-0-tuoi-6-tuoi","7":"product_cat-nhi-dong-6-tuoi-12-tuoi","8":"product_cat-sach-danh-cho-cac-be","9":"product_cat-sach-song-ngu-anh-viet","11":"first","12":"outofstock","13":"taxable","14":"shipping-taxable","15":"purchasable","16":"product-type-simple"},"supplier_id":null,"supplier_sku":"","barcode":null,"atum_controlled":true,"out_stock_date":"2021-03-01 23:35:12","out_stock_threshold":null,"inheritable":false,"inbound_stock":0,"stock_on_hold":0,"sold_today":0,"sales_last_days":0,"reserved_stock":0,"customer_returns":0,"warehouse_damage":0,"lost_in_post":0,"other_logs":0,"out_stock_days":1793,"lost_sales":0,"has_location":false,"update_date":"2026-01-28T23:10:33","atum_locations":[],"atum_stock_status":"outofstock","restock_status":false,"low_stock_amount":"","sales_update_date":"2026-01-28T23:10:32","calc_backorders":null,"acf":{"publisher":{"ID":1453,"post_author":"1","post_date":"2021-02-17 01:11:32","post_date_gmt":"2021-02-16 23:11:32","post_content":"<!-- wp:flatsome\/uxbuilder -->\n<h1 style=\"text-align: center;\"><strong>Qu\u1ea3ng V\u0103n<\/strong><\/h1>\n[row]\n\n[col span=\"6\" span__sm=\"12\"]\n\n[ux_image id=\"1552\" image_size=\"medium\"]\n\n\n[\/col]\n[col span=\"6\" span__sm=\"12\"]\n\n<p><strong>Quangvanbooks<\/strong><br \/>Qu\u1ea3ng V\u0103n l\u00e0 t\u1ed5 h\u1ee3p xu\u1ea5t b\u1ea3n, gi\u00e1o d\u1ee5c v\u00e0 nh\u01b0\u1ee3ng quy\u1ec1n h\u00e0ng \u0111\u1ea7u trong ng\u00e0nh c\u00f4ng nghi\u1ec7p s\u00e1ng t\u1ea1o v\u1edbi c\u00e1c th\u01b0\u01a1ng hi\u1ec7u nh\u00e1nh:<\/p>\n<p>Quangvanbooks - Th\u01b0\u01a1ng hi\u1ec7u s\u00e1ch v\u0103n h\u00f3a gi\u00e1o d\u1ee5c v\u00e0 v\u0103n h\u00f3a gi\u1ea3i tr\u00ed<br \/>Ehomebooks - Th\u01b0\u01a1ng hi\u1ec7u s\u00e1ch gi\u00e1o d\u1ee5c gia \u0111\u00ecnh<br \/>Sakurabooks - Th\u01b0\u01a1ng hi\u1ec7u s\u00e1ch Nh\u1eadt B\u1ea3n<br \/>IPERbooks - Th\u01b0\u01a1ng hi\u1ec7u s\u00e1ch gi\u00e1o d\u1ee5c nh\u00e0 tr\u01b0\u1eddng<br \/>IPER - Vi\u1ec7n nghi\u00ean c\u1ee9u xu\u1ea5t b\u1ea3n v\u00e0 gi\u00e1o d\u1ee5c IPER<\/p>\n<p><strong>T\u1ea7m nh\u00ecn<\/strong><br \/>Tr\u1edf th\u00e0nh th\u01b0\u01a1ng hi\u1ec7u s\u00e1ch v\u0103n h\u00f3a gi\u00e1o d\u1ee5c v\u00e0 v\u0103n h\u00f3a gi\u1ea3i tr\u00ed t\u1ed1t nh\u1ea5t v\u00e0 \u0111a d\u1ea1ng nh\u1ea5t Vi\u1ec7t Nam.<\/p>\n<p><br \/><strong>S\u1ee9 m\u1ec7nh<\/strong><br \/>Mang \u0111\u1ebfn nh\u1eefng cu\u1ed1n s\u00e1ch v\u0103n h\u00f3a gi\u00e1o d\u1ee5c v\u00e0 v\u0103n h\u00f3a gi\u1ea3i tr\u00ed \u0111\u1ebfn v\u1edbi \u0111\u1ed9c gi\u1ea3 Vi\u1ec7t Nam v\u00e0 th\u1ebf gi\u1edbi nh\u1eb1m gi\u00fap \u0111\u1ed9c gi\u1ea3 ph\u00e1t tri\u1ec3n b\u1ea3n th\u00e2n, gi\u00e1o d\u1ee5c, gi\u1ea3i tr\u00ed v\u00e0 khai s\u00e1ng nh\u1eb1m x\u00e2y d\u1ef1ng x\u00e3 h\u1ed9i th\u1ecbnh v\u01b0\u1ee3ng, h\u1ea1nh ph\u00fac.<\/p>\n<p><strong>Gi\u00e1 tr\u1ecb c\u1ed1t l\u00f5i<\/strong><\/p>\n<p>S\u00e1ng t\u1ea1o - Linh ho\u1ea1t - H\u1ee3p t\u00e1c - Ch\u00ednh tr\u1ef1c - Nhi\u1ec7t huy\u1ebft - C\u00e2n b\u1eb1ng - H\u1ea1nh ph\u00fac<\/p>\n\n[\/col]\n\n[\/row]\n\n<!-- \/wp:flatsome\/uxbuilder -->","post_title":"Qu\u1ea3ng V\u0103n","post_excerpt":"","post_status":"publish","comment_status":"closed","ping_status":"closed","post_password":"","post_name":"quang-van","to_ping":"","pinged":"","post_modified":"2021-02-17 01:26:44","post_modified_gmt":"2021-02-16 23:26:44","post_content_filtered":"","post_parent":0,"guid":"https:\/\/sachviet.eu\/nha-phat-hanh\/quang-van\/","menu_order":0,"post_type":"publisher","post_mime_type":"","comment_count":"0","filter":"raw"}},"_links":{"self":[{"href":"https:\/\/sachviet.eu\/en\/wp-json\/wp\/v2\/product\/3098","targetHints":{"allow":["GET"]}}],"collection":[{"href":"https:\/\/sachviet.eu\/en\/wp-json\/wp\/v2\/product"}],"about":[{"href":"https:\/\/sachviet.eu\/en\/wp-json\/wp\/v2\/types\/product"}],"wp:featuredmedia":[{"embeddable":true,"href":"https:\/\/sachviet.eu\/en\/wp-json\/wp\/v2\/media\/3091"}],"wp:attachment":[{"href":"https:\/\/sachviet.eu\/en\/wp-json\/wp\/v2\/media?parent=3098"}],"wp:term":[{"taxonomy":"product_brand","embeddable":true,"href":"https:\/\/sachviet.eu\/en\/wp-json\/wp\/v2\/product_brand?post=3098"},{"taxonomy":"product_cat","embeddable":true,"href":"https:\/\/sachviet.eu\/en\/wp-json\/wp\/v2\/product_cat?post=3098"},{"taxonomy":"product_tag","embeddable":true,"href":"https:\/\/sachviet.eu\/en\/wp-json\/wp\/v2\/product_tag?post=3098"}],"curies":[{"name":"wp","href":"https:\/\/api.w.org\/{rel}","templated":true}]}}