{"id":3006,"date":"2021-02-27T00:34:43","date_gmt":"2021-02-26T22:34:43","guid":{"rendered":"https:\/\/sachviet.eu\/shop\/bang-ice-chilling-stories-from-a-disappearing-world\/"},"modified":"2022-12-19T21:23:30","modified_gmt":"2022-12-19T19:23:30","slug":"bang-ice-chilling-stories-from-a-disappearing-world","status":"publish","type":"product","link":"https:\/\/sachviet.eu\/en\/shop\/bang-ice-chilling-stories-from-a-disappearing-world\/","title":{"rendered":"B\u0103ng &#8211; ICE &#8211; Chilling stories from a disappearing world"},"content":{"rendered":"<p>\u201cT\u00e1i ch\u1ebf\u201d, \u201ch\u1ea1n ch\u1ebf r\u00e1c th\u1ea3i\u201d, \u201cph\u00e2n lo\u1ea1i r\u00e1c\u201d, \u201cs\u1ed1ng xanh\u201d, \u201cb\u1ea3o v\u1ec7 m\u00f4i tr\u01b0\u1eddng\u201d\u2026 l\u00e0 nh\u1eefng c\u1ee5m t\u1eeb th\u01b0\u1eddng \u0111\u01b0\u1ee3c nh\u1eafc t\u1edbi tr\u00ean c\u00e1c ph\u01b0\u01a1ng ti\u1ec7n truy\u1ec1n th\u00f4ng v\u00e0 d\u1ea7n tr\u1edf n\u00ean quen thu\u1ed9c v\u1edbi ch\u00fang ta. Nh\u01b0ng t\u1eeb \u201cnghe quen\u201d t\u1edbi \u201ch\u00e0nh \u0111\u1ed9ng\u201d v\u00e0 tr\u1edf th\u00e0nh m\u1ed9t l\u1ed1i s\u1ed1ng th\u00ec l\u1ea1i l\u00e0 m\u1ed9t v\u1ea5n \u0111\u1ec1 kh\u00e1c c\u1ea7n b\u00e0n lu\u1eadn.<\/p>\n<p>L\u00e0m th\u1ebf n\u00e0o \u0111\u1ec3 b\u1eaft \u0111\u1ea7u n\u1ebfp s\u1ed1ng xanh, thay \u0111\u1ed5i c\u00e1ch s\u1ed1ng, g\u00f3p ph\u1ea7n chung tay c\u1ee9u l\u1ea5y h\u00e0nh tinh n\u00e0y v\u00e0 ch\u00ednh b\u1ea3n th\u00e2n m\u00ecnh c\u00f9ng nh\u1eefng ng\u01b0\u1eddi th\u00e2n y\u00eau. N\u00ean b\u1eaft \u0111\u1ea7u t\u1eeb \u0111\u00e2u gi\u1eefa bi\u1ec3n th\u00f4ng tin tr\u00e0n ng\u1eadp kh\u00f3 ki\u1ec3m ch\u1ee9ng?<\/p>\n<p>N\u1ebfu nh\u01b0 What a waste l\u00e0 m\u1ed9t cu\u1ed1n s\u00e1ch to\u00e0n di\u1ec7n v\u1ec1 r\u00e1c th\u1ea3i, t\u00e1i ch\u1ebf v\u1edbi c\u00e1c h\u01b0\u1edbng d\u1eabn s\u1ed1ng xanh c\u00f3 th\u1ec3 \u00e1p d\u1ee5ng h\u00e0ng ng\u00e0y th\u00ec Ice &#8211; B\u0103ng l\u1ea1i \u0111\u01b0\u1ee3c v\u00ed nh\u01b0 cu\u1ed1n b\u00e1ch khoa to\u00e0n th\u01b0 v\u1ec1 m\u1ed9t th\u1ebf gi\u1edbi k\u1ef3 v\u0129 \u0111ang d\u1ea7n bi\u1ebfn m\u1ea5t.<\/p>\n<p>Ra m\u1eaft phi\u00ean b\u1ea3n \u0111\u1ea7u ti\u00ean t\u1ea1i Anh v\u00e0o 9\/2019, cu\u1ed1n s\u00e1ch \u0111\u01b0\u1ee3c \u0111\u00e1nh gi\u00e1 l\u00e0 si\u00eau ph\u1ea9m s\u00e1ch \u0111\u1ea7u ti\u00ean v\u1ec1 v\u00f9ng c\u1ef1c b\u00ed \u1ea9n, \u0111\u1ea7y nguy hi\u1ec3m nh\u01b0ng v\u00f4 c\u00f9ng cu\u1ed1n h\u00fat. Ice &#8211; B\u0103ng l\u00e0 cu\u1ed1n b\u00e1ch khoa to\u00e0n th\u01b0 v\u1ec1 m\u1ed9t th\u1ebf gi\u1edbi k\u1ef3 v\u0129 \u0111ang d\u1ea7n d\u1ea7n bi\u1ebfn m\u1ea5t.<\/p>\n<p>\u0110\u1ed9c gi\u1ea3 s\u1ebd \u0111\u01b0\u1ee3c kh\u00e1m ph\u00e1 c\u00e1ch m\u00e0 \u0111\u1ed9ng v\u1eadt, th\u1ef1c v\u1eadt v\u00e0 c\u1ea3 con ng\u01b0\u1eddi sinh t\u1ed3n t\u1ea1i nh\u1eefng v\u01b0\u01a1ng qu\u1ed1c b\u0103ng gi\u00e1. B\u1ea1n c\u0169ng \u0111\u01b0\u1ee3c quan s\u00e1t qu\u00e1 tr\u00ecnh h\u00ecnh th\u00e0nh n\u00ean s\u00f4ng b\u0103ng, chi\u00eam ng\u01b0\u1ee1ng nh\u1eefng hang \u0111\u1ed9ng k\u1ef3 v\u0129 trong b\u0103ng, bi\u1ebft t\u1edbi h\u00e0ng tr\u0103m lo\u1ea1i b\u0103ng tuy\u1ebft kh\u00e1c nhau,&#8230;<\/p>\n<p>&#8211; \u0110\u01b0\u1ee3c DK gi\u1edbi thi\u1ec7u phi\u00ean b\u1ea3n \u0111\u1ea7u ti\u00ean v\u00e0o th\u00e1ng 9\/2019, cu\u1ed1n s\u00e1ch h\u00e9 l\u1ed9 nh\u1eefng h\u00ecnh \u1ea3nh tuy\u1ec7t \u0111\u1eb9p v\u1ec1 v\u00f9ng c\u1ef1c b\u00ed \u1ea9n, \u0111\u1ea7y hi\u1ec3m nguy nh\u01b0ng v\u00f4 c\u00f9ng cu\u1ed1n h\u00fat.<\/p>\n<p>&#8211; Cu\u1ed1n s\u00e1ch t\u1ef1a nh\u01b0 m\u1ed9t chuy\u1ebfn h\u00e0nh tr\u00ecnh tuy\u1ec7t v\u1eddi \u0111i qua c\u00e1c h\u1ec7 sinh th\u00e1i \u0111\u1eb9p \u0111\u1ebd nh\u1ea5t nh\u01b0ng c\u0169ng b\u00ed \u1ea9n nh\u1ea5t th\u1ebf gi\u1edbi. \u1ede \u0111\u00f3, \u0111\u1ed9c gi\u1ea3 s\u1ebd \u0111\u01b0\u1ee3c kh\u00e1m ph\u00e1 c\u00e1ch m\u00e0 \u0111\u1ed9ng v\u1eadt, th\u1ef1c v\u1eadt v\u00e0 c\u1ea3 con ng\u01b0\u1eddi sinh t\u1ed3n t\u1ea1i nh\u1eefng v\u01b0\u01a1ng qu\u1ed1c b\u0103ng gi\u00e1. B\u1ea1n c\u0169ng \u0111\u01b0\u1ee3c quan s\u00e1t qu\u00e1 tr\u00ecnh h\u00ecnh th\u00e0nh n\u00ean s\u00f4ng b\u0103ng, chi\u00eam ng\u01b0\u1ee1ng nh\u1eefng hang \u0111\u1ed9ng k\u1ef3 v\u0129 trong b\u0103ng\u2026<\/p>\n<p>&#8211; Bi\u1ebfn \u0111\u1ed5i kh\u00ed h\u1eadu khi\u1ebfn cho c\u00e1c v\u00f9ng c\u1ef1c tr\u1edf n\u00ean mong manh d\u1ec5 v\u1ee1. H\u00e0nh tinh c\u1ee7a ch\u00fang ta c\u00f3 nguy c\u01a1 m\u1ea5t \u0111i nh\u1eefng m\u00f4i tr\u01b0\u1eddng s\u1ed1ng qu\u00fd gi\u00e1, c\u0169ng nh\u01b0 c\u00e1c lo\u00e0i \u0111\u1ed9ng v\u1eadt coi n\u01a1i \u0111\u00f3 l\u00e0 nh\u00e0. Cu\u1ed1n s\u00e1ch l\u00e0 l\u1eddi gi\u1edbi thi\u1ec7u v\u1ec1 nh\u1eefng ng\u00f3c ng\u00e1ch tuy\u1ec7t v\u1eddi v\u00e0 si\u00eau \u0111\u1eb3ng nh\u1ea5t c\u1ee7a h\u00e0nh tinh Tr\u00e1i \u0110\u1ea5t, \u0111\u1ed3ng th\u1eddi s\u1ebd l\u00e0 ngu\u1ed3n c\u1ea3m h\u1ee9ng cho b\u1ea5t c\u1ee9 ai quan t\u00e2m t\u1edbi h\u00e0nh tinh n\u00e0y. Con ng\u01b0\u1eddi v\u00e0 v\u00f4 s\u1ed1 lo\u00e0i sinh v\u1eadt kh\u00e1c c\u1ea7n nh\u1eefng m\u00f4i tr\u01b0\u1eddng s\u1ed1ng k\u00ec l\u1ea1 n\u00e0y, v\u00e0 ch\u00fang ta v\u00e0 nh\u1eefng th\u1ebf h\u1ec7 t\u01b0\u01a1ng lai c\u1ea7n ph\u1ea3i h\u00e0nh \u0111\u1ed9ng \u0111\u1ec3 g\u00f3p ph\u1ea7n c\u1ee9u l\u1ea5y th\u1ebf gi\u1edbi b\u0103ng gi\u00e1 n\u00e0y.<\/p>\n<p>&#8211; Ice \u2013 B\u0103ng l\u00e0 cu\u1ed1n s\u00e1ch b\u00e1ch khoa tuy\u1ec7t \u0111\u1eb9p v\u1edbi 100% h\u00ecnh \u1ea3nh l\u00e0 \u1ea3nh ch\u1ee5p th\u1eadt, tr\u1ef1c quan nh\u01b0 \u0111\u01b0\u1ee3c t\u1eadn m\u1eaft t\u1edbi n\u01a1i n\u00e0y.<\/p>\n<p>&#8211; Ki\u1ebfn th\u1ee9c trong s\u00e1ch \u0111\u01b0\u1ee3c ki\u1ec3m \u0111\u1ecbnh v\u00e0 \u0111\u00e1ng tin c\u1eady, \u0111i k\u00e8m nh\u1eefng th\u00f4ng tin m\u1edbi nh\u1ea5t v\u00e0 \u0111\u01b0\u1ee3c h\u1ec7 th\u1ed1ng th\u00e0nh t\u1eebng ch\u1ee7 \u0111\u1ec1, \u0111i\u1ec1u \u00edt t\u00ecm th\u1ea5y tr\u00ean internet.<\/p>\n<p>&#8211; N\u1ed9i dung s\u00e1ch \u0111\u01b0\u1ee3c tr\u00ecnh b\u00e0y c\u1ef1c k\u1ef3 d\u1ec5 hi\u1ec3u nh\u01b0ng v\u1eabn \u0111\u1ee7 h\u1ea5p d\u1eabn \u0111\u1ed1i v\u1edbi c\u1ea3 \u0111\u1ed9c gi\u1ea3 nh\u1ecf tu\u1ed5i v\u00e0 ng\u01b0\u1eddi l\u1edbn.<\/p>\n<p>&#8211; Cu\u1ed1n s\u00e1ch bao g\u1ed3m b\u1ea3ng thu\u1eadt ng\u1eef ti\u1ec7n d\u1ee5ng v\u00e0 b\u1ea3ng ch\u00fa ch\u00fa d\u1eabn \u0111i k\u00e8m gi\u00fap \u0111\u1ed9c gi\u1ea3 hi\u1ec3u s\u00e2u h\u01a1n c\u00e1c kh\u00e1i ni\u1ec7m khoa h\u1ecdc \u0111\u01b0\u1ee3c nh\u1eafc t\u1edbi trong s\u00e1ch.<\/p>\n<p>Ngay b\u00e2y gi\u1edd, b\u1ea1n \u0111\u00e3 s\u1eb5n s\u00e0ng b\u01b0\u1edbc v\u00e0o h\u00e0nh tr\u00ecnh th\u00e1m hi\u1ec3m v\u00f9ng c\u1ef1c xuy\u00ean su\u1ed1t t\u1eeb k\u1ef7 b\u0103ng h\u00e0 \u0111\u1ebfn hi\u1ec7n t\u1ea1i bi\u1ebfn \u0111\u1ed5i kh\u00ed h\u1eadu ch\u01b0a?  <div class=\"banner-grid-wrapper\">\n  <div id=\"banner-grid-920365108\" class=\"banner-grid row row-grid row-small\" data-packery-options=\"\">\n            <style>\n    #banner-grid-920365108 .grid-col-1{height: 600px}\n    #banner-grid-920365108 .grid-col-1-2{height: 300px}\n    #banner-grid-920365108 .grid-col-1-3{height:200px}\n    #banner-grid-920365108 .grid-col-2-3{height: 400px}\n    #banner-grid-920365108 .grid-col-1-4{height: 150px}\n    #banner-grid-920365108 .grid-col-3-4{height: 450px}\n\n\n        \/* Tablet *\/\n    @media (max-width: 850px){\n      #banner-grid-920365108 .grid-col-1{height: 400px}\n      #banner-grid-920365108 .grid-col-1-2{height: 200px}\n      #banner-grid-920365108 .grid-col-1-3{height:133.33333333333px}\n      #banner-grid-920365108 .grid-col-2-3{height: 266.66666666667px}\n      #banner-grid-920365108 .grid-col-1-4{height: 100px}\n      #banner-grid-920365108 .grid-col-3-4{height: 300px}\n    }\n    \n        \/* Mobile *\/\n    @media (max-width: 550px){\n      #banner-grid-920365108 .grid-col-1{height: 400px}\n      #banner-grid-920365108 .grid-col-1-2{height: 200px}\n      #banner-grid-920365108 .grid-col-1-3{height:133.33333333333px}\n      #banner-grid-920365108 .grid-col-2-3{height: 266.66666666667px}\n      #banner-grid-920365108 .grid-col-1-4{height: 100px}\n      #banner-grid-920365108 .grid-col-3-4{height: 300px}\n    }\n    \n\n  <\/style>\n    <\/div>\n    <style>\n    #banner-grid-920365108 .grid-col-1{height: 600px}\n    #banner-grid-920365108 .grid-col-1-2{height: 300px}\n    #banner-grid-920365108 .grid-col-1-3{height:200px}\n    #banner-grid-920365108 .grid-col-2-3{height: 400px}\n    #banner-grid-920365108 .grid-col-1-4{height: 150px}\n    #banner-grid-920365108 .grid-col-3-4{height: 450px}\n\n\n    \n    \n\n  <\/style>\n    <\/div>\n  \n","protected":false},"excerpt":{"rendered":"<p>\u201cT\u00e1i ch\u1ebf\u201d, \u201ch\u1ea1n ch\u1ebf r\u00e1c th\u1ea3i\u201d, \u201cph\u00e2n lo\u1ea1i r\u00e1c\u201d, \u201cs\u1ed1ng xanh\u201d, \u201cb\u1ea3o v\u1ec7 m\u00f4i tr\u01b0\u1eddng\u201d\u2026 l\u00e0 nh\u1eefng c\u1ee5m t\u1eeb th\u01b0\u1eddng \u0111\u01b0\u1ee3c nh\u1eafc t\u1edbi tr\u00ean c\u00e1c ph\u01b0\u01a1ng ti\u1ec7n truy\u1ec1n th\u00f4ng v\u00e0 d\u1ea7n tr\u1edf n\u00ean quen thu\u1ed9c v\u1edbi ch\u00fang ta. Nh\u01b0ng t\u1eeb \u201cnghe quen\u201d t\u1edbi \u201ch\u00e0nh \u0111\u1ed9ng\u201d v\u00e0 tr\u1edf th\u00e0nh m\u1ed9t l\u1ed1i s\u1ed1ng th\u00ec l\u1ea1i l\u00e0 m\u1ed9t v\u1ea5n \u0111\u1ec1 kh\u00e1c c\u1ea7n b\u00e0n lu\u1eadn.<\/p>\n<p>L\u00e0m th\u1ebf n\u00e0o \u0111\u1ec3 b\u1eaft \u0111\u1ea7u n\u1ebfp s\u1ed1ng xanh, thay \u0111\u1ed5i c\u00e1ch s\u1ed1ng, g\u00f3p ph\u1ea7n chung tay c\u1ee9u l\u1ea5y h\u00e0nh tinh n\u00e0y v\u00e0 ch\u00ednh b\u1ea3n th\u00e2n m\u00ecnh c\u00f9ng nh\u1eefng ng\u01b0\u1eddi th\u00e2n y\u00eau. N\u00ean b\u1eaft \u0111\u1ea7u t\u1eeb \u0111\u00e2u gi\u1eefa bi\u1ec3n th\u00f4ng tin tr\u00e0n ng\u1eadp kh\u00f3 ki\u1ec3m ch\u1ee9ng?<\/p>\n<p>N\u1ebfu nh\u01b0 What a waste l\u00e0 m\u1ed9t cu\u1ed1n s\u00e1ch to\u00e0n di\u1ec7n v\u1ec1 r\u00e1c th\u1ea3i, t\u00e1i ch\u1ebf v\u1edbi c\u00e1c h\u01b0\u1edbng d\u1eabn s\u1ed1ng xanh c\u00f3 th\u1ec3 \u00e1p d\u1ee5ng h\u00e0ng ng\u00e0y th\u00ec Ice &#8211; B\u0103ng l\u1ea1i \u0111\u01b0\u1ee3c v\u00ed nh\u01b0 cu\u1ed1n b\u00e1ch khoa to\u00e0n th\u01b0 v\u1ec1 m\u1ed9t th\u1ebf gi\u1edbi k\u1ef3 v\u0129 \u0111ang d\u1ea7n bi\u1ebfn m\u1ea5t.<\/p>\n<p>Ra m\u1eaft phi\u00ean b\u1ea3n \u0111\u1ea7u ti\u00ean t\u1ea1i Anh v\u00e0o 9\/2019, cu\u1ed1n s\u00e1ch \u0111\u01b0\u1ee3c \u0111\u00e1nh gi\u00e1 l\u00e0 si\u00eau ph\u1ea9m s\u00e1ch \u0111\u1ea7u ti\u00ean v\u1ec1 v\u00f9ng c\u1ef1c b\u00ed \u1ea9n, \u0111\u1ea7y nguy hi\u1ec3m nh\u01b0ng v\u00f4 c\u00f9ng cu\u1ed1n h\u00fat. Ice &#8211; B\u0103ng l\u00e0 cu\u1ed1n b\u00e1ch khoa to\u00e0n th\u01b0 v\u1ec1 m\u1ed9t th\u1ebf gi\u1edbi k\u1ef3 v\u0129 \u0111ang d\u1ea7n d\u1ea7n bi\u1ebfn m\u1ea5t.<\/p>\n<p>\u0110\u1ed9c gi\u1ea3 s\u1ebd \u0111\u01b0\u1ee3c kh\u00e1m ph\u00e1 c\u00e1ch m\u00e0 \u0111\u1ed9ng v\u1eadt, th\u1ef1c v\u1eadt v\u00e0 c\u1ea3 con ng\u01b0\u1eddi sinh t\u1ed3n t\u1ea1i nh\u1eefng v\u01b0\u01a1ng qu\u1ed1c b\u0103ng gi\u00e1. B\u1ea1n c\u0169ng \u0111\u01b0\u1ee3c quan s\u00e1t qu\u00e1 tr\u00ecnh h\u00ecnh th\u00e0nh n\u00ean s\u00f4ng b\u0103ng, chi\u00eam ng\u01b0\u1ee1ng nh\u1eefng hang \u0111\u1ed9ng k\u1ef3 v\u0129 trong b\u0103ng, bi\u1ebft t\u1edbi h\u00e0ng tr\u0103m lo\u1ea1i b\u0103ng tuy\u1ebft kh\u00e1c nhau,&#8230;<\/p>\n","protected":false},"featured_media":2995,"template":"","meta":{"_acf_changed":false},"product_brand":[],"product_cat":[25,17,39,26],"product_tag":[],"class_list":{"0":"post-3006","1":"product","2":"type-product","3":"status-publish","4":"has-post-thumbnail","6":"product_cat-nhi-dong-6-tuoi-12-tuoi","7":"product_cat-sach-danh-cho-cac-be","8":"product_cat-sach-song-ngu-anh-viet","9":"product_cat-thieu-nien-11-tuoi-18-tuoi","11":"first","12":"outofstock","13":"taxable","14":"shipping-taxable","15":"purchasable","16":"product-type-simple"},"supplier_id":null,"supplier_sku":"","barcode":null,"atum_controlled":true,"out_stock_date":"2021-03-01 23:34:59","out_stock_threshold":null,"inheritable":false,"inbound_stock":0,"stock_on_hold":0,"sold_today":0,"sales_last_days":0,"reserved_stock":0,"customer_returns":0,"warehouse_damage":0,"lost_in_post":0,"other_logs":0,"out_stock_days":1793,"lost_sales":0,"has_location":false,"update_date":"2026-01-28T23:10:32","atum_locations":[],"atum_stock_status":"outofstock","restock_status":false,"low_stock_amount":"","sales_update_date":"2026-01-28T23:10:32","calc_backorders":null,"acf":{"publisher":{"ID":1470,"post_author":"2","post_date":"2021-02-17 01:12:47","post_date_gmt":"2021-02-16 23:12:47","post_content":"<!-- wp:flatsome\/uxbuilder -->\n<h1 style=\"text-align: center\"><strong>\u0110inh T\u1ecb<\/strong><\/h1>\n[row]\n\n[col span=\"4\" span__sm=\"12\"]\n\n[ux_image id=\"1831\" image_size=\"medium\"]\n\n\n[\/col]\n[col span=\"8\" span__sm=\"12\"]\n\n<p><strong>\u0110inh T\u1ecb Books - Ti\u00ean phong s\u00e1ng t\u1ea1o<\/strong><\/p>\n<p>Th\u00e0nh l\u1eadp n\u0103m 2006, t\u1edbi nay \u0110inh T\u1ecb Books \u0111\u01b0\u1ee3c \u0111\u00e1nh gi\u1ea3 l\u00e0 \u0111\u01a1n v\u1ecb xu\u1ea5t b\u1ea3n uy t\u00edn c\u00f3 t\u1ed1c \u0111\u1ed9 ph\u00e1t tri\u1ec3n nhanh nh\u1ea5t g\u1eafn v\u1edbi th\u00e0nh c\u00f4ng c\u1ee7a hai t\u1ee7 s\u00e1ch l\u1edbn: T\u1ee7 s\u00e1ch Thi\u1ebfu nhi - T\u1ee7 s\u00e1ch V\u0103n h\u1ecdc. Trong \u0111\u00f3 ph\u1ea3i k\u1ec3 t\u1edbi b\u01b0\u1edbc chuy\u1ec3n m\u00ecnh \u0111\u1ea7y \u1ea5n t\u01b0\u1ee3ng, tr\u1edf th\u00e0nh \u0111\u01a1n v\u1ecb ti\u00ean phong s\u00e1ng t\u1ea1o d\u00f2ng S\u00c1CH T\u01af\u01a0NG T\u00c1C thi\u1ebfu nhi. V\u1edbi h\u01a1n 300 t\u1ef1a s\u00e1ch t\u01b0\u01a1ng t\u00e1c \u0111ang l\u01b0u h\u00e0nh, \u0110inh T\u1ecb Books \u0111\u00e3 mang \u0111\u1ebfn nh\u1eefng gi\u00e1 tr\u1ecb tr\u1ea3i nghi\u1ec7m tuy\u1ec7t v\u1eddi, \u0111\u01b0a vi\u1ec7c h\u1ecdc v\u00e0 ch\u01a1i c\u00f9ng s\u00e1ch tr\u1edf n\u00ean hi\u1ec7u qu\u1ea3 h\u01a1n, gi\u00fap tr\u1ebb th\u00f4ng minh, t\u0103ng tr\u01b0\u1edfng c\u00e1c ch\u1ec9 s\u1ed1 IQ, EQ.<\/p>\n<p><strong>Th\u1ebf m\u1ea1nh c\u1ee7a \u0110inh T\u1ecb Books<\/strong><\/p>\n<p>V\u1edbi kinh nghi\u1ec7m nhi\u1ec1u n\u0103m trong ng\u00e0nh xu\u1ea5t b\u1ea3n, \u0110inh T\u1ecb Books tin r\u1eb1ng c\u00e1c b\u1eadc cha m\u1eb9 lu\u00f4n d\u00e0nh nh\u1eefng \u0111i\u1ec1u t\u1ed1t \u0111\u1eb9p nh\u1ea5t cho c\u00e1c con c\u1ee7a m\u00ecnh. \u0110\u1ecdc s\u00e1ch c\u00f9ng con lu\u00f4n l\u00e0 l\u1ef1a ch\u1ecdn h\u00e0ng \u0111\u1ea7u gi\u00fap g\u1eafn k\u1ebft t\u00ecnh y\u00eau th\u01b0\u01a1ng \u0111\u1ed3ng th\u1eddi gi\u00fap con nu\u00f4i d\u01b0\u1ee1ng ni\u1ec1m \u0111am m\u00ea v\u1edbi s\u00e1ch.<\/p>\n\n[\/col]\n\n[\/row]\n<p><strong>T\u00ecnh y\u00eau l\u1edbn d\u00e0nh cho nh\u1eefng cu\u1ed1n s\u00e1ch.<\/strong><\/p>\n<p>Xu\u1ea5t ph\u00e1t t\u1eeb t\u00ecnh y\u00eau v\u1edbi nh\u1eefng cu\u1ed1n s\u00e1ch, l\u00f2ng t\u1eadn t\u00e2m mu\u1ed1n g\u00ecn gi\u1eef nh\u1eefng gi\u00e1 tr\u1ecb v\u0103n h\u00f3a truy\u1ec1n th\u1ed1ng c\u1ee7a Vi\u1ec7t Nam, mong mu\u1ed1n \u0111\u01b0a nh\u1eefng gi\u00e1 tr\u1ecb \u0111\u1eadm ch\u1ea5t Vi\u1ec7t Nam \u0111\u1ebfn v\u1edbi tr\u1ebb em Vi\u1ec7t, c\u00e1c th\u00e0nh vi\u00ean s\u00e1ng t\u1ea1o c\u1ee7a \u0110inh T\u1ecb Books \u0111\u00e3 kh\u00f4ng ng\u1eebng n\u1ed7 l\u1ef1c, t\u00ecm t\u00f2i v\u00e0 h\u1ecdc h\u1ecfi, \u0111\u1ec3 \u0111\u01b0a nh\u1eefng cu\u1ed1n s\u00e1ch \u201c100% made in Vietnam\u201d \u0111\u1ebfn v\u1edbi tr\u1ebb em Vi\u1ec7t. C\u00e1c ki\u1ebfn th\u1ee9c b\u1ed5 \u00edch \u0111\u01b0\u1ee3c truy\u1ec1n t\u1ea3i th\u00f4ng qua nh\u1eefng t\u01b0\u01a1ng t\u00e1c th\u00fa v\u1ecb gi\u00fap tr\u1ebb nh\u1edb l\u00e2u h\u01a1n, h\u1ecdc t\u1ed1t h\u01a1n.<\/p>\n<p>Nh\u1eadn ra \u0111\u01b0\u1ee3c s\u1ee9 m\u1ec7nh v\u00e0 t\u1ea7m nh\u00ecn c\u1ee7a \u0110inh T\u1ecb, <strong>SACHVIET.EU<\/strong> \u0111\u00e3 li\u00ean l\u1ea1c v\u1edbi \u0110inh T\u1ecb \u0111\u1ec3 \u0111\u01b0\u1ee3c h\u1ed7 tr\u1ee3 \u0111\u01b0a nh\u1eefng cu\u1ed1n s\u00e1ch mang gi\u00e1 tr\u1ecb \u0111\u1eadm ch\u1ea5t Vi\u1ec7t Nam \u0111\u1ebfn v\u1edbi tr\u1ebb em Vi\u1ec7t v\u00e0 c\u1ed9ng \u0111\u1ed3ng Vi\u1ec7t s\u1ed1ng t\u1ea1i Ch\u00e2u \u00c2u. SACHVIET.EU \u0111\u1eb7t l\u00f2ng tin \u1edf \u0110inh T\u1ecb s\u1ebd lu\u00f4n \u0111em \u0111\u1ebfn nh\u1eefng gi\u00e1 tr\u1ecb cao qua t\u1eebng trang s\u00e1ch v\u00e0 hy v\u1ecdng \u0111\u1ed9c gi\u1ea3 s\u1ebd lu\u00f4n h\u00e0i l\u00f2ng v\u1edbi ch\u1ea5t l\u01b0\u1ee3ng m\u00e0 \u0110inh T\u1ecb theo \u0111u\u1ed5i bao n\u0103m qua.<\/p>\n\n<!-- \/wp:flatsome\/uxbuilder -->","post_title":"\u0110inh T\u1ecb","post_excerpt":"","post_status":"publish","comment_status":"closed","ping_status":"closed","post_password":"","post_name":"dinh-ti","to_ping":"","pinged":"","post_modified":"2022-12-19 23:15:43","post_modified_gmt":"2022-12-19 21:15:43","post_content_filtered":"","post_parent":0,"guid":"https:\/\/sachviet.eu\/nha-phat-hanh\/dinh-ti\/","menu_order":0,"post_type":"publisher","post_mime_type":"","comment_count":"0","filter":"raw"}},"_links":{"self":[{"href":"https:\/\/sachviet.eu\/en\/wp-json\/wp\/v2\/product\/3006","targetHints":{"allow":["GET"]}}],"collection":[{"href":"https:\/\/sachviet.eu\/en\/wp-json\/wp\/v2\/product"}],"about":[{"href":"https:\/\/sachviet.eu\/en\/wp-json\/wp\/v2\/types\/product"}],"wp:featuredmedia":[{"embeddable":true,"href":"https:\/\/sachviet.eu\/en\/wp-json\/wp\/v2\/media\/2995"}],"wp:attachment":[{"href":"https:\/\/sachviet.eu\/en\/wp-json\/wp\/v2\/media?parent=3006"}],"wp:term":[{"taxonomy":"product_brand","embeddable":true,"href":"https:\/\/sachviet.eu\/en\/wp-json\/wp\/v2\/product_brand?post=3006"},{"taxonomy":"product_cat","embeddable":true,"href":"https:\/\/sachviet.eu\/en\/wp-json\/wp\/v2\/product_cat?post=3006"},{"taxonomy":"product_tag","embeddable":true,"href":"https:\/\/sachviet.eu\/en\/wp-json\/wp\/v2\/product_tag?post=3006"}],"curies":[{"name":"wp","href":"https:\/\/api.w.org\/{rel}","templated":true}]}}