{"id":2982,"date":"2021-02-27T00:33:12","date_gmt":"2021-02-26T22:33:12","guid":{"rendered":"https:\/\/sachviet.eu\/shop\/lift-the-flap-lat-mo-kham-pha-the-enviroment-moi-truong-cua-chung-ta\/"},"modified":"2021-04-17T01:37:41","modified_gmt":"2021-04-16T22:37:41","slug":"lift-the-flap-lat-mo-kham-pha-the-enviroment-moi-truong-cua-chung-ta","status":"publish","type":"product","link":"https:\/\/sachviet.eu\/en\/shop\/lift-the-flap-lat-mo-kham-pha-the-enviroment-moi-truong-cua-chung-ta\/","title":{"rendered":"Lift &#8211; the &#8211; flap &#8211; L\u1eadt m\u1edf kh\u00e1m ph\u00e1 &#8211; The Enviroment &#8211; M\u00f4i tr\u01b0\u1eddng c\u1ee7a ch\u00fang ta"},"content":{"rendered":"<p>TH\u1eacT D\u1ec4 D\u00c0NG C\u00d9NG CON L\u00c0M QUEN V\u1edaI \u201cL\u1ed0I S\u1ed0NG XANH\u201d T\u1eea CU\u1ed0N S\u00c1CH N\u00c0Y<\/p>\n<p>B\u1ed1 m\u1eb9 v\u1eabn lu\u00f4n bi\u1ebft r\u1eb1ng nh\u1eefng em b\u00e9 c\u00f3 t\u00ecnh y\u00eau v\u1edbi thi\u00ean nhi\u00ean khi l\u1edbn l\u00ean s\u1ebd tr\u1edf th\u00e0nh nh\u1eefng ng\u01b0\u1eddi l\u1edbn gi\u00e0u t\u00ecnh c\u1ea3m. C\u0169ng nh\u01b0 vi\u1ec7c d\u1ea1y tr\u1ebb b\u1ea3o v\u1ec7 m\u00f4i tr\u01b0\u1eddng t\u1eeb nh\u1eefng h\u00e0nh \u0111\u1ed9ng nh\u1ecf m\u1ed7i ng\u00e0y s\u1ebd b\u1ed3i \u0111\u1eafp n\u00ean nh\u1eefng ng\u01b0\u1eddi l\u1edbn c\u00f3 \u00fd th\u1ee9c b\u1ea3o v\u1ec7 m\u00f4i tr\u01b0\u1eddng trong t\u01b0\u01a1ng lai.<\/p>\n<p>Thu\u1ed9c series s\u00e1ch t\u01b0\u01a1ng t\u00e1c \u201cL\u1eadt m\u1edf kh\u00e1m ph\u00e1\u201d cho tr\u1ebb 0-6 tu\u1ed5i b\u00e1n ch\u1ea1y nh\u1ea5t t\u1eeb 2017 \u0111\u1ebfn nay, Lift-the-flap M\u00f4i tr\u01b0\u1eddng c\u1ee7a ch\u00fang ta l\u00e0 cu\u1ed1n s\u00e1ch sinh \u0111\u1ed9ng v\u00e0 b\u1ed5 \u00edch v\u1ec1 ch\u1ee7 \u0111\u1ec1 m\u00f4i tr\u01b0\u1eddng m\u00e0 c\u00e1c gia \u0111\u00ecnh nh\u1ecf n\u00ean c\u00f3 trong t\u1ee7 s\u00e1ch c\u1ee7a m\u00ecnh.<\/p>\n<p>60 MI\u1ebeNG L\u1eacT M\u1ede trong s\u00e1ch l\u00e0 ngu\u1ed3n \u00fd t\u01b0\u1edfng d\u1ed3i d\u00e0o cho tr\u00f2 ch\u01a1i t\u01b0\u01a1ng t\u00e1c nh\u00f3m<\/p>\n<p>N\u1ed8I DUNG \u0110\u01af\u1ee2C TR\u00ccNH B\u00c0Y KHOA H\u1eccC, D\u1ec4 HI\u1ec2U gi\u00fap tr\u1ebb t\u00ecm hi\u1ec3u r\u00f5 r\u00e0ng v\u1ec1 m\u00f4i tr\u01b0\u1eddng v\u00e0 \u0111i t\u1edbi c\u00e1c ho\u1ea1t \u0111\u1ed9ng b\u1ea3o v\u1ec7 m\u00f4i tr\u01b0\u1eddng (h\u1ec7 sinh th\u00e1i nh\u01b0 th\u1ebf n\u00e0o, nguy\u00ean nh\u00e2n \u00f4 nhi\u1ec5m m\u00f4i tr\u01b0\u1eddng, ph\u00e2n lo\u1ea1i r\u00e1c th\u1ea3i \u0111\u00fang nh\u01b0 th\u1ebf n\u00e0o,&#8230;)<\/p>\n<p>K\u00cdCH TH\u00cdCH TR\u00cd T\u00d2 M\u00d2 t\u1ed1i \u0111a cho tr\u1ebb qua nh\u1eefng kh\u00e1m ph\u00e1 b\u1ea5t ng\u1edd d\u00e0nh cho tr\u1ebb \u1ea9n d\u01b0\u1edbi m\u1ed7i mi\u1ebfng l\u1eadt m\u1edf<\/p>\n<p>H\u00ccNH TH\u1ee8C SONG NG\u1eee ANH &#8211; VI\u1ec6T gi\u00fap tr\u1ebb l\u00e0m quen v\u1edbi c\u00e1c t\u1eeb v\u1ef1ng \u0111\u1ea7u ti\u00ean<\/p>\n<p>\u0110\u1ecdc m\u1ed9t cu\u1ed1n s\u00e1ch th\u00fa v\u1ecb v\u00e0 tr\u00f2 chuy\u1ec7n v\u1edbi tr\u1ebb l\u00e0 c\u00e1ch \u0111\u01a1n gi\u1ea3n m\u00e0 hi\u1ec7u qu\u1ea3 \u0111\u1ec3 c\u00e1c b\u1ea1n nh\u1ecf \u1edf l\u1ee9a tu\u1ed5i m\u1eabu gi\u00e1o c\u0169ng c\u00f3 th\u1ec3 \u00fd th\u1ee9c \u0111\u01b0\u1ee3c v\u1ec1 v\u1ea5n \u0111\u1ec1 m\u00f4i tr\u01b0\u1eddng t\u01b0\u1edfng ch\u1eebng \u201cto t\u00e1t\u201d. B\u00ean c\u1ea1nh \u0111\u00f3 nh\u1eefng ho\u1ea1t \u0111\u1ed9ng \u201cth\u1ef1c h\u00e0nh\u201d \u0111\u01a1n gi\u1ea3n nh\u01b0 tr\u1ed3ng c\u00e2y, ti\u1ebft ki\u1ec7m n\u01b0\u1edbc, t\u00e1i ch\u1ebf \u0111\u1ed3 v\u1eadt,&#8230; s\u1ebd khi\u1ebfn c\u00e1c b\u1ea1n nh\u1ecf h\u00e0o h\u1ee9ng h\u01a1n r\u1ea5t nhi\u1ec1u n\u1eefa \u0111\u1ea5y!<\/p>\n<p>H\u00e3y c\u00f9ng L\u1eacT M\u1ede \u0111\u1ec3 KH\u00c1M PH\u00c1 v\u1ec1 m\u00f4i tr\u01b0\u1eddng th\u00e2n y\u00eau c\u1ee7a ch\u00fang ta nh\u00e9<\/p>\n","protected":false},"excerpt":{"rendered":"<p>TH\u1eacT D\u1ec4 D\u00c0NG C\u00d9NG CON L\u00c0M QUEN V\u1edaI \u201cL\u1ed0I S\u1ed0NG XANH\u201d T\u1eea CU\u1ed0N S\u00c1CH N\u00c0Y<\/p>\n<p>B\u1ed1 m\u1eb9 v\u1eabn lu\u00f4n bi\u1ebft r\u1eb1ng nh\u1eefng em b\u00e9 c\u00f3 t\u00ecnh y\u00eau v\u1edbi thi\u00ean nhi\u00ean khi l\u1edbn l\u00ean s\u1ebd tr\u1edf th\u00e0nh nh\u1eefng ng\u01b0\u1eddi l\u1edbn gi\u00e0u t\u00ecnh c\u1ea3m. C\u0169ng nh\u01b0 vi\u1ec7c d\u1ea1y tr\u1ebb b\u1ea3o v\u1ec7 m\u00f4i tr\u01b0\u1eddng t\u1eeb nh\u1eefng h\u00e0nh \u0111\u1ed9ng nh\u1ecf m\u1ed7i ng\u00e0y s\u1ebd b\u1ed3i \u0111\u1eafp n\u00ean nh\u1eefng ng\u01b0\u1eddi l\u1edbn c\u00f3 \u00fd th\u1ee9c b\u1ea3o v\u1ec7 m\u00f4i tr\u01b0\u1eddng trong t\u01b0\u01a1ng lai.<\/p>\n<p>Thu\u1ed9c series s\u00e1ch t\u01b0\u01a1ng t\u00e1c \u201cL\u1eadt m\u1edf kh\u00e1m ph\u00e1\u201d cho tr\u1ebb 0-6 tu\u1ed5i b\u00e1n ch\u1ea1y nh\u1ea5t t\u1eeb 2019 \u0111\u1ebfn nay, Lift-the-flap M\u00f4i tr\u01b0\u1eddng c\u1ee7a ch\u00fang ta l\u00e0 cu\u1ed1n s\u00e1ch sinh \u0111\u1ed9ng v\u00e0 b\u1ed5 \u00edch v\u1ec1 ch\u1ee7 \u0111\u1ec1 m\u00f4i tr\u01b0\u1eddng m\u00e0 c\u00e1c gia \u0111\u00ecnh nh\u1ecf n\u00ean c\u00f3 trong t\u1ee7 s\u00e1ch c\u1ee7a m\u00ecnh.<\/p>\n","protected":false},"featured_media":2981,"template":"","meta":{"_acf_changed":false},"product_brand":[],"product_cat":[25,17,39,26],"product_tag":[],"class_list":{"0":"post-2982","1":"product","2":"type-product","3":"status-publish","4":"has-post-thumbnail","6":"product_cat-nhi-dong-6-tuoi-12-tuoi","7":"product_cat-sach-danh-cho-cac-be","8":"product_cat-sach-song-ngu-anh-viet","9":"product_cat-thieu-nien-11-tuoi-18-tuoi","11":"first","12":"outofstock","13":"taxable","14":"shipping-taxable","15":"purchasable","16":"product-type-simple"},"supplier_id":null,"supplier_sku":"","barcode":null,"atum_controlled":true,"out_stock_date":"2021-03-01 17:11:43","out_stock_threshold":null,"inheritable":false,"inbound_stock":0,"stock_on_hold":0,"sold_today":0,"sales_last_days":0,"reserved_stock":0,"customer_returns":0,"warehouse_damage":0,"lost_in_post":0,"other_logs":0,"out_stock_days":1794,"lost_sales":0,"has_location":false,"update_date":"2026-01-28T23:10:32","atum_locations":[],"atum_stock_status":"outofstock","restock_status":false,"low_stock_amount":"","sales_update_date":"2026-01-28T23:10:32","calc_backorders":null,"acf":{"publisher":{"ID":1470,"post_author":"2","post_date":"2021-02-17 01:12:47","post_date_gmt":"2021-02-16 23:12:47","post_content":"<!-- wp:flatsome\/uxbuilder -->\n<h1 style=\"text-align: center\"><strong>\u0110inh T\u1ecb<\/strong><\/h1>\n[row]\n\n[col span=\"4\" span__sm=\"12\"]\n\n[ux_image id=\"1831\" image_size=\"medium\"]\n\n\n[\/col]\n[col span=\"8\" span__sm=\"12\"]\n\n<p><strong>\u0110inh T\u1ecb Books - Ti\u00ean phong s\u00e1ng t\u1ea1o<\/strong><\/p>\n<p>Th\u00e0nh l\u1eadp n\u0103m 2006, t\u1edbi nay \u0110inh T\u1ecb Books \u0111\u01b0\u1ee3c \u0111\u00e1nh gi\u1ea3 l\u00e0 \u0111\u01a1n v\u1ecb xu\u1ea5t b\u1ea3n uy t\u00edn c\u00f3 t\u1ed1c \u0111\u1ed9 ph\u00e1t tri\u1ec3n nhanh nh\u1ea5t g\u1eafn v\u1edbi th\u00e0nh c\u00f4ng c\u1ee7a hai t\u1ee7 s\u00e1ch l\u1edbn: T\u1ee7 s\u00e1ch Thi\u1ebfu nhi - T\u1ee7 s\u00e1ch V\u0103n h\u1ecdc. Trong \u0111\u00f3 ph\u1ea3i k\u1ec3 t\u1edbi b\u01b0\u1edbc chuy\u1ec3n m\u00ecnh \u0111\u1ea7y \u1ea5n t\u01b0\u1ee3ng, tr\u1edf th\u00e0nh \u0111\u01a1n v\u1ecb ti\u00ean phong s\u00e1ng t\u1ea1o d\u00f2ng S\u00c1CH T\u01af\u01a0NG T\u00c1C thi\u1ebfu nhi. V\u1edbi h\u01a1n 300 t\u1ef1a s\u00e1ch t\u01b0\u01a1ng t\u00e1c \u0111ang l\u01b0u h\u00e0nh, \u0110inh T\u1ecb Books \u0111\u00e3 mang \u0111\u1ebfn nh\u1eefng gi\u00e1 tr\u1ecb tr\u1ea3i nghi\u1ec7m tuy\u1ec7t v\u1eddi, \u0111\u01b0a vi\u1ec7c h\u1ecdc v\u00e0 ch\u01a1i c\u00f9ng s\u00e1ch tr\u1edf n\u00ean hi\u1ec7u qu\u1ea3 h\u01a1n, gi\u00fap tr\u1ebb th\u00f4ng minh, t\u0103ng tr\u01b0\u1edfng c\u00e1c ch\u1ec9 s\u1ed1 IQ, EQ.<\/p>\n<p><strong>Th\u1ebf m\u1ea1nh c\u1ee7a \u0110inh T\u1ecb Books<\/strong><\/p>\n<p>V\u1edbi kinh nghi\u1ec7m nhi\u1ec1u n\u0103m trong ng\u00e0nh xu\u1ea5t b\u1ea3n, \u0110inh T\u1ecb Books tin r\u1eb1ng c\u00e1c b\u1eadc cha m\u1eb9 lu\u00f4n d\u00e0nh nh\u1eefng \u0111i\u1ec1u t\u1ed1t \u0111\u1eb9p nh\u1ea5t cho c\u00e1c con c\u1ee7a m\u00ecnh. \u0110\u1ecdc s\u00e1ch c\u00f9ng con lu\u00f4n l\u00e0 l\u1ef1a ch\u1ecdn h\u00e0ng \u0111\u1ea7u gi\u00fap g\u1eafn k\u1ebft t\u00ecnh y\u00eau th\u01b0\u01a1ng \u0111\u1ed3ng th\u1eddi gi\u00fap con nu\u00f4i d\u01b0\u1ee1ng ni\u1ec1m \u0111am m\u00ea v\u1edbi s\u00e1ch.<\/p>\n\n[\/col]\n\n[\/row]\n<p><strong>T\u00ecnh y\u00eau l\u1edbn d\u00e0nh cho nh\u1eefng cu\u1ed1n s\u00e1ch.<\/strong><\/p>\n<p>Xu\u1ea5t ph\u00e1t t\u1eeb t\u00ecnh y\u00eau v\u1edbi nh\u1eefng cu\u1ed1n s\u00e1ch, l\u00f2ng t\u1eadn t\u00e2m mu\u1ed1n g\u00ecn gi\u1eef nh\u1eefng gi\u00e1 tr\u1ecb v\u0103n h\u00f3a truy\u1ec1n th\u1ed1ng c\u1ee7a Vi\u1ec7t Nam, mong mu\u1ed1n \u0111\u01b0a nh\u1eefng gi\u00e1 tr\u1ecb \u0111\u1eadm ch\u1ea5t Vi\u1ec7t Nam \u0111\u1ebfn v\u1edbi tr\u1ebb em Vi\u1ec7t, c\u00e1c th\u00e0nh vi\u00ean s\u00e1ng t\u1ea1o c\u1ee7a \u0110inh T\u1ecb Books \u0111\u00e3 kh\u00f4ng ng\u1eebng n\u1ed7 l\u1ef1c, t\u00ecm t\u00f2i v\u00e0 h\u1ecdc h\u1ecfi, \u0111\u1ec3 \u0111\u01b0a nh\u1eefng cu\u1ed1n s\u00e1ch \u201c100% made in Vietnam\u201d \u0111\u1ebfn v\u1edbi tr\u1ebb em Vi\u1ec7t. C\u00e1c ki\u1ebfn th\u1ee9c b\u1ed5 \u00edch \u0111\u01b0\u1ee3c truy\u1ec1n t\u1ea3i th\u00f4ng qua nh\u1eefng t\u01b0\u01a1ng t\u00e1c th\u00fa v\u1ecb gi\u00fap tr\u1ebb nh\u1edb l\u00e2u h\u01a1n, h\u1ecdc t\u1ed1t h\u01a1n.<\/p>\n<p>Nh\u1eadn ra \u0111\u01b0\u1ee3c s\u1ee9 m\u1ec7nh v\u00e0 t\u1ea7m nh\u00ecn c\u1ee7a \u0110inh T\u1ecb, <strong>SACHVIET.EU<\/strong> \u0111\u00e3 li\u00ean l\u1ea1c v\u1edbi \u0110inh T\u1ecb \u0111\u1ec3 \u0111\u01b0\u1ee3c h\u1ed7 tr\u1ee3 \u0111\u01b0a nh\u1eefng cu\u1ed1n s\u00e1ch mang gi\u00e1 tr\u1ecb \u0111\u1eadm ch\u1ea5t Vi\u1ec7t Nam \u0111\u1ebfn v\u1edbi tr\u1ebb em Vi\u1ec7t v\u00e0 c\u1ed9ng \u0111\u1ed3ng Vi\u1ec7t s\u1ed1ng t\u1ea1i Ch\u00e2u \u00c2u. SACHVIET.EU \u0111\u1eb7t l\u00f2ng tin \u1edf \u0110inh T\u1ecb s\u1ebd lu\u00f4n \u0111em \u0111\u1ebfn nh\u1eefng gi\u00e1 tr\u1ecb cao qua t\u1eebng trang s\u00e1ch v\u00e0 hy v\u1ecdng \u0111\u1ed9c gi\u1ea3 s\u1ebd lu\u00f4n h\u00e0i l\u00f2ng v\u1edbi ch\u1ea5t l\u01b0\u1ee3ng m\u00e0 \u0110inh T\u1ecb theo \u0111u\u1ed5i bao n\u0103m qua.<\/p>\n\n<!-- \/wp:flatsome\/uxbuilder -->","post_title":"\u0110inh T\u1ecb","post_excerpt":"","post_status":"publish","comment_status":"closed","ping_status":"closed","post_password":"","post_name":"dinh-ti","to_ping":"","pinged":"","post_modified":"2022-12-19 23:15:43","post_modified_gmt":"2022-12-19 21:15:43","post_content_filtered":"","post_parent":0,"guid":"https:\/\/sachviet.eu\/nha-phat-hanh\/dinh-ti\/","menu_order":0,"post_type":"publisher","post_mime_type":"","comment_count":"0","filter":"raw"}},"_links":{"self":[{"href":"https:\/\/sachviet.eu\/en\/wp-json\/wp\/v2\/product\/2982","targetHints":{"allow":["GET"]}}],"collection":[{"href":"https:\/\/sachviet.eu\/en\/wp-json\/wp\/v2\/product"}],"about":[{"href":"https:\/\/sachviet.eu\/en\/wp-json\/wp\/v2\/types\/product"}],"wp:featuredmedia":[{"embeddable":true,"href":"https:\/\/sachviet.eu\/en\/wp-json\/wp\/v2\/media\/2981"}],"wp:attachment":[{"href":"https:\/\/sachviet.eu\/en\/wp-json\/wp\/v2\/media?parent=2982"}],"wp:term":[{"taxonomy":"product_brand","embeddable":true,"href":"https:\/\/sachviet.eu\/en\/wp-json\/wp\/v2\/product_brand?post=2982"},{"taxonomy":"product_cat","embeddable":true,"href":"https:\/\/sachviet.eu\/en\/wp-json\/wp\/v2\/product_cat?post=2982"},{"taxonomy":"product_tag","embeddable":true,"href":"https:\/\/sachviet.eu\/en\/wp-json\/wp\/v2\/product_tag?post=2982"}],"curies":[{"name":"wp","href":"https:\/\/api.w.org\/{rel}","templated":true}]}}