{"id":2980,"date":"2021-02-27T00:33:08","date_gmt":"2021-02-26T22:33:08","guid":{"rendered":"https:\/\/sachviet.eu\/shop\/lift-the-flap-lat-mo-kham-pha-planet-earth-trai-dat-cua-chung-ta\/"},"modified":"2021-06-06T21:04:43","modified_gmt":"2021-06-06T18:04:43","slug":"lift-the-flap-lat-mo-kham-pha-planet-earth-trai-dat-cua-chung-ta","status":"publish","type":"product","link":"https:\/\/sachviet.eu\/en\/shop\/lift-the-flap-lat-mo-kham-pha-planet-earth-trai-dat-cua-chung-ta\/","title":{"rendered":"Lift-The-Flap-L\u1eadt m\u1edf kh\u00e1m ph\u00e1 &#8211; Planet Earth &#8211; Tr\u00e1i \u0110\u1ea5t c\u1ee7a ch\u00fang ta"},"content":{"rendered":"<p>Tr\u00e1i \u0110\u1ea5t c\u00f3 ph\u1ea3i l\u00e0 m\u1ed9t kh\u1ed1i c\u1ea7u ho\u00e0n h\u1ea3o kh\u00f4ng?<\/p>\n<p>Tr\u00e1i \u0110\u1ea5t c\u00f3 c\u1ea5u t\u1ea1o ra sao nh\u1ec9?<\/p>\n<p>T\u1ea1i sao l\u1ea1i c\u00f3 m\u01b0a, gi\u00f3, b\u00e3o, l\u0169?<\/p>\n<p>Kh\u00ed h\u1eadu \u1edf B\u1eafc b\u00e1n c\u1ea7u v\u00e0 Nam b\u00e1n c\u1ea7u kh\u00e1c nhau nh\u01b0 th\u1ebf n\u00e0o?<\/p>\n<p>Tr\u00ean Tr\u00e1i \u0110\u1ea5t c\u00f3 t\u1ea5t c\u1ea3 bao nhi\u00eau ch\u00e2u l\u1ee5c?<\/p>\n<p>\u0110\u00e1p \u00e1n n\u1eb1m ngay trong nh\u1eefng mi\u1ebfng gh\u00e9p \u0111\u1ed9c \u0111\u00e1o c\u1ee7a cu\u1ed1n s\u00e1ch n\u00e0y! Em h\u00e3y M\u1ede cu\u1ed1n s\u00e1ch n\u00e0y ra r\u1ed3i L\u1eacT nh\u1eefng mi\u1ebfng gh\u00e9p l\u00ean \u0111\u1ec3 t\u00ecm hi\u1ec3u nh\u1eefng ki\u1ebfn th\u1ee9c th\u00fa v\u1ecb v\u1ec1 Tr\u00e1i \u0110\u1ea5t &#8211; h\u00e0nh tinh xanh xinh \u0111\u1eb9p c\u1ee7a ch\u00fang ta nh\u00e9!<\/p>\n<p>LIFT THE FLAP &#8211; L\u00c2\u0323T M\u01a0\u0309 KHA\u0301M PHA\u0301<\/p>\n<p>D\u00f2ng s\u00e1ch t\u01b0\u01a1ng t\u00e1c l\u1eadt m\u1edf v\u1ed1n \u0111\u01b0\u1ee3c thi\u1ebft k\u1ebf \u0111\u1ec3 d\u00e0nh ri\u00eang cho tr\u1ebb trong \u0111\u1ed9 tu\u1ed5i 0-6 b\u1edfi khi \u0111\u1ecdc, b\u00e9 \u0111\u01b0\u1ee3c k\u1ebft h\u1ee3p c\u00e1c gi\u00e1c quan kh\u00e1c nhau v\u00e0 t\u01b0 do thao t\u00e1c tr\u00ean t\u1eebng trang s\u00e1ch.<\/p>\n<p>C\u00f3 ba \u0111i\u1ec3m c\u1ed9ng \u1edf b\u1ed9 Lift-the-flap &#8211; L\u1eadt m\u1edf kh\u00e1m ph\u00e1 do DinhtiBooks ph\u00e1t h\u00e0nh, \u0111\u00f3 l\u00e0:<\/p>\n<p>B\u1ed8 S\u00c1CH 100% MADE IN VIETNAM<\/p>\n<p>Series s\u00e1ch L\u1eadt m\u1edf l\u00e0 series \u0111\u1eb7c bi\u1ec7t 100% do ekip \u0110inh T\u1ecb s\u00e1ng t\u1ea1o v\u00e0 thi\u1ebft k\u1ebf t\u1eeb n\u1ed9i dung \u0111\u1ebfn h\u00ecnh th\u1ee9c. S\u00e1ch chu\u1ea9n \u201cmade in Vietnam\u201d n\u00ean to\u00e0n b\u1ed9 t\u1eeb v\u1ef1ng, h\u00ecnh \u1ea3nh \u0111\u1ebfn c\u00e1ch ph\u1ed1i m\u00e0u, s\u1eafp \u0111\u1eb7t \u0111\u1ec1u r\u1ea5t g\u1ea7n g\u0169i, th\u00e2n thi\u1ec7n v\u1edbi tr\u1ebb em Vi\u1ec7t.<\/p>\n<p>T\u1eea V\u1ef0NG THEO CH\u1ee6 \u0110\u1ec0<\/p>\n<p>M\u1ed7i cu\u1ed1n s\u00e1ch l\u00e0 t\u1ed5ng h\u1ee3p 100 t\u1eeb v\u1ef1ng v\u1ec1 m\u1ed9t ch\u1ee7 \u0111\u1ec1 ri\u00eang bi\u1ec7t nh\u01b0: ph\u01b0\u01a1ng ti\u1ec7n giao th\u00f4ng, \u0111\u1ed9ng v\u1eadt, th\u1ef1c v\u1eadt, s\u1ed1 \u0111\u1ebfm,\u2026<\/p>\n<p>\u0110\u1eb7c bi\u1ec7t, chu\u1ed7i t\u1eeb v\u1ef1ng n\u00e0y s\u1ebd \u0111\u01b0\u1ee3c chia th\u00e0nh c\u00e1c nh\u00f3m nh\u1ecf v\u00e0 xu\u1ea5t hi\u1ec7n c\u00f9ng trong m\u1ed9t b\u1ee9c tranh \u0111\u1ec3 tr\u1ebb d\u1ec5 d\u00e0ng nh\u1eadn th\u1ea5y m\u1ed1i quan h\u1ec7 v\u00e0 c\u00e2u chuy\u1ec7n c\u1ee7a s\u1ef1 v\u1eadt. \u0110\u00e2y l\u00e0 \u0111i\u1ec3m m\u00e0 nh\u1eefng t\u1ea5m th\u1ebb flash card d\u1ea1y t\u1eeb kh\u00f4ng th\u1ec3 hi\u1ec7n \u0111\u01b0\u1ee3c.<\/p>\n<p>C\u00d3 \u0110\u1ebeN H\u01a0N 40 MI\u1ebeNG L\u1eacT C\u1ee8NG C\u00c1P TRONG S\u00c1CH<\/p>\n<p>Trang s\u00e1ch \u0111\u01b0\u1ee3c b\u1ed3i 3 l\u1edbp gi\u1ea5y Ivory d\u00e0y v\u1edbi c\u00e1c mi\u1ebfng l\u1eadt nhi\u1ec1u h\u00ecnh d\u1ea1ng s\u1ebd gi\u00fap b\u00e9 tho\u1ea3i m\u00e1i thao t\u00e1c tr\u00ean s\u00e1ch nhi\u1ec1u l\u1ea7n.<\/p>\n","protected":false},"excerpt":{"rendered":"<p>Tr\u00e1i \u0110\u1ea5t c\u00f3 ph\u1ea3i l\u00e0 m\u1ed9t kh\u1ed1i c\u1ea7u ho\u00e0n h\u1ea3o kh\u00f4ng?<\/p>\n<p>Tr\u00e1i \u0110\u1ea5t c\u00f3 c\u1ea5u t\u1ea1o ra sao nh\u1ec9?<\/p>\n<p>T\u1ea1i sao l\u1ea1i c\u00f3 m\u01b0a, gi\u00f3, b\u00e3o, l\u0169?<\/p>\n<p>Kh\u00ed h\u1eadu \u1edf B\u1eafc b\u00e1n c\u1ea7u v\u00e0 Nam b\u00e1n c\u1ea7u kh\u00e1c nhau nh\u01b0 th\u1ebf n\u00e0o?<\/p>\n<p>Tr\u00ean Tr\u00e1i \u0110\u1ea5t c\u00f3 t\u1ea5t c\u1ea3 bao nhi\u00eau ch\u00e2u l\u1ee5c?<\/p>\n<p>\u0110\u00e1p \u00e1n n\u1eb1m ngay trong nh\u1eefng mi\u1ebfng gh\u00e9p \u0111\u1ed9c \u0111\u00e1o c\u1ee7a cu\u1ed1n s\u00e1ch n\u00e0y! Em h\u00e3y M\u1ede cu\u1ed1n s\u00e1ch n\u00e0y ra r\u1ed3i L\u1eacT nh\u1eefng mi\u1ebfng gh\u00e9p l\u00ean \u0111\u1ec3 t\u00ecm hi\u1ec3u nh\u1eefng ki\u1ebfn th\u1ee9c th\u00fa v\u1ecb v\u1ec1 Tr\u00e1i \u0110\u1ea5t &#8211; h\u00e0nh tinh xanh xinh \u0111\u1eb9p c\u1ee7a ch\u00fang ta nh\u00e9!<\/p>\n","protected":false},"featured_media":2979,"template":"","meta":{"_acf_changed":false},"product_brand":[],"product_cat":[25,17,39,26],"product_tag":[],"class_list":{"0":"post-2980","1":"product","2":"type-product","3":"status-publish","4":"has-post-thumbnail","6":"product_cat-nhi-dong-6-tuoi-12-tuoi","7":"product_cat-sach-danh-cho-cac-be","8":"product_cat-sach-song-ngu-anh-viet","9":"product_cat-thieu-nien-11-tuoi-18-tuoi","11":"first","12":"outofstock","13":"taxable","14":"shipping-taxable","15":"purchasable","16":"product-type-simple"},"supplier_id":null,"supplier_sku":"","barcode":null,"atum_controlled":true,"out_stock_date":"2021-06-06 18:04:43","out_stock_threshold":null,"inheritable":false,"inbound_stock":0,"stock_on_hold":0,"sold_today":0,"sales_last_days":0,"reserved_stock":0,"customer_returns":0,"warehouse_damage":0,"lost_in_post":0,"other_logs":0,"out_stock_days":1697,"lost_sales":0,"has_location":false,"update_date":"2026-01-28T23:10:32","atum_locations":[],"atum_stock_status":"outofstock","restock_status":false,"low_stock_amount":"","sales_update_date":"2026-01-28T23:10:32","calc_backorders":null,"acf":{"publisher":{"ID":1470,"post_author":"2","post_date":"2021-02-17 01:12:47","post_date_gmt":"2021-02-16 23:12:47","post_content":"<!-- wp:flatsome\/uxbuilder -->\n<h1 style=\"text-align: center\"><strong>\u0110inh T\u1ecb<\/strong><\/h1>\n[row]\n\n[col span=\"4\" span__sm=\"12\"]\n\n[ux_image id=\"1831\" image_size=\"medium\"]\n\n\n[\/col]\n[col span=\"8\" span__sm=\"12\"]\n\n<p><strong>\u0110inh T\u1ecb Books - Ti\u00ean phong s\u00e1ng t\u1ea1o<\/strong><\/p>\n<p>Th\u00e0nh l\u1eadp n\u0103m 2006, t\u1edbi nay \u0110inh T\u1ecb Books \u0111\u01b0\u1ee3c \u0111\u00e1nh gi\u1ea3 l\u00e0 \u0111\u01a1n v\u1ecb xu\u1ea5t b\u1ea3n uy t\u00edn c\u00f3 t\u1ed1c \u0111\u1ed9 ph\u00e1t tri\u1ec3n nhanh nh\u1ea5t g\u1eafn v\u1edbi th\u00e0nh c\u00f4ng c\u1ee7a hai t\u1ee7 s\u00e1ch l\u1edbn: T\u1ee7 s\u00e1ch Thi\u1ebfu nhi - T\u1ee7 s\u00e1ch V\u0103n h\u1ecdc. Trong \u0111\u00f3 ph\u1ea3i k\u1ec3 t\u1edbi b\u01b0\u1edbc chuy\u1ec3n m\u00ecnh \u0111\u1ea7y \u1ea5n t\u01b0\u1ee3ng, tr\u1edf th\u00e0nh \u0111\u01a1n v\u1ecb ti\u00ean phong s\u00e1ng t\u1ea1o d\u00f2ng S\u00c1CH T\u01af\u01a0NG T\u00c1C thi\u1ebfu nhi. V\u1edbi h\u01a1n 300 t\u1ef1a s\u00e1ch t\u01b0\u01a1ng t\u00e1c \u0111ang l\u01b0u h\u00e0nh, \u0110inh T\u1ecb Books \u0111\u00e3 mang \u0111\u1ebfn nh\u1eefng gi\u00e1 tr\u1ecb tr\u1ea3i nghi\u1ec7m tuy\u1ec7t v\u1eddi, \u0111\u01b0a vi\u1ec7c h\u1ecdc v\u00e0 ch\u01a1i c\u00f9ng s\u00e1ch tr\u1edf n\u00ean hi\u1ec7u qu\u1ea3 h\u01a1n, gi\u00fap tr\u1ebb th\u00f4ng minh, t\u0103ng tr\u01b0\u1edfng c\u00e1c ch\u1ec9 s\u1ed1 IQ, EQ.<\/p>\n<p><strong>Th\u1ebf m\u1ea1nh c\u1ee7a \u0110inh T\u1ecb Books<\/strong><\/p>\n<p>V\u1edbi kinh nghi\u1ec7m nhi\u1ec1u n\u0103m trong ng\u00e0nh xu\u1ea5t b\u1ea3n, \u0110inh T\u1ecb Books tin r\u1eb1ng c\u00e1c b\u1eadc cha m\u1eb9 lu\u00f4n d\u00e0nh nh\u1eefng \u0111i\u1ec1u t\u1ed1t \u0111\u1eb9p nh\u1ea5t cho c\u00e1c con c\u1ee7a m\u00ecnh. \u0110\u1ecdc s\u00e1ch c\u00f9ng con lu\u00f4n l\u00e0 l\u1ef1a ch\u1ecdn h\u00e0ng \u0111\u1ea7u gi\u00fap g\u1eafn k\u1ebft t\u00ecnh y\u00eau th\u01b0\u01a1ng \u0111\u1ed3ng th\u1eddi gi\u00fap con nu\u00f4i d\u01b0\u1ee1ng ni\u1ec1m \u0111am m\u00ea v\u1edbi s\u00e1ch.<\/p>\n\n[\/col]\n\n[\/row]\n<p><strong>T\u00ecnh y\u00eau l\u1edbn d\u00e0nh cho nh\u1eefng cu\u1ed1n s\u00e1ch.<\/strong><\/p>\n<p>Xu\u1ea5t ph\u00e1t t\u1eeb t\u00ecnh y\u00eau v\u1edbi nh\u1eefng cu\u1ed1n s\u00e1ch, l\u00f2ng t\u1eadn t\u00e2m mu\u1ed1n g\u00ecn gi\u1eef nh\u1eefng gi\u00e1 tr\u1ecb v\u0103n h\u00f3a truy\u1ec1n th\u1ed1ng c\u1ee7a Vi\u1ec7t Nam, mong mu\u1ed1n \u0111\u01b0a nh\u1eefng gi\u00e1 tr\u1ecb \u0111\u1eadm ch\u1ea5t Vi\u1ec7t Nam \u0111\u1ebfn v\u1edbi tr\u1ebb em Vi\u1ec7t, c\u00e1c th\u00e0nh vi\u00ean s\u00e1ng t\u1ea1o c\u1ee7a \u0110inh T\u1ecb Books \u0111\u00e3 kh\u00f4ng ng\u1eebng n\u1ed7 l\u1ef1c, t\u00ecm t\u00f2i v\u00e0 h\u1ecdc h\u1ecfi, \u0111\u1ec3 \u0111\u01b0a nh\u1eefng cu\u1ed1n s\u00e1ch \u201c100% made in Vietnam\u201d \u0111\u1ebfn v\u1edbi tr\u1ebb em Vi\u1ec7t. C\u00e1c ki\u1ebfn th\u1ee9c b\u1ed5 \u00edch \u0111\u01b0\u1ee3c truy\u1ec1n t\u1ea3i th\u00f4ng qua nh\u1eefng t\u01b0\u01a1ng t\u00e1c th\u00fa v\u1ecb gi\u00fap tr\u1ebb nh\u1edb l\u00e2u h\u01a1n, h\u1ecdc t\u1ed1t h\u01a1n.<\/p>\n<p>Nh\u1eadn ra \u0111\u01b0\u1ee3c s\u1ee9 m\u1ec7nh v\u00e0 t\u1ea7m nh\u00ecn c\u1ee7a \u0110inh T\u1ecb, <strong>SACHVIET.EU<\/strong> \u0111\u00e3 li\u00ean l\u1ea1c v\u1edbi \u0110inh T\u1ecb \u0111\u1ec3 \u0111\u01b0\u1ee3c h\u1ed7 tr\u1ee3 \u0111\u01b0a nh\u1eefng cu\u1ed1n s\u00e1ch mang gi\u00e1 tr\u1ecb \u0111\u1eadm ch\u1ea5t Vi\u1ec7t Nam \u0111\u1ebfn v\u1edbi tr\u1ebb em Vi\u1ec7t v\u00e0 c\u1ed9ng \u0111\u1ed3ng Vi\u1ec7t s\u1ed1ng t\u1ea1i Ch\u00e2u \u00c2u. SACHVIET.EU \u0111\u1eb7t l\u00f2ng tin \u1edf \u0110inh T\u1ecb s\u1ebd lu\u00f4n \u0111em \u0111\u1ebfn nh\u1eefng gi\u00e1 tr\u1ecb cao qua t\u1eebng trang s\u00e1ch v\u00e0 hy v\u1ecdng \u0111\u1ed9c gi\u1ea3 s\u1ebd lu\u00f4n h\u00e0i l\u00f2ng v\u1edbi ch\u1ea5t l\u01b0\u1ee3ng m\u00e0 \u0110inh T\u1ecb theo \u0111u\u1ed5i bao n\u0103m qua.<\/p>\n\n<!-- \/wp:flatsome\/uxbuilder -->","post_title":"\u0110inh T\u1ecb","post_excerpt":"","post_status":"publish","comment_status":"closed","ping_status":"closed","post_password":"","post_name":"dinh-ti","to_ping":"","pinged":"","post_modified":"2022-12-19 23:15:43","post_modified_gmt":"2022-12-19 21:15:43","post_content_filtered":"","post_parent":0,"guid":"https:\/\/sachviet.eu\/nha-phat-hanh\/dinh-ti\/","menu_order":0,"post_type":"publisher","post_mime_type":"","comment_count":"0","filter":"raw"}},"_links":{"self":[{"href":"https:\/\/sachviet.eu\/en\/wp-json\/wp\/v2\/product\/2980","targetHints":{"allow":["GET"]}}],"collection":[{"href":"https:\/\/sachviet.eu\/en\/wp-json\/wp\/v2\/product"}],"about":[{"href":"https:\/\/sachviet.eu\/en\/wp-json\/wp\/v2\/types\/product"}],"wp:featuredmedia":[{"embeddable":true,"href":"https:\/\/sachviet.eu\/en\/wp-json\/wp\/v2\/media\/2979"}],"wp:attachment":[{"href":"https:\/\/sachviet.eu\/en\/wp-json\/wp\/v2\/media?parent=2980"}],"wp:term":[{"taxonomy":"product_brand","embeddable":true,"href":"https:\/\/sachviet.eu\/en\/wp-json\/wp\/v2\/product_brand?post=2980"},{"taxonomy":"product_cat","embeddable":true,"href":"https:\/\/sachviet.eu\/en\/wp-json\/wp\/v2\/product_cat?post=2980"},{"taxonomy":"product_tag","embeddable":true,"href":"https:\/\/sachviet.eu\/en\/wp-json\/wp\/v2\/product_tag?post=2980"}],"curies":[{"name":"wp","href":"https:\/\/api.w.org\/{rel}","templated":true}]}}