{"id":2978,"date":"2021-02-27T00:33:02","date_gmt":"2021-02-26T22:33:02","guid":{"rendered":"https:\/\/sachviet.eu\/shop\/lift-the-flap-lat-mo-kham-pha-the-human-body-co-the-nguoi\/"},"modified":"2021-04-17T01:36:44","modified_gmt":"2021-04-16T22:36:44","slug":"lift-the-flap-lat-mo-kham-pha-the-human-body-co-the-nguoi","status":"publish","type":"product","link":"https:\/\/sachviet.eu\/en\/shop\/lift-the-flap-lat-mo-kham-pha-the-human-body-co-the-nguoi\/","title":{"rendered":"Lift-The-Flap &#8211; L\u1eadt m\u1edf kh\u00e1m ph\u00e1 &#8211; The Human Body &#8211; C\u01a1 th\u1ec3 ng\u01b0\u1eddi"},"content":{"rendered":"<p>L\u1eadt! L\u1eadt! L\u1eadt! B\u1ea5t ng\u1edd th\u1eadt!<\/p>\n<p>B\u1ed9 s\u00e1ch Lift-the- flap \u2013 L\u1eadt m\u1edf kh\u00e1m ph\u00e1 th\u1ebf gi\u1edbi l\u00e0 b\u1ed9 s\u00e1ch t\u01b0\u01a1ng t\u00e1c v\u1edbi nhi\u1ec1u ch\u1ee7 \u0111\u1ec1: t\u1eeb v\u1ef1ng v\u1ec1 th\u1ebf gi\u1edbi quanh em, s\u1ed1 \u0111\u1ebfm, b\u1ea3ng ch\u1eef c\u00e1i, \u0111\u1ed9ng v\u1eadt, ph\u01b0\u01a1ng ti\u1ec7n giao th\u00f4ng,&#8230;d\u00e0nh cho b\u00e9 1-6 tu\u1ed5i.<\/p>\n<p>\u0110i\u1ec3m \u0111\u1eb7c bi\u1ec7t c\u1ee7a cu\u1ed1n s\u00e1ch l\u00e0 t\u1ea5t c\u1ea3 c\u00e1c t\u1eeb v\u1ef1ng \u0111\u1ec1u \u0111\u01b0\u1ee3c gi\u1edbi thi\u1ec7u song ng\u1eef Vi\u1ec7t &#8211; Anh qua nh\u1eefng h\u00ecnh \u1ea3nh \u0111\u1ea7y m\u00e0u s\u1eafc v\u00e0 xu\u1ea5t hi\u1ec7n \u0111\u1ea7y b\u1ea5t ng\u1edd qua t\u1eebng mi\u1ebfng l\u1eadt m\u1edf v\u1edbi \u0111\u1ee7 h\u00ecnh d\u1ea1ng kh\u00e1c nhau. Cu\u1ed1n s\u00e1ch l\u1eadt m\u1edf l\u00e0 h\u00ecnh th\u1ee9c s\u00e1ch tranh m\u1edbi m\u1ebb v\u1edbi nh\u1eefng \u01b0u \u0111i\u1ec3m \u0111\u1eb7c bi\u1ec7t gi\u00fap b\u00e9 ghi nh\u1edb t\u1eeb m\u1edbi nhanh ch\u00f3ng, \u0111\u1ed3ng th\u1eddi gi\u00fap t\u0103ng th\u00eam kh\u1ea3 n\u0103ng t\u01b0\u1edfng t\u01b0\u1ee3ng c\u1ee7a b\u00e9 qua c\u00e1c h\u00ecnh \u1ea3nh ch\u00e2n th\u1ef1c c\u1ee7a t\u1eebng mi\u1ebfng l\u1eadt m\u1edf 2D.<\/p>\n<p>M\u1eb7c d\u00f9 l\u00e0 m\u1ed9t d\u00f2ng s\u00e1ch r\u1ea5t ph\u1ed5 bi\u1ebfn \u0111\u1ed1i v\u1edbi tr\u1ebb em m\u1ea7m non v\u00e0 ti\u1ec3u h\u1ecdc \u1edf c\u00e1c qu\u1ed1c gia ph\u00e1t tri\u1ec3n nh\u01b0ng \u1edf Vi\u1ec7t Nam, c\u00e1c cu\u1ed1n s\u00e1ch Lift-the- flap c\u00f2n r\u1ea5t h\u1ea1n ch\u1ebf. Cu\u1ed1n s\u00e1ch 100 t\u1eeb m\u1edbi \u0111\u1ea7u ti\u00ean v\u1ec1 th\u1ebf gi\u1edbi quanh em l\u00e0 m\u1ed9t trong nh\u1eefng cu\u1ed1n s\u00e1ch l\u1eadt m\u1edf kh\u1ed5 l\u1edbn \u0111\u1ea7u ti\u00ean \u0111\u01b0\u1ee3c bi\u00ean so\u1ea1n v\u00e0 xu\u1ea5t b\u1ea3n \u1edf Vi\u1ec7t Nam v\u1edbi n\u1ed9i dung \u0111\u01b0\u1ee3c Vi\u1ec7t h\u00f3a cho ph\u00f9 h\u1ee3p v\u1edbi v\u0103n h\u00f3a, ng\u00f4n ng\u1eef Vi\u1ec7t.<\/p>\n<p>M\u1ed7i trang s\u00e1ch \u0111\u1ec1u \u0111\u01b0\u1ee3c b\u1ed3i gi\u1ea5y c\u1ee9ng v\u1edbi \u0111\u1ed9 d\u00e0y t\u01b0\u01a1ng \u0111\u01b0\u01a1ng 1 cu\u1ed1n t\u1ea1p ch\u00ed 50 trang v\u00e0 40 mi\u1ebfng l\u1eadt m\u1edf \u0111\u01b0\u1ee3c thi\u1ebft k\u1ebf \u1edf nh\u1eefng v\u1ecb tr\u00ed v\u00e0 g\u00f3c l\u1eadt \u0111a d\u1ea1ng, v\u00e0 thu\u1eadn v\u1edbi h\u01b0\u1edbng tay m\u1edf c\u1ee7a b\u00e9.  <div class=\"banner-grid-wrapper\">\n  <div id=\"banner-grid-383574257\" class=\"banner-grid row row-grid row-small\" data-packery-options=\"\">\n            <style>\n    #banner-grid-383574257 .grid-col-1{height: 600px}\n    #banner-grid-383574257 .grid-col-1-2{height: 300px}\n    #banner-grid-383574257 .grid-col-1-3{height:200px}\n    #banner-grid-383574257 .grid-col-2-3{height: 400px}\n    #banner-grid-383574257 .grid-col-1-4{height: 150px}\n    #banner-grid-383574257 .grid-col-3-4{height: 450px}\n\n\n        \/* Tablet *\/\n    @media (max-width: 850px){\n      #banner-grid-383574257 .grid-col-1{height: 400px}\n      #banner-grid-383574257 .grid-col-1-2{height: 200px}\n      #banner-grid-383574257 .grid-col-1-3{height:133.33333333333px}\n      #banner-grid-383574257 .grid-col-2-3{height: 266.66666666667px}\n      #banner-grid-383574257 .grid-col-1-4{height: 100px}\n      #banner-grid-383574257 .grid-col-3-4{height: 300px}\n    }\n    \n        \/* Mobile *\/\n    @media (max-width: 550px){\n      #banner-grid-383574257 .grid-col-1{height: 400px}\n      #banner-grid-383574257 .grid-col-1-2{height: 200px}\n      #banner-grid-383574257 .grid-col-1-3{height:133.33333333333px}\n      #banner-grid-383574257 .grid-col-2-3{height: 266.66666666667px}\n      #banner-grid-383574257 .grid-col-1-4{height: 100px}\n      #banner-grid-383574257 .grid-col-3-4{height: 300px}\n    }\n    \n\n  <\/style>\n    <\/div>\n    <style>\n    #banner-grid-383574257 .grid-col-1{height: 600px}\n    #banner-grid-383574257 .grid-col-1-2{height: 300px}\n    #banner-grid-383574257 .grid-col-1-3{height:200px}\n    #banner-grid-383574257 .grid-col-2-3{height: 400px}\n    #banner-grid-383574257 .grid-col-1-4{height: 150px}\n    #banner-grid-383574257 .grid-col-3-4{height: 450px}\n\n\n    \n    \n\n  <\/style>\n    <\/div>\n  \n","protected":false},"excerpt":{"rendered":"<p>L\u1eadt! L\u1eadt! L\u1eadt! B\u1ea5t ng\u1edd th\u1eadt!<\/p>\n<p>B\u1ed9 s\u00e1ch Lift-the- flap \u2013 L\u1eadt m\u1edf kh\u00e1m ph\u00e1 th\u1ebf gi\u1edbi l\u00e0 b\u1ed9 s\u00e1ch t\u01b0\u01a1ng t\u00e1c v\u1edbi nhi\u1ec1u ch\u1ee7 \u0111\u1ec1: t\u1eeb v\u1ef1ng v\u1ec1 th\u1ebf gi\u1edbi quanh em, s\u1ed1 \u0111\u1ebfm, b\u1ea3ng ch\u1eef c\u00e1i, \u0111\u1ed9ng v\u1eadt, ph\u01b0\u01a1ng ti\u1ec7n giao th\u00f4ng,&#8230;d\u00e0nh cho b\u00e9 1-6 tu\u1ed5i.<\/p>\n<p>\u0110i\u1ec3m \u0111\u1eb7c bi\u1ec7t c\u1ee7a cu\u1ed1n s\u00e1ch l\u00e0 t\u1ea5t c\u1ea3 c\u00e1c t\u1eeb v\u1ef1ng \u0111\u1ec1u \u0111\u01b0\u1ee3c gi\u1edbi thi\u1ec7u song ng\u1eef Vi\u1ec7t &#8211; Anh qua nh\u1eefng h\u00ecnh \u1ea3nh \u0111\u1ea7y m\u00e0u s\u1eafc v\u00e0 xu\u1ea5t hi\u1ec7n \u0111\u1ea7y b\u1ea5t ng\u1edd qua t\u1eebng mi\u1ebfng l\u1eadt m\u1edf v\u1edbi \u0111\u1ee7 h\u00ecnh d\u1ea1ng kh\u00e1c nhau. Cu\u1ed1n s\u00e1ch l\u1eadt m\u1edf l\u00e0 h\u00ecnh th\u1ee9c s\u00e1ch tranh m\u1edbi m\u1ebb v\u1edbi nh\u1eefng \u01b0u \u0111i\u1ec3m \u0111\u1eb7c bi\u1ec7t gi\u00fap b\u00e9 ghi nh\u1edb t\u1eeb m\u1edbi nhanh ch\u00f3ng, \u0111\u1ed3ng th\u1eddi gi\u00fap t\u0103ng th\u00eam kh\u1ea3 n\u0103ng t\u01b0\u1edfng t\u01b0\u1ee3ng c\u1ee7a b\u00e9 qua c\u00e1c h\u00ecnh \u1ea3nh ch\u00e2n th\u1ef1c c\u1ee7a t\u1eebng mi\u1ebfng l\u1eadt m\u1edf 2D.<\/p>\n<p>M\u1eb7c d\u00f9 l\u00e0 m\u1ed9t d\u00f2ng s\u00e1ch r\u1ea5t ph\u1ed5 bi\u1ebfn \u0111\u1ed1i v\u1edbi tr\u1ebb em m\u1ea7m non v\u00e0 ti\u1ec3u h\u1ecdc \u1edf c\u00e1c qu\u1ed1c gia ph\u00e1t tri\u1ec3n nh\u01b0ng \u1edf Vi\u1ec7t Nam, c\u00e1c cu\u1ed1n s\u00e1ch Lift-the- flap c\u00f2n r\u1ea5t h\u1ea1n ch\u1ebf. Cu\u1ed1n s\u00e1ch 100 t\u1eeb m\u1edbi \u0111\u1ea7u ti\u00ean v\u1ec1 th\u1ebf gi\u1edbi quanh em l\u00e0 m\u1ed9t trong nh\u1eefng cu\u1ed1n s\u00e1ch l\u1eadt m\u1edf kh\u1ed5 l\u1edbn \u0111\u1ea7u ti\u00ean \u0111\u01b0\u1ee3c bi\u00ean so\u1ea1n v\u00e0 xu\u1ea5t b\u1ea3n \u1edf Vi\u1ec7t Nam v\u1edbi n\u1ed9i dung \u0111\u01b0\u1ee3c Vi\u1ec7t h\u00f3a cho ph\u00f9 h\u1ee3p v\u1edbi v\u0103n h\u00f3a, ng\u00f4n ng\u1eef Vi\u1ec7t.<\/p>\n<p>M\u1ed7i trang s\u00e1ch \u0111\u1ec1u \u0111\u01b0\u1ee3c b\u1ed3i gi\u1ea5y c\u1ee9ng v\u1edbi \u0111\u1ed9 d\u00e0y t\u01b0\u01a1ng \u0111\u01b0\u01a1ng 1 cu\u1ed1n t\u1ea1p ch\u00ed 50 trang v\u00e0 40 mi\u1ebfng l\u1eadt m\u1edf \u0111\u01b0\u1ee3c thi\u1ebft k\u1ebf \u1edf nh\u1eefng v\u1ecb tr\u00ed v\u00e0 g\u00f3c l\u1eadt \u0111a d\u1ea1ng, v\u00e0 thu\u1eadn v\u1edbi h\u01b0\u1edbng tay m\u1edf c\u1ee7a b\u00e9.<\/p>\n","protected":false},"featured_media":2967,"template":"","meta":{"_acf_changed":false},"product_brand":[],"product_cat":[25,17,39,26],"product_tag":[],"class_list":{"0":"post-2978","1":"product","2":"type-product","3":"status-publish","4":"has-post-thumbnail","6":"product_cat-nhi-dong-6-tuoi-12-tuoi","7":"product_cat-sach-danh-cho-cac-be","8":"product_cat-sach-song-ngu-anh-viet","9":"product_cat-thieu-nien-11-tuoi-18-tuoi","11":"first","12":"outofstock","13":"taxable","14":"shipping-taxable","15":"purchasable","16":"product-type-simple"},"supplier_id":null,"supplier_sku":"","barcode":null,"atum_controlled":true,"out_stock_date":"2021-03-01 17:13:51","out_stock_threshold":null,"inheritable":false,"inbound_stock":0,"stock_on_hold":0,"sold_today":0,"sales_last_days":0,"reserved_stock":0,"customer_returns":0,"warehouse_damage":0,"lost_in_post":0,"other_logs":0,"out_stock_days":1794,"lost_sales":0,"has_location":false,"update_date":"2026-01-28T23:10:32","atum_locations":[],"atum_stock_status":"outofstock","restock_status":false,"low_stock_amount":"","sales_update_date":"2026-01-28T23:10:32","calc_backorders":null,"acf":{"publisher":{"ID":1470,"post_author":"2","post_date":"2021-02-17 01:12:47","post_date_gmt":"2021-02-16 23:12:47","post_content":"<!-- wp:flatsome\/uxbuilder -->\n<h1 style=\"text-align: center\"><strong>\u0110inh T\u1ecb<\/strong><\/h1>\n[row]\n\n[col span=\"4\" span__sm=\"12\"]\n\n[ux_image id=\"1831\" image_size=\"medium\"]\n\n\n[\/col]\n[col span=\"8\" span__sm=\"12\"]\n\n<p><strong>\u0110inh T\u1ecb Books - Ti\u00ean phong s\u00e1ng t\u1ea1o<\/strong><\/p>\n<p>Th\u00e0nh l\u1eadp n\u0103m 2006, t\u1edbi nay \u0110inh T\u1ecb Books \u0111\u01b0\u1ee3c \u0111\u00e1nh gi\u1ea3 l\u00e0 \u0111\u01a1n v\u1ecb xu\u1ea5t b\u1ea3n uy t\u00edn c\u00f3 t\u1ed1c \u0111\u1ed9 ph\u00e1t tri\u1ec3n nhanh nh\u1ea5t g\u1eafn v\u1edbi th\u00e0nh c\u00f4ng c\u1ee7a hai t\u1ee7 s\u00e1ch l\u1edbn: T\u1ee7 s\u00e1ch Thi\u1ebfu nhi - T\u1ee7 s\u00e1ch V\u0103n h\u1ecdc. Trong \u0111\u00f3 ph\u1ea3i k\u1ec3 t\u1edbi b\u01b0\u1edbc chuy\u1ec3n m\u00ecnh \u0111\u1ea7y \u1ea5n t\u01b0\u1ee3ng, tr\u1edf th\u00e0nh \u0111\u01a1n v\u1ecb ti\u00ean phong s\u00e1ng t\u1ea1o d\u00f2ng S\u00c1CH T\u01af\u01a0NG T\u00c1C thi\u1ebfu nhi. V\u1edbi h\u01a1n 300 t\u1ef1a s\u00e1ch t\u01b0\u01a1ng t\u00e1c \u0111ang l\u01b0u h\u00e0nh, \u0110inh T\u1ecb Books \u0111\u00e3 mang \u0111\u1ebfn nh\u1eefng gi\u00e1 tr\u1ecb tr\u1ea3i nghi\u1ec7m tuy\u1ec7t v\u1eddi, \u0111\u01b0a vi\u1ec7c h\u1ecdc v\u00e0 ch\u01a1i c\u00f9ng s\u00e1ch tr\u1edf n\u00ean hi\u1ec7u qu\u1ea3 h\u01a1n, gi\u00fap tr\u1ebb th\u00f4ng minh, t\u0103ng tr\u01b0\u1edfng c\u00e1c ch\u1ec9 s\u1ed1 IQ, EQ.<\/p>\n<p><strong>Th\u1ebf m\u1ea1nh c\u1ee7a \u0110inh T\u1ecb Books<\/strong><\/p>\n<p>V\u1edbi kinh nghi\u1ec7m nhi\u1ec1u n\u0103m trong ng\u00e0nh xu\u1ea5t b\u1ea3n, \u0110inh T\u1ecb Books tin r\u1eb1ng c\u00e1c b\u1eadc cha m\u1eb9 lu\u00f4n d\u00e0nh nh\u1eefng \u0111i\u1ec1u t\u1ed1t \u0111\u1eb9p nh\u1ea5t cho c\u00e1c con c\u1ee7a m\u00ecnh. \u0110\u1ecdc s\u00e1ch c\u00f9ng con lu\u00f4n l\u00e0 l\u1ef1a ch\u1ecdn h\u00e0ng \u0111\u1ea7u gi\u00fap g\u1eafn k\u1ebft t\u00ecnh y\u00eau th\u01b0\u01a1ng \u0111\u1ed3ng th\u1eddi gi\u00fap con nu\u00f4i d\u01b0\u1ee1ng ni\u1ec1m \u0111am m\u00ea v\u1edbi s\u00e1ch.<\/p>\n\n[\/col]\n\n[\/row]\n<p><strong>T\u00ecnh y\u00eau l\u1edbn d\u00e0nh cho nh\u1eefng cu\u1ed1n s\u00e1ch.<\/strong><\/p>\n<p>Xu\u1ea5t ph\u00e1t t\u1eeb t\u00ecnh y\u00eau v\u1edbi nh\u1eefng cu\u1ed1n s\u00e1ch, l\u00f2ng t\u1eadn t\u00e2m mu\u1ed1n g\u00ecn gi\u1eef nh\u1eefng gi\u00e1 tr\u1ecb v\u0103n h\u00f3a truy\u1ec1n th\u1ed1ng c\u1ee7a Vi\u1ec7t Nam, mong mu\u1ed1n \u0111\u01b0a nh\u1eefng gi\u00e1 tr\u1ecb \u0111\u1eadm ch\u1ea5t Vi\u1ec7t Nam \u0111\u1ebfn v\u1edbi tr\u1ebb em Vi\u1ec7t, c\u00e1c th\u00e0nh vi\u00ean s\u00e1ng t\u1ea1o c\u1ee7a \u0110inh T\u1ecb Books \u0111\u00e3 kh\u00f4ng ng\u1eebng n\u1ed7 l\u1ef1c, t\u00ecm t\u00f2i v\u00e0 h\u1ecdc h\u1ecfi, \u0111\u1ec3 \u0111\u01b0a nh\u1eefng cu\u1ed1n s\u00e1ch \u201c100% made in Vietnam\u201d \u0111\u1ebfn v\u1edbi tr\u1ebb em Vi\u1ec7t. C\u00e1c ki\u1ebfn th\u1ee9c b\u1ed5 \u00edch \u0111\u01b0\u1ee3c truy\u1ec1n t\u1ea3i th\u00f4ng qua nh\u1eefng t\u01b0\u01a1ng t\u00e1c th\u00fa v\u1ecb gi\u00fap tr\u1ebb nh\u1edb l\u00e2u h\u01a1n, h\u1ecdc t\u1ed1t h\u01a1n.<\/p>\n<p>Nh\u1eadn ra \u0111\u01b0\u1ee3c s\u1ee9 m\u1ec7nh v\u00e0 t\u1ea7m nh\u00ecn c\u1ee7a \u0110inh T\u1ecb, <strong>SACHVIET.EU<\/strong> \u0111\u00e3 li\u00ean l\u1ea1c v\u1edbi \u0110inh T\u1ecb \u0111\u1ec3 \u0111\u01b0\u1ee3c h\u1ed7 tr\u1ee3 \u0111\u01b0a nh\u1eefng cu\u1ed1n s\u00e1ch mang gi\u00e1 tr\u1ecb \u0111\u1eadm ch\u1ea5t Vi\u1ec7t Nam \u0111\u1ebfn v\u1edbi tr\u1ebb em Vi\u1ec7t v\u00e0 c\u1ed9ng \u0111\u1ed3ng Vi\u1ec7t s\u1ed1ng t\u1ea1i Ch\u00e2u \u00c2u. SACHVIET.EU \u0111\u1eb7t l\u00f2ng tin \u1edf \u0110inh T\u1ecb s\u1ebd lu\u00f4n \u0111em \u0111\u1ebfn nh\u1eefng gi\u00e1 tr\u1ecb cao qua t\u1eebng trang s\u00e1ch v\u00e0 hy v\u1ecdng \u0111\u1ed9c gi\u1ea3 s\u1ebd lu\u00f4n h\u00e0i l\u00f2ng v\u1edbi ch\u1ea5t l\u01b0\u1ee3ng m\u00e0 \u0110inh T\u1ecb theo \u0111u\u1ed5i bao n\u0103m qua.<\/p>\n\n<!-- \/wp:flatsome\/uxbuilder -->","post_title":"\u0110inh T\u1ecb","post_excerpt":"","post_status":"publish","comment_status":"closed","ping_status":"closed","post_password":"","post_name":"dinh-ti","to_ping":"","pinged":"","post_modified":"2022-12-19 23:15:43","post_modified_gmt":"2022-12-19 21:15:43","post_content_filtered":"","post_parent":0,"guid":"https:\/\/sachviet.eu\/nha-phat-hanh\/dinh-ti\/","menu_order":0,"post_type":"publisher","post_mime_type":"","comment_count":"0","filter":"raw"}},"_links":{"self":[{"href":"https:\/\/sachviet.eu\/en\/wp-json\/wp\/v2\/product\/2978","targetHints":{"allow":["GET"]}}],"collection":[{"href":"https:\/\/sachviet.eu\/en\/wp-json\/wp\/v2\/product"}],"about":[{"href":"https:\/\/sachviet.eu\/en\/wp-json\/wp\/v2\/types\/product"}],"wp:featuredmedia":[{"embeddable":true,"href":"https:\/\/sachviet.eu\/en\/wp-json\/wp\/v2\/media\/2967"}],"wp:attachment":[{"href":"https:\/\/sachviet.eu\/en\/wp-json\/wp\/v2\/media?parent=2978"}],"wp:term":[{"taxonomy":"product_brand","embeddable":true,"href":"https:\/\/sachviet.eu\/en\/wp-json\/wp\/v2\/product_brand?post=2978"},{"taxonomy":"product_cat","embeddable":true,"href":"https:\/\/sachviet.eu\/en\/wp-json\/wp\/v2\/product_cat?post=2978"},{"taxonomy":"product_tag","embeddable":true,"href":"https:\/\/sachviet.eu\/en\/wp-json\/wp\/v2\/product_tag?post=2978"}],"curies":[{"name":"wp","href":"https:\/\/api.w.org\/{rel}","templated":true}]}}